{"id":217446,"date":"2025-03-25T14:35:00","date_gmt":"2025-03-25T13:35:00","guid":{"rendered":"https:\/\/shop.bantam.ch\/produit\/kroatien-reisefuehrer-petit-fute\/"},"modified":"2026-04-20T23:33:54","modified_gmt":"2026-04-20T21:33:54","slug":"kroatien-reisefuehrer-petit-fute","status":"publish","type":"product","link":"https:\/\/shop.bantam.ch\/de\/produkt\/kroatien-reisefuehrer-petit-fute\/","title":{"rendered":"Kroatien Reisef\u00fchrer Petit Fut\u00e9"},"content":{"rendered":"<p>Gepr\u00e4gt von einer bewegten Geschichte, wei\u00df das Land, seine Besucher zu verw\u00f6hnen. Verzaubert von den langen gepflasterten Gassen und den prachtvollen barocken Pal\u00e4sten in warmen Ocker-, Gelb- und Rott\u00f6nen, f\u00fchlen sich Touristen hier schnell wohl. Ein Paradies f\u00fcr Naturliebhaber, das seine nat\u00fcrlichen Sch\u00e4tze in den Mittelpunkt stellt \u2013 Besucher haben die Qual der Wahl zwischen Naturparks, Nationalparks und Reservaten. Und dann sind da noch die traumhaften Buchten, in denen das kristallklare, t\u00fcrkisfarbene Wasser von der Sonne erw\u00e4rmt wird. Es gibt nichts Sch\u00f6neres, als im Schatten einer Caf\u00e9terrasse zu sitzen, ein Glas Rakija in der Hand. Wenn die Zeit stillzustehen scheint und sich an einem so sch\u00f6nen und ruhigen Ort niederl\u00e4sst, ist das pure Gl\u00fcck.<\/p>\n","protected":false},"excerpt":{"rendered":"<p>Gepr\u00e4gt von einer bewegten Geschichte, wei\u00df das Land, seine Besucher zu verw\u00f6hnen. Verzaubert von den langen gepflasterten Gassen und den prachtvollen barocken Pal\u00e4sten in warmen Ocker-, Gelb- und Rott\u00f6nen, f\u00fchlen sich Touristen hier schnell wohl. Ein Paradies f\u00fcr Naturliebhaber, das seine nat\u00fcrlichen Sch\u00e4tze in den Mittelpunkt stellt \u2013 Besucher haben die Qual der Wahl zwischen [&hellip;]<\/p>\n","protected":false},"featured_media":217444,"template":"","meta":{"_acf_changed":false},"product_featured_cat":[],"product_brand":[3741],"product_cat":[4346],"product_tag":[],"class_list":{"0":"post-217446","1":"product","2":"type-product","3":"status-publish","4":"has-post-thumbnail","6":"product_brand-bantam-de","7":"product_cat-stellplatzfuehrer","9":"first","10":"instock","11":"taxable","12":"shipping-taxable","13":"purchasable","14":"product-type-simple"},"acf":[],"yoast_head":"<!-- This site is optimized with the Yoast SEO plugin v27.4 - https:\/\/yoast.com\/product\/yoast-seo-wordpress\/ -->\n<title>Kroatien Reisef\u00fchrer Petit Fut\u00e9 - Bantam Camping AG<\/title>\n<meta name=\"robots\" content=\"index, follow, max-snippet:-1, max-image-preview:large, max-video-preview:-1\" \/>\n<link rel=\"canonical\" href=\"https:\/\/shop.bantam.ch\/de\/produkt\/kroatien-reisefuehrer-petit-fute\/\" \/>\n<meta property=\"og:locale\" content=\"de_DE\" \/>\n<meta property=\"og:type\" content=\"article\" \/>\n<meta property=\"og:title\" content=\"Kroatien Reisef\u00fchrer Petit Fut\u00e9 - Bantam Camping AG\" \/>\n<meta property=\"og:description\" content=\"Gepr\u00e4gt von einer bewegten Geschichte, wei\u00df das Land, seine Besucher zu verw\u00f6hnen. Verzaubert von den langen gepflasterten Gassen und den prachtvollen barocken Pal\u00e4sten in warmen Ocker-, Gelb- und Rott\u00f6nen, f\u00fchlen sich Touristen hier schnell wohl. Ein Paradies f\u00fcr Naturliebhaber, das seine nat\u00fcrlichen Sch\u00e4tze in den Mittelpunkt stellt \u2013 Besucher haben die Qual der Wahl zwischen [&hellip;]\" \/>\n<meta property=\"og:url\" content=\"https:\/\/shop.bantam.ch\/de\/produkt\/kroatien-reisefuehrer-petit-fute\/\" \/>\n<meta property=\"og:site_name\" content=\"Bantam Camping AG\" \/>\n<meta property=\"article:modified_time\" content=\"2026-04-20T21:33:54+00:00\" \/>\n<meta property=\"og:image\" content=\"https:\/\/shop.bantam.ch\/wp-content\/uploads\/2025\/03\/Guide-Croatie-2024-Petit-Fute.jpg\" \/>\n\t<meta property=\"og:image:width\" content=\"400\" \/>\n\t<meta property=\"og:image:height\" content=\"683\" \/>\n\t<meta property=\"og:image:type\" content=\"image\/jpeg\" \/>\n<meta name=\"twitter:card\" content=\"summary_large_image\" \/>\n<meta name=\"twitter:label1\" content=\"Gesch\u00e4tzte Lesezeit\" \/>\n\t<meta name=\"twitter:data1\" content=\"1\u00a0Minute\" \/>\n<script type=\"application\/ld+json\" class=\"yoast-schema-graph\">{\"@context\":\"https:\\\/\\\/schema.org\",\"@graph\":[{\"@type\":\"WebPage\",\"@id\":\"https:\\\/\\\/shop.bantam.ch\\\/de\\\/produkt\\\/kroatien-reisefuehrer-petit-fute\\\/\",\"url\":\"https:\\\/\\\/shop.bantam.ch\\\/de\\\/produkt\\\/kroatien-reisefuehrer-petit-fute\\\/\",\"name\":\"Kroatien Reisef\u00fchrer Petit Fut\u00e9 - Bantam Camping AG\",\"isPartOf\":{\"@id\":\"https:\\\/\\\/shop.bantam.ch\\\/de\\\/#website\"},\"primaryImageOfPage\":{\"@id\":\"https:\\\/\\\/shop.bantam.ch\\\/de\\\/produkt\\\/kroatien-reisefuehrer-petit-fute\\\/#primaryimage\"},\"image\":{\"@id\":\"https:\\\/\\\/shop.bantam.ch\\\/de\\\/produkt\\\/kroatien-reisefuehrer-petit-fute\\\/#primaryimage\"},\"thumbnailUrl\":\"https:\\\/\\\/shop.bantam.ch\\\/wp-content\\\/uploads\\\/2025\\\/03\\\/Guide-Croatie-2024-Petit-Fute.jpg\",\"datePublished\":\"2025-03-25T13:35:00+00:00\",\"dateModified\":\"2026-04-20T21:33:54+00:00\",\"breadcrumb\":{\"@id\":\"https:\\\/\\\/shop.bantam.ch\\\/de\\\/produkt\\\/kroatien-reisefuehrer-petit-fute\\\/#breadcrumb\"},\"inLanguage\":\"de\",\"potentialAction\":[{\"@type\":\"ReadAction\",\"target\":[\"https:\\\/\\\/shop.bantam.ch\\\/de\\\/produkt\\\/kroatien-reisefuehrer-petit-fute\\\/\"]}]},{\"@type\":\"ImageObject\",\"inLanguage\":\"de\",\"@id\":\"https:\\\/\\\/shop.bantam.ch\\\/de\\\/produkt\\\/kroatien-reisefuehrer-petit-fute\\\/#primaryimage\",\"url\":\"https:\\\/\\\/shop.bantam.ch\\\/wp-content\\\/uploads\\\/2025\\\/03\\\/Guide-Croatie-2024-Petit-Fute.jpg\",\"contentUrl\":\"https:\\\/\\\/shop.bantam.ch\\\/wp-content\\\/uploads\\\/2025\\\/03\\\/Guide-Croatie-2024-Petit-Fute.jpg\",\"width\":400,\"height\":683},{\"@type\":\"BreadcrumbList\",\"@id\":\"https:\\\/\\\/shop.bantam.ch\\\/de\\\/produkt\\\/kroatien-reisefuehrer-petit-fute\\\/#breadcrumb\",\"itemListElement\":[{\"@type\":\"ListItem\",\"position\":1,\"name\":\"Accueil\",\"item\":\"https:\\\/\\\/shop.bantam.ch\\\/de\\\/\"},{\"@type\":\"ListItem\",\"position\":2,\"name\":\"Shop\",\"item\":\"https:\\\/\\\/shop.bantam.ch\\\/de\\\/shop\\\/\"},{\"@type\":\"ListItem\",\"position\":3,\"name\":\"Kroatien Reisef\u00fchrer Petit Fut\u00e9\"}]},{\"@type\":\"WebSite\",\"@id\":\"https:\\\/\\\/shop.bantam.ch\\\/de\\\/#website\",\"url\":\"https:\\\/\\\/shop.bantam.ch\\\/de\\\/\",\"name\":\"Bantam Camping AG\",\"description\":\"\",\"publisher\":{\"@id\":\"https:\\\/\\\/shop.bantam.ch\\\/de\\\/#organization\"},\"inLanguage\":\"de\"},{\"@type\":\"Organization\",\"@id\":\"https:\\\/\\\/shop.bantam.ch\\\/de\\\/#organization\",\"name\":\"Bantam Camping AG\",\"url\":\"https:\\\/\\\/shop.bantam.ch\\\/de\\\/\",\"logo\":{\"@type\":\"ImageObject\",\"inLanguage\":\"de\",\"@id\":\"https:\\\/\\\/shop.bantam.ch\\\/de\\\/#\\\/schema\\\/logo\\\/image\\\/\",\"url\":\"https:\\\/\\\/shop.bantam.ch\\\/wp-content\\\/uploads\\\/2022\\\/12\\\/bantam-logo.png\",\"contentUrl\":\"https:\\\/\\\/shop.bantam.ch\\\/wp-content\\\/uploads\\\/2022\\\/12\\\/bantam-logo.png\",\"width\":320,\"height\":71,\"caption\":\"Bantam Camping AG\"},\"image\":{\"@id\":\"https:\\\/\\\/shop.bantam.ch\\\/de\\\/#\\\/schema\\\/logo\\\/image\\\/\"}}]}<\/script>\n<!-- \/ Yoast SEO plugin. -->","yoast_head_json":{"title":"Kroatien Reisef\u00fchrer Petit Fut\u00e9 - Bantam Camping AG","robots":{"index":"index","follow":"follow","max-snippet":"max-snippet:-1","max-image-preview":"max-image-preview:large","max-video-preview":"max-video-preview:-1"},"canonical":"https:\/\/shop.bantam.ch\/de\/produkt\/kroatien-reisefuehrer-petit-fute\/","og_locale":"de_DE","og_type":"article","og_title":"Kroatien Reisef\u00fchrer Petit Fut\u00e9 - Bantam Camping AG","og_description":"Gepr\u00e4gt von einer bewegten Geschichte, wei\u00df das Land, seine Besucher zu verw\u00f6hnen. Verzaubert von den langen gepflasterten Gassen und den prachtvollen barocken Pal\u00e4sten in warmen Ocker-, Gelb- und Rott\u00f6nen, f\u00fchlen sich Touristen hier schnell wohl. Ein Paradies f\u00fcr Naturliebhaber, das seine nat\u00fcrlichen Sch\u00e4tze in den Mittelpunkt stellt \u2013 Besucher haben die Qual der Wahl zwischen [&hellip;]","og_url":"https:\/\/shop.bantam.ch\/de\/produkt\/kroatien-reisefuehrer-petit-fute\/","og_site_name":"Bantam Camping AG","article_modified_time":"2026-04-20T21:33:54+00:00","og_image":[{"width":400,"height":683,"url":"https:\/\/shop.bantam.ch\/wp-content\/uploads\/2025\/03\/Guide-Croatie-2024-Petit-Fute.jpg","type":"image\/jpeg"}],"twitter_card":"summary_large_image","twitter_misc":{"Gesch\u00e4tzte Lesezeit":"1\u00a0Minute"},"schema":{"@context":"https:\/\/schema.org","@graph":[{"@type":"WebPage","@id":"https:\/\/shop.bantam.ch\/de\/produkt\/kroatien-reisefuehrer-petit-fute\/","url":"https:\/\/shop.bantam.ch\/de\/produkt\/kroatien-reisefuehrer-petit-fute\/","name":"Kroatien Reisef\u00fchrer Petit Fut\u00e9 - Bantam Camping AG","isPartOf":{"@id":"https:\/\/shop.bantam.ch\/de\/#website"},"primaryImageOfPage":{"@id":"https:\/\/shop.bantam.ch\/de\/produkt\/kroatien-reisefuehrer-petit-fute\/#primaryimage"},"image":{"@id":"https:\/\/shop.bantam.ch\/de\/produkt\/kroatien-reisefuehrer-petit-fute\/#primaryimage"},"thumbnailUrl":"https:\/\/shop.bantam.ch\/wp-content\/uploads\/2025\/03\/Guide-Croatie-2024-Petit-Fute.jpg","datePublished":"2025-03-25T13:35:00+00:00","dateModified":"2026-04-20T21:33:54+00:00","breadcrumb":{"@id":"https:\/\/shop.bantam.ch\/de\/produkt\/kroatien-reisefuehrer-petit-fute\/#breadcrumb"},"inLanguage":"de","potentialAction":[{"@type":"ReadAction","target":["https:\/\/shop.bantam.ch\/de\/produkt\/kroatien-reisefuehrer-petit-fute\/"]}]},{"@type":"ImageObject","inLanguage":"de","@id":"https:\/\/shop.bantam.ch\/de\/produkt\/kroatien-reisefuehrer-petit-fute\/#primaryimage","url":"https:\/\/shop.bantam.ch\/wp-content\/uploads\/2025\/03\/Guide-Croatie-2024-Petit-Fute.jpg","contentUrl":"https:\/\/shop.bantam.ch\/wp-content\/uploads\/2025\/03\/Guide-Croatie-2024-Petit-Fute.jpg","width":400,"height":683},{"@type":"BreadcrumbList","@id":"https:\/\/shop.bantam.ch\/de\/produkt\/kroatien-reisefuehrer-petit-fute\/#breadcrumb","itemListElement":[{"@type":"ListItem","position":1,"name":"Accueil","item":"https:\/\/shop.bantam.ch\/de\/"},{"@type":"ListItem","position":2,"name":"Shop","item":"https:\/\/shop.bantam.ch\/de\/shop\/"},{"@type":"ListItem","position":3,"name":"Kroatien Reisef\u00fchrer Petit Fut\u00e9"}]},{"@type":"WebSite","@id":"https:\/\/shop.bantam.ch\/de\/#website","url":"https:\/\/shop.bantam.ch\/de\/","name":"Bantam Camping AG","description":"","publisher":{"@id":"https:\/\/shop.bantam.ch\/de\/#organization"},"inLanguage":"de"},{"@type":"Organization","@id":"https:\/\/shop.bantam.ch\/de\/#organization","name":"Bantam Camping AG","url":"https:\/\/shop.bantam.ch\/de\/","logo":{"@type":"ImageObject","inLanguage":"de","@id":"https:\/\/shop.bantam.ch\/de\/#\/schema\/logo\/image\/","url":"https:\/\/shop.bantam.ch\/wp-content\/uploads\/2022\/12\/bantam-logo.png","contentUrl":"https:\/\/shop.bantam.ch\/wp-content\/uploads\/2022\/12\/bantam-logo.png","width":320,"height":71,"caption":"Bantam Camping AG"},"image":{"@id":"https:\/\/shop.bantam.ch\/de\/#\/schema\/logo\/image\/"}}]}},"_links":{"self":[{"href":"https:\/\/shop.bantam.ch\/de\/wp-json\/wp\/v2\/product\/217446","targetHints":{"allow":["GET"]}}],"collection":[{"href":"https:\/\/shop.bantam.ch\/de\/wp-json\/wp\/v2\/product"}],"about":[{"href":"https:\/\/shop.bantam.ch\/de\/wp-json\/wp\/v2\/types\/product"}],"wp:featuredmedia":[{"embeddable":true,"href":"https:\/\/shop.bantam.ch\/de\/wp-json\/wp\/v2\/media\/217444"}],"wp:attachment":[{"href":"https:\/\/shop.bantam.ch\/de\/wp-json\/wp\/v2\/media?parent=217446"}],"wp:term":[{"taxonomy":"product_featured_cat","embeddable":true,"href":"https:\/\/shop.bantam.ch\/de\/wp-json\/wp\/v2\/product_featured_cat?post=217446"},{"taxonomy":"product_brand","embeddable":true,"href":"https:\/\/shop.bantam.ch\/de\/wp-json\/wp\/v2\/product_brand?post=217446"},{"taxonomy":"product_cat","embeddable":true,"href":"https:\/\/shop.bantam.ch\/de\/wp-json\/wp\/v2\/product_cat?post=217446"},{"taxonomy":"product_tag","embeddable":true,"href":"https:\/\/shop.bantam.ch\/de\/wp-json\/wp\/v2\/product_tag?post=217446"}],"curies":[{"name":"wp","href":"https:\/\/api.w.org\/{rel}","templated":true}]}}