{"id":216961,"date":"2025-03-14T17:09:35","date_gmt":"2025-03-14T16:09:35","guid":{"rendered":"https:\/\/shop.bantam.ch\/produit\/umruestkit-thetfordtoilette\/"},"modified":"2026-04-19T23:39:12","modified_gmt":"2026-04-19T21:39:12","slug":"umruestkit-thetfordtoilette","status":"publish","type":"product","link":"https:\/\/shop.bantam.ch\/de\/produkt\/umruestkit-thetfordtoilette\/","title":{"rendered":"Umr\u00fcstkit Thetfordtoilette"},"content":{"rendered":"<p>Mit den Umr\u00fcstkits SK C220 und SK C260 l\u00e4sst sich die Cassettentoilette auf einfache Weise in eine Trenntoilette umwandeln. Es gibt eine spezielle Gruppe von Endverbrauchern, die Wasser- und Zusatzstofffreie sanit\u00e4re L\u00f6sungen suchen. Und das, obwohl die derzeitigen Standard-Cassettentoiletten nur sehr wenig Wasser (5 % des Verbrauchs wie zu Hause) und verglichen mit den Reinigungsmitteln und Toilettensteinen zu Hause nur minimale Zusatzstoffe verbrauchen. Nat\u00fcrlich verfolgt &nbsp;Thetford alle sanit\u00e4ren Trends im Allgemeinen und die Trenntoilettensysteme im Besonderen. Dar\u00fcber hinaus testet Thetford alle auf dem Markt angebotenen Systeme im Labor. Als Marktf\u00fchrer im Sanit\u00e4rbereich glaubt Thetford, dass es an der Zeit ist, das Konzept der Trenntoiletten weiterzuentwickeln.<br \/>\n85 % der Freizeitfahrzeugbenutzer nutzen ihre Toilette aktiv und sagen, das Toilettensystem habe einen gro\u00dfen Einfluss auf ihre Fahrzeugwahl. Die Hygiene steht an erster Stelle, gefolgt vom Komfort. Auch die Nachhaltigkeit wird als wichtig angesehen, allerdings erst nach Hygiene und Komfort. Dies zeigt, dass die Nachhaltigkeit zwar wichtig ist, aber Hygiene und Komfort Priorit\u00e4t haben m\u00fcssen. Dar\u00fcber hinaus zeigen Untersuchungen, dass es eine Bereitschaft f\u00fcr \u00c4nderungen an den Sanit\u00e4rsystemen gibt. Die Gr\u00fcnde, warum eine bestimmte Zielgruppe den Umstieg auf Trenntoiletten in Erw\u00e4gung zieht, liegen in der Wahrnehmung der Umweltfreundlichkeit und der Flexibilit\u00e4t der Entsorgung. Insgesamt und insbesondere in Bezug auf Hygiene und Komfort sind die Nutzer von Trenntoiletten jedoch weniger zufrieden als die Nutzer von Cassettentoiletten. Also, es gibt ein gewisses Interesse, aber das Konzept muss verbessert werden. Und genau hier kommt Thetford ins Spiel. Thetford hat intensiv daran gearbeitet, die Hygiene zu verbessern, und zwar w\u00e4hrend der Benutzung und w\u00e4hrend des Entleerungsvorgangs. In der Toilette gibt es keinen Sichtkontakt mit den F\u00e4kalien, und schlechte Ger\u00fcche werden durch eine optional erh\u00e4ltliche, aktive Entl\u00fcftung und einen Filter aus dem Bad entfernt. Die SK- und die S-Serie bieten einzigartige Funktionen wie eine F\u00fcllstandsanzeige f\u00fcr den Urinbeh\u00e4lter, eine ergonomisch gr\u00f6\u00dfere Sch\u00fcssel und eine integrierte manuelle Klappe, um die F\u00e4kalien abzudecken und zu verhindern, dass diese sich mit Fl\u00fcssigkeit vermischen. Bei allen Installationen k\u00f6nnen die Toiletten nach Belieben in einem Winkel von 180 Grad aufgestellt werden. Dar\u00fcber hinaus wird das Entleeren der Fl\u00fcssigkeiten durch einen praktischen 9-Liter-Fl\u00fcssigkeitstank vereinfacht. Die SK-Serie hebt sich noch in weiteren Punkten von der Konkurrenz ab. Es wird die komplette Toilettensch\u00fcssel ausgetauscht, sodass der Umbau problemlos m\u00f6glich ist. Die technischen Einzelheiten wird Thetford zu einem sp\u00e4teren Zeitpunkt bekannt geben. Sowohl die SK-Serie als auch die S-Serie sind ab August 2025 auf dem Markt erh\u00e4ltlich.<\/p>\n","protected":false},"excerpt":{"rendered":"<p>Mit den Umr\u00fcstkits SK C220 und SK C260 l\u00e4sst sich die Cassettentoilette auf einfache Weise in eine Trenntoilette umwandeln. Es gibt eine spezielle Gruppe von Endverbrauchern, die Wasser- und Zusatzstofffreie sanit\u00e4re L\u00f6sungen suchen. Und das, obwohl die derzeitigen Standard-Cassettentoiletten nur sehr wenig Wasser (5 % des Verbrauchs wie zu Hause) und verglichen mit den Reinigungsmitteln [&hellip;]<\/p>\n","protected":false},"featured_media":216959,"template":"","meta":{"_acf_changed":false},"product_featured_cat":[],"product_brand":[],"product_cat":[4598],"product_tag":[],"class_list":{"0":"post-216961","1":"product","2":"type-product","3":"status-publish","4":"has-post-thumbnail","6":"product_cat-trenntoiletten","8":"first","9":"instock","10":"taxable","11":"shipping-taxable","12":"purchasable","13":"product-type-simple"},"acf":[],"yoast_head":"<!-- This site is optimized with the Yoast SEO plugin v27.4 - https:\/\/yoast.com\/product\/yoast-seo-wordpress\/ -->\n<title>Umr\u00fcstkit Thetfordtoilette - Bantam Camping AG<\/title>\n<meta name=\"robots\" content=\"index, follow, max-snippet:-1, max-image-preview:large, max-video-preview:-1\" \/>\n<link rel=\"canonical\" href=\"https:\/\/shop.bantam.ch\/de\/produkt\/umruestkit-thetfordtoilette\/\" \/>\n<meta property=\"og:locale\" content=\"de_DE\" \/>\n<meta property=\"og:type\" content=\"article\" \/>\n<meta property=\"og:title\" content=\"Umr\u00fcstkit Thetfordtoilette - Bantam Camping AG\" \/>\n<meta property=\"og:description\" content=\"Mit den Umr\u00fcstkits SK C220 und SK C260 l\u00e4sst sich die Cassettentoilette auf einfache Weise in eine Trenntoilette umwandeln. Es gibt eine spezielle Gruppe von Endverbrauchern, die Wasser- und Zusatzstofffreie sanit\u00e4re L\u00f6sungen suchen. Und das, obwohl die derzeitigen Standard-Cassettentoiletten nur sehr wenig Wasser (5 % des Verbrauchs wie zu Hause) und verglichen mit den Reinigungsmitteln [&hellip;]\" \/>\n<meta property=\"og:url\" content=\"https:\/\/shop.bantam.ch\/de\/produkt\/umruestkit-thetfordtoilette\/\" \/>\n<meta property=\"og:site_name\" content=\"Bantam Camping AG\" \/>\n<meta property=\"article:modified_time\" content=\"2026-04-19T21:39:12+00:00\" \/>\n<meta name=\"twitter:card\" content=\"summary_large_image\" \/>\n<meta name=\"twitter:label1\" content=\"Gesch\u00e4tzte Lesezeit\" \/>\n\t<meta name=\"twitter:data1\" content=\"2\u00a0Minuten\" \/>\n<script type=\"application\/ld+json\" class=\"yoast-schema-graph\">{\"@context\":\"https:\\\/\\\/schema.org\",\"@graph\":[{\"@type\":\"WebPage\",\"@id\":\"https:\\\/\\\/shop.bantam.ch\\\/de\\\/produkt\\\/umruestkit-thetfordtoilette\\\/\",\"url\":\"https:\\\/\\\/shop.bantam.ch\\\/de\\\/produkt\\\/umruestkit-thetfordtoilette\\\/\",\"name\":\"Umr\u00fcstkit Thetfordtoilette - Bantam Camping AG\",\"isPartOf\":{\"@id\":\"https:\\\/\\\/shop.bantam.ch\\\/de\\\/#website\"},\"primaryImageOfPage\":{\"@id\":\"https:\\\/\\\/shop.bantam.ch\\\/de\\\/produkt\\\/umruestkit-thetfordtoilette\\\/#primaryimage\"},\"image\":{\"@id\":\"https:\\\/\\\/shop.bantam.ch\\\/de\\\/produkt\\\/umruestkit-thetfordtoilette\\\/#primaryimage\"},\"thumbnailUrl\":\"https:\\\/\\\/shop.bantam.ch\\\/wp-content\\\/uploads\\\/2025\\\/03\\\/Movera-L-9975748100.png\",\"datePublished\":\"2025-03-14T16:09:35+00:00\",\"dateModified\":\"2026-04-19T21:39:12+00:00\",\"breadcrumb\":{\"@id\":\"https:\\\/\\\/shop.bantam.ch\\\/de\\\/produkt\\\/umruestkit-thetfordtoilette\\\/#breadcrumb\"},\"inLanguage\":\"de\",\"potentialAction\":[{\"@type\":\"ReadAction\",\"target\":[\"https:\\\/\\\/shop.bantam.ch\\\/de\\\/produkt\\\/umruestkit-thetfordtoilette\\\/\"]}]},{\"@type\":\"ImageObject\",\"inLanguage\":\"de\",\"@id\":\"https:\\\/\\\/shop.bantam.ch\\\/de\\\/produkt\\\/umruestkit-thetfordtoilette\\\/#primaryimage\",\"url\":\"https:\\\/\\\/shop.bantam.ch\\\/wp-content\\\/uploads\\\/2025\\\/03\\\/Movera-L-9975748100.png\",\"contentUrl\":\"https:\\\/\\\/shop.bantam.ch\\\/wp-content\\\/uploads\\\/2025\\\/03\\\/Movera-L-9975748100.png\",\"width\":640,\"height\":459},{\"@type\":\"BreadcrumbList\",\"@id\":\"https:\\\/\\\/shop.bantam.ch\\\/de\\\/produkt\\\/umruestkit-thetfordtoilette\\\/#breadcrumb\",\"itemListElement\":[{\"@type\":\"ListItem\",\"position\":1,\"name\":\"Accueil\",\"item\":\"https:\\\/\\\/shop.bantam.ch\\\/de\\\/\"},{\"@type\":\"ListItem\",\"position\":2,\"name\":\"Shop\",\"item\":\"https:\\\/\\\/shop.bantam.ch\\\/de\\\/shop\\\/\"},{\"@type\":\"ListItem\",\"position\":3,\"name\":\"Umr\u00fcstkit Thetfordtoilette\"}]},{\"@type\":\"WebSite\",\"@id\":\"https:\\\/\\\/shop.bantam.ch\\\/de\\\/#website\",\"url\":\"https:\\\/\\\/shop.bantam.ch\\\/de\\\/\",\"name\":\"Bantam Camping AG\",\"description\":\"\",\"publisher\":{\"@id\":\"https:\\\/\\\/shop.bantam.ch\\\/de\\\/#organization\"},\"inLanguage\":\"de\"},{\"@type\":\"Organization\",\"@id\":\"https:\\\/\\\/shop.bantam.ch\\\/de\\\/#organization\",\"name\":\"Bantam Camping AG\",\"url\":\"https:\\\/\\\/shop.bantam.ch\\\/de\\\/\",\"logo\":{\"@type\":\"ImageObject\",\"inLanguage\":\"de\",\"@id\":\"https:\\\/\\\/shop.bantam.ch\\\/de\\\/#\\\/schema\\\/logo\\\/image\\\/\",\"url\":\"https:\\\/\\\/shop.bantam.ch\\\/wp-content\\\/uploads\\\/2022\\\/12\\\/bantam-logo.png\",\"contentUrl\":\"https:\\\/\\\/shop.bantam.ch\\\/wp-content\\\/uploads\\\/2022\\\/12\\\/bantam-logo.png\",\"width\":320,\"height\":71,\"caption\":\"Bantam Camping AG\"},\"image\":{\"@id\":\"https:\\\/\\\/shop.bantam.ch\\\/de\\\/#\\\/schema\\\/logo\\\/image\\\/\"}}]}<\/script>\n<!-- \/ Yoast SEO plugin. -->","yoast_head_json":{"title":"Umr\u00fcstkit Thetfordtoilette - Bantam Camping AG","robots":{"index":"index","follow":"follow","max-snippet":"max-snippet:-1","max-image-preview":"max-image-preview:large","max-video-preview":"max-video-preview:-1"},"canonical":"https:\/\/shop.bantam.ch\/de\/produkt\/umruestkit-thetfordtoilette\/","og_locale":"de_DE","og_type":"article","og_title":"Umr\u00fcstkit Thetfordtoilette - Bantam Camping AG","og_description":"Mit den Umr\u00fcstkits SK C220 und SK C260 l\u00e4sst sich die Cassettentoilette auf einfache Weise in eine Trenntoilette umwandeln. Es gibt eine spezielle Gruppe von Endverbrauchern, die Wasser- und Zusatzstofffreie sanit\u00e4re L\u00f6sungen suchen. Und das, obwohl die derzeitigen Standard-Cassettentoiletten nur sehr wenig Wasser (5 % des Verbrauchs wie zu Hause) und verglichen mit den Reinigungsmitteln [&hellip;]","og_url":"https:\/\/shop.bantam.ch\/de\/produkt\/umruestkit-thetfordtoilette\/","og_site_name":"Bantam Camping AG","article_modified_time":"2026-04-19T21:39:12+00:00","twitter_card":"summary_large_image","twitter_misc":{"Gesch\u00e4tzte Lesezeit":"2\u00a0Minuten"},"schema":{"@context":"https:\/\/schema.org","@graph":[{"@type":"WebPage","@id":"https:\/\/shop.bantam.ch\/de\/produkt\/umruestkit-thetfordtoilette\/","url":"https:\/\/shop.bantam.ch\/de\/produkt\/umruestkit-thetfordtoilette\/","name":"Umr\u00fcstkit Thetfordtoilette - Bantam Camping AG","isPartOf":{"@id":"https:\/\/shop.bantam.ch\/de\/#website"},"primaryImageOfPage":{"@id":"https:\/\/shop.bantam.ch\/de\/produkt\/umruestkit-thetfordtoilette\/#primaryimage"},"image":{"@id":"https:\/\/shop.bantam.ch\/de\/produkt\/umruestkit-thetfordtoilette\/#primaryimage"},"thumbnailUrl":"https:\/\/shop.bantam.ch\/wp-content\/uploads\/2025\/03\/Movera-L-9975748100.png","datePublished":"2025-03-14T16:09:35+00:00","dateModified":"2026-04-19T21:39:12+00:00","breadcrumb":{"@id":"https:\/\/shop.bantam.ch\/de\/produkt\/umruestkit-thetfordtoilette\/#breadcrumb"},"inLanguage":"de","potentialAction":[{"@type":"ReadAction","target":["https:\/\/shop.bantam.ch\/de\/produkt\/umruestkit-thetfordtoilette\/"]}]},{"@type":"ImageObject","inLanguage":"de","@id":"https:\/\/shop.bantam.ch\/de\/produkt\/umruestkit-thetfordtoilette\/#primaryimage","url":"https:\/\/shop.bantam.ch\/wp-content\/uploads\/2025\/03\/Movera-L-9975748100.png","contentUrl":"https:\/\/shop.bantam.ch\/wp-content\/uploads\/2025\/03\/Movera-L-9975748100.png","width":640,"height":459},{"@type":"BreadcrumbList","@id":"https:\/\/shop.bantam.ch\/de\/produkt\/umruestkit-thetfordtoilette\/#breadcrumb","itemListElement":[{"@type":"ListItem","position":1,"name":"Accueil","item":"https:\/\/shop.bantam.ch\/de\/"},{"@type":"ListItem","position":2,"name":"Shop","item":"https:\/\/shop.bantam.ch\/de\/shop\/"},{"@type":"ListItem","position":3,"name":"Umr\u00fcstkit Thetfordtoilette"}]},{"@type":"WebSite","@id":"https:\/\/shop.bantam.ch\/de\/#website","url":"https:\/\/shop.bantam.ch\/de\/","name":"Bantam Camping AG","description":"","publisher":{"@id":"https:\/\/shop.bantam.ch\/de\/#organization"},"inLanguage":"de"},{"@type":"Organization","@id":"https:\/\/shop.bantam.ch\/de\/#organization","name":"Bantam Camping AG","url":"https:\/\/shop.bantam.ch\/de\/","logo":{"@type":"ImageObject","inLanguage":"de","@id":"https:\/\/shop.bantam.ch\/de\/#\/schema\/logo\/image\/","url":"https:\/\/shop.bantam.ch\/wp-content\/uploads\/2022\/12\/bantam-logo.png","contentUrl":"https:\/\/shop.bantam.ch\/wp-content\/uploads\/2022\/12\/bantam-logo.png","width":320,"height":71,"caption":"Bantam Camping AG"},"image":{"@id":"https:\/\/shop.bantam.ch\/de\/#\/schema\/logo\/image\/"}}]}},"_links":{"self":[{"href":"https:\/\/shop.bantam.ch\/de\/wp-json\/wp\/v2\/product\/216961","targetHints":{"allow":["GET"]}}],"collection":[{"href":"https:\/\/shop.bantam.ch\/de\/wp-json\/wp\/v2\/product"}],"about":[{"href":"https:\/\/shop.bantam.ch\/de\/wp-json\/wp\/v2\/types\/product"}],"wp:featuredmedia":[{"embeddable":true,"href":"https:\/\/shop.bantam.ch\/de\/wp-json\/wp\/v2\/media\/216959"}],"wp:attachment":[{"href":"https:\/\/shop.bantam.ch\/de\/wp-json\/wp\/v2\/media?parent=216961"}],"wp:term":[{"taxonomy":"product_featured_cat","embeddable":true,"href":"https:\/\/shop.bantam.ch\/de\/wp-json\/wp\/v2\/product_featured_cat?post=216961"},{"taxonomy":"product_brand","embeddable":true,"href":"https:\/\/shop.bantam.ch\/de\/wp-json\/wp\/v2\/product_brand?post=216961"},{"taxonomy":"product_cat","embeddable":true,"href":"https:\/\/shop.bantam.ch\/de\/wp-json\/wp\/v2\/product_cat?post=216961"},{"taxonomy":"product_tag","embeddable":true,"href":"https:\/\/shop.bantam.ch\/de\/wp-json\/wp\/v2\/product_tag?post=216961"}],"curies":[{"name":"wp","href":"https:\/\/api.w.org\/{rel}","templated":true}]}}