{"id":216917,"date":"2025-03-14T17:08:37","date_gmt":"2025-03-14T16:08:37","guid":{"rendered":"https:\/\/shop.bantam.ch\/produit\/kunststoffpflege\/"},"modified":"2026-04-18T23:35:45","modified_gmt":"2026-04-18T21:35:45","slug":"kunststoffpflege","status":"publish","type":"product","link":"https:\/\/shop.bantam.ch\/de\/produkt\/kunststoffpflege\/","title":{"rendered":"Kunststoffpflege"},"content":{"rendered":"<p>Kunststoff richtig pflegen und auffrischen<br \/>\nTransparentes Gel zur Anwendung im Au\u00dfenbereich s\u00e4mtlicher Campingfahrzeuge.<br \/>\nPflegt und versch\u00f6nert unlackierte Kunststoffteile und sorgt in<br \/>\neinem Arbeitsgang f\u00fcr umfassende Kunststoffaufbereitung, dauerhaften<br \/>\nSchutz und langanhaltende Konservierung mit sattem Glanz. Sch\u00fctzt die<br \/>\nbehandelten Oberfl\u00e4chen optimal vor aggressiven Umwelteinfl\u00fcssen,<br \/>\nUV-Strahlung und zu schneller Wiederverschmutzung. Silikonhaltig.<\/p>\n<ul>\n<li>einfache Handhabung<\/li>\n<li>sch\u00fctzt gegen Umwelteinfl\u00fcsse<\/li>\n<li>wirkt schmutz- und wasserabweisend<\/li>\n<li>Schutz und Pflege aller unlackierten Kunststoffe<\/li>\n<\/ul>\n","protected":false},"excerpt":{"rendered":"<p>Kunststoff richtig pflegen und auffrischen Transparentes Gel zur Anwendung im Au\u00dfenbereich s\u00e4mtlicher Campingfahrzeuge. Pflegt und versch\u00f6nert unlackierte Kunststoffteile und sorgt in einem Arbeitsgang f\u00fcr umfassende Kunststoffaufbereitung, dauerhaften Schutz und langanhaltende Konservierung mit sattem Glanz. Sch\u00fctzt die behandelten Oberfl\u00e4chen optimal vor aggressiven Umwelteinfl\u00fcssen, UV-Strahlung und zu schneller Wiederverschmutzung. Silikonhaltig. einfache Handhabung sch\u00fctzt gegen Umwelteinfl\u00fcsse wirkt schmutz- [&hellip;]<\/p>\n","protected":false},"featured_media":216915,"template":"","meta":{"_acf_changed":false},"product_featured_cat":[],"product_brand":[],"product_cat":[5090],"product_tag":[],"class_list":{"0":"post-216917","1":"product","2":"type-product","3":"status-publish","4":"has-post-thumbnail","6":"product_cat-politur","8":"first","9":"instock","10":"taxable","11":"shipping-taxable","12":"purchasable","13":"product-type-simple"},"acf":[],"yoast_head":"<!-- This site is optimized with the Yoast SEO plugin v27.4 - https:\/\/yoast.com\/product\/yoast-seo-wordpress\/ -->\n<title>Kunststoffpflege - Bantam Camping AG<\/title>\n<meta name=\"robots\" content=\"index, follow, max-snippet:-1, max-image-preview:large, max-video-preview:-1\" \/>\n<link rel=\"canonical\" href=\"https:\/\/shop.bantam.ch\/de\/produkt\/kunststoffpflege\/\" \/>\n<meta property=\"og:locale\" content=\"de_DE\" \/>\n<meta property=\"og:type\" content=\"article\" \/>\n<meta property=\"og:title\" content=\"Kunststoffpflege - Bantam Camping AG\" \/>\n<meta property=\"og:description\" content=\"Kunststoff richtig pflegen und auffrischen Transparentes Gel zur Anwendung im Au\u00dfenbereich s\u00e4mtlicher Campingfahrzeuge. Pflegt und versch\u00f6nert unlackierte Kunststoffteile und sorgt in einem Arbeitsgang f\u00fcr umfassende Kunststoffaufbereitung, dauerhaften Schutz und langanhaltende Konservierung mit sattem Glanz. Sch\u00fctzt die behandelten Oberfl\u00e4chen optimal vor aggressiven Umwelteinfl\u00fcssen, UV-Strahlung und zu schneller Wiederverschmutzung. Silikonhaltig. einfache Handhabung sch\u00fctzt gegen Umwelteinfl\u00fcsse wirkt schmutz- [&hellip;]\" \/>\n<meta property=\"og:url\" content=\"https:\/\/shop.bantam.ch\/de\/produkt\/kunststoffpflege\/\" \/>\n<meta property=\"og:site_name\" content=\"Bantam Camping AG\" \/>\n<meta property=\"article:modified_time\" content=\"2026-04-18T21:35:45+00:00\" \/>\n<meta name=\"twitter:card\" content=\"summary_large_image\" \/>\n<script type=\"application\/ld+json\" class=\"yoast-schema-graph\">{\"@context\":\"https:\\\/\\\/schema.org\",\"@graph\":[{\"@type\":\"WebPage\",\"@id\":\"https:\\\/\\\/shop.bantam.ch\\\/de\\\/produkt\\\/kunststoffpflege\\\/\",\"url\":\"https:\\\/\\\/shop.bantam.ch\\\/de\\\/produkt\\\/kunststoffpflege\\\/\",\"name\":\"Kunststoffpflege - Bantam Camping AG\",\"isPartOf\":{\"@id\":\"https:\\\/\\\/shop.bantam.ch\\\/de\\\/#website\"},\"primaryImageOfPage\":{\"@id\":\"https:\\\/\\\/shop.bantam.ch\\\/de\\\/produkt\\\/kunststoffpflege\\\/#primaryimage\"},\"image\":{\"@id\":\"https:\\\/\\\/shop.bantam.ch\\\/de\\\/produkt\\\/kunststoffpflege\\\/#primaryimage\"},\"thumbnailUrl\":\"https:\\\/\\\/shop.bantam.ch\\\/wp-content\\\/uploads\\\/2025\\\/03\\\/Movera-L-9975849100.png\",\"datePublished\":\"2025-03-14T16:08:37+00:00\",\"dateModified\":\"2026-04-18T21:35:45+00:00\",\"breadcrumb\":{\"@id\":\"https:\\\/\\\/shop.bantam.ch\\\/de\\\/produkt\\\/kunststoffpflege\\\/#breadcrumb\"},\"inLanguage\":\"de\",\"potentialAction\":[{\"@type\":\"ReadAction\",\"target\":[\"https:\\\/\\\/shop.bantam.ch\\\/de\\\/produkt\\\/kunststoffpflege\\\/\"]}]},{\"@type\":\"ImageObject\",\"inLanguage\":\"de\",\"@id\":\"https:\\\/\\\/shop.bantam.ch\\\/de\\\/produkt\\\/kunststoffpflege\\\/#primaryimage\",\"url\":\"https:\\\/\\\/shop.bantam.ch\\\/wp-content\\\/uploads\\\/2025\\\/03\\\/Movera-L-9975849100.png\",\"contentUrl\":\"https:\\\/\\\/shop.bantam.ch\\\/wp-content\\\/uploads\\\/2025\\\/03\\\/Movera-L-9975849100.png\",\"width\":640,\"height\":1567},{\"@type\":\"BreadcrumbList\",\"@id\":\"https:\\\/\\\/shop.bantam.ch\\\/de\\\/produkt\\\/kunststoffpflege\\\/#breadcrumb\",\"itemListElement\":[{\"@type\":\"ListItem\",\"position\":1,\"name\":\"Accueil\",\"item\":\"https:\\\/\\\/shop.bantam.ch\\\/de\\\/\"},{\"@type\":\"ListItem\",\"position\":2,\"name\":\"Shop\",\"item\":\"https:\\\/\\\/shop.bantam.ch\\\/de\\\/shop\\\/\"},{\"@type\":\"ListItem\",\"position\":3,\"name\":\"Kunststoffpflege\"}]},{\"@type\":\"WebSite\",\"@id\":\"https:\\\/\\\/shop.bantam.ch\\\/de\\\/#website\",\"url\":\"https:\\\/\\\/shop.bantam.ch\\\/de\\\/\",\"name\":\"Bantam Camping AG\",\"description\":\"\",\"publisher\":{\"@id\":\"https:\\\/\\\/shop.bantam.ch\\\/de\\\/#organization\"},\"inLanguage\":\"de\"},{\"@type\":\"Organization\",\"@id\":\"https:\\\/\\\/shop.bantam.ch\\\/de\\\/#organization\",\"name\":\"Bantam Camping AG\",\"url\":\"https:\\\/\\\/shop.bantam.ch\\\/de\\\/\",\"logo\":{\"@type\":\"ImageObject\",\"inLanguage\":\"de\",\"@id\":\"https:\\\/\\\/shop.bantam.ch\\\/de\\\/#\\\/schema\\\/logo\\\/image\\\/\",\"url\":\"https:\\\/\\\/shop.bantam.ch\\\/wp-content\\\/uploads\\\/2022\\\/12\\\/bantam-logo.png\",\"contentUrl\":\"https:\\\/\\\/shop.bantam.ch\\\/wp-content\\\/uploads\\\/2022\\\/12\\\/bantam-logo.png\",\"width\":320,\"height\":71,\"caption\":\"Bantam Camping AG\"},\"image\":{\"@id\":\"https:\\\/\\\/shop.bantam.ch\\\/de\\\/#\\\/schema\\\/logo\\\/image\\\/\"}}]}<\/script>\n<!-- \/ Yoast SEO plugin. -->","yoast_head_json":{"title":"Kunststoffpflege - Bantam Camping AG","robots":{"index":"index","follow":"follow","max-snippet":"max-snippet:-1","max-image-preview":"max-image-preview:large","max-video-preview":"max-video-preview:-1"},"canonical":"https:\/\/shop.bantam.ch\/de\/produkt\/kunststoffpflege\/","og_locale":"de_DE","og_type":"article","og_title":"Kunststoffpflege - Bantam Camping AG","og_description":"Kunststoff richtig pflegen und auffrischen Transparentes Gel zur Anwendung im Au\u00dfenbereich s\u00e4mtlicher Campingfahrzeuge. Pflegt und versch\u00f6nert unlackierte Kunststoffteile und sorgt in einem Arbeitsgang f\u00fcr umfassende Kunststoffaufbereitung, dauerhaften Schutz und langanhaltende Konservierung mit sattem Glanz. Sch\u00fctzt die behandelten Oberfl\u00e4chen optimal vor aggressiven Umwelteinfl\u00fcssen, UV-Strahlung und zu schneller Wiederverschmutzung. Silikonhaltig. einfache Handhabung sch\u00fctzt gegen Umwelteinfl\u00fcsse wirkt schmutz- [&hellip;]","og_url":"https:\/\/shop.bantam.ch\/de\/produkt\/kunststoffpflege\/","og_site_name":"Bantam Camping AG","article_modified_time":"2026-04-18T21:35:45+00:00","twitter_card":"summary_large_image","schema":{"@context":"https:\/\/schema.org","@graph":[{"@type":"WebPage","@id":"https:\/\/shop.bantam.ch\/de\/produkt\/kunststoffpflege\/","url":"https:\/\/shop.bantam.ch\/de\/produkt\/kunststoffpflege\/","name":"Kunststoffpflege - Bantam Camping AG","isPartOf":{"@id":"https:\/\/shop.bantam.ch\/de\/#website"},"primaryImageOfPage":{"@id":"https:\/\/shop.bantam.ch\/de\/produkt\/kunststoffpflege\/#primaryimage"},"image":{"@id":"https:\/\/shop.bantam.ch\/de\/produkt\/kunststoffpflege\/#primaryimage"},"thumbnailUrl":"https:\/\/shop.bantam.ch\/wp-content\/uploads\/2025\/03\/Movera-L-9975849100.png","datePublished":"2025-03-14T16:08:37+00:00","dateModified":"2026-04-18T21:35:45+00:00","breadcrumb":{"@id":"https:\/\/shop.bantam.ch\/de\/produkt\/kunststoffpflege\/#breadcrumb"},"inLanguage":"de","potentialAction":[{"@type":"ReadAction","target":["https:\/\/shop.bantam.ch\/de\/produkt\/kunststoffpflege\/"]}]},{"@type":"ImageObject","inLanguage":"de","@id":"https:\/\/shop.bantam.ch\/de\/produkt\/kunststoffpflege\/#primaryimage","url":"https:\/\/shop.bantam.ch\/wp-content\/uploads\/2025\/03\/Movera-L-9975849100.png","contentUrl":"https:\/\/shop.bantam.ch\/wp-content\/uploads\/2025\/03\/Movera-L-9975849100.png","width":640,"height":1567},{"@type":"BreadcrumbList","@id":"https:\/\/shop.bantam.ch\/de\/produkt\/kunststoffpflege\/#breadcrumb","itemListElement":[{"@type":"ListItem","position":1,"name":"Accueil","item":"https:\/\/shop.bantam.ch\/de\/"},{"@type":"ListItem","position":2,"name":"Shop","item":"https:\/\/shop.bantam.ch\/de\/shop\/"},{"@type":"ListItem","position":3,"name":"Kunststoffpflege"}]},{"@type":"WebSite","@id":"https:\/\/shop.bantam.ch\/de\/#website","url":"https:\/\/shop.bantam.ch\/de\/","name":"Bantam Camping AG","description":"","publisher":{"@id":"https:\/\/shop.bantam.ch\/de\/#organization"},"inLanguage":"de"},{"@type":"Organization","@id":"https:\/\/shop.bantam.ch\/de\/#organization","name":"Bantam Camping AG","url":"https:\/\/shop.bantam.ch\/de\/","logo":{"@type":"ImageObject","inLanguage":"de","@id":"https:\/\/shop.bantam.ch\/de\/#\/schema\/logo\/image\/","url":"https:\/\/shop.bantam.ch\/wp-content\/uploads\/2022\/12\/bantam-logo.png","contentUrl":"https:\/\/shop.bantam.ch\/wp-content\/uploads\/2022\/12\/bantam-logo.png","width":320,"height":71,"caption":"Bantam Camping AG"},"image":{"@id":"https:\/\/shop.bantam.ch\/de\/#\/schema\/logo\/image\/"}}]}},"_links":{"self":[{"href":"https:\/\/shop.bantam.ch\/de\/wp-json\/wp\/v2\/product\/216917","targetHints":{"allow":["GET"]}}],"collection":[{"href":"https:\/\/shop.bantam.ch\/de\/wp-json\/wp\/v2\/product"}],"about":[{"href":"https:\/\/shop.bantam.ch\/de\/wp-json\/wp\/v2\/types\/product"}],"wp:featuredmedia":[{"embeddable":true,"href":"https:\/\/shop.bantam.ch\/de\/wp-json\/wp\/v2\/media\/216915"}],"wp:attachment":[{"href":"https:\/\/shop.bantam.ch\/de\/wp-json\/wp\/v2\/media?parent=216917"}],"wp:term":[{"taxonomy":"product_featured_cat","embeddable":true,"href":"https:\/\/shop.bantam.ch\/de\/wp-json\/wp\/v2\/product_featured_cat?post=216917"},{"taxonomy":"product_brand","embeddable":true,"href":"https:\/\/shop.bantam.ch\/de\/wp-json\/wp\/v2\/product_brand?post=216917"},{"taxonomy":"product_cat","embeddable":true,"href":"https:\/\/shop.bantam.ch\/de\/wp-json\/wp\/v2\/product_cat?post=216917"},{"taxonomy":"product_tag","embeddable":true,"href":"https:\/\/shop.bantam.ch\/de\/wp-json\/wp\/v2\/product_tag?post=216917"}],"curies":[{"name":"wp","href":"https:\/\/api.w.org\/{rel}","templated":true}]}}