{"id":216913,"date":"2025-03-14T17:08:30","date_gmt":"2025-03-14T16:08:30","guid":{"rendered":"https:\/\/shop.bantam.ch\/produit\/diesel-fliess-fit\/"},"modified":"2026-04-17T23:32:24","modified_gmt":"2026-04-17T21:32:24","slug":"diesel-fliess-fit","status":"publish","type":"product","link":"https:\/\/shop.bantam.ch\/de\/produkt\/diesel-fliess-fit\/","title":{"rendered":"Diesel Flie\u00df Fit"},"content":{"rendered":"<p>Erh\u00f6ht Flie\u00dff\u00e4higkeit und Filterg\u00e4ngigkeit des Dieselkraftstoffs. Macht Diesel bis zu -31 \u00b0C wintersicher, abh\u00e4ngig von der Dieselkraftstoffqualit\u00e4t. Gew\u00e4hrleistet die Betriebssicherheit aller Dieselmotoren bei tiefen Temperaturen. F\u00fcr die optimale Wirkung hinsichtlich Verhinderung der Paraffinausscheidung, muss die Zugabe ca. 5 \u00b0C vor Erreichung des Cloud-Points (Tr\u00fcbungspunkt) erfolgen.&nbsp;Hinweis:&nbsp;frostempfindlich, daher \u00fcber 0 \u00b0C lagern!<\/p>\n<p>F\u00fcr alle Dieselmotoren mit und ohne Dieselpartikelfilter bzw. SCR-System sowie alle Dieselkraftstoffqualit\u00e4ten und Heiz\u00f6l. Inhalt ausreichend f\u00fcr bis zu 75 l Kraftstoff.<\/p>\n<p>Anwendung:<br \/>\nF\u00fcr die optimale Wirkung hinsichtlich Verhinderung der Paraffinausscheidung, muss die Zugabe ca. 5 \u00b0C vor Erreichung des Cloud-Points (Tr\u00fcbungspunkt) erfolgen. Bereits vorhandene Zusammenballungen von Paraffinkristallen k\u00f6nnen im Nachhinein durch die Zugabe nicht mehr aufgel\u00f6st werden.<\/p>\n<p>Hinweis:&nbsp;Dose vor Gebrauch gut sch\u00fctteln bzw. Gro\u00dfgebinde aufr\u00fchren. M\u00f6glichst frostfrei lagern. Nach Frosteinwirkung auf Raumtemperatur bringen.<\/p>\n<p>Fahrzeugtanks:<br \/>\nVor dem Tanken zugeben.<\/p>\n<p>Station\u00e4re Tankanlagen:<br \/>\nFolgende Mischverfahren haben sich bew\u00e4hrt:<br \/>\n1. Zugabe wenn Tank ca. \u00bc bef\u00fcllt ist. Die weitere Bef\u00fcllung des Tanks sorgt f\u00fcr ausreichende Vermischung.<br \/>\n2. Bei nachtr\u00e4glicher Zugabe zum Tank, mit Hilfe einer R\u00fchreinrichtung mischen.<\/p>\n","protected":false},"excerpt":{"rendered":"<p>Erh\u00f6ht Flie\u00dff\u00e4higkeit und Filterg\u00e4ngigkeit des Dieselkraftstoffs. Macht Diesel bis zu -31 \u00b0C wintersicher, abh\u00e4ngig von der Dieselkraftstoffqualit\u00e4t. Gew\u00e4hrleistet die Betriebssicherheit aller Dieselmotoren bei tiefen Temperaturen. F\u00fcr die optimale Wirkung hinsichtlich Verhinderung der Paraffinausscheidung, muss die Zugabe ca. 5 \u00b0C vor Erreichung des Cloud-Points (Tr\u00fcbungspunkt) erfolgen.&nbsp;Hinweis:&nbsp;frostempfindlich, daher \u00fcber 0 \u00b0C lagern! F\u00fcr alle Dieselmotoren mit und [&hellip;]<\/p>\n","protected":false},"featured_media":216911,"template":"","meta":{"_acf_changed":false},"product_featured_cat":[],"product_brand":[],"product_cat":[5092],"product_tag":[],"class_list":{"0":"post-216913","1":"product","2":"type-product","3":"status-publish","4":"has-post-thumbnail","6":"product_cat-reinigung-spezialreiniger","8":"first","9":"instock","10":"taxable","11":"shipping-taxable","12":"purchasable","13":"product-type-simple"},"acf":[],"yoast_head":"<!-- This site is optimized with the Yoast SEO plugin v27.4 - https:\/\/yoast.com\/product\/yoast-seo-wordpress\/ -->\n<title>Diesel Flie\u00df Fit - Bantam Camping AG<\/title>\n<meta name=\"robots\" content=\"index, follow, max-snippet:-1, max-image-preview:large, max-video-preview:-1\" \/>\n<link rel=\"canonical\" href=\"https:\/\/shop.bantam.ch\/de\/produkt\/diesel-fliess-fit\/\" \/>\n<meta property=\"og:locale\" content=\"de_DE\" \/>\n<meta property=\"og:type\" content=\"article\" \/>\n<meta property=\"og:title\" content=\"Diesel Flie\u00df Fit - Bantam Camping AG\" \/>\n<meta property=\"og:description\" content=\"Erh\u00f6ht Flie\u00dff\u00e4higkeit und Filterg\u00e4ngigkeit des Dieselkraftstoffs. Macht Diesel bis zu -31 \u00b0C wintersicher, abh\u00e4ngig von der Dieselkraftstoffqualit\u00e4t. Gew\u00e4hrleistet die Betriebssicherheit aller Dieselmotoren bei tiefen Temperaturen. F\u00fcr die optimale Wirkung hinsichtlich Verhinderung der Paraffinausscheidung, muss die Zugabe ca. 5 \u00b0C vor Erreichung des Cloud-Points (Tr\u00fcbungspunkt) erfolgen.&nbsp;Hinweis:&nbsp;frostempfindlich, daher \u00fcber 0 \u00b0C lagern! F\u00fcr alle Dieselmotoren mit und [&hellip;]\" \/>\n<meta property=\"og:url\" content=\"https:\/\/shop.bantam.ch\/de\/produkt\/diesel-fliess-fit\/\" \/>\n<meta property=\"og:site_name\" content=\"Bantam Camping AG\" \/>\n<meta property=\"article:modified_time\" content=\"2026-04-17T21:32:24+00:00\" \/>\n<meta name=\"twitter:card\" content=\"summary_large_image\" \/>\n<meta name=\"twitter:label1\" content=\"Gesch\u00e4tzte Lesezeit\" \/>\n\t<meta name=\"twitter:data1\" content=\"1\u00a0Minute\" \/>\n<script type=\"application\/ld+json\" class=\"yoast-schema-graph\">{\"@context\":\"https:\\\/\\\/schema.org\",\"@graph\":[{\"@type\":\"WebPage\",\"@id\":\"https:\\\/\\\/shop.bantam.ch\\\/de\\\/produkt\\\/diesel-fliess-fit\\\/\",\"url\":\"https:\\\/\\\/shop.bantam.ch\\\/de\\\/produkt\\\/diesel-fliess-fit\\\/\",\"name\":\"Diesel Flie\u00df Fit - Bantam Camping AG\",\"isPartOf\":{\"@id\":\"https:\\\/\\\/shop.bantam.ch\\\/de\\\/#website\"},\"primaryImageOfPage\":{\"@id\":\"https:\\\/\\\/shop.bantam.ch\\\/de\\\/produkt\\\/diesel-fliess-fit\\\/#primaryimage\"},\"image\":{\"@id\":\"https:\\\/\\\/shop.bantam.ch\\\/de\\\/produkt\\\/diesel-fliess-fit\\\/#primaryimage\"},\"thumbnailUrl\":\"https:\\\/\\\/shop.bantam.ch\\\/wp-content\\\/uploads\\\/2025\\\/03\\\/Movera-L-9975848100.jpg\",\"datePublished\":\"2025-03-14T16:08:30+00:00\",\"dateModified\":\"2026-04-17T21:32:24+00:00\",\"breadcrumb\":{\"@id\":\"https:\\\/\\\/shop.bantam.ch\\\/de\\\/produkt\\\/diesel-fliess-fit\\\/#breadcrumb\"},\"inLanguage\":\"de\",\"potentialAction\":[{\"@type\":\"ReadAction\",\"target\":[\"https:\\\/\\\/shop.bantam.ch\\\/de\\\/produkt\\\/diesel-fliess-fit\\\/\"]}]},{\"@type\":\"ImageObject\",\"inLanguage\":\"de\",\"@id\":\"https:\\\/\\\/shop.bantam.ch\\\/de\\\/produkt\\\/diesel-fliess-fit\\\/#primaryimage\",\"url\":\"https:\\\/\\\/shop.bantam.ch\\\/wp-content\\\/uploads\\\/2025\\\/03\\\/Movera-L-9975848100.jpg\",\"contentUrl\":\"https:\\\/\\\/shop.bantam.ch\\\/wp-content\\\/uploads\\\/2025\\\/03\\\/Movera-L-9975848100.jpg\",\"width\":640,\"height\":788},{\"@type\":\"BreadcrumbList\",\"@id\":\"https:\\\/\\\/shop.bantam.ch\\\/de\\\/produkt\\\/diesel-fliess-fit\\\/#breadcrumb\",\"itemListElement\":[{\"@type\":\"ListItem\",\"position\":1,\"name\":\"Accueil\",\"item\":\"https:\\\/\\\/shop.bantam.ch\\\/de\\\/\"},{\"@type\":\"ListItem\",\"position\":2,\"name\":\"Shop\",\"item\":\"https:\\\/\\\/shop.bantam.ch\\\/de\\\/shop\\\/\"},{\"@type\":\"ListItem\",\"position\":3,\"name\":\"Diesel Flie\u00df Fit\"}]},{\"@type\":\"WebSite\",\"@id\":\"https:\\\/\\\/shop.bantam.ch\\\/de\\\/#website\",\"url\":\"https:\\\/\\\/shop.bantam.ch\\\/de\\\/\",\"name\":\"Bantam Camping AG\",\"description\":\"\",\"publisher\":{\"@id\":\"https:\\\/\\\/shop.bantam.ch\\\/de\\\/#organization\"},\"inLanguage\":\"de\"},{\"@type\":\"Organization\",\"@id\":\"https:\\\/\\\/shop.bantam.ch\\\/de\\\/#organization\",\"name\":\"Bantam Camping AG\",\"url\":\"https:\\\/\\\/shop.bantam.ch\\\/de\\\/\",\"logo\":{\"@type\":\"ImageObject\",\"inLanguage\":\"de\",\"@id\":\"https:\\\/\\\/shop.bantam.ch\\\/de\\\/#\\\/schema\\\/logo\\\/image\\\/\",\"url\":\"https:\\\/\\\/shop.bantam.ch\\\/wp-content\\\/uploads\\\/2022\\\/12\\\/bantam-logo.png\",\"contentUrl\":\"https:\\\/\\\/shop.bantam.ch\\\/wp-content\\\/uploads\\\/2022\\\/12\\\/bantam-logo.png\",\"width\":320,\"height\":71,\"caption\":\"Bantam Camping AG\"},\"image\":{\"@id\":\"https:\\\/\\\/shop.bantam.ch\\\/de\\\/#\\\/schema\\\/logo\\\/image\\\/\"}}]}<\/script>\n<!-- \/ Yoast SEO plugin. -->","yoast_head_json":{"title":"Diesel Flie\u00df Fit - Bantam Camping AG","robots":{"index":"index","follow":"follow","max-snippet":"max-snippet:-1","max-image-preview":"max-image-preview:large","max-video-preview":"max-video-preview:-1"},"canonical":"https:\/\/shop.bantam.ch\/de\/produkt\/diesel-fliess-fit\/","og_locale":"de_DE","og_type":"article","og_title":"Diesel Flie\u00df Fit - Bantam Camping AG","og_description":"Erh\u00f6ht Flie\u00dff\u00e4higkeit und Filterg\u00e4ngigkeit des Dieselkraftstoffs. Macht Diesel bis zu -31 \u00b0C wintersicher, abh\u00e4ngig von der Dieselkraftstoffqualit\u00e4t. Gew\u00e4hrleistet die Betriebssicherheit aller Dieselmotoren bei tiefen Temperaturen. F\u00fcr die optimale Wirkung hinsichtlich Verhinderung der Paraffinausscheidung, muss die Zugabe ca. 5 \u00b0C vor Erreichung des Cloud-Points (Tr\u00fcbungspunkt) erfolgen.&nbsp;Hinweis:&nbsp;frostempfindlich, daher \u00fcber 0 \u00b0C lagern! F\u00fcr alle Dieselmotoren mit und [&hellip;]","og_url":"https:\/\/shop.bantam.ch\/de\/produkt\/diesel-fliess-fit\/","og_site_name":"Bantam Camping AG","article_modified_time":"2026-04-17T21:32:24+00:00","twitter_card":"summary_large_image","twitter_misc":{"Gesch\u00e4tzte Lesezeit":"1\u00a0Minute"},"schema":{"@context":"https:\/\/schema.org","@graph":[{"@type":"WebPage","@id":"https:\/\/shop.bantam.ch\/de\/produkt\/diesel-fliess-fit\/","url":"https:\/\/shop.bantam.ch\/de\/produkt\/diesel-fliess-fit\/","name":"Diesel Flie\u00df Fit - Bantam Camping AG","isPartOf":{"@id":"https:\/\/shop.bantam.ch\/de\/#website"},"primaryImageOfPage":{"@id":"https:\/\/shop.bantam.ch\/de\/produkt\/diesel-fliess-fit\/#primaryimage"},"image":{"@id":"https:\/\/shop.bantam.ch\/de\/produkt\/diesel-fliess-fit\/#primaryimage"},"thumbnailUrl":"https:\/\/shop.bantam.ch\/wp-content\/uploads\/2025\/03\/Movera-L-9975848100.jpg","datePublished":"2025-03-14T16:08:30+00:00","dateModified":"2026-04-17T21:32:24+00:00","breadcrumb":{"@id":"https:\/\/shop.bantam.ch\/de\/produkt\/diesel-fliess-fit\/#breadcrumb"},"inLanguage":"de","potentialAction":[{"@type":"ReadAction","target":["https:\/\/shop.bantam.ch\/de\/produkt\/diesel-fliess-fit\/"]}]},{"@type":"ImageObject","inLanguage":"de","@id":"https:\/\/shop.bantam.ch\/de\/produkt\/diesel-fliess-fit\/#primaryimage","url":"https:\/\/shop.bantam.ch\/wp-content\/uploads\/2025\/03\/Movera-L-9975848100.jpg","contentUrl":"https:\/\/shop.bantam.ch\/wp-content\/uploads\/2025\/03\/Movera-L-9975848100.jpg","width":640,"height":788},{"@type":"BreadcrumbList","@id":"https:\/\/shop.bantam.ch\/de\/produkt\/diesel-fliess-fit\/#breadcrumb","itemListElement":[{"@type":"ListItem","position":1,"name":"Accueil","item":"https:\/\/shop.bantam.ch\/de\/"},{"@type":"ListItem","position":2,"name":"Shop","item":"https:\/\/shop.bantam.ch\/de\/shop\/"},{"@type":"ListItem","position":3,"name":"Diesel Flie\u00df Fit"}]},{"@type":"WebSite","@id":"https:\/\/shop.bantam.ch\/de\/#website","url":"https:\/\/shop.bantam.ch\/de\/","name":"Bantam Camping AG","description":"","publisher":{"@id":"https:\/\/shop.bantam.ch\/de\/#organization"},"inLanguage":"de"},{"@type":"Organization","@id":"https:\/\/shop.bantam.ch\/de\/#organization","name":"Bantam Camping AG","url":"https:\/\/shop.bantam.ch\/de\/","logo":{"@type":"ImageObject","inLanguage":"de","@id":"https:\/\/shop.bantam.ch\/de\/#\/schema\/logo\/image\/","url":"https:\/\/shop.bantam.ch\/wp-content\/uploads\/2022\/12\/bantam-logo.png","contentUrl":"https:\/\/shop.bantam.ch\/wp-content\/uploads\/2022\/12\/bantam-logo.png","width":320,"height":71,"caption":"Bantam Camping AG"},"image":{"@id":"https:\/\/shop.bantam.ch\/de\/#\/schema\/logo\/image\/"}}]}},"_links":{"self":[{"href":"https:\/\/shop.bantam.ch\/de\/wp-json\/wp\/v2\/product\/216913","targetHints":{"allow":["GET"]}}],"collection":[{"href":"https:\/\/shop.bantam.ch\/de\/wp-json\/wp\/v2\/product"}],"about":[{"href":"https:\/\/shop.bantam.ch\/de\/wp-json\/wp\/v2\/types\/product"}],"wp:featuredmedia":[{"embeddable":true,"href":"https:\/\/shop.bantam.ch\/de\/wp-json\/wp\/v2\/media\/216911"}],"wp:attachment":[{"href":"https:\/\/shop.bantam.ch\/de\/wp-json\/wp\/v2\/media?parent=216913"}],"wp:term":[{"taxonomy":"product_featured_cat","embeddable":true,"href":"https:\/\/shop.bantam.ch\/de\/wp-json\/wp\/v2\/product_featured_cat?post=216913"},{"taxonomy":"product_brand","embeddable":true,"href":"https:\/\/shop.bantam.ch\/de\/wp-json\/wp\/v2\/product_brand?post=216913"},{"taxonomy":"product_cat","embeddable":true,"href":"https:\/\/shop.bantam.ch\/de\/wp-json\/wp\/v2\/product_cat?post=216913"},{"taxonomy":"product_tag","embeddable":true,"href":"https:\/\/shop.bantam.ch\/de\/wp-json\/wp\/v2\/product_tag?post=216913"}],"curies":[{"name":"wp","href":"https:\/\/api.w.org\/{rel}","templated":true}]}}