{"id":216909,"date":"2025-03-14T17:08:22","date_gmt":"2025-03-14T16:08:22","guid":{"rendered":"https:\/\/shop.bantam.ch\/produit\/regenstreifenentferner-liqui-moly\/"},"modified":"2026-04-17T23:32:24","modified_gmt":"2026-04-17T21:32:24","slug":"regenstreifenentferner-liqui-moly","status":"publish","type":"product","link":"https:\/\/shop.bantam.ch\/de\/produkt\/regenstreifenentferner-liqui-moly\/","title":{"rendered":"Regenstreifenentferner LIQUI MOLY"},"content":{"rendered":"<p>Entfernt in einem Arbeitsgang ohne Wasser m\u00fchelos unansehnliche Regenstreifen, Vogelkot, Insektenr\u00fcckst\u00e4nde, Wasserflecken etc. an Campingfahrzeugen und versiegelt gleichzeitig deren Oberfl\u00e4che mit Carnaubawachs. Verleiht strahlenden Glanz mit hervorragender Farbtiefe, gleicht sehr feine Kratzer aus und sch\u00fctzt den Lack optimal vor sch\u00e4dlichen Umwelteinfl\u00fcssen.<br \/>\nF\u00fcr den Fahrzeugau\u00dfenbereich von Campingfahrzeugen.<\/p>\n","protected":false},"excerpt":{"rendered":"<p>Entfernt in einem Arbeitsgang ohne Wasser m\u00fchelos unansehnliche Regenstreifen, Vogelkot, Insektenr\u00fcckst\u00e4nde, Wasserflecken etc. an Campingfahrzeugen und versiegelt gleichzeitig deren Oberfl\u00e4che mit Carnaubawachs. Verleiht strahlenden Glanz mit hervorragender Farbtiefe, gleicht sehr feine Kratzer aus und sch\u00fctzt den Lack optimal vor sch\u00e4dlichen Umwelteinfl\u00fcssen. F\u00fcr den Fahrzeugau\u00dfenbereich von Campingfahrzeugen.<\/p>\n","protected":false},"featured_media":216907,"template":"","meta":{"_acf_changed":false},"product_featured_cat":[],"product_brand":[],"product_cat":[5092],"product_tag":[],"class_list":{"0":"post-216909","1":"product","2":"type-product","3":"status-publish","4":"has-post-thumbnail","6":"product_cat-reinigung-spezialreiniger","8":"first","9":"instock","10":"taxable","11":"shipping-taxable","12":"purchasable","13":"product-type-simple"},"acf":[],"yoast_head":"<!-- This site is optimized with the Yoast SEO plugin v27.4 - https:\/\/yoast.com\/product\/yoast-seo-wordpress\/ -->\n<title>Regenstreifenentferner LIQUI MOLY - Bantam Camping AG<\/title>\n<meta name=\"robots\" content=\"index, follow, max-snippet:-1, max-image-preview:large, max-video-preview:-1\" \/>\n<link rel=\"canonical\" href=\"https:\/\/shop.bantam.ch\/de\/produkt\/regenstreifenentferner-liqui-moly\/\" \/>\n<meta property=\"og:locale\" content=\"de_DE\" \/>\n<meta property=\"og:type\" content=\"article\" \/>\n<meta property=\"og:title\" content=\"Regenstreifenentferner LIQUI MOLY - Bantam Camping AG\" \/>\n<meta property=\"og:description\" content=\"Entfernt in einem Arbeitsgang ohne Wasser m\u00fchelos unansehnliche Regenstreifen, Vogelkot, Insektenr\u00fcckst\u00e4nde, Wasserflecken etc. an Campingfahrzeugen und versiegelt gleichzeitig deren Oberfl\u00e4che mit Carnaubawachs. Verleiht strahlenden Glanz mit hervorragender Farbtiefe, gleicht sehr feine Kratzer aus und sch\u00fctzt den Lack optimal vor sch\u00e4dlichen Umwelteinfl\u00fcssen. F\u00fcr den Fahrzeugau\u00dfenbereich von Campingfahrzeugen.\" \/>\n<meta property=\"og:url\" content=\"https:\/\/shop.bantam.ch\/de\/produkt\/regenstreifenentferner-liqui-moly\/\" \/>\n<meta property=\"og:site_name\" content=\"Bantam Camping AG\" \/>\n<meta property=\"article:modified_time\" content=\"2026-04-17T21:32:24+00:00\" \/>\n<meta name=\"twitter:card\" content=\"summary_large_image\" \/>\n<script type=\"application\/ld+json\" class=\"yoast-schema-graph\">{\"@context\":\"https:\\\/\\\/schema.org\",\"@graph\":[{\"@type\":\"WebPage\",\"@id\":\"https:\\\/\\\/shop.bantam.ch\\\/de\\\/produkt\\\/regenstreifenentferner-liqui-moly\\\/\",\"url\":\"https:\\\/\\\/shop.bantam.ch\\\/de\\\/produkt\\\/regenstreifenentferner-liqui-moly\\\/\",\"name\":\"Regenstreifenentferner LIQUI MOLY - Bantam Camping AG\",\"isPartOf\":{\"@id\":\"https:\\\/\\\/shop.bantam.ch\\\/de\\\/#website\"},\"primaryImageOfPage\":{\"@id\":\"https:\\\/\\\/shop.bantam.ch\\\/de\\\/produkt\\\/regenstreifenentferner-liqui-moly\\\/#primaryimage\"},\"image\":{\"@id\":\"https:\\\/\\\/shop.bantam.ch\\\/de\\\/produkt\\\/regenstreifenentferner-liqui-moly\\\/#primaryimage\"},\"thumbnailUrl\":\"https:\\\/\\\/shop.bantam.ch\\\/wp-content\\\/uploads\\\/2025\\\/03\\\/Movera-L-9975847100.png\",\"datePublished\":\"2025-03-14T16:08:22+00:00\",\"dateModified\":\"2026-04-17T21:32:24+00:00\",\"breadcrumb\":{\"@id\":\"https:\\\/\\\/shop.bantam.ch\\\/de\\\/produkt\\\/regenstreifenentferner-liqui-moly\\\/#breadcrumb\"},\"inLanguage\":\"de\",\"potentialAction\":[{\"@type\":\"ReadAction\",\"target\":[\"https:\\\/\\\/shop.bantam.ch\\\/de\\\/produkt\\\/regenstreifenentferner-liqui-moly\\\/\"]}]},{\"@type\":\"ImageObject\",\"inLanguage\":\"de\",\"@id\":\"https:\\\/\\\/shop.bantam.ch\\\/de\\\/produkt\\\/regenstreifenentferner-liqui-moly\\\/#primaryimage\",\"url\":\"https:\\\/\\\/shop.bantam.ch\\\/wp-content\\\/uploads\\\/2025\\\/03\\\/Movera-L-9975847100.png\",\"contentUrl\":\"https:\\\/\\\/shop.bantam.ch\\\/wp-content\\\/uploads\\\/2025\\\/03\\\/Movera-L-9975847100.png\",\"width\":640,\"height\":1596},{\"@type\":\"BreadcrumbList\",\"@id\":\"https:\\\/\\\/shop.bantam.ch\\\/de\\\/produkt\\\/regenstreifenentferner-liqui-moly\\\/#breadcrumb\",\"itemListElement\":[{\"@type\":\"ListItem\",\"position\":1,\"name\":\"Accueil\",\"item\":\"https:\\\/\\\/shop.bantam.ch\\\/de\\\/\"},{\"@type\":\"ListItem\",\"position\":2,\"name\":\"Shop\",\"item\":\"https:\\\/\\\/shop.bantam.ch\\\/de\\\/shop\\\/\"},{\"@type\":\"ListItem\",\"position\":3,\"name\":\"Regenstreifenentferner LIQUI MOLY\"}]},{\"@type\":\"WebSite\",\"@id\":\"https:\\\/\\\/shop.bantam.ch\\\/de\\\/#website\",\"url\":\"https:\\\/\\\/shop.bantam.ch\\\/de\\\/\",\"name\":\"Bantam Camping AG\",\"description\":\"\",\"publisher\":{\"@id\":\"https:\\\/\\\/shop.bantam.ch\\\/de\\\/#organization\"},\"inLanguage\":\"de\"},{\"@type\":\"Organization\",\"@id\":\"https:\\\/\\\/shop.bantam.ch\\\/de\\\/#organization\",\"name\":\"Bantam Camping AG\",\"url\":\"https:\\\/\\\/shop.bantam.ch\\\/de\\\/\",\"logo\":{\"@type\":\"ImageObject\",\"inLanguage\":\"de\",\"@id\":\"https:\\\/\\\/shop.bantam.ch\\\/de\\\/#\\\/schema\\\/logo\\\/image\\\/\",\"url\":\"https:\\\/\\\/shop.bantam.ch\\\/wp-content\\\/uploads\\\/2022\\\/12\\\/bantam-logo.png\",\"contentUrl\":\"https:\\\/\\\/shop.bantam.ch\\\/wp-content\\\/uploads\\\/2022\\\/12\\\/bantam-logo.png\",\"width\":320,\"height\":71,\"caption\":\"Bantam Camping AG\"},\"image\":{\"@id\":\"https:\\\/\\\/shop.bantam.ch\\\/de\\\/#\\\/schema\\\/logo\\\/image\\\/\"}}]}<\/script>\n<!-- \/ Yoast SEO plugin. -->","yoast_head_json":{"title":"Regenstreifenentferner LIQUI MOLY - Bantam Camping AG","robots":{"index":"index","follow":"follow","max-snippet":"max-snippet:-1","max-image-preview":"max-image-preview:large","max-video-preview":"max-video-preview:-1"},"canonical":"https:\/\/shop.bantam.ch\/de\/produkt\/regenstreifenentferner-liqui-moly\/","og_locale":"de_DE","og_type":"article","og_title":"Regenstreifenentferner LIQUI MOLY - Bantam Camping AG","og_description":"Entfernt in einem Arbeitsgang ohne Wasser m\u00fchelos unansehnliche Regenstreifen, Vogelkot, Insektenr\u00fcckst\u00e4nde, Wasserflecken etc. an Campingfahrzeugen und versiegelt gleichzeitig deren Oberfl\u00e4che mit Carnaubawachs. Verleiht strahlenden Glanz mit hervorragender Farbtiefe, gleicht sehr feine Kratzer aus und sch\u00fctzt den Lack optimal vor sch\u00e4dlichen Umwelteinfl\u00fcssen. F\u00fcr den Fahrzeugau\u00dfenbereich von Campingfahrzeugen.","og_url":"https:\/\/shop.bantam.ch\/de\/produkt\/regenstreifenentferner-liqui-moly\/","og_site_name":"Bantam Camping AG","article_modified_time":"2026-04-17T21:32:24+00:00","twitter_card":"summary_large_image","schema":{"@context":"https:\/\/schema.org","@graph":[{"@type":"WebPage","@id":"https:\/\/shop.bantam.ch\/de\/produkt\/regenstreifenentferner-liqui-moly\/","url":"https:\/\/shop.bantam.ch\/de\/produkt\/regenstreifenentferner-liqui-moly\/","name":"Regenstreifenentferner LIQUI MOLY - Bantam Camping AG","isPartOf":{"@id":"https:\/\/shop.bantam.ch\/de\/#website"},"primaryImageOfPage":{"@id":"https:\/\/shop.bantam.ch\/de\/produkt\/regenstreifenentferner-liqui-moly\/#primaryimage"},"image":{"@id":"https:\/\/shop.bantam.ch\/de\/produkt\/regenstreifenentferner-liqui-moly\/#primaryimage"},"thumbnailUrl":"https:\/\/shop.bantam.ch\/wp-content\/uploads\/2025\/03\/Movera-L-9975847100.png","datePublished":"2025-03-14T16:08:22+00:00","dateModified":"2026-04-17T21:32:24+00:00","breadcrumb":{"@id":"https:\/\/shop.bantam.ch\/de\/produkt\/regenstreifenentferner-liqui-moly\/#breadcrumb"},"inLanguage":"de","potentialAction":[{"@type":"ReadAction","target":["https:\/\/shop.bantam.ch\/de\/produkt\/regenstreifenentferner-liqui-moly\/"]}]},{"@type":"ImageObject","inLanguage":"de","@id":"https:\/\/shop.bantam.ch\/de\/produkt\/regenstreifenentferner-liqui-moly\/#primaryimage","url":"https:\/\/shop.bantam.ch\/wp-content\/uploads\/2025\/03\/Movera-L-9975847100.png","contentUrl":"https:\/\/shop.bantam.ch\/wp-content\/uploads\/2025\/03\/Movera-L-9975847100.png","width":640,"height":1596},{"@type":"BreadcrumbList","@id":"https:\/\/shop.bantam.ch\/de\/produkt\/regenstreifenentferner-liqui-moly\/#breadcrumb","itemListElement":[{"@type":"ListItem","position":1,"name":"Accueil","item":"https:\/\/shop.bantam.ch\/de\/"},{"@type":"ListItem","position":2,"name":"Shop","item":"https:\/\/shop.bantam.ch\/de\/shop\/"},{"@type":"ListItem","position":3,"name":"Regenstreifenentferner LIQUI MOLY"}]},{"@type":"WebSite","@id":"https:\/\/shop.bantam.ch\/de\/#website","url":"https:\/\/shop.bantam.ch\/de\/","name":"Bantam Camping AG","description":"","publisher":{"@id":"https:\/\/shop.bantam.ch\/de\/#organization"},"inLanguage":"de"},{"@type":"Organization","@id":"https:\/\/shop.bantam.ch\/de\/#organization","name":"Bantam Camping AG","url":"https:\/\/shop.bantam.ch\/de\/","logo":{"@type":"ImageObject","inLanguage":"de","@id":"https:\/\/shop.bantam.ch\/de\/#\/schema\/logo\/image\/","url":"https:\/\/shop.bantam.ch\/wp-content\/uploads\/2022\/12\/bantam-logo.png","contentUrl":"https:\/\/shop.bantam.ch\/wp-content\/uploads\/2022\/12\/bantam-logo.png","width":320,"height":71,"caption":"Bantam Camping AG"},"image":{"@id":"https:\/\/shop.bantam.ch\/de\/#\/schema\/logo\/image\/"}}]}},"_links":{"self":[{"href":"https:\/\/shop.bantam.ch\/de\/wp-json\/wp\/v2\/product\/216909","targetHints":{"allow":["GET"]}}],"collection":[{"href":"https:\/\/shop.bantam.ch\/de\/wp-json\/wp\/v2\/product"}],"about":[{"href":"https:\/\/shop.bantam.ch\/de\/wp-json\/wp\/v2\/types\/product"}],"wp:featuredmedia":[{"embeddable":true,"href":"https:\/\/shop.bantam.ch\/de\/wp-json\/wp\/v2\/media\/216907"}],"wp:attachment":[{"href":"https:\/\/shop.bantam.ch\/de\/wp-json\/wp\/v2\/media?parent=216909"}],"wp:term":[{"taxonomy":"product_featured_cat","embeddable":true,"href":"https:\/\/shop.bantam.ch\/de\/wp-json\/wp\/v2\/product_featured_cat?post=216909"},{"taxonomy":"product_brand","embeddable":true,"href":"https:\/\/shop.bantam.ch\/de\/wp-json\/wp\/v2\/product_brand?post=216909"},{"taxonomy":"product_cat","embeddable":true,"href":"https:\/\/shop.bantam.ch\/de\/wp-json\/wp\/v2\/product_cat?post=216909"},{"taxonomy":"product_tag","embeddable":true,"href":"https:\/\/shop.bantam.ch\/de\/wp-json\/wp\/v2\/product_tag?post=216909"}],"curies":[{"name":"wp","href":"https:\/\/api.w.org\/{rel}","templated":true}]}}