{"id":216901,"date":"2025-03-14T17:08:08","date_gmt":"2025-03-14T16:08:08","guid":{"rendered":"https:\/\/shop.bantam.ch\/produit\/nachfuelloel-5w-30-liqui-moly\/"},"modified":"2026-04-17T23:32:18","modified_gmt":"2026-04-17T21:32:18","slug":"nachfuelloel-5w-30-liqui-moly","status":"publish","type":"product","link":"https:\/\/shop.bantam.ch\/de\/produkt\/nachfuelloel-5w-30-liqui-moly\/","title":{"rendered":"Nachf\u00fcll\u00f6l 5W-30 LIQUI MOLY"},"content":{"rendered":"<p>Unterwegs immer das richtige \u00d6l an Bord! Hightech-Leichtlaufmotor\u00f6l auf Basis Synthesetechnologie. Mit verbesserter Verschlei\u00dfschutzformel. Vermindert \u00d6leindickung durch Ru\u00dfeintrag. Durch maximale Motorleistung und hohe Leistungsreserve schneller und sicherer ans Ziel kommen. \u00dcbertrifft die h\u00f6chsten Testanforderungen namhafter Fahrzeughersteller. Sichert die Funktionsf\u00e4higkeit des Dieselpartikelfilters (DPF) und sorgt f\u00fcr maximale Lebensdauer.<\/p>\n","protected":false},"excerpt":{"rendered":"<p>Unterwegs immer das richtige \u00d6l an Bord! Hightech-Leichtlaufmotor\u00f6l auf Basis Synthesetechnologie. Mit verbesserter Verschlei\u00dfschutzformel. Vermindert \u00d6leindickung durch Ru\u00dfeintrag. Durch maximale Motorleistung und hohe Leistungsreserve schneller und sicherer ans Ziel kommen. \u00dcbertrifft die h\u00f6chsten Testanforderungen namhafter Fahrzeughersteller. Sichert die Funktionsf\u00e4higkeit des Dieselpartikelfilters (DPF) und sorgt f\u00fcr maximale Lebensdauer.<\/p>\n","protected":false},"featured_media":216899,"template":"","meta":{"_acf_changed":false},"product_featured_cat":[],"product_brand":[],"product_cat":[5096],"product_tag":[],"class_list":{"0":"post-216901","1":"product","2":"type-product","3":"status-publish","4":"has-post-thumbnail","6":"product_cat-oele","8":"first","9":"instock","10":"taxable","11":"shipping-taxable","12":"purchasable","13":"product-type-simple"},"acf":[],"yoast_head":"<!-- This site is optimized with the Yoast SEO plugin v27.4 - https:\/\/yoast.com\/product\/yoast-seo-wordpress\/ -->\n<title>Nachf\u00fcll\u00f6l 5W-30 LIQUI MOLY - Bantam Camping AG<\/title>\n<meta name=\"robots\" content=\"index, follow, max-snippet:-1, max-image-preview:large, max-video-preview:-1\" \/>\n<link rel=\"canonical\" href=\"https:\/\/shop.bantam.ch\/de\/produkt\/nachfuelloel-5w-30-liqui-moly\/\" \/>\n<meta property=\"og:locale\" content=\"de_DE\" \/>\n<meta property=\"og:type\" content=\"article\" \/>\n<meta property=\"og:title\" content=\"Nachf\u00fcll\u00f6l 5W-30 LIQUI MOLY - Bantam Camping AG\" \/>\n<meta property=\"og:description\" content=\"Unterwegs immer das richtige \u00d6l an Bord! Hightech-Leichtlaufmotor\u00f6l auf Basis Synthesetechnologie. Mit verbesserter Verschlei\u00dfschutzformel. Vermindert \u00d6leindickung durch Ru\u00dfeintrag. Durch maximale Motorleistung und hohe Leistungsreserve schneller und sicherer ans Ziel kommen. \u00dcbertrifft die h\u00f6chsten Testanforderungen namhafter Fahrzeughersteller. Sichert die Funktionsf\u00e4higkeit des Dieselpartikelfilters (DPF) und sorgt f\u00fcr maximale Lebensdauer.\" \/>\n<meta property=\"og:url\" content=\"https:\/\/shop.bantam.ch\/de\/produkt\/nachfuelloel-5w-30-liqui-moly\/\" \/>\n<meta property=\"og:site_name\" content=\"Bantam Camping AG\" \/>\n<meta property=\"article:modified_time\" content=\"2026-04-17T21:32:18+00:00\" \/>\n<meta name=\"twitter:card\" content=\"summary_large_image\" \/>\n<script type=\"application\/ld+json\" class=\"yoast-schema-graph\">{\"@context\":\"https:\\\/\\\/schema.org\",\"@graph\":[{\"@type\":\"WebPage\",\"@id\":\"https:\\\/\\\/shop.bantam.ch\\\/de\\\/produkt\\\/nachfuelloel-5w-30-liqui-moly\\\/\",\"url\":\"https:\\\/\\\/shop.bantam.ch\\\/de\\\/produkt\\\/nachfuelloel-5w-30-liqui-moly\\\/\",\"name\":\"Nachf\u00fcll\u00f6l 5W-30 LIQUI MOLY - Bantam Camping AG\",\"isPartOf\":{\"@id\":\"https:\\\/\\\/shop.bantam.ch\\\/de\\\/#website\"},\"primaryImageOfPage\":{\"@id\":\"https:\\\/\\\/shop.bantam.ch\\\/de\\\/produkt\\\/nachfuelloel-5w-30-liqui-moly\\\/#primaryimage\"},\"image\":{\"@id\":\"https:\\\/\\\/shop.bantam.ch\\\/de\\\/produkt\\\/nachfuelloel-5w-30-liqui-moly\\\/#primaryimage\"},\"thumbnailUrl\":\"https:\\\/\\\/shop.bantam.ch\\\/wp-content\\\/uploads\\\/2025\\\/03\\\/Movera-L-9975845100.png\",\"datePublished\":\"2025-03-14T16:08:08+00:00\",\"dateModified\":\"2026-04-17T21:32:18+00:00\",\"breadcrumb\":{\"@id\":\"https:\\\/\\\/shop.bantam.ch\\\/de\\\/produkt\\\/nachfuelloel-5w-30-liqui-moly\\\/#breadcrumb\"},\"inLanguage\":\"de\",\"potentialAction\":[{\"@type\":\"ReadAction\",\"target\":[\"https:\\\/\\\/shop.bantam.ch\\\/de\\\/produkt\\\/nachfuelloel-5w-30-liqui-moly\\\/\"]}]},{\"@type\":\"ImageObject\",\"inLanguage\":\"de\",\"@id\":\"https:\\\/\\\/shop.bantam.ch\\\/de\\\/produkt\\\/nachfuelloel-5w-30-liqui-moly\\\/#primaryimage\",\"url\":\"https:\\\/\\\/shop.bantam.ch\\\/wp-content\\\/uploads\\\/2025\\\/03\\\/Movera-L-9975845100.png\",\"contentUrl\":\"https:\\\/\\\/shop.bantam.ch\\\/wp-content\\\/uploads\\\/2025\\\/03\\\/Movera-L-9975845100.png\",\"width\":640,\"height\":806},{\"@type\":\"BreadcrumbList\",\"@id\":\"https:\\\/\\\/shop.bantam.ch\\\/de\\\/produkt\\\/nachfuelloel-5w-30-liqui-moly\\\/#breadcrumb\",\"itemListElement\":[{\"@type\":\"ListItem\",\"position\":1,\"name\":\"Accueil\",\"item\":\"https:\\\/\\\/shop.bantam.ch\\\/de\\\/\"},{\"@type\":\"ListItem\",\"position\":2,\"name\":\"Shop\",\"item\":\"https:\\\/\\\/shop.bantam.ch\\\/de\\\/shop\\\/\"},{\"@type\":\"ListItem\",\"position\":3,\"name\":\"Nachf\u00fcll\u00f6l 5W-30 LIQUI MOLY\"}]},{\"@type\":\"WebSite\",\"@id\":\"https:\\\/\\\/shop.bantam.ch\\\/de\\\/#website\",\"url\":\"https:\\\/\\\/shop.bantam.ch\\\/de\\\/\",\"name\":\"Bantam Camping AG\",\"description\":\"\",\"publisher\":{\"@id\":\"https:\\\/\\\/shop.bantam.ch\\\/de\\\/#organization\"},\"inLanguage\":\"de\"},{\"@type\":\"Organization\",\"@id\":\"https:\\\/\\\/shop.bantam.ch\\\/de\\\/#organization\",\"name\":\"Bantam Camping AG\",\"url\":\"https:\\\/\\\/shop.bantam.ch\\\/de\\\/\",\"logo\":{\"@type\":\"ImageObject\",\"inLanguage\":\"de\",\"@id\":\"https:\\\/\\\/shop.bantam.ch\\\/de\\\/#\\\/schema\\\/logo\\\/image\\\/\",\"url\":\"https:\\\/\\\/shop.bantam.ch\\\/wp-content\\\/uploads\\\/2022\\\/12\\\/bantam-logo.png\",\"contentUrl\":\"https:\\\/\\\/shop.bantam.ch\\\/wp-content\\\/uploads\\\/2022\\\/12\\\/bantam-logo.png\",\"width\":320,\"height\":71,\"caption\":\"Bantam Camping AG\"},\"image\":{\"@id\":\"https:\\\/\\\/shop.bantam.ch\\\/de\\\/#\\\/schema\\\/logo\\\/image\\\/\"}}]}<\/script>\n<!-- \/ Yoast SEO plugin. -->","yoast_head_json":{"title":"Nachf\u00fcll\u00f6l 5W-30 LIQUI MOLY - Bantam Camping AG","robots":{"index":"index","follow":"follow","max-snippet":"max-snippet:-1","max-image-preview":"max-image-preview:large","max-video-preview":"max-video-preview:-1"},"canonical":"https:\/\/shop.bantam.ch\/de\/produkt\/nachfuelloel-5w-30-liqui-moly\/","og_locale":"de_DE","og_type":"article","og_title":"Nachf\u00fcll\u00f6l 5W-30 LIQUI MOLY - Bantam Camping AG","og_description":"Unterwegs immer das richtige \u00d6l an Bord! Hightech-Leichtlaufmotor\u00f6l auf Basis Synthesetechnologie. Mit verbesserter Verschlei\u00dfschutzformel. Vermindert \u00d6leindickung durch Ru\u00dfeintrag. Durch maximale Motorleistung und hohe Leistungsreserve schneller und sicherer ans Ziel kommen. \u00dcbertrifft die h\u00f6chsten Testanforderungen namhafter Fahrzeughersteller. Sichert die Funktionsf\u00e4higkeit des Dieselpartikelfilters (DPF) und sorgt f\u00fcr maximale Lebensdauer.","og_url":"https:\/\/shop.bantam.ch\/de\/produkt\/nachfuelloel-5w-30-liqui-moly\/","og_site_name":"Bantam Camping AG","article_modified_time":"2026-04-17T21:32:18+00:00","twitter_card":"summary_large_image","schema":{"@context":"https:\/\/schema.org","@graph":[{"@type":"WebPage","@id":"https:\/\/shop.bantam.ch\/de\/produkt\/nachfuelloel-5w-30-liqui-moly\/","url":"https:\/\/shop.bantam.ch\/de\/produkt\/nachfuelloel-5w-30-liqui-moly\/","name":"Nachf\u00fcll\u00f6l 5W-30 LIQUI MOLY - Bantam Camping AG","isPartOf":{"@id":"https:\/\/shop.bantam.ch\/de\/#website"},"primaryImageOfPage":{"@id":"https:\/\/shop.bantam.ch\/de\/produkt\/nachfuelloel-5w-30-liqui-moly\/#primaryimage"},"image":{"@id":"https:\/\/shop.bantam.ch\/de\/produkt\/nachfuelloel-5w-30-liqui-moly\/#primaryimage"},"thumbnailUrl":"https:\/\/shop.bantam.ch\/wp-content\/uploads\/2025\/03\/Movera-L-9975845100.png","datePublished":"2025-03-14T16:08:08+00:00","dateModified":"2026-04-17T21:32:18+00:00","breadcrumb":{"@id":"https:\/\/shop.bantam.ch\/de\/produkt\/nachfuelloel-5w-30-liqui-moly\/#breadcrumb"},"inLanguage":"de","potentialAction":[{"@type":"ReadAction","target":["https:\/\/shop.bantam.ch\/de\/produkt\/nachfuelloel-5w-30-liqui-moly\/"]}]},{"@type":"ImageObject","inLanguage":"de","@id":"https:\/\/shop.bantam.ch\/de\/produkt\/nachfuelloel-5w-30-liqui-moly\/#primaryimage","url":"https:\/\/shop.bantam.ch\/wp-content\/uploads\/2025\/03\/Movera-L-9975845100.png","contentUrl":"https:\/\/shop.bantam.ch\/wp-content\/uploads\/2025\/03\/Movera-L-9975845100.png","width":640,"height":806},{"@type":"BreadcrumbList","@id":"https:\/\/shop.bantam.ch\/de\/produkt\/nachfuelloel-5w-30-liqui-moly\/#breadcrumb","itemListElement":[{"@type":"ListItem","position":1,"name":"Accueil","item":"https:\/\/shop.bantam.ch\/de\/"},{"@type":"ListItem","position":2,"name":"Shop","item":"https:\/\/shop.bantam.ch\/de\/shop\/"},{"@type":"ListItem","position":3,"name":"Nachf\u00fcll\u00f6l 5W-30 LIQUI MOLY"}]},{"@type":"WebSite","@id":"https:\/\/shop.bantam.ch\/de\/#website","url":"https:\/\/shop.bantam.ch\/de\/","name":"Bantam Camping AG","description":"","publisher":{"@id":"https:\/\/shop.bantam.ch\/de\/#organization"},"inLanguage":"de"},{"@type":"Organization","@id":"https:\/\/shop.bantam.ch\/de\/#organization","name":"Bantam Camping AG","url":"https:\/\/shop.bantam.ch\/de\/","logo":{"@type":"ImageObject","inLanguage":"de","@id":"https:\/\/shop.bantam.ch\/de\/#\/schema\/logo\/image\/","url":"https:\/\/shop.bantam.ch\/wp-content\/uploads\/2022\/12\/bantam-logo.png","contentUrl":"https:\/\/shop.bantam.ch\/wp-content\/uploads\/2022\/12\/bantam-logo.png","width":320,"height":71,"caption":"Bantam Camping AG"},"image":{"@id":"https:\/\/shop.bantam.ch\/de\/#\/schema\/logo\/image\/"}}]}},"_links":{"self":[{"href":"https:\/\/shop.bantam.ch\/de\/wp-json\/wp\/v2\/product\/216901","targetHints":{"allow":["GET"]}}],"collection":[{"href":"https:\/\/shop.bantam.ch\/de\/wp-json\/wp\/v2\/product"}],"about":[{"href":"https:\/\/shop.bantam.ch\/de\/wp-json\/wp\/v2\/types\/product"}],"wp:featuredmedia":[{"embeddable":true,"href":"https:\/\/shop.bantam.ch\/de\/wp-json\/wp\/v2\/media\/216899"}],"wp:attachment":[{"href":"https:\/\/shop.bantam.ch\/de\/wp-json\/wp\/v2\/media?parent=216901"}],"wp:term":[{"taxonomy":"product_featured_cat","embeddable":true,"href":"https:\/\/shop.bantam.ch\/de\/wp-json\/wp\/v2\/product_featured_cat?post=216901"},{"taxonomy":"product_brand","embeddable":true,"href":"https:\/\/shop.bantam.ch\/de\/wp-json\/wp\/v2\/product_brand?post=216901"},{"taxonomy":"product_cat","embeddable":true,"href":"https:\/\/shop.bantam.ch\/de\/wp-json\/wp\/v2\/product_cat?post=216901"},{"taxonomy":"product_tag","embeddable":true,"href":"https:\/\/shop.bantam.ch\/de\/wp-json\/wp\/v2\/product_tag?post=216901"}],"curies":[{"name":"wp","href":"https:\/\/api.w.org\/{rel}","templated":true}]}}