{"id":216877,"date":"2025-03-14T17:07:28","date_gmt":"2025-03-14T16:07:28","guid":{"rendered":"https:\/\/shop.bantam.ch\/produit\/pflege-und-gleitspray-liqui-moly\/"},"modified":"2026-04-17T23:32:11","modified_gmt":"2026-04-17T21:32:11","slug":"pflege-und-gleitspray-liqui-moly","status":"publish","type":"product","link":"https:\/\/shop.bantam.ch\/de\/produkt\/pflege-und-gleitspray-liqui-moly\/","title":{"rendered":"Pflege -und Gleitspray LIQUI MOLY"},"content":{"rendered":"<p>Erleichtert die Montage und Demontage von Vorzelten und Markisen in Kederschienen an Wohnwagen oder Reisemobilen. Verdr\u00e4ngt N\u00e4sse sowie Feuchtigkeit und verharzt und verklebt nicht. Aufgrund seiner Transparenz universell zur Montage, Schmierung und Wartung von Kunststoff- und Gummiteilen einsetzbar. Silikonfrei.&nbsp;<br \/>\nF\u00fcr Vorzelte und Markisen in Kederschienen sowie f\u00fcr Montagearbeiten an Kunststoff- und Gummiteilen. Zudem zur Pflege und Wartung von Kunststoffoberfl\u00e4chen sowie zur Schmierung von Gleitschienen, Fensterf\u00fchrungen, Fenstergummis, Kunststoffrei\u00dfverschl\u00fcssen etc., Fensterf\u00fchrungen, Fenstergummis, Kunststoffrei\u00dfverschl\u00fcssen etc.<\/p>\n","protected":false},"excerpt":{"rendered":"<p>Erleichtert die Montage und Demontage von Vorzelten und Markisen in Kederschienen an Wohnwagen oder Reisemobilen. Verdr\u00e4ngt N\u00e4sse sowie Feuchtigkeit und verharzt und verklebt nicht. Aufgrund seiner Transparenz universell zur Montage, Schmierung und Wartung von Kunststoff- und Gummiteilen einsetzbar. Silikonfrei.&nbsp; F\u00fcr Vorzelte und Markisen in Kederschienen sowie f\u00fcr Montagearbeiten an Kunststoff- und Gummiteilen. Zudem zur Pflege [&hellip;]<\/p>\n","protected":false},"featured_media":216875,"template":"","meta":{"_acf_changed":false},"product_featured_cat":[],"product_brand":[],"product_cat":[5096],"product_tag":[],"class_list":{"0":"post-216877","1":"product","2":"type-product","3":"status-publish","4":"has-post-thumbnail","6":"product_cat-oele","8":"first","9":"instock","10":"taxable","11":"shipping-taxable","12":"purchasable","13":"product-type-simple"},"acf":[],"yoast_head":"<!-- This site is optimized with the Yoast SEO plugin v27.4 - https:\/\/yoast.com\/product\/yoast-seo-wordpress\/ -->\n<title>Pflege -und Gleitspray LIQUI MOLY - Bantam Camping AG<\/title>\n<meta name=\"robots\" content=\"index, follow, max-snippet:-1, max-image-preview:large, max-video-preview:-1\" \/>\n<link rel=\"canonical\" href=\"https:\/\/shop.bantam.ch\/de\/produkt\/pflege-und-gleitspray-liqui-moly\/\" \/>\n<meta property=\"og:locale\" content=\"de_DE\" \/>\n<meta property=\"og:type\" content=\"article\" \/>\n<meta property=\"og:title\" content=\"Pflege -und Gleitspray LIQUI MOLY - Bantam Camping AG\" \/>\n<meta property=\"og:description\" content=\"Erleichtert die Montage und Demontage von Vorzelten und Markisen in Kederschienen an Wohnwagen oder Reisemobilen. Verdr\u00e4ngt N\u00e4sse sowie Feuchtigkeit und verharzt und verklebt nicht. Aufgrund seiner Transparenz universell zur Montage, Schmierung und Wartung von Kunststoff- und Gummiteilen einsetzbar. Silikonfrei.&nbsp; F\u00fcr Vorzelte und Markisen in Kederschienen sowie f\u00fcr Montagearbeiten an Kunststoff- und Gummiteilen. Zudem zur Pflege [&hellip;]\" \/>\n<meta property=\"og:url\" content=\"https:\/\/shop.bantam.ch\/de\/produkt\/pflege-und-gleitspray-liqui-moly\/\" \/>\n<meta property=\"og:site_name\" content=\"Bantam Camping AG\" \/>\n<meta property=\"article:modified_time\" content=\"2026-04-17T21:32:11+00:00\" \/>\n<meta name=\"twitter:card\" content=\"summary_large_image\" \/>\n<script type=\"application\/ld+json\" class=\"yoast-schema-graph\">{\"@context\":\"https:\\\/\\\/schema.org\",\"@graph\":[{\"@type\":\"WebPage\",\"@id\":\"https:\\\/\\\/shop.bantam.ch\\\/de\\\/produkt\\\/pflege-und-gleitspray-liqui-moly\\\/\",\"url\":\"https:\\\/\\\/shop.bantam.ch\\\/de\\\/produkt\\\/pflege-und-gleitspray-liqui-moly\\\/\",\"name\":\"Pflege -und Gleitspray LIQUI MOLY - Bantam Camping AG\",\"isPartOf\":{\"@id\":\"https:\\\/\\\/shop.bantam.ch\\\/de\\\/#website\"},\"primaryImageOfPage\":{\"@id\":\"https:\\\/\\\/shop.bantam.ch\\\/de\\\/produkt\\\/pflege-und-gleitspray-liqui-moly\\\/#primaryimage\"},\"image\":{\"@id\":\"https:\\\/\\\/shop.bantam.ch\\\/de\\\/produkt\\\/pflege-und-gleitspray-liqui-moly\\\/#primaryimage\"},\"thumbnailUrl\":\"https:\\\/\\\/shop.bantam.ch\\\/wp-content\\\/uploads\\\/2025\\\/03\\\/Movera-L-9975839100.png\",\"datePublished\":\"2025-03-14T16:07:28+00:00\",\"dateModified\":\"2026-04-17T21:32:11+00:00\",\"breadcrumb\":{\"@id\":\"https:\\\/\\\/shop.bantam.ch\\\/de\\\/produkt\\\/pflege-und-gleitspray-liqui-moly\\\/#breadcrumb\"},\"inLanguage\":\"de\",\"potentialAction\":[{\"@type\":\"ReadAction\",\"target\":[\"https:\\\/\\\/shop.bantam.ch\\\/de\\\/produkt\\\/pflege-und-gleitspray-liqui-moly\\\/\"]}]},{\"@type\":\"ImageObject\",\"inLanguage\":\"de\",\"@id\":\"https:\\\/\\\/shop.bantam.ch\\\/de\\\/produkt\\\/pflege-und-gleitspray-liqui-moly\\\/#primaryimage\",\"url\":\"https:\\\/\\\/shop.bantam.ch\\\/wp-content\\\/uploads\\\/2025\\\/03\\\/Movera-L-9975839100.png\",\"contentUrl\":\"https:\\\/\\\/shop.bantam.ch\\\/wp-content\\\/uploads\\\/2025\\\/03\\\/Movera-L-9975839100.png\",\"width\":640,\"height\":1599},{\"@type\":\"BreadcrumbList\",\"@id\":\"https:\\\/\\\/shop.bantam.ch\\\/de\\\/produkt\\\/pflege-und-gleitspray-liqui-moly\\\/#breadcrumb\",\"itemListElement\":[{\"@type\":\"ListItem\",\"position\":1,\"name\":\"Accueil\",\"item\":\"https:\\\/\\\/shop.bantam.ch\\\/de\\\/\"},{\"@type\":\"ListItem\",\"position\":2,\"name\":\"Shop\",\"item\":\"https:\\\/\\\/shop.bantam.ch\\\/de\\\/shop\\\/\"},{\"@type\":\"ListItem\",\"position\":3,\"name\":\"Pflege -und Gleitspray LIQUI MOLY\"}]},{\"@type\":\"WebSite\",\"@id\":\"https:\\\/\\\/shop.bantam.ch\\\/de\\\/#website\",\"url\":\"https:\\\/\\\/shop.bantam.ch\\\/de\\\/\",\"name\":\"Bantam Camping AG\",\"description\":\"\",\"publisher\":{\"@id\":\"https:\\\/\\\/shop.bantam.ch\\\/de\\\/#organization\"},\"inLanguage\":\"de\"},{\"@type\":\"Organization\",\"@id\":\"https:\\\/\\\/shop.bantam.ch\\\/de\\\/#organization\",\"name\":\"Bantam Camping AG\",\"url\":\"https:\\\/\\\/shop.bantam.ch\\\/de\\\/\",\"logo\":{\"@type\":\"ImageObject\",\"inLanguage\":\"de\",\"@id\":\"https:\\\/\\\/shop.bantam.ch\\\/de\\\/#\\\/schema\\\/logo\\\/image\\\/\",\"url\":\"https:\\\/\\\/shop.bantam.ch\\\/wp-content\\\/uploads\\\/2022\\\/12\\\/bantam-logo.png\",\"contentUrl\":\"https:\\\/\\\/shop.bantam.ch\\\/wp-content\\\/uploads\\\/2022\\\/12\\\/bantam-logo.png\",\"width\":320,\"height\":71,\"caption\":\"Bantam Camping AG\"},\"image\":{\"@id\":\"https:\\\/\\\/shop.bantam.ch\\\/de\\\/#\\\/schema\\\/logo\\\/image\\\/\"}}]}<\/script>\n<!-- \/ Yoast SEO plugin. -->","yoast_head_json":{"title":"Pflege -und Gleitspray LIQUI MOLY - Bantam Camping AG","robots":{"index":"index","follow":"follow","max-snippet":"max-snippet:-1","max-image-preview":"max-image-preview:large","max-video-preview":"max-video-preview:-1"},"canonical":"https:\/\/shop.bantam.ch\/de\/produkt\/pflege-und-gleitspray-liqui-moly\/","og_locale":"de_DE","og_type":"article","og_title":"Pflege -und Gleitspray LIQUI MOLY - Bantam Camping AG","og_description":"Erleichtert die Montage und Demontage von Vorzelten und Markisen in Kederschienen an Wohnwagen oder Reisemobilen. Verdr\u00e4ngt N\u00e4sse sowie Feuchtigkeit und verharzt und verklebt nicht. Aufgrund seiner Transparenz universell zur Montage, Schmierung und Wartung von Kunststoff- und Gummiteilen einsetzbar. Silikonfrei.&nbsp; F\u00fcr Vorzelte und Markisen in Kederschienen sowie f\u00fcr Montagearbeiten an Kunststoff- und Gummiteilen. Zudem zur Pflege [&hellip;]","og_url":"https:\/\/shop.bantam.ch\/de\/produkt\/pflege-und-gleitspray-liqui-moly\/","og_site_name":"Bantam Camping AG","article_modified_time":"2026-04-17T21:32:11+00:00","twitter_card":"summary_large_image","schema":{"@context":"https:\/\/schema.org","@graph":[{"@type":"WebPage","@id":"https:\/\/shop.bantam.ch\/de\/produkt\/pflege-und-gleitspray-liqui-moly\/","url":"https:\/\/shop.bantam.ch\/de\/produkt\/pflege-und-gleitspray-liqui-moly\/","name":"Pflege -und Gleitspray LIQUI MOLY - Bantam Camping AG","isPartOf":{"@id":"https:\/\/shop.bantam.ch\/de\/#website"},"primaryImageOfPage":{"@id":"https:\/\/shop.bantam.ch\/de\/produkt\/pflege-und-gleitspray-liqui-moly\/#primaryimage"},"image":{"@id":"https:\/\/shop.bantam.ch\/de\/produkt\/pflege-und-gleitspray-liqui-moly\/#primaryimage"},"thumbnailUrl":"https:\/\/shop.bantam.ch\/wp-content\/uploads\/2025\/03\/Movera-L-9975839100.png","datePublished":"2025-03-14T16:07:28+00:00","dateModified":"2026-04-17T21:32:11+00:00","breadcrumb":{"@id":"https:\/\/shop.bantam.ch\/de\/produkt\/pflege-und-gleitspray-liqui-moly\/#breadcrumb"},"inLanguage":"de","potentialAction":[{"@type":"ReadAction","target":["https:\/\/shop.bantam.ch\/de\/produkt\/pflege-und-gleitspray-liqui-moly\/"]}]},{"@type":"ImageObject","inLanguage":"de","@id":"https:\/\/shop.bantam.ch\/de\/produkt\/pflege-und-gleitspray-liqui-moly\/#primaryimage","url":"https:\/\/shop.bantam.ch\/wp-content\/uploads\/2025\/03\/Movera-L-9975839100.png","contentUrl":"https:\/\/shop.bantam.ch\/wp-content\/uploads\/2025\/03\/Movera-L-9975839100.png","width":640,"height":1599},{"@type":"BreadcrumbList","@id":"https:\/\/shop.bantam.ch\/de\/produkt\/pflege-und-gleitspray-liqui-moly\/#breadcrumb","itemListElement":[{"@type":"ListItem","position":1,"name":"Accueil","item":"https:\/\/shop.bantam.ch\/de\/"},{"@type":"ListItem","position":2,"name":"Shop","item":"https:\/\/shop.bantam.ch\/de\/shop\/"},{"@type":"ListItem","position":3,"name":"Pflege -und Gleitspray LIQUI MOLY"}]},{"@type":"WebSite","@id":"https:\/\/shop.bantam.ch\/de\/#website","url":"https:\/\/shop.bantam.ch\/de\/","name":"Bantam Camping AG","description":"","publisher":{"@id":"https:\/\/shop.bantam.ch\/de\/#organization"},"inLanguage":"de"},{"@type":"Organization","@id":"https:\/\/shop.bantam.ch\/de\/#organization","name":"Bantam Camping AG","url":"https:\/\/shop.bantam.ch\/de\/","logo":{"@type":"ImageObject","inLanguage":"de","@id":"https:\/\/shop.bantam.ch\/de\/#\/schema\/logo\/image\/","url":"https:\/\/shop.bantam.ch\/wp-content\/uploads\/2022\/12\/bantam-logo.png","contentUrl":"https:\/\/shop.bantam.ch\/wp-content\/uploads\/2022\/12\/bantam-logo.png","width":320,"height":71,"caption":"Bantam Camping AG"},"image":{"@id":"https:\/\/shop.bantam.ch\/de\/#\/schema\/logo\/image\/"}}]}},"_links":{"self":[{"href":"https:\/\/shop.bantam.ch\/de\/wp-json\/wp\/v2\/product\/216877","targetHints":{"allow":["GET"]}}],"collection":[{"href":"https:\/\/shop.bantam.ch\/de\/wp-json\/wp\/v2\/product"}],"about":[{"href":"https:\/\/shop.bantam.ch\/de\/wp-json\/wp\/v2\/types\/product"}],"wp:featuredmedia":[{"embeddable":true,"href":"https:\/\/shop.bantam.ch\/de\/wp-json\/wp\/v2\/media\/216875"}],"wp:attachment":[{"href":"https:\/\/shop.bantam.ch\/de\/wp-json\/wp\/v2\/media?parent=216877"}],"wp:term":[{"taxonomy":"product_featured_cat","embeddable":true,"href":"https:\/\/shop.bantam.ch\/de\/wp-json\/wp\/v2\/product_featured_cat?post=216877"},{"taxonomy":"product_brand","embeddable":true,"href":"https:\/\/shop.bantam.ch\/de\/wp-json\/wp\/v2\/product_brand?post=216877"},{"taxonomy":"product_cat","embeddable":true,"href":"https:\/\/shop.bantam.ch\/de\/wp-json\/wp\/v2\/product_cat?post=216877"},{"taxonomy":"product_tag","embeddable":true,"href":"https:\/\/shop.bantam.ch\/de\/wp-json\/wp\/v2\/product_tag?post=216877"}],"curies":[{"name":"wp","href":"https:\/\/api.w.org\/{rel}","templated":true}]}}