{"id":216859,"date":"2025-03-14T17:07:03","date_gmt":"2025-03-14T16:07:03","guid":{"rendered":"https:\/\/shop.bantam.ch\/produit\/fernseher-smart-tv-19-zoll\/"},"modified":"2026-05-10T23:31:10","modified_gmt":"2026-05-10T21:31:10","slug":"fernseher-smart-tv-19-zoll","status":"publish","type":"product","link":"https:\/\/shop.bantam.ch\/de\/produkt\/fernseher-smart-tv-19-zoll\/","title":{"rendered":"Fernseher Smart TV 19 Zoll"},"content":{"rendered":"<p>Dieses moderne Ger\u00e4t vereint Technologie und Komfort, um ein beeindruckendes Unterhaltungserlebnis zu bieten. Mit integriertem Android 14.0 k\u00f6nnen Sie von einfachen und kostenlosen Updates profitieren, die stets f\u00fcr aktuelle Anwendungen und Funktionen sorgen. Dank des integrierten WiFi und der CAST-Funktion k\u00f6nnen Sie m\u00fchelos Inhalte von Ihren Ger\u00e4ten streamen. Die HD-Aufl\u00f6sung von 1366 x 768 Pixel sorgt f\u00fcr eine klare und scharfe Bildqualit\u00e4t, w\u00e4hrend der sehr geringe Stromverbrauch in der Energieklasse A (nur 19W) nicht nur die Umwelt, sondern auch Ihre Stromrechnung schont. Ein praktischer EIN\/AUS-Schalter ist integriert, um den Betrieb noch einfacher zu gestalten. Der ULTRA HD DVB-T2 kompatible Tuner erm\u00f6glicht Ihnen den Empfang einer Vielzahl von Fernsehsendern in bester Qualit\u00e4t. Das Ger\u00e4t besticht durch sein elegantes Design in schwarzem Hochglanz und f\u00fcgt sich nahtlos in jede Umgebung ein. F\u00fcr zus\u00e4tzliche Flexibilit\u00e4t verf\u00fcgt es \u00fcber einen USB-Anschluss, der die Wiedergabe von Audio- und Videodateien erm\u00f6glicht. Die Kompatibilit\u00e4t mit 12\/24\/220V macht es besonders vielseitig einsetzbar.<br \/>\nInklusive 12V-Zigarettenanz\u00fcnderkabel und 220V-Stecker.<\/p>\n","protected":false},"excerpt":{"rendered":"<p>Dieses moderne Ger\u00e4t vereint Technologie und Komfort, um ein beeindruckendes Unterhaltungserlebnis zu bieten. Mit integriertem Android 14.0 k\u00f6nnen Sie von einfachen und kostenlosen Updates profitieren, die stets f\u00fcr aktuelle Anwendungen und Funktionen sorgen. Dank des integrierten WiFi und der CAST-Funktion k\u00f6nnen Sie m\u00fchelos Inhalte von Ihren Ger\u00e4ten streamen. Die HD-Aufl\u00f6sung von 1366 x 768 Pixel [&hellip;]<\/p>\n","protected":false},"featured_media":216857,"template":"","meta":{"_acf_changed":false},"product_featured_cat":[],"product_brand":[],"product_cat":[4506],"product_tag":[],"class_list":{"0":"post-216859","1":"product","2":"type-product","3":"status-publish","4":"has-post-thumbnail","6":"product_cat-led-tv","8":"first","9":"instock","10":"taxable","11":"shipping-taxable","12":"purchasable","13":"product-type-simple"},"acf":[],"yoast_head":"<!-- This site is optimized with the Yoast SEO plugin v27.5 - https:\/\/yoast.com\/product\/yoast-seo-wordpress\/ -->\n<title>Fernseher Smart TV 19 Zoll - Bantam<\/title>\n<meta name=\"robots\" content=\"index, follow, max-snippet:-1, max-image-preview:large, max-video-preview:-1\" \/>\n<link rel=\"canonical\" href=\"https:\/\/shop.bantam.ch\/de\/produkt\/fernseher-smart-tv-19-zoll\/\" \/>\n<meta property=\"og:locale\" content=\"de_DE\" \/>\n<meta property=\"og:type\" content=\"article\" \/>\n<meta property=\"og:title\" content=\"Fernseher Smart TV 19 Zoll - Bantam\" \/>\n<meta property=\"og:description\" content=\"Dieses moderne Ger\u00e4t vereint Technologie und Komfort, um ein beeindruckendes Unterhaltungserlebnis zu bieten. Mit integriertem Android 14.0 k\u00f6nnen Sie von einfachen und kostenlosen Updates profitieren, die stets f\u00fcr aktuelle Anwendungen und Funktionen sorgen. Dank des integrierten WiFi und der CAST-Funktion k\u00f6nnen Sie m\u00fchelos Inhalte von Ihren Ger\u00e4ten streamen. Die HD-Aufl\u00f6sung von 1366 x 768 Pixel [&hellip;]\" \/>\n<meta property=\"og:url\" content=\"https:\/\/shop.bantam.ch\/de\/produkt\/fernseher-smart-tv-19-zoll\/\" \/>\n<meta property=\"og:site_name\" content=\"Bantam\" \/>\n<meta property=\"article:modified_time\" content=\"2026-05-10T21:31:10+00:00\" \/>\n<meta name=\"twitter:card\" content=\"summary_large_image\" \/>\n<meta name=\"twitter:label1\" content=\"Gesch\u00e4tzte Lesezeit\" \/>\n\t<meta name=\"twitter:data1\" content=\"1\u00a0Minute\" \/>\n<script type=\"application\/ld+json\" class=\"yoast-schema-graph\">{\"@context\":\"https:\\\/\\\/schema.org\",\"@graph\":[{\"@type\":\"WebPage\",\"@id\":\"https:\\\/\\\/shop.bantam.ch\\\/de\\\/produkt\\\/fernseher-smart-tv-19-zoll\\\/\",\"url\":\"https:\\\/\\\/shop.bantam.ch\\\/de\\\/produkt\\\/fernseher-smart-tv-19-zoll\\\/\",\"name\":\"Fernseher Smart TV 19 Zoll - Bantam\",\"isPartOf\":{\"@id\":\"https:\\\/\\\/shop.bantam.ch\\\/de\\\/#website\"},\"primaryImageOfPage\":{\"@id\":\"https:\\\/\\\/shop.bantam.ch\\\/de\\\/produkt\\\/fernseher-smart-tv-19-zoll\\\/#primaryimage\"},\"image\":{\"@id\":\"https:\\\/\\\/shop.bantam.ch\\\/de\\\/produkt\\\/fernseher-smart-tv-19-zoll\\\/#primaryimage\"},\"thumbnailUrl\":\"https:\\\/\\\/shop.bantam.ch\\\/wp-content\\\/uploads\\\/2025\\\/03\\\/Movera-L-9975835100.jpg\",\"datePublished\":\"2025-03-14T16:07:03+00:00\",\"dateModified\":\"2026-05-10T21:31:10+00:00\",\"breadcrumb\":{\"@id\":\"https:\\\/\\\/shop.bantam.ch\\\/de\\\/produkt\\\/fernseher-smart-tv-19-zoll\\\/#breadcrumb\"},\"inLanguage\":\"de\",\"potentialAction\":[{\"@type\":\"ReadAction\",\"target\":[\"https:\\\/\\\/shop.bantam.ch\\\/de\\\/produkt\\\/fernseher-smart-tv-19-zoll\\\/\"]}]},{\"@type\":\"ImageObject\",\"inLanguage\":\"de\",\"@id\":\"https:\\\/\\\/shop.bantam.ch\\\/de\\\/produkt\\\/fernseher-smart-tv-19-zoll\\\/#primaryimage\",\"url\":\"https:\\\/\\\/shop.bantam.ch\\\/wp-content\\\/uploads\\\/2025\\\/03\\\/Movera-L-9975835100.jpg\",\"contentUrl\":\"https:\\\/\\\/shop.bantam.ch\\\/wp-content\\\/uploads\\\/2025\\\/03\\\/Movera-L-9975835100.jpg\",\"width\":640,\"height\":411},{\"@type\":\"BreadcrumbList\",\"@id\":\"https:\\\/\\\/shop.bantam.ch\\\/de\\\/produkt\\\/fernseher-smart-tv-19-zoll\\\/#breadcrumb\",\"itemListElement\":[{\"@type\":\"ListItem\",\"position\":1,\"name\":\"Accueil\",\"item\":\"https:\\\/\\\/shop.bantam.ch\\\/de\\\/\"},{\"@type\":\"ListItem\",\"position\":2,\"name\":\"Shop\",\"item\":\"https:\\\/\\\/shop.bantam.ch\\\/de\\\/shop\\\/\"},{\"@type\":\"ListItem\",\"position\":3,\"name\":\"Fernseher Smart TV 19 Zoll\"}]},{\"@type\":\"WebSite\",\"@id\":\"https:\\\/\\\/shop.bantam.ch\\\/de\\\/#website\",\"url\":\"https:\\\/\\\/shop.bantam.ch\\\/de\\\/\",\"name\":\"Bantam\",\"description\":\"\",\"publisher\":{\"@id\":\"https:\\\/\\\/shop.bantam.ch\\\/de\\\/#organization\"},\"inLanguage\":\"de\"},{\"@type\":\"Organization\",\"@id\":\"https:\\\/\\\/shop.bantam.ch\\\/de\\\/#organization\",\"name\":\"Bantam\",\"url\":\"https:\\\/\\\/shop.bantam.ch\\\/de\\\/\",\"logo\":{\"@type\":\"ImageObject\",\"inLanguage\":\"de\",\"@id\":\"https:\\\/\\\/shop.bantam.ch\\\/de\\\/#\\\/schema\\\/logo\\\/image\\\/\",\"url\":\"https:\\\/\\\/shop.bantam.ch\\\/wp-content\\\/uploads\\\/2022\\\/12\\\/bantam-logo.png\",\"contentUrl\":\"https:\\\/\\\/shop.bantam.ch\\\/wp-content\\\/uploads\\\/2022\\\/12\\\/bantam-logo.png\",\"width\":320,\"height\":71,\"caption\":\"Bantam\"},\"image\":{\"@id\":\"https:\\\/\\\/shop.bantam.ch\\\/de\\\/#\\\/schema\\\/logo\\\/image\\\/\"}}]}<\/script>\n<!-- \/ Yoast SEO plugin. -->","yoast_head_json":{"title":"Fernseher Smart TV 19 Zoll - Bantam","robots":{"index":"index","follow":"follow","max-snippet":"max-snippet:-1","max-image-preview":"max-image-preview:large","max-video-preview":"max-video-preview:-1"},"canonical":"https:\/\/shop.bantam.ch\/de\/produkt\/fernseher-smart-tv-19-zoll\/","og_locale":"de_DE","og_type":"article","og_title":"Fernseher Smart TV 19 Zoll - Bantam","og_description":"Dieses moderne Ger\u00e4t vereint Technologie und Komfort, um ein beeindruckendes Unterhaltungserlebnis zu bieten. Mit integriertem Android 14.0 k\u00f6nnen Sie von einfachen und kostenlosen Updates profitieren, die stets f\u00fcr aktuelle Anwendungen und Funktionen sorgen. Dank des integrierten WiFi und der CAST-Funktion k\u00f6nnen Sie m\u00fchelos Inhalte von Ihren Ger\u00e4ten streamen. Die HD-Aufl\u00f6sung von 1366 x 768 Pixel [&hellip;]","og_url":"https:\/\/shop.bantam.ch\/de\/produkt\/fernseher-smart-tv-19-zoll\/","og_site_name":"Bantam","article_modified_time":"2026-05-10T21:31:10+00:00","twitter_card":"summary_large_image","twitter_misc":{"Gesch\u00e4tzte Lesezeit":"1\u00a0Minute"},"schema":{"@context":"https:\/\/schema.org","@graph":[{"@type":"WebPage","@id":"https:\/\/shop.bantam.ch\/de\/produkt\/fernseher-smart-tv-19-zoll\/","url":"https:\/\/shop.bantam.ch\/de\/produkt\/fernseher-smart-tv-19-zoll\/","name":"Fernseher Smart TV 19 Zoll - Bantam","isPartOf":{"@id":"https:\/\/shop.bantam.ch\/de\/#website"},"primaryImageOfPage":{"@id":"https:\/\/shop.bantam.ch\/de\/produkt\/fernseher-smart-tv-19-zoll\/#primaryimage"},"image":{"@id":"https:\/\/shop.bantam.ch\/de\/produkt\/fernseher-smart-tv-19-zoll\/#primaryimage"},"thumbnailUrl":"https:\/\/shop.bantam.ch\/wp-content\/uploads\/2025\/03\/Movera-L-9975835100.jpg","datePublished":"2025-03-14T16:07:03+00:00","dateModified":"2026-05-10T21:31:10+00:00","breadcrumb":{"@id":"https:\/\/shop.bantam.ch\/de\/produkt\/fernseher-smart-tv-19-zoll\/#breadcrumb"},"inLanguage":"de","potentialAction":[{"@type":"ReadAction","target":["https:\/\/shop.bantam.ch\/de\/produkt\/fernseher-smart-tv-19-zoll\/"]}]},{"@type":"ImageObject","inLanguage":"de","@id":"https:\/\/shop.bantam.ch\/de\/produkt\/fernseher-smart-tv-19-zoll\/#primaryimage","url":"https:\/\/shop.bantam.ch\/wp-content\/uploads\/2025\/03\/Movera-L-9975835100.jpg","contentUrl":"https:\/\/shop.bantam.ch\/wp-content\/uploads\/2025\/03\/Movera-L-9975835100.jpg","width":640,"height":411},{"@type":"BreadcrumbList","@id":"https:\/\/shop.bantam.ch\/de\/produkt\/fernseher-smart-tv-19-zoll\/#breadcrumb","itemListElement":[{"@type":"ListItem","position":1,"name":"Accueil","item":"https:\/\/shop.bantam.ch\/de\/"},{"@type":"ListItem","position":2,"name":"Shop","item":"https:\/\/shop.bantam.ch\/de\/shop\/"},{"@type":"ListItem","position":3,"name":"Fernseher Smart TV 19 Zoll"}]},{"@type":"WebSite","@id":"https:\/\/shop.bantam.ch\/de\/#website","url":"https:\/\/shop.bantam.ch\/de\/","name":"Bantam","description":"","publisher":{"@id":"https:\/\/shop.bantam.ch\/de\/#organization"},"inLanguage":"de"},{"@type":"Organization","@id":"https:\/\/shop.bantam.ch\/de\/#organization","name":"Bantam","url":"https:\/\/shop.bantam.ch\/de\/","logo":{"@type":"ImageObject","inLanguage":"de","@id":"https:\/\/shop.bantam.ch\/de\/#\/schema\/logo\/image\/","url":"https:\/\/shop.bantam.ch\/wp-content\/uploads\/2022\/12\/bantam-logo.png","contentUrl":"https:\/\/shop.bantam.ch\/wp-content\/uploads\/2022\/12\/bantam-logo.png","width":320,"height":71,"caption":"Bantam"},"image":{"@id":"https:\/\/shop.bantam.ch\/de\/#\/schema\/logo\/image\/"}}]}},"_links":{"self":[{"href":"https:\/\/shop.bantam.ch\/de\/wp-json\/wp\/v2\/product\/216859","targetHints":{"allow":["GET"]}}],"collection":[{"href":"https:\/\/shop.bantam.ch\/de\/wp-json\/wp\/v2\/product"}],"about":[{"href":"https:\/\/shop.bantam.ch\/de\/wp-json\/wp\/v2\/types\/product"}],"wp:featuredmedia":[{"embeddable":true,"href":"https:\/\/shop.bantam.ch\/de\/wp-json\/wp\/v2\/media\/216857"}],"wp:attachment":[{"href":"https:\/\/shop.bantam.ch\/de\/wp-json\/wp\/v2\/media?parent=216859"}],"wp:term":[{"taxonomy":"product_featured_cat","embeddable":true,"href":"https:\/\/shop.bantam.ch\/de\/wp-json\/wp\/v2\/product_featured_cat?post=216859"},{"taxonomy":"product_brand","embeddable":true,"href":"https:\/\/shop.bantam.ch\/de\/wp-json\/wp\/v2\/product_brand?post=216859"},{"taxonomy":"product_cat","embeddable":true,"href":"https:\/\/shop.bantam.ch\/de\/wp-json\/wp\/v2\/product_cat?post=216859"},{"taxonomy":"product_tag","embeddable":true,"href":"https:\/\/shop.bantam.ch\/de\/wp-json\/wp\/v2\/product_tag?post=216859"}],"curies":[{"name":"wp","href":"https:\/\/api.w.org\/{rel}","templated":true}]}}