{"id":216827,"date":"2025-03-14T17:06:15","date_gmt":"2025-03-14T16:06:15","guid":{"rendered":"https:\/\/shop.bantam.ch\/produit\/einzelkamera-cam-440-schwarz\/"},"modified":"2026-04-17T23:31:56","modified_gmt":"2026-04-17T21:31:56","slug":"einzelkamera-cam-440-schwarz","status":"publish","type":"product","link":"https:\/\/shop.bantam.ch\/de\/produkt\/einzelkamera-cam-440-schwarz\/","title":{"rendered":"Einzelkamera CAM 440 schwarz"},"content":{"rendered":"<p>Diese kompakte Kugelkamera ist ein Zusatzmodul f\u00fcr das Basisset CAM 440. Sie wird einfach an den vorbereiteten Kabelbaum der CAM 440 angeschlossen und bietet die gleichen Funktionen: R\u00fcckansicht des fahrzeugnahen Bereichs und gezoomte Fernsicht. Wenn Sie am unteren Heck angebracht wird, hilft Ihnen die Kamera, wichtige Bereiche im Auge zu behalten, die unter einem Fahrradtr\u00e4ger oder einer Hebeb\u00fchne verborgen sind. Seitlich montiert erm\u00f6glicht sie ein sicheres Fahren auf engen Stra\u00dfen und in Einfahrten.<\/p>\n<p>R\u00fcckansicht: AHD:H:165\u00b15\u00b0V:115\u00b15\u00b0CVBS:170\u00b15\u00b0V:103\u00b15\u00b0&nbsp;<br \/>\nFernansicht: AHD:H:113\u00b15\u00b0V:68\u00b15\u00b0CVBS:104\u00b15\u00b0V:62\u00b15\u00b0<\/p>\n","protected":false},"excerpt":{"rendered":"<p>Diese kompakte Kugelkamera ist ein Zusatzmodul f\u00fcr das Basisset CAM 440. Sie wird einfach an den vorbereiteten Kabelbaum der CAM 440 angeschlossen und bietet die gleichen Funktionen: R\u00fcckansicht des fahrzeugnahen Bereichs und gezoomte Fernsicht. Wenn Sie am unteren Heck angebracht wird, hilft Ihnen die Kamera, wichtige Bereiche im Auge zu behalten, die unter einem Fahrradtr\u00e4ger [&hellip;]<\/p>\n","protected":false},"featured_media":216821,"template":"","meta":{"_acf_changed":false},"product_featured_cat":[],"product_brand":[],"product_cat":[5002],"product_tag":[],"class_list":{"0":"post-216827","1":"product","2":"type-product","3":"status-publish","4":"has-post-thumbnail","6":"product_cat-kameras","8":"first","9":"instock","10":"taxable","11":"shipping-taxable","12":"purchasable","13":"product-type-simple"},"acf":[],"yoast_head":"<!-- This site is optimized with the Yoast SEO plugin v27.4 - https:\/\/yoast.com\/product\/yoast-seo-wordpress\/ -->\n<title>Einzelkamera CAM 440 schwarz - Bantam Camping AG<\/title>\n<meta name=\"robots\" content=\"index, follow, max-snippet:-1, max-image-preview:large, max-video-preview:-1\" \/>\n<link rel=\"canonical\" href=\"https:\/\/shop.bantam.ch\/de\/produkt\/einzelkamera-cam-440-schwarz\/\" \/>\n<meta property=\"og:locale\" content=\"de_DE\" \/>\n<meta property=\"og:type\" content=\"article\" \/>\n<meta property=\"og:title\" content=\"Einzelkamera CAM 440 schwarz - Bantam Camping AG\" \/>\n<meta property=\"og:description\" content=\"Diese kompakte Kugelkamera ist ein Zusatzmodul f\u00fcr das Basisset CAM 440. Sie wird einfach an den vorbereiteten Kabelbaum der CAM 440 angeschlossen und bietet die gleichen Funktionen: R\u00fcckansicht des fahrzeugnahen Bereichs und gezoomte Fernsicht. Wenn Sie am unteren Heck angebracht wird, hilft Ihnen die Kamera, wichtige Bereiche im Auge zu behalten, die unter einem Fahrradtr\u00e4ger [&hellip;]\" \/>\n<meta property=\"og:url\" content=\"https:\/\/shop.bantam.ch\/de\/produkt\/einzelkamera-cam-440-schwarz\/\" \/>\n<meta property=\"og:site_name\" content=\"Bantam Camping AG\" \/>\n<meta property=\"article:modified_time\" content=\"2026-04-17T21:31:56+00:00\" \/>\n<meta name=\"twitter:card\" content=\"summary_large_image\" \/>\n<script type=\"application\/ld+json\" class=\"yoast-schema-graph\">{\"@context\":\"https:\\\/\\\/schema.org\",\"@graph\":[{\"@type\":\"WebPage\",\"@id\":\"https:\\\/\\\/shop.bantam.ch\\\/de\\\/produkt\\\/einzelkamera-cam-440-schwarz\\\/\",\"url\":\"https:\\\/\\\/shop.bantam.ch\\\/de\\\/produkt\\\/einzelkamera-cam-440-schwarz\\\/\",\"name\":\"Einzelkamera CAM 440 schwarz - Bantam Camping AG\",\"isPartOf\":{\"@id\":\"https:\\\/\\\/shop.bantam.ch\\\/de\\\/#website\"},\"primaryImageOfPage\":{\"@id\":\"https:\\\/\\\/shop.bantam.ch\\\/de\\\/produkt\\\/einzelkamera-cam-440-schwarz\\\/#primaryimage\"},\"image\":{\"@id\":\"https:\\\/\\\/shop.bantam.ch\\\/de\\\/produkt\\\/einzelkamera-cam-440-schwarz\\\/#primaryimage\"},\"thumbnailUrl\":\"https:\\\/\\\/shop.bantam.ch\\\/wp-content\\\/uploads\\\/2025\\\/03\\\/Movera-L-9975823100.jpg\",\"datePublished\":\"2025-03-14T16:06:15+00:00\",\"dateModified\":\"2026-04-17T21:31:56+00:00\",\"breadcrumb\":{\"@id\":\"https:\\\/\\\/shop.bantam.ch\\\/de\\\/produkt\\\/einzelkamera-cam-440-schwarz\\\/#breadcrumb\"},\"inLanguage\":\"de\",\"potentialAction\":[{\"@type\":\"ReadAction\",\"target\":[\"https:\\\/\\\/shop.bantam.ch\\\/de\\\/produkt\\\/einzelkamera-cam-440-schwarz\\\/\"]}]},{\"@type\":\"ImageObject\",\"inLanguage\":\"de\",\"@id\":\"https:\\\/\\\/shop.bantam.ch\\\/de\\\/produkt\\\/einzelkamera-cam-440-schwarz\\\/#primaryimage\",\"url\":\"https:\\\/\\\/shop.bantam.ch\\\/wp-content\\\/uploads\\\/2025\\\/03\\\/Movera-L-9975823100.jpg\",\"contentUrl\":\"https:\\\/\\\/shop.bantam.ch\\\/wp-content\\\/uploads\\\/2025\\\/03\\\/Movera-L-9975823100.jpg\",\"width\":640,\"height\":640},{\"@type\":\"BreadcrumbList\",\"@id\":\"https:\\\/\\\/shop.bantam.ch\\\/de\\\/produkt\\\/einzelkamera-cam-440-schwarz\\\/#breadcrumb\",\"itemListElement\":[{\"@type\":\"ListItem\",\"position\":1,\"name\":\"Accueil\",\"item\":\"https:\\\/\\\/shop.bantam.ch\\\/de\\\/\"},{\"@type\":\"ListItem\",\"position\":2,\"name\":\"Shop\",\"item\":\"https:\\\/\\\/shop.bantam.ch\\\/de\\\/shop\\\/\"},{\"@type\":\"ListItem\",\"position\":3,\"name\":\"Einzelkamera CAM 440 schwarz\"}]},{\"@type\":\"WebSite\",\"@id\":\"https:\\\/\\\/shop.bantam.ch\\\/de\\\/#website\",\"url\":\"https:\\\/\\\/shop.bantam.ch\\\/de\\\/\",\"name\":\"Bantam Camping AG\",\"description\":\"\",\"publisher\":{\"@id\":\"https:\\\/\\\/shop.bantam.ch\\\/de\\\/#organization\"},\"inLanguage\":\"de\"},{\"@type\":\"Organization\",\"@id\":\"https:\\\/\\\/shop.bantam.ch\\\/de\\\/#organization\",\"name\":\"Bantam Camping AG\",\"url\":\"https:\\\/\\\/shop.bantam.ch\\\/de\\\/\",\"logo\":{\"@type\":\"ImageObject\",\"inLanguage\":\"de\",\"@id\":\"https:\\\/\\\/shop.bantam.ch\\\/de\\\/#\\\/schema\\\/logo\\\/image\\\/\",\"url\":\"https:\\\/\\\/shop.bantam.ch\\\/wp-content\\\/uploads\\\/2022\\\/12\\\/bantam-logo.png\",\"contentUrl\":\"https:\\\/\\\/shop.bantam.ch\\\/wp-content\\\/uploads\\\/2022\\\/12\\\/bantam-logo.png\",\"width\":320,\"height\":71,\"caption\":\"Bantam Camping AG\"},\"image\":{\"@id\":\"https:\\\/\\\/shop.bantam.ch\\\/de\\\/#\\\/schema\\\/logo\\\/image\\\/\"}}]}<\/script>\n<!-- \/ Yoast SEO plugin. -->","yoast_head_json":{"title":"Einzelkamera CAM 440 schwarz - Bantam Camping AG","robots":{"index":"index","follow":"follow","max-snippet":"max-snippet:-1","max-image-preview":"max-image-preview:large","max-video-preview":"max-video-preview:-1"},"canonical":"https:\/\/shop.bantam.ch\/de\/produkt\/einzelkamera-cam-440-schwarz\/","og_locale":"de_DE","og_type":"article","og_title":"Einzelkamera CAM 440 schwarz - Bantam Camping AG","og_description":"Diese kompakte Kugelkamera ist ein Zusatzmodul f\u00fcr das Basisset CAM 440. Sie wird einfach an den vorbereiteten Kabelbaum der CAM 440 angeschlossen und bietet die gleichen Funktionen: R\u00fcckansicht des fahrzeugnahen Bereichs und gezoomte Fernsicht. Wenn Sie am unteren Heck angebracht wird, hilft Ihnen die Kamera, wichtige Bereiche im Auge zu behalten, die unter einem Fahrradtr\u00e4ger [&hellip;]","og_url":"https:\/\/shop.bantam.ch\/de\/produkt\/einzelkamera-cam-440-schwarz\/","og_site_name":"Bantam Camping AG","article_modified_time":"2026-04-17T21:31:56+00:00","twitter_card":"summary_large_image","schema":{"@context":"https:\/\/schema.org","@graph":[{"@type":"WebPage","@id":"https:\/\/shop.bantam.ch\/de\/produkt\/einzelkamera-cam-440-schwarz\/","url":"https:\/\/shop.bantam.ch\/de\/produkt\/einzelkamera-cam-440-schwarz\/","name":"Einzelkamera CAM 440 schwarz - Bantam Camping AG","isPartOf":{"@id":"https:\/\/shop.bantam.ch\/de\/#website"},"primaryImageOfPage":{"@id":"https:\/\/shop.bantam.ch\/de\/produkt\/einzelkamera-cam-440-schwarz\/#primaryimage"},"image":{"@id":"https:\/\/shop.bantam.ch\/de\/produkt\/einzelkamera-cam-440-schwarz\/#primaryimage"},"thumbnailUrl":"https:\/\/shop.bantam.ch\/wp-content\/uploads\/2025\/03\/Movera-L-9975823100.jpg","datePublished":"2025-03-14T16:06:15+00:00","dateModified":"2026-04-17T21:31:56+00:00","breadcrumb":{"@id":"https:\/\/shop.bantam.ch\/de\/produkt\/einzelkamera-cam-440-schwarz\/#breadcrumb"},"inLanguage":"de","potentialAction":[{"@type":"ReadAction","target":["https:\/\/shop.bantam.ch\/de\/produkt\/einzelkamera-cam-440-schwarz\/"]}]},{"@type":"ImageObject","inLanguage":"de","@id":"https:\/\/shop.bantam.ch\/de\/produkt\/einzelkamera-cam-440-schwarz\/#primaryimage","url":"https:\/\/shop.bantam.ch\/wp-content\/uploads\/2025\/03\/Movera-L-9975823100.jpg","contentUrl":"https:\/\/shop.bantam.ch\/wp-content\/uploads\/2025\/03\/Movera-L-9975823100.jpg","width":640,"height":640},{"@type":"BreadcrumbList","@id":"https:\/\/shop.bantam.ch\/de\/produkt\/einzelkamera-cam-440-schwarz\/#breadcrumb","itemListElement":[{"@type":"ListItem","position":1,"name":"Accueil","item":"https:\/\/shop.bantam.ch\/de\/"},{"@type":"ListItem","position":2,"name":"Shop","item":"https:\/\/shop.bantam.ch\/de\/shop\/"},{"@type":"ListItem","position":3,"name":"Einzelkamera CAM 440 schwarz"}]},{"@type":"WebSite","@id":"https:\/\/shop.bantam.ch\/de\/#website","url":"https:\/\/shop.bantam.ch\/de\/","name":"Bantam Camping AG","description":"","publisher":{"@id":"https:\/\/shop.bantam.ch\/de\/#organization"},"inLanguage":"de"},{"@type":"Organization","@id":"https:\/\/shop.bantam.ch\/de\/#organization","name":"Bantam Camping AG","url":"https:\/\/shop.bantam.ch\/de\/","logo":{"@type":"ImageObject","inLanguage":"de","@id":"https:\/\/shop.bantam.ch\/de\/#\/schema\/logo\/image\/","url":"https:\/\/shop.bantam.ch\/wp-content\/uploads\/2022\/12\/bantam-logo.png","contentUrl":"https:\/\/shop.bantam.ch\/wp-content\/uploads\/2022\/12\/bantam-logo.png","width":320,"height":71,"caption":"Bantam Camping AG"},"image":{"@id":"https:\/\/shop.bantam.ch\/de\/#\/schema\/logo\/image\/"}}]}},"_links":{"self":[{"href":"https:\/\/shop.bantam.ch\/de\/wp-json\/wp\/v2\/product\/216827","targetHints":{"allow":["GET"]}}],"collection":[{"href":"https:\/\/shop.bantam.ch\/de\/wp-json\/wp\/v2\/product"}],"about":[{"href":"https:\/\/shop.bantam.ch\/de\/wp-json\/wp\/v2\/types\/product"}],"wp:featuredmedia":[{"embeddable":true,"href":"https:\/\/shop.bantam.ch\/de\/wp-json\/wp\/v2\/media\/216821"}],"wp:attachment":[{"href":"https:\/\/shop.bantam.ch\/de\/wp-json\/wp\/v2\/media?parent=216827"}],"wp:term":[{"taxonomy":"product_featured_cat","embeddable":true,"href":"https:\/\/shop.bantam.ch\/de\/wp-json\/wp\/v2\/product_featured_cat?post=216827"},{"taxonomy":"product_brand","embeddable":true,"href":"https:\/\/shop.bantam.ch\/de\/wp-json\/wp\/v2\/product_brand?post=216827"},{"taxonomy":"product_cat","embeddable":true,"href":"https:\/\/shop.bantam.ch\/de\/wp-json\/wp\/v2\/product_cat?post=216827"},{"taxonomy":"product_tag","embeddable":true,"href":"https:\/\/shop.bantam.ch\/de\/wp-json\/wp\/v2\/product_tag?post=216827"}],"curies":[{"name":"wp","href":"https:\/\/api.w.org\/{rel}","templated":true}]}}