{"id":216763,"date":"2025-03-14T17:04:58","date_gmt":"2025-03-14T16:04:58","guid":{"rendered":"https:\/\/shop.bantam.ch\/produit\/rueckfahrkamera-perfectview-cam35-2-0-schwarz\/"},"modified":"2026-04-18T23:35:01","modified_gmt":"2026-04-18T21:35:01","slug":"rueckfahrkamera-perfectview-cam35-2-0-schwarz","status":"publish","type":"product","link":"https:\/\/shop.bantam.ch\/de\/produkt\/rueckfahrkamera-perfectview-cam35-2-0-schwarz\/","title":{"rendered":"R\u00fcckfahrkamera PerfectView CAM35 2.0 schwarz"},"content":{"rendered":"<p>Die PerfectView CAM35 2.0 TWIN ist eine topmoderne Kamera speziell f\u00fcr den FIAT Ducato X250 und X290. Ein sicherer Einbau ohne Bohren ist garantiert. Die kompakte Bremslichtkonsole verf\u00fcgt \u00fcber ein 150\u00b0 Weitwinkelobjektiv f\u00fcr optimale Nahsicht beim R\u00fcckw\u00e4rtsfahren und ein Objektiv mit 90\u00b0 diagonalem Bildwinkel f\u00fcr perfekte Fernsicht beim Vorw\u00e4rtsfahren. Erleben Sie eine bessere Nachtsicht und w\u00e4hlbare AHD-\/CVBS-Videoformate. Dank der verringerten Komplexit\u00e4t und eines 2-in-1-Adapters f\u00fcr die meisten Monitore garantiert diese moderne R\u00fcckfahrkamera maximale Sicherheit und Komfort auf der Stra\u00dfe.<\/p>\n","protected":false},"excerpt":{"rendered":"<p>Die PerfectView CAM35 2.0 TWIN ist eine topmoderne Kamera speziell f\u00fcr den FIAT Ducato X250 und X290. Ein sicherer Einbau ohne Bohren ist garantiert. Die kompakte Bremslichtkonsole verf\u00fcgt \u00fcber ein 150\u00b0 Weitwinkelobjektiv f\u00fcr optimale Nahsicht beim R\u00fcckw\u00e4rtsfahren und ein Objektiv mit 90\u00b0 diagonalem Bildwinkel f\u00fcr perfekte Fernsicht beim Vorw\u00e4rtsfahren. Erleben Sie eine bessere Nachtsicht und [&hellip;]<\/p>\n","protected":false},"featured_media":216761,"template":"","meta":{"_acf_changed":false},"product_featured_cat":[],"product_brand":[],"product_cat":[5002],"product_tag":[],"class_list":{"0":"post-216763","1":"product","2":"type-product","3":"status-publish","4":"has-post-thumbnail","6":"product_cat-kameras","8":"first","9":"instock","10":"taxable","11":"shipping-taxable","12":"purchasable","13":"product-type-simple"},"acf":[],"yoast_head":"<!-- This site is optimized with the Yoast SEO plugin v27.4 - https:\/\/yoast.com\/product\/yoast-seo-wordpress\/ -->\n<title>R\u00fcckfahrkamera PerfectView CAM35 2.0 schwarz - Bantam Camping AG<\/title>\n<meta name=\"robots\" content=\"index, follow, max-snippet:-1, max-image-preview:large, max-video-preview:-1\" \/>\n<link rel=\"canonical\" href=\"https:\/\/shop.bantam.ch\/de\/produkt\/rueckfahrkamera-perfectview-cam35-2-0-schwarz\/\" \/>\n<meta property=\"og:locale\" content=\"de_DE\" \/>\n<meta property=\"og:type\" content=\"article\" \/>\n<meta property=\"og:title\" content=\"R\u00fcckfahrkamera PerfectView CAM35 2.0 schwarz - Bantam Camping AG\" \/>\n<meta property=\"og:description\" content=\"Die PerfectView CAM35 2.0 TWIN ist eine topmoderne Kamera speziell f\u00fcr den FIAT Ducato X250 und X290. Ein sicherer Einbau ohne Bohren ist garantiert. Die kompakte Bremslichtkonsole verf\u00fcgt \u00fcber ein 150\u00b0 Weitwinkelobjektiv f\u00fcr optimale Nahsicht beim R\u00fcckw\u00e4rtsfahren und ein Objektiv mit 90\u00b0 diagonalem Bildwinkel f\u00fcr perfekte Fernsicht beim Vorw\u00e4rtsfahren. Erleben Sie eine bessere Nachtsicht und [&hellip;]\" \/>\n<meta property=\"og:url\" content=\"https:\/\/shop.bantam.ch\/de\/produkt\/rueckfahrkamera-perfectview-cam35-2-0-schwarz\/\" \/>\n<meta property=\"og:site_name\" content=\"Bantam Camping AG\" \/>\n<meta property=\"article:modified_time\" content=\"2026-04-18T21:35:01+00:00\" \/>\n<meta name=\"twitter:card\" content=\"summary_large_image\" \/>\n<script type=\"application\/ld+json\" class=\"yoast-schema-graph\">{\"@context\":\"https:\\\/\\\/schema.org\",\"@graph\":[{\"@type\":\"WebPage\",\"@id\":\"https:\\\/\\\/shop.bantam.ch\\\/de\\\/produkt\\\/rueckfahrkamera-perfectview-cam35-2-0-schwarz\\\/\",\"url\":\"https:\\\/\\\/shop.bantam.ch\\\/de\\\/produkt\\\/rueckfahrkamera-perfectview-cam35-2-0-schwarz\\\/\",\"name\":\"R\u00fcckfahrkamera PerfectView CAM35 2.0 schwarz - Bantam Camping AG\",\"isPartOf\":{\"@id\":\"https:\\\/\\\/shop.bantam.ch\\\/de\\\/#website\"},\"primaryImageOfPage\":{\"@id\":\"https:\\\/\\\/shop.bantam.ch\\\/de\\\/produkt\\\/rueckfahrkamera-perfectview-cam35-2-0-schwarz\\\/#primaryimage\"},\"image\":{\"@id\":\"https:\\\/\\\/shop.bantam.ch\\\/de\\\/produkt\\\/rueckfahrkamera-perfectview-cam35-2-0-schwarz\\\/#primaryimage\"},\"thumbnailUrl\":\"https:\\\/\\\/shop.bantam.ch\\\/wp-content\\\/uploads\\\/2025\\\/03\\\/Movera-L-9975805100.png\",\"datePublished\":\"2025-03-14T16:04:58+00:00\",\"dateModified\":\"2026-04-18T21:35:01+00:00\",\"breadcrumb\":{\"@id\":\"https:\\\/\\\/shop.bantam.ch\\\/de\\\/produkt\\\/rueckfahrkamera-perfectview-cam35-2-0-schwarz\\\/#breadcrumb\"},\"inLanguage\":\"de\",\"potentialAction\":[{\"@type\":\"ReadAction\",\"target\":[\"https:\\\/\\\/shop.bantam.ch\\\/de\\\/produkt\\\/rueckfahrkamera-perfectview-cam35-2-0-schwarz\\\/\"]}]},{\"@type\":\"ImageObject\",\"inLanguage\":\"de\",\"@id\":\"https:\\\/\\\/shop.bantam.ch\\\/de\\\/produkt\\\/rueckfahrkamera-perfectview-cam35-2-0-schwarz\\\/#primaryimage\",\"url\":\"https:\\\/\\\/shop.bantam.ch\\\/wp-content\\\/uploads\\\/2025\\\/03\\\/Movera-L-9975805100.png\",\"contentUrl\":\"https:\\\/\\\/shop.bantam.ch\\\/wp-content\\\/uploads\\\/2025\\\/03\\\/Movera-L-9975805100.png\",\"width\":640,\"height\":640},{\"@type\":\"BreadcrumbList\",\"@id\":\"https:\\\/\\\/shop.bantam.ch\\\/de\\\/produkt\\\/rueckfahrkamera-perfectview-cam35-2-0-schwarz\\\/#breadcrumb\",\"itemListElement\":[{\"@type\":\"ListItem\",\"position\":1,\"name\":\"Accueil\",\"item\":\"https:\\\/\\\/shop.bantam.ch\\\/de\\\/\"},{\"@type\":\"ListItem\",\"position\":2,\"name\":\"Shop\",\"item\":\"https:\\\/\\\/shop.bantam.ch\\\/de\\\/shop\\\/\"},{\"@type\":\"ListItem\",\"position\":3,\"name\":\"R\u00fcckfahrkamera PerfectView CAM35 2.0 schwarz\"}]},{\"@type\":\"WebSite\",\"@id\":\"https:\\\/\\\/shop.bantam.ch\\\/de\\\/#website\",\"url\":\"https:\\\/\\\/shop.bantam.ch\\\/de\\\/\",\"name\":\"Bantam Camping AG\",\"description\":\"\",\"publisher\":{\"@id\":\"https:\\\/\\\/shop.bantam.ch\\\/de\\\/#organization\"},\"inLanguage\":\"de\"},{\"@type\":\"Organization\",\"@id\":\"https:\\\/\\\/shop.bantam.ch\\\/de\\\/#organization\",\"name\":\"Bantam Camping AG\",\"url\":\"https:\\\/\\\/shop.bantam.ch\\\/de\\\/\",\"logo\":{\"@type\":\"ImageObject\",\"inLanguage\":\"de\",\"@id\":\"https:\\\/\\\/shop.bantam.ch\\\/de\\\/#\\\/schema\\\/logo\\\/image\\\/\",\"url\":\"https:\\\/\\\/shop.bantam.ch\\\/wp-content\\\/uploads\\\/2022\\\/12\\\/bantam-logo.png\",\"contentUrl\":\"https:\\\/\\\/shop.bantam.ch\\\/wp-content\\\/uploads\\\/2022\\\/12\\\/bantam-logo.png\",\"width\":320,\"height\":71,\"caption\":\"Bantam Camping AG\"},\"image\":{\"@id\":\"https:\\\/\\\/shop.bantam.ch\\\/de\\\/#\\\/schema\\\/logo\\\/image\\\/\"}}]}<\/script>\n<!-- \/ Yoast SEO plugin. -->","yoast_head_json":{"title":"R\u00fcckfahrkamera PerfectView CAM35 2.0 schwarz - Bantam Camping AG","robots":{"index":"index","follow":"follow","max-snippet":"max-snippet:-1","max-image-preview":"max-image-preview:large","max-video-preview":"max-video-preview:-1"},"canonical":"https:\/\/shop.bantam.ch\/de\/produkt\/rueckfahrkamera-perfectview-cam35-2-0-schwarz\/","og_locale":"de_DE","og_type":"article","og_title":"R\u00fcckfahrkamera PerfectView CAM35 2.0 schwarz - Bantam Camping AG","og_description":"Die PerfectView CAM35 2.0 TWIN ist eine topmoderne Kamera speziell f\u00fcr den FIAT Ducato X250 und X290. Ein sicherer Einbau ohne Bohren ist garantiert. Die kompakte Bremslichtkonsole verf\u00fcgt \u00fcber ein 150\u00b0 Weitwinkelobjektiv f\u00fcr optimale Nahsicht beim R\u00fcckw\u00e4rtsfahren und ein Objektiv mit 90\u00b0 diagonalem Bildwinkel f\u00fcr perfekte Fernsicht beim Vorw\u00e4rtsfahren. Erleben Sie eine bessere Nachtsicht und [&hellip;]","og_url":"https:\/\/shop.bantam.ch\/de\/produkt\/rueckfahrkamera-perfectview-cam35-2-0-schwarz\/","og_site_name":"Bantam Camping AG","article_modified_time":"2026-04-18T21:35:01+00:00","twitter_card":"summary_large_image","schema":{"@context":"https:\/\/schema.org","@graph":[{"@type":"WebPage","@id":"https:\/\/shop.bantam.ch\/de\/produkt\/rueckfahrkamera-perfectview-cam35-2-0-schwarz\/","url":"https:\/\/shop.bantam.ch\/de\/produkt\/rueckfahrkamera-perfectview-cam35-2-0-schwarz\/","name":"R\u00fcckfahrkamera PerfectView CAM35 2.0 schwarz - Bantam Camping AG","isPartOf":{"@id":"https:\/\/shop.bantam.ch\/de\/#website"},"primaryImageOfPage":{"@id":"https:\/\/shop.bantam.ch\/de\/produkt\/rueckfahrkamera-perfectview-cam35-2-0-schwarz\/#primaryimage"},"image":{"@id":"https:\/\/shop.bantam.ch\/de\/produkt\/rueckfahrkamera-perfectview-cam35-2-0-schwarz\/#primaryimage"},"thumbnailUrl":"https:\/\/shop.bantam.ch\/wp-content\/uploads\/2025\/03\/Movera-L-9975805100.png","datePublished":"2025-03-14T16:04:58+00:00","dateModified":"2026-04-18T21:35:01+00:00","breadcrumb":{"@id":"https:\/\/shop.bantam.ch\/de\/produkt\/rueckfahrkamera-perfectview-cam35-2-0-schwarz\/#breadcrumb"},"inLanguage":"de","potentialAction":[{"@type":"ReadAction","target":["https:\/\/shop.bantam.ch\/de\/produkt\/rueckfahrkamera-perfectview-cam35-2-0-schwarz\/"]}]},{"@type":"ImageObject","inLanguage":"de","@id":"https:\/\/shop.bantam.ch\/de\/produkt\/rueckfahrkamera-perfectview-cam35-2-0-schwarz\/#primaryimage","url":"https:\/\/shop.bantam.ch\/wp-content\/uploads\/2025\/03\/Movera-L-9975805100.png","contentUrl":"https:\/\/shop.bantam.ch\/wp-content\/uploads\/2025\/03\/Movera-L-9975805100.png","width":640,"height":640},{"@type":"BreadcrumbList","@id":"https:\/\/shop.bantam.ch\/de\/produkt\/rueckfahrkamera-perfectview-cam35-2-0-schwarz\/#breadcrumb","itemListElement":[{"@type":"ListItem","position":1,"name":"Accueil","item":"https:\/\/shop.bantam.ch\/de\/"},{"@type":"ListItem","position":2,"name":"Shop","item":"https:\/\/shop.bantam.ch\/de\/shop\/"},{"@type":"ListItem","position":3,"name":"R\u00fcckfahrkamera PerfectView CAM35 2.0 schwarz"}]},{"@type":"WebSite","@id":"https:\/\/shop.bantam.ch\/de\/#website","url":"https:\/\/shop.bantam.ch\/de\/","name":"Bantam Camping AG","description":"","publisher":{"@id":"https:\/\/shop.bantam.ch\/de\/#organization"},"inLanguage":"de"},{"@type":"Organization","@id":"https:\/\/shop.bantam.ch\/de\/#organization","name":"Bantam Camping AG","url":"https:\/\/shop.bantam.ch\/de\/","logo":{"@type":"ImageObject","inLanguage":"de","@id":"https:\/\/shop.bantam.ch\/de\/#\/schema\/logo\/image\/","url":"https:\/\/shop.bantam.ch\/wp-content\/uploads\/2022\/12\/bantam-logo.png","contentUrl":"https:\/\/shop.bantam.ch\/wp-content\/uploads\/2022\/12\/bantam-logo.png","width":320,"height":71,"caption":"Bantam Camping AG"},"image":{"@id":"https:\/\/shop.bantam.ch\/de\/#\/schema\/logo\/image\/"}}]}},"_links":{"self":[{"href":"https:\/\/shop.bantam.ch\/de\/wp-json\/wp\/v2\/product\/216763","targetHints":{"allow":["GET"]}}],"collection":[{"href":"https:\/\/shop.bantam.ch\/de\/wp-json\/wp\/v2\/product"}],"about":[{"href":"https:\/\/shop.bantam.ch\/de\/wp-json\/wp\/v2\/types\/product"}],"wp:featuredmedia":[{"embeddable":true,"href":"https:\/\/shop.bantam.ch\/de\/wp-json\/wp\/v2\/media\/216761"}],"wp:attachment":[{"href":"https:\/\/shop.bantam.ch\/de\/wp-json\/wp\/v2\/media?parent=216763"}],"wp:term":[{"taxonomy":"product_featured_cat","embeddable":true,"href":"https:\/\/shop.bantam.ch\/de\/wp-json\/wp\/v2\/product_featured_cat?post=216763"},{"taxonomy":"product_brand","embeddable":true,"href":"https:\/\/shop.bantam.ch\/de\/wp-json\/wp\/v2\/product_brand?post=216763"},{"taxonomy":"product_cat","embeddable":true,"href":"https:\/\/shop.bantam.ch\/de\/wp-json\/wp\/v2\/product_cat?post=216763"},{"taxonomy":"product_tag","embeddable":true,"href":"https:\/\/shop.bantam.ch\/de\/wp-json\/wp\/v2\/product_tag?post=216763"}],"curies":[{"name":"wp","href":"https:\/\/api.w.org\/{rel}","templated":true}]}}