{"id":216755,"date":"2025-03-14T17:04:46","date_gmt":"2025-03-14T16:04:46","guid":{"rendered":"https:\/\/shop.bantam.ch\/produit\/i-net-15-paket-4g-router\/"},"modified":"2026-04-18T23:34:55","modified_gmt":"2026-04-18T21:34:55","slug":"i-net-15-paket-4g-router","status":"publish","type":"product","link":"https:\/\/shop.bantam.ch\/de\/produkt\/i-net-15-paket-4g-router\/","title":{"rendered":"I-NET-15 Paket 4G Router"},"content":{"rendered":"<p>Mit ALDEN LTE-Set empfangen und nutzen Sie mobiles LTE- und \/ oder WiFi-Netze auf Reisen. Zur Nutzung ben\u00f6tigen Sie eine SIM-Mobilfunkkarte (nicht im Lieferumfang). Die kompakte Au\u00dfenantenne bietet hohe Leistung bei einfacher Installation. Der leistungsf\u00e4hige CAT6 LTE (bis 300 Mbit) Router erm\u00f6glicht eine sehr gute Internetverbindung.<\/p>\n<p>ALDEN I-NET 151 Router<br \/>\n4G \/ LTE CAT_6 \/ bis zu 300 Mbps&nbsp;<br \/>\nVerbindung von bis zu 150 Ger\u00e4ten&nbsp;<br \/>\nMobilfunknetze 4G \/ 3G&nbsp;<br \/>\nEinfach zu installieren \u00fcber WEB-APP&nbsp;<br \/>\n1 x SIM-Kartensteckplatz, 1x LAN \/ 1x WAN&nbsp;<br \/>\nWifi 2.4Ghz&nbsp;<br \/>\nEing\u00e4nge: 2x SMA f\u00fcr 4G \/3G \/ 2x WiFi&nbsp;<br \/>\nStromversorgung: 12V (9-30V)&nbsp;<br \/>\nMa\u00dfe (LxBxT): 100 x 85 x 30 mm, Gewicht: 0,254 kg&nbsp;&nbsp; &nbsp;<\/p>\n<p>ALDEN I-Net 151 Antenne<br \/>\n5G \/ 4G Antenne&nbsp;<br \/>\n2.4Ghz \/ 5.0 GHz&nbsp;<br \/>\n2x LTE \/ 2x WiFi&nbsp;<br \/>\nEinfach zu installieren&nbsp;<br \/>\nMa\u00dfe: (L x B) 150 x 44 mm&nbsp;<br \/>\nGewicht: 0,284 kg<\/p>\n","protected":false},"excerpt":{"rendered":"<p>Mit ALDEN LTE-Set empfangen und nutzen Sie mobiles LTE- und \/ oder WiFi-Netze auf Reisen. Zur Nutzung ben\u00f6tigen Sie eine SIM-Mobilfunkkarte (nicht im Lieferumfang). Die kompakte Au\u00dfenantenne bietet hohe Leistung bei einfacher Installation. Der leistungsf\u00e4hige CAT6 LTE (bis 300 Mbit) Router erm\u00f6glicht eine sehr gute Internetverbindung. ALDEN I-NET 151 Router 4G \/ LTE CAT_6 \/ [&hellip;]<\/p>\n","protected":false},"featured_media":216749,"template":"","meta":{"_acf_changed":false},"product_featured_cat":[],"product_brand":[],"product_cat":[5152],"product_tag":[],"class_list":{"0":"post-216755","1":"product","2":"type-product","3":"status-publish","4":"has-post-thumbnail","6":"product_cat-wlan-lte-antennen","8":"first","9":"instock","10":"taxable","11":"shipping-taxable","12":"purchasable","13":"product-type-simple"},"acf":[],"yoast_head":"<!-- This site is optimized with the Yoast SEO plugin v27.4 - https:\/\/yoast.com\/product\/yoast-seo-wordpress\/ -->\n<title>I-NET-15 Paket 4G Router - Bantam Camping AG<\/title>\n<meta name=\"robots\" content=\"index, follow, max-snippet:-1, max-image-preview:large, max-video-preview:-1\" \/>\n<link rel=\"canonical\" href=\"https:\/\/shop.bantam.ch\/de\/produkt\/i-net-15-paket-4g-router\/\" \/>\n<meta property=\"og:locale\" content=\"de_DE\" \/>\n<meta property=\"og:type\" content=\"article\" \/>\n<meta property=\"og:title\" content=\"I-NET-15 Paket 4G Router - Bantam Camping AG\" \/>\n<meta property=\"og:description\" content=\"Mit ALDEN LTE-Set empfangen und nutzen Sie mobiles LTE- und \/ oder WiFi-Netze auf Reisen. Zur Nutzung ben\u00f6tigen Sie eine SIM-Mobilfunkkarte (nicht im Lieferumfang). Die kompakte Au\u00dfenantenne bietet hohe Leistung bei einfacher Installation. Der leistungsf\u00e4hige CAT6 LTE (bis 300 Mbit) Router erm\u00f6glicht eine sehr gute Internetverbindung. ALDEN I-NET 151 Router 4G \/ LTE CAT_6 \/ [&hellip;]\" \/>\n<meta property=\"og:url\" content=\"https:\/\/shop.bantam.ch\/de\/produkt\/i-net-15-paket-4g-router\/\" \/>\n<meta property=\"og:site_name\" content=\"Bantam Camping AG\" \/>\n<meta property=\"article:modified_time\" content=\"2026-04-18T21:34:55+00:00\" \/>\n<meta name=\"twitter:card\" content=\"summary_large_image\" \/>\n<meta name=\"twitter:label1\" content=\"Gesch\u00e4tzte Lesezeit\" \/>\n\t<meta name=\"twitter:data1\" content=\"1\u00a0Minute\" \/>\n<script type=\"application\/ld+json\" class=\"yoast-schema-graph\">{\"@context\":\"https:\\\/\\\/schema.org\",\"@graph\":[{\"@type\":\"WebPage\",\"@id\":\"https:\\\/\\\/shop.bantam.ch\\\/de\\\/produkt\\\/i-net-15-paket-4g-router\\\/\",\"url\":\"https:\\\/\\\/shop.bantam.ch\\\/de\\\/produkt\\\/i-net-15-paket-4g-router\\\/\",\"name\":\"I-NET-15 Paket 4G Router - Bantam Camping AG\",\"isPartOf\":{\"@id\":\"https:\\\/\\\/shop.bantam.ch\\\/de\\\/#website\"},\"primaryImageOfPage\":{\"@id\":\"https:\\\/\\\/shop.bantam.ch\\\/de\\\/produkt\\\/i-net-15-paket-4g-router\\\/#primaryimage\"},\"image\":{\"@id\":\"https:\\\/\\\/shop.bantam.ch\\\/de\\\/produkt\\\/i-net-15-paket-4g-router\\\/#primaryimage\"},\"thumbnailUrl\":\"https:\\\/\\\/shop.bantam.ch\\\/wp-content\\\/uploads\\\/2025\\\/03\\\/Movera-L-9975806100.png\",\"datePublished\":\"2025-03-14T16:04:46+00:00\",\"dateModified\":\"2026-04-18T21:34:55+00:00\",\"breadcrumb\":{\"@id\":\"https:\\\/\\\/shop.bantam.ch\\\/de\\\/produkt\\\/i-net-15-paket-4g-router\\\/#breadcrumb\"},\"inLanguage\":\"de\",\"potentialAction\":[{\"@type\":\"ReadAction\",\"target\":[\"https:\\\/\\\/shop.bantam.ch\\\/de\\\/produkt\\\/i-net-15-paket-4g-router\\\/\"]}]},{\"@type\":\"ImageObject\",\"inLanguage\":\"de\",\"@id\":\"https:\\\/\\\/shop.bantam.ch\\\/de\\\/produkt\\\/i-net-15-paket-4g-router\\\/#primaryimage\",\"url\":\"https:\\\/\\\/shop.bantam.ch\\\/wp-content\\\/uploads\\\/2025\\\/03\\\/Movera-L-9975806100.png\",\"contentUrl\":\"https:\\\/\\\/shop.bantam.ch\\\/wp-content\\\/uploads\\\/2025\\\/03\\\/Movera-L-9975806100.png\",\"width\":640,\"height\":640},{\"@type\":\"BreadcrumbList\",\"@id\":\"https:\\\/\\\/shop.bantam.ch\\\/de\\\/produkt\\\/i-net-15-paket-4g-router\\\/#breadcrumb\",\"itemListElement\":[{\"@type\":\"ListItem\",\"position\":1,\"name\":\"Accueil\",\"item\":\"https:\\\/\\\/shop.bantam.ch\\\/de\\\/\"},{\"@type\":\"ListItem\",\"position\":2,\"name\":\"Shop\",\"item\":\"https:\\\/\\\/shop.bantam.ch\\\/de\\\/shop\\\/\"},{\"@type\":\"ListItem\",\"position\":3,\"name\":\"I-NET-15 Paket 4G Router\"}]},{\"@type\":\"WebSite\",\"@id\":\"https:\\\/\\\/shop.bantam.ch\\\/de\\\/#website\",\"url\":\"https:\\\/\\\/shop.bantam.ch\\\/de\\\/\",\"name\":\"Bantam Camping AG\",\"description\":\"\",\"publisher\":{\"@id\":\"https:\\\/\\\/shop.bantam.ch\\\/de\\\/#organization\"},\"inLanguage\":\"de\"},{\"@type\":\"Organization\",\"@id\":\"https:\\\/\\\/shop.bantam.ch\\\/de\\\/#organization\",\"name\":\"Bantam Camping AG\",\"url\":\"https:\\\/\\\/shop.bantam.ch\\\/de\\\/\",\"logo\":{\"@type\":\"ImageObject\",\"inLanguage\":\"de\",\"@id\":\"https:\\\/\\\/shop.bantam.ch\\\/de\\\/#\\\/schema\\\/logo\\\/image\\\/\",\"url\":\"https:\\\/\\\/shop.bantam.ch\\\/wp-content\\\/uploads\\\/2022\\\/12\\\/bantam-logo.png\",\"contentUrl\":\"https:\\\/\\\/shop.bantam.ch\\\/wp-content\\\/uploads\\\/2022\\\/12\\\/bantam-logo.png\",\"width\":320,\"height\":71,\"caption\":\"Bantam Camping AG\"},\"image\":{\"@id\":\"https:\\\/\\\/shop.bantam.ch\\\/de\\\/#\\\/schema\\\/logo\\\/image\\\/\"}}]}<\/script>\n<!-- \/ Yoast SEO plugin. -->","yoast_head_json":{"title":"I-NET-15 Paket 4G Router - Bantam Camping AG","robots":{"index":"index","follow":"follow","max-snippet":"max-snippet:-1","max-image-preview":"max-image-preview:large","max-video-preview":"max-video-preview:-1"},"canonical":"https:\/\/shop.bantam.ch\/de\/produkt\/i-net-15-paket-4g-router\/","og_locale":"de_DE","og_type":"article","og_title":"I-NET-15 Paket 4G Router - Bantam Camping AG","og_description":"Mit ALDEN LTE-Set empfangen und nutzen Sie mobiles LTE- und \/ oder WiFi-Netze auf Reisen. Zur Nutzung ben\u00f6tigen Sie eine SIM-Mobilfunkkarte (nicht im Lieferumfang). Die kompakte Au\u00dfenantenne bietet hohe Leistung bei einfacher Installation. Der leistungsf\u00e4hige CAT6 LTE (bis 300 Mbit) Router erm\u00f6glicht eine sehr gute Internetverbindung. ALDEN I-NET 151 Router 4G \/ LTE CAT_6 \/ [&hellip;]","og_url":"https:\/\/shop.bantam.ch\/de\/produkt\/i-net-15-paket-4g-router\/","og_site_name":"Bantam Camping AG","article_modified_time":"2026-04-18T21:34:55+00:00","twitter_card":"summary_large_image","twitter_misc":{"Gesch\u00e4tzte Lesezeit":"1\u00a0Minute"},"schema":{"@context":"https:\/\/schema.org","@graph":[{"@type":"WebPage","@id":"https:\/\/shop.bantam.ch\/de\/produkt\/i-net-15-paket-4g-router\/","url":"https:\/\/shop.bantam.ch\/de\/produkt\/i-net-15-paket-4g-router\/","name":"I-NET-15 Paket 4G Router - Bantam Camping AG","isPartOf":{"@id":"https:\/\/shop.bantam.ch\/de\/#website"},"primaryImageOfPage":{"@id":"https:\/\/shop.bantam.ch\/de\/produkt\/i-net-15-paket-4g-router\/#primaryimage"},"image":{"@id":"https:\/\/shop.bantam.ch\/de\/produkt\/i-net-15-paket-4g-router\/#primaryimage"},"thumbnailUrl":"https:\/\/shop.bantam.ch\/wp-content\/uploads\/2025\/03\/Movera-L-9975806100.png","datePublished":"2025-03-14T16:04:46+00:00","dateModified":"2026-04-18T21:34:55+00:00","breadcrumb":{"@id":"https:\/\/shop.bantam.ch\/de\/produkt\/i-net-15-paket-4g-router\/#breadcrumb"},"inLanguage":"de","potentialAction":[{"@type":"ReadAction","target":["https:\/\/shop.bantam.ch\/de\/produkt\/i-net-15-paket-4g-router\/"]}]},{"@type":"ImageObject","inLanguage":"de","@id":"https:\/\/shop.bantam.ch\/de\/produkt\/i-net-15-paket-4g-router\/#primaryimage","url":"https:\/\/shop.bantam.ch\/wp-content\/uploads\/2025\/03\/Movera-L-9975806100.png","contentUrl":"https:\/\/shop.bantam.ch\/wp-content\/uploads\/2025\/03\/Movera-L-9975806100.png","width":640,"height":640},{"@type":"BreadcrumbList","@id":"https:\/\/shop.bantam.ch\/de\/produkt\/i-net-15-paket-4g-router\/#breadcrumb","itemListElement":[{"@type":"ListItem","position":1,"name":"Accueil","item":"https:\/\/shop.bantam.ch\/de\/"},{"@type":"ListItem","position":2,"name":"Shop","item":"https:\/\/shop.bantam.ch\/de\/shop\/"},{"@type":"ListItem","position":3,"name":"I-NET-15 Paket 4G Router"}]},{"@type":"WebSite","@id":"https:\/\/shop.bantam.ch\/de\/#website","url":"https:\/\/shop.bantam.ch\/de\/","name":"Bantam Camping AG","description":"","publisher":{"@id":"https:\/\/shop.bantam.ch\/de\/#organization"},"inLanguage":"de"},{"@type":"Organization","@id":"https:\/\/shop.bantam.ch\/de\/#organization","name":"Bantam Camping AG","url":"https:\/\/shop.bantam.ch\/de\/","logo":{"@type":"ImageObject","inLanguage":"de","@id":"https:\/\/shop.bantam.ch\/de\/#\/schema\/logo\/image\/","url":"https:\/\/shop.bantam.ch\/wp-content\/uploads\/2022\/12\/bantam-logo.png","contentUrl":"https:\/\/shop.bantam.ch\/wp-content\/uploads\/2022\/12\/bantam-logo.png","width":320,"height":71,"caption":"Bantam Camping AG"},"image":{"@id":"https:\/\/shop.bantam.ch\/de\/#\/schema\/logo\/image\/"}}]}},"_links":{"self":[{"href":"https:\/\/shop.bantam.ch\/de\/wp-json\/wp\/v2\/product\/216755","targetHints":{"allow":["GET"]}}],"collection":[{"href":"https:\/\/shop.bantam.ch\/de\/wp-json\/wp\/v2\/product"}],"about":[{"href":"https:\/\/shop.bantam.ch\/de\/wp-json\/wp\/v2\/types\/product"}],"wp:featuredmedia":[{"embeddable":true,"href":"https:\/\/shop.bantam.ch\/de\/wp-json\/wp\/v2\/media\/216749"}],"wp:attachment":[{"href":"https:\/\/shop.bantam.ch\/de\/wp-json\/wp\/v2\/media?parent=216755"}],"wp:term":[{"taxonomy":"product_featured_cat","embeddable":true,"href":"https:\/\/shop.bantam.ch\/de\/wp-json\/wp\/v2\/product_featured_cat?post=216755"},{"taxonomy":"product_brand","embeddable":true,"href":"https:\/\/shop.bantam.ch\/de\/wp-json\/wp\/v2\/product_brand?post=216755"},{"taxonomy":"product_cat","embeddable":true,"href":"https:\/\/shop.bantam.ch\/de\/wp-json\/wp\/v2\/product_cat?post=216755"},{"taxonomy":"product_tag","embeddable":true,"href":"https:\/\/shop.bantam.ch\/de\/wp-json\/wp\/v2\/product_tag?post=216755"}],"curies":[{"name":"wp","href":"https:\/\/api.w.org\/{rel}","templated":true}]}}