{"id":216523,"date":"2025-03-14T16:59:24","date_gmt":"2025-03-14T15:59:24","guid":{"rendered":"https:\/\/shop.bantam.ch\/produit\/tv-halterung-alphatronics-slim-mount-160-rotation\/"},"modified":"2026-04-17T23:31:08","modified_gmt":"2026-04-17T21:31:08","slug":"tv-halterung-alphatronics-slim-mount-160-rotation","status":"publish","type":"product","link":"https:\/\/shop.bantam.ch\/de\/produkt\/tv-halterung-alphatronics-slim-mount-160-rotation\/","title":{"rendered":"TV Halterung alphatronics Slim Mount 160 Rotation"},"content":{"rendered":"<p>Unsere modulare SLIM MOUNT Linie bietet maximale Flexibilit\u00e4t und Anpassungsf\u00e4higkeit. Mit identischen Grundplatten f\u00fcr Wand- und TV-Seite k\u00f6nnen Sie das System jederzeit nachr\u00fcsten. Diese Modularit\u00e4t garantiert eine zukunftssichere L\u00f6sung. Entwickelt in Deutschland, \u00fcberzeugt die SLIM MOUNT Linie durch h\u00f6chste Qualit\u00e4t und ist durch Patente gesch\u00fctzt. Die ultraflache Montage sorgt f\u00fcr ein elegantes Erscheinungsbild mit minimalem Wandabstand. Universell einsetzbar, unterst\u00fctzt sie VESA-Standards 100 x 100 und 200 x 100 f\u00fcr TVs von 19 bis 40 Zoll. Der innovative Drehmechanismus erm\u00f6glicht pr\u00e4zise Bildschirmpositionierung \u2013 f\u00fcr perfekte Optik und Funktionalit.<\/p>\n","protected":false},"excerpt":{"rendered":"<p>Unsere modulare SLIM MOUNT Linie bietet maximale Flexibilit\u00e4t und Anpassungsf\u00e4higkeit. Mit identischen Grundplatten f\u00fcr Wand- und TV-Seite k\u00f6nnen Sie das System jederzeit nachr\u00fcsten. Diese Modularit\u00e4t garantiert eine zukunftssichere L\u00f6sung. Entwickelt in Deutschland, \u00fcberzeugt die SLIM MOUNT Linie durch h\u00f6chste Qualit\u00e4t und ist durch Patente gesch\u00fctzt. Die ultraflache Montage sorgt f\u00fcr ein elegantes Erscheinungsbild mit minimalem [&hellip;]<\/p>\n","protected":false},"featured_media":216519,"template":"","meta":{"_acf_changed":false},"product_featured_cat":[],"product_brand":[],"product_cat":[4986],"product_tag":[],"class_list":{"0":"post-216523","1":"product","2":"type-product","3":"status-publish","4":"has-post-thumbnail","6":"product_cat-tv-halterungen","8":"first","9":"instock","10":"taxable","11":"shipping-taxable","12":"purchasable","13":"product-type-simple"},"acf":[],"yoast_head":"<!-- This site is optimized with the Yoast SEO plugin v27.4 - https:\/\/yoast.com\/product\/yoast-seo-wordpress\/ -->\n<title>TV Halterung alphatronics Slim Mount 160 Rotation - Bantam Camping AG<\/title>\n<meta name=\"robots\" content=\"index, follow, max-snippet:-1, max-image-preview:large, max-video-preview:-1\" \/>\n<link rel=\"canonical\" href=\"https:\/\/shop.bantam.ch\/de\/produkt\/tv-halterung-alphatronics-slim-mount-160-rotation\/\" \/>\n<meta property=\"og:locale\" content=\"de_DE\" \/>\n<meta property=\"og:type\" content=\"article\" \/>\n<meta property=\"og:title\" content=\"TV Halterung alphatronics Slim Mount 160 Rotation - Bantam Camping AG\" \/>\n<meta property=\"og:description\" content=\"Unsere modulare SLIM MOUNT Linie bietet maximale Flexibilit\u00e4t und Anpassungsf\u00e4higkeit. Mit identischen Grundplatten f\u00fcr Wand- und TV-Seite k\u00f6nnen Sie das System jederzeit nachr\u00fcsten. Diese Modularit\u00e4t garantiert eine zukunftssichere L\u00f6sung. Entwickelt in Deutschland, \u00fcberzeugt die SLIM MOUNT Linie durch h\u00f6chste Qualit\u00e4t und ist durch Patente gesch\u00fctzt. Die ultraflache Montage sorgt f\u00fcr ein elegantes Erscheinungsbild mit minimalem [&hellip;]\" \/>\n<meta property=\"og:url\" content=\"https:\/\/shop.bantam.ch\/de\/produkt\/tv-halterung-alphatronics-slim-mount-160-rotation\/\" \/>\n<meta property=\"og:site_name\" content=\"Bantam Camping AG\" \/>\n<meta property=\"article:modified_time\" content=\"2026-04-17T21:31:08+00:00\" \/>\n<meta name=\"twitter:card\" content=\"summary_large_image\" \/>\n<script type=\"application\/ld+json\" class=\"yoast-schema-graph\">{\"@context\":\"https:\\\/\\\/schema.org\",\"@graph\":[{\"@type\":\"WebPage\",\"@id\":\"https:\\\/\\\/shop.bantam.ch\\\/de\\\/produkt\\\/tv-halterung-alphatronics-slim-mount-160-rotation\\\/\",\"url\":\"https:\\\/\\\/shop.bantam.ch\\\/de\\\/produkt\\\/tv-halterung-alphatronics-slim-mount-160-rotation\\\/\",\"name\":\"TV Halterung alphatronics Slim Mount 160 Rotation - Bantam Camping AG\",\"isPartOf\":{\"@id\":\"https:\\\/\\\/shop.bantam.ch\\\/de\\\/#website\"},\"primaryImageOfPage\":{\"@id\":\"https:\\\/\\\/shop.bantam.ch\\\/de\\\/produkt\\\/tv-halterung-alphatronics-slim-mount-160-rotation\\\/#primaryimage\"},\"image\":{\"@id\":\"https:\\\/\\\/shop.bantam.ch\\\/de\\\/produkt\\\/tv-halterung-alphatronics-slim-mount-160-rotation\\\/#primaryimage\"},\"thumbnailUrl\":\"https:\\\/\\\/shop.bantam.ch\\\/wp-content\\\/uploads\\\/2025\\\/03\\\/Movera-L-9975711100.jpg\",\"datePublished\":\"2025-03-14T15:59:24+00:00\",\"dateModified\":\"2026-04-17T21:31:08+00:00\",\"breadcrumb\":{\"@id\":\"https:\\\/\\\/shop.bantam.ch\\\/de\\\/produkt\\\/tv-halterung-alphatronics-slim-mount-160-rotation\\\/#breadcrumb\"},\"inLanguage\":\"de\",\"potentialAction\":[{\"@type\":\"ReadAction\",\"target\":[\"https:\\\/\\\/shop.bantam.ch\\\/de\\\/produkt\\\/tv-halterung-alphatronics-slim-mount-160-rotation\\\/\"]}]},{\"@type\":\"ImageObject\",\"inLanguage\":\"de\",\"@id\":\"https:\\\/\\\/shop.bantam.ch\\\/de\\\/produkt\\\/tv-halterung-alphatronics-slim-mount-160-rotation\\\/#primaryimage\",\"url\":\"https:\\\/\\\/shop.bantam.ch\\\/wp-content\\\/uploads\\\/2025\\\/03\\\/Movera-L-9975711100.jpg\",\"contentUrl\":\"https:\\\/\\\/shop.bantam.ch\\\/wp-content\\\/uploads\\\/2025\\\/03\\\/Movera-L-9975711100.jpg\",\"width\":640,\"height\":640},{\"@type\":\"BreadcrumbList\",\"@id\":\"https:\\\/\\\/shop.bantam.ch\\\/de\\\/produkt\\\/tv-halterung-alphatronics-slim-mount-160-rotation\\\/#breadcrumb\",\"itemListElement\":[{\"@type\":\"ListItem\",\"position\":1,\"name\":\"Accueil\",\"item\":\"https:\\\/\\\/shop.bantam.ch\\\/de\\\/\"},{\"@type\":\"ListItem\",\"position\":2,\"name\":\"Shop\",\"item\":\"https:\\\/\\\/shop.bantam.ch\\\/de\\\/shop\\\/\"},{\"@type\":\"ListItem\",\"position\":3,\"name\":\"TV Halterung alphatronics Slim Mount 160 Rotation\"}]},{\"@type\":\"WebSite\",\"@id\":\"https:\\\/\\\/shop.bantam.ch\\\/de\\\/#website\",\"url\":\"https:\\\/\\\/shop.bantam.ch\\\/de\\\/\",\"name\":\"Bantam Camping AG\",\"description\":\"\",\"publisher\":{\"@id\":\"https:\\\/\\\/shop.bantam.ch\\\/de\\\/#organization\"},\"inLanguage\":\"de\"},{\"@type\":\"Organization\",\"@id\":\"https:\\\/\\\/shop.bantam.ch\\\/de\\\/#organization\",\"name\":\"Bantam Camping AG\",\"url\":\"https:\\\/\\\/shop.bantam.ch\\\/de\\\/\",\"logo\":{\"@type\":\"ImageObject\",\"inLanguage\":\"de\",\"@id\":\"https:\\\/\\\/shop.bantam.ch\\\/de\\\/#\\\/schema\\\/logo\\\/image\\\/\",\"url\":\"https:\\\/\\\/shop.bantam.ch\\\/wp-content\\\/uploads\\\/2022\\\/12\\\/bantam-logo.png\",\"contentUrl\":\"https:\\\/\\\/shop.bantam.ch\\\/wp-content\\\/uploads\\\/2022\\\/12\\\/bantam-logo.png\",\"width\":320,\"height\":71,\"caption\":\"Bantam Camping AG\"},\"image\":{\"@id\":\"https:\\\/\\\/shop.bantam.ch\\\/de\\\/#\\\/schema\\\/logo\\\/image\\\/\"}}]}<\/script>\n<!-- \/ Yoast SEO plugin. -->","yoast_head_json":{"title":"TV Halterung alphatronics Slim Mount 160 Rotation - Bantam Camping AG","robots":{"index":"index","follow":"follow","max-snippet":"max-snippet:-1","max-image-preview":"max-image-preview:large","max-video-preview":"max-video-preview:-1"},"canonical":"https:\/\/shop.bantam.ch\/de\/produkt\/tv-halterung-alphatronics-slim-mount-160-rotation\/","og_locale":"de_DE","og_type":"article","og_title":"TV Halterung alphatronics Slim Mount 160 Rotation - Bantam Camping AG","og_description":"Unsere modulare SLIM MOUNT Linie bietet maximale Flexibilit\u00e4t und Anpassungsf\u00e4higkeit. Mit identischen Grundplatten f\u00fcr Wand- und TV-Seite k\u00f6nnen Sie das System jederzeit nachr\u00fcsten. Diese Modularit\u00e4t garantiert eine zukunftssichere L\u00f6sung. Entwickelt in Deutschland, \u00fcberzeugt die SLIM MOUNT Linie durch h\u00f6chste Qualit\u00e4t und ist durch Patente gesch\u00fctzt. Die ultraflache Montage sorgt f\u00fcr ein elegantes Erscheinungsbild mit minimalem [&hellip;]","og_url":"https:\/\/shop.bantam.ch\/de\/produkt\/tv-halterung-alphatronics-slim-mount-160-rotation\/","og_site_name":"Bantam Camping AG","article_modified_time":"2026-04-17T21:31:08+00:00","twitter_card":"summary_large_image","schema":{"@context":"https:\/\/schema.org","@graph":[{"@type":"WebPage","@id":"https:\/\/shop.bantam.ch\/de\/produkt\/tv-halterung-alphatronics-slim-mount-160-rotation\/","url":"https:\/\/shop.bantam.ch\/de\/produkt\/tv-halterung-alphatronics-slim-mount-160-rotation\/","name":"TV Halterung alphatronics Slim Mount 160 Rotation - Bantam Camping AG","isPartOf":{"@id":"https:\/\/shop.bantam.ch\/de\/#website"},"primaryImageOfPage":{"@id":"https:\/\/shop.bantam.ch\/de\/produkt\/tv-halterung-alphatronics-slim-mount-160-rotation\/#primaryimage"},"image":{"@id":"https:\/\/shop.bantam.ch\/de\/produkt\/tv-halterung-alphatronics-slim-mount-160-rotation\/#primaryimage"},"thumbnailUrl":"https:\/\/shop.bantam.ch\/wp-content\/uploads\/2025\/03\/Movera-L-9975711100.jpg","datePublished":"2025-03-14T15:59:24+00:00","dateModified":"2026-04-17T21:31:08+00:00","breadcrumb":{"@id":"https:\/\/shop.bantam.ch\/de\/produkt\/tv-halterung-alphatronics-slim-mount-160-rotation\/#breadcrumb"},"inLanguage":"de","potentialAction":[{"@type":"ReadAction","target":["https:\/\/shop.bantam.ch\/de\/produkt\/tv-halterung-alphatronics-slim-mount-160-rotation\/"]}]},{"@type":"ImageObject","inLanguage":"de","@id":"https:\/\/shop.bantam.ch\/de\/produkt\/tv-halterung-alphatronics-slim-mount-160-rotation\/#primaryimage","url":"https:\/\/shop.bantam.ch\/wp-content\/uploads\/2025\/03\/Movera-L-9975711100.jpg","contentUrl":"https:\/\/shop.bantam.ch\/wp-content\/uploads\/2025\/03\/Movera-L-9975711100.jpg","width":640,"height":640},{"@type":"BreadcrumbList","@id":"https:\/\/shop.bantam.ch\/de\/produkt\/tv-halterung-alphatronics-slim-mount-160-rotation\/#breadcrumb","itemListElement":[{"@type":"ListItem","position":1,"name":"Accueil","item":"https:\/\/shop.bantam.ch\/de\/"},{"@type":"ListItem","position":2,"name":"Shop","item":"https:\/\/shop.bantam.ch\/de\/shop\/"},{"@type":"ListItem","position":3,"name":"TV Halterung alphatronics Slim Mount 160 Rotation"}]},{"@type":"WebSite","@id":"https:\/\/shop.bantam.ch\/de\/#website","url":"https:\/\/shop.bantam.ch\/de\/","name":"Bantam Camping AG","description":"","publisher":{"@id":"https:\/\/shop.bantam.ch\/de\/#organization"},"inLanguage":"de"},{"@type":"Organization","@id":"https:\/\/shop.bantam.ch\/de\/#organization","name":"Bantam Camping AG","url":"https:\/\/shop.bantam.ch\/de\/","logo":{"@type":"ImageObject","inLanguage":"de","@id":"https:\/\/shop.bantam.ch\/de\/#\/schema\/logo\/image\/","url":"https:\/\/shop.bantam.ch\/wp-content\/uploads\/2022\/12\/bantam-logo.png","contentUrl":"https:\/\/shop.bantam.ch\/wp-content\/uploads\/2022\/12\/bantam-logo.png","width":320,"height":71,"caption":"Bantam Camping AG"},"image":{"@id":"https:\/\/shop.bantam.ch\/de\/#\/schema\/logo\/image\/"}}]}},"_links":{"self":[{"href":"https:\/\/shop.bantam.ch\/de\/wp-json\/wp\/v2\/product\/216523","targetHints":{"allow":["GET"]}}],"collection":[{"href":"https:\/\/shop.bantam.ch\/de\/wp-json\/wp\/v2\/product"}],"about":[{"href":"https:\/\/shop.bantam.ch\/de\/wp-json\/wp\/v2\/types\/product"}],"wp:featuredmedia":[{"embeddable":true,"href":"https:\/\/shop.bantam.ch\/de\/wp-json\/wp\/v2\/media\/216519"}],"wp:attachment":[{"href":"https:\/\/shop.bantam.ch\/de\/wp-json\/wp\/v2\/media?parent=216523"}],"wp:term":[{"taxonomy":"product_featured_cat","embeddable":true,"href":"https:\/\/shop.bantam.ch\/de\/wp-json\/wp\/v2\/product_featured_cat?post=216523"},{"taxonomy":"product_brand","embeddable":true,"href":"https:\/\/shop.bantam.ch\/de\/wp-json\/wp\/v2\/product_brand?post=216523"},{"taxonomy":"product_cat","embeddable":true,"href":"https:\/\/shop.bantam.ch\/de\/wp-json\/wp\/v2\/product_cat?post=216523"},{"taxonomy":"product_tag","embeddable":true,"href":"https:\/\/shop.bantam.ch\/de\/wp-json\/wp\/v2\/product_tag?post=216523"}],"curies":[{"name":"wp","href":"https:\/\/api.w.org\/{rel}","templated":true}]}}