{"id":216499,"date":"2025-03-14T16:58:48","date_gmt":"2025-03-14T15:58:48","guid":{"rendered":"https:\/\/shop.bantam.ch\/produit\/fernseher-sla-27-dws-27-zoll-schwarz\/"},"modified":"2026-05-10T23:30:07","modified_gmt":"2026-05-10T21:30:07","slug":"fernseher-sla-27-dws-27-zoll-schwarz","status":"publish","type":"product","link":"https:\/\/shop.bantam.ch\/de\/produkt\/fernseher-sla-27-dws-27-zoll-schwarz\/","title":{"rendered":"Fernseher SLA-27 DWS, 27 Zoll schwarz"},"content":{"rendered":"<p>Wir pr\u00e4sentieren stolz den Design-Relaunch der SLA-Line. Das sorgf\u00e4ltig \u00fcberarbeitete Design besticht durch einen eleganten Aluminium-Frontrahmen, der eine moderne und luxuri\u00f6se Optik verleiht. Das fast rahmenlose Design bringt exklusive Leichtigkeit. Im Mittelpunkt steht die optimierte, nach vorne abstrahlende Soundbar f\u00fcr ein herausragendes Klangerlebnis. Willkommen in der Zukunft des Fernsehens mit der n\u00e4chsten Generation von webOS Hub! Unsere fortschrittlichen TVs bieten PVR-Aufnahmen, Timeshift, Apple AirPlay und Matter-Unterst\u00fctzung. Erleben Sie Fernsehen auf h\u00f6chstem Niveau. Genie\u00dfen Sie das volle Apple-Erlebnis mit nahtlosem Streaming \u00fcber AirPlay 2 und kompletter Smart-Home-Kontrolle mit HomeKit. Dank PVR-Aufnahme und Timeshift wird Ihre TV-Unterhaltung flexibler und komfortabler als je zuvor.<\/p>\n","protected":false},"excerpt":{"rendered":"<p>Wir pr\u00e4sentieren stolz den Design-Relaunch der SLA-Line. Das sorgf\u00e4ltig \u00fcberarbeitete Design besticht durch einen eleganten Aluminium-Frontrahmen, der eine moderne und luxuri\u00f6se Optik verleiht. Das fast rahmenlose Design bringt exklusive Leichtigkeit. Im Mittelpunkt steht die optimierte, nach vorne abstrahlende Soundbar f\u00fcr ein herausragendes Klangerlebnis. Willkommen in der Zukunft des Fernsehens mit der n\u00e4chsten Generation von webOS [&hellip;]<\/p>\n","protected":false},"featured_media":216495,"template":"","meta":{"_acf_changed":false},"product_featured_cat":[],"product_brand":[],"product_cat":[4506],"product_tag":[],"class_list":{"0":"post-216499","1":"product","2":"type-product","3":"status-publish","4":"has-post-thumbnail","6":"product_cat-led-tv","8":"first","9":"instock","10":"taxable","11":"shipping-taxable","12":"purchasable","13":"product-type-simple"},"acf":[],"yoast_head":"<!-- This site is optimized with the Yoast SEO plugin v27.5 - https:\/\/yoast.com\/product\/yoast-seo-wordpress\/ -->\n<title>Fernseher SLA-27 DWS, 27 Zoll schwarz - Bantam<\/title>\n<meta name=\"robots\" content=\"index, follow, max-snippet:-1, max-image-preview:large, max-video-preview:-1\" \/>\n<link rel=\"canonical\" href=\"https:\/\/shop.bantam.ch\/de\/produkt\/fernseher-sla-27-dws-27-zoll-schwarz\/\" \/>\n<meta property=\"og:locale\" content=\"de_DE\" \/>\n<meta property=\"og:type\" content=\"article\" \/>\n<meta property=\"og:title\" content=\"Fernseher SLA-27 DWS, 27 Zoll schwarz - Bantam\" \/>\n<meta property=\"og:description\" content=\"Wir pr\u00e4sentieren stolz den Design-Relaunch der SLA-Line. Das sorgf\u00e4ltig \u00fcberarbeitete Design besticht durch einen eleganten Aluminium-Frontrahmen, der eine moderne und luxuri\u00f6se Optik verleiht. Das fast rahmenlose Design bringt exklusive Leichtigkeit. Im Mittelpunkt steht die optimierte, nach vorne abstrahlende Soundbar f\u00fcr ein herausragendes Klangerlebnis. Willkommen in der Zukunft des Fernsehens mit der n\u00e4chsten Generation von webOS [&hellip;]\" \/>\n<meta property=\"og:url\" content=\"https:\/\/shop.bantam.ch\/de\/produkt\/fernseher-sla-27-dws-27-zoll-schwarz\/\" \/>\n<meta property=\"og:site_name\" content=\"Bantam\" \/>\n<meta property=\"article:modified_time\" content=\"2026-05-10T21:30:07+00:00\" \/>\n<meta name=\"twitter:card\" content=\"summary_large_image\" \/>\n<meta name=\"twitter:label1\" content=\"Gesch\u00e4tzte Lesezeit\" \/>\n\t<meta name=\"twitter:data1\" content=\"1\u00a0Minute\" \/>\n<script type=\"application\/ld+json\" class=\"yoast-schema-graph\">{\"@context\":\"https:\\\/\\\/schema.org\",\"@graph\":[{\"@type\":\"WebPage\",\"@id\":\"https:\\\/\\\/shop.bantam.ch\\\/de\\\/produkt\\\/fernseher-sla-27-dws-27-zoll-schwarz\\\/\",\"url\":\"https:\\\/\\\/shop.bantam.ch\\\/de\\\/produkt\\\/fernseher-sla-27-dws-27-zoll-schwarz\\\/\",\"name\":\"Fernseher SLA-27 DWS, 27 Zoll schwarz - Bantam\",\"isPartOf\":{\"@id\":\"https:\\\/\\\/shop.bantam.ch\\\/de\\\/#website\"},\"primaryImageOfPage\":{\"@id\":\"https:\\\/\\\/shop.bantam.ch\\\/de\\\/produkt\\\/fernseher-sla-27-dws-27-zoll-schwarz\\\/#primaryimage\"},\"image\":{\"@id\":\"https:\\\/\\\/shop.bantam.ch\\\/de\\\/produkt\\\/fernseher-sla-27-dws-27-zoll-schwarz\\\/#primaryimage\"},\"thumbnailUrl\":\"https:\\\/\\\/shop.bantam.ch\\\/wp-content\\\/uploads\\\/2025\\\/03\\\/Movera-L-9975705100.jpg\",\"datePublished\":\"2025-03-14T15:58:48+00:00\",\"dateModified\":\"2026-05-10T21:30:07+00:00\",\"breadcrumb\":{\"@id\":\"https:\\\/\\\/shop.bantam.ch\\\/de\\\/produkt\\\/fernseher-sla-27-dws-27-zoll-schwarz\\\/#breadcrumb\"},\"inLanguage\":\"de\",\"potentialAction\":[{\"@type\":\"ReadAction\",\"target\":[\"https:\\\/\\\/shop.bantam.ch\\\/de\\\/produkt\\\/fernseher-sla-27-dws-27-zoll-schwarz\\\/\"]}]},{\"@type\":\"ImageObject\",\"inLanguage\":\"de\",\"@id\":\"https:\\\/\\\/shop.bantam.ch\\\/de\\\/produkt\\\/fernseher-sla-27-dws-27-zoll-schwarz\\\/#primaryimage\",\"url\":\"https:\\\/\\\/shop.bantam.ch\\\/wp-content\\\/uploads\\\/2025\\\/03\\\/Movera-L-9975705100.jpg\",\"contentUrl\":\"https:\\\/\\\/shop.bantam.ch\\\/wp-content\\\/uploads\\\/2025\\\/03\\\/Movera-L-9975705100.jpg\",\"width\":640,\"height\":640},{\"@type\":\"BreadcrumbList\",\"@id\":\"https:\\\/\\\/shop.bantam.ch\\\/de\\\/produkt\\\/fernseher-sla-27-dws-27-zoll-schwarz\\\/#breadcrumb\",\"itemListElement\":[{\"@type\":\"ListItem\",\"position\":1,\"name\":\"Accueil\",\"item\":\"https:\\\/\\\/shop.bantam.ch\\\/de\\\/\"},{\"@type\":\"ListItem\",\"position\":2,\"name\":\"Shop\",\"item\":\"https:\\\/\\\/shop.bantam.ch\\\/de\\\/shop\\\/\"},{\"@type\":\"ListItem\",\"position\":3,\"name\":\"Fernseher SLA-27 DWS, 27 Zoll schwarz\"}]},{\"@type\":\"WebSite\",\"@id\":\"https:\\\/\\\/shop.bantam.ch\\\/de\\\/#website\",\"url\":\"https:\\\/\\\/shop.bantam.ch\\\/de\\\/\",\"name\":\"Bantam\",\"description\":\"\",\"publisher\":{\"@id\":\"https:\\\/\\\/shop.bantam.ch\\\/de\\\/#organization\"},\"inLanguage\":\"de\"},{\"@type\":\"Organization\",\"@id\":\"https:\\\/\\\/shop.bantam.ch\\\/de\\\/#organization\",\"name\":\"Bantam\",\"url\":\"https:\\\/\\\/shop.bantam.ch\\\/de\\\/\",\"logo\":{\"@type\":\"ImageObject\",\"inLanguage\":\"de\",\"@id\":\"https:\\\/\\\/shop.bantam.ch\\\/de\\\/#\\\/schema\\\/logo\\\/image\\\/\",\"url\":\"https:\\\/\\\/shop.bantam.ch\\\/wp-content\\\/uploads\\\/2022\\\/12\\\/bantam-logo.png\",\"contentUrl\":\"https:\\\/\\\/shop.bantam.ch\\\/wp-content\\\/uploads\\\/2022\\\/12\\\/bantam-logo.png\",\"width\":320,\"height\":71,\"caption\":\"Bantam\"},\"image\":{\"@id\":\"https:\\\/\\\/shop.bantam.ch\\\/de\\\/#\\\/schema\\\/logo\\\/image\\\/\"}}]}<\/script>\n<!-- \/ Yoast SEO plugin. -->","yoast_head_json":{"title":"Fernseher SLA-27 DWS, 27 Zoll schwarz - Bantam","robots":{"index":"index","follow":"follow","max-snippet":"max-snippet:-1","max-image-preview":"max-image-preview:large","max-video-preview":"max-video-preview:-1"},"canonical":"https:\/\/shop.bantam.ch\/de\/produkt\/fernseher-sla-27-dws-27-zoll-schwarz\/","og_locale":"de_DE","og_type":"article","og_title":"Fernseher SLA-27 DWS, 27 Zoll schwarz - Bantam","og_description":"Wir pr\u00e4sentieren stolz den Design-Relaunch der SLA-Line. Das sorgf\u00e4ltig \u00fcberarbeitete Design besticht durch einen eleganten Aluminium-Frontrahmen, der eine moderne und luxuri\u00f6se Optik verleiht. Das fast rahmenlose Design bringt exklusive Leichtigkeit. Im Mittelpunkt steht die optimierte, nach vorne abstrahlende Soundbar f\u00fcr ein herausragendes Klangerlebnis. Willkommen in der Zukunft des Fernsehens mit der n\u00e4chsten Generation von webOS [&hellip;]","og_url":"https:\/\/shop.bantam.ch\/de\/produkt\/fernseher-sla-27-dws-27-zoll-schwarz\/","og_site_name":"Bantam","article_modified_time":"2026-05-10T21:30:07+00:00","twitter_card":"summary_large_image","twitter_misc":{"Gesch\u00e4tzte Lesezeit":"1\u00a0Minute"},"schema":{"@context":"https:\/\/schema.org","@graph":[{"@type":"WebPage","@id":"https:\/\/shop.bantam.ch\/de\/produkt\/fernseher-sla-27-dws-27-zoll-schwarz\/","url":"https:\/\/shop.bantam.ch\/de\/produkt\/fernseher-sla-27-dws-27-zoll-schwarz\/","name":"Fernseher SLA-27 DWS, 27 Zoll schwarz - Bantam","isPartOf":{"@id":"https:\/\/shop.bantam.ch\/de\/#website"},"primaryImageOfPage":{"@id":"https:\/\/shop.bantam.ch\/de\/produkt\/fernseher-sla-27-dws-27-zoll-schwarz\/#primaryimage"},"image":{"@id":"https:\/\/shop.bantam.ch\/de\/produkt\/fernseher-sla-27-dws-27-zoll-schwarz\/#primaryimage"},"thumbnailUrl":"https:\/\/shop.bantam.ch\/wp-content\/uploads\/2025\/03\/Movera-L-9975705100.jpg","datePublished":"2025-03-14T15:58:48+00:00","dateModified":"2026-05-10T21:30:07+00:00","breadcrumb":{"@id":"https:\/\/shop.bantam.ch\/de\/produkt\/fernseher-sla-27-dws-27-zoll-schwarz\/#breadcrumb"},"inLanguage":"de","potentialAction":[{"@type":"ReadAction","target":["https:\/\/shop.bantam.ch\/de\/produkt\/fernseher-sla-27-dws-27-zoll-schwarz\/"]}]},{"@type":"ImageObject","inLanguage":"de","@id":"https:\/\/shop.bantam.ch\/de\/produkt\/fernseher-sla-27-dws-27-zoll-schwarz\/#primaryimage","url":"https:\/\/shop.bantam.ch\/wp-content\/uploads\/2025\/03\/Movera-L-9975705100.jpg","contentUrl":"https:\/\/shop.bantam.ch\/wp-content\/uploads\/2025\/03\/Movera-L-9975705100.jpg","width":640,"height":640},{"@type":"BreadcrumbList","@id":"https:\/\/shop.bantam.ch\/de\/produkt\/fernseher-sla-27-dws-27-zoll-schwarz\/#breadcrumb","itemListElement":[{"@type":"ListItem","position":1,"name":"Accueil","item":"https:\/\/shop.bantam.ch\/de\/"},{"@type":"ListItem","position":2,"name":"Shop","item":"https:\/\/shop.bantam.ch\/de\/shop\/"},{"@type":"ListItem","position":3,"name":"Fernseher SLA-27 DWS, 27 Zoll schwarz"}]},{"@type":"WebSite","@id":"https:\/\/shop.bantam.ch\/de\/#website","url":"https:\/\/shop.bantam.ch\/de\/","name":"Bantam","description":"","publisher":{"@id":"https:\/\/shop.bantam.ch\/de\/#organization"},"inLanguage":"de"},{"@type":"Organization","@id":"https:\/\/shop.bantam.ch\/de\/#organization","name":"Bantam","url":"https:\/\/shop.bantam.ch\/de\/","logo":{"@type":"ImageObject","inLanguage":"de","@id":"https:\/\/shop.bantam.ch\/de\/#\/schema\/logo\/image\/","url":"https:\/\/shop.bantam.ch\/wp-content\/uploads\/2022\/12\/bantam-logo.png","contentUrl":"https:\/\/shop.bantam.ch\/wp-content\/uploads\/2022\/12\/bantam-logo.png","width":320,"height":71,"caption":"Bantam"},"image":{"@id":"https:\/\/shop.bantam.ch\/de\/#\/schema\/logo\/image\/"}}]}},"_links":{"self":[{"href":"https:\/\/shop.bantam.ch\/de\/wp-json\/wp\/v2\/product\/216499","targetHints":{"allow":["GET"]}}],"collection":[{"href":"https:\/\/shop.bantam.ch\/de\/wp-json\/wp\/v2\/product"}],"about":[{"href":"https:\/\/shop.bantam.ch\/de\/wp-json\/wp\/v2\/types\/product"}],"wp:featuredmedia":[{"embeddable":true,"href":"https:\/\/shop.bantam.ch\/de\/wp-json\/wp\/v2\/media\/216495"}],"wp:attachment":[{"href":"https:\/\/shop.bantam.ch\/de\/wp-json\/wp\/v2\/media?parent=216499"}],"wp:term":[{"taxonomy":"product_featured_cat","embeddable":true,"href":"https:\/\/shop.bantam.ch\/de\/wp-json\/wp\/v2\/product_featured_cat?post=216499"},{"taxonomy":"product_brand","embeddable":true,"href":"https:\/\/shop.bantam.ch\/de\/wp-json\/wp\/v2\/product_brand?post=216499"},{"taxonomy":"product_cat","embeddable":true,"href":"https:\/\/shop.bantam.ch\/de\/wp-json\/wp\/v2\/product_cat?post=216499"},{"taxonomy":"product_tag","embeddable":true,"href":"https:\/\/shop.bantam.ch\/de\/wp-json\/wp\/v2\/product_tag?post=216499"}],"curies":[{"name":"wp","href":"https:\/\/api.w.org\/{rel}","templated":true}]}}