{"id":216455,"date":"2025-03-14T16:57:59","date_gmt":"2025-03-14T15:57:59","guid":{"rendered":"https:\/\/shop.bantam.ch\/produit\/tv-wandhalterung\/"},"modified":"2026-04-17T23:30:54","modified_gmt":"2026-04-17T21:30:54","slug":"tv-wandhalterung","status":"publish","type":"product","link":"https:\/\/shop.bantam.ch\/de\/produkt\/tv-wandhalterung\/","title":{"rendered":"TV-Wandhalterung"},"content":{"rendered":"<p>Hochwertige, langlebige und robuste Konstruktion. Hergestellt aus leichtem Aluminium und mattschwarzer Oberfl\u00e4che.<br \/>\nSchnellverschluss eignet sich perfekt f\u00fcr Wohnwagen und Wohnmobile. Der Fernseher l\u00e4sst sich einfach samt Montageplatte entfernen. Der Neigungsmechanismus bietet eine Einstellung f\u00fcr den optimalen Betrachtungswinkel.<br \/>\nLieferumfang: Inklusive Befestigungsmaterial (Schrauben, die f\u00fcr die Montage auf jeder geeigneten Oberfl\u00e4che)<\/p>\n","protected":false},"excerpt":{"rendered":"<p>Hochwertige, langlebige und robuste Konstruktion. Hergestellt aus leichtem Aluminium und mattschwarzer Oberfl\u00e4che. Schnellverschluss eignet sich perfekt f\u00fcr Wohnwagen und Wohnmobile. Der Fernseher l\u00e4sst sich einfach samt Montageplatte entfernen. Der Neigungsmechanismus bietet eine Einstellung f\u00fcr den optimalen Betrachtungswinkel. Lieferumfang: Inklusive Befestigungsmaterial (Schrauben, die f\u00fcr die Montage auf jeder geeigneten Oberfl\u00e4che)<\/p>\n","protected":false},"featured_media":216447,"template":"","meta":{"_acf_changed":false},"product_featured_cat":[],"product_brand":[],"product_cat":[4986],"product_tag":[],"class_list":{"0":"post-216455","1":"product","2":"type-product","3":"status-publish","4":"has-post-thumbnail","6":"product_cat-tv-halterungen","8":"first","9":"instock","10":"taxable","11":"shipping-taxable","12":"purchasable","13":"product-type-simple"},"acf":[],"yoast_head":"<!-- This site is optimized with the Yoast SEO plugin v27.4 - https:\/\/yoast.com\/product\/yoast-seo-wordpress\/ -->\n<title>TV-Wandhalterung - Bantam Camping AG<\/title>\n<meta name=\"robots\" content=\"index, follow, max-snippet:-1, max-image-preview:large, max-video-preview:-1\" \/>\n<link rel=\"canonical\" href=\"https:\/\/shop.bantam.ch\/de\/produkt\/tv-wandhalterung\/\" \/>\n<meta property=\"og:locale\" content=\"de_DE\" \/>\n<meta property=\"og:type\" content=\"article\" \/>\n<meta property=\"og:title\" content=\"TV-Wandhalterung - Bantam Camping AG\" \/>\n<meta property=\"og:description\" content=\"Hochwertige, langlebige und robuste Konstruktion. Hergestellt aus leichtem Aluminium und mattschwarzer Oberfl\u00e4che. Schnellverschluss eignet sich perfekt f\u00fcr Wohnwagen und Wohnmobile. Der Fernseher l\u00e4sst sich einfach samt Montageplatte entfernen. Der Neigungsmechanismus bietet eine Einstellung f\u00fcr den optimalen Betrachtungswinkel. Lieferumfang: Inklusive Befestigungsmaterial (Schrauben, die f\u00fcr die Montage auf jeder geeigneten Oberfl\u00e4che)\" \/>\n<meta property=\"og:url\" content=\"https:\/\/shop.bantam.ch\/de\/produkt\/tv-wandhalterung\/\" \/>\n<meta property=\"og:site_name\" content=\"Bantam Camping AG\" \/>\n<meta property=\"article:modified_time\" content=\"2026-04-17T21:30:54+00:00\" \/>\n<meta name=\"twitter:card\" content=\"summary_large_image\" \/>\n<script type=\"application\/ld+json\" class=\"yoast-schema-graph\">{\"@context\":\"https:\\\/\\\/schema.org\",\"@graph\":[{\"@type\":\"WebPage\",\"@id\":\"https:\\\/\\\/shop.bantam.ch\\\/de\\\/produkt\\\/tv-wandhalterung\\\/\",\"url\":\"https:\\\/\\\/shop.bantam.ch\\\/de\\\/produkt\\\/tv-wandhalterung\\\/\",\"name\":\"TV-Wandhalterung - Bantam Camping AG\",\"isPartOf\":{\"@id\":\"https:\\\/\\\/shop.bantam.ch\\\/de\\\/#website\"},\"primaryImageOfPage\":{\"@id\":\"https:\\\/\\\/shop.bantam.ch\\\/de\\\/produkt\\\/tv-wandhalterung\\\/#primaryimage\"},\"image\":{\"@id\":\"https:\\\/\\\/shop.bantam.ch\\\/de\\\/produkt\\\/tv-wandhalterung\\\/#primaryimage\"},\"thumbnailUrl\":\"https:\\\/\\\/shop.bantam.ch\\\/wp-content\\\/uploads\\\/2025\\\/03\\\/Movera-L-9975697100.png\",\"datePublished\":\"2025-03-14T15:57:59+00:00\",\"dateModified\":\"2026-04-17T21:30:54+00:00\",\"breadcrumb\":{\"@id\":\"https:\\\/\\\/shop.bantam.ch\\\/de\\\/produkt\\\/tv-wandhalterung\\\/#breadcrumb\"},\"inLanguage\":\"de\",\"potentialAction\":[{\"@type\":\"ReadAction\",\"target\":[\"https:\\\/\\\/shop.bantam.ch\\\/de\\\/produkt\\\/tv-wandhalterung\\\/\"]}]},{\"@type\":\"ImageObject\",\"inLanguage\":\"de\",\"@id\":\"https:\\\/\\\/shop.bantam.ch\\\/de\\\/produkt\\\/tv-wandhalterung\\\/#primaryimage\",\"url\":\"https:\\\/\\\/shop.bantam.ch\\\/wp-content\\\/uploads\\\/2025\\\/03\\\/Movera-L-9975697100.png\",\"contentUrl\":\"https:\\\/\\\/shop.bantam.ch\\\/wp-content\\\/uploads\\\/2025\\\/03\\\/Movera-L-9975697100.png\",\"width\":640,\"height\":789},{\"@type\":\"BreadcrumbList\",\"@id\":\"https:\\\/\\\/shop.bantam.ch\\\/de\\\/produkt\\\/tv-wandhalterung\\\/#breadcrumb\",\"itemListElement\":[{\"@type\":\"ListItem\",\"position\":1,\"name\":\"Accueil\",\"item\":\"https:\\\/\\\/shop.bantam.ch\\\/de\\\/\"},{\"@type\":\"ListItem\",\"position\":2,\"name\":\"Shop\",\"item\":\"https:\\\/\\\/shop.bantam.ch\\\/de\\\/shop\\\/\"},{\"@type\":\"ListItem\",\"position\":3,\"name\":\"TV-Wandhalterung\"}]},{\"@type\":\"WebSite\",\"@id\":\"https:\\\/\\\/shop.bantam.ch\\\/de\\\/#website\",\"url\":\"https:\\\/\\\/shop.bantam.ch\\\/de\\\/\",\"name\":\"Bantam Camping AG\",\"description\":\"\",\"publisher\":{\"@id\":\"https:\\\/\\\/shop.bantam.ch\\\/de\\\/#organization\"},\"inLanguage\":\"de\"},{\"@type\":\"Organization\",\"@id\":\"https:\\\/\\\/shop.bantam.ch\\\/de\\\/#organization\",\"name\":\"Bantam Camping AG\",\"url\":\"https:\\\/\\\/shop.bantam.ch\\\/de\\\/\",\"logo\":{\"@type\":\"ImageObject\",\"inLanguage\":\"de\",\"@id\":\"https:\\\/\\\/shop.bantam.ch\\\/de\\\/#\\\/schema\\\/logo\\\/image\\\/\",\"url\":\"https:\\\/\\\/shop.bantam.ch\\\/wp-content\\\/uploads\\\/2022\\\/12\\\/bantam-logo.png\",\"contentUrl\":\"https:\\\/\\\/shop.bantam.ch\\\/wp-content\\\/uploads\\\/2022\\\/12\\\/bantam-logo.png\",\"width\":320,\"height\":71,\"caption\":\"Bantam Camping AG\"},\"image\":{\"@id\":\"https:\\\/\\\/shop.bantam.ch\\\/de\\\/#\\\/schema\\\/logo\\\/image\\\/\"}}]}<\/script>\n<!-- \/ Yoast SEO plugin. -->","yoast_head_json":{"title":"TV-Wandhalterung - Bantam Camping AG","robots":{"index":"index","follow":"follow","max-snippet":"max-snippet:-1","max-image-preview":"max-image-preview:large","max-video-preview":"max-video-preview:-1"},"canonical":"https:\/\/shop.bantam.ch\/de\/produkt\/tv-wandhalterung\/","og_locale":"de_DE","og_type":"article","og_title":"TV-Wandhalterung - Bantam Camping AG","og_description":"Hochwertige, langlebige und robuste Konstruktion. Hergestellt aus leichtem Aluminium und mattschwarzer Oberfl\u00e4che. Schnellverschluss eignet sich perfekt f\u00fcr Wohnwagen und Wohnmobile. Der Fernseher l\u00e4sst sich einfach samt Montageplatte entfernen. Der Neigungsmechanismus bietet eine Einstellung f\u00fcr den optimalen Betrachtungswinkel. Lieferumfang: Inklusive Befestigungsmaterial (Schrauben, die f\u00fcr die Montage auf jeder geeigneten Oberfl\u00e4che)","og_url":"https:\/\/shop.bantam.ch\/de\/produkt\/tv-wandhalterung\/","og_site_name":"Bantam Camping AG","article_modified_time":"2026-04-17T21:30:54+00:00","twitter_card":"summary_large_image","schema":{"@context":"https:\/\/schema.org","@graph":[{"@type":"WebPage","@id":"https:\/\/shop.bantam.ch\/de\/produkt\/tv-wandhalterung\/","url":"https:\/\/shop.bantam.ch\/de\/produkt\/tv-wandhalterung\/","name":"TV-Wandhalterung - Bantam Camping AG","isPartOf":{"@id":"https:\/\/shop.bantam.ch\/de\/#website"},"primaryImageOfPage":{"@id":"https:\/\/shop.bantam.ch\/de\/produkt\/tv-wandhalterung\/#primaryimage"},"image":{"@id":"https:\/\/shop.bantam.ch\/de\/produkt\/tv-wandhalterung\/#primaryimage"},"thumbnailUrl":"https:\/\/shop.bantam.ch\/wp-content\/uploads\/2025\/03\/Movera-L-9975697100.png","datePublished":"2025-03-14T15:57:59+00:00","dateModified":"2026-04-17T21:30:54+00:00","breadcrumb":{"@id":"https:\/\/shop.bantam.ch\/de\/produkt\/tv-wandhalterung\/#breadcrumb"},"inLanguage":"de","potentialAction":[{"@type":"ReadAction","target":["https:\/\/shop.bantam.ch\/de\/produkt\/tv-wandhalterung\/"]}]},{"@type":"ImageObject","inLanguage":"de","@id":"https:\/\/shop.bantam.ch\/de\/produkt\/tv-wandhalterung\/#primaryimage","url":"https:\/\/shop.bantam.ch\/wp-content\/uploads\/2025\/03\/Movera-L-9975697100.png","contentUrl":"https:\/\/shop.bantam.ch\/wp-content\/uploads\/2025\/03\/Movera-L-9975697100.png","width":640,"height":789},{"@type":"BreadcrumbList","@id":"https:\/\/shop.bantam.ch\/de\/produkt\/tv-wandhalterung\/#breadcrumb","itemListElement":[{"@type":"ListItem","position":1,"name":"Accueil","item":"https:\/\/shop.bantam.ch\/de\/"},{"@type":"ListItem","position":2,"name":"Shop","item":"https:\/\/shop.bantam.ch\/de\/shop\/"},{"@type":"ListItem","position":3,"name":"TV-Wandhalterung"}]},{"@type":"WebSite","@id":"https:\/\/shop.bantam.ch\/de\/#website","url":"https:\/\/shop.bantam.ch\/de\/","name":"Bantam Camping AG","description":"","publisher":{"@id":"https:\/\/shop.bantam.ch\/de\/#organization"},"inLanguage":"de"},{"@type":"Organization","@id":"https:\/\/shop.bantam.ch\/de\/#organization","name":"Bantam Camping AG","url":"https:\/\/shop.bantam.ch\/de\/","logo":{"@type":"ImageObject","inLanguage":"de","@id":"https:\/\/shop.bantam.ch\/de\/#\/schema\/logo\/image\/","url":"https:\/\/shop.bantam.ch\/wp-content\/uploads\/2022\/12\/bantam-logo.png","contentUrl":"https:\/\/shop.bantam.ch\/wp-content\/uploads\/2022\/12\/bantam-logo.png","width":320,"height":71,"caption":"Bantam Camping AG"},"image":{"@id":"https:\/\/shop.bantam.ch\/de\/#\/schema\/logo\/image\/"}}]}},"_links":{"self":[{"href":"https:\/\/shop.bantam.ch\/de\/wp-json\/wp\/v2\/product\/216455","targetHints":{"allow":["GET"]}}],"collection":[{"href":"https:\/\/shop.bantam.ch\/de\/wp-json\/wp\/v2\/product"}],"about":[{"href":"https:\/\/shop.bantam.ch\/de\/wp-json\/wp\/v2\/types\/product"}],"wp:featuredmedia":[{"embeddable":true,"href":"https:\/\/shop.bantam.ch\/de\/wp-json\/wp\/v2\/media\/216447"}],"wp:attachment":[{"href":"https:\/\/shop.bantam.ch\/de\/wp-json\/wp\/v2\/media?parent=216455"}],"wp:term":[{"taxonomy":"product_featured_cat","embeddable":true,"href":"https:\/\/shop.bantam.ch\/de\/wp-json\/wp\/v2\/product_featured_cat?post=216455"},{"taxonomy":"product_brand","embeddable":true,"href":"https:\/\/shop.bantam.ch\/de\/wp-json\/wp\/v2\/product_brand?post=216455"},{"taxonomy":"product_cat","embeddable":true,"href":"https:\/\/shop.bantam.ch\/de\/wp-json\/wp\/v2\/product_cat?post=216455"},{"taxonomy":"product_tag","embeddable":true,"href":"https:\/\/shop.bantam.ch\/de\/wp-json\/wp\/v2\/product_tag?post=216455"}],"curies":[{"name":"wp","href":"https:\/\/api.w.org\/{rel}","templated":true}]}}