{"id":216445,"date":"2025-03-14T16:57:48","date_gmt":"2025-03-14T15:57:48","guid":{"rendered":"https:\/\/shop.bantam.ch\/produit\/rueckfahrkamera-cam360-ahdhd-schwarz\/"},"modified":"2026-04-17T23:30:54","modified_gmt":"2026-04-17T21:30:54","slug":"rueckfahrkamera-cam360-ahdhd-schwarz","status":"publish","type":"product","link":"https:\/\/shop.bantam.ch\/de\/produkt\/rueckfahrkamera-cam360-ahdhd-schwarz\/","title":{"rendered":"R\u00fcckfahrkamera CAM360 AHDHD schwarz"},"content":{"rendered":"<p>Das Kamerasystem besteht aus vier 190\u00b0-Weitwinkelkameras, die sich an der Vorderseite, der R\u00fcckseite, sowie auf der linken und rechten Seite des Fahrzeugs befinden. Das Videosystem zeigt eine Fahrzeuggrafik auf dem angeschlossenen Monitorbildschirm an, die individuell angepasst werden kann. Ein Videoprozessor kombiniert die aufgenommenen Bilder zu einer 360\u00b0-Panoramaansicht, die die Umgebung des Fahrzeugs zeigt. Das Kamerasystem kann die Kamerabilder in 2D, 3D oder kombiniert anzeigen. Die 2D-Ansicht zeigt die Kamerabilder in einer Aufsichtsperspektive, wobei jedes Kamerabild separat angezeigt wird. Die 3D-Ansicht stellt die Kamerabilder als kombinierte Rundumsicht oder einzeln in der Fischaugen- oder Vogelperspektive dar. Die vier Kameras erzeugen eine virtuelle Kamera, die sich je nach vorgenommenen Einstellungen und Ausl\u00f6sesignalen um das Fahrzeug bewegt. Das Kamerasystem ist mit einer Fu\u00dfg\u00e4ngererkennungsfunktion in den \u00dcberlappungsbereichen der Kamerabilder an den Ecken des Fahrzeugs ausgestattet, um das Sicherheitsniveau zu unterst\u00fctzen. Das Kamerasystem wird eingeschaltet, wenn das Fahrzeug gestartet wird. Je nach Einstellung k\u00f6nnen einzelne Kameras durch Ausl\u00f6sesignale aktiviert werden, z.B. durch den Einsatz eines Blinkers oder den R\u00fcckw\u00e4rtsgang.<br \/>\nDie Steuereinheit bietet mehrere Funktionen, wie:<\/p>\n<ul>\n<li>Einen permanenten Splitscreen oder einen durch ein Steuersignal ausgel\u00f6sten Splitscreen<\/li>\n<li>Automatischen Vollbildmodus f\u00fcr die R\u00fcckfahrkamera als R\u00fcckspiegelfunktion<\/li>\n<li>Einen permanenten Vollbildmodus f\u00fcr die 360\u00b0-Panoramaansicht<\/li>\n<li>Videos von den Kameras k\u00f6nnen nach dem Ringpuffer-Prinzip gespeichert und innerhalb des Kamerasystems wiedergegeben werden. Wenn eine Aufnahme endet, beginnt automatisch die n\u00e4chste Aufnahmesequenz. Die Dauer der Aufnahmesequenz kann angepasst werden. Sobald der Speicher voll ist, wird die \u00e4lteste Datei automatisch \u00fcberschrieben. Videos k\u00f6nnen auf einem Dometic-Monitor, einem externen Monitor oder \u00fcber einen Computer mit den SD-Karten abgespielt werden. Um Videos auf einem Computer abzuspielen, muss die SD-Kartenabdeckung am Controller leicht zug\u00e4nglich sein und das H.264-Videoformat vom Computer unterst\u00fctzt werden.<\/li>\n<\/ul>\n<p>Liefrumfang: inklusive CAM360AHDHD, vier Kameras und ein Host-Computer. Systemkabel nicht enthalten.<\/p>\n","protected":false},"excerpt":{"rendered":"<p>Das Kamerasystem besteht aus vier 190\u00b0-Weitwinkelkameras, die sich an der Vorderseite, der R\u00fcckseite, sowie auf der linken und rechten Seite des Fahrzeugs befinden. Das Videosystem zeigt eine Fahrzeuggrafik auf dem angeschlossenen Monitorbildschirm an, die individuell angepasst werden kann. Ein Videoprozessor kombiniert die aufgenommenen Bilder zu einer 360\u00b0-Panoramaansicht, die die Umgebung des Fahrzeugs zeigt. Das Kamerasystem [&hellip;]<\/p>\n","protected":false},"featured_media":216443,"template":"","meta":{"_acf_changed":false},"product_featured_cat":[],"product_brand":[],"product_cat":[5002],"product_tag":[],"class_list":{"0":"post-216445","1":"product","2":"type-product","3":"status-publish","4":"has-post-thumbnail","6":"product_cat-kameras","8":"first","9":"instock","10":"taxable","11":"shipping-taxable","12":"purchasable","13":"product-type-simple"},"acf":[],"yoast_head":"<!-- This site is optimized with the Yoast SEO plugin v27.4 - https:\/\/yoast.com\/product\/yoast-seo-wordpress\/ -->\n<title>R\u00fcckfahrkamera CAM360 AHDHD schwarz - Bantam Camping AG<\/title>\n<meta name=\"robots\" content=\"index, follow, max-snippet:-1, max-image-preview:large, max-video-preview:-1\" \/>\n<link rel=\"canonical\" href=\"https:\/\/shop.bantam.ch\/de\/produkt\/rueckfahrkamera-cam360-ahdhd-schwarz\/\" \/>\n<meta property=\"og:locale\" content=\"de_DE\" \/>\n<meta property=\"og:type\" content=\"article\" \/>\n<meta property=\"og:title\" content=\"R\u00fcckfahrkamera CAM360 AHDHD schwarz - Bantam Camping AG\" \/>\n<meta property=\"og:description\" content=\"Das Kamerasystem besteht aus vier 190\u00b0-Weitwinkelkameras, die sich an der Vorderseite, der R\u00fcckseite, sowie auf der linken und rechten Seite des Fahrzeugs befinden. Das Videosystem zeigt eine Fahrzeuggrafik auf dem angeschlossenen Monitorbildschirm an, die individuell angepasst werden kann. Ein Videoprozessor kombiniert die aufgenommenen Bilder zu einer 360\u00b0-Panoramaansicht, die die Umgebung des Fahrzeugs zeigt. Das Kamerasystem [&hellip;]\" \/>\n<meta property=\"og:url\" content=\"https:\/\/shop.bantam.ch\/de\/produkt\/rueckfahrkamera-cam360-ahdhd-schwarz\/\" \/>\n<meta property=\"og:site_name\" content=\"Bantam Camping AG\" \/>\n<meta property=\"article:modified_time\" content=\"2026-04-17T21:30:54+00:00\" \/>\n<meta name=\"twitter:card\" content=\"summary_large_image\" \/>\n<meta name=\"twitter:label1\" content=\"Gesch\u00e4tzte Lesezeit\" \/>\n\t<meta name=\"twitter:data1\" content=\"2\u00a0Minuten\" \/>\n<script type=\"application\/ld+json\" class=\"yoast-schema-graph\">{\"@context\":\"https:\\\/\\\/schema.org\",\"@graph\":[{\"@type\":\"WebPage\",\"@id\":\"https:\\\/\\\/shop.bantam.ch\\\/de\\\/produkt\\\/rueckfahrkamera-cam360-ahdhd-schwarz\\\/\",\"url\":\"https:\\\/\\\/shop.bantam.ch\\\/de\\\/produkt\\\/rueckfahrkamera-cam360-ahdhd-schwarz\\\/\",\"name\":\"R\u00fcckfahrkamera CAM360 AHDHD schwarz - Bantam Camping AG\",\"isPartOf\":{\"@id\":\"https:\\\/\\\/shop.bantam.ch\\\/de\\\/#website\"},\"primaryImageOfPage\":{\"@id\":\"https:\\\/\\\/shop.bantam.ch\\\/de\\\/produkt\\\/rueckfahrkamera-cam360-ahdhd-schwarz\\\/#primaryimage\"},\"image\":{\"@id\":\"https:\\\/\\\/shop.bantam.ch\\\/de\\\/produkt\\\/rueckfahrkamera-cam360-ahdhd-schwarz\\\/#primaryimage\"},\"thumbnailUrl\":\"https:\\\/\\\/shop.bantam.ch\\\/wp-content\\\/uploads\\\/2025\\\/03\\\/Movera-L-9975689100.jpg\",\"datePublished\":\"2025-03-14T15:57:48+00:00\",\"dateModified\":\"2026-04-17T21:30:54+00:00\",\"breadcrumb\":{\"@id\":\"https:\\\/\\\/shop.bantam.ch\\\/de\\\/produkt\\\/rueckfahrkamera-cam360-ahdhd-schwarz\\\/#breadcrumb\"},\"inLanguage\":\"de\",\"potentialAction\":[{\"@type\":\"ReadAction\",\"target\":[\"https:\\\/\\\/shop.bantam.ch\\\/de\\\/produkt\\\/rueckfahrkamera-cam360-ahdhd-schwarz\\\/\"]}]},{\"@type\":\"ImageObject\",\"inLanguage\":\"de\",\"@id\":\"https:\\\/\\\/shop.bantam.ch\\\/de\\\/produkt\\\/rueckfahrkamera-cam360-ahdhd-schwarz\\\/#primaryimage\",\"url\":\"https:\\\/\\\/shop.bantam.ch\\\/wp-content\\\/uploads\\\/2025\\\/03\\\/Movera-L-9975689100.jpg\",\"contentUrl\":\"https:\\\/\\\/shop.bantam.ch\\\/wp-content\\\/uploads\\\/2025\\\/03\\\/Movera-L-9975689100.jpg\",\"width\":640,\"height\":640},{\"@type\":\"BreadcrumbList\",\"@id\":\"https:\\\/\\\/shop.bantam.ch\\\/de\\\/produkt\\\/rueckfahrkamera-cam360-ahdhd-schwarz\\\/#breadcrumb\",\"itemListElement\":[{\"@type\":\"ListItem\",\"position\":1,\"name\":\"Accueil\",\"item\":\"https:\\\/\\\/shop.bantam.ch\\\/de\\\/\"},{\"@type\":\"ListItem\",\"position\":2,\"name\":\"Shop\",\"item\":\"https:\\\/\\\/shop.bantam.ch\\\/de\\\/shop\\\/\"},{\"@type\":\"ListItem\",\"position\":3,\"name\":\"R\u00fcckfahrkamera CAM360 AHDHD schwarz\"}]},{\"@type\":\"WebSite\",\"@id\":\"https:\\\/\\\/shop.bantam.ch\\\/de\\\/#website\",\"url\":\"https:\\\/\\\/shop.bantam.ch\\\/de\\\/\",\"name\":\"Bantam Camping AG\",\"description\":\"\",\"publisher\":{\"@id\":\"https:\\\/\\\/shop.bantam.ch\\\/de\\\/#organization\"},\"inLanguage\":\"de\"},{\"@type\":\"Organization\",\"@id\":\"https:\\\/\\\/shop.bantam.ch\\\/de\\\/#organization\",\"name\":\"Bantam Camping AG\",\"url\":\"https:\\\/\\\/shop.bantam.ch\\\/de\\\/\",\"logo\":{\"@type\":\"ImageObject\",\"inLanguage\":\"de\",\"@id\":\"https:\\\/\\\/shop.bantam.ch\\\/de\\\/#\\\/schema\\\/logo\\\/image\\\/\",\"url\":\"https:\\\/\\\/shop.bantam.ch\\\/wp-content\\\/uploads\\\/2022\\\/12\\\/bantam-logo.png\",\"contentUrl\":\"https:\\\/\\\/shop.bantam.ch\\\/wp-content\\\/uploads\\\/2022\\\/12\\\/bantam-logo.png\",\"width\":320,\"height\":71,\"caption\":\"Bantam Camping AG\"},\"image\":{\"@id\":\"https:\\\/\\\/shop.bantam.ch\\\/de\\\/#\\\/schema\\\/logo\\\/image\\\/\"}}]}<\/script>\n<!-- \/ Yoast SEO plugin. -->","yoast_head_json":{"title":"R\u00fcckfahrkamera CAM360 AHDHD schwarz - Bantam Camping AG","robots":{"index":"index","follow":"follow","max-snippet":"max-snippet:-1","max-image-preview":"max-image-preview:large","max-video-preview":"max-video-preview:-1"},"canonical":"https:\/\/shop.bantam.ch\/de\/produkt\/rueckfahrkamera-cam360-ahdhd-schwarz\/","og_locale":"de_DE","og_type":"article","og_title":"R\u00fcckfahrkamera CAM360 AHDHD schwarz - Bantam Camping AG","og_description":"Das Kamerasystem besteht aus vier 190\u00b0-Weitwinkelkameras, die sich an der Vorderseite, der R\u00fcckseite, sowie auf der linken und rechten Seite des Fahrzeugs befinden. Das Videosystem zeigt eine Fahrzeuggrafik auf dem angeschlossenen Monitorbildschirm an, die individuell angepasst werden kann. Ein Videoprozessor kombiniert die aufgenommenen Bilder zu einer 360\u00b0-Panoramaansicht, die die Umgebung des Fahrzeugs zeigt. Das Kamerasystem [&hellip;]","og_url":"https:\/\/shop.bantam.ch\/de\/produkt\/rueckfahrkamera-cam360-ahdhd-schwarz\/","og_site_name":"Bantam Camping AG","article_modified_time":"2026-04-17T21:30:54+00:00","twitter_card":"summary_large_image","twitter_misc":{"Gesch\u00e4tzte Lesezeit":"2\u00a0Minuten"},"schema":{"@context":"https:\/\/schema.org","@graph":[{"@type":"WebPage","@id":"https:\/\/shop.bantam.ch\/de\/produkt\/rueckfahrkamera-cam360-ahdhd-schwarz\/","url":"https:\/\/shop.bantam.ch\/de\/produkt\/rueckfahrkamera-cam360-ahdhd-schwarz\/","name":"R\u00fcckfahrkamera CAM360 AHDHD schwarz - Bantam Camping AG","isPartOf":{"@id":"https:\/\/shop.bantam.ch\/de\/#website"},"primaryImageOfPage":{"@id":"https:\/\/shop.bantam.ch\/de\/produkt\/rueckfahrkamera-cam360-ahdhd-schwarz\/#primaryimage"},"image":{"@id":"https:\/\/shop.bantam.ch\/de\/produkt\/rueckfahrkamera-cam360-ahdhd-schwarz\/#primaryimage"},"thumbnailUrl":"https:\/\/shop.bantam.ch\/wp-content\/uploads\/2025\/03\/Movera-L-9975689100.jpg","datePublished":"2025-03-14T15:57:48+00:00","dateModified":"2026-04-17T21:30:54+00:00","breadcrumb":{"@id":"https:\/\/shop.bantam.ch\/de\/produkt\/rueckfahrkamera-cam360-ahdhd-schwarz\/#breadcrumb"},"inLanguage":"de","potentialAction":[{"@type":"ReadAction","target":["https:\/\/shop.bantam.ch\/de\/produkt\/rueckfahrkamera-cam360-ahdhd-schwarz\/"]}]},{"@type":"ImageObject","inLanguage":"de","@id":"https:\/\/shop.bantam.ch\/de\/produkt\/rueckfahrkamera-cam360-ahdhd-schwarz\/#primaryimage","url":"https:\/\/shop.bantam.ch\/wp-content\/uploads\/2025\/03\/Movera-L-9975689100.jpg","contentUrl":"https:\/\/shop.bantam.ch\/wp-content\/uploads\/2025\/03\/Movera-L-9975689100.jpg","width":640,"height":640},{"@type":"BreadcrumbList","@id":"https:\/\/shop.bantam.ch\/de\/produkt\/rueckfahrkamera-cam360-ahdhd-schwarz\/#breadcrumb","itemListElement":[{"@type":"ListItem","position":1,"name":"Accueil","item":"https:\/\/shop.bantam.ch\/de\/"},{"@type":"ListItem","position":2,"name":"Shop","item":"https:\/\/shop.bantam.ch\/de\/shop\/"},{"@type":"ListItem","position":3,"name":"R\u00fcckfahrkamera CAM360 AHDHD schwarz"}]},{"@type":"WebSite","@id":"https:\/\/shop.bantam.ch\/de\/#website","url":"https:\/\/shop.bantam.ch\/de\/","name":"Bantam Camping AG","description":"","publisher":{"@id":"https:\/\/shop.bantam.ch\/de\/#organization"},"inLanguage":"de"},{"@type":"Organization","@id":"https:\/\/shop.bantam.ch\/de\/#organization","name":"Bantam Camping AG","url":"https:\/\/shop.bantam.ch\/de\/","logo":{"@type":"ImageObject","inLanguage":"de","@id":"https:\/\/shop.bantam.ch\/de\/#\/schema\/logo\/image\/","url":"https:\/\/shop.bantam.ch\/wp-content\/uploads\/2022\/12\/bantam-logo.png","contentUrl":"https:\/\/shop.bantam.ch\/wp-content\/uploads\/2022\/12\/bantam-logo.png","width":320,"height":71,"caption":"Bantam Camping AG"},"image":{"@id":"https:\/\/shop.bantam.ch\/de\/#\/schema\/logo\/image\/"}}]}},"_links":{"self":[{"href":"https:\/\/shop.bantam.ch\/de\/wp-json\/wp\/v2\/product\/216445","targetHints":{"allow":["GET"]}}],"collection":[{"href":"https:\/\/shop.bantam.ch\/de\/wp-json\/wp\/v2\/product"}],"about":[{"href":"https:\/\/shop.bantam.ch\/de\/wp-json\/wp\/v2\/types\/product"}],"wp:featuredmedia":[{"embeddable":true,"href":"https:\/\/shop.bantam.ch\/de\/wp-json\/wp\/v2\/media\/216443"}],"wp:attachment":[{"href":"https:\/\/shop.bantam.ch\/de\/wp-json\/wp\/v2\/media?parent=216445"}],"wp:term":[{"taxonomy":"product_featured_cat","embeddable":true,"href":"https:\/\/shop.bantam.ch\/de\/wp-json\/wp\/v2\/product_featured_cat?post=216445"},{"taxonomy":"product_brand","embeddable":true,"href":"https:\/\/shop.bantam.ch\/de\/wp-json\/wp\/v2\/product_brand?post=216445"},{"taxonomy":"product_cat","embeddable":true,"href":"https:\/\/shop.bantam.ch\/de\/wp-json\/wp\/v2\/product_cat?post=216445"},{"taxonomy":"product_tag","embeddable":true,"href":"https:\/\/shop.bantam.ch\/de\/wp-json\/wp\/v2\/product_tag?post=216445"}],"curies":[{"name":"wp","href":"https:\/\/api.w.org\/{rel}","templated":true}]}}