{"id":216425,"date":"2025-03-14T16:57:11","date_gmt":"2025-03-14T15:57:11","guid":{"rendered":"https:\/\/shop.bantam.ch\/produit\/camping-gasgrill-carri-chef-50-bbq-grill2braai-dome-30mbar\/"},"modified":"2026-04-21T23:37:54","modified_gmt":"2026-04-21T21:37:54","slug":"camping-gasgrill-carri-chef-50-bbq-grill2braai-dome-30mbar","status":"publish","type":"product","link":"https:\/\/shop.bantam.ch\/de\/produkt\/camping-gasgrill-carri-chef-50-bbq-grill2braai-dome-30mbar\/","title":{"rendered":"Camping Gasgrill Carri Chef 50 \/ BBQ + Grill2Braai + Dome &#8211; 30mbar"},"content":{"rendered":"<p>Kompakter Gasgrill und Gaskocher als 30 mbar Version perfekt f\u00fcr den Einsatz mit einer Wohnmobil Gassteckdose &#8211; einfach aufzubauen und platzsparend verstaubar (inkl. Tragetasche). Leistungsstarker Edelstahlbrenner mit 3,7 kW und Piezoz\u00fcndung<br \/>\nVielseitig einsetzbar als Grill mit Grillrost oder Grillplatte und als Gaskocher mit Topfst\u00e4nder (alles im Lieferumfang enthalten) &#8211; viele weitere Aufs\u00e4tze sind optional erh\u00e4ltlich. Inklusive porzellanemailliertem Deckel ausgestattet mit Hitzedeflektor, L\u00fcftungsschlitzen und Thermometer &#8211; auch als Windschutz einsetzbar. Leichte Reinigung dank abnehmbarer, porzellanemaillierter Fettwanne<\/p>\n","protected":false},"excerpt":{"rendered":"<p>Kompakter Gasgrill und Gaskocher als 30 mbar Version perfekt f\u00fcr den Einsatz mit einer Wohnmobil Gassteckdose &#8211; einfach aufzubauen und platzsparend verstaubar (inkl. Tragetasche). Leistungsstarker Edelstahlbrenner mit 3,7 kW und Piezoz\u00fcndung Vielseitig einsetzbar als Grill mit Grillrost oder Grillplatte und als Gaskocher mit Topfst\u00e4nder (alles im Lieferumfang enthalten) &#8211; viele weitere Aufs\u00e4tze sind optional erh\u00e4ltlich. [&hellip;]<\/p>\n","protected":false},"featured_media":216423,"template":"","meta":{"_acf_changed":false},"product_featured_cat":[5301,5302],"product_brand":[3669],"product_cat":[4280],"product_tag":[],"class_list":{"0":"post-216425","1":"product","2":"type-product","3":"status-publish","4":"has-post-thumbnail","6":"product_featured_cat-promotions-etagnieres-fr","7":"product_featured_cat-sonderangebote-hindelbank-urdorf","8":"product_brand-cadac-de","9":"product_cat-gasgrills","11":"first","12":"instock","13":"sale","14":"taxable","15":"shipping-taxable","16":"purchasable","17":"product-type-simple"},"acf":[],"yoast_head":"<!-- This site is optimized with the Yoast SEO plugin v27.4 - https:\/\/yoast.com\/product\/yoast-seo-wordpress\/ -->\n<title>Camping Gasgrill Carri Chef 50 \/ BBQ + Grill2Braai + Dome - 30mbar - Bantam Camping AG<\/title>\n<meta name=\"robots\" content=\"index, follow, max-snippet:-1, max-image-preview:large, max-video-preview:-1\" \/>\n<link rel=\"canonical\" href=\"https:\/\/shop.bantam.ch\/de\/produkt\/camping-gasgrill-carri-chef-50-bbq-grill2braai-dome-30mbar\/\" \/>\n<meta property=\"og:locale\" content=\"de_DE\" \/>\n<meta property=\"og:type\" content=\"article\" \/>\n<meta property=\"og:title\" content=\"Camping Gasgrill Carri Chef 50 \/ BBQ + Grill2Braai + Dome - 30mbar - Bantam Camping AG\" \/>\n<meta property=\"og:description\" content=\"Kompakter Gasgrill und Gaskocher als 30 mbar Version perfekt f\u00fcr den Einsatz mit einer Wohnmobil Gassteckdose &#8211; einfach aufzubauen und platzsparend verstaubar (inkl. Tragetasche). Leistungsstarker Edelstahlbrenner mit 3,7 kW und Piezoz\u00fcndung Vielseitig einsetzbar als Grill mit Grillrost oder Grillplatte und als Gaskocher mit Topfst\u00e4nder (alles im Lieferumfang enthalten) &#8211; viele weitere Aufs\u00e4tze sind optional erh\u00e4ltlich. [&hellip;]\" \/>\n<meta property=\"og:url\" content=\"https:\/\/shop.bantam.ch\/de\/produkt\/camping-gasgrill-carri-chef-50-bbq-grill2braai-dome-30mbar\/\" \/>\n<meta property=\"og:site_name\" content=\"Bantam Camping AG\" \/>\n<meta property=\"article:modified_time\" content=\"2026-04-21T21:37:54+00:00\" \/>\n<meta property=\"og:image\" content=\"https:\/\/shop.bantam.ch\/wp-content\/uploads\/2025\/03\/Cadac-Camping-Gasgrill-Carri-Chef-30mbar.jpg\" \/>\n\t<meta property=\"og:image:width\" content=\"562\" \/>\n\t<meta property=\"og:image:height\" content=\"1500\" \/>\n\t<meta property=\"og:image:type\" content=\"image\/jpeg\" \/>\n<meta name=\"twitter:card\" content=\"summary_large_image\" \/>\n<script type=\"application\/ld+json\" class=\"yoast-schema-graph\">{\"@context\":\"https:\\\/\\\/schema.org\",\"@graph\":[{\"@type\":\"WebPage\",\"@id\":\"https:\\\/\\\/shop.bantam.ch\\\/de\\\/produkt\\\/camping-gasgrill-carri-chef-50-bbq-grill2braai-dome-30mbar\\\/\",\"url\":\"https:\\\/\\\/shop.bantam.ch\\\/de\\\/produkt\\\/camping-gasgrill-carri-chef-50-bbq-grill2braai-dome-30mbar\\\/\",\"name\":\"Camping Gasgrill Carri Chef 50 \\\/ BBQ + Grill2Braai + Dome - 30mbar - Bantam Camping AG\",\"isPartOf\":{\"@id\":\"https:\\\/\\\/shop.bantam.ch\\\/de\\\/#website\"},\"primaryImageOfPage\":{\"@id\":\"https:\\\/\\\/shop.bantam.ch\\\/de\\\/produkt\\\/camping-gasgrill-carri-chef-50-bbq-grill2braai-dome-30mbar\\\/#primaryimage\"},\"image\":{\"@id\":\"https:\\\/\\\/shop.bantam.ch\\\/de\\\/produkt\\\/camping-gasgrill-carri-chef-50-bbq-grill2braai-dome-30mbar\\\/#primaryimage\"},\"thumbnailUrl\":\"https:\\\/\\\/shop.bantam.ch\\\/wp-content\\\/uploads\\\/2025\\\/03\\\/Cadac-Camping-Gasgrill-Carri-Chef-30mbar.jpg\",\"datePublished\":\"2025-03-14T15:57:11+00:00\",\"dateModified\":\"2026-04-21T21:37:54+00:00\",\"breadcrumb\":{\"@id\":\"https:\\\/\\\/shop.bantam.ch\\\/de\\\/produkt\\\/camping-gasgrill-carri-chef-50-bbq-grill2braai-dome-30mbar\\\/#breadcrumb\"},\"inLanguage\":\"de\",\"potentialAction\":[{\"@type\":\"ReadAction\",\"target\":[\"https:\\\/\\\/shop.bantam.ch\\\/de\\\/produkt\\\/camping-gasgrill-carri-chef-50-bbq-grill2braai-dome-30mbar\\\/\"]}]},{\"@type\":\"ImageObject\",\"inLanguage\":\"de\",\"@id\":\"https:\\\/\\\/shop.bantam.ch\\\/de\\\/produkt\\\/camping-gasgrill-carri-chef-50-bbq-grill2braai-dome-30mbar\\\/#primaryimage\",\"url\":\"https:\\\/\\\/shop.bantam.ch\\\/wp-content\\\/uploads\\\/2025\\\/03\\\/Cadac-Camping-Gasgrill-Carri-Chef-30mbar.jpg\",\"contentUrl\":\"https:\\\/\\\/shop.bantam.ch\\\/wp-content\\\/uploads\\\/2025\\\/03\\\/Cadac-Camping-Gasgrill-Carri-Chef-30mbar.jpg\",\"width\":562,\"height\":1500},{\"@type\":\"BreadcrumbList\",\"@id\":\"https:\\\/\\\/shop.bantam.ch\\\/de\\\/produkt\\\/camping-gasgrill-carri-chef-50-bbq-grill2braai-dome-30mbar\\\/#breadcrumb\",\"itemListElement\":[{\"@type\":\"ListItem\",\"position\":1,\"name\":\"Accueil\",\"item\":\"https:\\\/\\\/shop.bantam.ch\\\/de\\\/\"},{\"@type\":\"ListItem\",\"position\":2,\"name\":\"Shop\",\"item\":\"https:\\\/\\\/shop.bantam.ch\\\/de\\\/shop\\\/\"},{\"@type\":\"ListItem\",\"position\":3,\"name\":\"Camping Gasgrill Carri Chef 50 \\\/ BBQ + Grill2Braai + Dome &#8211; 30mbar\"}]},{\"@type\":\"WebSite\",\"@id\":\"https:\\\/\\\/shop.bantam.ch\\\/de\\\/#website\",\"url\":\"https:\\\/\\\/shop.bantam.ch\\\/de\\\/\",\"name\":\"Bantam Camping AG\",\"description\":\"\",\"publisher\":{\"@id\":\"https:\\\/\\\/shop.bantam.ch\\\/de\\\/#organization\"},\"inLanguage\":\"de\"},{\"@type\":\"Organization\",\"@id\":\"https:\\\/\\\/shop.bantam.ch\\\/de\\\/#organization\",\"name\":\"Bantam Camping AG\",\"url\":\"https:\\\/\\\/shop.bantam.ch\\\/de\\\/\",\"logo\":{\"@type\":\"ImageObject\",\"inLanguage\":\"de\",\"@id\":\"https:\\\/\\\/shop.bantam.ch\\\/de\\\/#\\\/schema\\\/logo\\\/image\\\/\",\"url\":\"https:\\\/\\\/shop.bantam.ch\\\/wp-content\\\/uploads\\\/2022\\\/12\\\/bantam-logo.png\",\"contentUrl\":\"https:\\\/\\\/shop.bantam.ch\\\/wp-content\\\/uploads\\\/2022\\\/12\\\/bantam-logo.png\",\"width\":320,\"height\":71,\"caption\":\"Bantam Camping AG\"},\"image\":{\"@id\":\"https:\\\/\\\/shop.bantam.ch\\\/de\\\/#\\\/schema\\\/logo\\\/image\\\/\"}}]}<\/script>\n<!-- \/ Yoast SEO plugin. -->","yoast_head_json":{"title":"Camping Gasgrill Carri Chef 50 \/ BBQ + Grill2Braai + Dome - 30mbar - Bantam Camping AG","robots":{"index":"index","follow":"follow","max-snippet":"max-snippet:-1","max-image-preview":"max-image-preview:large","max-video-preview":"max-video-preview:-1"},"canonical":"https:\/\/shop.bantam.ch\/de\/produkt\/camping-gasgrill-carri-chef-50-bbq-grill2braai-dome-30mbar\/","og_locale":"de_DE","og_type":"article","og_title":"Camping Gasgrill Carri Chef 50 \/ BBQ + Grill2Braai + Dome - 30mbar - Bantam Camping AG","og_description":"Kompakter Gasgrill und Gaskocher als 30 mbar Version perfekt f\u00fcr den Einsatz mit einer Wohnmobil Gassteckdose &#8211; einfach aufzubauen und platzsparend verstaubar (inkl. Tragetasche). Leistungsstarker Edelstahlbrenner mit 3,7 kW und Piezoz\u00fcndung Vielseitig einsetzbar als Grill mit Grillrost oder Grillplatte und als Gaskocher mit Topfst\u00e4nder (alles im Lieferumfang enthalten) &#8211; viele weitere Aufs\u00e4tze sind optional erh\u00e4ltlich. [&hellip;]","og_url":"https:\/\/shop.bantam.ch\/de\/produkt\/camping-gasgrill-carri-chef-50-bbq-grill2braai-dome-30mbar\/","og_site_name":"Bantam Camping AG","article_modified_time":"2026-04-21T21:37:54+00:00","og_image":[{"width":562,"height":1500,"url":"https:\/\/shop.bantam.ch\/wp-content\/uploads\/2025\/03\/Cadac-Camping-Gasgrill-Carri-Chef-30mbar.jpg","type":"image\/jpeg"}],"twitter_card":"summary_large_image","schema":{"@context":"https:\/\/schema.org","@graph":[{"@type":"WebPage","@id":"https:\/\/shop.bantam.ch\/de\/produkt\/camping-gasgrill-carri-chef-50-bbq-grill2braai-dome-30mbar\/","url":"https:\/\/shop.bantam.ch\/de\/produkt\/camping-gasgrill-carri-chef-50-bbq-grill2braai-dome-30mbar\/","name":"Camping Gasgrill Carri Chef 50 \/ BBQ + Grill2Braai + Dome - 30mbar - Bantam Camping AG","isPartOf":{"@id":"https:\/\/shop.bantam.ch\/de\/#website"},"primaryImageOfPage":{"@id":"https:\/\/shop.bantam.ch\/de\/produkt\/camping-gasgrill-carri-chef-50-bbq-grill2braai-dome-30mbar\/#primaryimage"},"image":{"@id":"https:\/\/shop.bantam.ch\/de\/produkt\/camping-gasgrill-carri-chef-50-bbq-grill2braai-dome-30mbar\/#primaryimage"},"thumbnailUrl":"https:\/\/shop.bantam.ch\/wp-content\/uploads\/2025\/03\/Cadac-Camping-Gasgrill-Carri-Chef-30mbar.jpg","datePublished":"2025-03-14T15:57:11+00:00","dateModified":"2026-04-21T21:37:54+00:00","breadcrumb":{"@id":"https:\/\/shop.bantam.ch\/de\/produkt\/camping-gasgrill-carri-chef-50-bbq-grill2braai-dome-30mbar\/#breadcrumb"},"inLanguage":"de","potentialAction":[{"@type":"ReadAction","target":["https:\/\/shop.bantam.ch\/de\/produkt\/camping-gasgrill-carri-chef-50-bbq-grill2braai-dome-30mbar\/"]}]},{"@type":"ImageObject","inLanguage":"de","@id":"https:\/\/shop.bantam.ch\/de\/produkt\/camping-gasgrill-carri-chef-50-bbq-grill2braai-dome-30mbar\/#primaryimage","url":"https:\/\/shop.bantam.ch\/wp-content\/uploads\/2025\/03\/Cadac-Camping-Gasgrill-Carri-Chef-30mbar.jpg","contentUrl":"https:\/\/shop.bantam.ch\/wp-content\/uploads\/2025\/03\/Cadac-Camping-Gasgrill-Carri-Chef-30mbar.jpg","width":562,"height":1500},{"@type":"BreadcrumbList","@id":"https:\/\/shop.bantam.ch\/de\/produkt\/camping-gasgrill-carri-chef-50-bbq-grill2braai-dome-30mbar\/#breadcrumb","itemListElement":[{"@type":"ListItem","position":1,"name":"Accueil","item":"https:\/\/shop.bantam.ch\/de\/"},{"@type":"ListItem","position":2,"name":"Shop","item":"https:\/\/shop.bantam.ch\/de\/shop\/"},{"@type":"ListItem","position":3,"name":"Camping Gasgrill Carri Chef 50 \/ BBQ + Grill2Braai + Dome &#8211; 30mbar"}]},{"@type":"WebSite","@id":"https:\/\/shop.bantam.ch\/de\/#website","url":"https:\/\/shop.bantam.ch\/de\/","name":"Bantam Camping AG","description":"","publisher":{"@id":"https:\/\/shop.bantam.ch\/de\/#organization"},"inLanguage":"de"},{"@type":"Organization","@id":"https:\/\/shop.bantam.ch\/de\/#organization","name":"Bantam Camping AG","url":"https:\/\/shop.bantam.ch\/de\/","logo":{"@type":"ImageObject","inLanguage":"de","@id":"https:\/\/shop.bantam.ch\/de\/#\/schema\/logo\/image\/","url":"https:\/\/shop.bantam.ch\/wp-content\/uploads\/2022\/12\/bantam-logo.png","contentUrl":"https:\/\/shop.bantam.ch\/wp-content\/uploads\/2022\/12\/bantam-logo.png","width":320,"height":71,"caption":"Bantam Camping AG"},"image":{"@id":"https:\/\/shop.bantam.ch\/de\/#\/schema\/logo\/image\/"}}]}},"_links":{"self":[{"href":"https:\/\/shop.bantam.ch\/de\/wp-json\/wp\/v2\/product\/216425","targetHints":{"allow":["GET"]}}],"collection":[{"href":"https:\/\/shop.bantam.ch\/de\/wp-json\/wp\/v2\/product"}],"about":[{"href":"https:\/\/shop.bantam.ch\/de\/wp-json\/wp\/v2\/types\/product"}],"wp:featuredmedia":[{"embeddable":true,"href":"https:\/\/shop.bantam.ch\/de\/wp-json\/wp\/v2\/media\/216423"}],"wp:attachment":[{"href":"https:\/\/shop.bantam.ch\/de\/wp-json\/wp\/v2\/media?parent=216425"}],"wp:term":[{"taxonomy":"product_featured_cat","embeddable":true,"href":"https:\/\/shop.bantam.ch\/de\/wp-json\/wp\/v2\/product_featured_cat?post=216425"},{"taxonomy":"product_brand","embeddable":true,"href":"https:\/\/shop.bantam.ch\/de\/wp-json\/wp\/v2\/product_brand?post=216425"},{"taxonomy":"product_cat","embeddable":true,"href":"https:\/\/shop.bantam.ch\/de\/wp-json\/wp\/v2\/product_cat?post=216425"},{"taxonomy":"product_tag","embeddable":true,"href":"https:\/\/shop.bantam.ch\/de\/wp-json\/wp\/v2\/product_tag?post=216425"}],"curies":[{"name":"wp","href":"https:\/\/api.w.org\/{rel}","templated":true}]}}