{"id":216303,"date":"2025-03-14T16:54:21","date_gmt":"2025-03-14T15:54:21","guid":{"rendered":"https:\/\/shop.bantam.ch\/produit\/kopfhoerer-bt-meg-bh01\/"},"modified":"2026-04-22T23:30:42","modified_gmt":"2026-04-22T21:30:42","slug":"kopfhoerer-bt-meg-bh01","status":"publish","type":"product","link":"https:\/\/shop.bantam.ch\/de\/produkt\/kopfhoerer-bt-meg-bh01\/","title":{"rendered":"Kopfh\u00f6rer BT MEG-BH01"},"content":{"rendered":"<p>Geschlossener Kopfh\u00f6rer mit kraftvollem Sound<br \/>\nLange Laufzeit von bis zu 40 Stunden<br \/>\nGro\u00dfe Reichweite von 20 Meter<br \/>\nBis zu 1000 Stunden Standby<br \/>\nPerfekter sitz durch bewegliche Ohrmuscheln<br \/>\nOptimal f\u00fcr den Einsatz unterwegs \u2013 Kein l\u00e4stiges Kabelgewirr<br \/>\nOptionale Verbindung zu einem Ger\u00e4t via 3,5 mm Klinkenstecker<\/p>\n<p>Bedienungsanleitung<br \/>\nUSB-C Ladekabel<br \/>\n3,5 mm Kabel (Klinke auf Klinke)<\/p>\n","protected":false},"excerpt":{"rendered":"<p>Geschlossener Kopfh\u00f6rer mit kraftvollem Sound Lange Laufzeit von bis zu 40 Stunden Gro\u00dfe Reichweite von 20 Meter Bis zu 1000 Stunden Standby Perfekter sitz durch bewegliche Ohrmuscheln Optimal f\u00fcr den Einsatz unterwegs \u2013 Kein l\u00e4stiges Kabelgewirr Optionale Verbindung zu einem Ger\u00e4t via 3,5 mm Klinkenstecker Bedienungsanleitung USB-C Ladekabel 3,5 mm Kabel (Klinke auf Klinke)<\/p>\n","protected":false},"featured_media":216301,"template":"","meta":{"_acf_changed":false},"product_featured_cat":[],"product_brand":[],"product_cat":[4502],"product_tag":[],"class_list":{"0":"post-216303","1":"product","2":"type-product","3":"status-publish","4":"has-post-thumbnail","6":"product_cat-kopfhoerer","8":"first","9":"instock","10":"taxable","11":"shipping-taxable","12":"purchasable","13":"product-type-simple"},"acf":[],"yoast_head":"<!-- This site is optimized with the Yoast SEO plugin v27.4 - https:\/\/yoast.com\/product\/yoast-seo-wordpress\/ -->\n<title>Kopfh\u00f6rer BT MEG-BH01 - Bantam Camping AG<\/title>\n<meta name=\"robots\" content=\"index, follow, max-snippet:-1, max-image-preview:large, max-video-preview:-1\" \/>\n<link rel=\"canonical\" href=\"https:\/\/shop.bantam.ch\/de\/produkt\/kopfhoerer-bt-meg-bh01\/\" \/>\n<meta property=\"og:locale\" content=\"de_DE\" \/>\n<meta property=\"og:type\" content=\"article\" \/>\n<meta property=\"og:title\" content=\"Kopfh\u00f6rer BT MEG-BH01 - Bantam Camping AG\" \/>\n<meta property=\"og:description\" content=\"Geschlossener Kopfh\u00f6rer mit kraftvollem Sound Lange Laufzeit von bis zu 40 Stunden Gro\u00dfe Reichweite von 20 Meter Bis zu 1000 Stunden Standby Perfekter sitz durch bewegliche Ohrmuscheln Optimal f\u00fcr den Einsatz unterwegs \u2013 Kein l\u00e4stiges Kabelgewirr Optionale Verbindung zu einem Ger\u00e4t via 3,5 mm Klinkenstecker Bedienungsanleitung USB-C Ladekabel 3,5 mm Kabel (Klinke auf Klinke)\" \/>\n<meta property=\"og:url\" content=\"https:\/\/shop.bantam.ch\/de\/produkt\/kopfhoerer-bt-meg-bh01\/\" \/>\n<meta property=\"og:site_name\" content=\"Bantam Camping AG\" \/>\n<meta property=\"article:modified_time\" content=\"2026-04-22T21:30:42+00:00\" \/>\n<meta name=\"twitter:card\" content=\"summary_large_image\" \/>\n<script type=\"application\/ld+json\" class=\"yoast-schema-graph\">{\"@context\":\"https:\\\/\\\/schema.org\",\"@graph\":[{\"@type\":\"WebPage\",\"@id\":\"https:\\\/\\\/shop.bantam.ch\\\/de\\\/produkt\\\/kopfhoerer-bt-meg-bh01\\\/\",\"url\":\"https:\\\/\\\/shop.bantam.ch\\\/de\\\/produkt\\\/kopfhoerer-bt-meg-bh01\\\/\",\"name\":\"Kopfh\u00f6rer BT MEG-BH01 - Bantam Camping AG\",\"isPartOf\":{\"@id\":\"https:\\\/\\\/shop.bantam.ch\\\/de\\\/#website\"},\"primaryImageOfPage\":{\"@id\":\"https:\\\/\\\/shop.bantam.ch\\\/de\\\/produkt\\\/kopfhoerer-bt-meg-bh01\\\/#primaryimage\"},\"image\":{\"@id\":\"https:\\\/\\\/shop.bantam.ch\\\/de\\\/produkt\\\/kopfhoerer-bt-meg-bh01\\\/#primaryimage\"},\"thumbnailUrl\":\"https:\\\/\\\/shop.bantam.ch\\\/wp-content\\\/uploads\\\/2025\\\/03\\\/Movera-L-9975653100.jpg\",\"datePublished\":\"2025-03-14T15:54:21+00:00\",\"dateModified\":\"2026-04-22T21:30:42+00:00\",\"breadcrumb\":{\"@id\":\"https:\\\/\\\/shop.bantam.ch\\\/de\\\/produkt\\\/kopfhoerer-bt-meg-bh01\\\/#breadcrumb\"},\"inLanguage\":\"de\",\"potentialAction\":[{\"@type\":\"ReadAction\",\"target\":[\"https:\\\/\\\/shop.bantam.ch\\\/de\\\/produkt\\\/kopfhoerer-bt-meg-bh01\\\/\"]}]},{\"@type\":\"ImageObject\",\"inLanguage\":\"de\",\"@id\":\"https:\\\/\\\/shop.bantam.ch\\\/de\\\/produkt\\\/kopfhoerer-bt-meg-bh01\\\/#primaryimage\",\"url\":\"https:\\\/\\\/shop.bantam.ch\\\/wp-content\\\/uploads\\\/2025\\\/03\\\/Movera-L-9975653100.jpg\",\"contentUrl\":\"https:\\\/\\\/shop.bantam.ch\\\/wp-content\\\/uploads\\\/2025\\\/03\\\/Movera-L-9975653100.jpg\",\"width\":640,\"height\":661},{\"@type\":\"BreadcrumbList\",\"@id\":\"https:\\\/\\\/shop.bantam.ch\\\/de\\\/produkt\\\/kopfhoerer-bt-meg-bh01\\\/#breadcrumb\",\"itemListElement\":[{\"@type\":\"ListItem\",\"position\":1,\"name\":\"Accueil\",\"item\":\"https:\\\/\\\/shop.bantam.ch\\\/de\\\/\"},{\"@type\":\"ListItem\",\"position\":2,\"name\":\"Shop\",\"item\":\"https:\\\/\\\/shop.bantam.ch\\\/de\\\/shop\\\/\"},{\"@type\":\"ListItem\",\"position\":3,\"name\":\"Kopfh\u00f6rer BT MEG-BH01\"}]},{\"@type\":\"WebSite\",\"@id\":\"https:\\\/\\\/shop.bantam.ch\\\/de\\\/#website\",\"url\":\"https:\\\/\\\/shop.bantam.ch\\\/de\\\/\",\"name\":\"Bantam Camping AG\",\"description\":\"\",\"publisher\":{\"@id\":\"https:\\\/\\\/shop.bantam.ch\\\/de\\\/#organization\"},\"inLanguage\":\"de\"},{\"@type\":\"Organization\",\"@id\":\"https:\\\/\\\/shop.bantam.ch\\\/de\\\/#organization\",\"name\":\"Bantam Camping AG\",\"url\":\"https:\\\/\\\/shop.bantam.ch\\\/de\\\/\",\"logo\":{\"@type\":\"ImageObject\",\"inLanguage\":\"de\",\"@id\":\"https:\\\/\\\/shop.bantam.ch\\\/de\\\/#\\\/schema\\\/logo\\\/image\\\/\",\"url\":\"https:\\\/\\\/shop.bantam.ch\\\/wp-content\\\/uploads\\\/2022\\\/12\\\/bantam-logo.png\",\"contentUrl\":\"https:\\\/\\\/shop.bantam.ch\\\/wp-content\\\/uploads\\\/2022\\\/12\\\/bantam-logo.png\",\"width\":320,\"height\":71,\"caption\":\"Bantam Camping AG\"},\"image\":{\"@id\":\"https:\\\/\\\/shop.bantam.ch\\\/de\\\/#\\\/schema\\\/logo\\\/image\\\/\"}}]}<\/script>\n<!-- \/ Yoast SEO plugin. -->","yoast_head_json":{"title":"Kopfh\u00f6rer BT MEG-BH01 - Bantam Camping AG","robots":{"index":"index","follow":"follow","max-snippet":"max-snippet:-1","max-image-preview":"max-image-preview:large","max-video-preview":"max-video-preview:-1"},"canonical":"https:\/\/shop.bantam.ch\/de\/produkt\/kopfhoerer-bt-meg-bh01\/","og_locale":"de_DE","og_type":"article","og_title":"Kopfh\u00f6rer BT MEG-BH01 - Bantam Camping AG","og_description":"Geschlossener Kopfh\u00f6rer mit kraftvollem Sound Lange Laufzeit von bis zu 40 Stunden Gro\u00dfe Reichweite von 20 Meter Bis zu 1000 Stunden Standby Perfekter sitz durch bewegliche Ohrmuscheln Optimal f\u00fcr den Einsatz unterwegs \u2013 Kein l\u00e4stiges Kabelgewirr Optionale Verbindung zu einem Ger\u00e4t via 3,5 mm Klinkenstecker Bedienungsanleitung USB-C Ladekabel 3,5 mm Kabel (Klinke auf Klinke)","og_url":"https:\/\/shop.bantam.ch\/de\/produkt\/kopfhoerer-bt-meg-bh01\/","og_site_name":"Bantam Camping AG","article_modified_time":"2026-04-22T21:30:42+00:00","twitter_card":"summary_large_image","schema":{"@context":"https:\/\/schema.org","@graph":[{"@type":"WebPage","@id":"https:\/\/shop.bantam.ch\/de\/produkt\/kopfhoerer-bt-meg-bh01\/","url":"https:\/\/shop.bantam.ch\/de\/produkt\/kopfhoerer-bt-meg-bh01\/","name":"Kopfh\u00f6rer BT MEG-BH01 - Bantam Camping AG","isPartOf":{"@id":"https:\/\/shop.bantam.ch\/de\/#website"},"primaryImageOfPage":{"@id":"https:\/\/shop.bantam.ch\/de\/produkt\/kopfhoerer-bt-meg-bh01\/#primaryimage"},"image":{"@id":"https:\/\/shop.bantam.ch\/de\/produkt\/kopfhoerer-bt-meg-bh01\/#primaryimage"},"thumbnailUrl":"https:\/\/shop.bantam.ch\/wp-content\/uploads\/2025\/03\/Movera-L-9975653100.jpg","datePublished":"2025-03-14T15:54:21+00:00","dateModified":"2026-04-22T21:30:42+00:00","breadcrumb":{"@id":"https:\/\/shop.bantam.ch\/de\/produkt\/kopfhoerer-bt-meg-bh01\/#breadcrumb"},"inLanguage":"de","potentialAction":[{"@type":"ReadAction","target":["https:\/\/shop.bantam.ch\/de\/produkt\/kopfhoerer-bt-meg-bh01\/"]}]},{"@type":"ImageObject","inLanguage":"de","@id":"https:\/\/shop.bantam.ch\/de\/produkt\/kopfhoerer-bt-meg-bh01\/#primaryimage","url":"https:\/\/shop.bantam.ch\/wp-content\/uploads\/2025\/03\/Movera-L-9975653100.jpg","contentUrl":"https:\/\/shop.bantam.ch\/wp-content\/uploads\/2025\/03\/Movera-L-9975653100.jpg","width":640,"height":661},{"@type":"BreadcrumbList","@id":"https:\/\/shop.bantam.ch\/de\/produkt\/kopfhoerer-bt-meg-bh01\/#breadcrumb","itemListElement":[{"@type":"ListItem","position":1,"name":"Accueil","item":"https:\/\/shop.bantam.ch\/de\/"},{"@type":"ListItem","position":2,"name":"Shop","item":"https:\/\/shop.bantam.ch\/de\/shop\/"},{"@type":"ListItem","position":3,"name":"Kopfh\u00f6rer BT MEG-BH01"}]},{"@type":"WebSite","@id":"https:\/\/shop.bantam.ch\/de\/#website","url":"https:\/\/shop.bantam.ch\/de\/","name":"Bantam Camping AG","description":"","publisher":{"@id":"https:\/\/shop.bantam.ch\/de\/#organization"},"inLanguage":"de"},{"@type":"Organization","@id":"https:\/\/shop.bantam.ch\/de\/#organization","name":"Bantam Camping AG","url":"https:\/\/shop.bantam.ch\/de\/","logo":{"@type":"ImageObject","inLanguage":"de","@id":"https:\/\/shop.bantam.ch\/de\/#\/schema\/logo\/image\/","url":"https:\/\/shop.bantam.ch\/wp-content\/uploads\/2022\/12\/bantam-logo.png","contentUrl":"https:\/\/shop.bantam.ch\/wp-content\/uploads\/2022\/12\/bantam-logo.png","width":320,"height":71,"caption":"Bantam Camping AG"},"image":{"@id":"https:\/\/shop.bantam.ch\/de\/#\/schema\/logo\/image\/"}}]}},"_links":{"self":[{"href":"https:\/\/shop.bantam.ch\/de\/wp-json\/wp\/v2\/product\/216303","targetHints":{"allow":["GET"]}}],"collection":[{"href":"https:\/\/shop.bantam.ch\/de\/wp-json\/wp\/v2\/product"}],"about":[{"href":"https:\/\/shop.bantam.ch\/de\/wp-json\/wp\/v2\/types\/product"}],"wp:featuredmedia":[{"embeddable":true,"href":"https:\/\/shop.bantam.ch\/de\/wp-json\/wp\/v2\/media\/216301"}],"wp:attachment":[{"href":"https:\/\/shop.bantam.ch\/de\/wp-json\/wp\/v2\/media?parent=216303"}],"wp:term":[{"taxonomy":"product_featured_cat","embeddable":true,"href":"https:\/\/shop.bantam.ch\/de\/wp-json\/wp\/v2\/product_featured_cat?post=216303"},{"taxonomy":"product_brand","embeddable":true,"href":"https:\/\/shop.bantam.ch\/de\/wp-json\/wp\/v2\/product_brand?post=216303"},{"taxonomy":"product_cat","embeddable":true,"href":"https:\/\/shop.bantam.ch\/de\/wp-json\/wp\/v2\/product_cat?post=216303"},{"taxonomy":"product_tag","embeddable":true,"href":"https:\/\/shop.bantam.ch\/de\/wp-json\/wp\/v2\/product_tag?post=216303"}],"curies":[{"name":"wp","href":"https:\/\/api.w.org\/{rel}","templated":true}]}}