{"id":216193,"date":"2025-03-14T16:52:02","date_gmt":"2025-03-14T15:52:02","guid":{"rendered":"https:\/\/shop.bantam.ch\/produit\/satelliten-receiver-dvb-s2-hd-390\/"},"modified":"2026-05-06T23:34:48","modified_gmt":"2026-05-06T21:34:48","slug":"satelliten-receiver-dvb-s2-hd-390","status":"publish","type":"product","link":"https:\/\/shop.bantam.ch\/de\/produkt\/satelliten-receiver-dvb-s2-hd-390\/","title":{"rendered":"Satelliten Receiver DVB S2, HD 390"},"content":{"rendered":"<p>Gestochen scharfe TV-Bilder in HDTV-Qualit\u00e4t mit einer Aufl\u00f6sung von bis zu 1080p, die frei Empf\u00e4ngbar sind. Der Receiver bietet zwei USB-Anschl\u00fcsse \u2013 einen an der Vorderseite und einen an der R\u00fcckseite \u2013 f\u00fcr eine komfortable Medienwiedergabe. Musik und Bildersammlungen k\u00f6nnen direkt vom Receiver abgespielt werden. Dar\u00fcber hinaus verf\u00fcgt das Ger\u00e4t \u00fcber einen digitalen koaxialen Audioausgang, der es erm\u00f6glicht, sich mit der Heimkinoanlage zu verbinden und so ein perfektes Surround-Erlebnis zu schaffen. Und das Beste: Der Receiver ist ein echter Energiesparer, sowohl im Betrieb als auch im Standby-Modus.<\/p>\n","protected":false},"excerpt":{"rendered":"<p>Gestochen scharfe TV-Bilder in HDTV-Qualit\u00e4t mit einer Aufl\u00f6sung von bis zu 1080p, die frei Empf\u00e4ngbar sind. Der Receiver bietet zwei USB-Anschl\u00fcsse \u2013 einen an der Vorderseite und einen an der R\u00fcckseite \u2013 f\u00fcr eine komfortable Medienwiedergabe. Musik und Bildersammlungen k\u00f6nnen direkt vom Receiver abgespielt werden. Dar\u00fcber hinaus verf\u00fcgt das Ger\u00e4t \u00fcber einen digitalen koaxialen Audioausgang, [&hellip;]<\/p>\n","protected":false},"featured_media":216187,"template":"","meta":{"_acf_changed":false},"product_featured_cat":[],"product_brand":[],"product_cat":[4988],"product_tag":[],"class_list":{"0":"post-216193","1":"product","2":"type-product","3":"status-publish","4":"has-post-thumbnail","6":"product_cat-receiver","8":"first","9":"instock","10":"taxable","11":"shipping-taxable","12":"purchasable","13":"product-type-simple"},"acf":[],"yoast_head":"<!-- This site is optimized with the Yoast SEO plugin v27.5 - https:\/\/yoast.com\/product\/yoast-seo-wordpress\/ -->\n<title>Satelliten Receiver DVB S2, HD 390 - Bantam<\/title>\n<meta name=\"robots\" content=\"index, follow, max-snippet:-1, max-image-preview:large, max-video-preview:-1\" \/>\n<link rel=\"canonical\" href=\"https:\/\/shop.bantam.ch\/de\/produkt\/satelliten-receiver-dvb-s2-hd-390\/\" \/>\n<meta property=\"og:locale\" content=\"de_DE\" \/>\n<meta property=\"og:type\" content=\"article\" \/>\n<meta property=\"og:title\" content=\"Satelliten Receiver DVB S2, HD 390 - Bantam\" \/>\n<meta property=\"og:description\" content=\"Gestochen scharfe TV-Bilder in HDTV-Qualit\u00e4t mit einer Aufl\u00f6sung von bis zu 1080p, die frei Empf\u00e4ngbar sind. Der Receiver bietet zwei USB-Anschl\u00fcsse \u2013 einen an der Vorderseite und einen an der R\u00fcckseite \u2013 f\u00fcr eine komfortable Medienwiedergabe. Musik und Bildersammlungen k\u00f6nnen direkt vom Receiver abgespielt werden. Dar\u00fcber hinaus verf\u00fcgt das Ger\u00e4t \u00fcber einen digitalen koaxialen Audioausgang, [&hellip;]\" \/>\n<meta property=\"og:url\" content=\"https:\/\/shop.bantam.ch\/de\/produkt\/satelliten-receiver-dvb-s2-hd-390\/\" \/>\n<meta property=\"og:site_name\" content=\"Bantam\" \/>\n<meta property=\"article:modified_time\" content=\"2026-05-06T21:34:48+00:00\" \/>\n<meta name=\"twitter:card\" content=\"summary_large_image\" \/>\n<script type=\"application\/ld+json\" class=\"yoast-schema-graph\">{\"@context\":\"https:\\\/\\\/schema.org\",\"@graph\":[{\"@type\":\"WebPage\",\"@id\":\"https:\\\/\\\/shop.bantam.ch\\\/de\\\/produkt\\\/satelliten-receiver-dvb-s2-hd-390\\\/\",\"url\":\"https:\\\/\\\/shop.bantam.ch\\\/de\\\/produkt\\\/satelliten-receiver-dvb-s2-hd-390\\\/\",\"name\":\"Satelliten Receiver DVB S2, HD 390 - Bantam\",\"isPartOf\":{\"@id\":\"https:\\\/\\\/shop.bantam.ch\\\/de\\\/#website\"},\"primaryImageOfPage\":{\"@id\":\"https:\\\/\\\/shop.bantam.ch\\\/de\\\/produkt\\\/satelliten-receiver-dvb-s2-hd-390\\\/#primaryimage\"},\"image\":{\"@id\":\"https:\\\/\\\/shop.bantam.ch\\\/de\\\/produkt\\\/satelliten-receiver-dvb-s2-hd-390\\\/#primaryimage\"},\"thumbnailUrl\":\"https:\\\/\\\/shop.bantam.ch\\\/wp-content\\\/uploads\\\/2025\\\/03\\\/Movera-L-9975629100.jpg\",\"datePublished\":\"2025-03-14T15:52:02+00:00\",\"dateModified\":\"2026-05-06T21:34:48+00:00\",\"breadcrumb\":{\"@id\":\"https:\\\/\\\/shop.bantam.ch\\\/de\\\/produkt\\\/satelliten-receiver-dvb-s2-hd-390\\\/#breadcrumb\"},\"inLanguage\":\"de\",\"potentialAction\":[{\"@type\":\"ReadAction\",\"target\":[\"https:\\\/\\\/shop.bantam.ch\\\/de\\\/produkt\\\/satelliten-receiver-dvb-s2-hd-390\\\/\"]}]},{\"@type\":\"ImageObject\",\"inLanguage\":\"de\",\"@id\":\"https:\\\/\\\/shop.bantam.ch\\\/de\\\/produkt\\\/satelliten-receiver-dvb-s2-hd-390\\\/#primaryimage\",\"url\":\"https:\\\/\\\/shop.bantam.ch\\\/wp-content\\\/uploads\\\/2025\\\/03\\\/Movera-L-9975629100.jpg\",\"contentUrl\":\"https:\\\/\\\/shop.bantam.ch\\\/wp-content\\\/uploads\\\/2025\\\/03\\\/Movera-L-9975629100.jpg\",\"width\":640,\"height\":360},{\"@type\":\"BreadcrumbList\",\"@id\":\"https:\\\/\\\/shop.bantam.ch\\\/de\\\/produkt\\\/satelliten-receiver-dvb-s2-hd-390\\\/#breadcrumb\",\"itemListElement\":[{\"@type\":\"ListItem\",\"position\":1,\"name\":\"Accueil\",\"item\":\"https:\\\/\\\/shop.bantam.ch\\\/de\\\/\"},{\"@type\":\"ListItem\",\"position\":2,\"name\":\"Shop\",\"item\":\"https:\\\/\\\/shop.bantam.ch\\\/de\\\/shop\\\/\"},{\"@type\":\"ListItem\",\"position\":3,\"name\":\"Satelliten Receiver DVB S2, HD 390\"}]},{\"@type\":\"WebSite\",\"@id\":\"https:\\\/\\\/shop.bantam.ch\\\/de\\\/#website\",\"url\":\"https:\\\/\\\/shop.bantam.ch\\\/de\\\/\",\"name\":\"Bantam\",\"description\":\"\",\"publisher\":{\"@id\":\"https:\\\/\\\/shop.bantam.ch\\\/de\\\/#organization\"},\"inLanguage\":\"de\"},{\"@type\":\"Organization\",\"@id\":\"https:\\\/\\\/shop.bantam.ch\\\/de\\\/#organization\",\"name\":\"Bantam\",\"url\":\"https:\\\/\\\/shop.bantam.ch\\\/de\\\/\",\"logo\":{\"@type\":\"ImageObject\",\"inLanguage\":\"de\",\"@id\":\"https:\\\/\\\/shop.bantam.ch\\\/de\\\/#\\\/schema\\\/logo\\\/image\\\/\",\"url\":\"https:\\\/\\\/shop.bantam.ch\\\/wp-content\\\/uploads\\\/2022\\\/12\\\/bantam-logo.png\",\"contentUrl\":\"https:\\\/\\\/shop.bantam.ch\\\/wp-content\\\/uploads\\\/2022\\\/12\\\/bantam-logo.png\",\"width\":320,\"height\":71,\"caption\":\"Bantam\"},\"image\":{\"@id\":\"https:\\\/\\\/shop.bantam.ch\\\/de\\\/#\\\/schema\\\/logo\\\/image\\\/\"}}]}<\/script>\n<!-- \/ Yoast SEO plugin. -->","yoast_head_json":{"title":"Satelliten Receiver DVB S2, HD 390 - Bantam","robots":{"index":"index","follow":"follow","max-snippet":"max-snippet:-1","max-image-preview":"max-image-preview:large","max-video-preview":"max-video-preview:-1"},"canonical":"https:\/\/shop.bantam.ch\/de\/produkt\/satelliten-receiver-dvb-s2-hd-390\/","og_locale":"de_DE","og_type":"article","og_title":"Satelliten Receiver DVB S2, HD 390 - Bantam","og_description":"Gestochen scharfe TV-Bilder in HDTV-Qualit\u00e4t mit einer Aufl\u00f6sung von bis zu 1080p, die frei Empf\u00e4ngbar sind. Der Receiver bietet zwei USB-Anschl\u00fcsse \u2013 einen an der Vorderseite und einen an der R\u00fcckseite \u2013 f\u00fcr eine komfortable Medienwiedergabe. Musik und Bildersammlungen k\u00f6nnen direkt vom Receiver abgespielt werden. Dar\u00fcber hinaus verf\u00fcgt das Ger\u00e4t \u00fcber einen digitalen koaxialen Audioausgang, [&hellip;]","og_url":"https:\/\/shop.bantam.ch\/de\/produkt\/satelliten-receiver-dvb-s2-hd-390\/","og_site_name":"Bantam","article_modified_time":"2026-05-06T21:34:48+00:00","twitter_card":"summary_large_image","schema":{"@context":"https:\/\/schema.org","@graph":[{"@type":"WebPage","@id":"https:\/\/shop.bantam.ch\/de\/produkt\/satelliten-receiver-dvb-s2-hd-390\/","url":"https:\/\/shop.bantam.ch\/de\/produkt\/satelliten-receiver-dvb-s2-hd-390\/","name":"Satelliten Receiver DVB S2, HD 390 - Bantam","isPartOf":{"@id":"https:\/\/shop.bantam.ch\/de\/#website"},"primaryImageOfPage":{"@id":"https:\/\/shop.bantam.ch\/de\/produkt\/satelliten-receiver-dvb-s2-hd-390\/#primaryimage"},"image":{"@id":"https:\/\/shop.bantam.ch\/de\/produkt\/satelliten-receiver-dvb-s2-hd-390\/#primaryimage"},"thumbnailUrl":"https:\/\/shop.bantam.ch\/wp-content\/uploads\/2025\/03\/Movera-L-9975629100.jpg","datePublished":"2025-03-14T15:52:02+00:00","dateModified":"2026-05-06T21:34:48+00:00","breadcrumb":{"@id":"https:\/\/shop.bantam.ch\/de\/produkt\/satelliten-receiver-dvb-s2-hd-390\/#breadcrumb"},"inLanguage":"de","potentialAction":[{"@type":"ReadAction","target":["https:\/\/shop.bantam.ch\/de\/produkt\/satelliten-receiver-dvb-s2-hd-390\/"]}]},{"@type":"ImageObject","inLanguage":"de","@id":"https:\/\/shop.bantam.ch\/de\/produkt\/satelliten-receiver-dvb-s2-hd-390\/#primaryimage","url":"https:\/\/shop.bantam.ch\/wp-content\/uploads\/2025\/03\/Movera-L-9975629100.jpg","contentUrl":"https:\/\/shop.bantam.ch\/wp-content\/uploads\/2025\/03\/Movera-L-9975629100.jpg","width":640,"height":360},{"@type":"BreadcrumbList","@id":"https:\/\/shop.bantam.ch\/de\/produkt\/satelliten-receiver-dvb-s2-hd-390\/#breadcrumb","itemListElement":[{"@type":"ListItem","position":1,"name":"Accueil","item":"https:\/\/shop.bantam.ch\/de\/"},{"@type":"ListItem","position":2,"name":"Shop","item":"https:\/\/shop.bantam.ch\/de\/shop\/"},{"@type":"ListItem","position":3,"name":"Satelliten Receiver DVB S2, HD 390"}]},{"@type":"WebSite","@id":"https:\/\/shop.bantam.ch\/de\/#website","url":"https:\/\/shop.bantam.ch\/de\/","name":"Bantam","description":"","publisher":{"@id":"https:\/\/shop.bantam.ch\/de\/#organization"},"inLanguage":"de"},{"@type":"Organization","@id":"https:\/\/shop.bantam.ch\/de\/#organization","name":"Bantam","url":"https:\/\/shop.bantam.ch\/de\/","logo":{"@type":"ImageObject","inLanguage":"de","@id":"https:\/\/shop.bantam.ch\/de\/#\/schema\/logo\/image\/","url":"https:\/\/shop.bantam.ch\/wp-content\/uploads\/2022\/12\/bantam-logo.png","contentUrl":"https:\/\/shop.bantam.ch\/wp-content\/uploads\/2022\/12\/bantam-logo.png","width":320,"height":71,"caption":"Bantam"},"image":{"@id":"https:\/\/shop.bantam.ch\/de\/#\/schema\/logo\/image\/"}}]}},"_links":{"self":[{"href":"https:\/\/shop.bantam.ch\/de\/wp-json\/wp\/v2\/product\/216193","targetHints":{"allow":["GET"]}}],"collection":[{"href":"https:\/\/shop.bantam.ch\/de\/wp-json\/wp\/v2\/product"}],"about":[{"href":"https:\/\/shop.bantam.ch\/de\/wp-json\/wp\/v2\/types\/product"}],"wp:featuredmedia":[{"embeddable":true,"href":"https:\/\/shop.bantam.ch\/de\/wp-json\/wp\/v2\/media\/216187"}],"wp:attachment":[{"href":"https:\/\/shop.bantam.ch\/de\/wp-json\/wp\/v2\/media?parent=216193"}],"wp:term":[{"taxonomy":"product_featured_cat","embeddable":true,"href":"https:\/\/shop.bantam.ch\/de\/wp-json\/wp\/v2\/product_featured_cat?post=216193"},{"taxonomy":"product_brand","embeddable":true,"href":"https:\/\/shop.bantam.ch\/de\/wp-json\/wp\/v2\/product_brand?post=216193"},{"taxonomy":"product_cat","embeddable":true,"href":"https:\/\/shop.bantam.ch\/de\/wp-json\/wp\/v2\/product_cat?post=216193"},{"taxonomy":"product_tag","embeddable":true,"href":"https:\/\/shop.bantam.ch\/de\/wp-json\/wp\/v2\/product_tag?post=216193"}],"curies":[{"name":"wp","href":"https:\/\/api.w.org\/{rel}","templated":true}]}}