{"id":216057,"date":"2025-03-14T16:48:17","date_gmt":"2025-03-14T15:48:17","guid":{"rendered":"https:\/\/shop.bantam.ch\/produit\/kochmulde-thetford-basic-line-345-mit-gitterrost\/"},"modified":"2026-04-17T23:30:39","modified_gmt":"2026-04-17T21:30:39","slug":"kochmulde-thetford-basic-line-345-mit-gitterrost","status":"publish","type":"product","link":"https:\/\/shop.bantam.ch\/de\/produkt\/kochmulde-thetford-basic-line-345-mit-gitterrost\/","title":{"rendered":"Kochmulde THETFORD Basic Line 345 mit Gitterrost"},"content":{"rendered":"<p>Die Qualit\u00e4t und das ergonomische Layout dieser Reihe haben sich mit den Jahren bew\u00e4hrt. Ein rechteckiges Kochfeld aus Edelstahl, das leicht zu reinigen ist und \u00fcber abnehmbare Topfauflagen verf\u00fcgt. Sie k\u00f6nnen es perfekt mit der passenden rechteckigen Sp\u00fcle der Basic Line 34 kombinieren.<\/p>\n","protected":false},"excerpt":{"rendered":"<p>Die Qualit\u00e4t und das ergonomische Layout dieser Reihe haben sich mit den Jahren bew\u00e4hrt. Ein rechteckiges Kochfeld aus Edelstahl, das leicht zu reinigen ist und \u00fcber abnehmbare Topfauflagen verf\u00fcgt. Sie k\u00f6nnen es perfekt mit der passenden rechteckigen Sp\u00fcle der Basic Line 34 kombinieren.<\/p>\n","protected":false},"featured_media":216055,"template":"","meta":{"_acf_changed":false},"product_featured_cat":[],"product_brand":[],"product_cat":[4312],"product_tag":[],"class_list":{"0":"post-216057","1":"product","2":"type-product","3":"status-publish","4":"has-post-thumbnail","6":"product_cat-gaskochfelder","8":"first","9":"instock","10":"taxable","11":"shipping-taxable","12":"purchasable","13":"product-type-simple"},"acf":[],"yoast_head":"<!-- This site is optimized with the Yoast SEO plugin v27.4 - https:\/\/yoast.com\/product\/yoast-seo-wordpress\/ -->\n<title>Kochmulde THETFORD Basic Line 345 mit Gitterrost - Bantam Camping AG<\/title>\n<meta name=\"robots\" content=\"index, follow, max-snippet:-1, max-image-preview:large, max-video-preview:-1\" \/>\n<link rel=\"canonical\" href=\"https:\/\/shop.bantam.ch\/de\/produkt\/kochmulde-thetford-basic-line-345-mit-gitterrost\/\" \/>\n<meta property=\"og:locale\" content=\"de_DE\" \/>\n<meta property=\"og:type\" content=\"article\" \/>\n<meta property=\"og:title\" content=\"Kochmulde THETFORD Basic Line 345 mit Gitterrost - Bantam Camping AG\" \/>\n<meta property=\"og:description\" content=\"Die Qualit\u00e4t und das ergonomische Layout dieser Reihe haben sich mit den Jahren bew\u00e4hrt. Ein rechteckiges Kochfeld aus Edelstahl, das leicht zu reinigen ist und \u00fcber abnehmbare Topfauflagen verf\u00fcgt. Sie k\u00f6nnen es perfekt mit der passenden rechteckigen Sp\u00fcle der Basic Line 34 kombinieren.\" \/>\n<meta property=\"og:url\" content=\"https:\/\/shop.bantam.ch\/de\/produkt\/kochmulde-thetford-basic-line-345-mit-gitterrost\/\" \/>\n<meta property=\"og:site_name\" content=\"Bantam Camping AG\" \/>\n<meta property=\"article:modified_time\" content=\"2026-04-17T21:30:39+00:00\" \/>\n<meta name=\"twitter:card\" content=\"summary_large_image\" \/>\n<script type=\"application\/ld+json\" class=\"yoast-schema-graph\">{\"@context\":\"https:\\\/\\\/schema.org\",\"@graph\":[{\"@type\":\"WebPage\",\"@id\":\"https:\\\/\\\/shop.bantam.ch\\\/de\\\/produkt\\\/kochmulde-thetford-basic-line-345-mit-gitterrost\\\/\",\"url\":\"https:\\\/\\\/shop.bantam.ch\\\/de\\\/produkt\\\/kochmulde-thetford-basic-line-345-mit-gitterrost\\\/\",\"name\":\"Kochmulde THETFORD Basic Line 345 mit Gitterrost - Bantam Camping AG\",\"isPartOf\":{\"@id\":\"https:\\\/\\\/shop.bantam.ch\\\/de\\\/#website\"},\"primaryImageOfPage\":{\"@id\":\"https:\\\/\\\/shop.bantam.ch\\\/de\\\/produkt\\\/kochmulde-thetford-basic-line-345-mit-gitterrost\\\/#primaryimage\"},\"image\":{\"@id\":\"https:\\\/\\\/shop.bantam.ch\\\/de\\\/produkt\\\/kochmulde-thetford-basic-line-345-mit-gitterrost\\\/#primaryimage\"},\"thumbnailUrl\":\"https:\\\/\\\/shop.bantam.ch\\\/wp-content\\\/uploads\\\/2025\\\/03\\\/Movera-L-9975592100.jpg\",\"datePublished\":\"2025-03-14T15:48:17+00:00\",\"dateModified\":\"2026-04-17T21:30:39+00:00\",\"breadcrumb\":{\"@id\":\"https:\\\/\\\/shop.bantam.ch\\\/de\\\/produkt\\\/kochmulde-thetford-basic-line-345-mit-gitterrost\\\/#breadcrumb\"},\"inLanguage\":\"de\",\"potentialAction\":[{\"@type\":\"ReadAction\",\"target\":[\"https:\\\/\\\/shop.bantam.ch\\\/de\\\/produkt\\\/kochmulde-thetford-basic-line-345-mit-gitterrost\\\/\"]}]},{\"@type\":\"ImageObject\",\"inLanguage\":\"de\",\"@id\":\"https:\\\/\\\/shop.bantam.ch\\\/de\\\/produkt\\\/kochmulde-thetford-basic-line-345-mit-gitterrost\\\/#primaryimage\",\"url\":\"https:\\\/\\\/shop.bantam.ch\\\/wp-content\\\/uploads\\\/2025\\\/03\\\/Movera-L-9975592100.jpg\",\"contentUrl\":\"https:\\\/\\\/shop.bantam.ch\\\/wp-content\\\/uploads\\\/2025\\\/03\\\/Movera-L-9975592100.jpg\",\"width\":640,\"height\":640},{\"@type\":\"BreadcrumbList\",\"@id\":\"https:\\\/\\\/shop.bantam.ch\\\/de\\\/produkt\\\/kochmulde-thetford-basic-line-345-mit-gitterrost\\\/#breadcrumb\",\"itemListElement\":[{\"@type\":\"ListItem\",\"position\":1,\"name\":\"Accueil\",\"item\":\"https:\\\/\\\/shop.bantam.ch\\\/de\\\/\"},{\"@type\":\"ListItem\",\"position\":2,\"name\":\"Shop\",\"item\":\"https:\\\/\\\/shop.bantam.ch\\\/de\\\/shop\\\/\"},{\"@type\":\"ListItem\",\"position\":3,\"name\":\"Kochmulde THETFORD Basic Line 345 mit Gitterrost\"}]},{\"@type\":\"WebSite\",\"@id\":\"https:\\\/\\\/shop.bantam.ch\\\/de\\\/#website\",\"url\":\"https:\\\/\\\/shop.bantam.ch\\\/de\\\/\",\"name\":\"Bantam Camping AG\",\"description\":\"\",\"publisher\":{\"@id\":\"https:\\\/\\\/shop.bantam.ch\\\/de\\\/#organization\"},\"inLanguage\":\"de\"},{\"@type\":\"Organization\",\"@id\":\"https:\\\/\\\/shop.bantam.ch\\\/de\\\/#organization\",\"name\":\"Bantam Camping AG\",\"url\":\"https:\\\/\\\/shop.bantam.ch\\\/de\\\/\",\"logo\":{\"@type\":\"ImageObject\",\"inLanguage\":\"de\",\"@id\":\"https:\\\/\\\/shop.bantam.ch\\\/de\\\/#\\\/schema\\\/logo\\\/image\\\/\",\"url\":\"https:\\\/\\\/shop.bantam.ch\\\/wp-content\\\/uploads\\\/2022\\\/12\\\/bantam-logo.png\",\"contentUrl\":\"https:\\\/\\\/shop.bantam.ch\\\/wp-content\\\/uploads\\\/2022\\\/12\\\/bantam-logo.png\",\"width\":320,\"height\":71,\"caption\":\"Bantam Camping AG\"},\"image\":{\"@id\":\"https:\\\/\\\/shop.bantam.ch\\\/de\\\/#\\\/schema\\\/logo\\\/image\\\/\"}}]}<\/script>\n<!-- \/ Yoast SEO plugin. -->","yoast_head_json":{"title":"Kochmulde THETFORD Basic Line 345 mit Gitterrost - Bantam Camping AG","robots":{"index":"index","follow":"follow","max-snippet":"max-snippet:-1","max-image-preview":"max-image-preview:large","max-video-preview":"max-video-preview:-1"},"canonical":"https:\/\/shop.bantam.ch\/de\/produkt\/kochmulde-thetford-basic-line-345-mit-gitterrost\/","og_locale":"de_DE","og_type":"article","og_title":"Kochmulde THETFORD Basic Line 345 mit Gitterrost - Bantam Camping AG","og_description":"Die Qualit\u00e4t und das ergonomische Layout dieser Reihe haben sich mit den Jahren bew\u00e4hrt. Ein rechteckiges Kochfeld aus Edelstahl, das leicht zu reinigen ist und \u00fcber abnehmbare Topfauflagen verf\u00fcgt. Sie k\u00f6nnen es perfekt mit der passenden rechteckigen Sp\u00fcle der Basic Line 34 kombinieren.","og_url":"https:\/\/shop.bantam.ch\/de\/produkt\/kochmulde-thetford-basic-line-345-mit-gitterrost\/","og_site_name":"Bantam Camping AG","article_modified_time":"2026-04-17T21:30:39+00:00","twitter_card":"summary_large_image","schema":{"@context":"https:\/\/schema.org","@graph":[{"@type":"WebPage","@id":"https:\/\/shop.bantam.ch\/de\/produkt\/kochmulde-thetford-basic-line-345-mit-gitterrost\/","url":"https:\/\/shop.bantam.ch\/de\/produkt\/kochmulde-thetford-basic-line-345-mit-gitterrost\/","name":"Kochmulde THETFORD Basic Line 345 mit Gitterrost - Bantam Camping AG","isPartOf":{"@id":"https:\/\/shop.bantam.ch\/de\/#website"},"primaryImageOfPage":{"@id":"https:\/\/shop.bantam.ch\/de\/produkt\/kochmulde-thetford-basic-line-345-mit-gitterrost\/#primaryimage"},"image":{"@id":"https:\/\/shop.bantam.ch\/de\/produkt\/kochmulde-thetford-basic-line-345-mit-gitterrost\/#primaryimage"},"thumbnailUrl":"https:\/\/shop.bantam.ch\/wp-content\/uploads\/2025\/03\/Movera-L-9975592100.jpg","datePublished":"2025-03-14T15:48:17+00:00","dateModified":"2026-04-17T21:30:39+00:00","breadcrumb":{"@id":"https:\/\/shop.bantam.ch\/de\/produkt\/kochmulde-thetford-basic-line-345-mit-gitterrost\/#breadcrumb"},"inLanguage":"de","potentialAction":[{"@type":"ReadAction","target":["https:\/\/shop.bantam.ch\/de\/produkt\/kochmulde-thetford-basic-line-345-mit-gitterrost\/"]}]},{"@type":"ImageObject","inLanguage":"de","@id":"https:\/\/shop.bantam.ch\/de\/produkt\/kochmulde-thetford-basic-line-345-mit-gitterrost\/#primaryimage","url":"https:\/\/shop.bantam.ch\/wp-content\/uploads\/2025\/03\/Movera-L-9975592100.jpg","contentUrl":"https:\/\/shop.bantam.ch\/wp-content\/uploads\/2025\/03\/Movera-L-9975592100.jpg","width":640,"height":640},{"@type":"BreadcrumbList","@id":"https:\/\/shop.bantam.ch\/de\/produkt\/kochmulde-thetford-basic-line-345-mit-gitterrost\/#breadcrumb","itemListElement":[{"@type":"ListItem","position":1,"name":"Accueil","item":"https:\/\/shop.bantam.ch\/de\/"},{"@type":"ListItem","position":2,"name":"Shop","item":"https:\/\/shop.bantam.ch\/de\/shop\/"},{"@type":"ListItem","position":3,"name":"Kochmulde THETFORD Basic Line 345 mit Gitterrost"}]},{"@type":"WebSite","@id":"https:\/\/shop.bantam.ch\/de\/#website","url":"https:\/\/shop.bantam.ch\/de\/","name":"Bantam Camping AG","description":"","publisher":{"@id":"https:\/\/shop.bantam.ch\/de\/#organization"},"inLanguage":"de"},{"@type":"Organization","@id":"https:\/\/shop.bantam.ch\/de\/#organization","name":"Bantam Camping AG","url":"https:\/\/shop.bantam.ch\/de\/","logo":{"@type":"ImageObject","inLanguage":"de","@id":"https:\/\/shop.bantam.ch\/de\/#\/schema\/logo\/image\/","url":"https:\/\/shop.bantam.ch\/wp-content\/uploads\/2022\/12\/bantam-logo.png","contentUrl":"https:\/\/shop.bantam.ch\/wp-content\/uploads\/2022\/12\/bantam-logo.png","width":320,"height":71,"caption":"Bantam Camping AG"},"image":{"@id":"https:\/\/shop.bantam.ch\/de\/#\/schema\/logo\/image\/"}}]}},"_links":{"self":[{"href":"https:\/\/shop.bantam.ch\/de\/wp-json\/wp\/v2\/product\/216057","targetHints":{"allow":["GET"]}}],"collection":[{"href":"https:\/\/shop.bantam.ch\/de\/wp-json\/wp\/v2\/product"}],"about":[{"href":"https:\/\/shop.bantam.ch\/de\/wp-json\/wp\/v2\/types\/product"}],"wp:featuredmedia":[{"embeddable":true,"href":"https:\/\/shop.bantam.ch\/de\/wp-json\/wp\/v2\/media\/216055"}],"wp:attachment":[{"href":"https:\/\/shop.bantam.ch\/de\/wp-json\/wp\/v2\/media?parent=216057"}],"wp:term":[{"taxonomy":"product_featured_cat","embeddable":true,"href":"https:\/\/shop.bantam.ch\/de\/wp-json\/wp\/v2\/product_featured_cat?post=216057"},{"taxonomy":"product_brand","embeddable":true,"href":"https:\/\/shop.bantam.ch\/de\/wp-json\/wp\/v2\/product_brand?post=216057"},{"taxonomy":"product_cat","embeddable":true,"href":"https:\/\/shop.bantam.ch\/de\/wp-json\/wp\/v2\/product_cat?post=216057"},{"taxonomy":"product_tag","embeddable":true,"href":"https:\/\/shop.bantam.ch\/de\/wp-json\/wp\/v2\/product_tag?post=216057"}],"curies":[{"name":"wp","href":"https:\/\/api.w.org\/{rel}","templated":true}]}}