{"id":216053,"date":"2025-03-14T16:48:11","date_gmt":"2025-03-14T15:48:11","guid":{"rendered":"https:\/\/shop.bantam.ch\/produit\/kochmulde-thetford-basic-line-330-mit-elektr-zuendung-linke-ausfuehrung\/"},"modified":"2026-05-02T23:26:31","modified_gmt":"2026-05-02T21:26:31","slug":"kochmulde-thetford-basic-line-330-mit-elektr-zuendung-linke-ausfuehrung","status":"publish","type":"product","link":"https:\/\/shop.bantam.ch\/de\/produkt\/kochmulde-thetford-basic-line-330-mit-elektr-zuendung-linke-ausfuehrung\/","title":{"rendered":"Kochmulde THETFORD Basic Line 330 mit elektr. Z\u00fcndung linke Ausf\u00fchrung"},"content":{"rendered":"<p>Die Qualit\u00e4t und das ergonomische Layout dieser Reihe haben sich mit den Jahren bew\u00e4hrt. Ein dreieckiges Kochfeld aus Edelstahl, das perfekt zur Sp\u00fcle der Basic Line 33 passt. Und je nach Ihrem K\u00fcchen-Layout k\u00f6nnen Sie zwischen einer Version f\u00fcr Links- und Rechtsh\u00e4nder w\u00e4hlen.<\/p>\n","protected":false},"excerpt":{"rendered":"<p>Die Qualit\u00e4t und das ergonomische Layout dieser Reihe haben sich mit den Jahren bew\u00e4hrt. Ein dreieckiges Kochfeld aus Edelstahl, das perfekt zur Sp\u00fcle der Basic Line 33 passt. Und je nach Ihrem K\u00fcchen-Layout k\u00f6nnen Sie zwischen einer Version f\u00fcr Links- und Rechtsh\u00e4nder w\u00e4hlen.<\/p>\n","protected":false},"featured_media":216051,"template":"","meta":{"_acf_changed":false},"product_featured_cat":[],"product_brand":[],"product_cat":[4312],"product_tag":[],"class_list":{"0":"post-216053","1":"product","2":"type-product","3":"status-publish","4":"has-post-thumbnail","6":"product_cat-gaskochfelder","8":"first","9":"instock","10":"taxable","11":"shipping-taxable","12":"purchasable","13":"product-type-simple"},"acf":[],"yoast_head":"<!-- This site is optimized with the Yoast SEO plugin v27.5 - https:\/\/yoast.com\/product\/yoast-seo-wordpress\/ -->\n<title>Kochmulde THETFORD Basic Line 330 mit elektr. Z\u00fcndung linke Ausf\u00fchrung - Bantam<\/title>\n<meta name=\"robots\" content=\"index, follow, max-snippet:-1, max-image-preview:large, max-video-preview:-1\" \/>\n<link rel=\"canonical\" href=\"https:\/\/shop.bantam.ch\/de\/produkt\/kochmulde-thetford-basic-line-330-mit-elektr-zuendung-linke-ausfuehrung\/\" \/>\n<meta property=\"og:locale\" content=\"de_DE\" \/>\n<meta property=\"og:type\" content=\"article\" \/>\n<meta property=\"og:title\" content=\"Kochmulde THETFORD Basic Line 330 mit elektr. Z\u00fcndung linke Ausf\u00fchrung - Bantam\" \/>\n<meta property=\"og:description\" content=\"Die Qualit\u00e4t und das ergonomische Layout dieser Reihe haben sich mit den Jahren bew\u00e4hrt. Ein dreieckiges Kochfeld aus Edelstahl, das perfekt zur Sp\u00fcle der Basic Line 33 passt. Und je nach Ihrem K\u00fcchen-Layout k\u00f6nnen Sie zwischen einer Version f\u00fcr Links- und Rechtsh\u00e4nder w\u00e4hlen.\" \/>\n<meta property=\"og:url\" content=\"https:\/\/shop.bantam.ch\/de\/produkt\/kochmulde-thetford-basic-line-330-mit-elektr-zuendung-linke-ausfuehrung\/\" \/>\n<meta property=\"og:site_name\" content=\"Bantam\" \/>\n<meta property=\"article:modified_time\" content=\"2026-05-02T21:26:31+00:00\" \/>\n<meta name=\"twitter:card\" content=\"summary_large_image\" \/>\n<script type=\"application\/ld+json\" class=\"yoast-schema-graph\">{\"@context\":\"https:\\\/\\\/schema.org\",\"@graph\":[{\"@type\":\"WebPage\",\"@id\":\"https:\\\/\\\/shop.bantam.ch\\\/de\\\/produkt\\\/kochmulde-thetford-basic-line-330-mit-elektr-zuendung-linke-ausfuehrung\\\/\",\"url\":\"https:\\\/\\\/shop.bantam.ch\\\/de\\\/produkt\\\/kochmulde-thetford-basic-line-330-mit-elektr-zuendung-linke-ausfuehrung\\\/\",\"name\":\"Kochmulde THETFORD Basic Line 330 mit elektr. Z\u00fcndung linke Ausf\u00fchrung - Bantam\",\"isPartOf\":{\"@id\":\"https:\\\/\\\/shop.bantam.ch\\\/de\\\/#website\"},\"primaryImageOfPage\":{\"@id\":\"https:\\\/\\\/shop.bantam.ch\\\/de\\\/produkt\\\/kochmulde-thetford-basic-line-330-mit-elektr-zuendung-linke-ausfuehrung\\\/#primaryimage\"},\"image\":{\"@id\":\"https:\\\/\\\/shop.bantam.ch\\\/de\\\/produkt\\\/kochmulde-thetford-basic-line-330-mit-elektr-zuendung-linke-ausfuehrung\\\/#primaryimage\"},\"thumbnailUrl\":\"https:\\\/\\\/shop.bantam.ch\\\/wp-content\\\/uploads\\\/2025\\\/03\\\/Movera-L-9975591100.jpg\",\"datePublished\":\"2025-03-14T15:48:11+00:00\",\"dateModified\":\"2026-05-02T21:26:31+00:00\",\"breadcrumb\":{\"@id\":\"https:\\\/\\\/shop.bantam.ch\\\/de\\\/produkt\\\/kochmulde-thetford-basic-line-330-mit-elektr-zuendung-linke-ausfuehrung\\\/#breadcrumb\"},\"inLanguage\":\"de\",\"potentialAction\":[{\"@type\":\"ReadAction\",\"target\":[\"https:\\\/\\\/shop.bantam.ch\\\/de\\\/produkt\\\/kochmulde-thetford-basic-line-330-mit-elektr-zuendung-linke-ausfuehrung\\\/\"]}]},{\"@type\":\"ImageObject\",\"inLanguage\":\"de\",\"@id\":\"https:\\\/\\\/shop.bantam.ch\\\/de\\\/produkt\\\/kochmulde-thetford-basic-line-330-mit-elektr-zuendung-linke-ausfuehrung\\\/#primaryimage\",\"url\":\"https:\\\/\\\/shop.bantam.ch\\\/wp-content\\\/uploads\\\/2025\\\/03\\\/Movera-L-9975591100.jpg\",\"contentUrl\":\"https:\\\/\\\/shop.bantam.ch\\\/wp-content\\\/uploads\\\/2025\\\/03\\\/Movera-L-9975591100.jpg\",\"width\":640,\"height\":762},{\"@type\":\"BreadcrumbList\",\"@id\":\"https:\\\/\\\/shop.bantam.ch\\\/de\\\/produkt\\\/kochmulde-thetford-basic-line-330-mit-elektr-zuendung-linke-ausfuehrung\\\/#breadcrumb\",\"itemListElement\":[{\"@type\":\"ListItem\",\"position\":1,\"name\":\"Accueil\",\"item\":\"https:\\\/\\\/shop.bantam.ch\\\/de\\\/\"},{\"@type\":\"ListItem\",\"position\":2,\"name\":\"Shop\",\"item\":\"https:\\\/\\\/shop.bantam.ch\\\/de\\\/shop\\\/\"},{\"@type\":\"ListItem\",\"position\":3,\"name\":\"Kochmulde THETFORD Basic Line 330 mit elektr. Z\u00fcndung linke Ausf\u00fchrung\"}]},{\"@type\":\"WebSite\",\"@id\":\"https:\\\/\\\/shop.bantam.ch\\\/de\\\/#website\",\"url\":\"https:\\\/\\\/shop.bantam.ch\\\/de\\\/\",\"name\":\"Bantam\",\"description\":\"\",\"publisher\":{\"@id\":\"https:\\\/\\\/shop.bantam.ch\\\/de\\\/#organization\"},\"inLanguage\":\"de\"},{\"@type\":\"Organization\",\"@id\":\"https:\\\/\\\/shop.bantam.ch\\\/de\\\/#organization\",\"name\":\"Bantam\",\"url\":\"https:\\\/\\\/shop.bantam.ch\\\/de\\\/\",\"logo\":{\"@type\":\"ImageObject\",\"inLanguage\":\"de\",\"@id\":\"https:\\\/\\\/shop.bantam.ch\\\/de\\\/#\\\/schema\\\/logo\\\/image\\\/\",\"url\":\"https:\\\/\\\/shop.bantam.ch\\\/wp-content\\\/uploads\\\/2022\\\/12\\\/bantam-logo.png\",\"contentUrl\":\"https:\\\/\\\/shop.bantam.ch\\\/wp-content\\\/uploads\\\/2022\\\/12\\\/bantam-logo.png\",\"width\":320,\"height\":71,\"caption\":\"Bantam\"},\"image\":{\"@id\":\"https:\\\/\\\/shop.bantam.ch\\\/de\\\/#\\\/schema\\\/logo\\\/image\\\/\"}}]}<\/script>\n<!-- \/ Yoast SEO plugin. -->","yoast_head_json":{"title":"Kochmulde THETFORD Basic Line 330 mit elektr. Z\u00fcndung linke Ausf\u00fchrung - Bantam","robots":{"index":"index","follow":"follow","max-snippet":"max-snippet:-1","max-image-preview":"max-image-preview:large","max-video-preview":"max-video-preview:-1"},"canonical":"https:\/\/shop.bantam.ch\/de\/produkt\/kochmulde-thetford-basic-line-330-mit-elektr-zuendung-linke-ausfuehrung\/","og_locale":"de_DE","og_type":"article","og_title":"Kochmulde THETFORD Basic Line 330 mit elektr. Z\u00fcndung linke Ausf\u00fchrung - Bantam","og_description":"Die Qualit\u00e4t und das ergonomische Layout dieser Reihe haben sich mit den Jahren bew\u00e4hrt. Ein dreieckiges Kochfeld aus Edelstahl, das perfekt zur Sp\u00fcle der Basic Line 33 passt. Und je nach Ihrem K\u00fcchen-Layout k\u00f6nnen Sie zwischen einer Version f\u00fcr Links- und Rechtsh\u00e4nder w\u00e4hlen.","og_url":"https:\/\/shop.bantam.ch\/de\/produkt\/kochmulde-thetford-basic-line-330-mit-elektr-zuendung-linke-ausfuehrung\/","og_site_name":"Bantam","article_modified_time":"2026-05-02T21:26:31+00:00","twitter_card":"summary_large_image","schema":{"@context":"https:\/\/schema.org","@graph":[{"@type":"WebPage","@id":"https:\/\/shop.bantam.ch\/de\/produkt\/kochmulde-thetford-basic-line-330-mit-elektr-zuendung-linke-ausfuehrung\/","url":"https:\/\/shop.bantam.ch\/de\/produkt\/kochmulde-thetford-basic-line-330-mit-elektr-zuendung-linke-ausfuehrung\/","name":"Kochmulde THETFORD Basic Line 330 mit elektr. Z\u00fcndung linke Ausf\u00fchrung - Bantam","isPartOf":{"@id":"https:\/\/shop.bantam.ch\/de\/#website"},"primaryImageOfPage":{"@id":"https:\/\/shop.bantam.ch\/de\/produkt\/kochmulde-thetford-basic-line-330-mit-elektr-zuendung-linke-ausfuehrung\/#primaryimage"},"image":{"@id":"https:\/\/shop.bantam.ch\/de\/produkt\/kochmulde-thetford-basic-line-330-mit-elektr-zuendung-linke-ausfuehrung\/#primaryimage"},"thumbnailUrl":"https:\/\/shop.bantam.ch\/wp-content\/uploads\/2025\/03\/Movera-L-9975591100.jpg","datePublished":"2025-03-14T15:48:11+00:00","dateModified":"2026-05-02T21:26:31+00:00","breadcrumb":{"@id":"https:\/\/shop.bantam.ch\/de\/produkt\/kochmulde-thetford-basic-line-330-mit-elektr-zuendung-linke-ausfuehrung\/#breadcrumb"},"inLanguage":"de","potentialAction":[{"@type":"ReadAction","target":["https:\/\/shop.bantam.ch\/de\/produkt\/kochmulde-thetford-basic-line-330-mit-elektr-zuendung-linke-ausfuehrung\/"]}]},{"@type":"ImageObject","inLanguage":"de","@id":"https:\/\/shop.bantam.ch\/de\/produkt\/kochmulde-thetford-basic-line-330-mit-elektr-zuendung-linke-ausfuehrung\/#primaryimage","url":"https:\/\/shop.bantam.ch\/wp-content\/uploads\/2025\/03\/Movera-L-9975591100.jpg","contentUrl":"https:\/\/shop.bantam.ch\/wp-content\/uploads\/2025\/03\/Movera-L-9975591100.jpg","width":640,"height":762},{"@type":"BreadcrumbList","@id":"https:\/\/shop.bantam.ch\/de\/produkt\/kochmulde-thetford-basic-line-330-mit-elektr-zuendung-linke-ausfuehrung\/#breadcrumb","itemListElement":[{"@type":"ListItem","position":1,"name":"Accueil","item":"https:\/\/shop.bantam.ch\/de\/"},{"@type":"ListItem","position":2,"name":"Shop","item":"https:\/\/shop.bantam.ch\/de\/shop\/"},{"@type":"ListItem","position":3,"name":"Kochmulde THETFORD Basic Line 330 mit elektr. Z\u00fcndung linke Ausf\u00fchrung"}]},{"@type":"WebSite","@id":"https:\/\/shop.bantam.ch\/de\/#website","url":"https:\/\/shop.bantam.ch\/de\/","name":"Bantam","description":"","publisher":{"@id":"https:\/\/shop.bantam.ch\/de\/#organization"},"inLanguage":"de"},{"@type":"Organization","@id":"https:\/\/shop.bantam.ch\/de\/#organization","name":"Bantam","url":"https:\/\/shop.bantam.ch\/de\/","logo":{"@type":"ImageObject","inLanguage":"de","@id":"https:\/\/shop.bantam.ch\/de\/#\/schema\/logo\/image\/","url":"https:\/\/shop.bantam.ch\/wp-content\/uploads\/2022\/12\/bantam-logo.png","contentUrl":"https:\/\/shop.bantam.ch\/wp-content\/uploads\/2022\/12\/bantam-logo.png","width":320,"height":71,"caption":"Bantam"},"image":{"@id":"https:\/\/shop.bantam.ch\/de\/#\/schema\/logo\/image\/"}}]}},"_links":{"self":[{"href":"https:\/\/shop.bantam.ch\/de\/wp-json\/wp\/v2\/product\/216053","targetHints":{"allow":["GET"]}}],"collection":[{"href":"https:\/\/shop.bantam.ch\/de\/wp-json\/wp\/v2\/product"}],"about":[{"href":"https:\/\/shop.bantam.ch\/de\/wp-json\/wp\/v2\/types\/product"}],"wp:featuredmedia":[{"embeddable":true,"href":"https:\/\/shop.bantam.ch\/de\/wp-json\/wp\/v2\/media\/216051"}],"wp:attachment":[{"href":"https:\/\/shop.bantam.ch\/de\/wp-json\/wp\/v2\/media?parent=216053"}],"wp:term":[{"taxonomy":"product_featured_cat","embeddable":true,"href":"https:\/\/shop.bantam.ch\/de\/wp-json\/wp\/v2\/product_featured_cat?post=216053"},{"taxonomy":"product_brand","embeddable":true,"href":"https:\/\/shop.bantam.ch\/de\/wp-json\/wp\/v2\/product_brand?post=216053"},{"taxonomy":"product_cat","embeddable":true,"href":"https:\/\/shop.bantam.ch\/de\/wp-json\/wp\/v2\/product_cat?post=216053"},{"taxonomy":"product_tag","embeddable":true,"href":"https:\/\/shop.bantam.ch\/de\/wp-json\/wp\/v2\/product_tag?post=216053"}],"curies":[{"name":"wp","href":"https:\/\/api.w.org\/{rel}","templated":true}]}}