{"id":215965,"date":"2025-03-14T16:46:40","date_gmt":"2025-03-14T15:46:40","guid":{"rendered":"https:\/\/shop.bantam.ch\/produit\/lenkrad-interface-zenec-fuer-fiat-ducato-iii-ab-serie-8-ab-baujahr-q3-2021\/"},"modified":"2026-04-18T23:33:37","modified_gmt":"2026-04-18T21:33:37","slug":"lenkrad-interface-zenec-fuer-fiat-ducato-iii-ab-serie-8-ab-baujahr-q3-2021","status":"publish","type":"product","link":"https:\/\/shop.bantam.ch\/de\/produkt\/lenkrad-interface-zenec-fuer-fiat-ducato-iii-ab-serie-8-ab-baujahr-q3-2021\/","title":{"rendered":"Lenkrad Interface ZENEC f\u00fcr Fiat Ducato III ab Serie 8 ab Baujahr Q3 2021"},"content":{"rendered":"<p>Lenkrad-Interface &#8211; f\u00fcr FIAT Ducato III, ab Serie 8 mit Radiovorbereitung ab Q3 2021 zur Ansteuerung der Lenkradfernbedienung und mit Unterst\u00fctzung der Telefontasten. FAHRZEUGKOMPATIBILIT\u00c4T:&nbsp;<br \/>\nFIAT Ducato III (Serie 8, Serie 9, Serie 2) Alle Modelle mit Radiovorbereitung ab Q3 2021<br \/>\nCITRO\u00cbN Jumper II (Serie 2) Alle Modelle mit Radiovorbereitung ab Q3 2024<br \/>\nPEUGEOT Boxer II (Serie 2) Alle Modelle mit Radiovorbereitung ab Q3 2024<br \/>\nOPEL Movano C (Serie 2) Alle Modelle mit Radiovorbereitung ab Q3 2024<\/p>\n<p>Lieferumfang: inklusive universal Radioanschlusskabel<\/p>\n","protected":false},"excerpt":{"rendered":"<p>Lenkrad-Interface &#8211; f\u00fcr FIAT Ducato III, ab Serie 8 mit Radiovorbereitung ab Q3 2021 zur Ansteuerung der Lenkradfernbedienung und mit Unterst\u00fctzung der Telefontasten. FAHRZEUGKOMPATIBILIT\u00c4T:&nbsp; FIAT Ducato III (Serie 8, Serie 9, Serie 2) Alle Modelle mit Radiovorbereitung ab Q3 2021 CITRO\u00cbN Jumper II (Serie 2) Alle Modelle mit Radiovorbereitung ab Q3 2024 PEUGEOT Boxer II [&hellip;]<\/p>\n","protected":false},"featured_media":215963,"template":"","meta":{"_acf_changed":false},"product_featured_cat":[],"product_brand":[],"product_cat":[4522],"product_tag":[],"class_list":{"0":"post-215965","1":"product","2":"type-product","3":"status-publish","4":"has-post-thumbnail","6":"product_cat-radios-naviceiver-zubehoer","8":"first","9":"instock","10":"taxable","11":"shipping-taxable","12":"purchasable","13":"product-type-simple"},"acf":[],"yoast_head":"<!-- This site is optimized with the Yoast SEO plugin v27.4 - https:\/\/yoast.com\/product\/yoast-seo-wordpress\/ -->\n<title>Lenkrad Interface ZENEC f\u00fcr Fiat Ducato III ab Serie 8 ab Baujahr Q3 2021 - Bantam Camping AG<\/title>\n<meta name=\"robots\" content=\"index, follow, max-snippet:-1, max-image-preview:large, max-video-preview:-1\" \/>\n<link rel=\"canonical\" href=\"https:\/\/shop.bantam.ch\/de\/produkt\/lenkrad-interface-zenec-fuer-fiat-ducato-iii-ab-serie-8-ab-baujahr-q3-2021\/\" \/>\n<meta property=\"og:locale\" content=\"de_DE\" \/>\n<meta property=\"og:type\" content=\"article\" \/>\n<meta property=\"og:title\" content=\"Lenkrad Interface ZENEC f\u00fcr Fiat Ducato III ab Serie 8 ab Baujahr Q3 2021 - Bantam Camping AG\" \/>\n<meta property=\"og:description\" content=\"Lenkrad-Interface &#8211; f\u00fcr FIAT Ducato III, ab Serie 8 mit Radiovorbereitung ab Q3 2021 zur Ansteuerung der Lenkradfernbedienung und mit Unterst\u00fctzung der Telefontasten. FAHRZEUGKOMPATIBILIT\u00c4T:&nbsp; FIAT Ducato III (Serie 8, Serie 9, Serie 2) Alle Modelle mit Radiovorbereitung ab Q3 2021 CITRO\u00cbN Jumper II (Serie 2) Alle Modelle mit Radiovorbereitung ab Q3 2024 PEUGEOT Boxer II [&hellip;]\" \/>\n<meta property=\"og:url\" content=\"https:\/\/shop.bantam.ch\/de\/produkt\/lenkrad-interface-zenec-fuer-fiat-ducato-iii-ab-serie-8-ab-baujahr-q3-2021\/\" \/>\n<meta property=\"og:site_name\" content=\"Bantam Camping AG\" \/>\n<meta property=\"article:modified_time\" content=\"2026-04-18T21:33:37+00:00\" \/>\n<meta name=\"twitter:card\" content=\"summary_large_image\" \/>\n<script type=\"application\/ld+json\" class=\"yoast-schema-graph\">{\"@context\":\"https:\\\/\\\/schema.org\",\"@graph\":[{\"@type\":\"WebPage\",\"@id\":\"https:\\\/\\\/shop.bantam.ch\\\/de\\\/produkt\\\/lenkrad-interface-zenec-fuer-fiat-ducato-iii-ab-serie-8-ab-baujahr-q3-2021\\\/\",\"url\":\"https:\\\/\\\/shop.bantam.ch\\\/de\\\/produkt\\\/lenkrad-interface-zenec-fuer-fiat-ducato-iii-ab-serie-8-ab-baujahr-q3-2021\\\/\",\"name\":\"Lenkrad Interface ZENEC f\u00fcr Fiat Ducato III ab Serie 8 ab Baujahr Q3 2021 - Bantam Camping AG\",\"isPartOf\":{\"@id\":\"https:\\\/\\\/shop.bantam.ch\\\/de\\\/#website\"},\"primaryImageOfPage\":{\"@id\":\"https:\\\/\\\/shop.bantam.ch\\\/de\\\/produkt\\\/lenkrad-interface-zenec-fuer-fiat-ducato-iii-ab-serie-8-ab-baujahr-q3-2021\\\/#primaryimage\"},\"image\":{\"@id\":\"https:\\\/\\\/shop.bantam.ch\\\/de\\\/produkt\\\/lenkrad-interface-zenec-fuer-fiat-ducato-iii-ab-serie-8-ab-baujahr-q3-2021\\\/#primaryimage\"},\"thumbnailUrl\":\"https:\\\/\\\/shop.bantam.ch\\\/wp-content\\\/uploads\\\/2025\\\/03\\\/Movera-L-9975573100.jpg\",\"datePublished\":\"2025-03-14T15:46:40+00:00\",\"dateModified\":\"2026-04-18T21:33:37+00:00\",\"breadcrumb\":{\"@id\":\"https:\\\/\\\/shop.bantam.ch\\\/de\\\/produkt\\\/lenkrad-interface-zenec-fuer-fiat-ducato-iii-ab-serie-8-ab-baujahr-q3-2021\\\/#breadcrumb\"},\"inLanguage\":\"de\",\"potentialAction\":[{\"@type\":\"ReadAction\",\"target\":[\"https:\\\/\\\/shop.bantam.ch\\\/de\\\/produkt\\\/lenkrad-interface-zenec-fuer-fiat-ducato-iii-ab-serie-8-ab-baujahr-q3-2021\\\/\"]}]},{\"@type\":\"ImageObject\",\"inLanguage\":\"de\",\"@id\":\"https:\\\/\\\/shop.bantam.ch\\\/de\\\/produkt\\\/lenkrad-interface-zenec-fuer-fiat-ducato-iii-ab-serie-8-ab-baujahr-q3-2021\\\/#primaryimage\",\"url\":\"https:\\\/\\\/shop.bantam.ch\\\/wp-content\\\/uploads\\\/2025\\\/03\\\/Movera-L-9975573100.jpg\",\"contentUrl\":\"https:\\\/\\\/shop.bantam.ch\\\/wp-content\\\/uploads\\\/2025\\\/03\\\/Movera-L-9975573100.jpg\",\"width\":640,\"height\":480},{\"@type\":\"BreadcrumbList\",\"@id\":\"https:\\\/\\\/shop.bantam.ch\\\/de\\\/produkt\\\/lenkrad-interface-zenec-fuer-fiat-ducato-iii-ab-serie-8-ab-baujahr-q3-2021\\\/#breadcrumb\",\"itemListElement\":[{\"@type\":\"ListItem\",\"position\":1,\"name\":\"Accueil\",\"item\":\"https:\\\/\\\/shop.bantam.ch\\\/de\\\/\"},{\"@type\":\"ListItem\",\"position\":2,\"name\":\"Shop\",\"item\":\"https:\\\/\\\/shop.bantam.ch\\\/de\\\/shop\\\/\"},{\"@type\":\"ListItem\",\"position\":3,\"name\":\"Lenkrad Interface ZENEC f\u00fcr Fiat Ducato III ab Serie 8 ab Baujahr Q3 2021\"}]},{\"@type\":\"WebSite\",\"@id\":\"https:\\\/\\\/shop.bantam.ch\\\/de\\\/#website\",\"url\":\"https:\\\/\\\/shop.bantam.ch\\\/de\\\/\",\"name\":\"Bantam Camping AG\",\"description\":\"\",\"publisher\":{\"@id\":\"https:\\\/\\\/shop.bantam.ch\\\/de\\\/#organization\"},\"inLanguage\":\"de\"},{\"@type\":\"Organization\",\"@id\":\"https:\\\/\\\/shop.bantam.ch\\\/de\\\/#organization\",\"name\":\"Bantam Camping AG\",\"url\":\"https:\\\/\\\/shop.bantam.ch\\\/de\\\/\",\"logo\":{\"@type\":\"ImageObject\",\"inLanguage\":\"de\",\"@id\":\"https:\\\/\\\/shop.bantam.ch\\\/de\\\/#\\\/schema\\\/logo\\\/image\\\/\",\"url\":\"https:\\\/\\\/shop.bantam.ch\\\/wp-content\\\/uploads\\\/2022\\\/12\\\/bantam-logo.png\",\"contentUrl\":\"https:\\\/\\\/shop.bantam.ch\\\/wp-content\\\/uploads\\\/2022\\\/12\\\/bantam-logo.png\",\"width\":320,\"height\":71,\"caption\":\"Bantam Camping AG\"},\"image\":{\"@id\":\"https:\\\/\\\/shop.bantam.ch\\\/de\\\/#\\\/schema\\\/logo\\\/image\\\/\"}}]}<\/script>\n<!-- \/ Yoast SEO plugin. -->","yoast_head_json":{"title":"Lenkrad Interface ZENEC f\u00fcr Fiat Ducato III ab Serie 8 ab Baujahr Q3 2021 - Bantam Camping AG","robots":{"index":"index","follow":"follow","max-snippet":"max-snippet:-1","max-image-preview":"max-image-preview:large","max-video-preview":"max-video-preview:-1"},"canonical":"https:\/\/shop.bantam.ch\/de\/produkt\/lenkrad-interface-zenec-fuer-fiat-ducato-iii-ab-serie-8-ab-baujahr-q3-2021\/","og_locale":"de_DE","og_type":"article","og_title":"Lenkrad Interface ZENEC f\u00fcr Fiat Ducato III ab Serie 8 ab Baujahr Q3 2021 - Bantam Camping AG","og_description":"Lenkrad-Interface &#8211; f\u00fcr FIAT Ducato III, ab Serie 8 mit Radiovorbereitung ab Q3 2021 zur Ansteuerung der Lenkradfernbedienung und mit Unterst\u00fctzung der Telefontasten. FAHRZEUGKOMPATIBILIT\u00c4T:&nbsp; FIAT Ducato III (Serie 8, Serie 9, Serie 2) Alle Modelle mit Radiovorbereitung ab Q3 2021 CITRO\u00cbN Jumper II (Serie 2) Alle Modelle mit Radiovorbereitung ab Q3 2024 PEUGEOT Boxer II [&hellip;]","og_url":"https:\/\/shop.bantam.ch\/de\/produkt\/lenkrad-interface-zenec-fuer-fiat-ducato-iii-ab-serie-8-ab-baujahr-q3-2021\/","og_site_name":"Bantam Camping AG","article_modified_time":"2026-04-18T21:33:37+00:00","twitter_card":"summary_large_image","schema":{"@context":"https:\/\/schema.org","@graph":[{"@type":"WebPage","@id":"https:\/\/shop.bantam.ch\/de\/produkt\/lenkrad-interface-zenec-fuer-fiat-ducato-iii-ab-serie-8-ab-baujahr-q3-2021\/","url":"https:\/\/shop.bantam.ch\/de\/produkt\/lenkrad-interface-zenec-fuer-fiat-ducato-iii-ab-serie-8-ab-baujahr-q3-2021\/","name":"Lenkrad Interface ZENEC f\u00fcr Fiat Ducato III ab Serie 8 ab Baujahr Q3 2021 - Bantam Camping AG","isPartOf":{"@id":"https:\/\/shop.bantam.ch\/de\/#website"},"primaryImageOfPage":{"@id":"https:\/\/shop.bantam.ch\/de\/produkt\/lenkrad-interface-zenec-fuer-fiat-ducato-iii-ab-serie-8-ab-baujahr-q3-2021\/#primaryimage"},"image":{"@id":"https:\/\/shop.bantam.ch\/de\/produkt\/lenkrad-interface-zenec-fuer-fiat-ducato-iii-ab-serie-8-ab-baujahr-q3-2021\/#primaryimage"},"thumbnailUrl":"https:\/\/shop.bantam.ch\/wp-content\/uploads\/2025\/03\/Movera-L-9975573100.jpg","datePublished":"2025-03-14T15:46:40+00:00","dateModified":"2026-04-18T21:33:37+00:00","breadcrumb":{"@id":"https:\/\/shop.bantam.ch\/de\/produkt\/lenkrad-interface-zenec-fuer-fiat-ducato-iii-ab-serie-8-ab-baujahr-q3-2021\/#breadcrumb"},"inLanguage":"de","potentialAction":[{"@type":"ReadAction","target":["https:\/\/shop.bantam.ch\/de\/produkt\/lenkrad-interface-zenec-fuer-fiat-ducato-iii-ab-serie-8-ab-baujahr-q3-2021\/"]}]},{"@type":"ImageObject","inLanguage":"de","@id":"https:\/\/shop.bantam.ch\/de\/produkt\/lenkrad-interface-zenec-fuer-fiat-ducato-iii-ab-serie-8-ab-baujahr-q3-2021\/#primaryimage","url":"https:\/\/shop.bantam.ch\/wp-content\/uploads\/2025\/03\/Movera-L-9975573100.jpg","contentUrl":"https:\/\/shop.bantam.ch\/wp-content\/uploads\/2025\/03\/Movera-L-9975573100.jpg","width":640,"height":480},{"@type":"BreadcrumbList","@id":"https:\/\/shop.bantam.ch\/de\/produkt\/lenkrad-interface-zenec-fuer-fiat-ducato-iii-ab-serie-8-ab-baujahr-q3-2021\/#breadcrumb","itemListElement":[{"@type":"ListItem","position":1,"name":"Accueil","item":"https:\/\/shop.bantam.ch\/de\/"},{"@type":"ListItem","position":2,"name":"Shop","item":"https:\/\/shop.bantam.ch\/de\/shop\/"},{"@type":"ListItem","position":3,"name":"Lenkrad Interface ZENEC f\u00fcr Fiat Ducato III ab Serie 8 ab Baujahr Q3 2021"}]},{"@type":"WebSite","@id":"https:\/\/shop.bantam.ch\/de\/#website","url":"https:\/\/shop.bantam.ch\/de\/","name":"Bantam Camping AG","description":"","publisher":{"@id":"https:\/\/shop.bantam.ch\/de\/#organization"},"inLanguage":"de"},{"@type":"Organization","@id":"https:\/\/shop.bantam.ch\/de\/#organization","name":"Bantam Camping AG","url":"https:\/\/shop.bantam.ch\/de\/","logo":{"@type":"ImageObject","inLanguage":"de","@id":"https:\/\/shop.bantam.ch\/de\/#\/schema\/logo\/image\/","url":"https:\/\/shop.bantam.ch\/wp-content\/uploads\/2022\/12\/bantam-logo.png","contentUrl":"https:\/\/shop.bantam.ch\/wp-content\/uploads\/2022\/12\/bantam-logo.png","width":320,"height":71,"caption":"Bantam Camping AG"},"image":{"@id":"https:\/\/shop.bantam.ch\/de\/#\/schema\/logo\/image\/"}}]}},"_links":{"self":[{"href":"https:\/\/shop.bantam.ch\/de\/wp-json\/wp\/v2\/product\/215965","targetHints":{"allow":["GET"]}}],"collection":[{"href":"https:\/\/shop.bantam.ch\/de\/wp-json\/wp\/v2\/product"}],"about":[{"href":"https:\/\/shop.bantam.ch\/de\/wp-json\/wp\/v2\/types\/product"}],"wp:featuredmedia":[{"embeddable":true,"href":"https:\/\/shop.bantam.ch\/de\/wp-json\/wp\/v2\/media\/215963"}],"wp:attachment":[{"href":"https:\/\/shop.bantam.ch\/de\/wp-json\/wp\/v2\/media?parent=215965"}],"wp:term":[{"taxonomy":"product_featured_cat","embeddable":true,"href":"https:\/\/shop.bantam.ch\/de\/wp-json\/wp\/v2\/product_featured_cat?post=215965"},{"taxonomy":"product_brand","embeddable":true,"href":"https:\/\/shop.bantam.ch\/de\/wp-json\/wp\/v2\/product_brand?post=215965"},{"taxonomy":"product_cat","embeddable":true,"href":"https:\/\/shop.bantam.ch\/de\/wp-json\/wp\/v2\/product_cat?post=215965"},{"taxonomy":"product_tag","embeddable":true,"href":"https:\/\/shop.bantam.ch\/de\/wp-json\/wp\/v2\/product_tag?post=215965"}],"curies":[{"name":"wp","href":"https:\/\/api.w.org\/{rel}","templated":true}]}}