{"id":215947,"date":"2025-03-14T16:46:21","date_gmt":"2025-03-14T15:46:21","guid":{"rendered":"https:\/\/shop.bantam.ch\/produit\/gaskocher-primus-mimer-stove\/"},"modified":"2026-04-21T23:34:56","modified_gmt":"2026-04-21T21:34:56","slug":"gaskocher-primus-mimer-stove","status":"publish","type":"product","link":"https:\/\/shop.bantam.ch\/de\/produkt\/gaskocher-primus-mimer-stove\/","title":{"rendered":"Gaskocher PRIMUS Mimer Stove"},"content":{"rendered":"<p>Der robuste, zuverl\u00e4ssige und stets einsatzbereite Aufschraubkocher eignet sich mit seiner breiten Flamme gut f\u00fcr gr\u00f6\u00dfere T\u00f6pfe.<\/p>\n<ul>\n<li>Dieser Kocher ist robust und langlebig, ohne klappbare Teile, ist \u00fcberaus benutzerfreundlich und kann von Generation zu Generation weitergegeben werden<\/li>\n<li>Dank breiter Flamme ausgezeichnetes Erhitzen gr\u00f6\u00dferer T\u00f6pfe zum Kochen f\u00fcr 1\u20133 Personen<\/li>\n<li>Die statischen 4-Punkt-Topfauflagen sorgen f\u00fcr zus\u00e4tzliche Stabilit\u00e4t und Windschutz und eignen sich f\u00fcr eine Reihe unterschiedlicher Topfgr\u00f6\u00dfen<\/li>\n<li>Erh\u00e4ltlich mit Duo-Ventil sowohl f\u00fcr Schraubkartuschen als auch f\u00fcr gewindelose Kartuschenventile<\/li>\n<\/ul>\n<p>Lieferumfang: ohne Gaskartusche<\/p>\n","protected":false},"excerpt":{"rendered":"<p>Der robuste, zuverl\u00e4ssige und stets einsatzbereite Aufschraubkocher eignet sich mit seiner breiten Flamme gut f\u00fcr gr\u00f6\u00dfere T\u00f6pfe. Dieser Kocher ist robust und langlebig, ohne klappbare Teile, ist \u00fcberaus benutzerfreundlich und kann von Generation zu Generation weitergegeben werden Dank breiter Flamme ausgezeichnetes Erhitzen gr\u00f6\u00dferer T\u00f6pfe zum Kochen f\u00fcr 1\u20133 Personen Die statischen 4-Punkt-Topfauflagen sorgen f\u00fcr zus\u00e4tzliche [&hellip;]<\/p>\n","protected":false},"featured_media":215939,"template":"","meta":{"_acf_changed":false},"product_featured_cat":[],"product_brand":[],"product_cat":[4280],"product_tag":[],"class_list":{"0":"post-215947","1":"product","2":"type-product","3":"status-publish","4":"has-post-thumbnail","6":"product_cat-gasgrills","8":"first","9":"instock","10":"taxable","11":"shipping-taxable","12":"purchasable","13":"product-type-simple"},"acf":[],"yoast_head":"<!-- This site is optimized with the Yoast SEO plugin v27.4 - https:\/\/yoast.com\/product\/yoast-seo-wordpress\/ -->\n<title>Gaskocher PRIMUS Mimer Stove - Bantam Camping AG<\/title>\n<meta name=\"robots\" content=\"index, follow, max-snippet:-1, max-image-preview:large, max-video-preview:-1\" \/>\n<link rel=\"canonical\" href=\"https:\/\/shop.bantam.ch\/de\/produkt\/gaskocher-primus-mimer-stove\/\" \/>\n<meta property=\"og:locale\" content=\"de_DE\" \/>\n<meta property=\"og:type\" content=\"article\" \/>\n<meta property=\"og:title\" content=\"Gaskocher PRIMUS Mimer Stove - Bantam Camping AG\" \/>\n<meta property=\"og:description\" content=\"Der robuste, zuverl\u00e4ssige und stets einsatzbereite Aufschraubkocher eignet sich mit seiner breiten Flamme gut f\u00fcr gr\u00f6\u00dfere T\u00f6pfe. Dieser Kocher ist robust und langlebig, ohne klappbare Teile, ist \u00fcberaus benutzerfreundlich und kann von Generation zu Generation weitergegeben werden Dank breiter Flamme ausgezeichnetes Erhitzen gr\u00f6\u00dferer T\u00f6pfe zum Kochen f\u00fcr 1\u20133 Personen Die statischen 4-Punkt-Topfauflagen sorgen f\u00fcr zus\u00e4tzliche [&hellip;]\" \/>\n<meta property=\"og:url\" content=\"https:\/\/shop.bantam.ch\/de\/produkt\/gaskocher-primus-mimer-stove\/\" \/>\n<meta property=\"og:site_name\" content=\"Bantam Camping AG\" \/>\n<meta property=\"article:modified_time\" content=\"2026-04-21T21:34:56+00:00\" \/>\n<meta name=\"twitter:card\" content=\"summary_large_image\" \/>\n<script type=\"application\/ld+json\" class=\"yoast-schema-graph\">{\"@context\":\"https:\\\/\\\/schema.org\",\"@graph\":[{\"@type\":\"WebPage\",\"@id\":\"https:\\\/\\\/shop.bantam.ch\\\/de\\\/produkt\\\/gaskocher-primus-mimer-stove\\\/\",\"url\":\"https:\\\/\\\/shop.bantam.ch\\\/de\\\/produkt\\\/gaskocher-primus-mimer-stove\\\/\",\"name\":\"Gaskocher PRIMUS Mimer Stove - Bantam Camping AG\",\"isPartOf\":{\"@id\":\"https:\\\/\\\/shop.bantam.ch\\\/de\\\/#website\"},\"primaryImageOfPage\":{\"@id\":\"https:\\\/\\\/shop.bantam.ch\\\/de\\\/produkt\\\/gaskocher-primus-mimer-stove\\\/#primaryimage\"},\"image\":{\"@id\":\"https:\\\/\\\/shop.bantam.ch\\\/de\\\/produkt\\\/gaskocher-primus-mimer-stove\\\/#primaryimage\"},\"thumbnailUrl\":\"https:\\\/\\\/shop.bantam.ch\\\/wp-content\\\/uploads\\\/2025\\\/03\\\/Movera-L-9975559100.png\",\"datePublished\":\"2025-03-14T15:46:21+00:00\",\"dateModified\":\"2026-04-21T21:34:56+00:00\",\"breadcrumb\":{\"@id\":\"https:\\\/\\\/shop.bantam.ch\\\/de\\\/produkt\\\/gaskocher-primus-mimer-stove\\\/#breadcrumb\"},\"inLanguage\":\"de\",\"potentialAction\":[{\"@type\":\"ReadAction\",\"target\":[\"https:\\\/\\\/shop.bantam.ch\\\/de\\\/produkt\\\/gaskocher-primus-mimer-stove\\\/\"]}]},{\"@type\":\"ImageObject\",\"inLanguage\":\"de\",\"@id\":\"https:\\\/\\\/shop.bantam.ch\\\/de\\\/produkt\\\/gaskocher-primus-mimer-stove\\\/#primaryimage\",\"url\":\"https:\\\/\\\/shop.bantam.ch\\\/wp-content\\\/uploads\\\/2025\\\/03\\\/Movera-L-9975559100.png\",\"contentUrl\":\"https:\\\/\\\/shop.bantam.ch\\\/wp-content\\\/uploads\\\/2025\\\/03\\\/Movera-L-9975559100.png\",\"width\":640,\"height\":822},{\"@type\":\"BreadcrumbList\",\"@id\":\"https:\\\/\\\/shop.bantam.ch\\\/de\\\/produkt\\\/gaskocher-primus-mimer-stove\\\/#breadcrumb\",\"itemListElement\":[{\"@type\":\"ListItem\",\"position\":1,\"name\":\"Accueil\",\"item\":\"https:\\\/\\\/shop.bantam.ch\\\/de\\\/\"},{\"@type\":\"ListItem\",\"position\":2,\"name\":\"Shop\",\"item\":\"https:\\\/\\\/shop.bantam.ch\\\/de\\\/shop\\\/\"},{\"@type\":\"ListItem\",\"position\":3,\"name\":\"Gaskocher PRIMUS Mimer Stove\"}]},{\"@type\":\"WebSite\",\"@id\":\"https:\\\/\\\/shop.bantam.ch\\\/de\\\/#website\",\"url\":\"https:\\\/\\\/shop.bantam.ch\\\/de\\\/\",\"name\":\"Bantam Camping AG\",\"description\":\"\",\"publisher\":{\"@id\":\"https:\\\/\\\/shop.bantam.ch\\\/de\\\/#organization\"},\"inLanguage\":\"de\"},{\"@type\":\"Organization\",\"@id\":\"https:\\\/\\\/shop.bantam.ch\\\/de\\\/#organization\",\"name\":\"Bantam Camping AG\",\"url\":\"https:\\\/\\\/shop.bantam.ch\\\/de\\\/\",\"logo\":{\"@type\":\"ImageObject\",\"inLanguage\":\"de\",\"@id\":\"https:\\\/\\\/shop.bantam.ch\\\/de\\\/#\\\/schema\\\/logo\\\/image\\\/\",\"url\":\"https:\\\/\\\/shop.bantam.ch\\\/wp-content\\\/uploads\\\/2022\\\/12\\\/bantam-logo.png\",\"contentUrl\":\"https:\\\/\\\/shop.bantam.ch\\\/wp-content\\\/uploads\\\/2022\\\/12\\\/bantam-logo.png\",\"width\":320,\"height\":71,\"caption\":\"Bantam Camping AG\"},\"image\":{\"@id\":\"https:\\\/\\\/shop.bantam.ch\\\/de\\\/#\\\/schema\\\/logo\\\/image\\\/\"}}]}<\/script>\n<!-- \/ Yoast SEO plugin. -->","yoast_head_json":{"title":"Gaskocher PRIMUS Mimer Stove - Bantam Camping AG","robots":{"index":"index","follow":"follow","max-snippet":"max-snippet:-1","max-image-preview":"max-image-preview:large","max-video-preview":"max-video-preview:-1"},"canonical":"https:\/\/shop.bantam.ch\/de\/produkt\/gaskocher-primus-mimer-stove\/","og_locale":"de_DE","og_type":"article","og_title":"Gaskocher PRIMUS Mimer Stove - Bantam Camping AG","og_description":"Der robuste, zuverl\u00e4ssige und stets einsatzbereite Aufschraubkocher eignet sich mit seiner breiten Flamme gut f\u00fcr gr\u00f6\u00dfere T\u00f6pfe. Dieser Kocher ist robust und langlebig, ohne klappbare Teile, ist \u00fcberaus benutzerfreundlich und kann von Generation zu Generation weitergegeben werden Dank breiter Flamme ausgezeichnetes Erhitzen gr\u00f6\u00dferer T\u00f6pfe zum Kochen f\u00fcr 1\u20133 Personen Die statischen 4-Punkt-Topfauflagen sorgen f\u00fcr zus\u00e4tzliche [&hellip;]","og_url":"https:\/\/shop.bantam.ch\/de\/produkt\/gaskocher-primus-mimer-stove\/","og_site_name":"Bantam Camping AG","article_modified_time":"2026-04-21T21:34:56+00:00","twitter_card":"summary_large_image","schema":{"@context":"https:\/\/schema.org","@graph":[{"@type":"WebPage","@id":"https:\/\/shop.bantam.ch\/de\/produkt\/gaskocher-primus-mimer-stove\/","url":"https:\/\/shop.bantam.ch\/de\/produkt\/gaskocher-primus-mimer-stove\/","name":"Gaskocher PRIMUS Mimer Stove - Bantam Camping AG","isPartOf":{"@id":"https:\/\/shop.bantam.ch\/de\/#website"},"primaryImageOfPage":{"@id":"https:\/\/shop.bantam.ch\/de\/produkt\/gaskocher-primus-mimer-stove\/#primaryimage"},"image":{"@id":"https:\/\/shop.bantam.ch\/de\/produkt\/gaskocher-primus-mimer-stove\/#primaryimage"},"thumbnailUrl":"https:\/\/shop.bantam.ch\/wp-content\/uploads\/2025\/03\/Movera-L-9975559100.png","datePublished":"2025-03-14T15:46:21+00:00","dateModified":"2026-04-21T21:34:56+00:00","breadcrumb":{"@id":"https:\/\/shop.bantam.ch\/de\/produkt\/gaskocher-primus-mimer-stove\/#breadcrumb"},"inLanguage":"de","potentialAction":[{"@type":"ReadAction","target":["https:\/\/shop.bantam.ch\/de\/produkt\/gaskocher-primus-mimer-stove\/"]}]},{"@type":"ImageObject","inLanguage":"de","@id":"https:\/\/shop.bantam.ch\/de\/produkt\/gaskocher-primus-mimer-stove\/#primaryimage","url":"https:\/\/shop.bantam.ch\/wp-content\/uploads\/2025\/03\/Movera-L-9975559100.png","contentUrl":"https:\/\/shop.bantam.ch\/wp-content\/uploads\/2025\/03\/Movera-L-9975559100.png","width":640,"height":822},{"@type":"BreadcrumbList","@id":"https:\/\/shop.bantam.ch\/de\/produkt\/gaskocher-primus-mimer-stove\/#breadcrumb","itemListElement":[{"@type":"ListItem","position":1,"name":"Accueil","item":"https:\/\/shop.bantam.ch\/de\/"},{"@type":"ListItem","position":2,"name":"Shop","item":"https:\/\/shop.bantam.ch\/de\/shop\/"},{"@type":"ListItem","position":3,"name":"Gaskocher PRIMUS Mimer Stove"}]},{"@type":"WebSite","@id":"https:\/\/shop.bantam.ch\/de\/#website","url":"https:\/\/shop.bantam.ch\/de\/","name":"Bantam Camping AG","description":"","publisher":{"@id":"https:\/\/shop.bantam.ch\/de\/#organization"},"inLanguage":"de"},{"@type":"Organization","@id":"https:\/\/shop.bantam.ch\/de\/#organization","name":"Bantam Camping AG","url":"https:\/\/shop.bantam.ch\/de\/","logo":{"@type":"ImageObject","inLanguage":"de","@id":"https:\/\/shop.bantam.ch\/de\/#\/schema\/logo\/image\/","url":"https:\/\/shop.bantam.ch\/wp-content\/uploads\/2022\/12\/bantam-logo.png","contentUrl":"https:\/\/shop.bantam.ch\/wp-content\/uploads\/2022\/12\/bantam-logo.png","width":320,"height":71,"caption":"Bantam Camping AG"},"image":{"@id":"https:\/\/shop.bantam.ch\/de\/#\/schema\/logo\/image\/"}}]}},"_links":{"self":[{"href":"https:\/\/shop.bantam.ch\/de\/wp-json\/wp\/v2\/product\/215947","targetHints":{"allow":["GET"]}}],"collection":[{"href":"https:\/\/shop.bantam.ch\/de\/wp-json\/wp\/v2\/product"}],"about":[{"href":"https:\/\/shop.bantam.ch\/de\/wp-json\/wp\/v2\/types\/product"}],"wp:featuredmedia":[{"embeddable":true,"href":"https:\/\/shop.bantam.ch\/de\/wp-json\/wp\/v2\/media\/215939"}],"wp:attachment":[{"href":"https:\/\/shop.bantam.ch\/de\/wp-json\/wp\/v2\/media?parent=215947"}],"wp:term":[{"taxonomy":"product_featured_cat","embeddable":true,"href":"https:\/\/shop.bantam.ch\/de\/wp-json\/wp\/v2\/product_featured_cat?post=215947"},{"taxonomy":"product_brand","embeddable":true,"href":"https:\/\/shop.bantam.ch\/de\/wp-json\/wp\/v2\/product_brand?post=215947"},{"taxonomy":"product_cat","embeddable":true,"href":"https:\/\/shop.bantam.ch\/de\/wp-json\/wp\/v2\/product_cat?post=215947"},{"taxonomy":"product_tag","embeddable":true,"href":"https:\/\/shop.bantam.ch\/de\/wp-json\/wp\/v2\/product_tag?post=215947"}],"curies":[{"name":"wp","href":"https:\/\/api.w.org\/{rel}","templated":true}]}}