{"id":215937,"date":"2025-03-14T16:46:13","date_gmt":"2025-03-14T15:46:13","guid":{"rendered":"https:\/\/shop.bantam.ch\/produit\/gaskocher-primus-express-stove\/"},"modified":"2026-04-21T23:34:56","modified_gmt":"2026-04-21T21:34:56","slug":"gaskocher-primus-express-stove","status":"publish","type":"product","link":"https:\/\/shop.bantam.ch\/de\/produkt\/gaskocher-primus-express-stove\/","title":{"rendered":"Gaskocher PRIMUS Express Stove"},"content":{"rendered":"<p>Eine einzigartige Kombination: superleicht, enorm robust und sehr kompakt, dank genialer faltbarer Konstruktion. Selbst f\u00fcr gro\u00dfe T\u00f6pfe bestens geeignet.<\/p>\n<ul>\n<li>Leichter Backpacking Kocher<\/li>\n<li>Die Topfauflagen sind zusammenklappbar. Dadurch ist der Kocher super kompakt und passt in jede noch so kleine Tasche.<\/li>\n<li>Einstellbares Ventil zur pr\u00e4zisen Regulierung der Flamme<\/li>\n<li>Zentrierte, spitze Flamme, die sehr windresistent ist<\/li>\n<\/ul>\n<p>Lieferumfang: ohne Gaskartusche, inklusive praktischem Aufbewahrungsbeutel (Nylon)<\/p>\n","protected":false},"excerpt":{"rendered":"<p>Eine einzigartige Kombination: superleicht, enorm robust und sehr kompakt, dank genialer faltbarer Konstruktion. Selbst f\u00fcr gro\u00dfe T\u00f6pfe bestens geeignet. Leichter Backpacking Kocher Die Topfauflagen sind zusammenklappbar. Dadurch ist der Kocher super kompakt und passt in jede noch so kleine Tasche. Einstellbares Ventil zur pr\u00e4zisen Regulierung der Flamme Zentrierte, spitze Flamme, die sehr windresistent ist Lieferumfang: [&hellip;]<\/p>\n","protected":false},"featured_media":215929,"template":"","meta":{"_acf_changed":false},"product_featured_cat":[],"product_brand":[],"product_cat":[4280],"product_tag":[],"class_list":{"0":"post-215937","1":"product","2":"type-product","3":"status-publish","4":"has-post-thumbnail","6":"product_cat-gasgrills","8":"first","9":"instock","10":"taxable","11":"shipping-taxable","12":"purchasable","13":"product-type-simple"},"acf":[],"yoast_head":"<!-- This site is optimized with the Yoast SEO plugin v27.4 - https:\/\/yoast.com\/product\/yoast-seo-wordpress\/ -->\n<title>Gaskocher PRIMUS Express Stove - Bantam Camping AG<\/title>\n<meta name=\"robots\" content=\"index, follow, max-snippet:-1, max-image-preview:large, max-video-preview:-1\" \/>\n<link rel=\"canonical\" href=\"https:\/\/shop.bantam.ch\/de\/produkt\/gaskocher-primus-express-stove\/\" \/>\n<meta property=\"og:locale\" content=\"de_DE\" \/>\n<meta property=\"og:type\" content=\"article\" \/>\n<meta property=\"og:title\" content=\"Gaskocher PRIMUS Express Stove - Bantam Camping AG\" \/>\n<meta property=\"og:description\" content=\"Eine einzigartige Kombination: superleicht, enorm robust und sehr kompakt, dank genialer faltbarer Konstruktion. Selbst f\u00fcr gro\u00dfe T\u00f6pfe bestens geeignet. Leichter Backpacking Kocher Die Topfauflagen sind zusammenklappbar. Dadurch ist der Kocher super kompakt und passt in jede noch so kleine Tasche. Einstellbares Ventil zur pr\u00e4zisen Regulierung der Flamme Zentrierte, spitze Flamme, die sehr windresistent ist Lieferumfang: [&hellip;]\" \/>\n<meta property=\"og:url\" content=\"https:\/\/shop.bantam.ch\/de\/produkt\/gaskocher-primus-express-stove\/\" \/>\n<meta property=\"og:site_name\" content=\"Bantam Camping AG\" \/>\n<meta property=\"article:modified_time\" content=\"2026-04-21T21:34:56+00:00\" \/>\n<meta name=\"twitter:card\" content=\"summary_large_image\" \/>\n<script type=\"application\/ld+json\" class=\"yoast-schema-graph\">{\"@context\":\"https:\\\/\\\/schema.org\",\"@graph\":[{\"@type\":\"WebPage\",\"@id\":\"https:\\\/\\\/shop.bantam.ch\\\/de\\\/produkt\\\/gaskocher-primus-express-stove\\\/\",\"url\":\"https:\\\/\\\/shop.bantam.ch\\\/de\\\/produkt\\\/gaskocher-primus-express-stove\\\/\",\"name\":\"Gaskocher PRIMUS Express Stove - Bantam Camping AG\",\"isPartOf\":{\"@id\":\"https:\\\/\\\/shop.bantam.ch\\\/de\\\/#website\"},\"primaryImageOfPage\":{\"@id\":\"https:\\\/\\\/shop.bantam.ch\\\/de\\\/produkt\\\/gaskocher-primus-express-stove\\\/#primaryimage\"},\"image\":{\"@id\":\"https:\\\/\\\/shop.bantam.ch\\\/de\\\/produkt\\\/gaskocher-primus-express-stove\\\/#primaryimage\"},\"thumbnailUrl\":\"https:\\\/\\\/shop.bantam.ch\\\/wp-content\\\/uploads\\\/2025\\\/03\\\/Movera-L-9975558100.png\",\"datePublished\":\"2025-03-14T15:46:13+00:00\",\"dateModified\":\"2026-04-21T21:34:56+00:00\",\"breadcrumb\":{\"@id\":\"https:\\\/\\\/shop.bantam.ch\\\/de\\\/produkt\\\/gaskocher-primus-express-stove\\\/#breadcrumb\"},\"inLanguage\":\"de\",\"potentialAction\":[{\"@type\":\"ReadAction\",\"target\":[\"https:\\\/\\\/shop.bantam.ch\\\/de\\\/produkt\\\/gaskocher-primus-express-stove\\\/\"]}]},{\"@type\":\"ImageObject\",\"inLanguage\":\"de\",\"@id\":\"https:\\\/\\\/shop.bantam.ch\\\/de\\\/produkt\\\/gaskocher-primus-express-stove\\\/#primaryimage\",\"url\":\"https:\\\/\\\/shop.bantam.ch\\\/wp-content\\\/uploads\\\/2025\\\/03\\\/Movera-L-9975558100.png\",\"contentUrl\":\"https:\\\/\\\/shop.bantam.ch\\\/wp-content\\\/uploads\\\/2025\\\/03\\\/Movera-L-9975558100.png\",\"width\":640,\"height\":853},{\"@type\":\"BreadcrumbList\",\"@id\":\"https:\\\/\\\/shop.bantam.ch\\\/de\\\/produkt\\\/gaskocher-primus-express-stove\\\/#breadcrumb\",\"itemListElement\":[{\"@type\":\"ListItem\",\"position\":1,\"name\":\"Accueil\",\"item\":\"https:\\\/\\\/shop.bantam.ch\\\/de\\\/\"},{\"@type\":\"ListItem\",\"position\":2,\"name\":\"Shop\",\"item\":\"https:\\\/\\\/shop.bantam.ch\\\/de\\\/shop\\\/\"},{\"@type\":\"ListItem\",\"position\":3,\"name\":\"Gaskocher PRIMUS Express Stove\"}]},{\"@type\":\"WebSite\",\"@id\":\"https:\\\/\\\/shop.bantam.ch\\\/de\\\/#website\",\"url\":\"https:\\\/\\\/shop.bantam.ch\\\/de\\\/\",\"name\":\"Bantam Camping AG\",\"description\":\"\",\"publisher\":{\"@id\":\"https:\\\/\\\/shop.bantam.ch\\\/de\\\/#organization\"},\"inLanguage\":\"de\"},{\"@type\":\"Organization\",\"@id\":\"https:\\\/\\\/shop.bantam.ch\\\/de\\\/#organization\",\"name\":\"Bantam Camping AG\",\"url\":\"https:\\\/\\\/shop.bantam.ch\\\/de\\\/\",\"logo\":{\"@type\":\"ImageObject\",\"inLanguage\":\"de\",\"@id\":\"https:\\\/\\\/shop.bantam.ch\\\/de\\\/#\\\/schema\\\/logo\\\/image\\\/\",\"url\":\"https:\\\/\\\/shop.bantam.ch\\\/wp-content\\\/uploads\\\/2022\\\/12\\\/bantam-logo.png\",\"contentUrl\":\"https:\\\/\\\/shop.bantam.ch\\\/wp-content\\\/uploads\\\/2022\\\/12\\\/bantam-logo.png\",\"width\":320,\"height\":71,\"caption\":\"Bantam Camping AG\"},\"image\":{\"@id\":\"https:\\\/\\\/shop.bantam.ch\\\/de\\\/#\\\/schema\\\/logo\\\/image\\\/\"}}]}<\/script>\n<!-- \/ Yoast SEO plugin. -->","yoast_head_json":{"title":"Gaskocher PRIMUS Express Stove - Bantam Camping AG","robots":{"index":"index","follow":"follow","max-snippet":"max-snippet:-1","max-image-preview":"max-image-preview:large","max-video-preview":"max-video-preview:-1"},"canonical":"https:\/\/shop.bantam.ch\/de\/produkt\/gaskocher-primus-express-stove\/","og_locale":"de_DE","og_type":"article","og_title":"Gaskocher PRIMUS Express Stove - Bantam Camping AG","og_description":"Eine einzigartige Kombination: superleicht, enorm robust und sehr kompakt, dank genialer faltbarer Konstruktion. Selbst f\u00fcr gro\u00dfe T\u00f6pfe bestens geeignet. Leichter Backpacking Kocher Die Topfauflagen sind zusammenklappbar. Dadurch ist der Kocher super kompakt und passt in jede noch so kleine Tasche. Einstellbares Ventil zur pr\u00e4zisen Regulierung der Flamme Zentrierte, spitze Flamme, die sehr windresistent ist Lieferumfang: [&hellip;]","og_url":"https:\/\/shop.bantam.ch\/de\/produkt\/gaskocher-primus-express-stove\/","og_site_name":"Bantam Camping AG","article_modified_time":"2026-04-21T21:34:56+00:00","twitter_card":"summary_large_image","schema":{"@context":"https:\/\/schema.org","@graph":[{"@type":"WebPage","@id":"https:\/\/shop.bantam.ch\/de\/produkt\/gaskocher-primus-express-stove\/","url":"https:\/\/shop.bantam.ch\/de\/produkt\/gaskocher-primus-express-stove\/","name":"Gaskocher PRIMUS Express Stove - Bantam Camping AG","isPartOf":{"@id":"https:\/\/shop.bantam.ch\/de\/#website"},"primaryImageOfPage":{"@id":"https:\/\/shop.bantam.ch\/de\/produkt\/gaskocher-primus-express-stove\/#primaryimage"},"image":{"@id":"https:\/\/shop.bantam.ch\/de\/produkt\/gaskocher-primus-express-stove\/#primaryimage"},"thumbnailUrl":"https:\/\/shop.bantam.ch\/wp-content\/uploads\/2025\/03\/Movera-L-9975558100.png","datePublished":"2025-03-14T15:46:13+00:00","dateModified":"2026-04-21T21:34:56+00:00","breadcrumb":{"@id":"https:\/\/shop.bantam.ch\/de\/produkt\/gaskocher-primus-express-stove\/#breadcrumb"},"inLanguage":"de","potentialAction":[{"@type":"ReadAction","target":["https:\/\/shop.bantam.ch\/de\/produkt\/gaskocher-primus-express-stove\/"]}]},{"@type":"ImageObject","inLanguage":"de","@id":"https:\/\/shop.bantam.ch\/de\/produkt\/gaskocher-primus-express-stove\/#primaryimage","url":"https:\/\/shop.bantam.ch\/wp-content\/uploads\/2025\/03\/Movera-L-9975558100.png","contentUrl":"https:\/\/shop.bantam.ch\/wp-content\/uploads\/2025\/03\/Movera-L-9975558100.png","width":640,"height":853},{"@type":"BreadcrumbList","@id":"https:\/\/shop.bantam.ch\/de\/produkt\/gaskocher-primus-express-stove\/#breadcrumb","itemListElement":[{"@type":"ListItem","position":1,"name":"Accueil","item":"https:\/\/shop.bantam.ch\/de\/"},{"@type":"ListItem","position":2,"name":"Shop","item":"https:\/\/shop.bantam.ch\/de\/shop\/"},{"@type":"ListItem","position":3,"name":"Gaskocher PRIMUS Express Stove"}]},{"@type":"WebSite","@id":"https:\/\/shop.bantam.ch\/de\/#website","url":"https:\/\/shop.bantam.ch\/de\/","name":"Bantam Camping AG","description":"","publisher":{"@id":"https:\/\/shop.bantam.ch\/de\/#organization"},"inLanguage":"de"},{"@type":"Organization","@id":"https:\/\/shop.bantam.ch\/de\/#organization","name":"Bantam Camping AG","url":"https:\/\/shop.bantam.ch\/de\/","logo":{"@type":"ImageObject","inLanguage":"de","@id":"https:\/\/shop.bantam.ch\/de\/#\/schema\/logo\/image\/","url":"https:\/\/shop.bantam.ch\/wp-content\/uploads\/2022\/12\/bantam-logo.png","contentUrl":"https:\/\/shop.bantam.ch\/wp-content\/uploads\/2022\/12\/bantam-logo.png","width":320,"height":71,"caption":"Bantam Camping AG"},"image":{"@id":"https:\/\/shop.bantam.ch\/de\/#\/schema\/logo\/image\/"}}]}},"_links":{"self":[{"href":"https:\/\/shop.bantam.ch\/de\/wp-json\/wp\/v2\/product\/215937","targetHints":{"allow":["GET"]}}],"collection":[{"href":"https:\/\/shop.bantam.ch\/de\/wp-json\/wp\/v2\/product"}],"about":[{"href":"https:\/\/shop.bantam.ch\/de\/wp-json\/wp\/v2\/types\/product"}],"wp:featuredmedia":[{"embeddable":true,"href":"https:\/\/shop.bantam.ch\/de\/wp-json\/wp\/v2\/media\/215929"}],"wp:attachment":[{"href":"https:\/\/shop.bantam.ch\/de\/wp-json\/wp\/v2\/media?parent=215937"}],"wp:term":[{"taxonomy":"product_featured_cat","embeddable":true,"href":"https:\/\/shop.bantam.ch\/de\/wp-json\/wp\/v2\/product_featured_cat?post=215937"},{"taxonomy":"product_brand","embeddable":true,"href":"https:\/\/shop.bantam.ch\/de\/wp-json\/wp\/v2\/product_brand?post=215937"},{"taxonomy":"product_cat","embeddable":true,"href":"https:\/\/shop.bantam.ch\/de\/wp-json\/wp\/v2\/product_cat?post=215937"},{"taxonomy":"product_tag","embeddable":true,"href":"https:\/\/shop.bantam.ch\/de\/wp-json\/wp\/v2\/product_tag?post=215937"}],"curies":[{"name":"wp","href":"https:\/\/api.w.org\/{rel}","templated":true}]}}