{"id":215891,"date":"2025-03-14T16:45:32","date_gmt":"2025-03-14T15:45:32","guid":{"rendered":"https:\/\/shop.bantam.ch\/produit\/l-boxx-mini-camping-set-39-teilig\/"},"modified":"2026-05-11T23:27:25","modified_gmt":"2026-05-11T21:27:25","slug":"l-boxx-mini-camping-set-39-teilig","status":"publish","type":"product","link":"https:\/\/shop.bantam.ch\/de\/produkt\/l-boxx-mini-camping-set-39-teilig\/","title":{"rendered":"L-Boxx Mini Camping-Set 39-teilig"},"content":{"rendered":"<p>Alles, was Sie zur Sicherung Ihres Zeltes ben\u00f6tigen, in der handlichen und in 6 F\u00e4cher individuell unterteilbaren L-BOXX Mini f\u00fcr eine bequeme Unterbringung in Ihrem Reisegep\u00e4ck. Das Camping-Set eignet sich zur Sicherung von Zelten, Pavillons, Markisen, Volleyball-Netzen, Trampolinen oder Planen und ist vielseitig anwendbar. Auch die bequemen Montagehandschuhe k\u00f6nnen Sie f\u00fcr vielf\u00e4ltige T\u00e4tigkeiten rund ums Camping einsetzen. Die verzinkten Zeltschrauben haben gegen\u00fcber gew\u00f6hnlichen Heringen den Vorteil, dass sie st\u00e4rkeren Halt bieten, nicht m\u00fchsam eingeschlagen werden m\u00fcssen und durch ihre b\u00fcndige Befestigung im Boden Unf\u00e4lle durch Stolpern verhindern. Die wei\u00dfen Unterlegscheiben aus Kunststoff sorgen au\u00dferdem f\u00fcr eine gute Sichtbarkeit und sch\u00fctzen die Schlaufen vor Besch\u00e4digung durch Reibung. Verwenden Sie die Schrauben 8&#215;220 mm f\u00fcr tiefere Bodenverankerungen in steinigen, lehmigen oder durchwurzelten B\u00f6den und die Schrauben 8&#215;160 mm f\u00fcr geringere Belastungen und kleinere \u00d6sen. Die Camping Schraubheringe k\u00f6nnen einfach und schnell mittels Akkuschrauber (oder per Hand) mit passendem Bit TX40 eingedreht und wieder gel\u00f6st werden &#8211; das spart Zeit und Energie!<br \/>\nGeliefert wird das TOX Camping-Set mit 18x Tellerkopfschraube 8&#215;160 mm (8 St\u00fcck) und 8&#215;220 mm (10 St\u00fcck), 18x Wei\u00dfe Kunststoff-Unterlegscheibe \u00d835 mm, 2x Bit TX40, 1 Paar Montagehandschuhe Gr. 9 und 1x L-BOXX Mini.<br \/>\nDer rote Allzweckd\u00fcbel hat TOX bekannt gemacht: Auf dem Gebiet der Allzweckd\u00fcbel ist das Unternehmen f\u00fchrend. Das umfassende Sortiment ist konsequent auf die Bed\u00fcrfnisse der Kunden und Endanwender ausgerichtet. Die Marke TOX steht TOX f\u00fcr innovative Produkte und kompetente L\u00f6sungen im Bereich der Befestigungstechnik.<br \/>\n&nbsp;<\/p>\n","protected":false},"excerpt":{"rendered":"<p>Alles, was Sie zur Sicherung Ihres Zeltes ben\u00f6tigen, in der handlichen und in 6 F\u00e4cher individuell unterteilbaren L-BOXX Mini f\u00fcr eine bequeme Unterbringung in Ihrem Reisegep\u00e4ck. Das Camping-Set eignet sich zur Sicherung von Zelten, Pavillons, Markisen, Volleyball-Netzen, Trampolinen oder Planen und ist vielseitig anwendbar. Auch die bequemen Montagehandschuhe k\u00f6nnen Sie f\u00fcr vielf\u00e4ltige T\u00e4tigkeiten rund ums [&hellip;]<\/p>\n","protected":false},"featured_media":215881,"template":"","meta":{"_acf_changed":false},"product_featured_cat":[],"product_brand":[],"product_cat":[4254],"product_tag":[],"class_list":{"0":"post-215891","1":"product","2":"type-product","3":"status-publish","4":"has-post-thumbnail","6":"product_cat-aufbau-zubehoer","8":"first","9":"instock","10":"taxable","11":"shipping-taxable","12":"purchasable","13":"product-type-simple"},"acf":[],"yoast_head":"<!-- This site is optimized with the Yoast SEO plugin v27.5 - https:\/\/yoast.com\/product\/yoast-seo-wordpress\/ -->\n<title>L-Boxx Mini Camping-Set 39-teilig - Bantam<\/title>\n<meta name=\"robots\" content=\"index, follow, max-snippet:-1, max-image-preview:large, max-video-preview:-1\" \/>\n<link rel=\"canonical\" href=\"https:\/\/shop.bantam.ch\/de\/produkt\/l-boxx-mini-camping-set-39-teilig\/\" \/>\n<meta property=\"og:locale\" content=\"de_DE\" \/>\n<meta property=\"og:type\" content=\"article\" \/>\n<meta property=\"og:title\" content=\"L-Boxx Mini Camping-Set 39-teilig - Bantam\" \/>\n<meta property=\"og:description\" content=\"Alles, was Sie zur Sicherung Ihres Zeltes ben\u00f6tigen, in der handlichen und in 6 F\u00e4cher individuell unterteilbaren L-BOXX Mini f\u00fcr eine bequeme Unterbringung in Ihrem Reisegep\u00e4ck. Das Camping-Set eignet sich zur Sicherung von Zelten, Pavillons, Markisen, Volleyball-Netzen, Trampolinen oder Planen und ist vielseitig anwendbar. Auch die bequemen Montagehandschuhe k\u00f6nnen Sie f\u00fcr vielf\u00e4ltige T\u00e4tigkeiten rund ums [&hellip;]\" \/>\n<meta property=\"og:url\" content=\"https:\/\/shop.bantam.ch\/de\/produkt\/l-boxx-mini-camping-set-39-teilig\/\" \/>\n<meta property=\"og:site_name\" content=\"Bantam\" \/>\n<meta property=\"article:modified_time\" content=\"2026-05-11T21:27:25+00:00\" \/>\n<meta name=\"twitter:card\" content=\"summary_large_image\" \/>\n<meta name=\"twitter:label1\" content=\"Gesch\u00e4tzte Lesezeit\" \/>\n\t<meta name=\"twitter:data1\" content=\"1\u00a0Minute\" \/>\n<script type=\"application\/ld+json\" class=\"yoast-schema-graph\">{\"@context\":\"https:\\\/\\\/schema.org\",\"@graph\":[{\"@type\":\"WebPage\",\"@id\":\"https:\\\/\\\/shop.bantam.ch\\\/de\\\/produkt\\\/l-boxx-mini-camping-set-39-teilig\\\/\",\"url\":\"https:\\\/\\\/shop.bantam.ch\\\/de\\\/produkt\\\/l-boxx-mini-camping-set-39-teilig\\\/\",\"name\":\"L-Boxx Mini Camping-Set 39-teilig - Bantam\",\"isPartOf\":{\"@id\":\"https:\\\/\\\/shop.bantam.ch\\\/de\\\/#website\"},\"primaryImageOfPage\":{\"@id\":\"https:\\\/\\\/shop.bantam.ch\\\/de\\\/produkt\\\/l-boxx-mini-camping-set-39-teilig\\\/#primaryimage\"},\"image\":{\"@id\":\"https:\\\/\\\/shop.bantam.ch\\\/de\\\/produkt\\\/l-boxx-mini-camping-set-39-teilig\\\/#primaryimage\"},\"thumbnailUrl\":\"https:\\\/\\\/shop.bantam.ch\\\/wp-content\\\/uploads\\\/2025\\\/03\\\/Movera-L-9971483100.jpg\",\"datePublished\":\"2025-03-14T15:45:32+00:00\",\"dateModified\":\"2026-05-11T21:27:25+00:00\",\"breadcrumb\":{\"@id\":\"https:\\\/\\\/shop.bantam.ch\\\/de\\\/produkt\\\/l-boxx-mini-camping-set-39-teilig\\\/#breadcrumb\"},\"inLanguage\":\"de\",\"potentialAction\":[{\"@type\":\"ReadAction\",\"target\":[\"https:\\\/\\\/shop.bantam.ch\\\/de\\\/produkt\\\/l-boxx-mini-camping-set-39-teilig\\\/\"]}]},{\"@type\":\"ImageObject\",\"inLanguage\":\"de\",\"@id\":\"https:\\\/\\\/shop.bantam.ch\\\/de\\\/produkt\\\/l-boxx-mini-camping-set-39-teilig\\\/#primaryimage\",\"url\":\"https:\\\/\\\/shop.bantam.ch\\\/wp-content\\\/uploads\\\/2025\\\/03\\\/Movera-L-9971483100.jpg\",\"contentUrl\":\"https:\\\/\\\/shop.bantam.ch\\\/wp-content\\\/uploads\\\/2025\\\/03\\\/Movera-L-9971483100.jpg\",\"width\":640,\"height\":640},{\"@type\":\"BreadcrumbList\",\"@id\":\"https:\\\/\\\/shop.bantam.ch\\\/de\\\/produkt\\\/l-boxx-mini-camping-set-39-teilig\\\/#breadcrumb\",\"itemListElement\":[{\"@type\":\"ListItem\",\"position\":1,\"name\":\"Accueil\",\"item\":\"https:\\\/\\\/shop.bantam.ch\\\/de\\\/\"},{\"@type\":\"ListItem\",\"position\":2,\"name\":\"Shop\",\"item\":\"https:\\\/\\\/shop.bantam.ch\\\/de\\\/shop\\\/\"},{\"@type\":\"ListItem\",\"position\":3,\"name\":\"L-Boxx Mini Camping-Set 39-teilig\"}]},{\"@type\":\"WebSite\",\"@id\":\"https:\\\/\\\/shop.bantam.ch\\\/de\\\/#website\",\"url\":\"https:\\\/\\\/shop.bantam.ch\\\/de\\\/\",\"name\":\"Bantam\",\"description\":\"\",\"publisher\":{\"@id\":\"https:\\\/\\\/shop.bantam.ch\\\/de\\\/#organization\"},\"inLanguage\":\"de\"},{\"@type\":\"Organization\",\"@id\":\"https:\\\/\\\/shop.bantam.ch\\\/de\\\/#organization\",\"name\":\"Bantam\",\"url\":\"https:\\\/\\\/shop.bantam.ch\\\/de\\\/\",\"logo\":{\"@type\":\"ImageObject\",\"inLanguage\":\"de\",\"@id\":\"https:\\\/\\\/shop.bantam.ch\\\/de\\\/#\\\/schema\\\/logo\\\/image\\\/\",\"url\":\"https:\\\/\\\/shop.bantam.ch\\\/wp-content\\\/uploads\\\/2022\\\/12\\\/bantam-logo.png\",\"contentUrl\":\"https:\\\/\\\/shop.bantam.ch\\\/wp-content\\\/uploads\\\/2022\\\/12\\\/bantam-logo.png\",\"width\":320,\"height\":71,\"caption\":\"Bantam\"},\"image\":{\"@id\":\"https:\\\/\\\/shop.bantam.ch\\\/de\\\/#\\\/schema\\\/logo\\\/image\\\/\"}}]}<\/script>\n<!-- \/ Yoast SEO plugin. -->","yoast_head_json":{"title":"L-Boxx Mini Camping-Set 39-teilig - Bantam","robots":{"index":"index","follow":"follow","max-snippet":"max-snippet:-1","max-image-preview":"max-image-preview:large","max-video-preview":"max-video-preview:-1"},"canonical":"https:\/\/shop.bantam.ch\/de\/produkt\/l-boxx-mini-camping-set-39-teilig\/","og_locale":"de_DE","og_type":"article","og_title":"L-Boxx Mini Camping-Set 39-teilig - Bantam","og_description":"Alles, was Sie zur Sicherung Ihres Zeltes ben\u00f6tigen, in der handlichen und in 6 F\u00e4cher individuell unterteilbaren L-BOXX Mini f\u00fcr eine bequeme Unterbringung in Ihrem Reisegep\u00e4ck. Das Camping-Set eignet sich zur Sicherung von Zelten, Pavillons, Markisen, Volleyball-Netzen, Trampolinen oder Planen und ist vielseitig anwendbar. Auch die bequemen Montagehandschuhe k\u00f6nnen Sie f\u00fcr vielf\u00e4ltige T\u00e4tigkeiten rund ums [&hellip;]","og_url":"https:\/\/shop.bantam.ch\/de\/produkt\/l-boxx-mini-camping-set-39-teilig\/","og_site_name":"Bantam","article_modified_time":"2026-05-11T21:27:25+00:00","twitter_card":"summary_large_image","twitter_misc":{"Gesch\u00e4tzte Lesezeit":"1\u00a0Minute"},"schema":{"@context":"https:\/\/schema.org","@graph":[{"@type":"WebPage","@id":"https:\/\/shop.bantam.ch\/de\/produkt\/l-boxx-mini-camping-set-39-teilig\/","url":"https:\/\/shop.bantam.ch\/de\/produkt\/l-boxx-mini-camping-set-39-teilig\/","name":"L-Boxx Mini Camping-Set 39-teilig - Bantam","isPartOf":{"@id":"https:\/\/shop.bantam.ch\/de\/#website"},"primaryImageOfPage":{"@id":"https:\/\/shop.bantam.ch\/de\/produkt\/l-boxx-mini-camping-set-39-teilig\/#primaryimage"},"image":{"@id":"https:\/\/shop.bantam.ch\/de\/produkt\/l-boxx-mini-camping-set-39-teilig\/#primaryimage"},"thumbnailUrl":"https:\/\/shop.bantam.ch\/wp-content\/uploads\/2025\/03\/Movera-L-9971483100.jpg","datePublished":"2025-03-14T15:45:32+00:00","dateModified":"2026-05-11T21:27:25+00:00","breadcrumb":{"@id":"https:\/\/shop.bantam.ch\/de\/produkt\/l-boxx-mini-camping-set-39-teilig\/#breadcrumb"},"inLanguage":"de","potentialAction":[{"@type":"ReadAction","target":["https:\/\/shop.bantam.ch\/de\/produkt\/l-boxx-mini-camping-set-39-teilig\/"]}]},{"@type":"ImageObject","inLanguage":"de","@id":"https:\/\/shop.bantam.ch\/de\/produkt\/l-boxx-mini-camping-set-39-teilig\/#primaryimage","url":"https:\/\/shop.bantam.ch\/wp-content\/uploads\/2025\/03\/Movera-L-9971483100.jpg","contentUrl":"https:\/\/shop.bantam.ch\/wp-content\/uploads\/2025\/03\/Movera-L-9971483100.jpg","width":640,"height":640},{"@type":"BreadcrumbList","@id":"https:\/\/shop.bantam.ch\/de\/produkt\/l-boxx-mini-camping-set-39-teilig\/#breadcrumb","itemListElement":[{"@type":"ListItem","position":1,"name":"Accueil","item":"https:\/\/shop.bantam.ch\/de\/"},{"@type":"ListItem","position":2,"name":"Shop","item":"https:\/\/shop.bantam.ch\/de\/shop\/"},{"@type":"ListItem","position":3,"name":"L-Boxx Mini Camping-Set 39-teilig"}]},{"@type":"WebSite","@id":"https:\/\/shop.bantam.ch\/de\/#website","url":"https:\/\/shop.bantam.ch\/de\/","name":"Bantam","description":"","publisher":{"@id":"https:\/\/shop.bantam.ch\/de\/#organization"},"inLanguage":"de"},{"@type":"Organization","@id":"https:\/\/shop.bantam.ch\/de\/#organization","name":"Bantam","url":"https:\/\/shop.bantam.ch\/de\/","logo":{"@type":"ImageObject","inLanguage":"de","@id":"https:\/\/shop.bantam.ch\/de\/#\/schema\/logo\/image\/","url":"https:\/\/shop.bantam.ch\/wp-content\/uploads\/2022\/12\/bantam-logo.png","contentUrl":"https:\/\/shop.bantam.ch\/wp-content\/uploads\/2022\/12\/bantam-logo.png","width":320,"height":71,"caption":"Bantam"},"image":{"@id":"https:\/\/shop.bantam.ch\/de\/#\/schema\/logo\/image\/"}}]}},"_links":{"self":[{"href":"https:\/\/shop.bantam.ch\/de\/wp-json\/wp\/v2\/product\/215891","targetHints":{"allow":["GET"]}}],"collection":[{"href":"https:\/\/shop.bantam.ch\/de\/wp-json\/wp\/v2\/product"}],"about":[{"href":"https:\/\/shop.bantam.ch\/de\/wp-json\/wp\/v2\/types\/product"}],"wp:featuredmedia":[{"embeddable":true,"href":"https:\/\/shop.bantam.ch\/de\/wp-json\/wp\/v2\/media\/215881"}],"wp:attachment":[{"href":"https:\/\/shop.bantam.ch\/de\/wp-json\/wp\/v2\/media?parent=215891"}],"wp:term":[{"taxonomy":"product_featured_cat","embeddable":true,"href":"https:\/\/shop.bantam.ch\/de\/wp-json\/wp\/v2\/product_featured_cat?post=215891"},{"taxonomy":"product_brand","embeddable":true,"href":"https:\/\/shop.bantam.ch\/de\/wp-json\/wp\/v2\/product_brand?post=215891"},{"taxonomy":"product_cat","embeddable":true,"href":"https:\/\/shop.bantam.ch\/de\/wp-json\/wp\/v2\/product_cat?post=215891"},{"taxonomy":"product_tag","embeddable":true,"href":"https:\/\/shop.bantam.ch\/de\/wp-json\/wp\/v2\/product_tag?post=215891"}],"curies":[{"name":"wp","href":"https:\/\/api.w.org\/{rel}","templated":true}]}}