{"id":215867,"date":"2025-03-14T16:45:16","date_gmt":"2025-03-14T15:45:16","guid":{"rendered":"https:\/\/shop.bantam.ch\/produit\/abspann-set-tox-je-6-x-tellerkopfschraube-spannseil-spezial-u-scheibe-je-1-x-l-box-bit-tx40\/"},"modified":"2026-05-02T23:25:57","modified_gmt":"2026-05-02T21:25:57","slug":"abspann-set-tox-je-6-x-tellerkopfschraube-spannseil-spezial-u-scheibe-je-1-x-l-box-bit-tx40","status":"publish","type":"product","link":"https:\/\/shop.bantam.ch\/de\/produkt\/abspann-set-tox-je-6-x-tellerkopfschraube-spannseil-spezial-u-scheibe-je-1-x-l-box-bit-tx40\/","title":{"rendered":"Abspann-Set TOX je 6 x Tellerkopfschraube, Spannseil, Spezial U-Scheibe je 1 x L-Box, Bit TX40"},"content":{"rendered":"<p>Alles, was Sie zur Sicherung Ihres Zeltes, Vorzeltes oder Markisen ben\u00f6tigen, in der handlichen L-BOXX Mini f\u00fcr eine bequeme Unterbringung in Ihrem Reisegep\u00e4ck.<br \/>\nDie verzinkten Zeltschrauben bieten starken Halt, m\u00fcssen nicht m\u00fchsam eingeschlagen werden und verhindern durch ihre b\u00fcndige Befestigung Unf\u00e4lle durch Stolpern. Passende Unterlegscheiben aus wei\u00dfem Kunststoff sch\u00fctzen die Schlaufen vor Besch\u00e4digung und sorgen zusammen mit den reflektierenden Zeltschn\u00fcren (inkl. Alu-Dreilochspanner und Heringslasche) f\u00fcr eine gute Sichtbarkeit. Die langen Schrauben eignen sich f\u00fcr tiefe Bodenverankerungen mit hoher Belastbarkeit in durchwurzelten, steinigen, gefrorenen oder lehmigen B\u00f6den. Die L-BOXXen Mini und Micro lassen sich miteinander verklicken und k\u00f6nnen bequem im Verbund transportiert werden.<br \/>\nGeliefert wird das Camping Abspann-Set mit 6x Zeltschraube 8&#215;220 mm, 6x schwarzer bzw. reflektierender Zeltschnur (\u00d8 4 mm; 4m L\u00e4nge) inkl. Alu-Dreilochspanner + Heringslasche, 6x wei\u00dfe Kunststoff-Unterlegscheibe \u00d8 35 mm, 1x Bit TX40 in der verklickbaren L-BOXX Mini.<br \/>\nDer rote Allzweckd\u00fcbel hat TOX bekannt gemacht: Auf dem Gebiet der Allzweckd\u00fcbel ist das Unternehmen f\u00fchrend. Das umfassende Sortiment ist konsequent auf die Bed\u00fcrfnisse der Kunden und Endanwender ausgerichtet. Die Marke TOX steht f\u00fcr innovative Produkte und kompetente L\u00f6sungen im Bereich der Befestigungstechnik.<br \/>\n&nbsp;<\/p>\n","protected":false},"excerpt":{"rendered":"<p>Alles, was Sie zur Sicherung Ihres Zeltes, Vorzeltes oder Markisen ben\u00f6tigen, in der handlichen L-BOXX Mini f\u00fcr eine bequeme Unterbringung in Ihrem Reisegep\u00e4ck. Die verzinkten Zeltschrauben bieten starken Halt, m\u00fcssen nicht m\u00fchsam eingeschlagen werden und verhindern durch ihre b\u00fcndige Befestigung Unf\u00e4lle durch Stolpern. Passende Unterlegscheiben aus wei\u00dfem Kunststoff sch\u00fctzen die Schlaufen vor Besch\u00e4digung und sorgen [&hellip;]<\/p>\n","protected":false},"featured_media":215859,"template":"","meta":{"_acf_changed":false},"product_featured_cat":[],"product_brand":[],"product_cat":[4254],"product_tag":[],"class_list":{"0":"post-215867","1":"product","2":"type-product","3":"status-publish","4":"has-post-thumbnail","6":"product_cat-aufbau-zubehoer","8":"first","9":"instock","10":"taxable","11":"shipping-taxable","12":"purchasable","13":"product-type-simple"},"acf":[],"yoast_head":"<!-- This site is optimized with the Yoast SEO plugin v27.5 - https:\/\/yoast.com\/product\/yoast-seo-wordpress\/ -->\n<title>Abspann-Set TOX je 6 x Tellerkopfschraube, Spannseil, Spezial U-Scheibe je 1 x L-Box, Bit TX40 - Bantam<\/title>\n<meta name=\"robots\" content=\"index, follow, max-snippet:-1, max-image-preview:large, max-video-preview:-1\" \/>\n<link rel=\"canonical\" href=\"https:\/\/shop.bantam.ch\/de\/produkt\/abspann-set-tox-je-6-x-tellerkopfschraube-spannseil-spezial-u-scheibe-je-1-x-l-box-bit-tx40\/\" \/>\n<meta property=\"og:locale\" content=\"de_DE\" \/>\n<meta property=\"og:type\" content=\"article\" \/>\n<meta property=\"og:title\" content=\"Abspann-Set TOX je 6 x Tellerkopfschraube, Spannseil, Spezial U-Scheibe je 1 x L-Box, Bit TX40 - Bantam\" \/>\n<meta property=\"og:description\" content=\"Alles, was Sie zur Sicherung Ihres Zeltes, Vorzeltes oder Markisen ben\u00f6tigen, in der handlichen L-BOXX Mini f\u00fcr eine bequeme Unterbringung in Ihrem Reisegep\u00e4ck. Die verzinkten Zeltschrauben bieten starken Halt, m\u00fcssen nicht m\u00fchsam eingeschlagen werden und verhindern durch ihre b\u00fcndige Befestigung Unf\u00e4lle durch Stolpern. Passende Unterlegscheiben aus wei\u00dfem Kunststoff sch\u00fctzen die Schlaufen vor Besch\u00e4digung und sorgen [&hellip;]\" \/>\n<meta property=\"og:url\" content=\"https:\/\/shop.bantam.ch\/de\/produkt\/abspann-set-tox-je-6-x-tellerkopfschraube-spannseil-spezial-u-scheibe-je-1-x-l-box-bit-tx40\/\" \/>\n<meta property=\"og:site_name\" content=\"Bantam\" \/>\n<meta property=\"article:modified_time\" content=\"2026-05-02T21:25:57+00:00\" \/>\n<meta name=\"twitter:card\" content=\"summary_large_image\" \/>\n<meta name=\"twitter:label1\" content=\"Gesch\u00e4tzte Lesezeit\" \/>\n\t<meta name=\"twitter:data1\" content=\"1\u00a0Minute\" \/>\n<script type=\"application\/ld+json\" class=\"yoast-schema-graph\">{\"@context\":\"https:\\\/\\\/schema.org\",\"@graph\":[{\"@type\":\"WebPage\",\"@id\":\"https:\\\/\\\/shop.bantam.ch\\\/de\\\/produkt\\\/abspann-set-tox-je-6-x-tellerkopfschraube-spannseil-spezial-u-scheibe-je-1-x-l-box-bit-tx40\\\/\",\"url\":\"https:\\\/\\\/shop.bantam.ch\\\/de\\\/produkt\\\/abspann-set-tox-je-6-x-tellerkopfschraube-spannseil-spezial-u-scheibe-je-1-x-l-box-bit-tx40\\\/\",\"name\":\"Abspann-Set TOX je 6 x Tellerkopfschraube, Spannseil, Spezial U-Scheibe je 1 x L-Box, Bit TX40 - Bantam\",\"isPartOf\":{\"@id\":\"https:\\\/\\\/shop.bantam.ch\\\/de\\\/#website\"},\"primaryImageOfPage\":{\"@id\":\"https:\\\/\\\/shop.bantam.ch\\\/de\\\/produkt\\\/abspann-set-tox-je-6-x-tellerkopfschraube-spannseil-spezial-u-scheibe-je-1-x-l-box-bit-tx40\\\/#primaryimage\"},\"image\":{\"@id\":\"https:\\\/\\\/shop.bantam.ch\\\/de\\\/produkt\\\/abspann-set-tox-je-6-x-tellerkopfschraube-spannseil-spezial-u-scheibe-je-1-x-l-box-bit-tx40\\\/#primaryimage\"},\"thumbnailUrl\":\"https:\\\/\\\/shop.bantam.ch\\\/wp-content\\\/uploads\\\/2025\\\/03\\\/Movera-L-9971485100.jpg\",\"datePublished\":\"2025-03-14T15:45:16+00:00\",\"dateModified\":\"2026-05-02T21:25:57+00:00\",\"breadcrumb\":{\"@id\":\"https:\\\/\\\/shop.bantam.ch\\\/de\\\/produkt\\\/abspann-set-tox-je-6-x-tellerkopfschraube-spannseil-spezial-u-scheibe-je-1-x-l-box-bit-tx40\\\/#breadcrumb\"},\"inLanguage\":\"de\",\"potentialAction\":[{\"@type\":\"ReadAction\",\"target\":[\"https:\\\/\\\/shop.bantam.ch\\\/de\\\/produkt\\\/abspann-set-tox-je-6-x-tellerkopfschraube-spannseil-spezial-u-scheibe-je-1-x-l-box-bit-tx40\\\/\"]}]},{\"@type\":\"ImageObject\",\"inLanguage\":\"de\",\"@id\":\"https:\\\/\\\/shop.bantam.ch\\\/de\\\/produkt\\\/abspann-set-tox-je-6-x-tellerkopfschraube-spannseil-spezial-u-scheibe-je-1-x-l-box-bit-tx40\\\/#primaryimage\",\"url\":\"https:\\\/\\\/shop.bantam.ch\\\/wp-content\\\/uploads\\\/2025\\\/03\\\/Movera-L-9971485100.jpg\",\"contentUrl\":\"https:\\\/\\\/shop.bantam.ch\\\/wp-content\\\/uploads\\\/2025\\\/03\\\/Movera-L-9971485100.jpg\",\"width\":640,\"height\":640},{\"@type\":\"BreadcrumbList\",\"@id\":\"https:\\\/\\\/shop.bantam.ch\\\/de\\\/produkt\\\/abspann-set-tox-je-6-x-tellerkopfschraube-spannseil-spezial-u-scheibe-je-1-x-l-box-bit-tx40\\\/#breadcrumb\",\"itemListElement\":[{\"@type\":\"ListItem\",\"position\":1,\"name\":\"Accueil\",\"item\":\"https:\\\/\\\/shop.bantam.ch\\\/de\\\/\"},{\"@type\":\"ListItem\",\"position\":2,\"name\":\"Shop\",\"item\":\"https:\\\/\\\/shop.bantam.ch\\\/de\\\/shop\\\/\"},{\"@type\":\"ListItem\",\"position\":3,\"name\":\"Abspann-Set TOX je 6 x Tellerkopfschraube, Spannseil, Spezial U-Scheibe je 1 x L-Box, Bit TX40\"}]},{\"@type\":\"WebSite\",\"@id\":\"https:\\\/\\\/shop.bantam.ch\\\/de\\\/#website\",\"url\":\"https:\\\/\\\/shop.bantam.ch\\\/de\\\/\",\"name\":\"Bantam\",\"description\":\"\",\"publisher\":{\"@id\":\"https:\\\/\\\/shop.bantam.ch\\\/de\\\/#organization\"},\"inLanguage\":\"de\"},{\"@type\":\"Organization\",\"@id\":\"https:\\\/\\\/shop.bantam.ch\\\/de\\\/#organization\",\"name\":\"Bantam\",\"url\":\"https:\\\/\\\/shop.bantam.ch\\\/de\\\/\",\"logo\":{\"@type\":\"ImageObject\",\"inLanguage\":\"de\",\"@id\":\"https:\\\/\\\/shop.bantam.ch\\\/de\\\/#\\\/schema\\\/logo\\\/image\\\/\",\"url\":\"https:\\\/\\\/shop.bantam.ch\\\/wp-content\\\/uploads\\\/2022\\\/12\\\/bantam-logo.png\",\"contentUrl\":\"https:\\\/\\\/shop.bantam.ch\\\/wp-content\\\/uploads\\\/2022\\\/12\\\/bantam-logo.png\",\"width\":320,\"height\":71,\"caption\":\"Bantam\"},\"image\":{\"@id\":\"https:\\\/\\\/shop.bantam.ch\\\/de\\\/#\\\/schema\\\/logo\\\/image\\\/\"}}]}<\/script>\n<!-- \/ Yoast SEO plugin. -->","yoast_head_json":{"title":"Abspann-Set TOX je 6 x Tellerkopfschraube, Spannseil, Spezial U-Scheibe je 1 x L-Box, Bit TX40 - Bantam","robots":{"index":"index","follow":"follow","max-snippet":"max-snippet:-1","max-image-preview":"max-image-preview:large","max-video-preview":"max-video-preview:-1"},"canonical":"https:\/\/shop.bantam.ch\/de\/produkt\/abspann-set-tox-je-6-x-tellerkopfschraube-spannseil-spezial-u-scheibe-je-1-x-l-box-bit-tx40\/","og_locale":"de_DE","og_type":"article","og_title":"Abspann-Set TOX je 6 x Tellerkopfschraube, Spannseil, Spezial U-Scheibe je 1 x L-Box, Bit TX40 - Bantam","og_description":"Alles, was Sie zur Sicherung Ihres Zeltes, Vorzeltes oder Markisen ben\u00f6tigen, in der handlichen L-BOXX Mini f\u00fcr eine bequeme Unterbringung in Ihrem Reisegep\u00e4ck. Die verzinkten Zeltschrauben bieten starken Halt, m\u00fcssen nicht m\u00fchsam eingeschlagen werden und verhindern durch ihre b\u00fcndige Befestigung Unf\u00e4lle durch Stolpern. Passende Unterlegscheiben aus wei\u00dfem Kunststoff sch\u00fctzen die Schlaufen vor Besch\u00e4digung und sorgen [&hellip;]","og_url":"https:\/\/shop.bantam.ch\/de\/produkt\/abspann-set-tox-je-6-x-tellerkopfschraube-spannseil-spezial-u-scheibe-je-1-x-l-box-bit-tx40\/","og_site_name":"Bantam","article_modified_time":"2026-05-02T21:25:57+00:00","twitter_card":"summary_large_image","twitter_misc":{"Gesch\u00e4tzte Lesezeit":"1\u00a0Minute"},"schema":{"@context":"https:\/\/schema.org","@graph":[{"@type":"WebPage","@id":"https:\/\/shop.bantam.ch\/de\/produkt\/abspann-set-tox-je-6-x-tellerkopfschraube-spannseil-spezial-u-scheibe-je-1-x-l-box-bit-tx40\/","url":"https:\/\/shop.bantam.ch\/de\/produkt\/abspann-set-tox-je-6-x-tellerkopfschraube-spannseil-spezial-u-scheibe-je-1-x-l-box-bit-tx40\/","name":"Abspann-Set TOX je 6 x Tellerkopfschraube, Spannseil, Spezial U-Scheibe je 1 x L-Box, Bit TX40 - Bantam","isPartOf":{"@id":"https:\/\/shop.bantam.ch\/de\/#website"},"primaryImageOfPage":{"@id":"https:\/\/shop.bantam.ch\/de\/produkt\/abspann-set-tox-je-6-x-tellerkopfschraube-spannseil-spezial-u-scheibe-je-1-x-l-box-bit-tx40\/#primaryimage"},"image":{"@id":"https:\/\/shop.bantam.ch\/de\/produkt\/abspann-set-tox-je-6-x-tellerkopfschraube-spannseil-spezial-u-scheibe-je-1-x-l-box-bit-tx40\/#primaryimage"},"thumbnailUrl":"https:\/\/shop.bantam.ch\/wp-content\/uploads\/2025\/03\/Movera-L-9971485100.jpg","datePublished":"2025-03-14T15:45:16+00:00","dateModified":"2026-05-02T21:25:57+00:00","breadcrumb":{"@id":"https:\/\/shop.bantam.ch\/de\/produkt\/abspann-set-tox-je-6-x-tellerkopfschraube-spannseil-spezial-u-scheibe-je-1-x-l-box-bit-tx40\/#breadcrumb"},"inLanguage":"de","potentialAction":[{"@type":"ReadAction","target":["https:\/\/shop.bantam.ch\/de\/produkt\/abspann-set-tox-je-6-x-tellerkopfschraube-spannseil-spezial-u-scheibe-je-1-x-l-box-bit-tx40\/"]}]},{"@type":"ImageObject","inLanguage":"de","@id":"https:\/\/shop.bantam.ch\/de\/produkt\/abspann-set-tox-je-6-x-tellerkopfschraube-spannseil-spezial-u-scheibe-je-1-x-l-box-bit-tx40\/#primaryimage","url":"https:\/\/shop.bantam.ch\/wp-content\/uploads\/2025\/03\/Movera-L-9971485100.jpg","contentUrl":"https:\/\/shop.bantam.ch\/wp-content\/uploads\/2025\/03\/Movera-L-9971485100.jpg","width":640,"height":640},{"@type":"BreadcrumbList","@id":"https:\/\/shop.bantam.ch\/de\/produkt\/abspann-set-tox-je-6-x-tellerkopfschraube-spannseil-spezial-u-scheibe-je-1-x-l-box-bit-tx40\/#breadcrumb","itemListElement":[{"@type":"ListItem","position":1,"name":"Accueil","item":"https:\/\/shop.bantam.ch\/de\/"},{"@type":"ListItem","position":2,"name":"Shop","item":"https:\/\/shop.bantam.ch\/de\/shop\/"},{"@type":"ListItem","position":3,"name":"Abspann-Set TOX je 6 x Tellerkopfschraube, Spannseil, Spezial U-Scheibe je 1 x L-Box, Bit TX40"}]},{"@type":"WebSite","@id":"https:\/\/shop.bantam.ch\/de\/#website","url":"https:\/\/shop.bantam.ch\/de\/","name":"Bantam","description":"","publisher":{"@id":"https:\/\/shop.bantam.ch\/de\/#organization"},"inLanguage":"de"},{"@type":"Organization","@id":"https:\/\/shop.bantam.ch\/de\/#organization","name":"Bantam","url":"https:\/\/shop.bantam.ch\/de\/","logo":{"@type":"ImageObject","inLanguage":"de","@id":"https:\/\/shop.bantam.ch\/de\/#\/schema\/logo\/image\/","url":"https:\/\/shop.bantam.ch\/wp-content\/uploads\/2022\/12\/bantam-logo.png","contentUrl":"https:\/\/shop.bantam.ch\/wp-content\/uploads\/2022\/12\/bantam-logo.png","width":320,"height":71,"caption":"Bantam"},"image":{"@id":"https:\/\/shop.bantam.ch\/de\/#\/schema\/logo\/image\/"}}]}},"_links":{"self":[{"href":"https:\/\/shop.bantam.ch\/de\/wp-json\/wp\/v2\/product\/215867","targetHints":{"allow":["GET"]}}],"collection":[{"href":"https:\/\/shop.bantam.ch\/de\/wp-json\/wp\/v2\/product"}],"about":[{"href":"https:\/\/shop.bantam.ch\/de\/wp-json\/wp\/v2\/types\/product"}],"wp:featuredmedia":[{"embeddable":true,"href":"https:\/\/shop.bantam.ch\/de\/wp-json\/wp\/v2\/media\/215859"}],"wp:attachment":[{"href":"https:\/\/shop.bantam.ch\/de\/wp-json\/wp\/v2\/media?parent=215867"}],"wp:term":[{"taxonomy":"product_featured_cat","embeddable":true,"href":"https:\/\/shop.bantam.ch\/de\/wp-json\/wp\/v2\/product_featured_cat?post=215867"},{"taxonomy":"product_brand","embeddable":true,"href":"https:\/\/shop.bantam.ch\/de\/wp-json\/wp\/v2\/product_brand?post=215867"},{"taxonomy":"product_cat","embeddable":true,"href":"https:\/\/shop.bantam.ch\/de\/wp-json\/wp\/v2\/product_cat?post=215867"},{"taxonomy":"product_tag","embeddable":true,"href":"https:\/\/shop.bantam.ch\/de\/wp-json\/wp\/v2\/product_tag?post=215867"}],"curies":[{"name":"wp","href":"https:\/\/api.w.org\/{rel}","templated":true}]}}