{"id":215797,"date":"2025-03-14T16:43:46","date_gmt":"2025-03-14T15:43:46","guid":{"rendered":"https:\/\/shop.bantam.ch\/produit\/bodenplatte-isabella-isafloor-gelocht-50-x-50-cm-farbe-farbe-schwarz\/"},"modified":"2026-04-17T23:29:43","modified_gmt":"2026-04-17T21:29:43","slug":"bodenplatte-isabella-isafloor-gelocht-50-x-50-cm-farbe-farbe-schwarz","status":"publish","type":"product","link":"https:\/\/shop.bantam.ch\/de\/produkt\/bodenplatte-isabella-isafloor-gelocht-50-x-50-cm-farbe-farbe-schwarz\/","title":{"rendered":"Bodenplatte Isabella IsaFloor gelocht 50 x 50 cm Farbe Farbe schwarz"},"content":{"rendered":"<p>M\u00f6chten Sie einen Fliesenboden verlegen, aber ein geschlossener Boden ist auf dem Campingplatz nicht erlaubt? Dann ist Isabellas Open Floor Tile die L\u00f6sung. So haben Sie eine ebene Fl\u00e4che vor Ihrer Markise oder unter der Markise und das Gras kann noch atmen.<br \/>\nDie Zeltfliesen sind wetterfest, leicht sauber zu halten und bilden eine ebene Fl\u00e4che f\u00fcr Ihren Isabella Zeltteppich. Die Fliesen lassen sich leicht zusammenklicken, sodass Sie den Boden super schnell verlegen k\u00f6nnen. Vervollst\u00e4ndigen Sie Ihren Isabella Floor mit den passenden Schwellen und Ecken.<\/p>\n<p>Produktmerkmale<\/p>\n<ul>\n<li>Sehr einfaches Klicksystem, so dass Sie den Boden im Handumdrehen haben<\/li>\n<li>Kein Werkzeug erforderlich<\/li>\n<li>Sehr n\u00fctzlich, wenn Sie sich f\u00fcr einen l\u00e4ngeren Zeitraum irgendwo aufhalten<\/li>\n<li>Leicht zu reinigen<\/li>\n<li>Leicht zuzuschneiden<\/li>\n<li>Sieht super elegant aus in Ihrem Vorzelt<\/li>\n<li>variable kombinierbar mit unseren geschlossenen IsaFloor Platten und allen Front- u. Seitenteilen<\/li>\n<\/ul>\n<p>Material:<br \/>\n100 % Kunststoff<\/p>\n","protected":false},"excerpt":{"rendered":"<p>M\u00f6chten Sie einen Fliesenboden verlegen, aber ein geschlossener Boden ist auf dem Campingplatz nicht erlaubt? Dann ist Isabellas Open Floor Tile die L\u00f6sung. So haben Sie eine ebene Fl\u00e4che vor Ihrer Markise oder unter der Markise und das Gras kann noch atmen. Die Zeltfliesen sind wetterfest, leicht sauber zu halten und bilden eine ebene Fl\u00e4che [&hellip;]<\/p>\n","protected":false},"featured_media":215795,"template":"","meta":{"_acf_changed":false},"product_featured_cat":[],"product_brand":[],"product_cat":[4262],"product_tag":[],"class_list":{"0":"post-215797","1":"product","2":"type-product","3":"status-publish","4":"has-post-thumbnail","6":"product_cat-zeltteppiche-boeden","8":"first","9":"instock","10":"taxable","11":"shipping-taxable","12":"purchasable","13":"product-type-simple"},"acf":[],"yoast_head":"<!-- This site is optimized with the Yoast SEO plugin v27.4 - https:\/\/yoast.com\/product\/yoast-seo-wordpress\/ -->\n<title>Bodenplatte Isabella IsaFloor gelocht 50 x 50 cm Farbe Farbe schwarz - Bantam Camping AG<\/title>\n<meta name=\"robots\" content=\"index, follow, max-snippet:-1, max-image-preview:large, max-video-preview:-1\" \/>\n<link rel=\"canonical\" href=\"https:\/\/shop.bantam.ch\/de\/produkt\/bodenplatte-isabella-isafloor-gelocht-50-x-50-cm-farbe-farbe-schwarz\/\" \/>\n<meta property=\"og:locale\" content=\"de_DE\" \/>\n<meta property=\"og:type\" content=\"article\" \/>\n<meta property=\"og:title\" content=\"Bodenplatte Isabella IsaFloor gelocht 50 x 50 cm Farbe Farbe schwarz - Bantam Camping AG\" \/>\n<meta property=\"og:description\" content=\"M\u00f6chten Sie einen Fliesenboden verlegen, aber ein geschlossener Boden ist auf dem Campingplatz nicht erlaubt? Dann ist Isabellas Open Floor Tile die L\u00f6sung. So haben Sie eine ebene Fl\u00e4che vor Ihrer Markise oder unter der Markise und das Gras kann noch atmen. Die Zeltfliesen sind wetterfest, leicht sauber zu halten und bilden eine ebene Fl\u00e4che [&hellip;]\" \/>\n<meta property=\"og:url\" content=\"https:\/\/shop.bantam.ch\/de\/produkt\/bodenplatte-isabella-isafloor-gelocht-50-x-50-cm-farbe-farbe-schwarz\/\" \/>\n<meta property=\"og:site_name\" content=\"Bantam Camping AG\" \/>\n<meta property=\"article:modified_time\" content=\"2026-04-17T21:29:43+00:00\" \/>\n<meta name=\"twitter:card\" content=\"summary_large_image\" \/>\n<meta name=\"twitter:label1\" content=\"Gesch\u00e4tzte Lesezeit\" \/>\n\t<meta name=\"twitter:data1\" content=\"1\u00a0Minute\" \/>\n<script type=\"application\/ld+json\" class=\"yoast-schema-graph\">{\"@context\":\"https:\\\/\\\/schema.org\",\"@graph\":[{\"@type\":\"WebPage\",\"@id\":\"https:\\\/\\\/shop.bantam.ch\\\/de\\\/produkt\\\/bodenplatte-isabella-isafloor-gelocht-50-x-50-cm-farbe-farbe-schwarz\\\/\",\"url\":\"https:\\\/\\\/shop.bantam.ch\\\/de\\\/produkt\\\/bodenplatte-isabella-isafloor-gelocht-50-x-50-cm-farbe-farbe-schwarz\\\/\",\"name\":\"Bodenplatte Isabella IsaFloor gelocht 50 x 50 cm Farbe Farbe schwarz - Bantam Camping AG\",\"isPartOf\":{\"@id\":\"https:\\\/\\\/shop.bantam.ch\\\/de\\\/#website\"},\"primaryImageOfPage\":{\"@id\":\"https:\\\/\\\/shop.bantam.ch\\\/de\\\/produkt\\\/bodenplatte-isabella-isafloor-gelocht-50-x-50-cm-farbe-farbe-schwarz\\\/#primaryimage\"},\"image\":{\"@id\":\"https:\\\/\\\/shop.bantam.ch\\\/de\\\/produkt\\\/bodenplatte-isabella-isafloor-gelocht-50-x-50-cm-farbe-farbe-schwarz\\\/#primaryimage\"},\"thumbnailUrl\":\"https:\\\/\\\/shop.bantam.ch\\\/wp-content\\\/uploads\\\/2025\\\/03\\\/Movera-L-9971482100.jpg\",\"datePublished\":\"2025-03-14T15:43:46+00:00\",\"dateModified\":\"2026-04-17T21:29:43+00:00\",\"breadcrumb\":{\"@id\":\"https:\\\/\\\/shop.bantam.ch\\\/de\\\/produkt\\\/bodenplatte-isabella-isafloor-gelocht-50-x-50-cm-farbe-farbe-schwarz\\\/#breadcrumb\"},\"inLanguage\":\"de\",\"potentialAction\":[{\"@type\":\"ReadAction\",\"target\":[\"https:\\\/\\\/shop.bantam.ch\\\/de\\\/produkt\\\/bodenplatte-isabella-isafloor-gelocht-50-x-50-cm-farbe-farbe-schwarz\\\/\"]}]},{\"@type\":\"ImageObject\",\"inLanguage\":\"de\",\"@id\":\"https:\\\/\\\/shop.bantam.ch\\\/de\\\/produkt\\\/bodenplatte-isabella-isafloor-gelocht-50-x-50-cm-farbe-farbe-schwarz\\\/#primaryimage\",\"url\":\"https:\\\/\\\/shop.bantam.ch\\\/wp-content\\\/uploads\\\/2025\\\/03\\\/Movera-L-9971482100.jpg\",\"contentUrl\":\"https:\\\/\\\/shop.bantam.ch\\\/wp-content\\\/uploads\\\/2025\\\/03\\\/Movera-L-9971482100.jpg\",\"width\":640,\"height\":640},{\"@type\":\"BreadcrumbList\",\"@id\":\"https:\\\/\\\/shop.bantam.ch\\\/de\\\/produkt\\\/bodenplatte-isabella-isafloor-gelocht-50-x-50-cm-farbe-farbe-schwarz\\\/#breadcrumb\",\"itemListElement\":[{\"@type\":\"ListItem\",\"position\":1,\"name\":\"Accueil\",\"item\":\"https:\\\/\\\/shop.bantam.ch\\\/de\\\/\"},{\"@type\":\"ListItem\",\"position\":2,\"name\":\"Shop\",\"item\":\"https:\\\/\\\/shop.bantam.ch\\\/de\\\/shop\\\/\"},{\"@type\":\"ListItem\",\"position\":3,\"name\":\"Bodenplatte Isabella IsaFloor gelocht 50 x 50 cm Farbe Farbe schwarz\"}]},{\"@type\":\"WebSite\",\"@id\":\"https:\\\/\\\/shop.bantam.ch\\\/de\\\/#website\",\"url\":\"https:\\\/\\\/shop.bantam.ch\\\/de\\\/\",\"name\":\"Bantam Camping AG\",\"description\":\"\",\"publisher\":{\"@id\":\"https:\\\/\\\/shop.bantam.ch\\\/de\\\/#organization\"},\"inLanguage\":\"de\"},{\"@type\":\"Organization\",\"@id\":\"https:\\\/\\\/shop.bantam.ch\\\/de\\\/#organization\",\"name\":\"Bantam Camping AG\",\"url\":\"https:\\\/\\\/shop.bantam.ch\\\/de\\\/\",\"logo\":{\"@type\":\"ImageObject\",\"inLanguage\":\"de\",\"@id\":\"https:\\\/\\\/shop.bantam.ch\\\/de\\\/#\\\/schema\\\/logo\\\/image\\\/\",\"url\":\"https:\\\/\\\/shop.bantam.ch\\\/wp-content\\\/uploads\\\/2022\\\/12\\\/bantam-logo.png\",\"contentUrl\":\"https:\\\/\\\/shop.bantam.ch\\\/wp-content\\\/uploads\\\/2022\\\/12\\\/bantam-logo.png\",\"width\":320,\"height\":71,\"caption\":\"Bantam Camping AG\"},\"image\":{\"@id\":\"https:\\\/\\\/shop.bantam.ch\\\/de\\\/#\\\/schema\\\/logo\\\/image\\\/\"}}]}<\/script>\n<!-- \/ Yoast SEO plugin. -->","yoast_head_json":{"title":"Bodenplatte Isabella IsaFloor gelocht 50 x 50 cm Farbe Farbe schwarz - Bantam Camping AG","robots":{"index":"index","follow":"follow","max-snippet":"max-snippet:-1","max-image-preview":"max-image-preview:large","max-video-preview":"max-video-preview:-1"},"canonical":"https:\/\/shop.bantam.ch\/de\/produkt\/bodenplatte-isabella-isafloor-gelocht-50-x-50-cm-farbe-farbe-schwarz\/","og_locale":"de_DE","og_type":"article","og_title":"Bodenplatte Isabella IsaFloor gelocht 50 x 50 cm Farbe Farbe schwarz - Bantam Camping AG","og_description":"M\u00f6chten Sie einen Fliesenboden verlegen, aber ein geschlossener Boden ist auf dem Campingplatz nicht erlaubt? Dann ist Isabellas Open Floor Tile die L\u00f6sung. So haben Sie eine ebene Fl\u00e4che vor Ihrer Markise oder unter der Markise und das Gras kann noch atmen. Die Zeltfliesen sind wetterfest, leicht sauber zu halten und bilden eine ebene Fl\u00e4che [&hellip;]","og_url":"https:\/\/shop.bantam.ch\/de\/produkt\/bodenplatte-isabella-isafloor-gelocht-50-x-50-cm-farbe-farbe-schwarz\/","og_site_name":"Bantam Camping AG","article_modified_time":"2026-04-17T21:29:43+00:00","twitter_card":"summary_large_image","twitter_misc":{"Gesch\u00e4tzte Lesezeit":"1\u00a0Minute"},"schema":{"@context":"https:\/\/schema.org","@graph":[{"@type":"WebPage","@id":"https:\/\/shop.bantam.ch\/de\/produkt\/bodenplatte-isabella-isafloor-gelocht-50-x-50-cm-farbe-farbe-schwarz\/","url":"https:\/\/shop.bantam.ch\/de\/produkt\/bodenplatte-isabella-isafloor-gelocht-50-x-50-cm-farbe-farbe-schwarz\/","name":"Bodenplatte Isabella IsaFloor gelocht 50 x 50 cm Farbe Farbe schwarz - Bantam Camping AG","isPartOf":{"@id":"https:\/\/shop.bantam.ch\/de\/#website"},"primaryImageOfPage":{"@id":"https:\/\/shop.bantam.ch\/de\/produkt\/bodenplatte-isabella-isafloor-gelocht-50-x-50-cm-farbe-farbe-schwarz\/#primaryimage"},"image":{"@id":"https:\/\/shop.bantam.ch\/de\/produkt\/bodenplatte-isabella-isafloor-gelocht-50-x-50-cm-farbe-farbe-schwarz\/#primaryimage"},"thumbnailUrl":"https:\/\/shop.bantam.ch\/wp-content\/uploads\/2025\/03\/Movera-L-9971482100.jpg","datePublished":"2025-03-14T15:43:46+00:00","dateModified":"2026-04-17T21:29:43+00:00","breadcrumb":{"@id":"https:\/\/shop.bantam.ch\/de\/produkt\/bodenplatte-isabella-isafloor-gelocht-50-x-50-cm-farbe-farbe-schwarz\/#breadcrumb"},"inLanguage":"de","potentialAction":[{"@type":"ReadAction","target":["https:\/\/shop.bantam.ch\/de\/produkt\/bodenplatte-isabella-isafloor-gelocht-50-x-50-cm-farbe-farbe-schwarz\/"]}]},{"@type":"ImageObject","inLanguage":"de","@id":"https:\/\/shop.bantam.ch\/de\/produkt\/bodenplatte-isabella-isafloor-gelocht-50-x-50-cm-farbe-farbe-schwarz\/#primaryimage","url":"https:\/\/shop.bantam.ch\/wp-content\/uploads\/2025\/03\/Movera-L-9971482100.jpg","contentUrl":"https:\/\/shop.bantam.ch\/wp-content\/uploads\/2025\/03\/Movera-L-9971482100.jpg","width":640,"height":640},{"@type":"BreadcrumbList","@id":"https:\/\/shop.bantam.ch\/de\/produkt\/bodenplatte-isabella-isafloor-gelocht-50-x-50-cm-farbe-farbe-schwarz\/#breadcrumb","itemListElement":[{"@type":"ListItem","position":1,"name":"Accueil","item":"https:\/\/shop.bantam.ch\/de\/"},{"@type":"ListItem","position":2,"name":"Shop","item":"https:\/\/shop.bantam.ch\/de\/shop\/"},{"@type":"ListItem","position":3,"name":"Bodenplatte Isabella IsaFloor gelocht 50 x 50 cm Farbe Farbe schwarz"}]},{"@type":"WebSite","@id":"https:\/\/shop.bantam.ch\/de\/#website","url":"https:\/\/shop.bantam.ch\/de\/","name":"Bantam Camping AG","description":"","publisher":{"@id":"https:\/\/shop.bantam.ch\/de\/#organization"},"inLanguage":"de"},{"@type":"Organization","@id":"https:\/\/shop.bantam.ch\/de\/#organization","name":"Bantam Camping AG","url":"https:\/\/shop.bantam.ch\/de\/","logo":{"@type":"ImageObject","inLanguage":"de","@id":"https:\/\/shop.bantam.ch\/de\/#\/schema\/logo\/image\/","url":"https:\/\/shop.bantam.ch\/wp-content\/uploads\/2022\/12\/bantam-logo.png","contentUrl":"https:\/\/shop.bantam.ch\/wp-content\/uploads\/2022\/12\/bantam-logo.png","width":320,"height":71,"caption":"Bantam Camping AG"},"image":{"@id":"https:\/\/shop.bantam.ch\/de\/#\/schema\/logo\/image\/"}}]}},"_links":{"self":[{"href":"https:\/\/shop.bantam.ch\/de\/wp-json\/wp\/v2\/product\/215797","targetHints":{"allow":["GET"]}}],"collection":[{"href":"https:\/\/shop.bantam.ch\/de\/wp-json\/wp\/v2\/product"}],"about":[{"href":"https:\/\/shop.bantam.ch\/de\/wp-json\/wp\/v2\/types\/product"}],"wp:featuredmedia":[{"embeddable":true,"href":"https:\/\/shop.bantam.ch\/de\/wp-json\/wp\/v2\/media\/215795"}],"wp:attachment":[{"href":"https:\/\/shop.bantam.ch\/de\/wp-json\/wp\/v2\/media?parent=215797"}],"wp:term":[{"taxonomy":"product_featured_cat","embeddable":true,"href":"https:\/\/shop.bantam.ch\/de\/wp-json\/wp\/v2\/product_featured_cat?post=215797"},{"taxonomy":"product_brand","embeddable":true,"href":"https:\/\/shop.bantam.ch\/de\/wp-json\/wp\/v2\/product_brand?post=215797"},{"taxonomy":"product_cat","embeddable":true,"href":"https:\/\/shop.bantam.ch\/de\/wp-json\/wp\/v2\/product_cat?post=215797"},{"taxonomy":"product_tag","embeddable":true,"href":"https:\/\/shop.bantam.ch\/de\/wp-json\/wp\/v2\/product_tag?post=215797"}],"curies":[{"name":"wp","href":"https:\/\/api.w.org\/{rel}","templated":true}]}}