{"id":215679,"date":"2025-03-14T16:41:22","date_gmt":"2025-03-14T15:41:22","guid":{"rendered":"https:\/\/shop.bantam.ch\/produit\/dachklimaanlage-telair-silent-3-8100h-conditioner\/"},"modified":"2026-04-18T23:32:40","modified_gmt":"2026-04-18T21:32:40","slug":"dachklimaanlage-telair-silent-3-8100h-conditioner","status":"publish","type":"product","link":"https:\/\/shop.bantam.ch\/de\/produkt\/dachklimaanlage-telair-silent-3-8100h-conditioner\/","title":{"rendered":"Dachklimaanlage TELAIR Silent 3 8100H Conditioner"},"content":{"rendered":"<p>Beinhaltet alles, was eine umweltgerechte Klimaanlage haben sollte: Niedriger Treibhauseffekt (GWP 676) durch den Einsatz von K\u00e4ltemittelgas R32. Dadurch 70% Reduzierung der Umweltbelastung. Leise. Leicht. Installationsfreundlich.<br \/>\nBeide Modelle sind mit einer W\u00e4rmepumpenheizung ausgestattet. \u00dcber die Fernbedienung mit Zeitschaltuhr werden die Funktionen K\u00e4lte, W\u00e4rme, L\u00fcftung und Automatikmodus bedient.<br \/>\nDas Modell Silent Plus 5900H kann \u00fcber einen reinen Sinus-Inverter von mindestens 1500 W betrieben werden. Dadurch kann auch w\u00e4hrend der Fahrt mit Batteriebetrieb gek\u00fchlt bzw. geheizt werden. Der Innendiffusor ist mit seinen 4,2 cm superflach und l\u00e4sst sich leicht montieren. Das hellblaue Multifunktionsdisplay und die LED-Leuchten lassen sich \u00fcber die Fernbedienung mit inkludierter Taschenlampe leicht ein- und ausschalten<\/p>\n<p>Beinhaltet alles, was eine umweltgerechte Klimaanlage haben sollte: Niedriger Treibhauseffekt (GWP 676) durch den Einsatz von K\u00e4ltemittelgas R32. Dadurch 70 % Reduzierung der Umweltbelastung. Leise. Leicht. Installationsfreundlich. Beide Modelle sind mit einer W\u00e4rmepumpenheizung ausgestattet. \u00dcber die Fernbedienung mit Zeitschaltuhr werden die Funktionen K\u00e4lte, W\u00e4rme, L\u00fcftung und Automatikmodus bedient.<\/p>\n<ul>\n<li>K\u00fchlleistung: 1100 W<\/li>\n<li>Abmessung au\u00dfen (B x H x T): 980 x 240 x 650 mm<\/li>\n<\/ul>\n","protected":false},"excerpt":{"rendered":"<p>Beinhaltet alles, was eine umweltgerechte Klimaanlage haben sollte: Niedriger Treibhauseffekt (GWP 676) durch den Einsatz von K\u00e4ltemittelgas R32. Dadurch 70% Reduzierung der Umweltbelastung. Leise. Leicht. Installationsfreundlich. Beide Modelle sind mit einer W\u00e4rmepumpenheizung ausgestattet. \u00dcber die Fernbedienung mit Zeitschaltuhr werden die Funktionen K\u00e4lte, W\u00e4rme, L\u00fcftung und Automatikmodus bedient. Das Modell Silent Plus 5900H kann \u00fcber einen [&hellip;]<\/p>\n","protected":false},"featured_media":215673,"template":"","meta":{"_acf_changed":false},"product_featured_cat":[],"product_brand":[],"product_cat":[4090],"product_tag":[],"class_list":{"0":"post-215679","1":"product","2":"type-product","3":"status-publish","4":"has-post-thumbnail","6":"product_cat-klimaanlagen","8":"first","9":"instock","10":"taxable","11":"shipping-taxable","12":"purchasable","13":"product-type-simple"},"acf":[],"yoast_head":"<!-- This site is optimized with the Yoast SEO plugin v27.4 - https:\/\/yoast.com\/product\/yoast-seo-wordpress\/ -->\n<title>Dachklimaanlage TELAIR Silent 3 8100H Conditioner - Bantam Camping AG<\/title>\n<meta name=\"robots\" content=\"index, follow, max-snippet:-1, max-image-preview:large, max-video-preview:-1\" \/>\n<link rel=\"canonical\" href=\"https:\/\/shop.bantam.ch\/de\/produkt\/dachklimaanlage-telair-silent-3-8100h-conditioner\/\" \/>\n<meta property=\"og:locale\" content=\"de_DE\" \/>\n<meta property=\"og:type\" content=\"article\" \/>\n<meta property=\"og:title\" content=\"Dachklimaanlage TELAIR Silent 3 8100H Conditioner - Bantam Camping AG\" \/>\n<meta property=\"og:description\" content=\"Beinhaltet alles, was eine umweltgerechte Klimaanlage haben sollte: Niedriger Treibhauseffekt (GWP 676) durch den Einsatz von K\u00e4ltemittelgas R32. Dadurch 70% Reduzierung der Umweltbelastung. Leise. Leicht. Installationsfreundlich. Beide Modelle sind mit einer W\u00e4rmepumpenheizung ausgestattet. \u00dcber die Fernbedienung mit Zeitschaltuhr werden die Funktionen K\u00e4lte, W\u00e4rme, L\u00fcftung und Automatikmodus bedient. Das Modell Silent Plus 5900H kann \u00fcber einen [&hellip;]\" \/>\n<meta property=\"og:url\" content=\"https:\/\/shop.bantam.ch\/de\/produkt\/dachklimaanlage-telair-silent-3-8100h-conditioner\/\" \/>\n<meta property=\"og:site_name\" content=\"Bantam Camping AG\" \/>\n<meta property=\"article:modified_time\" content=\"2026-04-18T21:32:40+00:00\" \/>\n<meta name=\"twitter:card\" content=\"summary_large_image\" \/>\n<meta name=\"twitter:label1\" content=\"Gesch\u00e4tzte Lesezeit\" \/>\n\t<meta name=\"twitter:data1\" content=\"1\u00a0Minute\" \/>\n<script type=\"application\/ld+json\" class=\"yoast-schema-graph\">{\"@context\":\"https:\\\/\\\/schema.org\",\"@graph\":[{\"@type\":\"WebPage\",\"@id\":\"https:\\\/\\\/shop.bantam.ch\\\/de\\\/produkt\\\/dachklimaanlage-telair-silent-3-8100h-conditioner\\\/\",\"url\":\"https:\\\/\\\/shop.bantam.ch\\\/de\\\/produkt\\\/dachklimaanlage-telair-silent-3-8100h-conditioner\\\/\",\"name\":\"Dachklimaanlage TELAIR Silent 3 8100H Conditioner - Bantam Camping AG\",\"isPartOf\":{\"@id\":\"https:\\\/\\\/shop.bantam.ch\\\/de\\\/#website\"},\"primaryImageOfPage\":{\"@id\":\"https:\\\/\\\/shop.bantam.ch\\\/de\\\/produkt\\\/dachklimaanlage-telair-silent-3-8100h-conditioner\\\/#primaryimage\"},\"image\":{\"@id\":\"https:\\\/\\\/shop.bantam.ch\\\/de\\\/produkt\\\/dachklimaanlage-telair-silent-3-8100h-conditioner\\\/#primaryimage\"},\"thumbnailUrl\":\"https:\\\/\\\/shop.bantam.ch\\\/wp-content\\\/uploads\\\/2025\\\/03\\\/Movera-L-9975513100.jpg\",\"datePublished\":\"2025-03-14T15:41:22+00:00\",\"dateModified\":\"2026-04-18T21:32:40+00:00\",\"breadcrumb\":{\"@id\":\"https:\\\/\\\/shop.bantam.ch\\\/de\\\/produkt\\\/dachklimaanlage-telair-silent-3-8100h-conditioner\\\/#breadcrumb\"},\"inLanguage\":\"de\",\"potentialAction\":[{\"@type\":\"ReadAction\",\"target\":[\"https:\\\/\\\/shop.bantam.ch\\\/de\\\/produkt\\\/dachklimaanlage-telair-silent-3-8100h-conditioner\\\/\"]}]},{\"@type\":\"ImageObject\",\"inLanguage\":\"de\",\"@id\":\"https:\\\/\\\/shop.bantam.ch\\\/de\\\/produkt\\\/dachklimaanlage-telair-silent-3-8100h-conditioner\\\/#primaryimage\",\"url\":\"https:\\\/\\\/shop.bantam.ch\\\/wp-content\\\/uploads\\\/2025\\\/03\\\/Movera-L-9975513100.jpg\",\"contentUrl\":\"https:\\\/\\\/shop.bantam.ch\\\/wp-content\\\/uploads\\\/2025\\\/03\\\/Movera-L-9975513100.jpg\",\"width\":640,\"height\":324},{\"@type\":\"BreadcrumbList\",\"@id\":\"https:\\\/\\\/shop.bantam.ch\\\/de\\\/produkt\\\/dachklimaanlage-telair-silent-3-8100h-conditioner\\\/#breadcrumb\",\"itemListElement\":[{\"@type\":\"ListItem\",\"position\":1,\"name\":\"Accueil\",\"item\":\"https:\\\/\\\/shop.bantam.ch\\\/de\\\/\"},{\"@type\":\"ListItem\",\"position\":2,\"name\":\"Shop\",\"item\":\"https:\\\/\\\/shop.bantam.ch\\\/de\\\/shop\\\/\"},{\"@type\":\"ListItem\",\"position\":3,\"name\":\"Dachklimaanlage TELAIR Silent 3 8100H Conditioner\"}]},{\"@type\":\"WebSite\",\"@id\":\"https:\\\/\\\/shop.bantam.ch\\\/de\\\/#website\",\"url\":\"https:\\\/\\\/shop.bantam.ch\\\/de\\\/\",\"name\":\"Bantam Camping AG\",\"description\":\"\",\"publisher\":{\"@id\":\"https:\\\/\\\/shop.bantam.ch\\\/de\\\/#organization\"},\"inLanguage\":\"de\"},{\"@type\":\"Organization\",\"@id\":\"https:\\\/\\\/shop.bantam.ch\\\/de\\\/#organization\",\"name\":\"Bantam Camping AG\",\"url\":\"https:\\\/\\\/shop.bantam.ch\\\/de\\\/\",\"logo\":{\"@type\":\"ImageObject\",\"inLanguage\":\"de\",\"@id\":\"https:\\\/\\\/shop.bantam.ch\\\/de\\\/#\\\/schema\\\/logo\\\/image\\\/\",\"url\":\"https:\\\/\\\/shop.bantam.ch\\\/wp-content\\\/uploads\\\/2022\\\/12\\\/bantam-logo.png\",\"contentUrl\":\"https:\\\/\\\/shop.bantam.ch\\\/wp-content\\\/uploads\\\/2022\\\/12\\\/bantam-logo.png\",\"width\":320,\"height\":71,\"caption\":\"Bantam Camping AG\"},\"image\":{\"@id\":\"https:\\\/\\\/shop.bantam.ch\\\/de\\\/#\\\/schema\\\/logo\\\/image\\\/\"}}]}<\/script>\n<!-- \/ Yoast SEO plugin. -->","yoast_head_json":{"title":"Dachklimaanlage TELAIR Silent 3 8100H Conditioner - Bantam Camping AG","robots":{"index":"index","follow":"follow","max-snippet":"max-snippet:-1","max-image-preview":"max-image-preview:large","max-video-preview":"max-video-preview:-1"},"canonical":"https:\/\/shop.bantam.ch\/de\/produkt\/dachklimaanlage-telair-silent-3-8100h-conditioner\/","og_locale":"de_DE","og_type":"article","og_title":"Dachklimaanlage TELAIR Silent 3 8100H Conditioner - Bantam Camping AG","og_description":"Beinhaltet alles, was eine umweltgerechte Klimaanlage haben sollte: Niedriger Treibhauseffekt (GWP 676) durch den Einsatz von K\u00e4ltemittelgas R32. Dadurch 70% Reduzierung der Umweltbelastung. Leise. Leicht. Installationsfreundlich. Beide Modelle sind mit einer W\u00e4rmepumpenheizung ausgestattet. \u00dcber die Fernbedienung mit Zeitschaltuhr werden die Funktionen K\u00e4lte, W\u00e4rme, L\u00fcftung und Automatikmodus bedient. Das Modell Silent Plus 5900H kann \u00fcber einen [&hellip;]","og_url":"https:\/\/shop.bantam.ch\/de\/produkt\/dachklimaanlage-telair-silent-3-8100h-conditioner\/","og_site_name":"Bantam Camping AG","article_modified_time":"2026-04-18T21:32:40+00:00","twitter_card":"summary_large_image","twitter_misc":{"Gesch\u00e4tzte Lesezeit":"1\u00a0Minute"},"schema":{"@context":"https:\/\/schema.org","@graph":[{"@type":"WebPage","@id":"https:\/\/shop.bantam.ch\/de\/produkt\/dachklimaanlage-telair-silent-3-8100h-conditioner\/","url":"https:\/\/shop.bantam.ch\/de\/produkt\/dachklimaanlage-telair-silent-3-8100h-conditioner\/","name":"Dachklimaanlage TELAIR Silent 3 8100H Conditioner - Bantam Camping AG","isPartOf":{"@id":"https:\/\/shop.bantam.ch\/de\/#website"},"primaryImageOfPage":{"@id":"https:\/\/shop.bantam.ch\/de\/produkt\/dachklimaanlage-telair-silent-3-8100h-conditioner\/#primaryimage"},"image":{"@id":"https:\/\/shop.bantam.ch\/de\/produkt\/dachklimaanlage-telair-silent-3-8100h-conditioner\/#primaryimage"},"thumbnailUrl":"https:\/\/shop.bantam.ch\/wp-content\/uploads\/2025\/03\/Movera-L-9975513100.jpg","datePublished":"2025-03-14T15:41:22+00:00","dateModified":"2026-04-18T21:32:40+00:00","breadcrumb":{"@id":"https:\/\/shop.bantam.ch\/de\/produkt\/dachklimaanlage-telair-silent-3-8100h-conditioner\/#breadcrumb"},"inLanguage":"de","potentialAction":[{"@type":"ReadAction","target":["https:\/\/shop.bantam.ch\/de\/produkt\/dachklimaanlage-telair-silent-3-8100h-conditioner\/"]}]},{"@type":"ImageObject","inLanguage":"de","@id":"https:\/\/shop.bantam.ch\/de\/produkt\/dachklimaanlage-telair-silent-3-8100h-conditioner\/#primaryimage","url":"https:\/\/shop.bantam.ch\/wp-content\/uploads\/2025\/03\/Movera-L-9975513100.jpg","contentUrl":"https:\/\/shop.bantam.ch\/wp-content\/uploads\/2025\/03\/Movera-L-9975513100.jpg","width":640,"height":324},{"@type":"BreadcrumbList","@id":"https:\/\/shop.bantam.ch\/de\/produkt\/dachklimaanlage-telair-silent-3-8100h-conditioner\/#breadcrumb","itemListElement":[{"@type":"ListItem","position":1,"name":"Accueil","item":"https:\/\/shop.bantam.ch\/de\/"},{"@type":"ListItem","position":2,"name":"Shop","item":"https:\/\/shop.bantam.ch\/de\/shop\/"},{"@type":"ListItem","position":3,"name":"Dachklimaanlage TELAIR Silent 3 8100H Conditioner"}]},{"@type":"WebSite","@id":"https:\/\/shop.bantam.ch\/de\/#website","url":"https:\/\/shop.bantam.ch\/de\/","name":"Bantam Camping AG","description":"","publisher":{"@id":"https:\/\/shop.bantam.ch\/de\/#organization"},"inLanguage":"de"},{"@type":"Organization","@id":"https:\/\/shop.bantam.ch\/de\/#organization","name":"Bantam Camping AG","url":"https:\/\/shop.bantam.ch\/de\/","logo":{"@type":"ImageObject","inLanguage":"de","@id":"https:\/\/shop.bantam.ch\/de\/#\/schema\/logo\/image\/","url":"https:\/\/shop.bantam.ch\/wp-content\/uploads\/2022\/12\/bantam-logo.png","contentUrl":"https:\/\/shop.bantam.ch\/wp-content\/uploads\/2022\/12\/bantam-logo.png","width":320,"height":71,"caption":"Bantam Camping AG"},"image":{"@id":"https:\/\/shop.bantam.ch\/de\/#\/schema\/logo\/image\/"}}]}},"_links":{"self":[{"href":"https:\/\/shop.bantam.ch\/de\/wp-json\/wp\/v2\/product\/215679","targetHints":{"allow":["GET"]}}],"collection":[{"href":"https:\/\/shop.bantam.ch\/de\/wp-json\/wp\/v2\/product"}],"about":[{"href":"https:\/\/shop.bantam.ch\/de\/wp-json\/wp\/v2\/types\/product"}],"wp:featuredmedia":[{"embeddable":true,"href":"https:\/\/shop.bantam.ch\/de\/wp-json\/wp\/v2\/media\/215673"}],"wp:attachment":[{"href":"https:\/\/shop.bantam.ch\/de\/wp-json\/wp\/v2\/media?parent=215679"}],"wp:term":[{"taxonomy":"product_featured_cat","embeddable":true,"href":"https:\/\/shop.bantam.ch\/de\/wp-json\/wp\/v2\/product_featured_cat?post=215679"},{"taxonomy":"product_brand","embeddable":true,"href":"https:\/\/shop.bantam.ch\/de\/wp-json\/wp\/v2\/product_brand?post=215679"},{"taxonomy":"product_cat","embeddable":true,"href":"https:\/\/shop.bantam.ch\/de\/wp-json\/wp\/v2\/product_cat?post=215679"},{"taxonomy":"product_tag","embeddable":true,"href":"https:\/\/shop.bantam.ch\/de\/wp-json\/wp\/v2\/product_tag?post=215679"}],"curies":[{"name":"wp","href":"https:\/\/api.w.org\/{rel}","templated":true}]}}