{"id":215575,"date":"2025-03-14T16:38:47","date_gmt":"2025-03-14T15:38:47","guid":{"rendered":"https:\/\/shop.bantam.ch\/produit\/vordach-outwell-touring-shelter\/"},"modified":"2026-04-17T23:29:13","modified_gmt":"2026-04-17T21:29:13","slug":"vordach-outwell-touring-shelter","status":"publish","type":"product","link":"https:\/\/shop.bantam.ch\/de\/produkt\/vordach-outwell-touring-shelter\/","title":{"rendered":"Vordach Outwell Touring Shelter"},"content":{"rendered":"<p>Sie werden den flexiblen Schutz vor den Elementen lieben, den der Outwell Touring Shelter f\u00fcr das Leben im Freien bietet. Leicht und mit kleinem Packma\u00df, passt es f\u00fcr Vans mit der H\u00f6he von 175 bis 200 cm und bietet einen bequemen Wohnraum auf Tour oder als Basis f\u00fcr Outdoor-Abenteuer. Der nach vorne geneigte Schnitt maximiert die Kopffreiheit. Gegen Wind und Regen sch\u00fctzen die Seitenw\u00e4nde inklusiven Fenster gut und bei starker Sonne k\u00f6nnen die W\u00e4nde auch hoch gerollt werden. Sie werden auch den Komfort des Outwell Hook Track Systems zu sch\u00e4tzen wissen, mit dem Sie Beleuchtung, Kleidung und andere leichte Gegenst\u00e4nde sicher und griffbereit aufh\u00e4ngen k\u00f6nnen. Das Sonnensegel passt dank des Doppel-Kederprofil an verschiedene Vorzeltschienen.<\/p>\n<ul>\n<li>Universell einsetzbares Vordach f\u00fcr Wohnmobile, Kleinbusse und Wohnwagen<\/li>\n<li>Schafft einen sch\u00f6nen, schattigen Platz neben dem Fahrzeug<\/li>\n<li>Aufrollbare Seitenw\u00e4nde<\/li>\n<li>F\u00fcr VW T5\/T6\/T6.1 (Multivan, Caravelle, Transporter, California), MB W639\/W447 (V-Class, Vito, Marco Polo) und \u00e4hnliche Fahrzeuge<\/li>\n<li>Gro\u00dfe get\u00f6nte Fenstern<\/li>\n<li>Robuste Stahlstangen f\u00fcr maximale Kopffreiheit<\/li>\n<li>L\u00e4sst sich m\u00fchelos und schnell anbringen und entfernen<\/li>\n<li>Bereits montierte selbstleuchtende Abspannleinen sorgen f\u00fcr mehr Komfort und einen schnellen Aufbau<\/li>\n<li>Verstellbare Abspannpunkte f\u00fcr einen flexiblen Zeltaufbau<\/li>\n<li>Dachbefestigungsl\u00e4nge: 250 cm<\/li>\n<li>Keder-Durchmesser: 7 mm \/ 5 mm<\/li>\n<\/ul>\n<p>Detail Ikonen:<\/p>\n<ul>\n<li>Outtex\u00ae 4000 Select ist ein strapazierf\u00e4higes, hochwertiges Material aus reinem Polyester und bietet alle wesentlichen Eigenschaften, die Camper f\u00fcr den Alltag auf dem Campingplatz erwarten. Es ist flammhemmend und verf\u00fcgt \u00fcber eine PU-Beschichtung.<\/li>\n<li>Material entspricht den neuesten Richtlinien f\u00fcr Zeltmaterialien<\/li>\n<li>Zus\u00e4tzlicher Schutz f\u00fcr alle N\u00e4hte, das Klebeband verhindert das Eindringen von Wasser<\/li>\n<li>Outwell Power Stability-System: Unser stabiles Stahlstangensystem erlaubt mehr Kopffreiheit und Platz im Zelt.<\/li>\n<li>Strategisch gut platzierte Schienen erm\u00f6glichen es, Spezialhaken anzubringen, an denen Kabel und leichtes Zubeh\u00f6r befestigt werden kann<\/li>\n<li>Bietet eine passende Option f\u00fcr alle Wohnmobil-Vorzeltleisten<\/li>\n<li>Tasche mit Trageriemen, die einen Transport des Zeltes \u00fcber kurze Strecken erm\u00f6glicht.<\/li>\n<\/ul>\n<p>Pflege:<br \/>\nBeachten Sie bitte, dass UV-(ultraviolette)-Strahlen Ihr Zelt besch\u00e4digen, wenn es \u00fcber l\u00e4ngere Zeit direktem Sonnenlicht ausgesetzt ist. Outtex\u00ae Gewebe besitzt eine wesentliche h\u00f6here Lebensdauer als normale Nylon-Zeltgewebe. Outwell-Produkte sind f\u00fcr den Campinggebrauch konzipiert, der normalerweise 2-5 Wochen im Jahr betr\u00e4gt. Sie sind nicht f\u00fcr den dauerhaften Einsatz vorgesehen und sollten nur als Campingprodukte verwendet werden. Camping in der N\u00e4he von Meer oder See kann die Wirkung von UV-Strahlung noch verst\u00e4rken. Das gilt auch f\u00fcr Stangen und Metallteile.<\/p>\n<p>Material:<br \/>\n100 % Polyester<\/p>\n<p>Lieferumfang:<br \/>\nZeltboden nicht enthalten<\/p>\n","protected":false},"excerpt":{"rendered":"<p>Sie werden den flexiblen Schutz vor den Elementen lieben, den der Outwell Touring Shelter f\u00fcr das Leben im Freien bietet. Leicht und mit kleinem Packma\u00df, passt es f\u00fcr Vans mit der H\u00f6he von 175 bis 200 cm und bietet einen bequemen Wohnraum auf Tour oder als Basis f\u00fcr Outdoor-Abenteuer. Der nach vorne geneigte Schnitt maximiert [&hellip;]<\/p>\n","protected":false},"featured_media":215565,"template":"","meta":{"_acf_changed":false},"product_featured_cat":[],"product_brand":[],"product_cat":[4252],"product_tag":[],"class_list":{"0":"post-215575","1":"product","2":"type-product","3":"status-publish","4":"has-post-thumbnail","6":"product_cat-sonnensegel-fuer-campingfahrzeuge","8":"first","9":"instock","10":"taxable","11":"shipping-taxable","12":"purchasable","13":"product-type-simple"},"acf":[],"yoast_head":"<!-- This site is optimized with the Yoast SEO plugin v27.4 - https:\/\/yoast.com\/product\/yoast-seo-wordpress\/ -->\n<title>Vordach Outwell Touring Shelter - Bantam Camping AG<\/title>\n<meta name=\"robots\" content=\"index, follow, max-snippet:-1, max-image-preview:large, max-video-preview:-1\" \/>\n<link rel=\"canonical\" href=\"https:\/\/shop.bantam.ch\/de\/produkt\/vordach-outwell-touring-shelter\/\" \/>\n<meta property=\"og:locale\" content=\"de_DE\" \/>\n<meta property=\"og:type\" content=\"article\" \/>\n<meta property=\"og:title\" content=\"Vordach Outwell Touring Shelter - Bantam Camping AG\" \/>\n<meta property=\"og:description\" content=\"Sie werden den flexiblen Schutz vor den Elementen lieben, den der Outwell Touring Shelter f\u00fcr das Leben im Freien bietet. Leicht und mit kleinem Packma\u00df, passt es f\u00fcr Vans mit der H\u00f6he von 175 bis 200 cm und bietet einen bequemen Wohnraum auf Tour oder als Basis f\u00fcr Outdoor-Abenteuer. Der nach vorne geneigte Schnitt maximiert [&hellip;]\" \/>\n<meta property=\"og:url\" content=\"https:\/\/shop.bantam.ch\/de\/produkt\/vordach-outwell-touring-shelter\/\" \/>\n<meta property=\"og:site_name\" content=\"Bantam Camping AG\" \/>\n<meta property=\"article:modified_time\" content=\"2026-04-17T21:29:13+00:00\" \/>\n<meta name=\"twitter:card\" content=\"summary_large_image\" \/>\n<meta name=\"twitter:label1\" content=\"Gesch\u00e4tzte Lesezeit\" \/>\n\t<meta name=\"twitter:data1\" content=\"2\u00a0Minuten\" \/>\n<script type=\"application\/ld+json\" class=\"yoast-schema-graph\">{\"@context\":\"https:\\\/\\\/schema.org\",\"@graph\":[{\"@type\":\"WebPage\",\"@id\":\"https:\\\/\\\/shop.bantam.ch\\\/de\\\/produkt\\\/vordach-outwell-touring-shelter\\\/\",\"url\":\"https:\\\/\\\/shop.bantam.ch\\\/de\\\/produkt\\\/vordach-outwell-touring-shelter\\\/\",\"name\":\"Vordach Outwell Touring Shelter - Bantam Camping AG\",\"isPartOf\":{\"@id\":\"https:\\\/\\\/shop.bantam.ch\\\/de\\\/#website\"},\"primaryImageOfPage\":{\"@id\":\"https:\\\/\\\/shop.bantam.ch\\\/de\\\/produkt\\\/vordach-outwell-touring-shelter\\\/#primaryimage\"},\"image\":{\"@id\":\"https:\\\/\\\/shop.bantam.ch\\\/de\\\/produkt\\\/vordach-outwell-touring-shelter\\\/#primaryimage\"},\"thumbnailUrl\":\"https:\\\/\\\/shop.bantam.ch\\\/wp-content\\\/uploads\\\/2025\\\/03\\\/Movera-L-9971465100.jpg\",\"datePublished\":\"2025-03-14T15:38:47+00:00\",\"dateModified\":\"2026-04-17T21:29:13+00:00\",\"breadcrumb\":{\"@id\":\"https:\\\/\\\/shop.bantam.ch\\\/de\\\/produkt\\\/vordach-outwell-touring-shelter\\\/#breadcrumb\"},\"inLanguage\":\"de\",\"potentialAction\":[{\"@type\":\"ReadAction\",\"target\":[\"https:\\\/\\\/shop.bantam.ch\\\/de\\\/produkt\\\/vordach-outwell-touring-shelter\\\/\"]}]},{\"@type\":\"ImageObject\",\"inLanguage\":\"de\",\"@id\":\"https:\\\/\\\/shop.bantam.ch\\\/de\\\/produkt\\\/vordach-outwell-touring-shelter\\\/#primaryimage\",\"url\":\"https:\\\/\\\/shop.bantam.ch\\\/wp-content\\\/uploads\\\/2025\\\/03\\\/Movera-L-9971465100.jpg\",\"contentUrl\":\"https:\\\/\\\/shop.bantam.ch\\\/wp-content\\\/uploads\\\/2025\\\/03\\\/Movera-L-9971465100.jpg\",\"width\":640,\"height\":360},{\"@type\":\"BreadcrumbList\",\"@id\":\"https:\\\/\\\/shop.bantam.ch\\\/de\\\/produkt\\\/vordach-outwell-touring-shelter\\\/#breadcrumb\",\"itemListElement\":[{\"@type\":\"ListItem\",\"position\":1,\"name\":\"Accueil\",\"item\":\"https:\\\/\\\/shop.bantam.ch\\\/de\\\/\"},{\"@type\":\"ListItem\",\"position\":2,\"name\":\"Shop\",\"item\":\"https:\\\/\\\/shop.bantam.ch\\\/de\\\/shop\\\/\"},{\"@type\":\"ListItem\",\"position\":3,\"name\":\"Vordach Outwell Touring Shelter\"}]},{\"@type\":\"WebSite\",\"@id\":\"https:\\\/\\\/shop.bantam.ch\\\/de\\\/#website\",\"url\":\"https:\\\/\\\/shop.bantam.ch\\\/de\\\/\",\"name\":\"Bantam Camping AG\",\"description\":\"\",\"publisher\":{\"@id\":\"https:\\\/\\\/shop.bantam.ch\\\/de\\\/#organization\"},\"inLanguage\":\"de\"},{\"@type\":\"Organization\",\"@id\":\"https:\\\/\\\/shop.bantam.ch\\\/de\\\/#organization\",\"name\":\"Bantam Camping AG\",\"url\":\"https:\\\/\\\/shop.bantam.ch\\\/de\\\/\",\"logo\":{\"@type\":\"ImageObject\",\"inLanguage\":\"de\",\"@id\":\"https:\\\/\\\/shop.bantam.ch\\\/de\\\/#\\\/schema\\\/logo\\\/image\\\/\",\"url\":\"https:\\\/\\\/shop.bantam.ch\\\/wp-content\\\/uploads\\\/2022\\\/12\\\/bantam-logo.png\",\"contentUrl\":\"https:\\\/\\\/shop.bantam.ch\\\/wp-content\\\/uploads\\\/2022\\\/12\\\/bantam-logo.png\",\"width\":320,\"height\":71,\"caption\":\"Bantam Camping AG\"},\"image\":{\"@id\":\"https:\\\/\\\/shop.bantam.ch\\\/de\\\/#\\\/schema\\\/logo\\\/image\\\/\"}}]}<\/script>\n<!-- \/ Yoast SEO plugin. -->","yoast_head_json":{"title":"Vordach Outwell Touring Shelter - Bantam Camping AG","robots":{"index":"index","follow":"follow","max-snippet":"max-snippet:-1","max-image-preview":"max-image-preview:large","max-video-preview":"max-video-preview:-1"},"canonical":"https:\/\/shop.bantam.ch\/de\/produkt\/vordach-outwell-touring-shelter\/","og_locale":"de_DE","og_type":"article","og_title":"Vordach Outwell Touring Shelter - Bantam Camping AG","og_description":"Sie werden den flexiblen Schutz vor den Elementen lieben, den der Outwell Touring Shelter f\u00fcr das Leben im Freien bietet. Leicht und mit kleinem Packma\u00df, passt es f\u00fcr Vans mit der H\u00f6he von 175 bis 200 cm und bietet einen bequemen Wohnraum auf Tour oder als Basis f\u00fcr Outdoor-Abenteuer. Der nach vorne geneigte Schnitt maximiert [&hellip;]","og_url":"https:\/\/shop.bantam.ch\/de\/produkt\/vordach-outwell-touring-shelter\/","og_site_name":"Bantam Camping AG","article_modified_time":"2026-04-17T21:29:13+00:00","twitter_card":"summary_large_image","twitter_misc":{"Gesch\u00e4tzte Lesezeit":"2\u00a0Minuten"},"schema":{"@context":"https:\/\/schema.org","@graph":[{"@type":"WebPage","@id":"https:\/\/shop.bantam.ch\/de\/produkt\/vordach-outwell-touring-shelter\/","url":"https:\/\/shop.bantam.ch\/de\/produkt\/vordach-outwell-touring-shelter\/","name":"Vordach Outwell Touring Shelter - Bantam Camping AG","isPartOf":{"@id":"https:\/\/shop.bantam.ch\/de\/#website"},"primaryImageOfPage":{"@id":"https:\/\/shop.bantam.ch\/de\/produkt\/vordach-outwell-touring-shelter\/#primaryimage"},"image":{"@id":"https:\/\/shop.bantam.ch\/de\/produkt\/vordach-outwell-touring-shelter\/#primaryimage"},"thumbnailUrl":"https:\/\/shop.bantam.ch\/wp-content\/uploads\/2025\/03\/Movera-L-9971465100.jpg","datePublished":"2025-03-14T15:38:47+00:00","dateModified":"2026-04-17T21:29:13+00:00","breadcrumb":{"@id":"https:\/\/shop.bantam.ch\/de\/produkt\/vordach-outwell-touring-shelter\/#breadcrumb"},"inLanguage":"de","potentialAction":[{"@type":"ReadAction","target":["https:\/\/shop.bantam.ch\/de\/produkt\/vordach-outwell-touring-shelter\/"]}]},{"@type":"ImageObject","inLanguage":"de","@id":"https:\/\/shop.bantam.ch\/de\/produkt\/vordach-outwell-touring-shelter\/#primaryimage","url":"https:\/\/shop.bantam.ch\/wp-content\/uploads\/2025\/03\/Movera-L-9971465100.jpg","contentUrl":"https:\/\/shop.bantam.ch\/wp-content\/uploads\/2025\/03\/Movera-L-9971465100.jpg","width":640,"height":360},{"@type":"BreadcrumbList","@id":"https:\/\/shop.bantam.ch\/de\/produkt\/vordach-outwell-touring-shelter\/#breadcrumb","itemListElement":[{"@type":"ListItem","position":1,"name":"Accueil","item":"https:\/\/shop.bantam.ch\/de\/"},{"@type":"ListItem","position":2,"name":"Shop","item":"https:\/\/shop.bantam.ch\/de\/shop\/"},{"@type":"ListItem","position":3,"name":"Vordach Outwell Touring Shelter"}]},{"@type":"WebSite","@id":"https:\/\/shop.bantam.ch\/de\/#website","url":"https:\/\/shop.bantam.ch\/de\/","name":"Bantam Camping AG","description":"","publisher":{"@id":"https:\/\/shop.bantam.ch\/de\/#organization"},"inLanguage":"de"},{"@type":"Organization","@id":"https:\/\/shop.bantam.ch\/de\/#organization","name":"Bantam Camping AG","url":"https:\/\/shop.bantam.ch\/de\/","logo":{"@type":"ImageObject","inLanguage":"de","@id":"https:\/\/shop.bantam.ch\/de\/#\/schema\/logo\/image\/","url":"https:\/\/shop.bantam.ch\/wp-content\/uploads\/2022\/12\/bantam-logo.png","contentUrl":"https:\/\/shop.bantam.ch\/wp-content\/uploads\/2022\/12\/bantam-logo.png","width":320,"height":71,"caption":"Bantam Camping AG"},"image":{"@id":"https:\/\/shop.bantam.ch\/de\/#\/schema\/logo\/image\/"}}]}},"_links":{"self":[{"href":"https:\/\/shop.bantam.ch\/de\/wp-json\/wp\/v2\/product\/215575","targetHints":{"allow":["GET"]}}],"collection":[{"href":"https:\/\/shop.bantam.ch\/de\/wp-json\/wp\/v2\/product"}],"about":[{"href":"https:\/\/shop.bantam.ch\/de\/wp-json\/wp\/v2\/types\/product"}],"wp:featuredmedia":[{"embeddable":true,"href":"https:\/\/shop.bantam.ch\/de\/wp-json\/wp\/v2\/media\/215565"}],"wp:attachment":[{"href":"https:\/\/shop.bantam.ch\/de\/wp-json\/wp\/v2\/media?parent=215575"}],"wp:term":[{"taxonomy":"product_featured_cat","embeddable":true,"href":"https:\/\/shop.bantam.ch\/de\/wp-json\/wp\/v2\/product_featured_cat?post=215575"},{"taxonomy":"product_brand","embeddable":true,"href":"https:\/\/shop.bantam.ch\/de\/wp-json\/wp\/v2\/product_brand?post=215575"},{"taxonomy":"product_cat","embeddable":true,"href":"https:\/\/shop.bantam.ch\/de\/wp-json\/wp\/v2\/product_cat?post=215575"},{"taxonomy":"product_tag","embeddable":true,"href":"https:\/\/shop.bantam.ch\/de\/wp-json\/wp\/v2\/product_tag?post=215575"}],"curies":[{"name":"wp","href":"https:\/\/api.w.org\/{rel}","templated":true}]}}