{"id":215483,"date":"2025-03-14T16:36:43","date_gmt":"2025-03-14T15:36:43","guid":{"rendered":"https:\/\/shop.bantam.ch\/produit\/wing-airpass-by-autohome-fuer-dachzelt-airpass-variante-_bei-der-bestellung-bitte-immer-die-zeltgroesse-nennen_\/"},"modified":"2026-04-21T23:33:45","modified_gmt":"2026-04-21T21:33:45","slug":"wing-airpass-by-autohome-fuer-dachzelt-airpass-variante-_bei-der-bestellung-bitte-immer-die-zeltgroesse-nennen_","status":"publish","type":"product","link":"https:\/\/shop.bantam.ch\/de\/produkt\/wing-airpass-by-autohome-fuer-dachzelt-airpass-variante-_bei-der-bestellung-bitte-immer-die-zeltgroesse-nennen_\/","title":{"rendered":"Wing AirPass by AUTOHOME f\u00fcr Dachzelt Airpass Variante _bei der Bestellung bitte immer die Zeltgr\u00f6\u00dfe nennen_"},"content":{"rendered":"<p>Schutz an den Eing\u00e4ngen F\u00fcr eine zus\u00e4tzliche Unterschlupfm\u00f6glichkeit bei Regen. Sie sind einfach und schnell zu montieren. Die Wings bestehen aus Nylon und das Gest\u00e4nge ist aus Aluminium gefertigt. Kann sehr platzsparend transportiert werden.<br \/>\nMaterial:&nbsp;<\/p>\n<p>100 % Nylon<\/p>\n<p>Gest\u00e4nge: 100 % Aluminium<\/p>\n<p>&nbsp;<\/p>\n<p>verschiedene Gr\u00f6\u00dfen:&nbsp;<\/p>\n<p>Small<\/p>\n<p>Medium<\/p>\n<p>Large<\/p>\n<p>Small XL<\/p>\n<p>Medium XL<\/p>\n<p>&nbsp;<\/p>\n","protected":false},"excerpt":{"rendered":"<p>Schutz an den Eing\u00e4ngen F\u00fcr eine zus\u00e4tzliche Unterschlupfm\u00f6glichkeit bei Regen. Sie sind einfach und schnell zu montieren. Die Wings bestehen aus Nylon und das Gest\u00e4nge ist aus Aluminium gefertigt. Kann sehr platzsparend transportiert werden. Material:&nbsp; 100 % Nylon Gest\u00e4nge: 100 % Aluminium &nbsp; verschiedene Gr\u00f6\u00dfen:&nbsp; Small Medium Large Small XL Medium XL &nbsp;<\/p>\n","protected":false},"featured_media":215475,"template":"","meta":{"_acf_changed":false},"product_featured_cat":[],"product_brand":[],"product_cat":[4244],"product_tag":[],"class_list":{"0":"post-215483","1":"product","2":"type-product","3":"status-publish","4":"has-post-thumbnail","6":"product_cat-dachzelte","8":"first","9":"instock","10":"taxable","11":"shipping-taxable","12":"purchasable","13":"product-type-simple"},"acf":[],"yoast_head":"<!-- This site is optimized with the Yoast SEO plugin v27.4 - https:\/\/yoast.com\/product\/yoast-seo-wordpress\/ -->\n<title>Wing AirPass by AUTOHOME f\u00fcr Dachzelt Airpass Variante _bei der Bestellung bitte immer die Zeltgr\u00f6\u00dfe nennen_ - Bantam Camping AG<\/title>\n<meta name=\"robots\" content=\"index, follow, max-snippet:-1, max-image-preview:large, max-video-preview:-1\" \/>\n<link rel=\"canonical\" href=\"https:\/\/shop.bantam.ch\/de\/produkt\/wing-airpass-by-autohome-fuer-dachzelt-airpass-variante-_bei-der-bestellung-bitte-immer-die-zeltgroesse-nennen_\/\" \/>\n<meta property=\"og:locale\" content=\"de_DE\" \/>\n<meta property=\"og:type\" content=\"article\" \/>\n<meta property=\"og:title\" content=\"Wing AirPass by AUTOHOME f\u00fcr Dachzelt Airpass Variante _bei der Bestellung bitte immer die Zeltgr\u00f6\u00dfe nennen_ - Bantam Camping AG\" \/>\n<meta property=\"og:description\" content=\"Schutz an den Eing\u00e4ngen F\u00fcr eine zus\u00e4tzliche Unterschlupfm\u00f6glichkeit bei Regen. Sie sind einfach und schnell zu montieren. Die Wings bestehen aus Nylon und das Gest\u00e4nge ist aus Aluminium gefertigt. Kann sehr platzsparend transportiert werden. Material:&nbsp; 100 % Nylon Gest\u00e4nge: 100 % Aluminium &nbsp; verschiedene Gr\u00f6\u00dfen:&nbsp; Small Medium Large Small XL Medium XL &nbsp;\" \/>\n<meta property=\"og:url\" content=\"https:\/\/shop.bantam.ch\/de\/produkt\/wing-airpass-by-autohome-fuer-dachzelt-airpass-variante-_bei-der-bestellung-bitte-immer-die-zeltgroesse-nennen_\/\" \/>\n<meta property=\"og:site_name\" content=\"Bantam Camping AG\" \/>\n<meta property=\"article:modified_time\" content=\"2026-04-21T21:33:45+00:00\" \/>\n<meta name=\"twitter:card\" content=\"summary_large_image\" \/>\n<script type=\"application\/ld+json\" class=\"yoast-schema-graph\">{\"@context\":\"https:\\\/\\\/schema.org\",\"@graph\":[{\"@type\":\"WebPage\",\"@id\":\"https:\\\/\\\/shop.bantam.ch\\\/de\\\/produkt\\\/wing-airpass-by-autohome-fuer-dachzelt-airpass-variante-_bei-der-bestellung-bitte-immer-die-zeltgroesse-nennen_\\\/\",\"url\":\"https:\\\/\\\/shop.bantam.ch\\\/de\\\/produkt\\\/wing-airpass-by-autohome-fuer-dachzelt-airpass-variante-_bei-der-bestellung-bitte-immer-die-zeltgroesse-nennen_\\\/\",\"name\":\"Wing AirPass by AUTOHOME f\u00fcr Dachzelt Airpass Variante _bei der Bestellung bitte immer die Zeltgr\u00f6\u00dfe nennen_ - Bantam Camping AG\",\"isPartOf\":{\"@id\":\"https:\\\/\\\/shop.bantam.ch\\\/de\\\/#website\"},\"primaryImageOfPage\":{\"@id\":\"https:\\\/\\\/shop.bantam.ch\\\/de\\\/produkt\\\/wing-airpass-by-autohome-fuer-dachzelt-airpass-variante-_bei-der-bestellung-bitte-immer-die-zeltgroesse-nennen_\\\/#primaryimage\"},\"image\":{\"@id\":\"https:\\\/\\\/shop.bantam.ch\\\/de\\\/produkt\\\/wing-airpass-by-autohome-fuer-dachzelt-airpass-variante-_bei-der-bestellung-bitte-immer-die-zeltgroesse-nennen_\\\/#primaryimage\"},\"thumbnailUrl\":\"https:\\\/\\\/shop.bantam.ch\\\/wp-content\\\/uploads\\\/2025\\\/03\\\/Movera-L-9971451100.jpg\",\"datePublished\":\"2025-03-14T15:36:43+00:00\",\"dateModified\":\"2026-04-21T21:33:45+00:00\",\"breadcrumb\":{\"@id\":\"https:\\\/\\\/shop.bantam.ch\\\/de\\\/produkt\\\/wing-airpass-by-autohome-fuer-dachzelt-airpass-variante-_bei-der-bestellung-bitte-immer-die-zeltgroesse-nennen_\\\/#breadcrumb\"},\"inLanguage\":\"de\",\"potentialAction\":[{\"@type\":\"ReadAction\",\"target\":[\"https:\\\/\\\/shop.bantam.ch\\\/de\\\/produkt\\\/wing-airpass-by-autohome-fuer-dachzelt-airpass-variante-_bei-der-bestellung-bitte-immer-die-zeltgroesse-nennen_\\\/\"]}]},{\"@type\":\"ImageObject\",\"inLanguage\":\"de\",\"@id\":\"https:\\\/\\\/shop.bantam.ch\\\/de\\\/produkt\\\/wing-airpass-by-autohome-fuer-dachzelt-airpass-variante-_bei-der-bestellung-bitte-immer-die-zeltgroesse-nennen_\\\/#primaryimage\",\"url\":\"https:\\\/\\\/shop.bantam.ch\\\/wp-content\\\/uploads\\\/2025\\\/03\\\/Movera-L-9971451100.jpg\",\"contentUrl\":\"https:\\\/\\\/shop.bantam.ch\\\/wp-content\\\/uploads\\\/2025\\\/03\\\/Movera-L-9971451100.jpg\",\"width\":640,\"height\":427},{\"@type\":\"BreadcrumbList\",\"@id\":\"https:\\\/\\\/shop.bantam.ch\\\/de\\\/produkt\\\/wing-airpass-by-autohome-fuer-dachzelt-airpass-variante-_bei-der-bestellung-bitte-immer-die-zeltgroesse-nennen_\\\/#breadcrumb\",\"itemListElement\":[{\"@type\":\"ListItem\",\"position\":1,\"name\":\"Accueil\",\"item\":\"https:\\\/\\\/shop.bantam.ch\\\/de\\\/\"},{\"@type\":\"ListItem\",\"position\":2,\"name\":\"Shop\",\"item\":\"https:\\\/\\\/shop.bantam.ch\\\/de\\\/shop\\\/\"},{\"@type\":\"ListItem\",\"position\":3,\"name\":\"Wing AirPass by AUTOHOME f\u00fcr Dachzelt Airpass Variante _bei der Bestellung bitte immer die Zeltgr\u00f6\u00dfe nennen_\"}]},{\"@type\":\"WebSite\",\"@id\":\"https:\\\/\\\/shop.bantam.ch\\\/de\\\/#website\",\"url\":\"https:\\\/\\\/shop.bantam.ch\\\/de\\\/\",\"name\":\"Bantam Camping AG\",\"description\":\"\",\"publisher\":{\"@id\":\"https:\\\/\\\/shop.bantam.ch\\\/de\\\/#organization\"},\"inLanguage\":\"de\"},{\"@type\":\"Organization\",\"@id\":\"https:\\\/\\\/shop.bantam.ch\\\/de\\\/#organization\",\"name\":\"Bantam Camping AG\",\"url\":\"https:\\\/\\\/shop.bantam.ch\\\/de\\\/\",\"logo\":{\"@type\":\"ImageObject\",\"inLanguage\":\"de\",\"@id\":\"https:\\\/\\\/shop.bantam.ch\\\/de\\\/#\\\/schema\\\/logo\\\/image\\\/\",\"url\":\"https:\\\/\\\/shop.bantam.ch\\\/wp-content\\\/uploads\\\/2022\\\/12\\\/bantam-logo.png\",\"contentUrl\":\"https:\\\/\\\/shop.bantam.ch\\\/wp-content\\\/uploads\\\/2022\\\/12\\\/bantam-logo.png\",\"width\":320,\"height\":71,\"caption\":\"Bantam Camping AG\"},\"image\":{\"@id\":\"https:\\\/\\\/shop.bantam.ch\\\/de\\\/#\\\/schema\\\/logo\\\/image\\\/\"}}]}<\/script>\n<!-- \/ Yoast SEO plugin. -->","yoast_head_json":{"title":"Wing AirPass by AUTOHOME f\u00fcr Dachzelt Airpass Variante _bei der Bestellung bitte immer die Zeltgr\u00f6\u00dfe nennen_ - Bantam Camping AG","robots":{"index":"index","follow":"follow","max-snippet":"max-snippet:-1","max-image-preview":"max-image-preview:large","max-video-preview":"max-video-preview:-1"},"canonical":"https:\/\/shop.bantam.ch\/de\/produkt\/wing-airpass-by-autohome-fuer-dachzelt-airpass-variante-_bei-der-bestellung-bitte-immer-die-zeltgroesse-nennen_\/","og_locale":"de_DE","og_type":"article","og_title":"Wing AirPass by AUTOHOME f\u00fcr Dachzelt Airpass Variante _bei der Bestellung bitte immer die Zeltgr\u00f6\u00dfe nennen_ - Bantam Camping AG","og_description":"Schutz an den Eing\u00e4ngen F\u00fcr eine zus\u00e4tzliche Unterschlupfm\u00f6glichkeit bei Regen. Sie sind einfach und schnell zu montieren. Die Wings bestehen aus Nylon und das Gest\u00e4nge ist aus Aluminium gefertigt. Kann sehr platzsparend transportiert werden. Material:&nbsp; 100 % Nylon Gest\u00e4nge: 100 % Aluminium &nbsp; verschiedene Gr\u00f6\u00dfen:&nbsp; Small Medium Large Small XL Medium XL &nbsp;","og_url":"https:\/\/shop.bantam.ch\/de\/produkt\/wing-airpass-by-autohome-fuer-dachzelt-airpass-variante-_bei-der-bestellung-bitte-immer-die-zeltgroesse-nennen_\/","og_site_name":"Bantam Camping AG","article_modified_time":"2026-04-21T21:33:45+00:00","twitter_card":"summary_large_image","schema":{"@context":"https:\/\/schema.org","@graph":[{"@type":"WebPage","@id":"https:\/\/shop.bantam.ch\/de\/produkt\/wing-airpass-by-autohome-fuer-dachzelt-airpass-variante-_bei-der-bestellung-bitte-immer-die-zeltgroesse-nennen_\/","url":"https:\/\/shop.bantam.ch\/de\/produkt\/wing-airpass-by-autohome-fuer-dachzelt-airpass-variante-_bei-der-bestellung-bitte-immer-die-zeltgroesse-nennen_\/","name":"Wing AirPass by AUTOHOME f\u00fcr Dachzelt Airpass Variante _bei der Bestellung bitte immer die Zeltgr\u00f6\u00dfe nennen_ - Bantam Camping AG","isPartOf":{"@id":"https:\/\/shop.bantam.ch\/de\/#website"},"primaryImageOfPage":{"@id":"https:\/\/shop.bantam.ch\/de\/produkt\/wing-airpass-by-autohome-fuer-dachzelt-airpass-variante-_bei-der-bestellung-bitte-immer-die-zeltgroesse-nennen_\/#primaryimage"},"image":{"@id":"https:\/\/shop.bantam.ch\/de\/produkt\/wing-airpass-by-autohome-fuer-dachzelt-airpass-variante-_bei-der-bestellung-bitte-immer-die-zeltgroesse-nennen_\/#primaryimage"},"thumbnailUrl":"https:\/\/shop.bantam.ch\/wp-content\/uploads\/2025\/03\/Movera-L-9971451100.jpg","datePublished":"2025-03-14T15:36:43+00:00","dateModified":"2026-04-21T21:33:45+00:00","breadcrumb":{"@id":"https:\/\/shop.bantam.ch\/de\/produkt\/wing-airpass-by-autohome-fuer-dachzelt-airpass-variante-_bei-der-bestellung-bitte-immer-die-zeltgroesse-nennen_\/#breadcrumb"},"inLanguage":"de","potentialAction":[{"@type":"ReadAction","target":["https:\/\/shop.bantam.ch\/de\/produkt\/wing-airpass-by-autohome-fuer-dachzelt-airpass-variante-_bei-der-bestellung-bitte-immer-die-zeltgroesse-nennen_\/"]}]},{"@type":"ImageObject","inLanguage":"de","@id":"https:\/\/shop.bantam.ch\/de\/produkt\/wing-airpass-by-autohome-fuer-dachzelt-airpass-variante-_bei-der-bestellung-bitte-immer-die-zeltgroesse-nennen_\/#primaryimage","url":"https:\/\/shop.bantam.ch\/wp-content\/uploads\/2025\/03\/Movera-L-9971451100.jpg","contentUrl":"https:\/\/shop.bantam.ch\/wp-content\/uploads\/2025\/03\/Movera-L-9971451100.jpg","width":640,"height":427},{"@type":"BreadcrumbList","@id":"https:\/\/shop.bantam.ch\/de\/produkt\/wing-airpass-by-autohome-fuer-dachzelt-airpass-variante-_bei-der-bestellung-bitte-immer-die-zeltgroesse-nennen_\/#breadcrumb","itemListElement":[{"@type":"ListItem","position":1,"name":"Accueil","item":"https:\/\/shop.bantam.ch\/de\/"},{"@type":"ListItem","position":2,"name":"Shop","item":"https:\/\/shop.bantam.ch\/de\/shop\/"},{"@type":"ListItem","position":3,"name":"Wing AirPass by AUTOHOME f\u00fcr Dachzelt Airpass Variante _bei der Bestellung bitte immer die Zeltgr\u00f6\u00dfe nennen_"}]},{"@type":"WebSite","@id":"https:\/\/shop.bantam.ch\/de\/#website","url":"https:\/\/shop.bantam.ch\/de\/","name":"Bantam Camping AG","description":"","publisher":{"@id":"https:\/\/shop.bantam.ch\/de\/#organization"},"inLanguage":"de"},{"@type":"Organization","@id":"https:\/\/shop.bantam.ch\/de\/#organization","name":"Bantam Camping AG","url":"https:\/\/shop.bantam.ch\/de\/","logo":{"@type":"ImageObject","inLanguage":"de","@id":"https:\/\/shop.bantam.ch\/de\/#\/schema\/logo\/image\/","url":"https:\/\/shop.bantam.ch\/wp-content\/uploads\/2022\/12\/bantam-logo.png","contentUrl":"https:\/\/shop.bantam.ch\/wp-content\/uploads\/2022\/12\/bantam-logo.png","width":320,"height":71,"caption":"Bantam Camping AG"},"image":{"@id":"https:\/\/shop.bantam.ch\/de\/#\/schema\/logo\/image\/"}}]}},"_links":{"self":[{"href":"https:\/\/shop.bantam.ch\/de\/wp-json\/wp\/v2\/product\/215483","targetHints":{"allow":["GET"]}}],"collection":[{"href":"https:\/\/shop.bantam.ch\/de\/wp-json\/wp\/v2\/product"}],"about":[{"href":"https:\/\/shop.bantam.ch\/de\/wp-json\/wp\/v2\/types\/product"}],"wp:featuredmedia":[{"embeddable":true,"href":"https:\/\/shop.bantam.ch\/de\/wp-json\/wp\/v2\/media\/215475"}],"wp:attachment":[{"href":"https:\/\/shop.bantam.ch\/de\/wp-json\/wp\/v2\/media?parent=215483"}],"wp:term":[{"taxonomy":"product_featured_cat","embeddable":true,"href":"https:\/\/shop.bantam.ch\/de\/wp-json\/wp\/v2\/product_featured_cat?post=215483"},{"taxonomy":"product_brand","embeddable":true,"href":"https:\/\/shop.bantam.ch\/de\/wp-json\/wp\/v2\/product_brand?post=215483"},{"taxonomy":"product_cat","embeddable":true,"href":"https:\/\/shop.bantam.ch\/de\/wp-json\/wp\/v2\/product_cat?post=215483"},{"taxonomy":"product_tag","embeddable":true,"href":"https:\/\/shop.bantam.ch\/de\/wp-json\/wp\/v2\/product_tag?post=215483"}],"curies":[{"name":"wp","href":"https:\/\/api.w.org\/{rel}","templated":true}]}}