{"id":215447,"date":"2025-03-14T16:35:46","date_gmt":"2025-03-14T15:35:46","guid":{"rendered":"https:\/\/shop.bantam.ch\/produit\/entkalker-inhalt-250-ml\/"},"modified":"2026-04-20T23:29:44","modified_gmt":"2026-04-20T21:29:44","slug":"entkalker-inhalt-250-ml","status":"publish","type":"product","link":"https:\/\/shop.bantam.ch\/de\/produkt\/entkalker-inhalt-250-ml\/","title":{"rendered":"Entkalker Inhalt 250 ml"},"content":{"rendered":"<p>Entkalker f\u00fcr Frischwassertanks, Pflanzlich, kraftvoll und wirksam gegen Kalk. Der Solbio-Entkalker auf Basis von Apfels\u00e4ure und Zitronens\u00e4ure entfernt m\u00fchelos Kalkablagerungen in Ihrem Frischwassertank. Ohne sch\u00e4dliche Chemikalien wie Chlor oder Silber reinigt er Ihren Tank auf nat\u00fcrliche Weise. So bleibt Ihr Wassersystem langfristig sauber und frisch. Genie\u00dfen Sie reines, unbedenkliches Wasser bei jeder Verwendung.<\/p>\n","protected":false},"excerpt":{"rendered":"<p>Entkalker f\u00fcr Frischwassertanks, Pflanzlich, kraftvoll und wirksam gegen Kalk. Der Solbio-Entkalker auf Basis von Apfels\u00e4ure und Zitronens\u00e4ure entfernt m\u00fchelos Kalkablagerungen in Ihrem Frischwassertank. Ohne sch\u00e4dliche Chemikalien wie Chlor oder Silber reinigt er Ihren Tank auf nat\u00fcrliche Weise. So bleibt Ihr Wassersystem langfristig sauber und frisch. Genie\u00dfen Sie reines, unbedenkliches Wasser bei jeder Verwendung.<\/p>\n","protected":false},"featured_media":215445,"template":"","meta":{"_acf_changed":false},"product_featured_cat":[],"product_brand":[],"product_cat":[5092],"product_tag":[],"class_list":{"0":"post-215447","1":"product","2":"type-product","3":"status-publish","4":"has-post-thumbnail","6":"product_cat-reinigung-spezialreiniger","8":"first","9":"instock","10":"taxable","11":"shipping-taxable","12":"purchasable","13":"product-type-simple"},"acf":[],"yoast_head":"<!-- This site is optimized with the Yoast SEO plugin v27.4 - https:\/\/yoast.com\/product\/yoast-seo-wordpress\/ -->\n<title>Entkalker Inhalt 250 ml - Bantam Camping AG<\/title>\n<meta name=\"robots\" content=\"index, follow, max-snippet:-1, max-image-preview:large, max-video-preview:-1\" \/>\n<link rel=\"canonical\" href=\"https:\/\/shop.bantam.ch\/de\/produkt\/entkalker-inhalt-250-ml\/\" \/>\n<meta property=\"og:locale\" content=\"de_DE\" \/>\n<meta property=\"og:type\" content=\"article\" \/>\n<meta property=\"og:title\" content=\"Entkalker Inhalt 250 ml - Bantam Camping AG\" \/>\n<meta property=\"og:description\" content=\"Entkalker f\u00fcr Frischwassertanks, Pflanzlich, kraftvoll und wirksam gegen Kalk. Der Solbio-Entkalker auf Basis von Apfels\u00e4ure und Zitronens\u00e4ure entfernt m\u00fchelos Kalkablagerungen in Ihrem Frischwassertank. Ohne sch\u00e4dliche Chemikalien wie Chlor oder Silber reinigt er Ihren Tank auf nat\u00fcrliche Weise. So bleibt Ihr Wassersystem langfristig sauber und frisch. Genie\u00dfen Sie reines, unbedenkliches Wasser bei jeder Verwendung.\" \/>\n<meta property=\"og:url\" content=\"https:\/\/shop.bantam.ch\/de\/produkt\/entkalker-inhalt-250-ml\/\" \/>\n<meta property=\"og:site_name\" content=\"Bantam Camping AG\" \/>\n<meta property=\"article:modified_time\" content=\"2026-04-20T21:29:44+00:00\" \/>\n<meta name=\"twitter:card\" content=\"summary_large_image\" \/>\n<script type=\"application\/ld+json\" class=\"yoast-schema-graph\">{\"@context\":\"https:\\\/\\\/schema.org\",\"@graph\":[{\"@type\":\"WebPage\",\"@id\":\"https:\\\/\\\/shop.bantam.ch\\\/de\\\/produkt\\\/entkalker-inhalt-250-ml\\\/\",\"url\":\"https:\\\/\\\/shop.bantam.ch\\\/de\\\/produkt\\\/entkalker-inhalt-250-ml\\\/\",\"name\":\"Entkalker Inhalt 250 ml - Bantam Camping AG\",\"isPartOf\":{\"@id\":\"https:\\\/\\\/shop.bantam.ch\\\/de\\\/#website\"},\"primaryImageOfPage\":{\"@id\":\"https:\\\/\\\/shop.bantam.ch\\\/de\\\/produkt\\\/entkalker-inhalt-250-ml\\\/#primaryimage\"},\"image\":{\"@id\":\"https:\\\/\\\/shop.bantam.ch\\\/de\\\/produkt\\\/entkalker-inhalt-250-ml\\\/#primaryimage\"},\"thumbnailUrl\":\"https:\\\/\\\/shop.bantam.ch\\\/wp-content\\\/uploads\\\/2025\\\/03\\\/Movera-L-9966305100.jpg\",\"datePublished\":\"2025-03-14T15:35:46+00:00\",\"dateModified\":\"2026-04-20T21:29:44+00:00\",\"breadcrumb\":{\"@id\":\"https:\\\/\\\/shop.bantam.ch\\\/de\\\/produkt\\\/entkalker-inhalt-250-ml\\\/#breadcrumb\"},\"inLanguage\":\"de\",\"potentialAction\":[{\"@type\":\"ReadAction\",\"target\":[\"https:\\\/\\\/shop.bantam.ch\\\/de\\\/produkt\\\/entkalker-inhalt-250-ml\\\/\"]}]},{\"@type\":\"ImageObject\",\"inLanguage\":\"de\",\"@id\":\"https:\\\/\\\/shop.bantam.ch\\\/de\\\/produkt\\\/entkalker-inhalt-250-ml\\\/#primaryimage\",\"url\":\"https:\\\/\\\/shop.bantam.ch\\\/wp-content\\\/uploads\\\/2025\\\/03\\\/Movera-L-9966305100.jpg\",\"contentUrl\":\"https:\\\/\\\/shop.bantam.ch\\\/wp-content\\\/uploads\\\/2025\\\/03\\\/Movera-L-9966305100.jpg\",\"width\":640,\"height\":802},{\"@type\":\"BreadcrumbList\",\"@id\":\"https:\\\/\\\/shop.bantam.ch\\\/de\\\/produkt\\\/entkalker-inhalt-250-ml\\\/#breadcrumb\",\"itemListElement\":[{\"@type\":\"ListItem\",\"position\":1,\"name\":\"Accueil\",\"item\":\"https:\\\/\\\/shop.bantam.ch\\\/de\\\/\"},{\"@type\":\"ListItem\",\"position\":2,\"name\":\"Shop\",\"item\":\"https:\\\/\\\/shop.bantam.ch\\\/de\\\/shop\\\/\"},{\"@type\":\"ListItem\",\"position\":3,\"name\":\"Entkalker Inhalt 250 ml\"}]},{\"@type\":\"WebSite\",\"@id\":\"https:\\\/\\\/shop.bantam.ch\\\/de\\\/#website\",\"url\":\"https:\\\/\\\/shop.bantam.ch\\\/de\\\/\",\"name\":\"Bantam Camping AG\",\"description\":\"\",\"publisher\":{\"@id\":\"https:\\\/\\\/shop.bantam.ch\\\/de\\\/#organization\"},\"inLanguage\":\"de\"},{\"@type\":\"Organization\",\"@id\":\"https:\\\/\\\/shop.bantam.ch\\\/de\\\/#organization\",\"name\":\"Bantam Camping AG\",\"url\":\"https:\\\/\\\/shop.bantam.ch\\\/de\\\/\",\"logo\":{\"@type\":\"ImageObject\",\"inLanguage\":\"de\",\"@id\":\"https:\\\/\\\/shop.bantam.ch\\\/de\\\/#\\\/schema\\\/logo\\\/image\\\/\",\"url\":\"https:\\\/\\\/shop.bantam.ch\\\/wp-content\\\/uploads\\\/2022\\\/12\\\/bantam-logo.png\",\"contentUrl\":\"https:\\\/\\\/shop.bantam.ch\\\/wp-content\\\/uploads\\\/2022\\\/12\\\/bantam-logo.png\",\"width\":320,\"height\":71,\"caption\":\"Bantam Camping AG\"},\"image\":{\"@id\":\"https:\\\/\\\/shop.bantam.ch\\\/de\\\/#\\\/schema\\\/logo\\\/image\\\/\"}}]}<\/script>\n<!-- \/ Yoast SEO plugin. -->","yoast_head_json":{"title":"Entkalker Inhalt 250 ml - Bantam Camping AG","robots":{"index":"index","follow":"follow","max-snippet":"max-snippet:-1","max-image-preview":"max-image-preview:large","max-video-preview":"max-video-preview:-1"},"canonical":"https:\/\/shop.bantam.ch\/de\/produkt\/entkalker-inhalt-250-ml\/","og_locale":"de_DE","og_type":"article","og_title":"Entkalker Inhalt 250 ml - Bantam Camping AG","og_description":"Entkalker f\u00fcr Frischwassertanks, Pflanzlich, kraftvoll und wirksam gegen Kalk. Der Solbio-Entkalker auf Basis von Apfels\u00e4ure und Zitronens\u00e4ure entfernt m\u00fchelos Kalkablagerungen in Ihrem Frischwassertank. Ohne sch\u00e4dliche Chemikalien wie Chlor oder Silber reinigt er Ihren Tank auf nat\u00fcrliche Weise. So bleibt Ihr Wassersystem langfristig sauber und frisch. Genie\u00dfen Sie reines, unbedenkliches Wasser bei jeder Verwendung.","og_url":"https:\/\/shop.bantam.ch\/de\/produkt\/entkalker-inhalt-250-ml\/","og_site_name":"Bantam Camping AG","article_modified_time":"2026-04-20T21:29:44+00:00","twitter_card":"summary_large_image","schema":{"@context":"https:\/\/schema.org","@graph":[{"@type":"WebPage","@id":"https:\/\/shop.bantam.ch\/de\/produkt\/entkalker-inhalt-250-ml\/","url":"https:\/\/shop.bantam.ch\/de\/produkt\/entkalker-inhalt-250-ml\/","name":"Entkalker Inhalt 250 ml - Bantam Camping AG","isPartOf":{"@id":"https:\/\/shop.bantam.ch\/de\/#website"},"primaryImageOfPage":{"@id":"https:\/\/shop.bantam.ch\/de\/produkt\/entkalker-inhalt-250-ml\/#primaryimage"},"image":{"@id":"https:\/\/shop.bantam.ch\/de\/produkt\/entkalker-inhalt-250-ml\/#primaryimage"},"thumbnailUrl":"https:\/\/shop.bantam.ch\/wp-content\/uploads\/2025\/03\/Movera-L-9966305100.jpg","datePublished":"2025-03-14T15:35:46+00:00","dateModified":"2026-04-20T21:29:44+00:00","breadcrumb":{"@id":"https:\/\/shop.bantam.ch\/de\/produkt\/entkalker-inhalt-250-ml\/#breadcrumb"},"inLanguage":"de","potentialAction":[{"@type":"ReadAction","target":["https:\/\/shop.bantam.ch\/de\/produkt\/entkalker-inhalt-250-ml\/"]}]},{"@type":"ImageObject","inLanguage":"de","@id":"https:\/\/shop.bantam.ch\/de\/produkt\/entkalker-inhalt-250-ml\/#primaryimage","url":"https:\/\/shop.bantam.ch\/wp-content\/uploads\/2025\/03\/Movera-L-9966305100.jpg","contentUrl":"https:\/\/shop.bantam.ch\/wp-content\/uploads\/2025\/03\/Movera-L-9966305100.jpg","width":640,"height":802},{"@type":"BreadcrumbList","@id":"https:\/\/shop.bantam.ch\/de\/produkt\/entkalker-inhalt-250-ml\/#breadcrumb","itemListElement":[{"@type":"ListItem","position":1,"name":"Accueil","item":"https:\/\/shop.bantam.ch\/de\/"},{"@type":"ListItem","position":2,"name":"Shop","item":"https:\/\/shop.bantam.ch\/de\/shop\/"},{"@type":"ListItem","position":3,"name":"Entkalker Inhalt 250 ml"}]},{"@type":"WebSite","@id":"https:\/\/shop.bantam.ch\/de\/#website","url":"https:\/\/shop.bantam.ch\/de\/","name":"Bantam Camping AG","description":"","publisher":{"@id":"https:\/\/shop.bantam.ch\/de\/#organization"},"inLanguage":"de"},{"@type":"Organization","@id":"https:\/\/shop.bantam.ch\/de\/#organization","name":"Bantam Camping AG","url":"https:\/\/shop.bantam.ch\/de\/","logo":{"@type":"ImageObject","inLanguage":"de","@id":"https:\/\/shop.bantam.ch\/de\/#\/schema\/logo\/image\/","url":"https:\/\/shop.bantam.ch\/wp-content\/uploads\/2022\/12\/bantam-logo.png","contentUrl":"https:\/\/shop.bantam.ch\/wp-content\/uploads\/2022\/12\/bantam-logo.png","width":320,"height":71,"caption":"Bantam Camping AG"},"image":{"@id":"https:\/\/shop.bantam.ch\/de\/#\/schema\/logo\/image\/"}}]}},"_links":{"self":[{"href":"https:\/\/shop.bantam.ch\/de\/wp-json\/wp\/v2\/product\/215447","targetHints":{"allow":["GET"]}}],"collection":[{"href":"https:\/\/shop.bantam.ch\/de\/wp-json\/wp\/v2\/product"}],"about":[{"href":"https:\/\/shop.bantam.ch\/de\/wp-json\/wp\/v2\/types\/product"}],"wp:featuredmedia":[{"embeddable":true,"href":"https:\/\/shop.bantam.ch\/de\/wp-json\/wp\/v2\/media\/215445"}],"wp:attachment":[{"href":"https:\/\/shop.bantam.ch\/de\/wp-json\/wp\/v2\/media?parent=215447"}],"wp:term":[{"taxonomy":"product_featured_cat","embeddable":true,"href":"https:\/\/shop.bantam.ch\/de\/wp-json\/wp\/v2\/product_featured_cat?post=215447"},{"taxonomy":"product_brand","embeddable":true,"href":"https:\/\/shop.bantam.ch\/de\/wp-json\/wp\/v2\/product_brand?post=215447"},{"taxonomy":"product_cat","embeddable":true,"href":"https:\/\/shop.bantam.ch\/de\/wp-json\/wp\/v2\/product_cat?post=215447"},{"taxonomy":"product_tag","embeddable":true,"href":"https:\/\/shop.bantam.ch\/de\/wp-json\/wp\/v2\/product_tag?post=215447"}],"curies":[{"name":"wp","href":"https:\/\/api.w.org\/{rel}","templated":true}]}}