{"id":215350,"date":"2025-03-14T16:33:12","date_gmt":"2025-03-14T15:33:12","guid":{"rendered":"https:\/\/shop.bantam.ch\/produit\/absodry-raumentfeuchter-series-3-fuer-30m%c2%b2\/"},"modified":"2026-04-29T02:04:55","modified_gmt":"2026-04-29T00:04:55","slug":"absodry-raumentfeuchter-series-3-fuer-30m%c2%b2","status":"publish","type":"product","link":"https:\/\/shop.bantam.ch\/de\/produkt\/absodry-raumentfeuchter-series-3-fuer-30m%c2%b2\/","title":{"rendered":"Absodry Raumentfeuchter Series 3 f\u00fcr 30m\u00b2"},"content":{"rendered":"<p>ABSODRY\u00ae DUO FAMILY ist ein eleganter Raumentfeuchter, der sich dank eines modernen Designs und dezenten, attraktiven Farben nahtlos in jeden Raum integriert. Er bietet eine L\u00f6sung f\u00fcr feuchte R\u00e4ume, Keller und Fahrzeuge und sorgt f\u00fcr ein optimales Klima. Schluss mit Schimmelbildung und unangenehmen Ger\u00fcchen \u2013 genie\u00dfen Sie frische Luft dank effektiver Entfeuchtung!&nbsp;<\/p>\n<p>Der Raumentfeuchter des schwedischen Herstellers Everbrand Sweden ist effizient, tragbar und benutzerfreundlich. Er verwendet feuchtigkeitsabsorbierende Granulatbeutel, um \u00fcbersch\u00fcssige Feuchtigkeit zu entfernen. Das in einem Vliesbeutel enthaltene Calciumchlorid entzieht der Luft Feuchtigkeit, die im Wassertank gesammelt wird und zwar ger\u00e4uschlos, ohne Strom und ohne Ger\u00fcche. Eine Ladung reicht je nach Feuchtigkeitsgehalt der Luft f\u00fcr 1-3 Monate. Die leeren Granulatbeutel k\u00f6nnen einfach \u00fcber den Hausm\u00fcll entsorgt werden.<\/p>\n<p>Das Geh\u00e4use besteht zu 96 % aus recyceltem Kunststoffgranulat und die Verpackung zu 88 % aus recyceltem Material.<\/p>\n<p>F\u00fcr 30 m\u00b3.<\/p>\n","protected":false},"excerpt":{"rendered":"<p>ABSODRY\u00ae DUO FAMILY ist ein eleganter Raumentfeuchter, der sich dank eines modernen Designs und dezenten, attraktiven Farben nahtlos in jeden Raum integriert. Er bietet eine L\u00f6sung f\u00fcr feuchte R\u00e4ume, Keller und Fahrzeuge und sorgt f\u00fcr ein optimales Klima. Schluss mit Schimmelbildung und unangenehmen Ger\u00fcchen \u2013 genie\u00dfen Sie frische Luft dank effektiver Entfeuchtung!&nbsp; Der Raumentfeuchter des [&hellip;]<\/p>\n","protected":false},"featured_media":215329,"template":"","meta":{"_acf_changed":false},"product_featured_cat":[],"product_brand":[],"product_cat":[4008],"product_tag":[],"class_list":{"0":"post-215350","1":"product","2":"type-product","3":"status-publish","4":"has-post-thumbnail","6":"product_cat-luftentfeuchter","8":"first","9":"instock","10":"taxable","11":"shipping-taxable","12":"purchasable","13":"product-type-variable"},"acf":[],"yoast_head":"<!-- This site is optimized with the Yoast SEO plugin v27.5 - https:\/\/yoast.com\/product\/yoast-seo-wordpress\/ -->\n<title>Absodry Raumentfeuchter Series 3 f\u00fcr 30m\u00b2 - Bantam<\/title>\n<meta name=\"robots\" content=\"index, follow, max-snippet:-1, max-image-preview:large, max-video-preview:-1\" \/>\n<link rel=\"canonical\" href=\"https:\/\/shop.bantam.ch\/de\/produkt\/absodry-raumentfeuchter-series-3-fuer-30m%c2%b2\/\" \/>\n<meta property=\"og:locale\" content=\"de_DE\" \/>\n<meta property=\"og:type\" content=\"article\" \/>\n<meta property=\"og:title\" content=\"Absodry Raumentfeuchter Series 3 f\u00fcr 30m\u00b2 - Bantam\" \/>\n<meta property=\"og:description\" content=\"ABSODRY\u00ae DUO FAMILY ist ein eleganter Raumentfeuchter, der sich dank eines modernen Designs und dezenten, attraktiven Farben nahtlos in jeden Raum integriert. Er bietet eine L\u00f6sung f\u00fcr feuchte R\u00e4ume, Keller und Fahrzeuge und sorgt f\u00fcr ein optimales Klima. Schluss mit Schimmelbildung und unangenehmen Ger\u00fcchen \u2013 genie\u00dfen Sie frische Luft dank effektiver Entfeuchtung!&nbsp; Der Raumentfeuchter des [&hellip;]\" \/>\n<meta property=\"og:url\" content=\"https:\/\/shop.bantam.ch\/de\/produkt\/absodry-raumentfeuchter-series-3-fuer-30m%c2%b2\/\" \/>\n<meta property=\"og:site_name\" content=\"Bantam\" \/>\n<meta property=\"article:modified_time\" content=\"2026-04-29T00:04:55+00:00\" \/>\n<meta name=\"twitter:card\" content=\"summary_large_image\" \/>\n<meta name=\"twitter:label1\" content=\"Gesch\u00e4tzte Lesezeit\" \/>\n\t<meta name=\"twitter:data1\" content=\"1\u00a0Minute\" \/>\n<script type=\"application\/ld+json\" class=\"yoast-schema-graph\">{\"@context\":\"https:\\\/\\\/schema.org\",\"@graph\":[{\"@type\":\"WebPage\",\"@id\":\"https:\\\/\\\/shop.bantam.ch\\\/de\\\/produkt\\\/absodry-raumentfeuchter-series-3-fuer-30m%c2%b2\\\/\",\"url\":\"https:\\\/\\\/shop.bantam.ch\\\/de\\\/produkt\\\/absodry-raumentfeuchter-series-3-fuer-30m%c2%b2\\\/\",\"name\":\"Absodry Raumentfeuchter Series 3 f\u00fcr 30m\u00b2 - Bantam\",\"isPartOf\":{\"@id\":\"https:\\\/\\\/shop.bantam.ch\\\/de\\\/#website\"},\"primaryImageOfPage\":{\"@id\":\"https:\\\/\\\/shop.bantam.ch\\\/de\\\/produkt\\\/absodry-raumentfeuchter-series-3-fuer-30m%c2%b2\\\/#primaryimage\"},\"image\":{\"@id\":\"https:\\\/\\\/shop.bantam.ch\\\/de\\\/produkt\\\/absodry-raumentfeuchter-series-3-fuer-30m%c2%b2\\\/#primaryimage\"},\"thumbnailUrl\":\"https:\\\/\\\/shop.bantam.ch\\\/wp-content\\\/uploads\\\/2025\\\/03\\\/Movera-L-9966283100.png\",\"datePublished\":\"2025-03-14T15:33:12+00:00\",\"dateModified\":\"2026-04-29T00:04:55+00:00\",\"breadcrumb\":{\"@id\":\"https:\\\/\\\/shop.bantam.ch\\\/de\\\/produkt\\\/absodry-raumentfeuchter-series-3-fuer-30m%c2%b2\\\/#breadcrumb\"},\"inLanguage\":\"de\",\"potentialAction\":[{\"@type\":\"ReadAction\",\"target\":[\"https:\\\/\\\/shop.bantam.ch\\\/de\\\/produkt\\\/absodry-raumentfeuchter-series-3-fuer-30m%c2%b2\\\/\"]}]},{\"@type\":\"ImageObject\",\"inLanguage\":\"de\",\"@id\":\"https:\\\/\\\/shop.bantam.ch\\\/de\\\/produkt\\\/absodry-raumentfeuchter-series-3-fuer-30m%c2%b2\\\/#primaryimage\",\"url\":\"https:\\\/\\\/shop.bantam.ch\\\/wp-content\\\/uploads\\\/2025\\\/03\\\/Movera-L-9966283100.png\",\"contentUrl\":\"https:\\\/\\\/shop.bantam.ch\\\/wp-content\\\/uploads\\\/2025\\\/03\\\/Movera-L-9966283100.png\",\"width\":640,\"height\":634},{\"@type\":\"BreadcrumbList\",\"@id\":\"https:\\\/\\\/shop.bantam.ch\\\/de\\\/produkt\\\/absodry-raumentfeuchter-series-3-fuer-30m%c2%b2\\\/#breadcrumb\",\"itemListElement\":[{\"@type\":\"ListItem\",\"position\":1,\"name\":\"Accueil\",\"item\":\"https:\\\/\\\/shop.bantam.ch\\\/de\\\/\"},{\"@type\":\"ListItem\",\"position\":2,\"name\":\"Shop\",\"item\":\"https:\\\/\\\/shop.bantam.ch\\\/de\\\/shop\\\/\"},{\"@type\":\"ListItem\",\"position\":3,\"name\":\"Absodry Raumentfeuchter Series 3 f\u00fcr 30m\u00b2\"}]},{\"@type\":\"WebSite\",\"@id\":\"https:\\\/\\\/shop.bantam.ch\\\/de\\\/#website\",\"url\":\"https:\\\/\\\/shop.bantam.ch\\\/de\\\/\",\"name\":\"Bantam\",\"description\":\"\",\"publisher\":{\"@id\":\"https:\\\/\\\/shop.bantam.ch\\\/de\\\/#organization\"},\"inLanguage\":\"de\"},{\"@type\":\"Organization\",\"@id\":\"https:\\\/\\\/shop.bantam.ch\\\/de\\\/#organization\",\"name\":\"Bantam\",\"url\":\"https:\\\/\\\/shop.bantam.ch\\\/de\\\/\",\"logo\":{\"@type\":\"ImageObject\",\"inLanguage\":\"de\",\"@id\":\"https:\\\/\\\/shop.bantam.ch\\\/de\\\/#\\\/schema\\\/logo\\\/image\\\/\",\"url\":\"https:\\\/\\\/shop.bantam.ch\\\/wp-content\\\/uploads\\\/2022\\\/12\\\/bantam-logo.png\",\"contentUrl\":\"https:\\\/\\\/shop.bantam.ch\\\/wp-content\\\/uploads\\\/2022\\\/12\\\/bantam-logo.png\",\"width\":320,\"height\":71,\"caption\":\"Bantam\"},\"image\":{\"@id\":\"https:\\\/\\\/shop.bantam.ch\\\/de\\\/#\\\/schema\\\/logo\\\/image\\\/\"}}]}<\/script>\n<!-- \/ Yoast SEO plugin. -->","yoast_head_json":{"title":"Absodry Raumentfeuchter Series 3 f\u00fcr 30m\u00b2 - Bantam","robots":{"index":"index","follow":"follow","max-snippet":"max-snippet:-1","max-image-preview":"max-image-preview:large","max-video-preview":"max-video-preview:-1"},"canonical":"https:\/\/shop.bantam.ch\/de\/produkt\/absodry-raumentfeuchter-series-3-fuer-30m%c2%b2\/","og_locale":"de_DE","og_type":"article","og_title":"Absodry Raumentfeuchter Series 3 f\u00fcr 30m\u00b2 - Bantam","og_description":"ABSODRY\u00ae DUO FAMILY ist ein eleganter Raumentfeuchter, der sich dank eines modernen Designs und dezenten, attraktiven Farben nahtlos in jeden Raum integriert. Er bietet eine L\u00f6sung f\u00fcr feuchte R\u00e4ume, Keller und Fahrzeuge und sorgt f\u00fcr ein optimales Klima. Schluss mit Schimmelbildung und unangenehmen Ger\u00fcchen \u2013 genie\u00dfen Sie frische Luft dank effektiver Entfeuchtung!&nbsp; Der Raumentfeuchter des [&hellip;]","og_url":"https:\/\/shop.bantam.ch\/de\/produkt\/absodry-raumentfeuchter-series-3-fuer-30m%c2%b2\/","og_site_name":"Bantam","article_modified_time":"2026-04-29T00:04:55+00:00","twitter_card":"summary_large_image","twitter_misc":{"Gesch\u00e4tzte Lesezeit":"1\u00a0Minute"},"schema":{"@context":"https:\/\/schema.org","@graph":[{"@type":"WebPage","@id":"https:\/\/shop.bantam.ch\/de\/produkt\/absodry-raumentfeuchter-series-3-fuer-30m%c2%b2\/","url":"https:\/\/shop.bantam.ch\/de\/produkt\/absodry-raumentfeuchter-series-3-fuer-30m%c2%b2\/","name":"Absodry Raumentfeuchter Series 3 f\u00fcr 30m\u00b2 - Bantam","isPartOf":{"@id":"https:\/\/shop.bantam.ch\/de\/#website"},"primaryImageOfPage":{"@id":"https:\/\/shop.bantam.ch\/de\/produkt\/absodry-raumentfeuchter-series-3-fuer-30m%c2%b2\/#primaryimage"},"image":{"@id":"https:\/\/shop.bantam.ch\/de\/produkt\/absodry-raumentfeuchter-series-3-fuer-30m%c2%b2\/#primaryimage"},"thumbnailUrl":"https:\/\/shop.bantam.ch\/wp-content\/uploads\/2025\/03\/Movera-L-9966283100.png","datePublished":"2025-03-14T15:33:12+00:00","dateModified":"2026-04-29T00:04:55+00:00","breadcrumb":{"@id":"https:\/\/shop.bantam.ch\/de\/produkt\/absodry-raumentfeuchter-series-3-fuer-30m%c2%b2\/#breadcrumb"},"inLanguage":"de","potentialAction":[{"@type":"ReadAction","target":["https:\/\/shop.bantam.ch\/de\/produkt\/absodry-raumentfeuchter-series-3-fuer-30m%c2%b2\/"]}]},{"@type":"ImageObject","inLanguage":"de","@id":"https:\/\/shop.bantam.ch\/de\/produkt\/absodry-raumentfeuchter-series-3-fuer-30m%c2%b2\/#primaryimage","url":"https:\/\/shop.bantam.ch\/wp-content\/uploads\/2025\/03\/Movera-L-9966283100.png","contentUrl":"https:\/\/shop.bantam.ch\/wp-content\/uploads\/2025\/03\/Movera-L-9966283100.png","width":640,"height":634},{"@type":"BreadcrumbList","@id":"https:\/\/shop.bantam.ch\/de\/produkt\/absodry-raumentfeuchter-series-3-fuer-30m%c2%b2\/#breadcrumb","itemListElement":[{"@type":"ListItem","position":1,"name":"Accueil","item":"https:\/\/shop.bantam.ch\/de\/"},{"@type":"ListItem","position":2,"name":"Shop","item":"https:\/\/shop.bantam.ch\/de\/shop\/"},{"@type":"ListItem","position":3,"name":"Absodry Raumentfeuchter Series 3 f\u00fcr 30m\u00b2"}]},{"@type":"WebSite","@id":"https:\/\/shop.bantam.ch\/de\/#website","url":"https:\/\/shop.bantam.ch\/de\/","name":"Bantam","description":"","publisher":{"@id":"https:\/\/shop.bantam.ch\/de\/#organization"},"inLanguage":"de"},{"@type":"Organization","@id":"https:\/\/shop.bantam.ch\/de\/#organization","name":"Bantam","url":"https:\/\/shop.bantam.ch\/de\/","logo":{"@type":"ImageObject","inLanguage":"de","@id":"https:\/\/shop.bantam.ch\/de\/#\/schema\/logo\/image\/","url":"https:\/\/shop.bantam.ch\/wp-content\/uploads\/2022\/12\/bantam-logo.png","contentUrl":"https:\/\/shop.bantam.ch\/wp-content\/uploads\/2022\/12\/bantam-logo.png","width":320,"height":71,"caption":"Bantam"},"image":{"@id":"https:\/\/shop.bantam.ch\/de\/#\/schema\/logo\/image\/"}}]}},"_links":{"self":[{"href":"https:\/\/shop.bantam.ch\/de\/wp-json\/wp\/v2\/product\/215350","targetHints":{"allow":["GET"]}}],"collection":[{"href":"https:\/\/shop.bantam.ch\/de\/wp-json\/wp\/v2\/product"}],"about":[{"href":"https:\/\/shop.bantam.ch\/de\/wp-json\/wp\/v2\/types\/product"}],"wp:featuredmedia":[{"embeddable":true,"href":"https:\/\/shop.bantam.ch\/de\/wp-json\/wp\/v2\/media\/215329"}],"wp:attachment":[{"href":"https:\/\/shop.bantam.ch\/de\/wp-json\/wp\/v2\/media?parent=215350"}],"wp:term":[{"taxonomy":"product_featured_cat","embeddable":true,"href":"https:\/\/shop.bantam.ch\/de\/wp-json\/wp\/v2\/product_featured_cat?post=215350"},{"taxonomy":"product_brand","embeddable":true,"href":"https:\/\/shop.bantam.ch\/de\/wp-json\/wp\/v2\/product_brand?post=215350"},{"taxonomy":"product_cat","embeddable":true,"href":"https:\/\/shop.bantam.ch\/de\/wp-json\/wp\/v2\/product_cat?post=215350"},{"taxonomy":"product_tag","embeddable":true,"href":"https:\/\/shop.bantam.ch\/de\/wp-json\/wp\/v2\/product_tag?post=215350"}],"curies":[{"name":"wp","href":"https:\/\/api.w.org\/{rel}","templated":true}]}}