{"id":215313,"date":"2025-03-14T16:32:44","date_gmt":"2025-03-14T15:32:44","guid":{"rendered":"https:\/\/shop.bantam.ch\/produit\/entfeuchter-duo-family-fuer-kleidung-und-textilien\/"},"modified":"2026-05-02T23:24:44","modified_gmt":"2026-05-02T21:24:44","slug":"entfeuchter-duo-family-fuer-kleidung-und-textilien","status":"publish","type":"product","link":"https:\/\/shop.bantam.ch\/de\/produkt\/entfeuchter-duo-family-fuer-kleidung-und-textilien\/","title":{"rendered":"Entfeuchter Duo Family f\u00fcr Kleidung und Textilien"},"content":{"rendered":"<p>ABSODRY\u00ae DUO FAMILY in der Einweg-Minimalausf\u00fchrung: Der kleine 100 g-Beutel wird einfach in seiner im Lieferumfang enthaltenen H\u00fclle mit zur Kleidung in z. B. die Schublade oder die Sporttasche gelegt. Er bindet die Feuchtigkeit auf kleinsten Fl\u00e4chen, damit besonders wichtige W\u00e4schest\u00fccke m\u00f6glichst lange frisch bleiben und muffiger Geruch verhindert wird.<\/p>\n<p>Der Entfeuchter des schwedischen Herstellers Everbrand Sweden verwendet feuchtigkeitsabsorbierende Granulatbeutel, um \u00fcbersch\u00fcssige Feuchtigkeit zu entfernen. Das in einem Vliesbeutel enthaltene Calciumchlorid entzieht der Luft Feuchtigkeit, die im Wassertank gesammelt wird und zwar ger\u00e4uschlos, ohne Strom und ohne Ger\u00fcche. Eine Ladung reicht je nach Feuchtigkeitsgehalt der Luft f\u00fcr 1-3 Monate. Die leeren Granulatbeutel k\u00f6nnen einfach \u00fcber den Hausm\u00fcll entsorgt werden.&nbsp;<\/p>\n<p>Das Geh\u00e4use besteht zu 96 % aus recyceltem Kunststoffgranulat und die Verpackung zu 88 % aus recyceltem Material.<\/p>\n","protected":false},"excerpt":{"rendered":"<p>ABSODRY\u00ae DUO FAMILY in der Einweg-Minimalausf\u00fchrung: Der kleine 100 g-Beutel wird einfach in seiner im Lieferumfang enthaltenen H\u00fclle mit zur Kleidung in z. B. die Schublade oder die Sporttasche gelegt. Er bindet die Feuchtigkeit auf kleinsten Fl\u00e4chen, damit besonders wichtige W\u00e4schest\u00fccke m\u00f6glichst lange frisch bleiben und muffiger Geruch verhindert wird. Der Entfeuchter des schwedischen Herstellers [&hellip;]<\/p>\n","protected":false},"featured_media":215309,"template":"","meta":{"_acf_changed":false},"product_featured_cat":[],"product_brand":[],"product_cat":[4008],"product_tag":[],"class_list":{"0":"post-215313","1":"product","2":"type-product","3":"status-publish","4":"has-post-thumbnail","6":"product_cat-luftentfeuchter","8":"first","9":"instock","10":"taxable","11":"shipping-taxable","12":"purchasable","13":"product-type-simple"},"acf":[],"yoast_head":"<!-- This site is optimized with the Yoast SEO plugin v27.5 - https:\/\/yoast.com\/product\/yoast-seo-wordpress\/ -->\n<title>Entfeuchter Duo Family f\u00fcr Kleidung und Textilien - Bantam<\/title>\n<meta name=\"robots\" content=\"index, follow, max-snippet:-1, max-image-preview:large, max-video-preview:-1\" \/>\n<link rel=\"canonical\" href=\"https:\/\/shop.bantam.ch\/de\/produkt\/entfeuchter-duo-family-fuer-kleidung-und-textilien\/\" \/>\n<meta property=\"og:locale\" content=\"de_DE\" \/>\n<meta property=\"og:type\" content=\"article\" \/>\n<meta property=\"og:title\" content=\"Entfeuchter Duo Family f\u00fcr Kleidung und Textilien - Bantam\" \/>\n<meta property=\"og:description\" content=\"ABSODRY\u00ae DUO FAMILY in der Einweg-Minimalausf\u00fchrung: Der kleine 100 g-Beutel wird einfach in seiner im Lieferumfang enthaltenen H\u00fclle mit zur Kleidung in z. B. die Schublade oder die Sporttasche gelegt. Er bindet die Feuchtigkeit auf kleinsten Fl\u00e4chen, damit besonders wichtige W\u00e4schest\u00fccke m\u00f6glichst lange frisch bleiben und muffiger Geruch verhindert wird. Der Entfeuchter des schwedischen Herstellers [&hellip;]\" \/>\n<meta property=\"og:url\" content=\"https:\/\/shop.bantam.ch\/de\/produkt\/entfeuchter-duo-family-fuer-kleidung-und-textilien\/\" \/>\n<meta property=\"og:site_name\" content=\"Bantam\" \/>\n<meta property=\"article:modified_time\" content=\"2026-05-02T21:24:44+00:00\" \/>\n<meta name=\"twitter:card\" content=\"summary_large_image\" \/>\n<meta name=\"twitter:label1\" content=\"Gesch\u00e4tzte Lesezeit\" \/>\n\t<meta name=\"twitter:data1\" content=\"1\u00a0Minute\" \/>\n<script type=\"application\/ld+json\" class=\"yoast-schema-graph\">{\"@context\":\"https:\\\/\\\/schema.org\",\"@graph\":[{\"@type\":\"WebPage\",\"@id\":\"https:\\\/\\\/shop.bantam.ch\\\/de\\\/produkt\\\/entfeuchter-duo-family-fuer-kleidung-und-textilien\\\/\",\"url\":\"https:\\\/\\\/shop.bantam.ch\\\/de\\\/produkt\\\/entfeuchter-duo-family-fuer-kleidung-und-textilien\\\/\",\"name\":\"Entfeuchter Duo Family f\u00fcr Kleidung und Textilien - Bantam\",\"isPartOf\":{\"@id\":\"https:\\\/\\\/shop.bantam.ch\\\/de\\\/#website\"},\"primaryImageOfPage\":{\"@id\":\"https:\\\/\\\/shop.bantam.ch\\\/de\\\/produkt\\\/entfeuchter-duo-family-fuer-kleidung-und-textilien\\\/#primaryimage\"},\"image\":{\"@id\":\"https:\\\/\\\/shop.bantam.ch\\\/de\\\/produkt\\\/entfeuchter-duo-family-fuer-kleidung-und-textilien\\\/#primaryimage\"},\"thumbnailUrl\":\"https:\\\/\\\/shop.bantam.ch\\\/wp-content\\\/uploads\\\/2025\\\/03\\\/Movera-L-9966278100.jpg\",\"datePublished\":\"2025-03-14T15:32:44+00:00\",\"dateModified\":\"2026-05-02T21:24:44+00:00\",\"breadcrumb\":{\"@id\":\"https:\\\/\\\/shop.bantam.ch\\\/de\\\/produkt\\\/entfeuchter-duo-family-fuer-kleidung-und-textilien\\\/#breadcrumb\"},\"inLanguage\":\"de\",\"potentialAction\":[{\"@type\":\"ReadAction\",\"target\":[\"https:\\\/\\\/shop.bantam.ch\\\/de\\\/produkt\\\/entfeuchter-duo-family-fuer-kleidung-und-textilien\\\/\"]}]},{\"@type\":\"ImageObject\",\"inLanguage\":\"de\",\"@id\":\"https:\\\/\\\/shop.bantam.ch\\\/de\\\/produkt\\\/entfeuchter-duo-family-fuer-kleidung-und-textilien\\\/#primaryimage\",\"url\":\"https:\\\/\\\/shop.bantam.ch\\\/wp-content\\\/uploads\\\/2025\\\/03\\\/Movera-L-9966278100.jpg\",\"contentUrl\":\"https:\\\/\\\/shop.bantam.ch\\\/wp-content\\\/uploads\\\/2025\\\/03\\\/Movera-L-9966278100.jpg\",\"width\":640,\"height\":457},{\"@type\":\"BreadcrumbList\",\"@id\":\"https:\\\/\\\/shop.bantam.ch\\\/de\\\/produkt\\\/entfeuchter-duo-family-fuer-kleidung-und-textilien\\\/#breadcrumb\",\"itemListElement\":[{\"@type\":\"ListItem\",\"position\":1,\"name\":\"Accueil\",\"item\":\"https:\\\/\\\/shop.bantam.ch\\\/de\\\/\"},{\"@type\":\"ListItem\",\"position\":2,\"name\":\"Shop\",\"item\":\"https:\\\/\\\/shop.bantam.ch\\\/de\\\/shop\\\/\"},{\"@type\":\"ListItem\",\"position\":3,\"name\":\"Entfeuchter Duo Family f\u00fcr Kleidung und Textilien\"}]},{\"@type\":\"WebSite\",\"@id\":\"https:\\\/\\\/shop.bantam.ch\\\/de\\\/#website\",\"url\":\"https:\\\/\\\/shop.bantam.ch\\\/de\\\/\",\"name\":\"Bantam\",\"description\":\"\",\"publisher\":{\"@id\":\"https:\\\/\\\/shop.bantam.ch\\\/de\\\/#organization\"},\"inLanguage\":\"de\"},{\"@type\":\"Organization\",\"@id\":\"https:\\\/\\\/shop.bantam.ch\\\/de\\\/#organization\",\"name\":\"Bantam\",\"url\":\"https:\\\/\\\/shop.bantam.ch\\\/de\\\/\",\"logo\":{\"@type\":\"ImageObject\",\"inLanguage\":\"de\",\"@id\":\"https:\\\/\\\/shop.bantam.ch\\\/de\\\/#\\\/schema\\\/logo\\\/image\\\/\",\"url\":\"https:\\\/\\\/shop.bantam.ch\\\/wp-content\\\/uploads\\\/2022\\\/12\\\/bantam-logo.png\",\"contentUrl\":\"https:\\\/\\\/shop.bantam.ch\\\/wp-content\\\/uploads\\\/2022\\\/12\\\/bantam-logo.png\",\"width\":320,\"height\":71,\"caption\":\"Bantam\"},\"image\":{\"@id\":\"https:\\\/\\\/shop.bantam.ch\\\/de\\\/#\\\/schema\\\/logo\\\/image\\\/\"}}]}<\/script>\n<!-- \/ Yoast SEO plugin. -->","yoast_head_json":{"title":"Entfeuchter Duo Family f\u00fcr Kleidung und Textilien - Bantam","robots":{"index":"index","follow":"follow","max-snippet":"max-snippet:-1","max-image-preview":"max-image-preview:large","max-video-preview":"max-video-preview:-1"},"canonical":"https:\/\/shop.bantam.ch\/de\/produkt\/entfeuchter-duo-family-fuer-kleidung-und-textilien\/","og_locale":"de_DE","og_type":"article","og_title":"Entfeuchter Duo Family f\u00fcr Kleidung und Textilien - Bantam","og_description":"ABSODRY\u00ae DUO FAMILY in der Einweg-Minimalausf\u00fchrung: Der kleine 100 g-Beutel wird einfach in seiner im Lieferumfang enthaltenen H\u00fclle mit zur Kleidung in z. B. die Schublade oder die Sporttasche gelegt. Er bindet die Feuchtigkeit auf kleinsten Fl\u00e4chen, damit besonders wichtige W\u00e4schest\u00fccke m\u00f6glichst lange frisch bleiben und muffiger Geruch verhindert wird. Der Entfeuchter des schwedischen Herstellers [&hellip;]","og_url":"https:\/\/shop.bantam.ch\/de\/produkt\/entfeuchter-duo-family-fuer-kleidung-und-textilien\/","og_site_name":"Bantam","article_modified_time":"2026-05-02T21:24:44+00:00","twitter_card":"summary_large_image","twitter_misc":{"Gesch\u00e4tzte Lesezeit":"1\u00a0Minute"},"schema":{"@context":"https:\/\/schema.org","@graph":[{"@type":"WebPage","@id":"https:\/\/shop.bantam.ch\/de\/produkt\/entfeuchter-duo-family-fuer-kleidung-und-textilien\/","url":"https:\/\/shop.bantam.ch\/de\/produkt\/entfeuchter-duo-family-fuer-kleidung-und-textilien\/","name":"Entfeuchter Duo Family f\u00fcr Kleidung und Textilien - Bantam","isPartOf":{"@id":"https:\/\/shop.bantam.ch\/de\/#website"},"primaryImageOfPage":{"@id":"https:\/\/shop.bantam.ch\/de\/produkt\/entfeuchter-duo-family-fuer-kleidung-und-textilien\/#primaryimage"},"image":{"@id":"https:\/\/shop.bantam.ch\/de\/produkt\/entfeuchter-duo-family-fuer-kleidung-und-textilien\/#primaryimage"},"thumbnailUrl":"https:\/\/shop.bantam.ch\/wp-content\/uploads\/2025\/03\/Movera-L-9966278100.jpg","datePublished":"2025-03-14T15:32:44+00:00","dateModified":"2026-05-02T21:24:44+00:00","breadcrumb":{"@id":"https:\/\/shop.bantam.ch\/de\/produkt\/entfeuchter-duo-family-fuer-kleidung-und-textilien\/#breadcrumb"},"inLanguage":"de","potentialAction":[{"@type":"ReadAction","target":["https:\/\/shop.bantam.ch\/de\/produkt\/entfeuchter-duo-family-fuer-kleidung-und-textilien\/"]}]},{"@type":"ImageObject","inLanguage":"de","@id":"https:\/\/shop.bantam.ch\/de\/produkt\/entfeuchter-duo-family-fuer-kleidung-und-textilien\/#primaryimage","url":"https:\/\/shop.bantam.ch\/wp-content\/uploads\/2025\/03\/Movera-L-9966278100.jpg","contentUrl":"https:\/\/shop.bantam.ch\/wp-content\/uploads\/2025\/03\/Movera-L-9966278100.jpg","width":640,"height":457},{"@type":"BreadcrumbList","@id":"https:\/\/shop.bantam.ch\/de\/produkt\/entfeuchter-duo-family-fuer-kleidung-und-textilien\/#breadcrumb","itemListElement":[{"@type":"ListItem","position":1,"name":"Accueil","item":"https:\/\/shop.bantam.ch\/de\/"},{"@type":"ListItem","position":2,"name":"Shop","item":"https:\/\/shop.bantam.ch\/de\/shop\/"},{"@type":"ListItem","position":3,"name":"Entfeuchter Duo Family f\u00fcr Kleidung und Textilien"}]},{"@type":"WebSite","@id":"https:\/\/shop.bantam.ch\/de\/#website","url":"https:\/\/shop.bantam.ch\/de\/","name":"Bantam","description":"","publisher":{"@id":"https:\/\/shop.bantam.ch\/de\/#organization"},"inLanguage":"de"},{"@type":"Organization","@id":"https:\/\/shop.bantam.ch\/de\/#organization","name":"Bantam","url":"https:\/\/shop.bantam.ch\/de\/","logo":{"@type":"ImageObject","inLanguage":"de","@id":"https:\/\/shop.bantam.ch\/de\/#\/schema\/logo\/image\/","url":"https:\/\/shop.bantam.ch\/wp-content\/uploads\/2022\/12\/bantam-logo.png","contentUrl":"https:\/\/shop.bantam.ch\/wp-content\/uploads\/2022\/12\/bantam-logo.png","width":320,"height":71,"caption":"Bantam"},"image":{"@id":"https:\/\/shop.bantam.ch\/de\/#\/schema\/logo\/image\/"}}]}},"_links":{"self":[{"href":"https:\/\/shop.bantam.ch\/de\/wp-json\/wp\/v2\/product\/215313","targetHints":{"allow":["GET"]}}],"collection":[{"href":"https:\/\/shop.bantam.ch\/de\/wp-json\/wp\/v2\/product"}],"about":[{"href":"https:\/\/shop.bantam.ch\/de\/wp-json\/wp\/v2\/types\/product"}],"wp:featuredmedia":[{"embeddable":true,"href":"https:\/\/shop.bantam.ch\/de\/wp-json\/wp\/v2\/media\/215309"}],"wp:attachment":[{"href":"https:\/\/shop.bantam.ch\/de\/wp-json\/wp\/v2\/media?parent=215313"}],"wp:term":[{"taxonomy":"product_featured_cat","embeddable":true,"href":"https:\/\/shop.bantam.ch\/de\/wp-json\/wp\/v2\/product_featured_cat?post=215313"},{"taxonomy":"product_brand","embeddable":true,"href":"https:\/\/shop.bantam.ch\/de\/wp-json\/wp\/v2\/product_brand?post=215313"},{"taxonomy":"product_cat","embeddable":true,"href":"https:\/\/shop.bantam.ch\/de\/wp-json\/wp\/v2\/product_cat?post=215313"},{"taxonomy":"product_tag","embeddable":true,"href":"https:\/\/shop.bantam.ch\/de\/wp-json\/wp\/v2\/product_tag?post=215313"}],"curies":[{"name":"wp","href":"https:\/\/api.w.org\/{rel}","templated":true}]}}