{"id":215275,"date":"2025-03-14T16:31:47","date_gmt":"2025-03-14T15:31:47","guid":{"rendered":"https:\/\/shop.bantam.ch\/produit\/kuechen-und-badreiniger-inhalt-05-l\/"},"modified":"2026-04-18T23:31:36","modified_gmt":"2026-04-18T21:31:36","slug":"kuechen-und-badreiniger-inhalt-05-l","status":"publish","type":"product","link":"https:\/\/shop.bantam.ch\/de\/produkt\/kuechen-und-badreiniger-inhalt-05-l\/","title":{"rendered":"K\u00fcchen- und Badreiniger Inhalt 0,5 l"},"content":{"rendered":"<p>Bad-und K\u00fcchenreiniger Zitrus-Rose, Pflanzlicher Ursprung \u2013 Frisch und leistungsstark.<\/p>\n<p>Verwandeln Sie Ihre K\u00fcche und Ihr Bad in strahlende R\u00e4ume! Dieser nat\u00fcrliche Reiniger bek\u00e4mpft effektiv Kalk, Fett und Seifenr\u00fcckst\u00e4nde. Genie\u00dfen Sie t\u00e4glich eine strahlende Sauberkeit und einen frischen Duft f\u00fcr ein makelloses Ergebnis.<\/p>\n","protected":false},"excerpt":{"rendered":"<p>Bad-und K\u00fcchenreiniger Zitrus-Rose, Pflanzlicher Ursprung \u2013 Frisch und leistungsstark. Verwandeln Sie Ihre K\u00fcche und Ihr Bad in strahlende R\u00e4ume! Dieser nat\u00fcrliche Reiniger bek\u00e4mpft effektiv Kalk, Fett und Seifenr\u00fcckst\u00e4nde. Genie\u00dfen Sie t\u00e4glich eine strahlende Sauberkeit und einen frischen Duft f\u00fcr ein makelloses Ergebnis.<\/p>\n","protected":false},"featured_media":215273,"template":"","meta":{"_acf_changed":false},"product_featured_cat":[],"product_brand":[],"product_cat":[5092],"product_tag":[],"class_list":{"0":"post-215275","1":"product","2":"type-product","3":"status-publish","4":"has-post-thumbnail","6":"product_cat-reinigung-spezialreiniger","8":"first","9":"instock","10":"taxable","11":"shipping-taxable","12":"purchasable","13":"product-type-simple"},"acf":[],"yoast_head":"<!-- This site is optimized with the Yoast SEO plugin v27.4 - https:\/\/yoast.com\/product\/yoast-seo-wordpress\/ -->\n<title>K\u00fcchen- und Badreiniger Inhalt 0,5 l - Bantam Camping AG<\/title>\n<meta name=\"robots\" content=\"index, follow, max-snippet:-1, max-image-preview:large, max-video-preview:-1\" \/>\n<link rel=\"canonical\" href=\"https:\/\/shop.bantam.ch\/de\/produkt\/kuechen-und-badreiniger-inhalt-05-l\/\" \/>\n<meta property=\"og:locale\" content=\"de_DE\" \/>\n<meta property=\"og:type\" content=\"article\" \/>\n<meta property=\"og:title\" content=\"K\u00fcchen- und Badreiniger Inhalt 0,5 l - Bantam Camping AG\" \/>\n<meta property=\"og:description\" content=\"Bad-und K\u00fcchenreiniger Zitrus-Rose, Pflanzlicher Ursprung \u2013 Frisch und leistungsstark. Verwandeln Sie Ihre K\u00fcche und Ihr Bad in strahlende R\u00e4ume! Dieser nat\u00fcrliche Reiniger bek\u00e4mpft effektiv Kalk, Fett und Seifenr\u00fcckst\u00e4nde. Genie\u00dfen Sie t\u00e4glich eine strahlende Sauberkeit und einen frischen Duft f\u00fcr ein makelloses Ergebnis.\" \/>\n<meta property=\"og:url\" content=\"https:\/\/shop.bantam.ch\/de\/produkt\/kuechen-und-badreiniger-inhalt-05-l\/\" \/>\n<meta property=\"og:site_name\" content=\"Bantam Camping AG\" \/>\n<meta property=\"article:modified_time\" content=\"2026-04-18T21:31:36+00:00\" \/>\n<meta name=\"twitter:card\" content=\"summary_large_image\" \/>\n<script type=\"application\/ld+json\" class=\"yoast-schema-graph\">{\"@context\":\"https:\\\/\\\/schema.org\",\"@graph\":[{\"@type\":\"WebPage\",\"@id\":\"https:\\\/\\\/shop.bantam.ch\\\/de\\\/produkt\\\/kuechen-und-badreiniger-inhalt-05-l\\\/\",\"url\":\"https:\\\/\\\/shop.bantam.ch\\\/de\\\/produkt\\\/kuechen-und-badreiniger-inhalt-05-l\\\/\",\"name\":\"K\u00fcchen- und Badreiniger Inhalt 0,5 l - Bantam Camping AG\",\"isPartOf\":{\"@id\":\"https:\\\/\\\/shop.bantam.ch\\\/de\\\/#website\"},\"primaryImageOfPage\":{\"@id\":\"https:\\\/\\\/shop.bantam.ch\\\/de\\\/produkt\\\/kuechen-und-badreiniger-inhalt-05-l\\\/#primaryimage\"},\"image\":{\"@id\":\"https:\\\/\\\/shop.bantam.ch\\\/de\\\/produkt\\\/kuechen-und-badreiniger-inhalt-05-l\\\/#primaryimage\"},\"thumbnailUrl\":\"https:\\\/\\\/shop.bantam.ch\\\/wp-content\\\/uploads\\\/2025\\\/03\\\/Movera-L-9966249100.png\",\"datePublished\":\"2025-03-14T15:31:47+00:00\",\"dateModified\":\"2026-04-18T21:31:36+00:00\",\"breadcrumb\":{\"@id\":\"https:\\\/\\\/shop.bantam.ch\\\/de\\\/produkt\\\/kuechen-und-badreiniger-inhalt-05-l\\\/#breadcrumb\"},\"inLanguage\":\"de\",\"potentialAction\":[{\"@type\":\"ReadAction\",\"target\":[\"https:\\\/\\\/shop.bantam.ch\\\/de\\\/produkt\\\/kuechen-und-badreiniger-inhalt-05-l\\\/\"]}]},{\"@type\":\"ImageObject\",\"inLanguage\":\"de\",\"@id\":\"https:\\\/\\\/shop.bantam.ch\\\/de\\\/produkt\\\/kuechen-und-badreiniger-inhalt-05-l\\\/#primaryimage\",\"url\":\"https:\\\/\\\/shop.bantam.ch\\\/wp-content\\\/uploads\\\/2025\\\/03\\\/Movera-L-9966249100.png\",\"contentUrl\":\"https:\\\/\\\/shop.bantam.ch\\\/wp-content\\\/uploads\\\/2025\\\/03\\\/Movera-L-9966249100.png\",\"width\":384,\"height\":972},{\"@type\":\"BreadcrumbList\",\"@id\":\"https:\\\/\\\/shop.bantam.ch\\\/de\\\/produkt\\\/kuechen-und-badreiniger-inhalt-05-l\\\/#breadcrumb\",\"itemListElement\":[{\"@type\":\"ListItem\",\"position\":1,\"name\":\"Accueil\",\"item\":\"https:\\\/\\\/shop.bantam.ch\\\/de\\\/\"},{\"@type\":\"ListItem\",\"position\":2,\"name\":\"Shop\",\"item\":\"https:\\\/\\\/shop.bantam.ch\\\/de\\\/shop\\\/\"},{\"@type\":\"ListItem\",\"position\":3,\"name\":\"K\u00fcchen- und Badreiniger Inhalt 0,5 l\"}]},{\"@type\":\"WebSite\",\"@id\":\"https:\\\/\\\/shop.bantam.ch\\\/de\\\/#website\",\"url\":\"https:\\\/\\\/shop.bantam.ch\\\/de\\\/\",\"name\":\"Bantam Camping AG\",\"description\":\"\",\"publisher\":{\"@id\":\"https:\\\/\\\/shop.bantam.ch\\\/de\\\/#organization\"},\"inLanguage\":\"de\"},{\"@type\":\"Organization\",\"@id\":\"https:\\\/\\\/shop.bantam.ch\\\/de\\\/#organization\",\"name\":\"Bantam Camping AG\",\"url\":\"https:\\\/\\\/shop.bantam.ch\\\/de\\\/\",\"logo\":{\"@type\":\"ImageObject\",\"inLanguage\":\"de\",\"@id\":\"https:\\\/\\\/shop.bantam.ch\\\/de\\\/#\\\/schema\\\/logo\\\/image\\\/\",\"url\":\"https:\\\/\\\/shop.bantam.ch\\\/wp-content\\\/uploads\\\/2022\\\/12\\\/bantam-logo.png\",\"contentUrl\":\"https:\\\/\\\/shop.bantam.ch\\\/wp-content\\\/uploads\\\/2022\\\/12\\\/bantam-logo.png\",\"width\":320,\"height\":71,\"caption\":\"Bantam Camping AG\"},\"image\":{\"@id\":\"https:\\\/\\\/shop.bantam.ch\\\/de\\\/#\\\/schema\\\/logo\\\/image\\\/\"}}]}<\/script>\n<!-- \/ Yoast SEO plugin. -->","yoast_head_json":{"title":"K\u00fcchen- und Badreiniger Inhalt 0,5 l - Bantam Camping AG","robots":{"index":"index","follow":"follow","max-snippet":"max-snippet:-1","max-image-preview":"max-image-preview:large","max-video-preview":"max-video-preview:-1"},"canonical":"https:\/\/shop.bantam.ch\/de\/produkt\/kuechen-und-badreiniger-inhalt-05-l\/","og_locale":"de_DE","og_type":"article","og_title":"K\u00fcchen- und Badreiniger Inhalt 0,5 l - Bantam Camping AG","og_description":"Bad-und K\u00fcchenreiniger Zitrus-Rose, Pflanzlicher Ursprung \u2013 Frisch und leistungsstark. Verwandeln Sie Ihre K\u00fcche und Ihr Bad in strahlende R\u00e4ume! Dieser nat\u00fcrliche Reiniger bek\u00e4mpft effektiv Kalk, Fett und Seifenr\u00fcckst\u00e4nde. Genie\u00dfen Sie t\u00e4glich eine strahlende Sauberkeit und einen frischen Duft f\u00fcr ein makelloses Ergebnis.","og_url":"https:\/\/shop.bantam.ch\/de\/produkt\/kuechen-und-badreiniger-inhalt-05-l\/","og_site_name":"Bantam Camping AG","article_modified_time":"2026-04-18T21:31:36+00:00","twitter_card":"summary_large_image","schema":{"@context":"https:\/\/schema.org","@graph":[{"@type":"WebPage","@id":"https:\/\/shop.bantam.ch\/de\/produkt\/kuechen-und-badreiniger-inhalt-05-l\/","url":"https:\/\/shop.bantam.ch\/de\/produkt\/kuechen-und-badreiniger-inhalt-05-l\/","name":"K\u00fcchen- und Badreiniger Inhalt 0,5 l - Bantam Camping AG","isPartOf":{"@id":"https:\/\/shop.bantam.ch\/de\/#website"},"primaryImageOfPage":{"@id":"https:\/\/shop.bantam.ch\/de\/produkt\/kuechen-und-badreiniger-inhalt-05-l\/#primaryimage"},"image":{"@id":"https:\/\/shop.bantam.ch\/de\/produkt\/kuechen-und-badreiniger-inhalt-05-l\/#primaryimage"},"thumbnailUrl":"https:\/\/shop.bantam.ch\/wp-content\/uploads\/2025\/03\/Movera-L-9966249100.png","datePublished":"2025-03-14T15:31:47+00:00","dateModified":"2026-04-18T21:31:36+00:00","breadcrumb":{"@id":"https:\/\/shop.bantam.ch\/de\/produkt\/kuechen-und-badreiniger-inhalt-05-l\/#breadcrumb"},"inLanguage":"de","potentialAction":[{"@type":"ReadAction","target":["https:\/\/shop.bantam.ch\/de\/produkt\/kuechen-und-badreiniger-inhalt-05-l\/"]}]},{"@type":"ImageObject","inLanguage":"de","@id":"https:\/\/shop.bantam.ch\/de\/produkt\/kuechen-und-badreiniger-inhalt-05-l\/#primaryimage","url":"https:\/\/shop.bantam.ch\/wp-content\/uploads\/2025\/03\/Movera-L-9966249100.png","contentUrl":"https:\/\/shop.bantam.ch\/wp-content\/uploads\/2025\/03\/Movera-L-9966249100.png","width":384,"height":972},{"@type":"BreadcrumbList","@id":"https:\/\/shop.bantam.ch\/de\/produkt\/kuechen-und-badreiniger-inhalt-05-l\/#breadcrumb","itemListElement":[{"@type":"ListItem","position":1,"name":"Accueil","item":"https:\/\/shop.bantam.ch\/de\/"},{"@type":"ListItem","position":2,"name":"Shop","item":"https:\/\/shop.bantam.ch\/de\/shop\/"},{"@type":"ListItem","position":3,"name":"K\u00fcchen- und Badreiniger Inhalt 0,5 l"}]},{"@type":"WebSite","@id":"https:\/\/shop.bantam.ch\/de\/#website","url":"https:\/\/shop.bantam.ch\/de\/","name":"Bantam Camping AG","description":"","publisher":{"@id":"https:\/\/shop.bantam.ch\/de\/#organization"},"inLanguage":"de"},{"@type":"Organization","@id":"https:\/\/shop.bantam.ch\/de\/#organization","name":"Bantam Camping AG","url":"https:\/\/shop.bantam.ch\/de\/","logo":{"@type":"ImageObject","inLanguage":"de","@id":"https:\/\/shop.bantam.ch\/de\/#\/schema\/logo\/image\/","url":"https:\/\/shop.bantam.ch\/wp-content\/uploads\/2022\/12\/bantam-logo.png","contentUrl":"https:\/\/shop.bantam.ch\/wp-content\/uploads\/2022\/12\/bantam-logo.png","width":320,"height":71,"caption":"Bantam Camping AG"},"image":{"@id":"https:\/\/shop.bantam.ch\/de\/#\/schema\/logo\/image\/"}}]}},"_links":{"self":[{"href":"https:\/\/shop.bantam.ch\/de\/wp-json\/wp\/v2\/product\/215275","targetHints":{"allow":["GET"]}}],"collection":[{"href":"https:\/\/shop.bantam.ch\/de\/wp-json\/wp\/v2\/product"}],"about":[{"href":"https:\/\/shop.bantam.ch\/de\/wp-json\/wp\/v2\/types\/product"}],"wp:featuredmedia":[{"embeddable":true,"href":"https:\/\/shop.bantam.ch\/de\/wp-json\/wp\/v2\/media\/215273"}],"wp:attachment":[{"href":"https:\/\/shop.bantam.ch\/de\/wp-json\/wp\/v2\/media?parent=215275"}],"wp:term":[{"taxonomy":"product_featured_cat","embeddable":true,"href":"https:\/\/shop.bantam.ch\/de\/wp-json\/wp\/v2\/product_featured_cat?post=215275"},{"taxonomy":"product_brand","embeddable":true,"href":"https:\/\/shop.bantam.ch\/de\/wp-json\/wp\/v2\/product_brand?post=215275"},{"taxonomy":"product_cat","embeddable":true,"href":"https:\/\/shop.bantam.ch\/de\/wp-json\/wp\/v2\/product_cat?post=215275"},{"taxonomy":"product_tag","embeddable":true,"href":"https:\/\/shop.bantam.ch\/de\/wp-json\/wp\/v2\/product_tag?post=215275"}],"curies":[{"name":"wp","href":"https:\/\/api.w.org\/{rel}","templated":true}]}}