{"id":214987,"date":"2025-03-14T16:22:54","date_gmt":"2025-03-14T15:22:54","guid":{"rendered":"https:\/\/shop.bantam.ch\/produit\/kompressorkuehlbox-antarion-mit-batterie\/"},"modified":"2026-04-18T01:59:19","modified_gmt":"2026-04-17T23:59:19","slug":"kompressorkuehlbox-antarion-mit-batterie","status":"publish","type":"product","link":"https:\/\/shop.bantam.ch\/de\/produkt\/kompressorkuehlbox-antarion-mit-batterie\/","title":{"rendered":"Kompressork\u00fchlbox Antarion mit Batterie"},"content":{"rendered":"<p>Die tragbaren K\u00fchlschr\u00e4nke von Antarion sind mit einem Kompressor ausgestattet, der f\u00fcr eine hervorragende K\u00fchlleistung sorgt.<br \/>\nDer Teleskopgriff und die beiden R\u00e4der machen sie einfach zu bedienen und robust. Sie bieten Platz f\u00fcr eine herausnehmbare Lithium-Batterie, die eine Betriebsdauer von bis zu 6 Stunden erm\u00f6glicht. Die Batterie kann \u00fcber eine 12-V-Steckdose oder einen Netzstecker aufgeladen werden.<\/p>\n<p>&nbsp;<\/p>\n<p>-LED-Anzeige mit USB-Anschluss 5 V &#8211; 1 A.<\/p>\n<p>-Inklusive Transformator 12 \/ 24 V \/ 230 V und Lithium-Batterie<\/p>\n<p>-Lithium-Batterie f\u00fcr Kompressork\u00fchlbox: Battierekapazit\u00e4t: 15,6 Ah \/ 173,6 Wh. Ma\u00dfe: 132 x 90 x 78 cm. Gewicht 1,05 kg<\/p>\n","protected":false},"excerpt":{"rendered":"<p>Die tragbaren K\u00fchlschr\u00e4nke von Antarion sind mit einem Kompressor ausgestattet, der f\u00fcr eine hervorragende K\u00fchlleistung sorgt. Der Teleskopgriff und die beiden R\u00e4der machen sie einfach zu bedienen und robust. Sie bieten Platz f\u00fcr eine herausnehmbare Lithium-Batterie, die eine Betriebsdauer von bis zu 6 Stunden erm\u00f6glicht. Die Batterie kann \u00fcber eine 12-V-Steckdose oder einen Netzstecker aufgeladen [&hellip;]<\/p>\n","protected":false},"featured_media":214974,"template":"","meta":{"_acf_changed":false},"product_featured_cat":[],"product_brand":[],"product_cat":[4546],"product_tag":[],"class_list":{"0":"post-214987","1":"product","2":"type-product","3":"status-publish","4":"has-post-thumbnail","6":"product_cat-kompressor-kuehlboxen-kuehlboxen","8":"first","9":"instock","10":"taxable","11":"shipping-taxable","12":"purchasable","13":"product-type-variable"},"acf":[],"yoast_head":"<!-- This site is optimized with the Yoast SEO plugin v27.4 - https:\/\/yoast.com\/product\/yoast-seo-wordpress\/ -->\n<title>Kompressork\u00fchlbox Antarion mit Batterie - Bantam Camping AG<\/title>\n<meta name=\"robots\" content=\"index, follow, max-snippet:-1, max-image-preview:large, max-video-preview:-1\" \/>\n<link rel=\"canonical\" href=\"https:\/\/shop.bantam.ch\/de\/produkt\/kompressorkuehlbox-antarion-mit-batterie\/\" \/>\n<meta property=\"og:locale\" content=\"de_DE\" \/>\n<meta property=\"og:type\" content=\"article\" \/>\n<meta property=\"og:title\" content=\"Kompressork\u00fchlbox Antarion mit Batterie - Bantam Camping AG\" \/>\n<meta property=\"og:description\" content=\"Die tragbaren K\u00fchlschr\u00e4nke von Antarion sind mit einem Kompressor ausgestattet, der f\u00fcr eine hervorragende K\u00fchlleistung sorgt. Der Teleskopgriff und die beiden R\u00e4der machen sie einfach zu bedienen und robust. Sie bieten Platz f\u00fcr eine herausnehmbare Lithium-Batterie, die eine Betriebsdauer von bis zu 6 Stunden erm\u00f6glicht. Die Batterie kann \u00fcber eine 12-V-Steckdose oder einen Netzstecker aufgeladen [&hellip;]\" \/>\n<meta property=\"og:url\" content=\"https:\/\/shop.bantam.ch\/de\/produkt\/kompressorkuehlbox-antarion-mit-batterie\/\" \/>\n<meta property=\"og:site_name\" content=\"Bantam Camping AG\" \/>\n<meta property=\"article:modified_time\" content=\"2026-04-17T23:59:19+00:00\" \/>\n<meta name=\"twitter:card\" content=\"summary_large_image\" \/>\n<script type=\"application\/ld+json\" class=\"yoast-schema-graph\">{\"@context\":\"https:\\\/\\\/schema.org\",\"@graph\":[{\"@type\":\"WebPage\",\"@id\":\"https:\\\/\\\/shop.bantam.ch\\\/de\\\/produkt\\\/kompressorkuehlbox-antarion-mit-batterie\\\/\",\"url\":\"https:\\\/\\\/shop.bantam.ch\\\/de\\\/produkt\\\/kompressorkuehlbox-antarion-mit-batterie\\\/\",\"name\":\"Kompressork\u00fchlbox Antarion mit Batterie - Bantam Camping AG\",\"isPartOf\":{\"@id\":\"https:\\\/\\\/shop.bantam.ch\\\/de\\\/#website\"},\"primaryImageOfPage\":{\"@id\":\"https:\\\/\\\/shop.bantam.ch\\\/de\\\/produkt\\\/kompressorkuehlbox-antarion-mit-batterie\\\/#primaryimage\"},\"image\":{\"@id\":\"https:\\\/\\\/shop.bantam.ch\\\/de\\\/produkt\\\/kompressorkuehlbox-antarion-mit-batterie\\\/#primaryimage\"},\"thumbnailUrl\":\"https:\\\/\\\/shop.bantam.ch\\\/wp-content\\\/uploads\\\/2025\\\/03\\\/Movera-L-9962873100.png\",\"datePublished\":\"2025-03-14T15:22:54+00:00\",\"dateModified\":\"2026-04-17T23:59:19+00:00\",\"breadcrumb\":{\"@id\":\"https:\\\/\\\/shop.bantam.ch\\\/de\\\/produkt\\\/kompressorkuehlbox-antarion-mit-batterie\\\/#breadcrumb\"},\"inLanguage\":\"de\",\"potentialAction\":[{\"@type\":\"ReadAction\",\"target\":[\"https:\\\/\\\/shop.bantam.ch\\\/de\\\/produkt\\\/kompressorkuehlbox-antarion-mit-batterie\\\/\"]}]},{\"@type\":\"ImageObject\",\"inLanguage\":\"de\",\"@id\":\"https:\\\/\\\/shop.bantam.ch\\\/de\\\/produkt\\\/kompressorkuehlbox-antarion-mit-batterie\\\/#primaryimage\",\"url\":\"https:\\\/\\\/shop.bantam.ch\\\/wp-content\\\/uploads\\\/2025\\\/03\\\/Movera-L-9962873100.png\",\"contentUrl\":\"https:\\\/\\\/shop.bantam.ch\\\/wp-content\\\/uploads\\\/2025\\\/03\\\/Movera-L-9962873100.png\",\"width\":640,\"height\":426},{\"@type\":\"BreadcrumbList\",\"@id\":\"https:\\\/\\\/shop.bantam.ch\\\/de\\\/produkt\\\/kompressorkuehlbox-antarion-mit-batterie\\\/#breadcrumb\",\"itemListElement\":[{\"@type\":\"ListItem\",\"position\":1,\"name\":\"Accueil\",\"item\":\"https:\\\/\\\/shop.bantam.ch\\\/de\\\/\"},{\"@type\":\"ListItem\",\"position\":2,\"name\":\"Shop\",\"item\":\"https:\\\/\\\/shop.bantam.ch\\\/de\\\/shop\\\/\"},{\"@type\":\"ListItem\",\"position\":3,\"name\":\"Kompressork\u00fchlbox Antarion mit Batterie\"}]},{\"@type\":\"WebSite\",\"@id\":\"https:\\\/\\\/shop.bantam.ch\\\/de\\\/#website\",\"url\":\"https:\\\/\\\/shop.bantam.ch\\\/de\\\/\",\"name\":\"Bantam Camping AG\",\"description\":\"\",\"publisher\":{\"@id\":\"https:\\\/\\\/shop.bantam.ch\\\/de\\\/#organization\"},\"inLanguage\":\"de\"},{\"@type\":\"Organization\",\"@id\":\"https:\\\/\\\/shop.bantam.ch\\\/de\\\/#organization\",\"name\":\"Bantam Camping AG\",\"url\":\"https:\\\/\\\/shop.bantam.ch\\\/de\\\/\",\"logo\":{\"@type\":\"ImageObject\",\"inLanguage\":\"de\",\"@id\":\"https:\\\/\\\/shop.bantam.ch\\\/de\\\/#\\\/schema\\\/logo\\\/image\\\/\",\"url\":\"https:\\\/\\\/shop.bantam.ch\\\/wp-content\\\/uploads\\\/2022\\\/12\\\/bantam-logo.png\",\"contentUrl\":\"https:\\\/\\\/shop.bantam.ch\\\/wp-content\\\/uploads\\\/2022\\\/12\\\/bantam-logo.png\",\"width\":320,\"height\":71,\"caption\":\"Bantam Camping AG\"},\"image\":{\"@id\":\"https:\\\/\\\/shop.bantam.ch\\\/de\\\/#\\\/schema\\\/logo\\\/image\\\/\"}}]}<\/script>\n<!-- \/ Yoast SEO plugin. -->","yoast_head_json":{"title":"Kompressork\u00fchlbox Antarion mit Batterie - Bantam Camping AG","robots":{"index":"index","follow":"follow","max-snippet":"max-snippet:-1","max-image-preview":"max-image-preview:large","max-video-preview":"max-video-preview:-1"},"canonical":"https:\/\/shop.bantam.ch\/de\/produkt\/kompressorkuehlbox-antarion-mit-batterie\/","og_locale":"de_DE","og_type":"article","og_title":"Kompressork\u00fchlbox Antarion mit Batterie - Bantam Camping AG","og_description":"Die tragbaren K\u00fchlschr\u00e4nke von Antarion sind mit einem Kompressor ausgestattet, der f\u00fcr eine hervorragende K\u00fchlleistung sorgt. Der Teleskopgriff und die beiden R\u00e4der machen sie einfach zu bedienen und robust. Sie bieten Platz f\u00fcr eine herausnehmbare Lithium-Batterie, die eine Betriebsdauer von bis zu 6 Stunden erm\u00f6glicht. Die Batterie kann \u00fcber eine 12-V-Steckdose oder einen Netzstecker aufgeladen [&hellip;]","og_url":"https:\/\/shop.bantam.ch\/de\/produkt\/kompressorkuehlbox-antarion-mit-batterie\/","og_site_name":"Bantam Camping AG","article_modified_time":"2026-04-17T23:59:19+00:00","twitter_card":"summary_large_image","schema":{"@context":"https:\/\/schema.org","@graph":[{"@type":"WebPage","@id":"https:\/\/shop.bantam.ch\/de\/produkt\/kompressorkuehlbox-antarion-mit-batterie\/","url":"https:\/\/shop.bantam.ch\/de\/produkt\/kompressorkuehlbox-antarion-mit-batterie\/","name":"Kompressork\u00fchlbox Antarion mit Batterie - Bantam Camping AG","isPartOf":{"@id":"https:\/\/shop.bantam.ch\/de\/#website"},"primaryImageOfPage":{"@id":"https:\/\/shop.bantam.ch\/de\/produkt\/kompressorkuehlbox-antarion-mit-batterie\/#primaryimage"},"image":{"@id":"https:\/\/shop.bantam.ch\/de\/produkt\/kompressorkuehlbox-antarion-mit-batterie\/#primaryimage"},"thumbnailUrl":"https:\/\/shop.bantam.ch\/wp-content\/uploads\/2025\/03\/Movera-L-9962873100.png","datePublished":"2025-03-14T15:22:54+00:00","dateModified":"2026-04-17T23:59:19+00:00","breadcrumb":{"@id":"https:\/\/shop.bantam.ch\/de\/produkt\/kompressorkuehlbox-antarion-mit-batterie\/#breadcrumb"},"inLanguage":"de","potentialAction":[{"@type":"ReadAction","target":["https:\/\/shop.bantam.ch\/de\/produkt\/kompressorkuehlbox-antarion-mit-batterie\/"]}]},{"@type":"ImageObject","inLanguage":"de","@id":"https:\/\/shop.bantam.ch\/de\/produkt\/kompressorkuehlbox-antarion-mit-batterie\/#primaryimage","url":"https:\/\/shop.bantam.ch\/wp-content\/uploads\/2025\/03\/Movera-L-9962873100.png","contentUrl":"https:\/\/shop.bantam.ch\/wp-content\/uploads\/2025\/03\/Movera-L-9962873100.png","width":640,"height":426},{"@type":"BreadcrumbList","@id":"https:\/\/shop.bantam.ch\/de\/produkt\/kompressorkuehlbox-antarion-mit-batterie\/#breadcrumb","itemListElement":[{"@type":"ListItem","position":1,"name":"Accueil","item":"https:\/\/shop.bantam.ch\/de\/"},{"@type":"ListItem","position":2,"name":"Shop","item":"https:\/\/shop.bantam.ch\/de\/shop\/"},{"@type":"ListItem","position":3,"name":"Kompressork\u00fchlbox Antarion mit Batterie"}]},{"@type":"WebSite","@id":"https:\/\/shop.bantam.ch\/de\/#website","url":"https:\/\/shop.bantam.ch\/de\/","name":"Bantam Camping AG","description":"","publisher":{"@id":"https:\/\/shop.bantam.ch\/de\/#organization"},"inLanguage":"de"},{"@type":"Organization","@id":"https:\/\/shop.bantam.ch\/de\/#organization","name":"Bantam Camping AG","url":"https:\/\/shop.bantam.ch\/de\/","logo":{"@type":"ImageObject","inLanguage":"de","@id":"https:\/\/shop.bantam.ch\/de\/#\/schema\/logo\/image\/","url":"https:\/\/shop.bantam.ch\/wp-content\/uploads\/2022\/12\/bantam-logo.png","contentUrl":"https:\/\/shop.bantam.ch\/wp-content\/uploads\/2022\/12\/bantam-logo.png","width":320,"height":71,"caption":"Bantam Camping AG"},"image":{"@id":"https:\/\/shop.bantam.ch\/de\/#\/schema\/logo\/image\/"}}]}},"_links":{"self":[{"href":"https:\/\/shop.bantam.ch\/de\/wp-json\/wp\/v2\/product\/214987","targetHints":{"allow":["GET"]}}],"collection":[{"href":"https:\/\/shop.bantam.ch\/de\/wp-json\/wp\/v2\/product"}],"about":[{"href":"https:\/\/shop.bantam.ch\/de\/wp-json\/wp\/v2\/types\/product"}],"wp:featuredmedia":[{"embeddable":true,"href":"https:\/\/shop.bantam.ch\/de\/wp-json\/wp\/v2\/media\/214974"}],"wp:attachment":[{"href":"https:\/\/shop.bantam.ch\/de\/wp-json\/wp\/v2\/media?parent=214987"}],"wp:term":[{"taxonomy":"product_featured_cat","embeddable":true,"href":"https:\/\/shop.bantam.ch\/de\/wp-json\/wp\/v2\/product_featured_cat?post=214987"},{"taxonomy":"product_brand","embeddable":true,"href":"https:\/\/shop.bantam.ch\/de\/wp-json\/wp\/v2\/product_brand?post=214987"},{"taxonomy":"product_cat","embeddable":true,"href":"https:\/\/shop.bantam.ch\/de\/wp-json\/wp\/v2\/product_cat?post=214987"},{"taxonomy":"product_tag","embeddable":true,"href":"https:\/\/shop.bantam.ch\/de\/wp-json\/wp\/v2\/product_tag?post=214987"}],"curies":[{"name":"wp","href":"https:\/\/api.w.org\/{rel}","templated":true}]}}