{"id":214600,"date":"2025-03-14T16:10:20","date_gmt":"2025-03-14T15:10:20","guid":{"rendered":"https:\/\/shop.bantam.ch\/produit\/solar-komplettanlage-mt-power-blackline-kit\/"},"modified":"2026-04-18T01:57:01","modified_gmt":"2026-04-17T23:57:01","slug":"solar-komplettanlage-mt-power-blackline-kit","status":"publish","type":"product","link":"https:\/\/shop.bantam.ch\/de\/produkt\/solar-komplettanlage-mt-power-blackline-kit\/","title":{"rendered":"Solar Komplettanlage MT Power Blackline Kit"},"content":{"rendered":"<p>Bei unserer neuen Power Black Line Serie haben wir das Beste aus der Black Line Serie und Power Line Serie zusammengebracht. Unsere POWER Black Line Module verf\u00fcgen anstatt der \u00fcblichen 36 Zellen \u00fcber 80 Hochleistungs-Zellen und liefern selbst bei schlechten Lichtverh\u00e4ltnissen einen hohen Energieertrag. Bei gleicher Abmessung wie die Black Line Serie erreichen wir eine Steigerung der Leistung bis zu +25 %. Zus\u00e4tzlich haben wir die gut durchdachte Verschaltung integriert so dass wir zwei Module in einem haben.<\/p>\n<p>&nbsp;<\/p>\n<p>Ausstattung der Solar-Komplettanlagen:<br \/>\nDometic MPPT Solarregler SC330 \/ SC480 mit N Bus und Bluetooth,<br \/>\nDachspoiler Satz, Dachdurchf\u00fchrung, Kabelset<\/p>\n","protected":false},"excerpt":{"rendered":"<p>Bei unserer neuen Power Black Line Serie haben wir das Beste aus der Black Line Serie und Power Line Serie zusammengebracht. Unsere POWER Black Line Module verf\u00fcgen anstatt der \u00fcblichen 36 Zellen \u00fcber 80 Hochleistungs-Zellen und liefern selbst bei schlechten Lichtverh\u00e4ltnissen einen hohen Energieertrag. Bei gleicher Abmessung wie die Black Line Serie erreichen wir eine [&hellip;]<\/p>\n","protected":false},"featured_media":214593,"template":"","meta":{"_acf_changed":false},"product_featured_cat":[],"product_brand":[],"product_cat":[4880],"product_tag":[],"class_list":{"0":"post-214600","1":"product","2":"type-product","3":"status-publish","4":"has-post-thumbnail","6":"product_cat-solar-sets","8":"first","9":"instock","10":"taxable","11":"shipping-taxable","12":"purchasable","13":"product-type-variable"},"acf":[],"yoast_head":"<!-- This site is optimized with the Yoast SEO plugin v27.4 - https:\/\/yoast.com\/product\/yoast-seo-wordpress\/ -->\n<title>Solar Komplettanlage MT Power Blackline Kit - Bantam Camping AG<\/title>\n<meta name=\"robots\" content=\"index, follow, max-snippet:-1, max-image-preview:large, max-video-preview:-1\" \/>\n<link rel=\"canonical\" href=\"https:\/\/shop.bantam.ch\/de\/produkt\/solar-komplettanlage-mt-power-blackline-kit\/\" \/>\n<meta property=\"og:locale\" content=\"de_DE\" \/>\n<meta property=\"og:type\" content=\"article\" \/>\n<meta property=\"og:title\" content=\"Solar Komplettanlage MT Power Blackline Kit - Bantam Camping AG\" \/>\n<meta property=\"og:description\" content=\"Bei unserer neuen Power Black Line Serie haben wir das Beste aus der Black Line Serie und Power Line Serie zusammengebracht. Unsere POWER Black Line Module verf\u00fcgen anstatt der \u00fcblichen 36 Zellen \u00fcber 80 Hochleistungs-Zellen und liefern selbst bei schlechten Lichtverh\u00e4ltnissen einen hohen Energieertrag. Bei gleicher Abmessung wie die Black Line Serie erreichen wir eine [&hellip;]\" \/>\n<meta property=\"og:url\" content=\"https:\/\/shop.bantam.ch\/de\/produkt\/solar-komplettanlage-mt-power-blackline-kit\/\" \/>\n<meta property=\"og:site_name\" content=\"Bantam Camping AG\" \/>\n<meta property=\"article:modified_time\" content=\"2026-04-17T23:57:01+00:00\" \/>\n<meta name=\"twitter:card\" content=\"summary_large_image\" \/>\n<script type=\"application\/ld+json\" class=\"yoast-schema-graph\">{\"@context\":\"https:\\\/\\\/schema.org\",\"@graph\":[{\"@type\":\"WebPage\",\"@id\":\"https:\\\/\\\/shop.bantam.ch\\\/de\\\/produkt\\\/solar-komplettanlage-mt-power-blackline-kit\\\/\",\"url\":\"https:\\\/\\\/shop.bantam.ch\\\/de\\\/produkt\\\/solar-komplettanlage-mt-power-blackline-kit\\\/\",\"name\":\"Solar Komplettanlage MT Power Blackline Kit - Bantam Camping AG\",\"isPartOf\":{\"@id\":\"https:\\\/\\\/shop.bantam.ch\\\/de\\\/#website\"},\"primaryImageOfPage\":{\"@id\":\"https:\\\/\\\/shop.bantam.ch\\\/de\\\/produkt\\\/solar-komplettanlage-mt-power-blackline-kit\\\/#primaryimage\"},\"image\":{\"@id\":\"https:\\\/\\\/shop.bantam.ch\\\/de\\\/produkt\\\/solar-komplettanlage-mt-power-blackline-kit\\\/#primaryimage\"},\"thumbnailUrl\":\"https:\\\/\\\/shop.bantam.ch\\\/wp-content\\\/uploads\\\/2025\\\/03\\\/Movera-L-9962737100.jpg\",\"datePublished\":\"2025-03-14T15:10:20+00:00\",\"dateModified\":\"2026-04-17T23:57:01+00:00\",\"breadcrumb\":{\"@id\":\"https:\\\/\\\/shop.bantam.ch\\\/de\\\/produkt\\\/solar-komplettanlage-mt-power-blackline-kit\\\/#breadcrumb\"},\"inLanguage\":\"de\",\"potentialAction\":[{\"@type\":\"ReadAction\",\"target\":[\"https:\\\/\\\/shop.bantam.ch\\\/de\\\/produkt\\\/solar-komplettanlage-mt-power-blackline-kit\\\/\"]}]},{\"@type\":\"ImageObject\",\"inLanguage\":\"de\",\"@id\":\"https:\\\/\\\/shop.bantam.ch\\\/de\\\/produkt\\\/solar-komplettanlage-mt-power-blackline-kit\\\/#primaryimage\",\"url\":\"https:\\\/\\\/shop.bantam.ch\\\/wp-content\\\/uploads\\\/2025\\\/03\\\/Movera-L-9962737100.jpg\",\"contentUrl\":\"https:\\\/\\\/shop.bantam.ch\\\/wp-content\\\/uploads\\\/2025\\\/03\\\/Movera-L-9962737100.jpg\",\"width\":640,\"height\":640},{\"@type\":\"BreadcrumbList\",\"@id\":\"https:\\\/\\\/shop.bantam.ch\\\/de\\\/produkt\\\/solar-komplettanlage-mt-power-blackline-kit\\\/#breadcrumb\",\"itemListElement\":[{\"@type\":\"ListItem\",\"position\":1,\"name\":\"Accueil\",\"item\":\"https:\\\/\\\/shop.bantam.ch\\\/de\\\/\"},{\"@type\":\"ListItem\",\"position\":2,\"name\":\"Shop\",\"item\":\"https:\\\/\\\/shop.bantam.ch\\\/de\\\/shop\\\/\"},{\"@type\":\"ListItem\",\"position\":3,\"name\":\"Solar Komplettanlage MT Power Blackline Kit\"}]},{\"@type\":\"WebSite\",\"@id\":\"https:\\\/\\\/shop.bantam.ch\\\/de\\\/#website\",\"url\":\"https:\\\/\\\/shop.bantam.ch\\\/de\\\/\",\"name\":\"Bantam Camping AG\",\"description\":\"\",\"publisher\":{\"@id\":\"https:\\\/\\\/shop.bantam.ch\\\/de\\\/#organization\"},\"inLanguage\":\"de\"},{\"@type\":\"Organization\",\"@id\":\"https:\\\/\\\/shop.bantam.ch\\\/de\\\/#organization\",\"name\":\"Bantam Camping AG\",\"url\":\"https:\\\/\\\/shop.bantam.ch\\\/de\\\/\",\"logo\":{\"@type\":\"ImageObject\",\"inLanguage\":\"de\",\"@id\":\"https:\\\/\\\/shop.bantam.ch\\\/de\\\/#\\\/schema\\\/logo\\\/image\\\/\",\"url\":\"https:\\\/\\\/shop.bantam.ch\\\/wp-content\\\/uploads\\\/2022\\\/12\\\/bantam-logo.png\",\"contentUrl\":\"https:\\\/\\\/shop.bantam.ch\\\/wp-content\\\/uploads\\\/2022\\\/12\\\/bantam-logo.png\",\"width\":320,\"height\":71,\"caption\":\"Bantam Camping AG\"},\"image\":{\"@id\":\"https:\\\/\\\/shop.bantam.ch\\\/de\\\/#\\\/schema\\\/logo\\\/image\\\/\"}}]}<\/script>\n<!-- \/ Yoast SEO plugin. -->","yoast_head_json":{"title":"Solar Komplettanlage MT Power Blackline Kit - Bantam Camping AG","robots":{"index":"index","follow":"follow","max-snippet":"max-snippet:-1","max-image-preview":"max-image-preview:large","max-video-preview":"max-video-preview:-1"},"canonical":"https:\/\/shop.bantam.ch\/de\/produkt\/solar-komplettanlage-mt-power-blackline-kit\/","og_locale":"de_DE","og_type":"article","og_title":"Solar Komplettanlage MT Power Blackline Kit - Bantam Camping AG","og_description":"Bei unserer neuen Power Black Line Serie haben wir das Beste aus der Black Line Serie und Power Line Serie zusammengebracht. Unsere POWER Black Line Module verf\u00fcgen anstatt der \u00fcblichen 36 Zellen \u00fcber 80 Hochleistungs-Zellen und liefern selbst bei schlechten Lichtverh\u00e4ltnissen einen hohen Energieertrag. Bei gleicher Abmessung wie die Black Line Serie erreichen wir eine [&hellip;]","og_url":"https:\/\/shop.bantam.ch\/de\/produkt\/solar-komplettanlage-mt-power-blackline-kit\/","og_site_name":"Bantam Camping AG","article_modified_time":"2026-04-17T23:57:01+00:00","twitter_card":"summary_large_image","schema":{"@context":"https:\/\/schema.org","@graph":[{"@type":"WebPage","@id":"https:\/\/shop.bantam.ch\/de\/produkt\/solar-komplettanlage-mt-power-blackline-kit\/","url":"https:\/\/shop.bantam.ch\/de\/produkt\/solar-komplettanlage-mt-power-blackline-kit\/","name":"Solar Komplettanlage MT Power Blackline Kit - Bantam Camping AG","isPartOf":{"@id":"https:\/\/shop.bantam.ch\/de\/#website"},"primaryImageOfPage":{"@id":"https:\/\/shop.bantam.ch\/de\/produkt\/solar-komplettanlage-mt-power-blackline-kit\/#primaryimage"},"image":{"@id":"https:\/\/shop.bantam.ch\/de\/produkt\/solar-komplettanlage-mt-power-blackline-kit\/#primaryimage"},"thumbnailUrl":"https:\/\/shop.bantam.ch\/wp-content\/uploads\/2025\/03\/Movera-L-9962737100.jpg","datePublished":"2025-03-14T15:10:20+00:00","dateModified":"2026-04-17T23:57:01+00:00","breadcrumb":{"@id":"https:\/\/shop.bantam.ch\/de\/produkt\/solar-komplettanlage-mt-power-blackline-kit\/#breadcrumb"},"inLanguage":"de","potentialAction":[{"@type":"ReadAction","target":["https:\/\/shop.bantam.ch\/de\/produkt\/solar-komplettanlage-mt-power-blackline-kit\/"]}]},{"@type":"ImageObject","inLanguage":"de","@id":"https:\/\/shop.bantam.ch\/de\/produkt\/solar-komplettanlage-mt-power-blackline-kit\/#primaryimage","url":"https:\/\/shop.bantam.ch\/wp-content\/uploads\/2025\/03\/Movera-L-9962737100.jpg","contentUrl":"https:\/\/shop.bantam.ch\/wp-content\/uploads\/2025\/03\/Movera-L-9962737100.jpg","width":640,"height":640},{"@type":"BreadcrumbList","@id":"https:\/\/shop.bantam.ch\/de\/produkt\/solar-komplettanlage-mt-power-blackline-kit\/#breadcrumb","itemListElement":[{"@type":"ListItem","position":1,"name":"Accueil","item":"https:\/\/shop.bantam.ch\/de\/"},{"@type":"ListItem","position":2,"name":"Shop","item":"https:\/\/shop.bantam.ch\/de\/shop\/"},{"@type":"ListItem","position":3,"name":"Solar Komplettanlage MT Power Blackline Kit"}]},{"@type":"WebSite","@id":"https:\/\/shop.bantam.ch\/de\/#website","url":"https:\/\/shop.bantam.ch\/de\/","name":"Bantam Camping AG","description":"","publisher":{"@id":"https:\/\/shop.bantam.ch\/de\/#organization"},"inLanguage":"de"},{"@type":"Organization","@id":"https:\/\/shop.bantam.ch\/de\/#organization","name":"Bantam Camping AG","url":"https:\/\/shop.bantam.ch\/de\/","logo":{"@type":"ImageObject","inLanguage":"de","@id":"https:\/\/shop.bantam.ch\/de\/#\/schema\/logo\/image\/","url":"https:\/\/shop.bantam.ch\/wp-content\/uploads\/2022\/12\/bantam-logo.png","contentUrl":"https:\/\/shop.bantam.ch\/wp-content\/uploads\/2022\/12\/bantam-logo.png","width":320,"height":71,"caption":"Bantam Camping AG"},"image":{"@id":"https:\/\/shop.bantam.ch\/de\/#\/schema\/logo\/image\/"}}]}},"_links":{"self":[{"href":"https:\/\/shop.bantam.ch\/de\/wp-json\/wp\/v2\/product\/214600","targetHints":{"allow":["GET"]}}],"collection":[{"href":"https:\/\/shop.bantam.ch\/de\/wp-json\/wp\/v2\/product"}],"about":[{"href":"https:\/\/shop.bantam.ch\/de\/wp-json\/wp\/v2\/types\/product"}],"wp:featuredmedia":[{"embeddable":true,"href":"https:\/\/shop.bantam.ch\/de\/wp-json\/wp\/v2\/media\/214593"}],"wp:attachment":[{"href":"https:\/\/shop.bantam.ch\/de\/wp-json\/wp\/v2\/media?parent=214600"}],"wp:term":[{"taxonomy":"product_featured_cat","embeddable":true,"href":"https:\/\/shop.bantam.ch\/de\/wp-json\/wp\/v2\/product_featured_cat?post=214600"},{"taxonomy":"product_brand","embeddable":true,"href":"https:\/\/shop.bantam.ch\/de\/wp-json\/wp\/v2\/product_brand?post=214600"},{"taxonomy":"product_cat","embeddable":true,"href":"https:\/\/shop.bantam.ch\/de\/wp-json\/wp\/v2\/product_cat?post=214600"},{"taxonomy":"product_tag","embeddable":true,"href":"https:\/\/shop.bantam.ch\/de\/wp-json\/wp\/v2\/product_tag?post=214600"}],"curies":[{"name":"wp","href":"https:\/\/api.w.org\/{rel}","templated":true}]}}