{"id":214501,"date":"2025-03-14T16:07:41","date_gmt":"2025-03-14T15:07:41","guid":{"rendered":"https:\/\/shop.bantam.ch\/produit\/ladebooster-mt-lb-2\/"},"modified":"2026-04-18T01:56:02","modified_gmt":"2026-04-17T23:56:02","slug":"ladebooster-mt-lb-2","status":"publish","type":"product","link":"https:\/\/shop.bantam.ch\/de\/produkt\/ladebooster-mt-lb-2\/","title":{"rendered":"Ladebooster MT &#8211; LB"},"content":{"rendered":"<p>Die neuen Dometic B\u00fcttner Booster der MT LB-Serie sind leistungsstarke DC Ladeger\u00e4te, die auch bei intelligenten Lichtmaschinen (Euro 6) hocheffizient sind. Hohe Ladestr\u00f6me (bis zu 80 A) machen die MTLB\u0315s ideal f\u00fcr das schnelle Laden von Lithiumbatterien oder traditionellen Systemen mit hoher Kapazit\u00e4t. Die Buck-Booster-Technik stabilisiert die Ladung und macht die MTLB\u0315s ideal f\u00fcr alle Fahrzeuge, bei denen ein schnelles und korrektes Laden von Batterien jeder Technik wichtig ist: LiFePO4, AGM, Gel, Nass. Alle MTLB\u0315s sind mit dem intelligenten OPTICHARGE-System ausgestattet, das die Leistung und den Ertrag der Versorgerbatterien durch die Auswahl der spezifischen Ladekurve f\u00fcr jede Technik und der Verwendung des vollst\u00e4ndig vom Dometic-Softwareteam entwickelten Algorithmus zur Analyse des Ladezustands optimiert. Der MTLB Ladebooster ist das einzige Ger\u00e4t auf dem Markt, das \u00fcber einen AUX-Anschluss verf\u00fcgt, wodurch der MTLB in Fahrzeuge mit bestehenden Ladesystemen integriert werden kann. Dank des N-Bus l\u00e4sst sich der MTLB Ladebooster optimal in das Dometic N-Bus Netzwerk einbinden.<\/p>\n","protected":false},"excerpt":{"rendered":"<p>Die neuen Dometic B\u00fcttner Booster der MT LB-Serie sind leistungsstarke DC Ladeger\u00e4te, die auch bei intelligenten Lichtmaschinen (Euro 6) hocheffizient sind. Hohe Ladestr\u00f6me (bis zu 80 A) machen die MTLB\u0315s ideal f\u00fcr das schnelle Laden von Lithiumbatterien oder traditionellen Systemen mit hoher Kapazit\u00e4t. Die Buck-Booster-Technik stabilisiert die Ladung und macht die MTLB\u0315s ideal f\u00fcr alle [&hellip;]<\/p>\n","protected":false},"featured_media":214497,"template":"","meta":{"_acf_changed":false},"product_featured_cat":[],"product_brand":[],"product_cat":[4910],"product_tag":[],"class_list":{"0":"post-214501","1":"product","2":"type-product","3":"status-publish","4":"has-post-thumbnail","6":"product_cat-ladebooster","8":"first","9":"instock","10":"taxable","11":"shipping-taxable","12":"purchasable","13":"product-type-variable"},"acf":[],"yoast_head":"<!-- This site is optimized with the Yoast SEO plugin v27.4 - https:\/\/yoast.com\/product\/yoast-seo-wordpress\/ -->\n<title>Ladebooster MT - LB - Bantam Camping AG<\/title>\n<meta name=\"robots\" content=\"index, follow, max-snippet:-1, max-image-preview:large, max-video-preview:-1\" \/>\n<link rel=\"canonical\" href=\"https:\/\/shop.bantam.ch\/de\/produkt\/ladebooster-mt-lb-2\/\" \/>\n<meta property=\"og:locale\" content=\"de_DE\" \/>\n<meta property=\"og:type\" content=\"article\" \/>\n<meta property=\"og:title\" content=\"Ladebooster MT - LB - Bantam Camping AG\" \/>\n<meta property=\"og:description\" content=\"Die neuen Dometic B\u00fcttner Booster der MT LB-Serie sind leistungsstarke DC Ladeger\u00e4te, die auch bei intelligenten Lichtmaschinen (Euro 6) hocheffizient sind. Hohe Ladestr\u00f6me (bis zu 80 A) machen die MTLB\u0315s ideal f\u00fcr das schnelle Laden von Lithiumbatterien oder traditionellen Systemen mit hoher Kapazit\u00e4t. Die Buck-Booster-Technik stabilisiert die Ladung und macht die MTLB\u0315s ideal f\u00fcr alle [&hellip;]\" \/>\n<meta property=\"og:url\" content=\"https:\/\/shop.bantam.ch\/de\/produkt\/ladebooster-mt-lb-2\/\" \/>\n<meta property=\"og:site_name\" content=\"Bantam Camping AG\" \/>\n<meta property=\"article:modified_time\" content=\"2026-04-17T23:56:02+00:00\" \/>\n<meta name=\"twitter:card\" content=\"summary_large_image\" \/>\n<meta name=\"twitter:label1\" content=\"Gesch\u00e4tzte Lesezeit\" \/>\n\t<meta name=\"twitter:data1\" content=\"1\u00a0Minute\" \/>\n<script type=\"application\/ld+json\" class=\"yoast-schema-graph\">{\"@context\":\"https:\\\/\\\/schema.org\",\"@graph\":[{\"@type\":\"WebPage\",\"@id\":\"https:\\\/\\\/shop.bantam.ch\\\/de\\\/produkt\\\/ladebooster-mt-lb-2\\\/\",\"url\":\"https:\\\/\\\/shop.bantam.ch\\\/de\\\/produkt\\\/ladebooster-mt-lb-2\\\/\",\"name\":\"Ladebooster MT - LB - Bantam Camping AG\",\"isPartOf\":{\"@id\":\"https:\\\/\\\/shop.bantam.ch\\\/de\\\/#website\"},\"primaryImageOfPage\":{\"@id\":\"https:\\\/\\\/shop.bantam.ch\\\/de\\\/produkt\\\/ladebooster-mt-lb-2\\\/#primaryimage\"},\"image\":{\"@id\":\"https:\\\/\\\/shop.bantam.ch\\\/de\\\/produkt\\\/ladebooster-mt-lb-2\\\/#primaryimage\"},\"thumbnailUrl\":\"https:\\\/\\\/shop.bantam.ch\\\/wp-content\\\/uploads\\\/2025\\\/03\\\/Movera-L-9962716100.png\",\"datePublished\":\"2025-03-14T15:07:41+00:00\",\"dateModified\":\"2026-04-17T23:56:02+00:00\",\"breadcrumb\":{\"@id\":\"https:\\\/\\\/shop.bantam.ch\\\/de\\\/produkt\\\/ladebooster-mt-lb-2\\\/#breadcrumb\"},\"inLanguage\":\"de\",\"potentialAction\":[{\"@type\":\"ReadAction\",\"target\":[\"https:\\\/\\\/shop.bantam.ch\\\/de\\\/produkt\\\/ladebooster-mt-lb-2\\\/\"]}]},{\"@type\":\"ImageObject\",\"inLanguage\":\"de\",\"@id\":\"https:\\\/\\\/shop.bantam.ch\\\/de\\\/produkt\\\/ladebooster-mt-lb-2\\\/#primaryimage\",\"url\":\"https:\\\/\\\/shop.bantam.ch\\\/wp-content\\\/uploads\\\/2025\\\/03\\\/Movera-L-9962716100.png\",\"contentUrl\":\"https:\\\/\\\/shop.bantam.ch\\\/wp-content\\\/uploads\\\/2025\\\/03\\\/Movera-L-9962716100.png\",\"width\":640,\"height\":400},{\"@type\":\"BreadcrumbList\",\"@id\":\"https:\\\/\\\/shop.bantam.ch\\\/de\\\/produkt\\\/ladebooster-mt-lb-2\\\/#breadcrumb\",\"itemListElement\":[{\"@type\":\"ListItem\",\"position\":1,\"name\":\"Accueil\",\"item\":\"https:\\\/\\\/shop.bantam.ch\\\/de\\\/\"},{\"@type\":\"ListItem\",\"position\":2,\"name\":\"Shop\",\"item\":\"https:\\\/\\\/shop.bantam.ch\\\/de\\\/shop\\\/\"},{\"@type\":\"ListItem\",\"position\":3,\"name\":\"Ladebooster MT &#8211; LB\"}]},{\"@type\":\"WebSite\",\"@id\":\"https:\\\/\\\/shop.bantam.ch\\\/de\\\/#website\",\"url\":\"https:\\\/\\\/shop.bantam.ch\\\/de\\\/\",\"name\":\"Bantam Camping AG\",\"description\":\"\",\"publisher\":{\"@id\":\"https:\\\/\\\/shop.bantam.ch\\\/de\\\/#organization\"},\"inLanguage\":\"de\"},{\"@type\":\"Organization\",\"@id\":\"https:\\\/\\\/shop.bantam.ch\\\/de\\\/#organization\",\"name\":\"Bantam Camping AG\",\"url\":\"https:\\\/\\\/shop.bantam.ch\\\/de\\\/\",\"logo\":{\"@type\":\"ImageObject\",\"inLanguage\":\"de\",\"@id\":\"https:\\\/\\\/shop.bantam.ch\\\/de\\\/#\\\/schema\\\/logo\\\/image\\\/\",\"url\":\"https:\\\/\\\/shop.bantam.ch\\\/wp-content\\\/uploads\\\/2022\\\/12\\\/bantam-logo.png\",\"contentUrl\":\"https:\\\/\\\/shop.bantam.ch\\\/wp-content\\\/uploads\\\/2022\\\/12\\\/bantam-logo.png\",\"width\":320,\"height\":71,\"caption\":\"Bantam Camping AG\"},\"image\":{\"@id\":\"https:\\\/\\\/shop.bantam.ch\\\/de\\\/#\\\/schema\\\/logo\\\/image\\\/\"}}]}<\/script>\n<!-- \/ Yoast SEO plugin. -->","yoast_head_json":{"title":"Ladebooster MT - LB - Bantam Camping AG","robots":{"index":"index","follow":"follow","max-snippet":"max-snippet:-1","max-image-preview":"max-image-preview:large","max-video-preview":"max-video-preview:-1"},"canonical":"https:\/\/shop.bantam.ch\/de\/produkt\/ladebooster-mt-lb-2\/","og_locale":"de_DE","og_type":"article","og_title":"Ladebooster MT - LB - Bantam Camping AG","og_description":"Die neuen Dometic B\u00fcttner Booster der MT LB-Serie sind leistungsstarke DC Ladeger\u00e4te, die auch bei intelligenten Lichtmaschinen (Euro 6) hocheffizient sind. Hohe Ladestr\u00f6me (bis zu 80 A) machen die MTLB\u0315s ideal f\u00fcr das schnelle Laden von Lithiumbatterien oder traditionellen Systemen mit hoher Kapazit\u00e4t. Die Buck-Booster-Technik stabilisiert die Ladung und macht die MTLB\u0315s ideal f\u00fcr alle [&hellip;]","og_url":"https:\/\/shop.bantam.ch\/de\/produkt\/ladebooster-mt-lb-2\/","og_site_name":"Bantam Camping AG","article_modified_time":"2026-04-17T23:56:02+00:00","twitter_card":"summary_large_image","twitter_misc":{"Gesch\u00e4tzte Lesezeit":"1\u00a0Minute"},"schema":{"@context":"https:\/\/schema.org","@graph":[{"@type":"WebPage","@id":"https:\/\/shop.bantam.ch\/de\/produkt\/ladebooster-mt-lb-2\/","url":"https:\/\/shop.bantam.ch\/de\/produkt\/ladebooster-mt-lb-2\/","name":"Ladebooster MT - LB - Bantam Camping AG","isPartOf":{"@id":"https:\/\/shop.bantam.ch\/de\/#website"},"primaryImageOfPage":{"@id":"https:\/\/shop.bantam.ch\/de\/produkt\/ladebooster-mt-lb-2\/#primaryimage"},"image":{"@id":"https:\/\/shop.bantam.ch\/de\/produkt\/ladebooster-mt-lb-2\/#primaryimage"},"thumbnailUrl":"https:\/\/shop.bantam.ch\/wp-content\/uploads\/2025\/03\/Movera-L-9962716100.png","datePublished":"2025-03-14T15:07:41+00:00","dateModified":"2026-04-17T23:56:02+00:00","breadcrumb":{"@id":"https:\/\/shop.bantam.ch\/de\/produkt\/ladebooster-mt-lb-2\/#breadcrumb"},"inLanguage":"de","potentialAction":[{"@type":"ReadAction","target":["https:\/\/shop.bantam.ch\/de\/produkt\/ladebooster-mt-lb-2\/"]}]},{"@type":"ImageObject","inLanguage":"de","@id":"https:\/\/shop.bantam.ch\/de\/produkt\/ladebooster-mt-lb-2\/#primaryimage","url":"https:\/\/shop.bantam.ch\/wp-content\/uploads\/2025\/03\/Movera-L-9962716100.png","contentUrl":"https:\/\/shop.bantam.ch\/wp-content\/uploads\/2025\/03\/Movera-L-9962716100.png","width":640,"height":400},{"@type":"BreadcrumbList","@id":"https:\/\/shop.bantam.ch\/de\/produkt\/ladebooster-mt-lb-2\/#breadcrumb","itemListElement":[{"@type":"ListItem","position":1,"name":"Accueil","item":"https:\/\/shop.bantam.ch\/de\/"},{"@type":"ListItem","position":2,"name":"Shop","item":"https:\/\/shop.bantam.ch\/de\/shop\/"},{"@type":"ListItem","position":3,"name":"Ladebooster MT &#8211; LB"}]},{"@type":"WebSite","@id":"https:\/\/shop.bantam.ch\/de\/#website","url":"https:\/\/shop.bantam.ch\/de\/","name":"Bantam Camping AG","description":"","publisher":{"@id":"https:\/\/shop.bantam.ch\/de\/#organization"},"inLanguage":"de"},{"@type":"Organization","@id":"https:\/\/shop.bantam.ch\/de\/#organization","name":"Bantam Camping AG","url":"https:\/\/shop.bantam.ch\/de\/","logo":{"@type":"ImageObject","inLanguage":"de","@id":"https:\/\/shop.bantam.ch\/de\/#\/schema\/logo\/image\/","url":"https:\/\/shop.bantam.ch\/wp-content\/uploads\/2022\/12\/bantam-logo.png","contentUrl":"https:\/\/shop.bantam.ch\/wp-content\/uploads\/2022\/12\/bantam-logo.png","width":320,"height":71,"caption":"Bantam Camping AG"},"image":{"@id":"https:\/\/shop.bantam.ch\/de\/#\/schema\/logo\/image\/"}}]}},"_links":{"self":[{"href":"https:\/\/shop.bantam.ch\/de\/wp-json\/wp\/v2\/product\/214501","targetHints":{"allow":["GET"]}}],"collection":[{"href":"https:\/\/shop.bantam.ch\/de\/wp-json\/wp\/v2\/product"}],"about":[{"href":"https:\/\/shop.bantam.ch\/de\/wp-json\/wp\/v2\/types\/product"}],"wp:featuredmedia":[{"embeddable":true,"href":"https:\/\/shop.bantam.ch\/de\/wp-json\/wp\/v2\/media\/214497"}],"wp:attachment":[{"href":"https:\/\/shop.bantam.ch\/de\/wp-json\/wp\/v2\/media?parent=214501"}],"wp:term":[{"taxonomy":"product_featured_cat","embeddable":true,"href":"https:\/\/shop.bantam.ch\/de\/wp-json\/wp\/v2\/product_featured_cat?post=214501"},{"taxonomy":"product_brand","embeddable":true,"href":"https:\/\/shop.bantam.ch\/de\/wp-json\/wp\/v2\/product_brand?post=214501"},{"taxonomy":"product_cat","embeddable":true,"href":"https:\/\/shop.bantam.ch\/de\/wp-json\/wp\/v2\/product_cat?post=214501"},{"taxonomy":"product_tag","embeddable":true,"href":"https:\/\/shop.bantam.ch\/de\/wp-json\/wp\/v2\/product_tag?post=214501"}],"curies":[{"name":"wp","href":"https:\/\/api.w.org\/{rel}","templated":true}]}}