{"id":214444,"date":"2025-03-14T16:06:17","date_gmt":"2025-03-14T15:06:17","guid":{"rendered":"https:\/\/shop.bantam.ch\/produit\/batterie-lifepo4-mit-zellenheizung\/"},"modified":"2026-04-29T01:58:42","modified_gmt":"2026-04-28T23:58:42","slug":"batterie-lifepo4-mit-zellenheizung","status":"publish","type":"product","link":"https:\/\/shop.bantam.ch\/de\/produkt\/batterie-lifepo4-mit-zellenheizung\/","title":{"rendered":"Batterie LiFePo4 mit Zellenheizung"},"content":{"rendered":"<p>Die ALDEN SOLARWATT LiFePO4 Batterien bieten modernste Technik und sind ideal f\u00fcr Wohnmobile und Vans. Mit Schutz vor \u00dcberladung und Kurzschluss sowie einer 5-j\u00e4hrigen Herstellergarantie garantieren sie eine lange Lebensdauer und Sicherheit. Umweltfreundlich und ohne giftige Schwermetalle, bieten sie au\u00dferdem kein Risiko von Brand oder Explosion. Dank des kompakten Designs und geringen Gewichts lassen sie sich leicht installieren. Sie ben\u00f6tigen keine vollst\u00e4ndigen Lade- oder Entladezyklen und sind damit besonders effizient und benutzerfreundlich \u2013 perfekt f\u00fcr unabh\u00e4ngiges Reisen!<\/p>\n<ul>\n<li>Die perfekte L\u00f6sung f\u00fcr Wohnmobile, Vans und Caravan<\/li>\n<li>5 Jahre Herstellergarantie<\/li>\n<li>Schutz vor \u00dcberladung und Kurzschluss<\/li>\n<li>Frei von giftigen Schwermetallen<\/li>\n<li>Kein Risiko von Brand oder Explosion<\/li>\n<li>Kein vollst\u00e4ndiger Lade-\/Entladezyklus n\u00f6tig<\/li>\n<li>Kompakt und leicht<\/li>\n<li>Untersitzmontage m\u00f6glich<\/li>\n<\/ul>\n","protected":false},"excerpt":{"rendered":"<p>Die ALDEN SOLARWATT LiFePO4 Batterien bieten modernste Technik und sind ideal f\u00fcr Wohnmobile und Vans. Mit Schutz vor \u00dcberladung und Kurzschluss sowie einer 5-j\u00e4hrigen Herstellergarantie garantieren sie eine lange Lebensdauer und Sicherheit. Umweltfreundlich und ohne giftige Schwermetalle, bieten sie au\u00dferdem kein Risiko von Brand oder Explosion. Dank des kompakten Designs und geringen Gewichts lassen sie [&hellip;]<\/p>\n","protected":false},"featured_media":214439,"template":"","meta":{"_acf_changed":false},"product_featured_cat":[],"product_brand":[],"product_cat":[5114],"product_tag":[],"class_list":{"0":"post-214444","1":"product","2":"type-product","3":"status-publish","4":"has-post-thumbnail","6":"product_cat-lithium-batterien","8":"first","9":"instock","10":"taxable","11":"shipping-taxable","12":"purchasable","13":"product-type-variable"},"acf":[],"yoast_head":"<!-- This site is optimized with the Yoast SEO plugin v27.5 - https:\/\/yoast.com\/product\/yoast-seo-wordpress\/ -->\n<title>Batterie LiFePo4 mit Zellenheizung - Bantam<\/title>\n<meta name=\"robots\" content=\"index, follow, max-snippet:-1, max-image-preview:large, max-video-preview:-1\" \/>\n<link rel=\"canonical\" href=\"https:\/\/shop.bantam.ch\/de\/produkt\/batterie-lifepo4-mit-zellenheizung\/\" \/>\n<meta property=\"og:locale\" content=\"de_DE\" \/>\n<meta property=\"og:type\" content=\"article\" \/>\n<meta property=\"og:title\" content=\"Batterie LiFePo4 mit Zellenheizung - Bantam\" \/>\n<meta property=\"og:description\" content=\"Die ALDEN SOLARWATT LiFePO4 Batterien bieten modernste Technik und sind ideal f\u00fcr Wohnmobile und Vans. Mit Schutz vor \u00dcberladung und Kurzschluss sowie einer 5-j\u00e4hrigen Herstellergarantie garantieren sie eine lange Lebensdauer und Sicherheit. Umweltfreundlich und ohne giftige Schwermetalle, bieten sie au\u00dferdem kein Risiko von Brand oder Explosion. Dank des kompakten Designs und geringen Gewichts lassen sie [&hellip;]\" \/>\n<meta property=\"og:url\" content=\"https:\/\/shop.bantam.ch\/de\/produkt\/batterie-lifepo4-mit-zellenheizung\/\" \/>\n<meta property=\"og:site_name\" content=\"Bantam\" \/>\n<meta property=\"article:modified_time\" content=\"2026-04-28T23:58:42+00:00\" \/>\n<meta name=\"twitter:card\" content=\"summary_large_image\" \/>\n<meta name=\"twitter:label1\" content=\"Gesch\u00e4tzte Lesezeit\" \/>\n\t<meta name=\"twitter:data1\" content=\"1\u00a0Minute\" \/>\n<script type=\"application\/ld+json\" class=\"yoast-schema-graph\">{\"@context\":\"https:\\\/\\\/schema.org\",\"@graph\":[{\"@type\":\"WebPage\",\"@id\":\"https:\\\/\\\/shop.bantam.ch\\\/de\\\/produkt\\\/batterie-lifepo4-mit-zellenheizung\\\/\",\"url\":\"https:\\\/\\\/shop.bantam.ch\\\/de\\\/produkt\\\/batterie-lifepo4-mit-zellenheizung\\\/\",\"name\":\"Batterie LiFePo4 mit Zellenheizung - Bantam\",\"isPartOf\":{\"@id\":\"https:\\\/\\\/shop.bantam.ch\\\/de\\\/#website\"},\"primaryImageOfPage\":{\"@id\":\"https:\\\/\\\/shop.bantam.ch\\\/de\\\/produkt\\\/batterie-lifepo4-mit-zellenheizung\\\/#primaryimage\"},\"image\":{\"@id\":\"https:\\\/\\\/shop.bantam.ch\\\/de\\\/produkt\\\/batterie-lifepo4-mit-zellenheizung\\\/#primaryimage\"},\"thumbnailUrl\":\"https:\\\/\\\/shop.bantam.ch\\\/wp-content\\\/uploads\\\/2025\\\/03\\\/Movera-L-9962703100.png\",\"datePublished\":\"2025-03-14T15:06:17+00:00\",\"dateModified\":\"2026-04-28T23:58:42+00:00\",\"breadcrumb\":{\"@id\":\"https:\\\/\\\/shop.bantam.ch\\\/de\\\/produkt\\\/batterie-lifepo4-mit-zellenheizung\\\/#breadcrumb\"},\"inLanguage\":\"de\",\"potentialAction\":[{\"@type\":\"ReadAction\",\"target\":[\"https:\\\/\\\/shop.bantam.ch\\\/de\\\/produkt\\\/batterie-lifepo4-mit-zellenheizung\\\/\"]}]},{\"@type\":\"ImageObject\",\"inLanguage\":\"de\",\"@id\":\"https:\\\/\\\/shop.bantam.ch\\\/de\\\/produkt\\\/batterie-lifepo4-mit-zellenheizung\\\/#primaryimage\",\"url\":\"https:\\\/\\\/shop.bantam.ch\\\/wp-content\\\/uploads\\\/2025\\\/03\\\/Movera-L-9962703100.png\",\"contentUrl\":\"https:\\\/\\\/shop.bantam.ch\\\/wp-content\\\/uploads\\\/2025\\\/03\\\/Movera-L-9962703100.png\",\"width\":640,\"height\":454},{\"@type\":\"BreadcrumbList\",\"@id\":\"https:\\\/\\\/shop.bantam.ch\\\/de\\\/produkt\\\/batterie-lifepo4-mit-zellenheizung\\\/#breadcrumb\",\"itemListElement\":[{\"@type\":\"ListItem\",\"position\":1,\"name\":\"Accueil\",\"item\":\"https:\\\/\\\/shop.bantam.ch\\\/de\\\/\"},{\"@type\":\"ListItem\",\"position\":2,\"name\":\"Shop\",\"item\":\"https:\\\/\\\/shop.bantam.ch\\\/de\\\/shop\\\/\"},{\"@type\":\"ListItem\",\"position\":3,\"name\":\"Batterie LiFePo4 mit Zellenheizung\"}]},{\"@type\":\"WebSite\",\"@id\":\"https:\\\/\\\/shop.bantam.ch\\\/de\\\/#website\",\"url\":\"https:\\\/\\\/shop.bantam.ch\\\/de\\\/\",\"name\":\"Bantam\",\"description\":\"\",\"publisher\":{\"@id\":\"https:\\\/\\\/shop.bantam.ch\\\/de\\\/#organization\"},\"inLanguage\":\"de\"},{\"@type\":\"Organization\",\"@id\":\"https:\\\/\\\/shop.bantam.ch\\\/de\\\/#organization\",\"name\":\"Bantam\",\"url\":\"https:\\\/\\\/shop.bantam.ch\\\/de\\\/\",\"logo\":{\"@type\":\"ImageObject\",\"inLanguage\":\"de\",\"@id\":\"https:\\\/\\\/shop.bantam.ch\\\/de\\\/#\\\/schema\\\/logo\\\/image\\\/\",\"url\":\"https:\\\/\\\/shop.bantam.ch\\\/wp-content\\\/uploads\\\/2022\\\/12\\\/bantam-logo.png\",\"contentUrl\":\"https:\\\/\\\/shop.bantam.ch\\\/wp-content\\\/uploads\\\/2022\\\/12\\\/bantam-logo.png\",\"width\":320,\"height\":71,\"caption\":\"Bantam\"},\"image\":{\"@id\":\"https:\\\/\\\/shop.bantam.ch\\\/de\\\/#\\\/schema\\\/logo\\\/image\\\/\"}}]}<\/script>\n<!-- \/ Yoast SEO plugin. -->","yoast_head_json":{"title":"Batterie LiFePo4 mit Zellenheizung - Bantam","robots":{"index":"index","follow":"follow","max-snippet":"max-snippet:-1","max-image-preview":"max-image-preview:large","max-video-preview":"max-video-preview:-1"},"canonical":"https:\/\/shop.bantam.ch\/de\/produkt\/batterie-lifepo4-mit-zellenheizung\/","og_locale":"de_DE","og_type":"article","og_title":"Batterie LiFePo4 mit Zellenheizung - Bantam","og_description":"Die ALDEN SOLARWATT LiFePO4 Batterien bieten modernste Technik und sind ideal f\u00fcr Wohnmobile und Vans. Mit Schutz vor \u00dcberladung und Kurzschluss sowie einer 5-j\u00e4hrigen Herstellergarantie garantieren sie eine lange Lebensdauer und Sicherheit. Umweltfreundlich und ohne giftige Schwermetalle, bieten sie au\u00dferdem kein Risiko von Brand oder Explosion. Dank des kompakten Designs und geringen Gewichts lassen sie [&hellip;]","og_url":"https:\/\/shop.bantam.ch\/de\/produkt\/batterie-lifepo4-mit-zellenheizung\/","og_site_name":"Bantam","article_modified_time":"2026-04-28T23:58:42+00:00","twitter_card":"summary_large_image","twitter_misc":{"Gesch\u00e4tzte Lesezeit":"1\u00a0Minute"},"schema":{"@context":"https:\/\/schema.org","@graph":[{"@type":"WebPage","@id":"https:\/\/shop.bantam.ch\/de\/produkt\/batterie-lifepo4-mit-zellenheizung\/","url":"https:\/\/shop.bantam.ch\/de\/produkt\/batterie-lifepo4-mit-zellenheizung\/","name":"Batterie LiFePo4 mit Zellenheizung - Bantam","isPartOf":{"@id":"https:\/\/shop.bantam.ch\/de\/#website"},"primaryImageOfPage":{"@id":"https:\/\/shop.bantam.ch\/de\/produkt\/batterie-lifepo4-mit-zellenheizung\/#primaryimage"},"image":{"@id":"https:\/\/shop.bantam.ch\/de\/produkt\/batterie-lifepo4-mit-zellenheizung\/#primaryimage"},"thumbnailUrl":"https:\/\/shop.bantam.ch\/wp-content\/uploads\/2025\/03\/Movera-L-9962703100.png","datePublished":"2025-03-14T15:06:17+00:00","dateModified":"2026-04-28T23:58:42+00:00","breadcrumb":{"@id":"https:\/\/shop.bantam.ch\/de\/produkt\/batterie-lifepo4-mit-zellenheizung\/#breadcrumb"},"inLanguage":"de","potentialAction":[{"@type":"ReadAction","target":["https:\/\/shop.bantam.ch\/de\/produkt\/batterie-lifepo4-mit-zellenheizung\/"]}]},{"@type":"ImageObject","inLanguage":"de","@id":"https:\/\/shop.bantam.ch\/de\/produkt\/batterie-lifepo4-mit-zellenheizung\/#primaryimage","url":"https:\/\/shop.bantam.ch\/wp-content\/uploads\/2025\/03\/Movera-L-9962703100.png","contentUrl":"https:\/\/shop.bantam.ch\/wp-content\/uploads\/2025\/03\/Movera-L-9962703100.png","width":640,"height":454},{"@type":"BreadcrumbList","@id":"https:\/\/shop.bantam.ch\/de\/produkt\/batterie-lifepo4-mit-zellenheizung\/#breadcrumb","itemListElement":[{"@type":"ListItem","position":1,"name":"Accueil","item":"https:\/\/shop.bantam.ch\/de\/"},{"@type":"ListItem","position":2,"name":"Shop","item":"https:\/\/shop.bantam.ch\/de\/shop\/"},{"@type":"ListItem","position":3,"name":"Batterie LiFePo4 mit Zellenheizung"}]},{"@type":"WebSite","@id":"https:\/\/shop.bantam.ch\/de\/#website","url":"https:\/\/shop.bantam.ch\/de\/","name":"Bantam","description":"","publisher":{"@id":"https:\/\/shop.bantam.ch\/de\/#organization"},"inLanguage":"de"},{"@type":"Organization","@id":"https:\/\/shop.bantam.ch\/de\/#organization","name":"Bantam","url":"https:\/\/shop.bantam.ch\/de\/","logo":{"@type":"ImageObject","inLanguage":"de","@id":"https:\/\/shop.bantam.ch\/de\/#\/schema\/logo\/image\/","url":"https:\/\/shop.bantam.ch\/wp-content\/uploads\/2022\/12\/bantam-logo.png","contentUrl":"https:\/\/shop.bantam.ch\/wp-content\/uploads\/2022\/12\/bantam-logo.png","width":320,"height":71,"caption":"Bantam"},"image":{"@id":"https:\/\/shop.bantam.ch\/de\/#\/schema\/logo\/image\/"}}]}},"_links":{"self":[{"href":"https:\/\/shop.bantam.ch\/de\/wp-json\/wp\/v2\/product\/214444","targetHints":{"allow":["GET"]}}],"collection":[{"href":"https:\/\/shop.bantam.ch\/de\/wp-json\/wp\/v2\/product"}],"about":[{"href":"https:\/\/shop.bantam.ch\/de\/wp-json\/wp\/v2\/types\/product"}],"wp:featuredmedia":[{"embeddable":true,"href":"https:\/\/shop.bantam.ch\/de\/wp-json\/wp\/v2\/media\/214439"}],"wp:attachment":[{"href":"https:\/\/shop.bantam.ch\/de\/wp-json\/wp\/v2\/media?parent=214444"}],"wp:term":[{"taxonomy":"product_featured_cat","embeddable":true,"href":"https:\/\/shop.bantam.ch\/de\/wp-json\/wp\/v2\/product_featured_cat?post=214444"},{"taxonomy":"product_brand","embeddable":true,"href":"https:\/\/shop.bantam.ch\/de\/wp-json\/wp\/v2\/product_brand?post=214444"},{"taxonomy":"product_cat","embeddable":true,"href":"https:\/\/shop.bantam.ch\/de\/wp-json\/wp\/v2\/product_cat?post=214444"},{"taxonomy":"product_tag","embeddable":true,"href":"https:\/\/shop.bantam.ch\/de\/wp-json\/wp\/v2\/product_tag?post=214444"}],"curies":[{"name":"wp","href":"https:\/\/api.w.org\/{rel}","templated":true}]}}