{"id":214400,"date":"2025-03-14T16:05:08","date_gmt":"2025-03-14T15:05:08","guid":{"rendered":"https:\/\/shop.bantam.ch\/produit\/batterieladegeraet-smart-charge-sc\/"},"modified":"2026-04-17T02:39:54","modified_gmt":"2026-04-17T00:39:54","slug":"batterieladegeraet-smart-charge-sc","status":"publish","type":"product","link":"https:\/\/shop.bantam.ch\/de\/produkt\/batterieladegeraet-smart-charge-sc\/","title":{"rendered":"Batterieladeger\u00e4t Smart Charge SC"},"content":{"rendered":"<p>Universelles AC-DC-Ladeger\u00e4t<br \/>\nJe nach Modell werden bis zu 9 Ladestufen durchlaufen. Die Batteriediagnose pr\u00fcft, ob die Ladung aufgenommen und gehalten wird. Die Desulfatierung tr\u00e4gt dazu bei, die Platten frei von Sulfat-Ablagerungen zu halten. Die Erhaltungsladung sorgt f\u00fcr den Erhalt der Leistungsf\u00e4higkeit der Batterien zu 95 \u2013 100 %. Zur Wartung der Batterien von Saisonfahrzeugen w\u00e4hrend der Wintermonate.<\/p>\n<ul>\n<li>Geeignet auch f\u00fcr LiFePO4-Batterien ab SCS4<\/li>\n<li>Neuer Opticharge-Algorithmus<\/li>\n<li>Ausw\u00e4hlbare Ladekurven<\/li>\n<li>Schutzart IP65<\/li>\n<li>Anschlusskabel mit Ringkabelschuhen (nicht SCS 15 und SCS 25) f\u00fcr den Festeinbau und Krokodilklemmen f\u00fcr den mobilen Einsatz im Lieferumfang<\/li>\n<li>Verwendbar f\u00fcr AGM, Gel, Nass, Lithium (siehe Hinweis 9962690)<\/li>\n<\/ul>\n","protected":false},"excerpt":{"rendered":"<p>Universelles AC-DC-Ladeger\u00e4t Je nach Modell werden bis zu 9 Ladestufen durchlaufen. Die Batteriediagnose pr\u00fcft, ob die Ladung aufgenommen und gehalten wird. Die Desulfatierung tr\u00e4gt dazu bei, die Platten frei von Sulfat-Ablagerungen zu halten. Die Erhaltungsladung sorgt f\u00fcr den Erhalt der Leistungsf\u00e4higkeit der Batterien zu 95 \u2013 100 %. Zur Wartung der Batterien von Saisonfahrzeugen w\u00e4hrend [&hellip;]<\/p>\n","protected":false},"featured_media":214393,"template":"","meta":{"_acf_changed":false},"product_featured_cat":[],"product_brand":[],"product_cat":[4190],"product_tag":[],"class_list":{"0":"post-214400","1":"product","2":"type-product","3":"status-publish","4":"has-post-thumbnail","6":"product_cat-batterieladegeraete","8":"first","9":"instock","10":"taxable","11":"shipping-taxable","12":"purchasable","13":"product-type-variable"},"acf":[],"yoast_head":"<!-- This site is optimized with the Yoast SEO plugin v27.4 - https:\/\/yoast.com\/product\/yoast-seo-wordpress\/ -->\n<title>Batterieladeger\u00e4t Smart Charge SC - Bantam Camping AG<\/title>\n<meta name=\"robots\" content=\"index, follow, max-snippet:-1, max-image-preview:large, max-video-preview:-1\" \/>\n<link rel=\"canonical\" href=\"https:\/\/shop.bantam.ch\/de\/produkt\/batterieladegeraet-smart-charge-sc\/\" \/>\n<meta property=\"og:locale\" content=\"de_DE\" \/>\n<meta property=\"og:type\" content=\"article\" \/>\n<meta property=\"og:title\" content=\"Batterieladeger\u00e4t Smart Charge SC - Bantam Camping AG\" \/>\n<meta property=\"og:description\" content=\"Universelles AC-DC-Ladeger\u00e4t Je nach Modell werden bis zu 9 Ladestufen durchlaufen. Die Batteriediagnose pr\u00fcft, ob die Ladung aufgenommen und gehalten wird. Die Desulfatierung tr\u00e4gt dazu bei, die Platten frei von Sulfat-Ablagerungen zu halten. Die Erhaltungsladung sorgt f\u00fcr den Erhalt der Leistungsf\u00e4higkeit der Batterien zu 95 \u2013 100 %. Zur Wartung der Batterien von Saisonfahrzeugen w\u00e4hrend [&hellip;]\" \/>\n<meta property=\"og:url\" content=\"https:\/\/shop.bantam.ch\/de\/produkt\/batterieladegeraet-smart-charge-sc\/\" \/>\n<meta property=\"og:site_name\" content=\"Bantam Camping AG\" \/>\n<meta property=\"article:modified_time\" content=\"2026-04-17T00:39:54+00:00\" \/>\n<meta name=\"twitter:card\" content=\"summary_large_image\" \/>\n<meta name=\"twitter:label1\" content=\"Gesch\u00e4tzte Lesezeit\" \/>\n\t<meta name=\"twitter:data1\" content=\"1\u00a0Minute\" \/>\n<script type=\"application\/ld+json\" class=\"yoast-schema-graph\">{\"@context\":\"https:\\\/\\\/schema.org\",\"@graph\":[{\"@type\":\"WebPage\",\"@id\":\"https:\\\/\\\/shop.bantam.ch\\\/de\\\/produkt\\\/batterieladegeraet-smart-charge-sc\\\/\",\"url\":\"https:\\\/\\\/shop.bantam.ch\\\/de\\\/produkt\\\/batterieladegeraet-smart-charge-sc\\\/\",\"name\":\"Batterieladeger\u00e4t Smart Charge SC - Bantam Camping AG\",\"isPartOf\":{\"@id\":\"https:\\\/\\\/shop.bantam.ch\\\/de\\\/#website\"},\"primaryImageOfPage\":{\"@id\":\"https:\\\/\\\/shop.bantam.ch\\\/de\\\/produkt\\\/batterieladegeraet-smart-charge-sc\\\/#primaryimage\"},\"image\":{\"@id\":\"https:\\\/\\\/shop.bantam.ch\\\/de\\\/produkt\\\/batterieladegeraet-smart-charge-sc\\\/#primaryimage\"},\"thumbnailUrl\":\"https:\\\/\\\/shop.bantam.ch\\\/wp-content\\\/uploads\\\/2025\\\/03\\\/Movera-L-9962690100.jpg\",\"datePublished\":\"2025-03-14T15:05:08+00:00\",\"dateModified\":\"2026-04-17T00:39:54+00:00\",\"breadcrumb\":{\"@id\":\"https:\\\/\\\/shop.bantam.ch\\\/de\\\/produkt\\\/batterieladegeraet-smart-charge-sc\\\/#breadcrumb\"},\"inLanguage\":\"de\",\"potentialAction\":[{\"@type\":\"ReadAction\",\"target\":[\"https:\\\/\\\/shop.bantam.ch\\\/de\\\/produkt\\\/batterieladegeraet-smart-charge-sc\\\/\"]}]},{\"@type\":\"ImageObject\",\"inLanguage\":\"de\",\"@id\":\"https:\\\/\\\/shop.bantam.ch\\\/de\\\/produkt\\\/batterieladegeraet-smart-charge-sc\\\/#primaryimage\",\"url\":\"https:\\\/\\\/shop.bantam.ch\\\/wp-content\\\/uploads\\\/2025\\\/03\\\/Movera-L-9962690100.jpg\",\"contentUrl\":\"https:\\\/\\\/shop.bantam.ch\\\/wp-content\\\/uploads\\\/2025\\\/03\\\/Movera-L-9962690100.jpg\",\"width\":640,\"height\":640},{\"@type\":\"BreadcrumbList\",\"@id\":\"https:\\\/\\\/shop.bantam.ch\\\/de\\\/produkt\\\/batterieladegeraet-smart-charge-sc\\\/#breadcrumb\",\"itemListElement\":[{\"@type\":\"ListItem\",\"position\":1,\"name\":\"Accueil\",\"item\":\"https:\\\/\\\/shop.bantam.ch\\\/de\\\/\"},{\"@type\":\"ListItem\",\"position\":2,\"name\":\"Shop\",\"item\":\"https:\\\/\\\/shop.bantam.ch\\\/de\\\/shop\\\/\"},{\"@type\":\"ListItem\",\"position\":3,\"name\":\"Batterieladeger\u00e4t Smart Charge SC\"}]},{\"@type\":\"WebSite\",\"@id\":\"https:\\\/\\\/shop.bantam.ch\\\/de\\\/#website\",\"url\":\"https:\\\/\\\/shop.bantam.ch\\\/de\\\/\",\"name\":\"Bantam Camping AG\",\"description\":\"\",\"publisher\":{\"@id\":\"https:\\\/\\\/shop.bantam.ch\\\/de\\\/#organization\"},\"inLanguage\":\"de\"},{\"@type\":\"Organization\",\"@id\":\"https:\\\/\\\/shop.bantam.ch\\\/de\\\/#organization\",\"name\":\"Bantam Camping AG\",\"url\":\"https:\\\/\\\/shop.bantam.ch\\\/de\\\/\",\"logo\":{\"@type\":\"ImageObject\",\"inLanguage\":\"de\",\"@id\":\"https:\\\/\\\/shop.bantam.ch\\\/de\\\/#\\\/schema\\\/logo\\\/image\\\/\",\"url\":\"https:\\\/\\\/shop.bantam.ch\\\/wp-content\\\/uploads\\\/2022\\\/12\\\/bantam-logo.png\",\"contentUrl\":\"https:\\\/\\\/shop.bantam.ch\\\/wp-content\\\/uploads\\\/2022\\\/12\\\/bantam-logo.png\",\"width\":320,\"height\":71,\"caption\":\"Bantam Camping AG\"},\"image\":{\"@id\":\"https:\\\/\\\/shop.bantam.ch\\\/de\\\/#\\\/schema\\\/logo\\\/image\\\/\"}}]}<\/script>\n<!-- \/ Yoast SEO plugin. -->","yoast_head_json":{"title":"Batterieladeger\u00e4t Smart Charge SC - Bantam Camping AG","robots":{"index":"index","follow":"follow","max-snippet":"max-snippet:-1","max-image-preview":"max-image-preview:large","max-video-preview":"max-video-preview:-1"},"canonical":"https:\/\/shop.bantam.ch\/de\/produkt\/batterieladegeraet-smart-charge-sc\/","og_locale":"de_DE","og_type":"article","og_title":"Batterieladeger\u00e4t Smart Charge SC - Bantam Camping AG","og_description":"Universelles AC-DC-Ladeger\u00e4t Je nach Modell werden bis zu 9 Ladestufen durchlaufen. Die Batteriediagnose pr\u00fcft, ob die Ladung aufgenommen und gehalten wird. Die Desulfatierung tr\u00e4gt dazu bei, die Platten frei von Sulfat-Ablagerungen zu halten. Die Erhaltungsladung sorgt f\u00fcr den Erhalt der Leistungsf\u00e4higkeit der Batterien zu 95 \u2013 100 %. Zur Wartung der Batterien von Saisonfahrzeugen w\u00e4hrend [&hellip;]","og_url":"https:\/\/shop.bantam.ch\/de\/produkt\/batterieladegeraet-smart-charge-sc\/","og_site_name":"Bantam Camping AG","article_modified_time":"2026-04-17T00:39:54+00:00","twitter_card":"summary_large_image","twitter_misc":{"Gesch\u00e4tzte Lesezeit":"1\u00a0Minute"},"schema":{"@context":"https:\/\/schema.org","@graph":[{"@type":"WebPage","@id":"https:\/\/shop.bantam.ch\/de\/produkt\/batterieladegeraet-smart-charge-sc\/","url":"https:\/\/shop.bantam.ch\/de\/produkt\/batterieladegeraet-smart-charge-sc\/","name":"Batterieladeger\u00e4t Smart Charge SC - Bantam Camping AG","isPartOf":{"@id":"https:\/\/shop.bantam.ch\/de\/#website"},"primaryImageOfPage":{"@id":"https:\/\/shop.bantam.ch\/de\/produkt\/batterieladegeraet-smart-charge-sc\/#primaryimage"},"image":{"@id":"https:\/\/shop.bantam.ch\/de\/produkt\/batterieladegeraet-smart-charge-sc\/#primaryimage"},"thumbnailUrl":"https:\/\/shop.bantam.ch\/wp-content\/uploads\/2025\/03\/Movera-L-9962690100.jpg","datePublished":"2025-03-14T15:05:08+00:00","dateModified":"2026-04-17T00:39:54+00:00","breadcrumb":{"@id":"https:\/\/shop.bantam.ch\/de\/produkt\/batterieladegeraet-smart-charge-sc\/#breadcrumb"},"inLanguage":"de","potentialAction":[{"@type":"ReadAction","target":["https:\/\/shop.bantam.ch\/de\/produkt\/batterieladegeraet-smart-charge-sc\/"]}]},{"@type":"ImageObject","inLanguage":"de","@id":"https:\/\/shop.bantam.ch\/de\/produkt\/batterieladegeraet-smart-charge-sc\/#primaryimage","url":"https:\/\/shop.bantam.ch\/wp-content\/uploads\/2025\/03\/Movera-L-9962690100.jpg","contentUrl":"https:\/\/shop.bantam.ch\/wp-content\/uploads\/2025\/03\/Movera-L-9962690100.jpg","width":640,"height":640},{"@type":"BreadcrumbList","@id":"https:\/\/shop.bantam.ch\/de\/produkt\/batterieladegeraet-smart-charge-sc\/#breadcrumb","itemListElement":[{"@type":"ListItem","position":1,"name":"Accueil","item":"https:\/\/shop.bantam.ch\/de\/"},{"@type":"ListItem","position":2,"name":"Shop","item":"https:\/\/shop.bantam.ch\/de\/shop\/"},{"@type":"ListItem","position":3,"name":"Batterieladeger\u00e4t Smart Charge SC"}]},{"@type":"WebSite","@id":"https:\/\/shop.bantam.ch\/de\/#website","url":"https:\/\/shop.bantam.ch\/de\/","name":"Bantam Camping AG","description":"","publisher":{"@id":"https:\/\/shop.bantam.ch\/de\/#organization"},"inLanguage":"de"},{"@type":"Organization","@id":"https:\/\/shop.bantam.ch\/de\/#organization","name":"Bantam Camping AG","url":"https:\/\/shop.bantam.ch\/de\/","logo":{"@type":"ImageObject","inLanguage":"de","@id":"https:\/\/shop.bantam.ch\/de\/#\/schema\/logo\/image\/","url":"https:\/\/shop.bantam.ch\/wp-content\/uploads\/2022\/12\/bantam-logo.png","contentUrl":"https:\/\/shop.bantam.ch\/wp-content\/uploads\/2022\/12\/bantam-logo.png","width":320,"height":71,"caption":"Bantam Camping AG"},"image":{"@id":"https:\/\/shop.bantam.ch\/de\/#\/schema\/logo\/image\/"}}]}},"_links":{"self":[{"href":"https:\/\/shop.bantam.ch\/de\/wp-json\/wp\/v2\/product\/214400","targetHints":{"allow":["GET"]}}],"collection":[{"href":"https:\/\/shop.bantam.ch\/de\/wp-json\/wp\/v2\/product"}],"about":[{"href":"https:\/\/shop.bantam.ch\/de\/wp-json\/wp\/v2\/types\/product"}],"wp:featuredmedia":[{"embeddable":true,"href":"https:\/\/shop.bantam.ch\/de\/wp-json\/wp\/v2\/media\/214393"}],"wp:attachment":[{"href":"https:\/\/shop.bantam.ch\/de\/wp-json\/wp\/v2\/media?parent=214400"}],"wp:term":[{"taxonomy":"product_featured_cat","embeddable":true,"href":"https:\/\/shop.bantam.ch\/de\/wp-json\/wp\/v2\/product_featured_cat?post=214400"},{"taxonomy":"product_brand","embeddable":true,"href":"https:\/\/shop.bantam.ch\/de\/wp-json\/wp\/v2\/product_brand?post=214400"},{"taxonomy":"product_cat","embeddable":true,"href":"https:\/\/shop.bantam.ch\/de\/wp-json\/wp\/v2\/product_cat?post=214400"},{"taxonomy":"product_tag","embeddable":true,"href":"https:\/\/shop.bantam.ch\/de\/wp-json\/wp\/v2\/product_tag?post=214400"}],"curies":[{"name":"wp","href":"https:\/\/api.w.org\/{rel}","templated":true}]}}