{"id":214345,"date":"2025-03-14T16:03:27","date_gmt":"2025-03-14T15:03:27","guid":{"rendered":"https:\/\/shop.bantam.ch\/produit\/batterie-mover\/"},"modified":"2026-04-29T01:58:10","modified_gmt":"2026-04-28T23:58:10","slug":"batterie-mover","status":"publish","type":"product","link":"https:\/\/shop.bantam.ch\/de\/produkt\/batterie-mover\/","title":{"rendered":"Batterie Mover"},"content":{"rendered":"<p>Diese 50Ah Mover-Batterie ersetzt eine GEL oder AGM Batterie von einer Kapazit\u00e4t bis zu 100Ah, bei 12V. Dabei nimmt sie viel weniger Raum ein, und ist um einiges leichter als herk\u00f6mmliche Bleibatterien. Auch k\u00f6nnen die BullTron Batterien liegend installiert werden.<br \/>\nDie Installation ist denkbar einfach: alte Batterie raus, neue Batterie rein, fertig. Im Regelfall k\u00f6nnen vorhandene Ladeger\u00e4te beibehalten werden. Auf Wunsch kann eine zweite Batterie dazu gepackt und parallel verschaltet werden.<\/p>\n<p>6 Gr\u00fcnde, die f\u00fcr eine 50Ah Mover Batterie von BullTron sprechen:<\/p>\n<ul>\n<li>Entwickelt und konfektioniert in Deutschland. BullTron ist ein deutscher Hersteller, und so finden auch Service und Reparatur in Deutschland statt.<\/li>\n<li>Langlebigkeit. Mit \u00fcber 6.000 Zyklen (bei 80 Prozent DOD) verspricht diese Lithiumbatterie sehr lange zu halten.<\/li>\n<li>Super kompakt. Wie alle LiFePO4 von BullTron ist auch die 50Ah Variante extrem klein und passt dadurch an fast jeden Ort sowie in kleine Schr\u00e4nke oder Abseiten.<\/li>\n<li>Extrem leicht. Mit nur 5kg ist diese Batterie bis zu 85 Prozent leichter als als eine 100Ah Bleibatterie (gleiche nutzbare Kapazit\u00e4t).<\/li>\n<li>5 Jahre deutsche Hersteller-Garantie.<\/li>\n<li>Neue, leichtere, wartungsfreundliche Technik. Bauteile werden weder verklebt noch verschwei\u00dft, das verschraubte Geh\u00e4use kann ge\u00f6ffnet werden &#8211; das verspricht eine einfache und kosteng\u00fcnstige Reparatur, auch weit \u00fcber den Garantiezeitraum hinaus.<\/li>\n<\/ul>\n<p>Vorteile von BullTron Batterien:<\/p>\n<ul>\n<li>Konfektionierung &amp; Montage in Deutschland<\/li>\n<li>5 Jahre deutsche Herstellergarantie (Optional 10 Jahre)<\/li>\n<li>Service, Wartung und Reparatur in Deutschland (innerhalb 1 Tag)<\/li>\n<li>verschraubtes Geh\u00e4use (kann ge\u00f6ffnet werden)<\/li>\n<li>Kabel und elektronische Komponenten auswechselbar (geschraubt)<\/li>\n<li>Verwendung hochwertiger &amp; langlebiger Komponenten<\/li>\n<li>bis 75 Prozent h\u00f6here Zyklenlebensdauer als andere LiFePO4 Batterien<\/li>\n<li>bis 45 Prozent kleiner und bis 35% leichter als andere LiFePO4 Batterien<\/li>\n<li>Diese Batterie ist extrem klein und leicht und ersetzt problemlos eine 95Ah AGM Batterie.<\/li>\n<\/ul>\n","protected":false},"excerpt":{"rendered":"<p>Diese 50Ah Mover-Batterie ersetzt eine GEL oder AGM Batterie von einer Kapazit\u00e4t bis zu 100Ah, bei 12V. Dabei nimmt sie viel weniger Raum ein, und ist um einiges leichter als herk\u00f6mmliche Bleibatterien. Auch k\u00f6nnen die BullTron Batterien liegend installiert werden. Die Installation ist denkbar einfach: alte Batterie raus, neue Batterie rein, fertig. Im Regelfall k\u00f6nnen [&hellip;]<\/p>\n","protected":false},"featured_media":214329,"template":"","meta":{"_acf_changed":false},"product_featured_cat":[],"product_brand":[],"product_cat":[4188],"product_tag":[],"class_list":{"0":"post-214345","1":"product","2":"type-product","3":"status-publish","4":"has-post-thumbnail","6":"product_cat-batterien","8":"first","9":"instock","10":"taxable","11":"shipping-taxable","12":"purchasable","13":"product-type-variable"},"acf":[],"yoast_head":"<!-- This site is optimized with the Yoast SEO plugin v27.5 - https:\/\/yoast.com\/product\/yoast-seo-wordpress\/ -->\n<title>Batterie Mover - Bantam<\/title>\n<meta name=\"robots\" content=\"index, follow, max-snippet:-1, max-image-preview:large, max-video-preview:-1\" \/>\n<link rel=\"canonical\" href=\"https:\/\/shop.bantam.ch\/de\/produkt\/batterie-mover\/\" \/>\n<meta property=\"og:locale\" content=\"de_DE\" \/>\n<meta property=\"og:type\" content=\"article\" \/>\n<meta property=\"og:title\" content=\"Batterie Mover - Bantam\" \/>\n<meta property=\"og:description\" content=\"Diese 50Ah Mover-Batterie ersetzt eine GEL oder AGM Batterie von einer Kapazit\u00e4t bis zu 100Ah, bei 12V. Dabei nimmt sie viel weniger Raum ein, und ist um einiges leichter als herk\u00f6mmliche Bleibatterien. Auch k\u00f6nnen die BullTron Batterien liegend installiert werden. Die Installation ist denkbar einfach: alte Batterie raus, neue Batterie rein, fertig. Im Regelfall k\u00f6nnen [&hellip;]\" \/>\n<meta property=\"og:url\" content=\"https:\/\/shop.bantam.ch\/de\/produkt\/batterie-mover\/\" \/>\n<meta property=\"og:site_name\" content=\"Bantam\" \/>\n<meta property=\"article:modified_time\" content=\"2026-04-28T23:58:10+00:00\" \/>\n<meta name=\"twitter:card\" content=\"summary_large_image\" \/>\n<meta name=\"twitter:label1\" content=\"Gesch\u00e4tzte Lesezeit\" \/>\n\t<meta name=\"twitter:data1\" content=\"1\u00a0Minute\" \/>\n<script type=\"application\/ld+json\" class=\"yoast-schema-graph\">{\"@context\":\"https:\\\/\\\/schema.org\",\"@graph\":[{\"@type\":\"WebPage\",\"@id\":\"https:\\\/\\\/shop.bantam.ch\\\/de\\\/produkt\\\/batterie-mover\\\/\",\"url\":\"https:\\\/\\\/shop.bantam.ch\\\/de\\\/produkt\\\/batterie-mover\\\/\",\"name\":\"Batterie Mover - Bantam\",\"isPartOf\":{\"@id\":\"https:\\\/\\\/shop.bantam.ch\\\/de\\\/#website\"},\"primaryImageOfPage\":{\"@id\":\"https:\\\/\\\/shop.bantam.ch\\\/de\\\/produkt\\\/batterie-mover\\\/#primaryimage\"},\"image\":{\"@id\":\"https:\\\/\\\/shop.bantam.ch\\\/de\\\/produkt\\\/batterie-mover\\\/#primaryimage\"},\"thumbnailUrl\":\"https:\\\/\\\/shop.bantam.ch\\\/wp-content\\\/uploads\\\/2025\\\/03\\\/Movera-L-9962676100.png\",\"datePublished\":\"2025-03-14T15:03:27+00:00\",\"dateModified\":\"2026-04-28T23:58:10+00:00\",\"breadcrumb\":{\"@id\":\"https:\\\/\\\/shop.bantam.ch\\\/de\\\/produkt\\\/batterie-mover\\\/#breadcrumb\"},\"inLanguage\":\"de\",\"potentialAction\":[{\"@type\":\"ReadAction\",\"target\":[\"https:\\\/\\\/shop.bantam.ch\\\/de\\\/produkt\\\/batterie-mover\\\/\"]}]},{\"@type\":\"ImageObject\",\"inLanguage\":\"de\",\"@id\":\"https:\\\/\\\/shop.bantam.ch\\\/de\\\/produkt\\\/batterie-mover\\\/#primaryimage\",\"url\":\"https:\\\/\\\/shop.bantam.ch\\\/wp-content\\\/uploads\\\/2025\\\/03\\\/Movera-L-9962676100.png\",\"contentUrl\":\"https:\\\/\\\/shop.bantam.ch\\\/wp-content\\\/uploads\\\/2025\\\/03\\\/Movera-L-9962676100.png\",\"width\":640,\"height\":601},{\"@type\":\"BreadcrumbList\",\"@id\":\"https:\\\/\\\/shop.bantam.ch\\\/de\\\/produkt\\\/batterie-mover\\\/#breadcrumb\",\"itemListElement\":[{\"@type\":\"ListItem\",\"position\":1,\"name\":\"Accueil\",\"item\":\"https:\\\/\\\/shop.bantam.ch\\\/de\\\/\"},{\"@type\":\"ListItem\",\"position\":2,\"name\":\"Shop\",\"item\":\"https:\\\/\\\/shop.bantam.ch\\\/de\\\/shop\\\/\"},{\"@type\":\"ListItem\",\"position\":3,\"name\":\"Batterie Mover\"}]},{\"@type\":\"WebSite\",\"@id\":\"https:\\\/\\\/shop.bantam.ch\\\/de\\\/#website\",\"url\":\"https:\\\/\\\/shop.bantam.ch\\\/de\\\/\",\"name\":\"Bantam\",\"description\":\"\",\"publisher\":{\"@id\":\"https:\\\/\\\/shop.bantam.ch\\\/de\\\/#organization\"},\"inLanguage\":\"de\"},{\"@type\":\"Organization\",\"@id\":\"https:\\\/\\\/shop.bantam.ch\\\/de\\\/#organization\",\"name\":\"Bantam\",\"url\":\"https:\\\/\\\/shop.bantam.ch\\\/de\\\/\",\"logo\":{\"@type\":\"ImageObject\",\"inLanguage\":\"de\",\"@id\":\"https:\\\/\\\/shop.bantam.ch\\\/de\\\/#\\\/schema\\\/logo\\\/image\\\/\",\"url\":\"https:\\\/\\\/shop.bantam.ch\\\/wp-content\\\/uploads\\\/2022\\\/12\\\/bantam-logo.png\",\"contentUrl\":\"https:\\\/\\\/shop.bantam.ch\\\/wp-content\\\/uploads\\\/2022\\\/12\\\/bantam-logo.png\",\"width\":320,\"height\":71,\"caption\":\"Bantam\"},\"image\":{\"@id\":\"https:\\\/\\\/shop.bantam.ch\\\/de\\\/#\\\/schema\\\/logo\\\/image\\\/\"}}]}<\/script>\n<!-- \/ Yoast SEO plugin. -->","yoast_head_json":{"title":"Batterie Mover - Bantam","robots":{"index":"index","follow":"follow","max-snippet":"max-snippet:-1","max-image-preview":"max-image-preview:large","max-video-preview":"max-video-preview:-1"},"canonical":"https:\/\/shop.bantam.ch\/de\/produkt\/batterie-mover\/","og_locale":"de_DE","og_type":"article","og_title":"Batterie Mover - Bantam","og_description":"Diese 50Ah Mover-Batterie ersetzt eine GEL oder AGM Batterie von einer Kapazit\u00e4t bis zu 100Ah, bei 12V. Dabei nimmt sie viel weniger Raum ein, und ist um einiges leichter als herk\u00f6mmliche Bleibatterien. Auch k\u00f6nnen die BullTron Batterien liegend installiert werden. Die Installation ist denkbar einfach: alte Batterie raus, neue Batterie rein, fertig. Im Regelfall k\u00f6nnen [&hellip;]","og_url":"https:\/\/shop.bantam.ch\/de\/produkt\/batterie-mover\/","og_site_name":"Bantam","article_modified_time":"2026-04-28T23:58:10+00:00","twitter_card":"summary_large_image","twitter_misc":{"Gesch\u00e4tzte Lesezeit":"1\u00a0Minute"},"schema":{"@context":"https:\/\/schema.org","@graph":[{"@type":"WebPage","@id":"https:\/\/shop.bantam.ch\/de\/produkt\/batterie-mover\/","url":"https:\/\/shop.bantam.ch\/de\/produkt\/batterie-mover\/","name":"Batterie Mover - Bantam","isPartOf":{"@id":"https:\/\/shop.bantam.ch\/de\/#website"},"primaryImageOfPage":{"@id":"https:\/\/shop.bantam.ch\/de\/produkt\/batterie-mover\/#primaryimage"},"image":{"@id":"https:\/\/shop.bantam.ch\/de\/produkt\/batterie-mover\/#primaryimage"},"thumbnailUrl":"https:\/\/shop.bantam.ch\/wp-content\/uploads\/2025\/03\/Movera-L-9962676100.png","datePublished":"2025-03-14T15:03:27+00:00","dateModified":"2026-04-28T23:58:10+00:00","breadcrumb":{"@id":"https:\/\/shop.bantam.ch\/de\/produkt\/batterie-mover\/#breadcrumb"},"inLanguage":"de","potentialAction":[{"@type":"ReadAction","target":["https:\/\/shop.bantam.ch\/de\/produkt\/batterie-mover\/"]}]},{"@type":"ImageObject","inLanguage":"de","@id":"https:\/\/shop.bantam.ch\/de\/produkt\/batterie-mover\/#primaryimage","url":"https:\/\/shop.bantam.ch\/wp-content\/uploads\/2025\/03\/Movera-L-9962676100.png","contentUrl":"https:\/\/shop.bantam.ch\/wp-content\/uploads\/2025\/03\/Movera-L-9962676100.png","width":640,"height":601},{"@type":"BreadcrumbList","@id":"https:\/\/shop.bantam.ch\/de\/produkt\/batterie-mover\/#breadcrumb","itemListElement":[{"@type":"ListItem","position":1,"name":"Accueil","item":"https:\/\/shop.bantam.ch\/de\/"},{"@type":"ListItem","position":2,"name":"Shop","item":"https:\/\/shop.bantam.ch\/de\/shop\/"},{"@type":"ListItem","position":3,"name":"Batterie Mover"}]},{"@type":"WebSite","@id":"https:\/\/shop.bantam.ch\/de\/#website","url":"https:\/\/shop.bantam.ch\/de\/","name":"Bantam","description":"","publisher":{"@id":"https:\/\/shop.bantam.ch\/de\/#organization"},"inLanguage":"de"},{"@type":"Organization","@id":"https:\/\/shop.bantam.ch\/de\/#organization","name":"Bantam","url":"https:\/\/shop.bantam.ch\/de\/","logo":{"@type":"ImageObject","inLanguage":"de","@id":"https:\/\/shop.bantam.ch\/de\/#\/schema\/logo\/image\/","url":"https:\/\/shop.bantam.ch\/wp-content\/uploads\/2022\/12\/bantam-logo.png","contentUrl":"https:\/\/shop.bantam.ch\/wp-content\/uploads\/2022\/12\/bantam-logo.png","width":320,"height":71,"caption":"Bantam"},"image":{"@id":"https:\/\/shop.bantam.ch\/de\/#\/schema\/logo\/image\/"}}]}},"_links":{"self":[{"href":"https:\/\/shop.bantam.ch\/de\/wp-json\/wp\/v2\/product\/214345","targetHints":{"allow":["GET"]}}],"collection":[{"href":"https:\/\/shop.bantam.ch\/de\/wp-json\/wp\/v2\/product"}],"about":[{"href":"https:\/\/shop.bantam.ch\/de\/wp-json\/wp\/v2\/types\/product"}],"wp:featuredmedia":[{"embeddable":true,"href":"https:\/\/shop.bantam.ch\/de\/wp-json\/wp\/v2\/media\/214329"}],"wp:attachment":[{"href":"https:\/\/shop.bantam.ch\/de\/wp-json\/wp\/v2\/media?parent=214345"}],"wp:term":[{"taxonomy":"product_featured_cat","embeddable":true,"href":"https:\/\/shop.bantam.ch\/de\/wp-json\/wp\/v2\/product_featured_cat?post=214345"},{"taxonomy":"product_brand","embeddable":true,"href":"https:\/\/shop.bantam.ch\/de\/wp-json\/wp\/v2\/product_brand?post=214345"},{"taxonomy":"product_cat","embeddable":true,"href":"https:\/\/shop.bantam.ch\/de\/wp-json\/wp\/v2\/product_cat?post=214345"},{"taxonomy":"product_tag","embeddable":true,"href":"https:\/\/shop.bantam.ch\/de\/wp-json\/wp\/v2\/product_tag?post=214345"}],"curies":[{"name":"wp","href":"https:\/\/api.w.org\/{rel}","templated":true}]}}