{"id":214213,"date":"2025-03-14T15:59:49","date_gmt":"2025-03-14T14:59:49","guid":{"rendered":"https:\/\/shop.bantam.ch\/produit\/faltbare-silikonlampe-aura\/"},"modified":"2026-05-11T23:24:16","modified_gmt":"2026-05-11T21:24:16","slug":"faltbare-silikonlampe-aura","status":"publish","type":"product","link":"https:\/\/shop.bantam.ch\/de\/produkt\/faltbare-silikonlampe-aura\/","title":{"rendered":"Faltbare Silikonlampe Aura"},"content":{"rendered":"<p>Faltbare Silikonleuchte &#8211; eine innovative und vielseitige Beleuchtungsl\u00f6sung f\u00fcr jeden Outdoor-Fan. Der aus strapazierf\u00e4higem Silikon gefertigte Lampenschirm sorgt f\u00fcr optimale Beleuchtung. Sie haben die M\u00f6glichkeit zwischen zwei Lichteinstellungen zu w\u00e4hlen, wodurch die Leuchte sich perfekt in jede Umgebung einf\u00fcgt. Das faltbare, platzsparende Design macht sie zu einer idealen Wahl f\u00fcr Campingausfl\u00fcge, als Zeltbeleuchtung oder Tischlaterne. Inkl. USB-Ladekabel.<\/p>\n","protected":false},"excerpt":{"rendered":"<p>Faltbare Silikonleuchte &#8211; eine innovative und vielseitige Beleuchtungsl\u00f6sung f\u00fcr jeden Outdoor-Fan. Der aus strapazierf\u00e4higem Silikon gefertigte Lampenschirm sorgt f\u00fcr optimale Beleuchtung. Sie haben die M\u00f6glichkeit zwischen zwei Lichteinstellungen zu w\u00e4hlen, wodurch die Leuchte sich perfekt in jede Umgebung einf\u00fcgt. Das faltbare, platzsparende Design macht sie zu einer idealen Wahl f\u00fcr Campingausfl\u00fcge, als Zeltbeleuchtung oder Tischlaterne. [&hellip;]<\/p>\n","protected":false},"featured_media":214209,"template":"","meta":{"_acf_changed":false},"product_featured_cat":[],"product_brand":[],"product_cat":[4362],"product_tag":[],"class_list":{"0":"post-214213","1":"product","2":"type-product","3":"status-publish","4":"has-post-thumbnail","6":"product_cat-batterie-akkulampen","8":"first","9":"instock","10":"taxable","11":"shipping-taxable","12":"purchasable","13":"product-type-simple"},"acf":[],"yoast_head":"<!-- This site is optimized with the Yoast SEO plugin v27.5 - https:\/\/yoast.com\/product\/yoast-seo-wordpress\/ -->\n<title>Faltbare Silikonlampe Aura - Bantam<\/title>\n<meta name=\"robots\" content=\"index, follow, max-snippet:-1, max-image-preview:large, max-video-preview:-1\" \/>\n<link rel=\"canonical\" href=\"https:\/\/shop.bantam.ch\/de\/produkt\/faltbare-silikonlampe-aura\/\" \/>\n<meta property=\"og:locale\" content=\"de_DE\" \/>\n<meta property=\"og:type\" content=\"article\" \/>\n<meta property=\"og:title\" content=\"Faltbare Silikonlampe Aura - Bantam\" \/>\n<meta property=\"og:description\" content=\"Faltbare Silikonleuchte &#8211; eine innovative und vielseitige Beleuchtungsl\u00f6sung f\u00fcr jeden Outdoor-Fan. Der aus strapazierf\u00e4higem Silikon gefertigte Lampenschirm sorgt f\u00fcr optimale Beleuchtung. Sie haben die M\u00f6glichkeit zwischen zwei Lichteinstellungen zu w\u00e4hlen, wodurch die Leuchte sich perfekt in jede Umgebung einf\u00fcgt. Das faltbare, platzsparende Design macht sie zu einer idealen Wahl f\u00fcr Campingausfl\u00fcge, als Zeltbeleuchtung oder Tischlaterne. [&hellip;]\" \/>\n<meta property=\"og:url\" content=\"https:\/\/shop.bantam.ch\/de\/produkt\/faltbare-silikonlampe-aura\/\" \/>\n<meta property=\"og:site_name\" content=\"Bantam\" \/>\n<meta property=\"article:modified_time\" content=\"2026-05-11T21:24:16+00:00\" \/>\n<meta name=\"twitter:card\" content=\"summary_large_image\" \/>\n<script type=\"application\/ld+json\" class=\"yoast-schema-graph\">{\"@context\":\"https:\\\/\\\/schema.org\",\"@graph\":[{\"@type\":\"WebPage\",\"@id\":\"https:\\\/\\\/shop.bantam.ch\\\/de\\\/produkt\\\/faltbare-silikonlampe-aura\\\/\",\"url\":\"https:\\\/\\\/shop.bantam.ch\\\/de\\\/produkt\\\/faltbare-silikonlampe-aura\\\/\",\"name\":\"Faltbare Silikonlampe Aura - Bantam\",\"isPartOf\":{\"@id\":\"https:\\\/\\\/shop.bantam.ch\\\/de\\\/#website\"},\"primaryImageOfPage\":{\"@id\":\"https:\\\/\\\/shop.bantam.ch\\\/de\\\/produkt\\\/faltbare-silikonlampe-aura\\\/#primaryimage\"},\"image\":{\"@id\":\"https:\\\/\\\/shop.bantam.ch\\\/de\\\/produkt\\\/faltbare-silikonlampe-aura\\\/#primaryimage\"},\"thumbnailUrl\":\"https:\\\/\\\/shop.bantam.ch\\\/wp-content\\\/uploads\\\/2025\\\/03\\\/Movera-L-9962605100.jpg\",\"datePublished\":\"2025-03-14T14:59:49+00:00\",\"dateModified\":\"2026-05-11T21:24:16+00:00\",\"breadcrumb\":{\"@id\":\"https:\\\/\\\/shop.bantam.ch\\\/de\\\/produkt\\\/faltbare-silikonlampe-aura\\\/#breadcrumb\"},\"inLanguage\":\"de\",\"potentialAction\":[{\"@type\":\"ReadAction\",\"target\":[\"https:\\\/\\\/shop.bantam.ch\\\/de\\\/produkt\\\/faltbare-silikonlampe-aura\\\/\"]}]},{\"@type\":\"ImageObject\",\"inLanguage\":\"de\",\"@id\":\"https:\\\/\\\/shop.bantam.ch\\\/de\\\/produkt\\\/faltbare-silikonlampe-aura\\\/#primaryimage\",\"url\":\"https:\\\/\\\/shop.bantam.ch\\\/wp-content\\\/uploads\\\/2025\\\/03\\\/Movera-L-9962605100.jpg\",\"contentUrl\":\"https:\\\/\\\/shop.bantam.ch\\\/wp-content\\\/uploads\\\/2025\\\/03\\\/Movera-L-9962605100.jpg\",\"width\":640,\"height\":640},{\"@type\":\"BreadcrumbList\",\"@id\":\"https:\\\/\\\/shop.bantam.ch\\\/de\\\/produkt\\\/faltbare-silikonlampe-aura\\\/#breadcrumb\",\"itemListElement\":[{\"@type\":\"ListItem\",\"position\":1,\"name\":\"Accueil\",\"item\":\"https:\\\/\\\/shop.bantam.ch\\\/de\\\/\"},{\"@type\":\"ListItem\",\"position\":2,\"name\":\"Shop\",\"item\":\"https:\\\/\\\/shop.bantam.ch\\\/de\\\/shop\\\/\"},{\"@type\":\"ListItem\",\"position\":3,\"name\":\"Faltbare Silikonlampe Aura\"}]},{\"@type\":\"WebSite\",\"@id\":\"https:\\\/\\\/shop.bantam.ch\\\/de\\\/#website\",\"url\":\"https:\\\/\\\/shop.bantam.ch\\\/de\\\/\",\"name\":\"Bantam\",\"description\":\"\",\"publisher\":{\"@id\":\"https:\\\/\\\/shop.bantam.ch\\\/de\\\/#organization\"},\"inLanguage\":\"de\"},{\"@type\":\"Organization\",\"@id\":\"https:\\\/\\\/shop.bantam.ch\\\/de\\\/#organization\",\"name\":\"Bantam\",\"url\":\"https:\\\/\\\/shop.bantam.ch\\\/de\\\/\",\"logo\":{\"@type\":\"ImageObject\",\"inLanguage\":\"de\",\"@id\":\"https:\\\/\\\/shop.bantam.ch\\\/de\\\/#\\\/schema\\\/logo\\\/image\\\/\",\"url\":\"https:\\\/\\\/shop.bantam.ch\\\/wp-content\\\/uploads\\\/2022\\\/12\\\/bantam-logo.png\",\"contentUrl\":\"https:\\\/\\\/shop.bantam.ch\\\/wp-content\\\/uploads\\\/2022\\\/12\\\/bantam-logo.png\",\"width\":320,\"height\":71,\"caption\":\"Bantam\"},\"image\":{\"@id\":\"https:\\\/\\\/shop.bantam.ch\\\/de\\\/#\\\/schema\\\/logo\\\/image\\\/\"}}]}<\/script>\n<!-- \/ Yoast SEO plugin. -->","yoast_head_json":{"title":"Faltbare Silikonlampe Aura - Bantam","robots":{"index":"index","follow":"follow","max-snippet":"max-snippet:-1","max-image-preview":"max-image-preview:large","max-video-preview":"max-video-preview:-1"},"canonical":"https:\/\/shop.bantam.ch\/de\/produkt\/faltbare-silikonlampe-aura\/","og_locale":"de_DE","og_type":"article","og_title":"Faltbare Silikonlampe Aura - Bantam","og_description":"Faltbare Silikonleuchte &#8211; eine innovative und vielseitige Beleuchtungsl\u00f6sung f\u00fcr jeden Outdoor-Fan. Der aus strapazierf\u00e4higem Silikon gefertigte Lampenschirm sorgt f\u00fcr optimale Beleuchtung. Sie haben die M\u00f6glichkeit zwischen zwei Lichteinstellungen zu w\u00e4hlen, wodurch die Leuchte sich perfekt in jede Umgebung einf\u00fcgt. Das faltbare, platzsparende Design macht sie zu einer idealen Wahl f\u00fcr Campingausfl\u00fcge, als Zeltbeleuchtung oder Tischlaterne. [&hellip;]","og_url":"https:\/\/shop.bantam.ch\/de\/produkt\/faltbare-silikonlampe-aura\/","og_site_name":"Bantam","article_modified_time":"2026-05-11T21:24:16+00:00","twitter_card":"summary_large_image","schema":{"@context":"https:\/\/schema.org","@graph":[{"@type":"WebPage","@id":"https:\/\/shop.bantam.ch\/de\/produkt\/faltbare-silikonlampe-aura\/","url":"https:\/\/shop.bantam.ch\/de\/produkt\/faltbare-silikonlampe-aura\/","name":"Faltbare Silikonlampe Aura - Bantam","isPartOf":{"@id":"https:\/\/shop.bantam.ch\/de\/#website"},"primaryImageOfPage":{"@id":"https:\/\/shop.bantam.ch\/de\/produkt\/faltbare-silikonlampe-aura\/#primaryimage"},"image":{"@id":"https:\/\/shop.bantam.ch\/de\/produkt\/faltbare-silikonlampe-aura\/#primaryimage"},"thumbnailUrl":"https:\/\/shop.bantam.ch\/wp-content\/uploads\/2025\/03\/Movera-L-9962605100.jpg","datePublished":"2025-03-14T14:59:49+00:00","dateModified":"2026-05-11T21:24:16+00:00","breadcrumb":{"@id":"https:\/\/shop.bantam.ch\/de\/produkt\/faltbare-silikonlampe-aura\/#breadcrumb"},"inLanguage":"de","potentialAction":[{"@type":"ReadAction","target":["https:\/\/shop.bantam.ch\/de\/produkt\/faltbare-silikonlampe-aura\/"]}]},{"@type":"ImageObject","inLanguage":"de","@id":"https:\/\/shop.bantam.ch\/de\/produkt\/faltbare-silikonlampe-aura\/#primaryimage","url":"https:\/\/shop.bantam.ch\/wp-content\/uploads\/2025\/03\/Movera-L-9962605100.jpg","contentUrl":"https:\/\/shop.bantam.ch\/wp-content\/uploads\/2025\/03\/Movera-L-9962605100.jpg","width":640,"height":640},{"@type":"BreadcrumbList","@id":"https:\/\/shop.bantam.ch\/de\/produkt\/faltbare-silikonlampe-aura\/#breadcrumb","itemListElement":[{"@type":"ListItem","position":1,"name":"Accueil","item":"https:\/\/shop.bantam.ch\/de\/"},{"@type":"ListItem","position":2,"name":"Shop","item":"https:\/\/shop.bantam.ch\/de\/shop\/"},{"@type":"ListItem","position":3,"name":"Faltbare Silikonlampe Aura"}]},{"@type":"WebSite","@id":"https:\/\/shop.bantam.ch\/de\/#website","url":"https:\/\/shop.bantam.ch\/de\/","name":"Bantam","description":"","publisher":{"@id":"https:\/\/shop.bantam.ch\/de\/#organization"},"inLanguage":"de"},{"@type":"Organization","@id":"https:\/\/shop.bantam.ch\/de\/#organization","name":"Bantam","url":"https:\/\/shop.bantam.ch\/de\/","logo":{"@type":"ImageObject","inLanguage":"de","@id":"https:\/\/shop.bantam.ch\/de\/#\/schema\/logo\/image\/","url":"https:\/\/shop.bantam.ch\/wp-content\/uploads\/2022\/12\/bantam-logo.png","contentUrl":"https:\/\/shop.bantam.ch\/wp-content\/uploads\/2022\/12\/bantam-logo.png","width":320,"height":71,"caption":"Bantam"},"image":{"@id":"https:\/\/shop.bantam.ch\/de\/#\/schema\/logo\/image\/"}}]}},"_links":{"self":[{"href":"https:\/\/shop.bantam.ch\/de\/wp-json\/wp\/v2\/product\/214213","targetHints":{"allow":["GET"]}}],"collection":[{"href":"https:\/\/shop.bantam.ch\/de\/wp-json\/wp\/v2\/product"}],"about":[{"href":"https:\/\/shop.bantam.ch\/de\/wp-json\/wp\/v2\/types\/product"}],"wp:featuredmedia":[{"embeddable":true,"href":"https:\/\/shop.bantam.ch\/de\/wp-json\/wp\/v2\/media\/214209"}],"wp:attachment":[{"href":"https:\/\/shop.bantam.ch\/de\/wp-json\/wp\/v2\/media?parent=214213"}],"wp:term":[{"taxonomy":"product_featured_cat","embeddable":true,"href":"https:\/\/shop.bantam.ch\/de\/wp-json\/wp\/v2\/product_featured_cat?post=214213"},{"taxonomy":"product_brand","embeddable":true,"href":"https:\/\/shop.bantam.ch\/de\/wp-json\/wp\/v2\/product_brand?post=214213"},{"taxonomy":"product_cat","embeddable":true,"href":"https:\/\/shop.bantam.ch\/de\/wp-json\/wp\/v2\/product_cat?post=214213"},{"taxonomy":"product_tag","embeddable":true,"href":"https:\/\/shop.bantam.ch\/de\/wp-json\/wp\/v2\/product_tag?post=214213"}],"curies":[{"name":"wp","href":"https:\/\/api.w.org\/{rel}","templated":true}]}}