{"id":214151,"date":"2025-03-14T15:58:38","date_gmt":"2025-03-14T14:58:38","guid":{"rendered":"https:\/\/shop.bantam.ch\/produit\/strandstuhl-makai-mit-sonnenblende\/"},"modified":"2026-05-03T23:24:27","modified_gmt":"2026-05-03T21:24:27","slug":"strandstuhl-makai-mit-sonnenblende","status":"publish","type":"product","link":"https:\/\/shop.bantam.ch\/de\/produkt\/strandstuhl-makai-mit-sonnenblende\/","title":{"rendered":"Strandstuhl Makai mit Sonnenblende"},"content":{"rendered":"<p>Der Makai-Strandstuhl bietet au\u00dfergew\u00f6hnlichen Komfort und Vielseitigkeit f\u00fcr Ihre Outdoor-Abenteuer. Ausgestattet mit einem verstellbaren, abnehmbaren Sonnendach, bietet der Stuhl ausreichenden Schutz vor Sonnenstrahlen.<br \/>\nDie verl\u00e4ngerte Sitzfl\u00e4che und das breite Kopfkissen sorgen f\u00fcr maximale Entspannung, w\u00e4hrend der hochwertige Syntex-Bezug f\u00fcr ein stilvolles, langlebiges Finish sorgt. Zus\u00e4tzlich sch\u00fctzen die Beinschoner vor rauen Oberfl\u00e4chen und machen den Makai zu einem zuverl\u00e4ssigen Begleiter f\u00fcr Ihre Strandtage.<\/p>\n<ul>\n<li>Mit verstellbarem, abnehmbarem Sonnendach<\/li>\n<li>Nach hinten verl\u00e4ngerte Sitzfl\u00e4che f\u00fcr mehr Komfort<\/li>\n<li>Breites Kopfkissen<\/li>\n<li>Hochwertiger Textilbezug<\/li>\n<li>Mit Rahmensch\u00fctzern<\/li>\n<\/ul>\n<p>Material:<br \/>\nBezug: 30 % Polyester, 70 % Polyvinylchlorid<br \/>\nGestell: Aluminium<\/p>\n","protected":false},"excerpt":{"rendered":"<p>Der Makai-Strandstuhl bietet au\u00dfergew\u00f6hnlichen Komfort und Vielseitigkeit f\u00fcr Ihre Outdoor-Abenteuer. Ausgestattet mit einem verstellbaren, abnehmbaren Sonnendach, bietet der Stuhl ausreichenden Schutz vor Sonnenstrahlen. Die verl\u00e4ngerte Sitzfl\u00e4che und das breite Kopfkissen sorgen f\u00fcr maximale Entspannung, w\u00e4hrend der hochwertige Syntex-Bezug f\u00fcr ein stilvolles, langlebiges Finish sorgt. Zus\u00e4tzlich sch\u00fctzen die Beinschoner vor rauen Oberfl\u00e4chen und machen den Makai [&hellip;]<\/p>\n","protected":false},"featured_media":214149,"template":"","meta":{"_acf_changed":false},"product_featured_cat":[],"product_brand":[],"product_cat":[4972],"product_tag":[],"class_list":{"0":"post-214151","1":"product","2":"type-product","3":"status-publish","4":"has-post-thumbnail","6":"product_cat-campingstuehle","8":"first","9":"instock","10":"taxable","11":"shipping-taxable","12":"purchasable","13":"product-type-simple"},"acf":[],"yoast_head":"<!-- This site is optimized with the Yoast SEO plugin v27.5 - https:\/\/yoast.com\/product\/yoast-seo-wordpress\/ -->\n<title>Strandstuhl Makai mit Sonnenblende - Bantam<\/title>\n<meta name=\"robots\" content=\"index, follow, max-snippet:-1, max-image-preview:large, max-video-preview:-1\" \/>\n<link rel=\"canonical\" href=\"https:\/\/shop.bantam.ch\/de\/produkt\/strandstuhl-makai-mit-sonnenblende\/\" \/>\n<meta property=\"og:locale\" content=\"de_DE\" \/>\n<meta property=\"og:type\" content=\"article\" \/>\n<meta property=\"og:title\" content=\"Strandstuhl Makai mit Sonnenblende - Bantam\" \/>\n<meta property=\"og:description\" content=\"Der Makai-Strandstuhl bietet au\u00dfergew\u00f6hnlichen Komfort und Vielseitigkeit f\u00fcr Ihre Outdoor-Abenteuer. Ausgestattet mit einem verstellbaren, abnehmbaren Sonnendach, bietet der Stuhl ausreichenden Schutz vor Sonnenstrahlen. Die verl\u00e4ngerte Sitzfl\u00e4che und das breite Kopfkissen sorgen f\u00fcr maximale Entspannung, w\u00e4hrend der hochwertige Syntex-Bezug f\u00fcr ein stilvolles, langlebiges Finish sorgt. Zus\u00e4tzlich sch\u00fctzen die Beinschoner vor rauen Oberfl\u00e4chen und machen den Makai [&hellip;]\" \/>\n<meta property=\"og:url\" content=\"https:\/\/shop.bantam.ch\/de\/produkt\/strandstuhl-makai-mit-sonnenblende\/\" \/>\n<meta property=\"og:site_name\" content=\"Bantam\" \/>\n<meta property=\"article:modified_time\" content=\"2026-05-03T21:24:27+00:00\" \/>\n<meta name=\"twitter:card\" content=\"summary_large_image\" \/>\n<meta name=\"twitter:label1\" content=\"Gesch\u00e4tzte Lesezeit\" \/>\n\t<meta name=\"twitter:data1\" content=\"1\u00a0Minute\" \/>\n<script type=\"application\/ld+json\" class=\"yoast-schema-graph\">{\"@context\":\"https:\\\/\\\/schema.org\",\"@graph\":[{\"@type\":\"WebPage\",\"@id\":\"https:\\\/\\\/shop.bantam.ch\\\/de\\\/produkt\\\/strandstuhl-makai-mit-sonnenblende\\\/\",\"url\":\"https:\\\/\\\/shop.bantam.ch\\\/de\\\/produkt\\\/strandstuhl-makai-mit-sonnenblende\\\/\",\"name\":\"Strandstuhl Makai mit Sonnenblende - Bantam\",\"isPartOf\":{\"@id\":\"https:\\\/\\\/shop.bantam.ch\\\/de\\\/#website\"},\"primaryImageOfPage\":{\"@id\":\"https:\\\/\\\/shop.bantam.ch\\\/de\\\/produkt\\\/strandstuhl-makai-mit-sonnenblende\\\/#primaryimage\"},\"image\":{\"@id\":\"https:\\\/\\\/shop.bantam.ch\\\/de\\\/produkt\\\/strandstuhl-makai-mit-sonnenblende\\\/#primaryimage\"},\"thumbnailUrl\":\"https:\\\/\\\/shop.bantam.ch\\\/wp-content\\\/uploads\\\/2025\\\/03\\\/Movera-L-9962597100.jpg\",\"datePublished\":\"2025-03-14T14:58:38+00:00\",\"dateModified\":\"2026-05-03T21:24:27+00:00\",\"breadcrumb\":{\"@id\":\"https:\\\/\\\/shop.bantam.ch\\\/de\\\/produkt\\\/strandstuhl-makai-mit-sonnenblende\\\/#breadcrumb\"},\"inLanguage\":\"de\",\"potentialAction\":[{\"@type\":\"ReadAction\",\"target\":[\"https:\\\/\\\/shop.bantam.ch\\\/de\\\/produkt\\\/strandstuhl-makai-mit-sonnenblende\\\/\"]}]},{\"@type\":\"ImageObject\",\"inLanguage\":\"de\",\"@id\":\"https:\\\/\\\/shop.bantam.ch\\\/de\\\/produkt\\\/strandstuhl-makai-mit-sonnenblende\\\/#primaryimage\",\"url\":\"https:\\\/\\\/shop.bantam.ch\\\/wp-content\\\/uploads\\\/2025\\\/03\\\/Movera-L-9962597100.jpg\",\"contentUrl\":\"https:\\\/\\\/shop.bantam.ch\\\/wp-content\\\/uploads\\\/2025\\\/03\\\/Movera-L-9962597100.jpg\",\"width\":640,\"height\":924},{\"@type\":\"BreadcrumbList\",\"@id\":\"https:\\\/\\\/shop.bantam.ch\\\/de\\\/produkt\\\/strandstuhl-makai-mit-sonnenblende\\\/#breadcrumb\",\"itemListElement\":[{\"@type\":\"ListItem\",\"position\":1,\"name\":\"Accueil\",\"item\":\"https:\\\/\\\/shop.bantam.ch\\\/de\\\/\"},{\"@type\":\"ListItem\",\"position\":2,\"name\":\"Shop\",\"item\":\"https:\\\/\\\/shop.bantam.ch\\\/de\\\/shop\\\/\"},{\"@type\":\"ListItem\",\"position\":3,\"name\":\"Strandstuhl Makai mit Sonnenblende\"}]},{\"@type\":\"WebSite\",\"@id\":\"https:\\\/\\\/shop.bantam.ch\\\/de\\\/#website\",\"url\":\"https:\\\/\\\/shop.bantam.ch\\\/de\\\/\",\"name\":\"Bantam\",\"description\":\"\",\"publisher\":{\"@id\":\"https:\\\/\\\/shop.bantam.ch\\\/de\\\/#organization\"},\"inLanguage\":\"de\"},{\"@type\":\"Organization\",\"@id\":\"https:\\\/\\\/shop.bantam.ch\\\/de\\\/#organization\",\"name\":\"Bantam\",\"url\":\"https:\\\/\\\/shop.bantam.ch\\\/de\\\/\",\"logo\":{\"@type\":\"ImageObject\",\"inLanguage\":\"de\",\"@id\":\"https:\\\/\\\/shop.bantam.ch\\\/de\\\/#\\\/schema\\\/logo\\\/image\\\/\",\"url\":\"https:\\\/\\\/shop.bantam.ch\\\/wp-content\\\/uploads\\\/2022\\\/12\\\/bantam-logo.png\",\"contentUrl\":\"https:\\\/\\\/shop.bantam.ch\\\/wp-content\\\/uploads\\\/2022\\\/12\\\/bantam-logo.png\",\"width\":320,\"height\":71,\"caption\":\"Bantam\"},\"image\":{\"@id\":\"https:\\\/\\\/shop.bantam.ch\\\/de\\\/#\\\/schema\\\/logo\\\/image\\\/\"}}]}<\/script>\n<!-- \/ Yoast SEO plugin. -->","yoast_head_json":{"title":"Strandstuhl Makai mit Sonnenblende - Bantam","robots":{"index":"index","follow":"follow","max-snippet":"max-snippet:-1","max-image-preview":"max-image-preview:large","max-video-preview":"max-video-preview:-1"},"canonical":"https:\/\/shop.bantam.ch\/de\/produkt\/strandstuhl-makai-mit-sonnenblende\/","og_locale":"de_DE","og_type":"article","og_title":"Strandstuhl Makai mit Sonnenblende - Bantam","og_description":"Der Makai-Strandstuhl bietet au\u00dfergew\u00f6hnlichen Komfort und Vielseitigkeit f\u00fcr Ihre Outdoor-Abenteuer. Ausgestattet mit einem verstellbaren, abnehmbaren Sonnendach, bietet der Stuhl ausreichenden Schutz vor Sonnenstrahlen. Die verl\u00e4ngerte Sitzfl\u00e4che und das breite Kopfkissen sorgen f\u00fcr maximale Entspannung, w\u00e4hrend der hochwertige Syntex-Bezug f\u00fcr ein stilvolles, langlebiges Finish sorgt. Zus\u00e4tzlich sch\u00fctzen die Beinschoner vor rauen Oberfl\u00e4chen und machen den Makai [&hellip;]","og_url":"https:\/\/shop.bantam.ch\/de\/produkt\/strandstuhl-makai-mit-sonnenblende\/","og_site_name":"Bantam","article_modified_time":"2026-05-03T21:24:27+00:00","twitter_card":"summary_large_image","twitter_misc":{"Gesch\u00e4tzte Lesezeit":"1\u00a0Minute"},"schema":{"@context":"https:\/\/schema.org","@graph":[{"@type":"WebPage","@id":"https:\/\/shop.bantam.ch\/de\/produkt\/strandstuhl-makai-mit-sonnenblende\/","url":"https:\/\/shop.bantam.ch\/de\/produkt\/strandstuhl-makai-mit-sonnenblende\/","name":"Strandstuhl Makai mit Sonnenblende - Bantam","isPartOf":{"@id":"https:\/\/shop.bantam.ch\/de\/#website"},"primaryImageOfPage":{"@id":"https:\/\/shop.bantam.ch\/de\/produkt\/strandstuhl-makai-mit-sonnenblende\/#primaryimage"},"image":{"@id":"https:\/\/shop.bantam.ch\/de\/produkt\/strandstuhl-makai-mit-sonnenblende\/#primaryimage"},"thumbnailUrl":"https:\/\/shop.bantam.ch\/wp-content\/uploads\/2025\/03\/Movera-L-9962597100.jpg","datePublished":"2025-03-14T14:58:38+00:00","dateModified":"2026-05-03T21:24:27+00:00","breadcrumb":{"@id":"https:\/\/shop.bantam.ch\/de\/produkt\/strandstuhl-makai-mit-sonnenblende\/#breadcrumb"},"inLanguage":"de","potentialAction":[{"@type":"ReadAction","target":["https:\/\/shop.bantam.ch\/de\/produkt\/strandstuhl-makai-mit-sonnenblende\/"]}]},{"@type":"ImageObject","inLanguage":"de","@id":"https:\/\/shop.bantam.ch\/de\/produkt\/strandstuhl-makai-mit-sonnenblende\/#primaryimage","url":"https:\/\/shop.bantam.ch\/wp-content\/uploads\/2025\/03\/Movera-L-9962597100.jpg","contentUrl":"https:\/\/shop.bantam.ch\/wp-content\/uploads\/2025\/03\/Movera-L-9962597100.jpg","width":640,"height":924},{"@type":"BreadcrumbList","@id":"https:\/\/shop.bantam.ch\/de\/produkt\/strandstuhl-makai-mit-sonnenblende\/#breadcrumb","itemListElement":[{"@type":"ListItem","position":1,"name":"Accueil","item":"https:\/\/shop.bantam.ch\/de\/"},{"@type":"ListItem","position":2,"name":"Shop","item":"https:\/\/shop.bantam.ch\/de\/shop\/"},{"@type":"ListItem","position":3,"name":"Strandstuhl Makai mit Sonnenblende"}]},{"@type":"WebSite","@id":"https:\/\/shop.bantam.ch\/de\/#website","url":"https:\/\/shop.bantam.ch\/de\/","name":"Bantam","description":"","publisher":{"@id":"https:\/\/shop.bantam.ch\/de\/#organization"},"inLanguage":"de"},{"@type":"Organization","@id":"https:\/\/shop.bantam.ch\/de\/#organization","name":"Bantam","url":"https:\/\/shop.bantam.ch\/de\/","logo":{"@type":"ImageObject","inLanguage":"de","@id":"https:\/\/shop.bantam.ch\/de\/#\/schema\/logo\/image\/","url":"https:\/\/shop.bantam.ch\/wp-content\/uploads\/2022\/12\/bantam-logo.png","contentUrl":"https:\/\/shop.bantam.ch\/wp-content\/uploads\/2022\/12\/bantam-logo.png","width":320,"height":71,"caption":"Bantam"},"image":{"@id":"https:\/\/shop.bantam.ch\/de\/#\/schema\/logo\/image\/"}}]}},"_links":{"self":[{"href":"https:\/\/shop.bantam.ch\/de\/wp-json\/wp\/v2\/product\/214151","targetHints":{"allow":["GET"]}}],"collection":[{"href":"https:\/\/shop.bantam.ch\/de\/wp-json\/wp\/v2\/product"}],"about":[{"href":"https:\/\/shop.bantam.ch\/de\/wp-json\/wp\/v2\/types\/product"}],"wp:featuredmedia":[{"embeddable":true,"href":"https:\/\/shop.bantam.ch\/de\/wp-json\/wp\/v2\/media\/214149"}],"wp:attachment":[{"href":"https:\/\/shop.bantam.ch\/de\/wp-json\/wp\/v2\/media?parent=214151"}],"wp:term":[{"taxonomy":"product_featured_cat","embeddable":true,"href":"https:\/\/shop.bantam.ch\/de\/wp-json\/wp\/v2\/product_featured_cat?post=214151"},{"taxonomy":"product_brand","embeddable":true,"href":"https:\/\/shop.bantam.ch\/de\/wp-json\/wp\/v2\/product_brand?post=214151"},{"taxonomy":"product_cat","embeddable":true,"href":"https:\/\/shop.bantam.ch\/de\/wp-json\/wp\/v2\/product_cat?post=214151"},{"taxonomy":"product_tag","embeddable":true,"href":"https:\/\/shop.bantam.ch\/de\/wp-json\/wp\/v2\/product_tag?post=214151"}],"curies":[{"name":"wp","href":"https:\/\/api.w.org\/{rel}","templated":true}]}}