{"id":214132,"date":"2025-03-14T15:57:46","date_gmt":"2025-03-14T14:57:46","guid":{"rendered":"https:\/\/shop.bantam.ch\/produit\/truma-aventa-compact-2-g-aussen-i-luftverteiler-2-g\/"},"modified":"2026-04-17T02:38:06","modified_gmt":"2026-04-17T00:38:06","slug":"truma-aventa-compact-2-g-aussen-i-luftverteiler-2-g","status":"publish","type":"product","link":"https:\/\/shop.bantam.ch\/de\/produkt\/truma-aventa-compact-2-g-aussen-i-luftverteiler-2-g\/","title":{"rendered":"Truma Aventa compact 2.G Au\u00dfen. &#8211; I, + Luftverteiler 2.G"},"content":{"rendered":"<p>Die 2. Generation der Aventa Dachklimaanlagen sorgt f\u00fcr eine \u00e4u\u00dferst angenehme Temperatur und ist im Betrieb besonders ger\u00e4uscharm. Hervorzuheben ist das geringe Gesamtgewicht der Anlagen, welches durch den Einbau modernster Technologien erm\u00f6glicht wird. Der stufenlos regelbare Kompressor sorgt f\u00fcr herausragende K\u00fchlleistung und im Zusammenspiel mit dem \u00fcberarbeiteten Night Mode f\u00fcr ruhige N\u00e4chte. Der kundenfreundlich entwickelte Luftverteiler fungiert als Design-Element im Fahrzeug.<\/p>\n<ul>\n<li>Flexibel: nach Ihren W\u00fcnschen bedienbar.<\/li>\n<li>Ger\u00e4uscharm: besonders leise dank neuem Kompressor und Innengebl\u00e4se.<\/li>\n<li>Clever: neue Luftverteiler in mehreren Varianten.<\/li>\n<li>Leichtgewicht: durch neue Bauweise die leichteste Klimaanlage ihrer Art.<\/li>\n<li>Eyecatcher: zeitloses Design au\u00dfen wie innen.<\/li>\n<li>Multifunktional: heizt durch integrierte W\u00e4rmepumpe (bei allen drei Modellen)<\/li>\n<li>Leistungsstark: Hervorragende K\u00fchlung mit 1.700 Watt<\/li>\n<li>F\u00fcr Fahrzeugl\u00e4nge bis 6 m<\/li>\n<\/ul>\n","protected":false},"excerpt":{"rendered":"<p>Die 2. Generation der Aventa Dachklimaanlagen sorgt f\u00fcr eine \u00e4u\u00dferst angenehme Temperatur und ist im Betrieb besonders ger\u00e4uscharm. Hervorzuheben ist das geringe Gesamtgewicht der Anlagen, welches durch den Einbau modernster Technologien erm\u00f6glicht wird. Der stufenlos regelbare Kompressor sorgt f\u00fcr herausragende K\u00fchlleistung und im Zusammenspiel mit dem \u00fcberarbeiteten Night Mode f\u00fcr ruhige N\u00e4chte. Der kundenfreundlich entwickelte [&hellip;]<\/p>\n","protected":false},"featured_media":214115,"template":"","meta":{"_acf_changed":false},"product_featured_cat":[],"product_brand":[],"product_cat":[4090],"product_tag":[],"class_list":{"0":"post-214132","1":"product","2":"type-product","3":"status-publish","4":"has-post-thumbnail","6":"product_cat-klimaanlagen","8":"first","9":"instock","10":"taxable","11":"shipping-taxable","12":"purchasable","13":"product-type-variable"},"acf":[],"yoast_head":"<!-- This site is optimized with the Yoast SEO plugin v27.4 - https:\/\/yoast.com\/product\/yoast-seo-wordpress\/ -->\n<title>Truma Aventa compact 2.G Au\u00dfen. - I, + Luftverteiler 2.G - Bantam Camping AG<\/title>\n<meta name=\"robots\" content=\"index, follow, max-snippet:-1, max-image-preview:large, max-video-preview:-1\" \/>\n<link rel=\"canonical\" href=\"https:\/\/shop.bantam.ch\/de\/produkt\/truma-aventa-compact-2-g-aussen-i-luftverteiler-2-g\/\" \/>\n<meta property=\"og:locale\" content=\"de_DE\" \/>\n<meta property=\"og:type\" content=\"article\" \/>\n<meta property=\"og:title\" content=\"Truma Aventa compact 2.G Au\u00dfen. - I, + Luftverteiler 2.G - Bantam Camping AG\" \/>\n<meta property=\"og:description\" content=\"Die 2. Generation der Aventa Dachklimaanlagen sorgt f\u00fcr eine \u00e4u\u00dferst angenehme Temperatur und ist im Betrieb besonders ger\u00e4uscharm. Hervorzuheben ist das geringe Gesamtgewicht der Anlagen, welches durch den Einbau modernster Technologien erm\u00f6glicht wird. Der stufenlos regelbare Kompressor sorgt f\u00fcr herausragende K\u00fchlleistung und im Zusammenspiel mit dem \u00fcberarbeiteten Night Mode f\u00fcr ruhige N\u00e4chte. Der kundenfreundlich entwickelte [&hellip;]\" \/>\n<meta property=\"og:url\" content=\"https:\/\/shop.bantam.ch\/de\/produkt\/truma-aventa-compact-2-g-aussen-i-luftverteiler-2-g\/\" \/>\n<meta property=\"og:site_name\" content=\"Bantam Camping AG\" \/>\n<meta property=\"article:modified_time\" content=\"2026-04-17T00:38:06+00:00\" \/>\n<meta name=\"twitter:card\" content=\"summary_large_image\" \/>\n<meta name=\"twitter:label1\" content=\"Gesch\u00e4tzte Lesezeit\" \/>\n\t<meta name=\"twitter:data1\" content=\"1\u00a0Minute\" \/>\n<script type=\"application\/ld+json\" class=\"yoast-schema-graph\">{\"@context\":\"https:\\\/\\\/schema.org\",\"@graph\":[{\"@type\":\"WebPage\",\"@id\":\"https:\\\/\\\/shop.bantam.ch\\\/de\\\/produkt\\\/truma-aventa-compact-2-g-aussen-i-luftverteiler-2-g\\\/\",\"url\":\"https:\\\/\\\/shop.bantam.ch\\\/de\\\/produkt\\\/truma-aventa-compact-2-g-aussen-i-luftverteiler-2-g\\\/\",\"name\":\"Truma Aventa compact 2.G Au\u00dfen. - I, + Luftverteiler 2.G - Bantam Camping AG\",\"isPartOf\":{\"@id\":\"https:\\\/\\\/shop.bantam.ch\\\/de\\\/#website\"},\"primaryImageOfPage\":{\"@id\":\"https:\\\/\\\/shop.bantam.ch\\\/de\\\/produkt\\\/truma-aventa-compact-2-g-aussen-i-luftverteiler-2-g\\\/#primaryimage\"},\"image\":{\"@id\":\"https:\\\/\\\/shop.bantam.ch\\\/de\\\/produkt\\\/truma-aventa-compact-2-g-aussen-i-luftverteiler-2-g\\\/#primaryimage\"},\"thumbnailUrl\":\"https:\\\/\\\/shop.bantam.ch\\\/wp-content\\\/uploads\\\/2025\\\/03\\\/Movera-L-9962588100.png\",\"datePublished\":\"2025-03-14T14:57:46+00:00\",\"dateModified\":\"2026-04-17T00:38:06+00:00\",\"breadcrumb\":{\"@id\":\"https:\\\/\\\/shop.bantam.ch\\\/de\\\/produkt\\\/truma-aventa-compact-2-g-aussen-i-luftverteiler-2-g\\\/#breadcrumb\"},\"inLanguage\":\"de\",\"potentialAction\":[{\"@type\":\"ReadAction\",\"target\":[\"https:\\\/\\\/shop.bantam.ch\\\/de\\\/produkt\\\/truma-aventa-compact-2-g-aussen-i-luftverteiler-2-g\\\/\"]}]},{\"@type\":\"ImageObject\",\"inLanguage\":\"de\",\"@id\":\"https:\\\/\\\/shop.bantam.ch\\\/de\\\/produkt\\\/truma-aventa-compact-2-g-aussen-i-luftverteiler-2-g\\\/#primaryimage\",\"url\":\"https:\\\/\\\/shop.bantam.ch\\\/wp-content\\\/uploads\\\/2025\\\/03\\\/Movera-L-9962588100.png\",\"contentUrl\":\"https:\\\/\\\/shop.bantam.ch\\\/wp-content\\\/uploads\\\/2025\\\/03\\\/Movera-L-9962588100.png\",\"width\":640,\"height\":480},{\"@type\":\"BreadcrumbList\",\"@id\":\"https:\\\/\\\/shop.bantam.ch\\\/de\\\/produkt\\\/truma-aventa-compact-2-g-aussen-i-luftverteiler-2-g\\\/#breadcrumb\",\"itemListElement\":[{\"@type\":\"ListItem\",\"position\":1,\"name\":\"Accueil\",\"item\":\"https:\\\/\\\/shop.bantam.ch\\\/de\\\/\"},{\"@type\":\"ListItem\",\"position\":2,\"name\":\"Shop\",\"item\":\"https:\\\/\\\/shop.bantam.ch\\\/de\\\/shop\\\/\"},{\"@type\":\"ListItem\",\"position\":3,\"name\":\"Truma Aventa compact 2.G Au\u00dfen. &#8211; I, + Luftverteiler 2.G\"}]},{\"@type\":\"WebSite\",\"@id\":\"https:\\\/\\\/shop.bantam.ch\\\/de\\\/#website\",\"url\":\"https:\\\/\\\/shop.bantam.ch\\\/de\\\/\",\"name\":\"Bantam Camping AG\",\"description\":\"\",\"publisher\":{\"@id\":\"https:\\\/\\\/shop.bantam.ch\\\/de\\\/#organization\"},\"inLanguage\":\"de\"},{\"@type\":\"Organization\",\"@id\":\"https:\\\/\\\/shop.bantam.ch\\\/de\\\/#organization\",\"name\":\"Bantam Camping AG\",\"url\":\"https:\\\/\\\/shop.bantam.ch\\\/de\\\/\",\"logo\":{\"@type\":\"ImageObject\",\"inLanguage\":\"de\",\"@id\":\"https:\\\/\\\/shop.bantam.ch\\\/de\\\/#\\\/schema\\\/logo\\\/image\\\/\",\"url\":\"https:\\\/\\\/shop.bantam.ch\\\/wp-content\\\/uploads\\\/2022\\\/12\\\/bantam-logo.png\",\"contentUrl\":\"https:\\\/\\\/shop.bantam.ch\\\/wp-content\\\/uploads\\\/2022\\\/12\\\/bantam-logo.png\",\"width\":320,\"height\":71,\"caption\":\"Bantam Camping AG\"},\"image\":{\"@id\":\"https:\\\/\\\/shop.bantam.ch\\\/de\\\/#\\\/schema\\\/logo\\\/image\\\/\"}}]}<\/script>\n<!-- \/ Yoast SEO plugin. -->","yoast_head_json":{"title":"Truma Aventa compact 2.G Au\u00dfen. - I, + Luftverteiler 2.G - Bantam Camping AG","robots":{"index":"index","follow":"follow","max-snippet":"max-snippet:-1","max-image-preview":"max-image-preview:large","max-video-preview":"max-video-preview:-1"},"canonical":"https:\/\/shop.bantam.ch\/de\/produkt\/truma-aventa-compact-2-g-aussen-i-luftverteiler-2-g\/","og_locale":"de_DE","og_type":"article","og_title":"Truma Aventa compact 2.G Au\u00dfen. - I, + Luftverteiler 2.G - Bantam Camping AG","og_description":"Die 2. Generation der Aventa Dachklimaanlagen sorgt f\u00fcr eine \u00e4u\u00dferst angenehme Temperatur und ist im Betrieb besonders ger\u00e4uscharm. Hervorzuheben ist das geringe Gesamtgewicht der Anlagen, welches durch den Einbau modernster Technologien erm\u00f6glicht wird. Der stufenlos regelbare Kompressor sorgt f\u00fcr herausragende K\u00fchlleistung und im Zusammenspiel mit dem \u00fcberarbeiteten Night Mode f\u00fcr ruhige N\u00e4chte. Der kundenfreundlich entwickelte [&hellip;]","og_url":"https:\/\/shop.bantam.ch\/de\/produkt\/truma-aventa-compact-2-g-aussen-i-luftverteiler-2-g\/","og_site_name":"Bantam Camping AG","article_modified_time":"2026-04-17T00:38:06+00:00","twitter_card":"summary_large_image","twitter_misc":{"Gesch\u00e4tzte Lesezeit":"1\u00a0Minute"},"schema":{"@context":"https:\/\/schema.org","@graph":[{"@type":"WebPage","@id":"https:\/\/shop.bantam.ch\/de\/produkt\/truma-aventa-compact-2-g-aussen-i-luftverteiler-2-g\/","url":"https:\/\/shop.bantam.ch\/de\/produkt\/truma-aventa-compact-2-g-aussen-i-luftverteiler-2-g\/","name":"Truma Aventa compact 2.G Au\u00dfen. - I, + Luftverteiler 2.G - Bantam Camping AG","isPartOf":{"@id":"https:\/\/shop.bantam.ch\/de\/#website"},"primaryImageOfPage":{"@id":"https:\/\/shop.bantam.ch\/de\/produkt\/truma-aventa-compact-2-g-aussen-i-luftverteiler-2-g\/#primaryimage"},"image":{"@id":"https:\/\/shop.bantam.ch\/de\/produkt\/truma-aventa-compact-2-g-aussen-i-luftverteiler-2-g\/#primaryimage"},"thumbnailUrl":"https:\/\/shop.bantam.ch\/wp-content\/uploads\/2025\/03\/Movera-L-9962588100.png","datePublished":"2025-03-14T14:57:46+00:00","dateModified":"2026-04-17T00:38:06+00:00","breadcrumb":{"@id":"https:\/\/shop.bantam.ch\/de\/produkt\/truma-aventa-compact-2-g-aussen-i-luftverteiler-2-g\/#breadcrumb"},"inLanguage":"de","potentialAction":[{"@type":"ReadAction","target":["https:\/\/shop.bantam.ch\/de\/produkt\/truma-aventa-compact-2-g-aussen-i-luftverteiler-2-g\/"]}]},{"@type":"ImageObject","inLanguage":"de","@id":"https:\/\/shop.bantam.ch\/de\/produkt\/truma-aventa-compact-2-g-aussen-i-luftverteiler-2-g\/#primaryimage","url":"https:\/\/shop.bantam.ch\/wp-content\/uploads\/2025\/03\/Movera-L-9962588100.png","contentUrl":"https:\/\/shop.bantam.ch\/wp-content\/uploads\/2025\/03\/Movera-L-9962588100.png","width":640,"height":480},{"@type":"BreadcrumbList","@id":"https:\/\/shop.bantam.ch\/de\/produkt\/truma-aventa-compact-2-g-aussen-i-luftverteiler-2-g\/#breadcrumb","itemListElement":[{"@type":"ListItem","position":1,"name":"Accueil","item":"https:\/\/shop.bantam.ch\/de\/"},{"@type":"ListItem","position":2,"name":"Shop","item":"https:\/\/shop.bantam.ch\/de\/shop\/"},{"@type":"ListItem","position":3,"name":"Truma Aventa compact 2.G Au\u00dfen. &#8211; I, + Luftverteiler 2.G"}]},{"@type":"WebSite","@id":"https:\/\/shop.bantam.ch\/de\/#website","url":"https:\/\/shop.bantam.ch\/de\/","name":"Bantam Camping AG","description":"","publisher":{"@id":"https:\/\/shop.bantam.ch\/de\/#organization"},"inLanguage":"de"},{"@type":"Organization","@id":"https:\/\/shop.bantam.ch\/de\/#organization","name":"Bantam Camping AG","url":"https:\/\/shop.bantam.ch\/de\/","logo":{"@type":"ImageObject","inLanguage":"de","@id":"https:\/\/shop.bantam.ch\/de\/#\/schema\/logo\/image\/","url":"https:\/\/shop.bantam.ch\/wp-content\/uploads\/2022\/12\/bantam-logo.png","contentUrl":"https:\/\/shop.bantam.ch\/wp-content\/uploads\/2022\/12\/bantam-logo.png","width":320,"height":71,"caption":"Bantam Camping AG"},"image":{"@id":"https:\/\/shop.bantam.ch\/de\/#\/schema\/logo\/image\/"}}]}},"_links":{"self":[{"href":"https:\/\/shop.bantam.ch\/de\/wp-json\/wp\/v2\/product\/214132","targetHints":{"allow":["GET"]}}],"collection":[{"href":"https:\/\/shop.bantam.ch\/de\/wp-json\/wp\/v2\/product"}],"about":[{"href":"https:\/\/shop.bantam.ch\/de\/wp-json\/wp\/v2\/types\/product"}],"wp:featuredmedia":[{"embeddable":true,"href":"https:\/\/shop.bantam.ch\/de\/wp-json\/wp\/v2\/media\/214115"}],"wp:attachment":[{"href":"https:\/\/shop.bantam.ch\/de\/wp-json\/wp\/v2\/media?parent=214132"}],"wp:term":[{"taxonomy":"product_featured_cat","embeddable":true,"href":"https:\/\/shop.bantam.ch\/de\/wp-json\/wp\/v2\/product_featured_cat?post=214132"},{"taxonomy":"product_brand","embeddable":true,"href":"https:\/\/shop.bantam.ch\/de\/wp-json\/wp\/v2\/product_brand?post=214132"},{"taxonomy":"product_cat","embeddable":true,"href":"https:\/\/shop.bantam.ch\/de\/wp-json\/wp\/v2\/product_cat?post=214132"},{"taxonomy":"product_tag","embeddable":true,"href":"https:\/\/shop.bantam.ch\/de\/wp-json\/wp\/v2\/product_tag?post=214132"}],"curies":[{"name":"wp","href":"https:\/\/api.w.org\/{rel}","templated":true}]}}