{"id":213918,"date":"2025-03-14T15:42:37","date_gmt":"2025-03-14T14:42:37","guid":{"rendered":"https:\/\/shop.bantam.ch\/produit\/magnet-leuchte-monaco\/"},"modified":"2026-04-18T01:53:04","modified_gmt":"2026-04-17T23:53:04","slug":"magnet-leuchte-monaco","status":"publish","type":"product","link":"https:\/\/shop.bantam.ch\/de\/produkt\/magnet-leuchte-monaco\/","title":{"rendered":"Magnet-Leuchte Monaco"},"content":{"rendered":"<p>Im Boden der Tischleuchte ist ein Magnetintegriert. Damit die Leuchte w\u00e4hrend der Fahrt an Ort und Stelle bleibt, muss sie mit einem metallischen Gegenpol kombiniertwerden. Im Set ist hierf\u00fcr ein Metall-Nano-Gel-Platzset inklusive. Das Kraftverh\u00e4ltnis zwischen der Magnet-Leuchte und dem Metall-Nano-Gel-Platzset ist perfekt ausbalanciert, sodass die Tischleuchte einerseits durch das Platzset fixiert, andererseits aber auch leicht vom Platzset abgenommen werden kann.<br \/>\nDas Platzset kann dank smarter Nano-Gel-Technologie jederzeit r\u00fcckstandslos entfernt, mit klarem Wasser gereinigt und beliebig oft wiederverwendet werden.<br \/>\nDie Tischleuchte hat eine Akku-Laufzeit von 7-55 h, ist stufenlos dimmbar, strahlwasserfest und leuchtet in einem angenehmen warmwei\u00dfen LED-Licht. Zum Aufladen der Akku-Leuchte ist ein USB-C-Ladekabel im Set inklusive.<br \/>\nModerne Tischleuchte mit smarter, innovativer Magnetl\u00f6sung:<\/p>\n<ul>\n<li>Stufenlos dimmbare Leuchte in warmwei\u00df LED<\/li>\n<li>Lichtintensit\u00e4t und Farbtemperatur einstellbar<\/li>\n<li>Akku-Laufzeit der Leuchte betr\u00e4gt 7-55 Stunden<\/li>\n<li>Nano-Gel-Platzset fixiert die Magnet-Leuchte<\/li>\n<li>Das Platzset ist jederzeit r\u00fcckstandslos entfernbar<\/li>\n<li>Es kann beliebig oft wiederverwendet werden<\/li>\n<li>Inklusive USB-C-Ladekabel<br \/>\n\t&nbsp;<\/li>\n<\/ul>\n","protected":false},"excerpt":{"rendered":"<p>Im Boden der Tischleuchte ist ein Magnetintegriert. Damit die Leuchte w\u00e4hrend der Fahrt an Ort und Stelle bleibt, muss sie mit einem metallischen Gegenpol kombiniertwerden. Im Set ist hierf\u00fcr ein Metall-Nano-Gel-Platzset inklusive. Das Kraftverh\u00e4ltnis zwischen der Magnet-Leuchte und dem Metall-Nano-Gel-Platzset ist perfekt ausbalanciert, sodass die Tischleuchte einerseits durch das Platzset fixiert, andererseits aber auch leicht [&hellip;]<\/p>\n","protected":false},"featured_media":213909,"template":"","meta":{"_acf_changed":false},"product_featured_cat":[],"product_brand":[],"product_cat":[4362,4372],"product_tag":[],"class_list":{"0":"post-213918","1":"product","2":"type-product","3":"status-publish","4":"has-post-thumbnail","6":"product_cat-batterie-akkulampen","7":"product_cat-solarlampen","9":"first","10":"instock","11":"taxable","12":"shipping-taxable","13":"purchasable","14":"product-type-variable"},"acf":[],"yoast_head":"<!-- This site is optimized with the Yoast SEO plugin v27.4 - https:\/\/yoast.com\/product\/yoast-seo-wordpress\/ -->\n<title>Magnet-Leuchte Monaco - Bantam Camping AG<\/title>\n<meta name=\"robots\" content=\"index, follow, max-snippet:-1, max-image-preview:large, max-video-preview:-1\" \/>\n<link rel=\"canonical\" href=\"https:\/\/shop.bantam.ch\/de\/produkt\/magnet-leuchte-monaco\/\" \/>\n<meta property=\"og:locale\" content=\"de_DE\" \/>\n<meta property=\"og:type\" content=\"article\" \/>\n<meta property=\"og:title\" content=\"Magnet-Leuchte Monaco - Bantam Camping AG\" \/>\n<meta property=\"og:description\" content=\"Im Boden der Tischleuchte ist ein Magnetintegriert. Damit die Leuchte w\u00e4hrend der Fahrt an Ort und Stelle bleibt, muss sie mit einem metallischen Gegenpol kombiniertwerden. Im Set ist hierf\u00fcr ein Metall-Nano-Gel-Platzset inklusive. Das Kraftverh\u00e4ltnis zwischen der Magnet-Leuchte und dem Metall-Nano-Gel-Platzset ist perfekt ausbalanciert, sodass die Tischleuchte einerseits durch das Platzset fixiert, andererseits aber auch leicht [&hellip;]\" \/>\n<meta property=\"og:url\" content=\"https:\/\/shop.bantam.ch\/de\/produkt\/magnet-leuchte-monaco\/\" \/>\n<meta property=\"og:site_name\" content=\"Bantam Camping AG\" \/>\n<meta property=\"article:modified_time\" content=\"2026-04-17T23:53:04+00:00\" \/>\n<meta name=\"twitter:card\" content=\"summary_large_image\" \/>\n<meta name=\"twitter:label1\" content=\"Gesch\u00e4tzte Lesezeit\" \/>\n\t<meta name=\"twitter:data1\" content=\"1\u00a0Minute\" \/>\n<script type=\"application\/ld+json\" class=\"yoast-schema-graph\">{\"@context\":\"https:\\\/\\\/schema.org\",\"@graph\":[{\"@type\":\"WebPage\",\"@id\":\"https:\\\/\\\/shop.bantam.ch\\\/de\\\/produkt\\\/magnet-leuchte-monaco\\\/\",\"url\":\"https:\\\/\\\/shop.bantam.ch\\\/de\\\/produkt\\\/magnet-leuchte-monaco\\\/\",\"name\":\"Magnet-Leuchte Monaco - Bantam Camping AG\",\"isPartOf\":{\"@id\":\"https:\\\/\\\/shop.bantam.ch\\\/de\\\/#website\"},\"primaryImageOfPage\":{\"@id\":\"https:\\\/\\\/shop.bantam.ch\\\/de\\\/produkt\\\/magnet-leuchte-monaco\\\/#primaryimage\"},\"image\":{\"@id\":\"https:\\\/\\\/shop.bantam.ch\\\/de\\\/produkt\\\/magnet-leuchte-monaco\\\/#primaryimage\"},\"thumbnailUrl\":\"https:\\\/\\\/shop.bantam.ch\\\/wp-content\\\/uploads\\\/2025\\\/03\\\/Movera-L-9966125100.png\",\"datePublished\":\"2025-03-14T14:42:37+00:00\",\"dateModified\":\"2026-04-17T23:53:04+00:00\",\"breadcrumb\":{\"@id\":\"https:\\\/\\\/shop.bantam.ch\\\/de\\\/produkt\\\/magnet-leuchte-monaco\\\/#breadcrumb\"},\"inLanguage\":\"de\",\"potentialAction\":[{\"@type\":\"ReadAction\",\"target\":[\"https:\\\/\\\/shop.bantam.ch\\\/de\\\/produkt\\\/magnet-leuchte-monaco\\\/\"]}]},{\"@type\":\"ImageObject\",\"inLanguage\":\"de\",\"@id\":\"https:\\\/\\\/shop.bantam.ch\\\/de\\\/produkt\\\/magnet-leuchte-monaco\\\/#primaryimage\",\"url\":\"https:\\\/\\\/shop.bantam.ch\\\/wp-content\\\/uploads\\\/2025\\\/03\\\/Movera-L-9966125100.png\",\"contentUrl\":\"https:\\\/\\\/shop.bantam.ch\\\/wp-content\\\/uploads\\\/2025\\\/03\\\/Movera-L-9966125100.png\",\"width\":640,\"height\":640},{\"@type\":\"BreadcrumbList\",\"@id\":\"https:\\\/\\\/shop.bantam.ch\\\/de\\\/produkt\\\/magnet-leuchte-monaco\\\/#breadcrumb\",\"itemListElement\":[{\"@type\":\"ListItem\",\"position\":1,\"name\":\"Accueil\",\"item\":\"https:\\\/\\\/shop.bantam.ch\\\/de\\\/\"},{\"@type\":\"ListItem\",\"position\":2,\"name\":\"Shop\",\"item\":\"https:\\\/\\\/shop.bantam.ch\\\/de\\\/shop\\\/\"},{\"@type\":\"ListItem\",\"position\":3,\"name\":\"Magnet-Leuchte Monaco\"}]},{\"@type\":\"WebSite\",\"@id\":\"https:\\\/\\\/shop.bantam.ch\\\/de\\\/#website\",\"url\":\"https:\\\/\\\/shop.bantam.ch\\\/de\\\/\",\"name\":\"Bantam Camping AG\",\"description\":\"\",\"publisher\":{\"@id\":\"https:\\\/\\\/shop.bantam.ch\\\/de\\\/#organization\"},\"inLanguage\":\"de\"},{\"@type\":\"Organization\",\"@id\":\"https:\\\/\\\/shop.bantam.ch\\\/de\\\/#organization\",\"name\":\"Bantam Camping AG\",\"url\":\"https:\\\/\\\/shop.bantam.ch\\\/de\\\/\",\"logo\":{\"@type\":\"ImageObject\",\"inLanguage\":\"de\",\"@id\":\"https:\\\/\\\/shop.bantam.ch\\\/de\\\/#\\\/schema\\\/logo\\\/image\\\/\",\"url\":\"https:\\\/\\\/shop.bantam.ch\\\/wp-content\\\/uploads\\\/2022\\\/12\\\/bantam-logo.png\",\"contentUrl\":\"https:\\\/\\\/shop.bantam.ch\\\/wp-content\\\/uploads\\\/2022\\\/12\\\/bantam-logo.png\",\"width\":320,\"height\":71,\"caption\":\"Bantam Camping AG\"},\"image\":{\"@id\":\"https:\\\/\\\/shop.bantam.ch\\\/de\\\/#\\\/schema\\\/logo\\\/image\\\/\"}}]}<\/script>\n<!-- \/ Yoast SEO plugin. -->","yoast_head_json":{"title":"Magnet-Leuchte Monaco - Bantam Camping AG","robots":{"index":"index","follow":"follow","max-snippet":"max-snippet:-1","max-image-preview":"max-image-preview:large","max-video-preview":"max-video-preview:-1"},"canonical":"https:\/\/shop.bantam.ch\/de\/produkt\/magnet-leuchte-monaco\/","og_locale":"de_DE","og_type":"article","og_title":"Magnet-Leuchte Monaco - Bantam Camping AG","og_description":"Im Boden der Tischleuchte ist ein Magnetintegriert. Damit die Leuchte w\u00e4hrend der Fahrt an Ort und Stelle bleibt, muss sie mit einem metallischen Gegenpol kombiniertwerden. Im Set ist hierf\u00fcr ein Metall-Nano-Gel-Platzset inklusive. Das Kraftverh\u00e4ltnis zwischen der Magnet-Leuchte und dem Metall-Nano-Gel-Platzset ist perfekt ausbalanciert, sodass die Tischleuchte einerseits durch das Platzset fixiert, andererseits aber auch leicht [&hellip;]","og_url":"https:\/\/shop.bantam.ch\/de\/produkt\/magnet-leuchte-monaco\/","og_site_name":"Bantam Camping AG","article_modified_time":"2026-04-17T23:53:04+00:00","twitter_card":"summary_large_image","twitter_misc":{"Gesch\u00e4tzte Lesezeit":"1\u00a0Minute"},"schema":{"@context":"https:\/\/schema.org","@graph":[{"@type":"WebPage","@id":"https:\/\/shop.bantam.ch\/de\/produkt\/magnet-leuchte-monaco\/","url":"https:\/\/shop.bantam.ch\/de\/produkt\/magnet-leuchte-monaco\/","name":"Magnet-Leuchte Monaco - Bantam Camping AG","isPartOf":{"@id":"https:\/\/shop.bantam.ch\/de\/#website"},"primaryImageOfPage":{"@id":"https:\/\/shop.bantam.ch\/de\/produkt\/magnet-leuchte-monaco\/#primaryimage"},"image":{"@id":"https:\/\/shop.bantam.ch\/de\/produkt\/magnet-leuchte-monaco\/#primaryimage"},"thumbnailUrl":"https:\/\/shop.bantam.ch\/wp-content\/uploads\/2025\/03\/Movera-L-9966125100.png","datePublished":"2025-03-14T14:42:37+00:00","dateModified":"2026-04-17T23:53:04+00:00","breadcrumb":{"@id":"https:\/\/shop.bantam.ch\/de\/produkt\/magnet-leuchte-monaco\/#breadcrumb"},"inLanguage":"de","potentialAction":[{"@type":"ReadAction","target":["https:\/\/shop.bantam.ch\/de\/produkt\/magnet-leuchte-monaco\/"]}]},{"@type":"ImageObject","inLanguage":"de","@id":"https:\/\/shop.bantam.ch\/de\/produkt\/magnet-leuchte-monaco\/#primaryimage","url":"https:\/\/shop.bantam.ch\/wp-content\/uploads\/2025\/03\/Movera-L-9966125100.png","contentUrl":"https:\/\/shop.bantam.ch\/wp-content\/uploads\/2025\/03\/Movera-L-9966125100.png","width":640,"height":640},{"@type":"BreadcrumbList","@id":"https:\/\/shop.bantam.ch\/de\/produkt\/magnet-leuchte-monaco\/#breadcrumb","itemListElement":[{"@type":"ListItem","position":1,"name":"Accueil","item":"https:\/\/shop.bantam.ch\/de\/"},{"@type":"ListItem","position":2,"name":"Shop","item":"https:\/\/shop.bantam.ch\/de\/shop\/"},{"@type":"ListItem","position":3,"name":"Magnet-Leuchte Monaco"}]},{"@type":"WebSite","@id":"https:\/\/shop.bantam.ch\/de\/#website","url":"https:\/\/shop.bantam.ch\/de\/","name":"Bantam Camping AG","description":"","publisher":{"@id":"https:\/\/shop.bantam.ch\/de\/#organization"},"inLanguage":"de"},{"@type":"Organization","@id":"https:\/\/shop.bantam.ch\/de\/#organization","name":"Bantam Camping AG","url":"https:\/\/shop.bantam.ch\/de\/","logo":{"@type":"ImageObject","inLanguage":"de","@id":"https:\/\/shop.bantam.ch\/de\/#\/schema\/logo\/image\/","url":"https:\/\/shop.bantam.ch\/wp-content\/uploads\/2022\/12\/bantam-logo.png","contentUrl":"https:\/\/shop.bantam.ch\/wp-content\/uploads\/2022\/12\/bantam-logo.png","width":320,"height":71,"caption":"Bantam Camping AG"},"image":{"@id":"https:\/\/shop.bantam.ch\/de\/#\/schema\/logo\/image\/"}}]}},"_links":{"self":[{"href":"https:\/\/shop.bantam.ch\/de\/wp-json\/wp\/v2\/product\/213918","targetHints":{"allow":["GET"]}}],"collection":[{"href":"https:\/\/shop.bantam.ch\/de\/wp-json\/wp\/v2\/product"}],"about":[{"href":"https:\/\/shop.bantam.ch\/de\/wp-json\/wp\/v2\/types\/product"}],"wp:featuredmedia":[{"embeddable":true,"href":"https:\/\/shop.bantam.ch\/de\/wp-json\/wp\/v2\/media\/213909"}],"wp:attachment":[{"href":"https:\/\/shop.bantam.ch\/de\/wp-json\/wp\/v2\/media?parent=213918"}],"wp:term":[{"taxonomy":"product_featured_cat","embeddable":true,"href":"https:\/\/shop.bantam.ch\/de\/wp-json\/wp\/v2\/product_featured_cat?post=213918"},{"taxonomy":"product_brand","embeddable":true,"href":"https:\/\/shop.bantam.ch\/de\/wp-json\/wp\/v2\/product_brand?post=213918"},{"taxonomy":"product_cat","embeddable":true,"href":"https:\/\/shop.bantam.ch\/de\/wp-json\/wp\/v2\/product_cat?post=213918"},{"taxonomy":"product_tag","embeddable":true,"href":"https:\/\/shop.bantam.ch\/de\/wp-json\/wp\/v2\/product_tag?post=213918"}],"curies":[{"name":"wp","href":"https:\/\/api.w.org\/{rel}","templated":true}]}}