{"id":213886,"date":"2025-03-14T15:41:46","date_gmt":"2025-03-14T14:41:46","guid":{"rendered":"https:\/\/shop.bantam.ch\/produit\/dachmarkise-kit-fiamma-f80-s-passen-fuer-fiat-ducato-tuch-fb-royal-grey-gehaeuse-deep-black\/"},"modified":"2026-04-18T01:52:55","modified_gmt":"2026-04-17T23:52:55","slug":"dachmarkise-kit-fiamma-f80-s-passen-fuer-fiat-ducato-tuch-fb-royal-grey-gehaeuse-deep-black","status":"publish","type":"product","link":"https:\/\/shop.bantam.ch\/de\/produkt\/dachmarkise-kit-fiamma-f80-s-passen-fuer-fiat-ducato-tuch-fb-royal-grey-gehaeuse-deep-black\/","title":{"rendered":"Dachmarkise Kit FIAMMA F80 S passen f\u00fcr Fiat Ducato Tuch Fb. royal grey Geh\u00e4use deep black"},"content":{"rendered":"<p>Die spezielle Version der Markise F80s passend f\u00fcr Fiat Ducato.<\/p>\n<p>&nbsp;<\/p>\n<ul>\n<li>Komplett mit Halterungen und Dichtungen<\/li>\n<li>Dachmarkise mit Kurbel und praktischer sichtbarer \u00d6se<\/li>\n<li>Halterung in schwarzer Ausf\u00fchrung &#8211; Kit Ducato \/ Citro\u00ebn Jumper \/ Peugeot Boxer &#8211; Low Profile \u2265 2006 &#8211; H2 &#8211; L2\/L3<\/li>\n<li>Rain Guard Slim und Abdeckung aus schwarzem Kunststoff<\/li>\n<li>Kit Rain Guard Slim, eine Dichtung, die das Herunterlaufen von Wasser an der Fahrzeugwand verhindert<\/li>\n<li>Kit Cover, seitliche Halterungsabdeckungen f\u00fcr eine bessere Integration der Markise in das Fahrzeugprofil<\/li>\n<li>Mit elektrischem Antrieb ausr\u00fcstbar<\/li>\n<\/ul>\n<p>Material:<\/p>\n<p>Markise 100 % Polychlorid (PVC)<\/p>\n","protected":false},"excerpt":{"rendered":"<p>Die spezielle Version der Markise F80s passend f\u00fcr Fiat Ducato. &nbsp; Komplett mit Halterungen und Dichtungen Dachmarkise mit Kurbel und praktischer sichtbarer \u00d6se Halterung in schwarzer Ausf\u00fchrung &#8211; Kit Ducato \/ Citro\u00ebn Jumper \/ Peugeot Boxer &#8211; Low Profile \u2265 2006 &#8211; H2 &#8211; L2\/L3 Rain Guard Slim und Abdeckung aus schwarzem Kunststoff Kit Rain [&hellip;]<\/p>\n","protected":false},"featured_media":213881,"template":"","meta":{"_acf_changed":false},"product_featured_cat":[],"product_brand":[],"product_cat":[4214],"product_tag":[],"class_list":{"0":"post-213886","1":"product","2":"type-product","3":"status-publish","4":"has-post-thumbnail","6":"product_cat-markisen-dachseitenwand","8":"first","9":"instock","10":"taxable","11":"shipping-taxable","12":"purchasable","13":"product-type-variable"},"acf":[],"yoast_head":"<!-- This site is optimized with the Yoast SEO plugin v27.4 - https:\/\/yoast.com\/product\/yoast-seo-wordpress\/ -->\n<title>Dachmarkise Kit FIAMMA F80 S passen f\u00fcr Fiat Ducato Tuch Fb. royal grey Geh\u00e4use deep black - Bantam Camping AG<\/title>\n<meta name=\"robots\" content=\"index, follow, max-snippet:-1, max-image-preview:large, max-video-preview:-1\" \/>\n<link rel=\"canonical\" href=\"https:\/\/shop.bantam.ch\/de\/produkt\/dachmarkise-kit-fiamma-f80-s-passen-fuer-fiat-ducato-tuch-fb-royal-grey-gehaeuse-deep-black\/\" \/>\n<meta property=\"og:locale\" content=\"de_DE\" \/>\n<meta property=\"og:type\" content=\"article\" \/>\n<meta property=\"og:title\" content=\"Dachmarkise Kit FIAMMA F80 S passen f\u00fcr Fiat Ducato Tuch Fb. royal grey Geh\u00e4use deep black - Bantam Camping AG\" \/>\n<meta property=\"og:description\" content=\"Die spezielle Version der Markise F80s passend f\u00fcr Fiat Ducato. &nbsp; Komplett mit Halterungen und Dichtungen Dachmarkise mit Kurbel und praktischer sichtbarer \u00d6se Halterung in schwarzer Ausf\u00fchrung &#8211; Kit Ducato \/ Citro\u00ebn Jumper \/ Peugeot Boxer &#8211; Low Profile \u2265 2006 &#8211; H2 &#8211; L2\/L3 Rain Guard Slim und Abdeckung aus schwarzem Kunststoff Kit Rain [&hellip;]\" \/>\n<meta property=\"og:url\" content=\"https:\/\/shop.bantam.ch\/de\/produkt\/dachmarkise-kit-fiamma-f80-s-passen-fuer-fiat-ducato-tuch-fb-royal-grey-gehaeuse-deep-black\/\" \/>\n<meta property=\"og:site_name\" content=\"Bantam Camping AG\" \/>\n<meta property=\"article:modified_time\" content=\"2026-04-17T23:52:55+00:00\" \/>\n<meta name=\"twitter:card\" content=\"summary_large_image\" \/>\n<script type=\"application\/ld+json\" class=\"yoast-schema-graph\">{\"@context\":\"https:\\\/\\\/schema.org\",\"@graph\":[{\"@type\":\"WebPage\",\"@id\":\"https:\\\/\\\/shop.bantam.ch\\\/de\\\/produkt\\\/dachmarkise-kit-fiamma-f80-s-passen-fuer-fiat-ducato-tuch-fb-royal-grey-gehaeuse-deep-black\\\/\",\"url\":\"https:\\\/\\\/shop.bantam.ch\\\/de\\\/produkt\\\/dachmarkise-kit-fiamma-f80-s-passen-fuer-fiat-ducato-tuch-fb-royal-grey-gehaeuse-deep-black\\\/\",\"name\":\"Dachmarkise Kit FIAMMA F80 S passen f\u00fcr Fiat Ducato Tuch Fb. royal grey Geh\u00e4use deep black - Bantam Camping AG\",\"isPartOf\":{\"@id\":\"https:\\\/\\\/shop.bantam.ch\\\/de\\\/#website\"},\"primaryImageOfPage\":{\"@id\":\"https:\\\/\\\/shop.bantam.ch\\\/de\\\/produkt\\\/dachmarkise-kit-fiamma-f80-s-passen-fuer-fiat-ducato-tuch-fb-royal-grey-gehaeuse-deep-black\\\/#primaryimage\"},\"image\":{\"@id\":\"https:\\\/\\\/shop.bantam.ch\\\/de\\\/produkt\\\/dachmarkise-kit-fiamma-f80-s-passen-fuer-fiat-ducato-tuch-fb-royal-grey-gehaeuse-deep-black\\\/#primaryimage\"},\"thumbnailUrl\":\"https:\\\/\\\/shop.bantam.ch\\\/wp-content\\\/uploads\\\/2025\\\/03\\\/Movera-L-0107132100.jpg\",\"datePublished\":\"2025-03-14T14:41:46+00:00\",\"dateModified\":\"2026-04-17T23:52:55+00:00\",\"breadcrumb\":{\"@id\":\"https:\\\/\\\/shop.bantam.ch\\\/de\\\/produkt\\\/dachmarkise-kit-fiamma-f80-s-passen-fuer-fiat-ducato-tuch-fb-royal-grey-gehaeuse-deep-black\\\/#breadcrumb\"},\"inLanguage\":\"de\",\"potentialAction\":[{\"@type\":\"ReadAction\",\"target\":[\"https:\\\/\\\/shop.bantam.ch\\\/de\\\/produkt\\\/dachmarkise-kit-fiamma-f80-s-passen-fuer-fiat-ducato-tuch-fb-royal-grey-gehaeuse-deep-black\\\/\"]}]},{\"@type\":\"ImageObject\",\"inLanguage\":\"de\",\"@id\":\"https:\\\/\\\/shop.bantam.ch\\\/de\\\/produkt\\\/dachmarkise-kit-fiamma-f80-s-passen-fuer-fiat-ducato-tuch-fb-royal-grey-gehaeuse-deep-black\\\/#primaryimage\",\"url\":\"https:\\\/\\\/shop.bantam.ch\\\/wp-content\\\/uploads\\\/2025\\\/03\\\/Movera-L-0107132100.jpg\",\"contentUrl\":\"https:\\\/\\\/shop.bantam.ch\\\/wp-content\\\/uploads\\\/2025\\\/03\\\/Movera-L-0107132100.jpg\",\"width\":640,\"height\":456},{\"@type\":\"BreadcrumbList\",\"@id\":\"https:\\\/\\\/shop.bantam.ch\\\/de\\\/produkt\\\/dachmarkise-kit-fiamma-f80-s-passen-fuer-fiat-ducato-tuch-fb-royal-grey-gehaeuse-deep-black\\\/#breadcrumb\",\"itemListElement\":[{\"@type\":\"ListItem\",\"position\":1,\"name\":\"Accueil\",\"item\":\"https:\\\/\\\/shop.bantam.ch\\\/de\\\/\"},{\"@type\":\"ListItem\",\"position\":2,\"name\":\"Shop\",\"item\":\"https:\\\/\\\/shop.bantam.ch\\\/de\\\/shop\\\/\"},{\"@type\":\"ListItem\",\"position\":3,\"name\":\"Dachmarkise Kit FIAMMA F80 S passen f\u00fcr Fiat Ducato Tuch Fb. royal grey Geh\u00e4use deep black\"}]},{\"@type\":\"WebSite\",\"@id\":\"https:\\\/\\\/shop.bantam.ch\\\/de\\\/#website\",\"url\":\"https:\\\/\\\/shop.bantam.ch\\\/de\\\/\",\"name\":\"Bantam Camping AG\",\"description\":\"\",\"publisher\":{\"@id\":\"https:\\\/\\\/shop.bantam.ch\\\/de\\\/#organization\"},\"inLanguage\":\"de\"},{\"@type\":\"Organization\",\"@id\":\"https:\\\/\\\/shop.bantam.ch\\\/de\\\/#organization\",\"name\":\"Bantam Camping AG\",\"url\":\"https:\\\/\\\/shop.bantam.ch\\\/de\\\/\",\"logo\":{\"@type\":\"ImageObject\",\"inLanguage\":\"de\",\"@id\":\"https:\\\/\\\/shop.bantam.ch\\\/de\\\/#\\\/schema\\\/logo\\\/image\\\/\",\"url\":\"https:\\\/\\\/shop.bantam.ch\\\/wp-content\\\/uploads\\\/2022\\\/12\\\/bantam-logo.png\",\"contentUrl\":\"https:\\\/\\\/shop.bantam.ch\\\/wp-content\\\/uploads\\\/2022\\\/12\\\/bantam-logo.png\",\"width\":320,\"height\":71,\"caption\":\"Bantam Camping AG\"},\"image\":{\"@id\":\"https:\\\/\\\/shop.bantam.ch\\\/de\\\/#\\\/schema\\\/logo\\\/image\\\/\"}}]}<\/script>\n<!-- \/ Yoast SEO plugin. -->","yoast_head_json":{"title":"Dachmarkise Kit FIAMMA F80 S passen f\u00fcr Fiat Ducato Tuch Fb. royal grey Geh\u00e4use deep black - Bantam Camping AG","robots":{"index":"index","follow":"follow","max-snippet":"max-snippet:-1","max-image-preview":"max-image-preview:large","max-video-preview":"max-video-preview:-1"},"canonical":"https:\/\/shop.bantam.ch\/de\/produkt\/dachmarkise-kit-fiamma-f80-s-passen-fuer-fiat-ducato-tuch-fb-royal-grey-gehaeuse-deep-black\/","og_locale":"de_DE","og_type":"article","og_title":"Dachmarkise Kit FIAMMA F80 S passen f\u00fcr Fiat Ducato Tuch Fb. royal grey Geh\u00e4use deep black - Bantam Camping AG","og_description":"Die spezielle Version der Markise F80s passend f\u00fcr Fiat Ducato. &nbsp; Komplett mit Halterungen und Dichtungen Dachmarkise mit Kurbel und praktischer sichtbarer \u00d6se Halterung in schwarzer Ausf\u00fchrung &#8211; Kit Ducato \/ Citro\u00ebn Jumper \/ Peugeot Boxer &#8211; Low Profile \u2265 2006 &#8211; H2 &#8211; L2\/L3 Rain Guard Slim und Abdeckung aus schwarzem Kunststoff Kit Rain [&hellip;]","og_url":"https:\/\/shop.bantam.ch\/de\/produkt\/dachmarkise-kit-fiamma-f80-s-passen-fuer-fiat-ducato-tuch-fb-royal-grey-gehaeuse-deep-black\/","og_site_name":"Bantam Camping AG","article_modified_time":"2026-04-17T23:52:55+00:00","twitter_card":"summary_large_image","schema":{"@context":"https:\/\/schema.org","@graph":[{"@type":"WebPage","@id":"https:\/\/shop.bantam.ch\/de\/produkt\/dachmarkise-kit-fiamma-f80-s-passen-fuer-fiat-ducato-tuch-fb-royal-grey-gehaeuse-deep-black\/","url":"https:\/\/shop.bantam.ch\/de\/produkt\/dachmarkise-kit-fiamma-f80-s-passen-fuer-fiat-ducato-tuch-fb-royal-grey-gehaeuse-deep-black\/","name":"Dachmarkise Kit FIAMMA F80 S passen f\u00fcr Fiat Ducato Tuch Fb. royal grey Geh\u00e4use deep black - Bantam Camping AG","isPartOf":{"@id":"https:\/\/shop.bantam.ch\/de\/#website"},"primaryImageOfPage":{"@id":"https:\/\/shop.bantam.ch\/de\/produkt\/dachmarkise-kit-fiamma-f80-s-passen-fuer-fiat-ducato-tuch-fb-royal-grey-gehaeuse-deep-black\/#primaryimage"},"image":{"@id":"https:\/\/shop.bantam.ch\/de\/produkt\/dachmarkise-kit-fiamma-f80-s-passen-fuer-fiat-ducato-tuch-fb-royal-grey-gehaeuse-deep-black\/#primaryimage"},"thumbnailUrl":"https:\/\/shop.bantam.ch\/wp-content\/uploads\/2025\/03\/Movera-L-0107132100.jpg","datePublished":"2025-03-14T14:41:46+00:00","dateModified":"2026-04-17T23:52:55+00:00","breadcrumb":{"@id":"https:\/\/shop.bantam.ch\/de\/produkt\/dachmarkise-kit-fiamma-f80-s-passen-fuer-fiat-ducato-tuch-fb-royal-grey-gehaeuse-deep-black\/#breadcrumb"},"inLanguage":"de","potentialAction":[{"@type":"ReadAction","target":["https:\/\/shop.bantam.ch\/de\/produkt\/dachmarkise-kit-fiamma-f80-s-passen-fuer-fiat-ducato-tuch-fb-royal-grey-gehaeuse-deep-black\/"]}]},{"@type":"ImageObject","inLanguage":"de","@id":"https:\/\/shop.bantam.ch\/de\/produkt\/dachmarkise-kit-fiamma-f80-s-passen-fuer-fiat-ducato-tuch-fb-royal-grey-gehaeuse-deep-black\/#primaryimage","url":"https:\/\/shop.bantam.ch\/wp-content\/uploads\/2025\/03\/Movera-L-0107132100.jpg","contentUrl":"https:\/\/shop.bantam.ch\/wp-content\/uploads\/2025\/03\/Movera-L-0107132100.jpg","width":640,"height":456},{"@type":"BreadcrumbList","@id":"https:\/\/shop.bantam.ch\/de\/produkt\/dachmarkise-kit-fiamma-f80-s-passen-fuer-fiat-ducato-tuch-fb-royal-grey-gehaeuse-deep-black\/#breadcrumb","itemListElement":[{"@type":"ListItem","position":1,"name":"Accueil","item":"https:\/\/shop.bantam.ch\/de\/"},{"@type":"ListItem","position":2,"name":"Shop","item":"https:\/\/shop.bantam.ch\/de\/shop\/"},{"@type":"ListItem","position":3,"name":"Dachmarkise Kit FIAMMA F80 S passen f\u00fcr Fiat Ducato Tuch Fb. royal grey Geh\u00e4use deep black"}]},{"@type":"WebSite","@id":"https:\/\/shop.bantam.ch\/de\/#website","url":"https:\/\/shop.bantam.ch\/de\/","name":"Bantam Camping AG","description":"","publisher":{"@id":"https:\/\/shop.bantam.ch\/de\/#organization"},"inLanguage":"de"},{"@type":"Organization","@id":"https:\/\/shop.bantam.ch\/de\/#organization","name":"Bantam Camping AG","url":"https:\/\/shop.bantam.ch\/de\/","logo":{"@type":"ImageObject","inLanguage":"de","@id":"https:\/\/shop.bantam.ch\/de\/#\/schema\/logo\/image\/","url":"https:\/\/shop.bantam.ch\/wp-content\/uploads\/2022\/12\/bantam-logo.png","contentUrl":"https:\/\/shop.bantam.ch\/wp-content\/uploads\/2022\/12\/bantam-logo.png","width":320,"height":71,"caption":"Bantam Camping AG"},"image":{"@id":"https:\/\/shop.bantam.ch\/de\/#\/schema\/logo\/image\/"}}]}},"_links":{"self":[{"href":"https:\/\/shop.bantam.ch\/de\/wp-json\/wp\/v2\/product\/213886","targetHints":{"allow":["GET"]}}],"collection":[{"href":"https:\/\/shop.bantam.ch\/de\/wp-json\/wp\/v2\/product"}],"about":[{"href":"https:\/\/shop.bantam.ch\/de\/wp-json\/wp\/v2\/types\/product"}],"wp:featuredmedia":[{"embeddable":true,"href":"https:\/\/shop.bantam.ch\/de\/wp-json\/wp\/v2\/media\/213881"}],"wp:attachment":[{"href":"https:\/\/shop.bantam.ch\/de\/wp-json\/wp\/v2\/media?parent=213886"}],"wp:term":[{"taxonomy":"product_featured_cat","embeddable":true,"href":"https:\/\/shop.bantam.ch\/de\/wp-json\/wp\/v2\/product_featured_cat?post=213886"},{"taxonomy":"product_brand","embeddable":true,"href":"https:\/\/shop.bantam.ch\/de\/wp-json\/wp\/v2\/product_brand?post=213886"},{"taxonomy":"product_cat","embeddable":true,"href":"https:\/\/shop.bantam.ch\/de\/wp-json\/wp\/v2\/product_cat?post=213886"},{"taxonomy":"product_tag","embeddable":true,"href":"https:\/\/shop.bantam.ch\/de\/wp-json\/wp\/v2\/product_tag?post=213886"}],"curies":[{"name":"wp","href":"https:\/\/api.w.org\/{rel}","templated":true}]}}