{"id":213801,"date":"2025-03-14T15:39:25","date_gmt":"2025-03-14T14:39:25","guid":{"rendered":"https:\/\/shop.bantam.ch\/produit\/floe-entwaesserungsausruestung\/"},"modified":"2026-04-21T23:30:01","modified_gmt":"2026-04-21T21:30:01","slug":"floe-entwaesserungsausruestung","status":"publish","type":"product","link":"https:\/\/shop.bantam.ch\/de\/produkt\/floe-entwaesserungsausruestung\/","title":{"rendered":"Flo\u00eb-Entw\u00e4sserungsausr\u00fcstung"},"content":{"rendered":"<p>Flo\u00eb ist ein leicht zu installierendes System, das Luft von einem Autokompressor oder einer Fu\u00dfpumpe (nicht im Lieferumfang enthalten!) nutzt, um dein Wassersystem vollst\u00e4ndig zu entleeren. So wird verhindert, dass Wasser stagniert und potenziell gef\u00e4hrliche Krankheiten verursacht. Zudem sch\u00fctzt es im Winter vor Frostsch\u00e4den, was eine l\u00e4ngere Nutzung deines Fahrzeugs w\u00e4hrend der kalten Monate erm\u00f6glicht.<\/p>\n","protected":false},"excerpt":{"rendered":"<p>Flo\u00eb ist ein leicht zu installierendes System, das Luft von einem Autokompressor oder einer Fu\u00dfpumpe (nicht im Lieferumfang enthalten!) nutzt, um dein Wassersystem vollst\u00e4ndig zu entleeren. So wird verhindert, dass Wasser stagniert und potenziell gef\u00e4hrliche Krankheiten verursacht. Zudem sch\u00fctzt es im Winter vor Frostsch\u00e4den, was eine l\u00e4ngere Nutzung deines Fahrzeugs w\u00e4hrend der kalten Monate erm\u00f6glicht.<\/p>\n","protected":false},"featured_media":213799,"template":"","meta":{"_acf_changed":false},"product_featured_cat":[],"product_brand":[],"product_cat":[4110,4122],"product_tag":[],"class_list":{"0":"post-213801","1":"product","2":"type-product","3":"status-publish","4":"has-post-thumbnail","6":"product_cat-frostschutz","7":"product_cat-wassertanks","9":"first","10":"instock","11":"taxable","12":"shipping-taxable","13":"purchasable","14":"product-type-simple"},"acf":[],"yoast_head":"<!-- This site is optimized with the Yoast SEO plugin v27.4 - https:\/\/yoast.com\/product\/yoast-seo-wordpress\/ -->\n<title>Flo\u00eb-Entw\u00e4sserungsausr\u00fcstung - Bantam Camping AG<\/title>\n<meta name=\"robots\" content=\"index, follow, max-snippet:-1, max-image-preview:large, max-video-preview:-1\" \/>\n<link rel=\"canonical\" href=\"https:\/\/shop.bantam.ch\/de\/produkt\/floe-entwaesserungsausruestung\/\" \/>\n<meta property=\"og:locale\" content=\"de_DE\" \/>\n<meta property=\"og:type\" content=\"article\" \/>\n<meta property=\"og:title\" content=\"Flo\u00eb-Entw\u00e4sserungsausr\u00fcstung - Bantam Camping AG\" \/>\n<meta property=\"og:description\" content=\"Flo\u00eb ist ein leicht zu installierendes System, das Luft von einem Autokompressor oder einer Fu\u00dfpumpe (nicht im Lieferumfang enthalten!) nutzt, um dein Wassersystem vollst\u00e4ndig zu entleeren. So wird verhindert, dass Wasser stagniert und potenziell gef\u00e4hrliche Krankheiten verursacht. Zudem sch\u00fctzt es im Winter vor Frostsch\u00e4den, was eine l\u00e4ngere Nutzung deines Fahrzeugs w\u00e4hrend der kalten Monate erm\u00f6glicht.\" \/>\n<meta property=\"og:url\" content=\"https:\/\/shop.bantam.ch\/de\/produkt\/floe-entwaesserungsausruestung\/\" \/>\n<meta property=\"og:site_name\" content=\"Bantam Camping AG\" \/>\n<meta property=\"article:modified_time\" content=\"2026-04-21T21:30:01+00:00\" \/>\n<meta name=\"twitter:card\" content=\"summary_large_image\" \/>\n<script type=\"application\/ld+json\" class=\"yoast-schema-graph\">{\"@context\":\"https:\\\/\\\/schema.org\",\"@graph\":[{\"@type\":\"WebPage\",\"@id\":\"https:\\\/\\\/shop.bantam.ch\\\/de\\\/produkt\\\/floe-entwaesserungsausruestung\\\/\",\"url\":\"https:\\\/\\\/shop.bantam.ch\\\/de\\\/produkt\\\/floe-entwaesserungsausruestung\\\/\",\"name\":\"Flo\u00eb-Entw\u00e4sserungsausr\u00fcstung - Bantam Camping AG\",\"isPartOf\":{\"@id\":\"https:\\\/\\\/shop.bantam.ch\\\/de\\\/#website\"},\"primaryImageOfPage\":{\"@id\":\"https:\\\/\\\/shop.bantam.ch\\\/de\\\/produkt\\\/floe-entwaesserungsausruestung\\\/#primaryimage\"},\"image\":{\"@id\":\"https:\\\/\\\/shop.bantam.ch\\\/de\\\/produkt\\\/floe-entwaesserungsausruestung\\\/#primaryimage\"},\"thumbnailUrl\":\"https:\\\/\\\/shop.bantam.ch\\\/wp-content\\\/uploads\\\/2025\\\/03\\\/Movera-L-9966084100.jpg\",\"datePublished\":\"2025-03-14T14:39:25+00:00\",\"dateModified\":\"2026-04-21T21:30:01+00:00\",\"breadcrumb\":{\"@id\":\"https:\\\/\\\/shop.bantam.ch\\\/de\\\/produkt\\\/floe-entwaesserungsausruestung\\\/#breadcrumb\"},\"inLanguage\":\"de\",\"potentialAction\":[{\"@type\":\"ReadAction\",\"target\":[\"https:\\\/\\\/shop.bantam.ch\\\/de\\\/produkt\\\/floe-entwaesserungsausruestung\\\/\"]}]},{\"@type\":\"ImageObject\",\"inLanguage\":\"de\",\"@id\":\"https:\\\/\\\/shop.bantam.ch\\\/de\\\/produkt\\\/floe-entwaesserungsausruestung\\\/#primaryimage\",\"url\":\"https:\\\/\\\/shop.bantam.ch\\\/wp-content\\\/uploads\\\/2025\\\/03\\\/Movera-L-9966084100.jpg\",\"contentUrl\":\"https:\\\/\\\/shop.bantam.ch\\\/wp-content\\\/uploads\\\/2025\\\/03\\\/Movera-L-9966084100.jpg\",\"width\":640,\"height\":716},{\"@type\":\"BreadcrumbList\",\"@id\":\"https:\\\/\\\/shop.bantam.ch\\\/de\\\/produkt\\\/floe-entwaesserungsausruestung\\\/#breadcrumb\",\"itemListElement\":[{\"@type\":\"ListItem\",\"position\":1,\"name\":\"Accueil\",\"item\":\"https:\\\/\\\/shop.bantam.ch\\\/de\\\/\"},{\"@type\":\"ListItem\",\"position\":2,\"name\":\"Shop\",\"item\":\"https:\\\/\\\/shop.bantam.ch\\\/de\\\/shop\\\/\"},{\"@type\":\"ListItem\",\"position\":3,\"name\":\"Flo\u00eb-Entw\u00e4sserungsausr\u00fcstung\"}]},{\"@type\":\"WebSite\",\"@id\":\"https:\\\/\\\/shop.bantam.ch\\\/de\\\/#website\",\"url\":\"https:\\\/\\\/shop.bantam.ch\\\/de\\\/\",\"name\":\"Bantam Camping AG\",\"description\":\"\",\"publisher\":{\"@id\":\"https:\\\/\\\/shop.bantam.ch\\\/de\\\/#organization\"},\"inLanguage\":\"de\"},{\"@type\":\"Organization\",\"@id\":\"https:\\\/\\\/shop.bantam.ch\\\/de\\\/#organization\",\"name\":\"Bantam Camping AG\",\"url\":\"https:\\\/\\\/shop.bantam.ch\\\/de\\\/\",\"logo\":{\"@type\":\"ImageObject\",\"inLanguage\":\"de\",\"@id\":\"https:\\\/\\\/shop.bantam.ch\\\/de\\\/#\\\/schema\\\/logo\\\/image\\\/\",\"url\":\"https:\\\/\\\/shop.bantam.ch\\\/wp-content\\\/uploads\\\/2022\\\/12\\\/bantam-logo.png\",\"contentUrl\":\"https:\\\/\\\/shop.bantam.ch\\\/wp-content\\\/uploads\\\/2022\\\/12\\\/bantam-logo.png\",\"width\":320,\"height\":71,\"caption\":\"Bantam Camping AG\"},\"image\":{\"@id\":\"https:\\\/\\\/shop.bantam.ch\\\/de\\\/#\\\/schema\\\/logo\\\/image\\\/\"}}]}<\/script>\n<!-- \/ Yoast SEO plugin. -->","yoast_head_json":{"title":"Flo\u00eb-Entw\u00e4sserungsausr\u00fcstung - Bantam Camping AG","robots":{"index":"index","follow":"follow","max-snippet":"max-snippet:-1","max-image-preview":"max-image-preview:large","max-video-preview":"max-video-preview:-1"},"canonical":"https:\/\/shop.bantam.ch\/de\/produkt\/floe-entwaesserungsausruestung\/","og_locale":"de_DE","og_type":"article","og_title":"Flo\u00eb-Entw\u00e4sserungsausr\u00fcstung - Bantam Camping AG","og_description":"Flo\u00eb ist ein leicht zu installierendes System, das Luft von einem Autokompressor oder einer Fu\u00dfpumpe (nicht im Lieferumfang enthalten!) nutzt, um dein Wassersystem vollst\u00e4ndig zu entleeren. So wird verhindert, dass Wasser stagniert und potenziell gef\u00e4hrliche Krankheiten verursacht. Zudem sch\u00fctzt es im Winter vor Frostsch\u00e4den, was eine l\u00e4ngere Nutzung deines Fahrzeugs w\u00e4hrend der kalten Monate erm\u00f6glicht.","og_url":"https:\/\/shop.bantam.ch\/de\/produkt\/floe-entwaesserungsausruestung\/","og_site_name":"Bantam Camping AG","article_modified_time":"2026-04-21T21:30:01+00:00","twitter_card":"summary_large_image","schema":{"@context":"https:\/\/schema.org","@graph":[{"@type":"WebPage","@id":"https:\/\/shop.bantam.ch\/de\/produkt\/floe-entwaesserungsausruestung\/","url":"https:\/\/shop.bantam.ch\/de\/produkt\/floe-entwaesserungsausruestung\/","name":"Flo\u00eb-Entw\u00e4sserungsausr\u00fcstung - Bantam Camping AG","isPartOf":{"@id":"https:\/\/shop.bantam.ch\/de\/#website"},"primaryImageOfPage":{"@id":"https:\/\/shop.bantam.ch\/de\/produkt\/floe-entwaesserungsausruestung\/#primaryimage"},"image":{"@id":"https:\/\/shop.bantam.ch\/de\/produkt\/floe-entwaesserungsausruestung\/#primaryimage"},"thumbnailUrl":"https:\/\/shop.bantam.ch\/wp-content\/uploads\/2025\/03\/Movera-L-9966084100.jpg","datePublished":"2025-03-14T14:39:25+00:00","dateModified":"2026-04-21T21:30:01+00:00","breadcrumb":{"@id":"https:\/\/shop.bantam.ch\/de\/produkt\/floe-entwaesserungsausruestung\/#breadcrumb"},"inLanguage":"de","potentialAction":[{"@type":"ReadAction","target":["https:\/\/shop.bantam.ch\/de\/produkt\/floe-entwaesserungsausruestung\/"]}]},{"@type":"ImageObject","inLanguage":"de","@id":"https:\/\/shop.bantam.ch\/de\/produkt\/floe-entwaesserungsausruestung\/#primaryimage","url":"https:\/\/shop.bantam.ch\/wp-content\/uploads\/2025\/03\/Movera-L-9966084100.jpg","contentUrl":"https:\/\/shop.bantam.ch\/wp-content\/uploads\/2025\/03\/Movera-L-9966084100.jpg","width":640,"height":716},{"@type":"BreadcrumbList","@id":"https:\/\/shop.bantam.ch\/de\/produkt\/floe-entwaesserungsausruestung\/#breadcrumb","itemListElement":[{"@type":"ListItem","position":1,"name":"Accueil","item":"https:\/\/shop.bantam.ch\/de\/"},{"@type":"ListItem","position":2,"name":"Shop","item":"https:\/\/shop.bantam.ch\/de\/shop\/"},{"@type":"ListItem","position":3,"name":"Flo\u00eb-Entw\u00e4sserungsausr\u00fcstung"}]},{"@type":"WebSite","@id":"https:\/\/shop.bantam.ch\/de\/#website","url":"https:\/\/shop.bantam.ch\/de\/","name":"Bantam Camping AG","description":"","publisher":{"@id":"https:\/\/shop.bantam.ch\/de\/#organization"},"inLanguage":"de"},{"@type":"Organization","@id":"https:\/\/shop.bantam.ch\/de\/#organization","name":"Bantam Camping AG","url":"https:\/\/shop.bantam.ch\/de\/","logo":{"@type":"ImageObject","inLanguage":"de","@id":"https:\/\/shop.bantam.ch\/de\/#\/schema\/logo\/image\/","url":"https:\/\/shop.bantam.ch\/wp-content\/uploads\/2022\/12\/bantam-logo.png","contentUrl":"https:\/\/shop.bantam.ch\/wp-content\/uploads\/2022\/12\/bantam-logo.png","width":320,"height":71,"caption":"Bantam Camping AG"},"image":{"@id":"https:\/\/shop.bantam.ch\/de\/#\/schema\/logo\/image\/"}}]}},"_links":{"self":[{"href":"https:\/\/shop.bantam.ch\/de\/wp-json\/wp\/v2\/product\/213801","targetHints":{"allow":["GET"]}}],"collection":[{"href":"https:\/\/shop.bantam.ch\/de\/wp-json\/wp\/v2\/product"}],"about":[{"href":"https:\/\/shop.bantam.ch\/de\/wp-json\/wp\/v2\/types\/product"}],"wp:featuredmedia":[{"embeddable":true,"href":"https:\/\/shop.bantam.ch\/de\/wp-json\/wp\/v2\/media\/213799"}],"wp:attachment":[{"href":"https:\/\/shop.bantam.ch\/de\/wp-json\/wp\/v2\/media?parent=213801"}],"wp:term":[{"taxonomy":"product_featured_cat","embeddable":true,"href":"https:\/\/shop.bantam.ch\/de\/wp-json\/wp\/v2\/product_featured_cat?post=213801"},{"taxonomy":"product_brand","embeddable":true,"href":"https:\/\/shop.bantam.ch\/de\/wp-json\/wp\/v2\/product_brand?post=213801"},{"taxonomy":"product_cat","embeddable":true,"href":"https:\/\/shop.bantam.ch\/de\/wp-json\/wp\/v2\/product_cat?post=213801"},{"taxonomy":"product_tag","embeddable":true,"href":"https:\/\/shop.bantam.ch\/de\/wp-json\/wp\/v2\/product_tag?post=213801"}],"curies":[{"name":"wp","href":"https:\/\/api.w.org\/{rel}","templated":true}]}}