{"id":213647,"date":"2025-03-14T15:35:21","date_gmt":"2025-03-14T14:35:21","guid":{"rendered":"https:\/\/shop.bantam.ch\/produit\/campingcard-aires-camping-cars-2025-franzoesisch\/"},"modified":"2026-04-18T23:28:30","modified_gmt":"2026-04-18T21:28:30","slug":"campingcard-aires-camping-cars-2025-franzoesisch","status":"publish","type":"product","link":"https:\/\/shop.bantam.ch\/de\/produkt\/campingcard-aires-camping-cars-2025-franzoesisch\/","title":{"rendered":"CampingCard ACSI &amp; Aires camping-cars 2025, franz\u00f6sisch"},"content":{"rendered":"<p><strong>Das ideale Handbuch f\u00fcr Wohnmobilisten!<\/strong><\/p>\n<ul>\n<li>Mehr als 12 000 inspizierte Camping- und Stellpl\u00e4tze<\/li>\n<li>N\u00fctzliche Informationen zu Bodenbeschaffenheit, Preisen und Zahlungsm\u00f6glichkeiten<\/li>\n<li>Bis zu 60 % Erm\u00e4\u00dfigung in der Nebensaison auf 3 000 Campingpl\u00e4tzen<\/li>\n<\/ul>\n<p><strong>Das ideale Handbuch f\u00fcr Wohnmobilisten<\/strong><br \/>\nMehr als 12 000 j\u00e4hrlich von ACSI inspizierte Campingpl\u00e4tze und von Facile Media ausgew\u00e4hlte Wohnmobilstellpl\u00e4tze in einem Handbuch. \u00dcbersichtlich nach L\u00e4ndern sortiert und mit praktischen Informationen \u00fcber Bodenbeschaffenheiten, Preise, Zahlungsm\u00f6glichkeiten und verf\u00fcgbare Einrichtungen. Und mit GPS-Koordinaten f\u00fcr eine perfekte Navigation. So finden Sie immer einen sch\u00f6nen Platz in der N\u00e4he!<br \/>\nIn diesem Jahr feiern wir bei ACSI 60 Jahre Inspektionsgeschichte. Die ACSI-Inspektoren gehen zum 60. Mal los, um Campingpl\u00e4tze in ganz Europa zu besuchen und Ihnen auf diese Weise aktuelle Informationen \u00fcber Ausstattung, Lage und Komfort jedes einzelnen Campingplatzes zu geben.<br \/>\nNoch g\u00fcnstiger campen mit der CampingCard ACSI-Erm\u00e4\u00dfigungskarte<br \/>\nMit dem Campingf\u00fchrer erhalten Sie die CampingCard ACSI-Erm\u00e4\u00dfigungskarte. Damit zahlen Sie nie wieder zu viel f\u00fcr Ihre Campingaufenthalte in der Nebensaison. Auf 3 000 Campingpl\u00e4tzen in Europa \u00fcbernachten Sie w\u00e4hrend des Akzeptanzzeitraums der Erm\u00e4\u00dfigungskarte zu einem festen Niedrigtarif von 15, 17, 19, 21, 23, 25 oder 27 \u20ac pro Nacht. So sparen Sie bis zu 60 % gegen\u00fcber dem normalen \u00dcbernachtungstarif!<br \/>\n<strong>Wie funktioniert die CampingCard ACSI-Erm\u00e4\u00dfigungskarte?<\/strong><br \/>\nDie CampingCard ACSI-Erm\u00e4\u00dfigungskarte liegt dem Campingf\u00fchrer bei und ist mit einem QR-Code versehen. \u00dcber den QR-Code k\u00f6nnen Sie Ihre Rabattkarte online registrieren. Wenn Sie das getan haben, kann der Campingplatz Ihre Erm\u00e4\u00dfigungskarte einscannen und Sie k\u00f6nnen besonders schnell einchecken. Zudem k\u00f6nnen Sie die R\u00fcckseite der Rabattkarte mit Ihren Daten versehen. Der Campingplatz kann diese dann manuell \u00fcbertragen. Bei Vorlage einer g\u00fcltigen Erm\u00e4\u00dfigungskarte berechnen die teilnehmenden Campingpl\u00e4tze den besonders g\u00fcnstigen Tarif f\u00fcr zwei Personen. So einfach geht\u2018s! Die teilnehmenden Campingpl\u00e4tze und ihre Akzeptanzzeitr\u00e4ume finden Sie ganz einfach im CampingCard ACSI &amp; Stellplatzf\u00fchrer.<\/p>\n<ul>\n<li><strong>Regul\u00e4r im Lieferumfang des CampingCard ACSI &amp; Stellplatzf\u00fchrers:<\/strong><\/li>\n<li>CampingCard ACSI &amp; Stellplatzf\u00fchrer 2025 (zweiteilig)<\/li>\n<li>CampingCard ACSI-Erm\u00e4\u00dfigungskarte 2025<\/li>\n<\/ul>\n","protected":false},"excerpt":{"rendered":"<p>Das ideale Handbuch f\u00fcr Wohnmobilisten! Mehr als 12 000 inspizierte Camping- und Stellpl\u00e4tze N\u00fctzliche Informationen zu Bodenbeschaffenheit, Preisen und Zahlungsm\u00f6glichkeiten Bis zu 60 % Erm\u00e4\u00dfigung in der Nebensaison auf 3 000 Campingpl\u00e4tzen Das ideale Handbuch f\u00fcr Wohnmobilisten Mehr als 12 000 j\u00e4hrlich von ACSI inspizierte Campingpl\u00e4tze und von Facile Media ausgew\u00e4hlte Wohnmobilstellpl\u00e4tze in einem Handbuch. [&hellip;]<\/p>\n","protected":false},"featured_media":213645,"template":"","meta":{"_acf_changed":false},"product_featured_cat":[],"product_brand":[3627],"product_cat":[4346],"product_tag":[],"class_list":{"0":"post-213647","1":"product","2":"type-product","3":"status-publish","4":"has-post-thumbnail","6":"product_brand-acsi-de","7":"product_cat-stellplatzfuehrer","9":"first","10":"instock","11":"taxable","12":"shipping-taxable","13":"purchasable","14":"product-type-simple"},"acf":[],"yoast_head":"<!-- This site is optimized with the Yoast SEO plugin v27.4 - https:\/\/yoast.com\/product\/yoast-seo-wordpress\/ -->\n<title>CampingCard ACSI &amp; Aires camping-cars 2025, franz\u00f6sisch - Bantam Camping AG<\/title>\n<meta name=\"robots\" content=\"index, follow, max-snippet:-1, max-image-preview:large, max-video-preview:-1\" \/>\n<link rel=\"canonical\" href=\"https:\/\/shop.bantam.ch\/de\/produkt\/campingcard-aires-camping-cars-2025-franzoesisch\/\" \/>\n<meta property=\"og:locale\" content=\"de_DE\" \/>\n<meta property=\"og:type\" content=\"article\" \/>\n<meta property=\"og:title\" content=\"CampingCard ACSI &amp; Aires camping-cars 2025, franz\u00f6sisch - Bantam Camping AG\" \/>\n<meta property=\"og:description\" content=\"Das ideale Handbuch f\u00fcr Wohnmobilisten! Mehr als 12 000 inspizierte Camping- und Stellpl\u00e4tze N\u00fctzliche Informationen zu Bodenbeschaffenheit, Preisen und Zahlungsm\u00f6glichkeiten Bis zu 60 % Erm\u00e4\u00dfigung in der Nebensaison auf 3 000 Campingpl\u00e4tzen Das ideale Handbuch f\u00fcr Wohnmobilisten Mehr als 12 000 j\u00e4hrlich von ACSI inspizierte Campingpl\u00e4tze und von Facile Media ausgew\u00e4hlte Wohnmobilstellpl\u00e4tze in einem Handbuch. [&hellip;]\" \/>\n<meta property=\"og:url\" content=\"https:\/\/shop.bantam.ch\/de\/produkt\/campingcard-aires-camping-cars-2025-franzoesisch\/\" \/>\n<meta property=\"og:site_name\" content=\"Bantam Camping AG\" \/>\n<meta property=\"article:modified_time\" content=\"2026-04-18T21:28:30+00:00\" \/>\n<meta property=\"og:image\" content=\"https:\/\/shop.bantam.ch\/wp-content\/uploads\/2025\/03\/Movera-L-9962487100.jpg\" \/>\n\t<meta property=\"og:image:width\" content=\"640\" \/>\n\t<meta property=\"og:image:height\" content=\"873\" \/>\n\t<meta property=\"og:image:type\" content=\"image\/jpeg\" \/>\n<meta name=\"twitter:card\" content=\"summary_large_image\" \/>\n<meta name=\"twitter:label1\" content=\"Gesch\u00e4tzte Lesezeit\" \/>\n\t<meta name=\"twitter:data1\" content=\"2\u00a0Minuten\" \/>\n<script type=\"application\/ld+json\" class=\"yoast-schema-graph\">{\"@context\":\"https:\\\/\\\/schema.org\",\"@graph\":[{\"@type\":\"WebPage\",\"@id\":\"https:\\\/\\\/shop.bantam.ch\\\/de\\\/produkt\\\/campingcard-aires-camping-cars-2025-franzoesisch\\\/\",\"url\":\"https:\\\/\\\/shop.bantam.ch\\\/de\\\/produkt\\\/campingcard-aires-camping-cars-2025-franzoesisch\\\/\",\"name\":\"CampingCard ACSI &amp; Aires camping-cars 2025, franz\u00f6sisch - Bantam Camping AG\",\"isPartOf\":{\"@id\":\"https:\\\/\\\/shop.bantam.ch\\\/de\\\/#website\"},\"primaryImageOfPage\":{\"@id\":\"https:\\\/\\\/shop.bantam.ch\\\/de\\\/produkt\\\/campingcard-aires-camping-cars-2025-franzoesisch\\\/#primaryimage\"},\"image\":{\"@id\":\"https:\\\/\\\/shop.bantam.ch\\\/de\\\/produkt\\\/campingcard-aires-camping-cars-2025-franzoesisch\\\/#primaryimage\"},\"thumbnailUrl\":\"https:\\\/\\\/shop.bantam.ch\\\/wp-content\\\/uploads\\\/2025\\\/03\\\/Movera-L-9962487100.jpg\",\"datePublished\":\"2025-03-14T14:35:21+00:00\",\"dateModified\":\"2026-04-18T21:28:30+00:00\",\"breadcrumb\":{\"@id\":\"https:\\\/\\\/shop.bantam.ch\\\/de\\\/produkt\\\/campingcard-aires-camping-cars-2025-franzoesisch\\\/#breadcrumb\"},\"inLanguage\":\"de\",\"potentialAction\":[{\"@type\":\"ReadAction\",\"target\":[\"https:\\\/\\\/shop.bantam.ch\\\/de\\\/produkt\\\/campingcard-aires-camping-cars-2025-franzoesisch\\\/\"]}]},{\"@type\":\"ImageObject\",\"inLanguage\":\"de\",\"@id\":\"https:\\\/\\\/shop.bantam.ch\\\/de\\\/produkt\\\/campingcard-aires-camping-cars-2025-franzoesisch\\\/#primaryimage\",\"url\":\"https:\\\/\\\/shop.bantam.ch\\\/wp-content\\\/uploads\\\/2025\\\/03\\\/Movera-L-9962487100.jpg\",\"contentUrl\":\"https:\\\/\\\/shop.bantam.ch\\\/wp-content\\\/uploads\\\/2025\\\/03\\\/Movera-L-9962487100.jpg\",\"width\":640,\"height\":873},{\"@type\":\"BreadcrumbList\",\"@id\":\"https:\\\/\\\/shop.bantam.ch\\\/de\\\/produkt\\\/campingcard-aires-camping-cars-2025-franzoesisch\\\/#breadcrumb\",\"itemListElement\":[{\"@type\":\"ListItem\",\"position\":1,\"name\":\"Accueil\",\"item\":\"https:\\\/\\\/shop.bantam.ch\\\/de\\\/\"},{\"@type\":\"ListItem\",\"position\":2,\"name\":\"Shop\",\"item\":\"https:\\\/\\\/shop.bantam.ch\\\/de\\\/shop\\\/\"},{\"@type\":\"ListItem\",\"position\":3,\"name\":\"CampingCard ACSI &amp; Aires camping-cars 2025, franz\u00f6sisch\"}]},{\"@type\":\"WebSite\",\"@id\":\"https:\\\/\\\/shop.bantam.ch\\\/de\\\/#website\",\"url\":\"https:\\\/\\\/shop.bantam.ch\\\/de\\\/\",\"name\":\"Bantam Camping AG\",\"description\":\"\",\"publisher\":{\"@id\":\"https:\\\/\\\/shop.bantam.ch\\\/de\\\/#organization\"},\"inLanguage\":\"de\"},{\"@type\":\"Organization\",\"@id\":\"https:\\\/\\\/shop.bantam.ch\\\/de\\\/#organization\",\"name\":\"Bantam Camping AG\",\"url\":\"https:\\\/\\\/shop.bantam.ch\\\/de\\\/\",\"logo\":{\"@type\":\"ImageObject\",\"inLanguage\":\"de\",\"@id\":\"https:\\\/\\\/shop.bantam.ch\\\/de\\\/#\\\/schema\\\/logo\\\/image\\\/\",\"url\":\"https:\\\/\\\/shop.bantam.ch\\\/wp-content\\\/uploads\\\/2022\\\/12\\\/bantam-logo.png\",\"contentUrl\":\"https:\\\/\\\/shop.bantam.ch\\\/wp-content\\\/uploads\\\/2022\\\/12\\\/bantam-logo.png\",\"width\":320,\"height\":71,\"caption\":\"Bantam Camping AG\"},\"image\":{\"@id\":\"https:\\\/\\\/shop.bantam.ch\\\/de\\\/#\\\/schema\\\/logo\\\/image\\\/\"}}]}<\/script>\n<!-- \/ Yoast SEO plugin. -->","yoast_head_json":{"title":"CampingCard ACSI &amp; Aires camping-cars 2025, franz\u00f6sisch - Bantam Camping AG","robots":{"index":"index","follow":"follow","max-snippet":"max-snippet:-1","max-image-preview":"max-image-preview:large","max-video-preview":"max-video-preview:-1"},"canonical":"https:\/\/shop.bantam.ch\/de\/produkt\/campingcard-aires-camping-cars-2025-franzoesisch\/","og_locale":"de_DE","og_type":"article","og_title":"CampingCard ACSI &amp; Aires camping-cars 2025, franz\u00f6sisch - Bantam Camping AG","og_description":"Das ideale Handbuch f\u00fcr Wohnmobilisten! Mehr als 12 000 inspizierte Camping- und Stellpl\u00e4tze N\u00fctzliche Informationen zu Bodenbeschaffenheit, Preisen und Zahlungsm\u00f6glichkeiten Bis zu 60 % Erm\u00e4\u00dfigung in der Nebensaison auf 3 000 Campingpl\u00e4tzen Das ideale Handbuch f\u00fcr Wohnmobilisten Mehr als 12 000 j\u00e4hrlich von ACSI inspizierte Campingpl\u00e4tze und von Facile Media ausgew\u00e4hlte Wohnmobilstellpl\u00e4tze in einem Handbuch. [&hellip;]","og_url":"https:\/\/shop.bantam.ch\/de\/produkt\/campingcard-aires-camping-cars-2025-franzoesisch\/","og_site_name":"Bantam Camping AG","article_modified_time":"2026-04-18T21:28:30+00:00","og_image":[{"width":640,"height":873,"url":"https:\/\/shop.bantam.ch\/wp-content\/uploads\/2025\/03\/Movera-L-9962487100.jpg","type":"image\/jpeg"}],"twitter_card":"summary_large_image","twitter_misc":{"Gesch\u00e4tzte Lesezeit":"2\u00a0Minuten"},"schema":{"@context":"https:\/\/schema.org","@graph":[{"@type":"WebPage","@id":"https:\/\/shop.bantam.ch\/de\/produkt\/campingcard-aires-camping-cars-2025-franzoesisch\/","url":"https:\/\/shop.bantam.ch\/de\/produkt\/campingcard-aires-camping-cars-2025-franzoesisch\/","name":"CampingCard ACSI &amp; Aires camping-cars 2025, franz\u00f6sisch - Bantam Camping AG","isPartOf":{"@id":"https:\/\/shop.bantam.ch\/de\/#website"},"primaryImageOfPage":{"@id":"https:\/\/shop.bantam.ch\/de\/produkt\/campingcard-aires-camping-cars-2025-franzoesisch\/#primaryimage"},"image":{"@id":"https:\/\/shop.bantam.ch\/de\/produkt\/campingcard-aires-camping-cars-2025-franzoesisch\/#primaryimage"},"thumbnailUrl":"https:\/\/shop.bantam.ch\/wp-content\/uploads\/2025\/03\/Movera-L-9962487100.jpg","datePublished":"2025-03-14T14:35:21+00:00","dateModified":"2026-04-18T21:28:30+00:00","breadcrumb":{"@id":"https:\/\/shop.bantam.ch\/de\/produkt\/campingcard-aires-camping-cars-2025-franzoesisch\/#breadcrumb"},"inLanguage":"de","potentialAction":[{"@type":"ReadAction","target":["https:\/\/shop.bantam.ch\/de\/produkt\/campingcard-aires-camping-cars-2025-franzoesisch\/"]}]},{"@type":"ImageObject","inLanguage":"de","@id":"https:\/\/shop.bantam.ch\/de\/produkt\/campingcard-aires-camping-cars-2025-franzoesisch\/#primaryimage","url":"https:\/\/shop.bantam.ch\/wp-content\/uploads\/2025\/03\/Movera-L-9962487100.jpg","contentUrl":"https:\/\/shop.bantam.ch\/wp-content\/uploads\/2025\/03\/Movera-L-9962487100.jpg","width":640,"height":873},{"@type":"BreadcrumbList","@id":"https:\/\/shop.bantam.ch\/de\/produkt\/campingcard-aires-camping-cars-2025-franzoesisch\/#breadcrumb","itemListElement":[{"@type":"ListItem","position":1,"name":"Accueil","item":"https:\/\/shop.bantam.ch\/de\/"},{"@type":"ListItem","position":2,"name":"Shop","item":"https:\/\/shop.bantam.ch\/de\/shop\/"},{"@type":"ListItem","position":3,"name":"CampingCard ACSI &amp; Aires camping-cars 2025, franz\u00f6sisch"}]},{"@type":"WebSite","@id":"https:\/\/shop.bantam.ch\/de\/#website","url":"https:\/\/shop.bantam.ch\/de\/","name":"Bantam Camping AG","description":"","publisher":{"@id":"https:\/\/shop.bantam.ch\/de\/#organization"},"inLanguage":"de"},{"@type":"Organization","@id":"https:\/\/shop.bantam.ch\/de\/#organization","name":"Bantam Camping AG","url":"https:\/\/shop.bantam.ch\/de\/","logo":{"@type":"ImageObject","inLanguage":"de","@id":"https:\/\/shop.bantam.ch\/de\/#\/schema\/logo\/image\/","url":"https:\/\/shop.bantam.ch\/wp-content\/uploads\/2022\/12\/bantam-logo.png","contentUrl":"https:\/\/shop.bantam.ch\/wp-content\/uploads\/2022\/12\/bantam-logo.png","width":320,"height":71,"caption":"Bantam Camping AG"},"image":{"@id":"https:\/\/shop.bantam.ch\/de\/#\/schema\/logo\/image\/"}}]}},"_links":{"self":[{"href":"https:\/\/shop.bantam.ch\/de\/wp-json\/wp\/v2\/product\/213647","targetHints":{"allow":["GET"]}}],"collection":[{"href":"https:\/\/shop.bantam.ch\/de\/wp-json\/wp\/v2\/product"}],"about":[{"href":"https:\/\/shop.bantam.ch\/de\/wp-json\/wp\/v2\/types\/product"}],"wp:featuredmedia":[{"embeddable":true,"href":"https:\/\/shop.bantam.ch\/de\/wp-json\/wp\/v2\/media\/213645"}],"wp:attachment":[{"href":"https:\/\/shop.bantam.ch\/de\/wp-json\/wp\/v2\/media?parent=213647"}],"wp:term":[{"taxonomy":"product_featured_cat","embeddable":true,"href":"https:\/\/shop.bantam.ch\/de\/wp-json\/wp\/v2\/product_featured_cat?post=213647"},{"taxonomy":"product_brand","embeddable":true,"href":"https:\/\/shop.bantam.ch\/de\/wp-json\/wp\/v2\/product_brand?post=213647"},{"taxonomy":"product_cat","embeddable":true,"href":"https:\/\/shop.bantam.ch\/de\/wp-json\/wp\/v2\/product_cat?post=213647"},{"taxonomy":"product_tag","embeddable":true,"href":"https:\/\/shop.bantam.ch\/de\/wp-json\/wp\/v2\/product_tag?post=213647"}],"curies":[{"name":"wp","href":"https:\/\/api.w.org\/{rel}","templated":true}]}}