{"id":213627,"date":"2025-03-14T15:34:56","date_gmt":"2025-03-14T14:34:56","guid":{"rendered":"https:\/\/shop.bantam.ch\/produit\/campingfuehrer-deutschland-acsi-2025\/"},"modified":"2026-05-11T23:22:52","modified_gmt":"2026-05-11T21:22:52","slug":"campingfuehrer-deutschland-acsi-2025","status":"publish","type":"product","link":"https:\/\/shop.bantam.ch\/de\/produkt\/campingfuehrer-deutschland-acsi-2025\/","title":{"rendered":"Campingf\u00fchrer Deutschland ACSI 2025"},"content":{"rendered":"<p>Finden Sie Ihren idealen Campingplatz in Deutschland und den angrenzenden L\u00e4ndern!<\/p>\n<ul>\n<li>\u00dcber 2 500 Campingpl\u00e4tze in Deutschland, der Schweiz, \u00d6sterreich, D\u00e4nemark, den Niederlanden, Belgien und Luxemburg<\/li>\n<li>Alle Campingpl\u00e4tze werden j\u00e4hrlich inspiziert<\/li>\n<li>Zuverl\u00e4ssige und aktuelle Informationen<\/li>\n<\/ul>\n<p>Inklusive Erm\u00e4\u00dfigungskarte f\u00fcr die Nebensaison: CampingCard ACSI<br \/>\nEntdecken Sie die sch\u00f6nsten Campingpl\u00e4tze in Deutschland und seinen Nachbarl\u00e4ndern!<br \/>\nF\u00fcr einen sch\u00f6nen Urlaub braucht man nicht immer in die Ferne zu reisen. Auch in Deutschland und bei den Nachbarn gibt es viel zu entdecken. Von der Nordseek\u00fcste in Holland und Belgien bis zum Schwarzwald, von den Alpen in \u00d6sterreich und der Schweiz bis zu den Ostseestr\u00e4nden im hohen Norden. Wohin Sie auch fahren m\u00f6chten, mit dem ACSI Campingf\u00fchrer Deutschland finden Sie immer die besten Campingpl\u00e4tze.<br \/>\nBeim Kauf des ACSI Campingf\u00fchrers Deutschland erhalten Sie:<br \/>\nACSI Campingf\u00fchrer Deutschland 2025<br \/>\nKarte mit Campingpl\u00e4tzen f\u00fcr die Durchreise<br \/>\nCampingCard ACSI-Erm\u00e4\u00dfigungskarte 2025 ( i.W.v. 23,95 \u20ac)<\/p>\n","protected":false},"excerpt":{"rendered":"<p>Finden Sie Ihren idealen Campingplatz in Deutschland und den angrenzenden L\u00e4ndern! \u00dcber 2 500 Campingpl\u00e4tze in Deutschland, der Schweiz, \u00d6sterreich, D\u00e4nemark, den Niederlanden, Belgien und Luxemburg Alle Campingpl\u00e4tze werden j\u00e4hrlich inspiziert Zuverl\u00e4ssige und aktuelle Informationen Inklusive Erm\u00e4\u00dfigungskarte f\u00fcr die Nebensaison: CampingCard ACSI Entdecken Sie die sch\u00f6nsten Campingpl\u00e4tze in Deutschland und seinen Nachbarl\u00e4ndern! F\u00fcr einen sch\u00f6nen [&hellip;]<\/p>\n","protected":false},"featured_media":213625,"template":"","meta":{"_acf_changed":false},"product_featured_cat":[],"product_brand":[],"product_cat":[4346],"product_tag":[],"class_list":{"0":"post-213627","1":"product","2":"type-product","3":"status-publish","4":"has-post-thumbnail","6":"product_cat-stellplatzfuehrer","8":"first","9":"instock","10":"taxable","11":"shipping-taxable","12":"purchasable","13":"product-type-simple"},"acf":[],"yoast_head":"<!-- This site is optimized with the Yoast SEO plugin v27.5 - https:\/\/yoast.com\/product\/yoast-seo-wordpress\/ -->\n<title>Campingf\u00fchrer Deutschland ACSI 2025 - Bantam<\/title>\n<meta name=\"robots\" content=\"index, follow, max-snippet:-1, max-image-preview:large, max-video-preview:-1\" \/>\n<link rel=\"canonical\" href=\"https:\/\/shop.bantam.ch\/de\/produkt\/campingfuehrer-deutschland-acsi-2025\/\" \/>\n<meta property=\"og:locale\" content=\"de_DE\" \/>\n<meta property=\"og:type\" content=\"article\" \/>\n<meta property=\"og:title\" content=\"Campingf\u00fchrer Deutschland ACSI 2025 - Bantam\" \/>\n<meta property=\"og:description\" content=\"Finden Sie Ihren idealen Campingplatz in Deutschland und den angrenzenden L\u00e4ndern! \u00dcber 2 500 Campingpl\u00e4tze in Deutschland, der Schweiz, \u00d6sterreich, D\u00e4nemark, den Niederlanden, Belgien und Luxemburg Alle Campingpl\u00e4tze werden j\u00e4hrlich inspiziert Zuverl\u00e4ssige und aktuelle Informationen Inklusive Erm\u00e4\u00dfigungskarte f\u00fcr die Nebensaison: CampingCard ACSI Entdecken Sie die sch\u00f6nsten Campingpl\u00e4tze in Deutschland und seinen Nachbarl\u00e4ndern! F\u00fcr einen sch\u00f6nen [&hellip;]\" \/>\n<meta property=\"og:url\" content=\"https:\/\/shop.bantam.ch\/de\/produkt\/campingfuehrer-deutschland-acsi-2025\/\" \/>\n<meta property=\"og:site_name\" content=\"Bantam\" \/>\n<meta property=\"article:modified_time\" content=\"2026-05-11T21:22:52+00:00\" \/>\n<meta name=\"twitter:card\" content=\"summary_large_image\" \/>\n<meta name=\"twitter:label1\" content=\"Gesch\u00e4tzte Lesezeit\" \/>\n\t<meta name=\"twitter:data1\" content=\"1\u00a0Minute\" \/>\n<script type=\"application\/ld+json\" class=\"yoast-schema-graph\">{\"@context\":\"https:\\\/\\\/schema.org\",\"@graph\":[{\"@type\":\"WebPage\",\"@id\":\"https:\\\/\\\/shop.bantam.ch\\\/de\\\/produkt\\\/campingfuehrer-deutschland-acsi-2025\\\/\",\"url\":\"https:\\\/\\\/shop.bantam.ch\\\/de\\\/produkt\\\/campingfuehrer-deutschland-acsi-2025\\\/\",\"name\":\"Campingf\u00fchrer Deutschland ACSI 2025 - Bantam\",\"isPartOf\":{\"@id\":\"https:\\\/\\\/shop.bantam.ch\\\/de\\\/#website\"},\"primaryImageOfPage\":{\"@id\":\"https:\\\/\\\/shop.bantam.ch\\\/de\\\/produkt\\\/campingfuehrer-deutschland-acsi-2025\\\/#primaryimage\"},\"image\":{\"@id\":\"https:\\\/\\\/shop.bantam.ch\\\/de\\\/produkt\\\/campingfuehrer-deutschland-acsi-2025\\\/#primaryimage\"},\"thumbnailUrl\":\"https:\\\/\\\/shop.bantam.ch\\\/wp-content\\\/uploads\\\/2025\\\/03\\\/Movera-L-9962483100.jpg\",\"datePublished\":\"2025-03-14T14:34:56+00:00\",\"dateModified\":\"2026-05-11T21:22:52+00:00\",\"breadcrumb\":{\"@id\":\"https:\\\/\\\/shop.bantam.ch\\\/de\\\/produkt\\\/campingfuehrer-deutschland-acsi-2025\\\/#breadcrumb\"},\"inLanguage\":\"de\",\"potentialAction\":[{\"@type\":\"ReadAction\",\"target\":[\"https:\\\/\\\/shop.bantam.ch\\\/de\\\/produkt\\\/campingfuehrer-deutschland-acsi-2025\\\/\"]}]},{\"@type\":\"ImageObject\",\"inLanguage\":\"de\",\"@id\":\"https:\\\/\\\/shop.bantam.ch\\\/de\\\/produkt\\\/campingfuehrer-deutschland-acsi-2025\\\/#primaryimage\",\"url\":\"https:\\\/\\\/shop.bantam.ch\\\/wp-content\\\/uploads\\\/2025\\\/03\\\/Movera-L-9962483100.jpg\",\"contentUrl\":\"https:\\\/\\\/shop.bantam.ch\\\/wp-content\\\/uploads\\\/2025\\\/03\\\/Movera-L-9962483100.jpg\",\"width\":640,\"height\":873},{\"@type\":\"BreadcrumbList\",\"@id\":\"https:\\\/\\\/shop.bantam.ch\\\/de\\\/produkt\\\/campingfuehrer-deutschland-acsi-2025\\\/#breadcrumb\",\"itemListElement\":[{\"@type\":\"ListItem\",\"position\":1,\"name\":\"Accueil\",\"item\":\"https:\\\/\\\/shop.bantam.ch\\\/de\\\/\"},{\"@type\":\"ListItem\",\"position\":2,\"name\":\"Shop\",\"item\":\"https:\\\/\\\/shop.bantam.ch\\\/de\\\/shop\\\/\"},{\"@type\":\"ListItem\",\"position\":3,\"name\":\"Campingf\u00fchrer Deutschland ACSI 2025\"}]},{\"@type\":\"WebSite\",\"@id\":\"https:\\\/\\\/shop.bantam.ch\\\/de\\\/#website\",\"url\":\"https:\\\/\\\/shop.bantam.ch\\\/de\\\/\",\"name\":\"Bantam\",\"description\":\"\",\"publisher\":{\"@id\":\"https:\\\/\\\/shop.bantam.ch\\\/de\\\/#organization\"},\"inLanguage\":\"de\"},{\"@type\":\"Organization\",\"@id\":\"https:\\\/\\\/shop.bantam.ch\\\/de\\\/#organization\",\"name\":\"Bantam\",\"url\":\"https:\\\/\\\/shop.bantam.ch\\\/de\\\/\",\"logo\":{\"@type\":\"ImageObject\",\"inLanguage\":\"de\",\"@id\":\"https:\\\/\\\/shop.bantam.ch\\\/de\\\/#\\\/schema\\\/logo\\\/image\\\/\",\"url\":\"https:\\\/\\\/shop.bantam.ch\\\/wp-content\\\/uploads\\\/2022\\\/12\\\/bantam-logo.png\",\"contentUrl\":\"https:\\\/\\\/shop.bantam.ch\\\/wp-content\\\/uploads\\\/2022\\\/12\\\/bantam-logo.png\",\"width\":320,\"height\":71,\"caption\":\"Bantam\"},\"image\":{\"@id\":\"https:\\\/\\\/shop.bantam.ch\\\/de\\\/#\\\/schema\\\/logo\\\/image\\\/\"}}]}<\/script>\n<!-- \/ Yoast SEO plugin. -->","yoast_head_json":{"title":"Campingf\u00fchrer Deutschland ACSI 2025 - Bantam","robots":{"index":"index","follow":"follow","max-snippet":"max-snippet:-1","max-image-preview":"max-image-preview:large","max-video-preview":"max-video-preview:-1"},"canonical":"https:\/\/shop.bantam.ch\/de\/produkt\/campingfuehrer-deutschland-acsi-2025\/","og_locale":"de_DE","og_type":"article","og_title":"Campingf\u00fchrer Deutschland ACSI 2025 - Bantam","og_description":"Finden Sie Ihren idealen Campingplatz in Deutschland und den angrenzenden L\u00e4ndern! \u00dcber 2 500 Campingpl\u00e4tze in Deutschland, der Schweiz, \u00d6sterreich, D\u00e4nemark, den Niederlanden, Belgien und Luxemburg Alle Campingpl\u00e4tze werden j\u00e4hrlich inspiziert Zuverl\u00e4ssige und aktuelle Informationen Inklusive Erm\u00e4\u00dfigungskarte f\u00fcr die Nebensaison: CampingCard ACSI Entdecken Sie die sch\u00f6nsten Campingpl\u00e4tze in Deutschland und seinen Nachbarl\u00e4ndern! F\u00fcr einen sch\u00f6nen [&hellip;]","og_url":"https:\/\/shop.bantam.ch\/de\/produkt\/campingfuehrer-deutschland-acsi-2025\/","og_site_name":"Bantam","article_modified_time":"2026-05-11T21:22:52+00:00","twitter_card":"summary_large_image","twitter_misc":{"Gesch\u00e4tzte Lesezeit":"1\u00a0Minute"},"schema":{"@context":"https:\/\/schema.org","@graph":[{"@type":"WebPage","@id":"https:\/\/shop.bantam.ch\/de\/produkt\/campingfuehrer-deutschland-acsi-2025\/","url":"https:\/\/shop.bantam.ch\/de\/produkt\/campingfuehrer-deutschland-acsi-2025\/","name":"Campingf\u00fchrer Deutschland ACSI 2025 - Bantam","isPartOf":{"@id":"https:\/\/shop.bantam.ch\/de\/#website"},"primaryImageOfPage":{"@id":"https:\/\/shop.bantam.ch\/de\/produkt\/campingfuehrer-deutschland-acsi-2025\/#primaryimage"},"image":{"@id":"https:\/\/shop.bantam.ch\/de\/produkt\/campingfuehrer-deutschland-acsi-2025\/#primaryimage"},"thumbnailUrl":"https:\/\/shop.bantam.ch\/wp-content\/uploads\/2025\/03\/Movera-L-9962483100.jpg","datePublished":"2025-03-14T14:34:56+00:00","dateModified":"2026-05-11T21:22:52+00:00","breadcrumb":{"@id":"https:\/\/shop.bantam.ch\/de\/produkt\/campingfuehrer-deutschland-acsi-2025\/#breadcrumb"},"inLanguage":"de","potentialAction":[{"@type":"ReadAction","target":["https:\/\/shop.bantam.ch\/de\/produkt\/campingfuehrer-deutschland-acsi-2025\/"]}]},{"@type":"ImageObject","inLanguage":"de","@id":"https:\/\/shop.bantam.ch\/de\/produkt\/campingfuehrer-deutschland-acsi-2025\/#primaryimage","url":"https:\/\/shop.bantam.ch\/wp-content\/uploads\/2025\/03\/Movera-L-9962483100.jpg","contentUrl":"https:\/\/shop.bantam.ch\/wp-content\/uploads\/2025\/03\/Movera-L-9962483100.jpg","width":640,"height":873},{"@type":"BreadcrumbList","@id":"https:\/\/shop.bantam.ch\/de\/produkt\/campingfuehrer-deutschland-acsi-2025\/#breadcrumb","itemListElement":[{"@type":"ListItem","position":1,"name":"Accueil","item":"https:\/\/shop.bantam.ch\/de\/"},{"@type":"ListItem","position":2,"name":"Shop","item":"https:\/\/shop.bantam.ch\/de\/shop\/"},{"@type":"ListItem","position":3,"name":"Campingf\u00fchrer Deutschland ACSI 2025"}]},{"@type":"WebSite","@id":"https:\/\/shop.bantam.ch\/de\/#website","url":"https:\/\/shop.bantam.ch\/de\/","name":"Bantam","description":"","publisher":{"@id":"https:\/\/shop.bantam.ch\/de\/#organization"},"inLanguage":"de"},{"@type":"Organization","@id":"https:\/\/shop.bantam.ch\/de\/#organization","name":"Bantam","url":"https:\/\/shop.bantam.ch\/de\/","logo":{"@type":"ImageObject","inLanguage":"de","@id":"https:\/\/shop.bantam.ch\/de\/#\/schema\/logo\/image\/","url":"https:\/\/shop.bantam.ch\/wp-content\/uploads\/2022\/12\/bantam-logo.png","contentUrl":"https:\/\/shop.bantam.ch\/wp-content\/uploads\/2022\/12\/bantam-logo.png","width":320,"height":71,"caption":"Bantam"},"image":{"@id":"https:\/\/shop.bantam.ch\/de\/#\/schema\/logo\/image\/"}}]}},"_links":{"self":[{"href":"https:\/\/shop.bantam.ch\/de\/wp-json\/wp\/v2\/product\/213627","targetHints":{"allow":["GET"]}}],"collection":[{"href":"https:\/\/shop.bantam.ch\/de\/wp-json\/wp\/v2\/product"}],"about":[{"href":"https:\/\/shop.bantam.ch\/de\/wp-json\/wp\/v2\/types\/product"}],"wp:featuredmedia":[{"embeddable":true,"href":"https:\/\/shop.bantam.ch\/de\/wp-json\/wp\/v2\/media\/213625"}],"wp:attachment":[{"href":"https:\/\/shop.bantam.ch\/de\/wp-json\/wp\/v2\/media?parent=213627"}],"wp:term":[{"taxonomy":"product_featured_cat","embeddable":true,"href":"https:\/\/shop.bantam.ch\/de\/wp-json\/wp\/v2\/product_featured_cat?post=213627"},{"taxonomy":"product_brand","embeddable":true,"href":"https:\/\/shop.bantam.ch\/de\/wp-json\/wp\/v2\/product_brand?post=213627"},{"taxonomy":"product_cat","embeddable":true,"href":"https:\/\/shop.bantam.ch\/de\/wp-json\/wp\/v2\/product_cat?post=213627"},{"taxonomy":"product_tag","embeddable":true,"href":"https:\/\/shop.bantam.ch\/de\/wp-json\/wp\/v2\/product_tag?post=213627"}],"curies":[{"name":"wp","href":"https:\/\/api.w.org\/{rel}","templated":true}]}}