{"id":213623,"date":"2025-03-14T15:34:50","date_gmt":"2025-03-14T14:34:50","guid":{"rendered":"https:\/\/shop.bantam.ch\/produit\/campingfuehrer-europa-acsi-2025\/"},"modified":"2026-04-20T23:25:57","modified_gmt":"2026-04-20T21:25:57","slug":"campingfuehrer-europa-acsi-2025","status":"publish","type":"product","link":"https:\/\/shop.bantam.ch\/de\/produkt\/campingfuehrer-europa-acsi-2025\/","title":{"rendered":"Campingf\u00fchrer Europa ACSI 2025"},"content":{"rendered":"<p>Der optimale Campingplatz f\u00fcr Ihren Urlaub. M\u00f6chten Sie schnell und einfach einen Campingplatz finden, der all Ihren W\u00fcnschen entspricht? Das geht mit dem zweib\u00e4ndigen ACSI Campingf\u00fchrer Europa! In diesem ultimativen Campingf\u00fchrer finden Sie alles \u00fcber nicht weniger als 7 950 Campingpl\u00e4tze in 29 verschiedenen L\u00e4ndern. \u00c4u\u00dferst praktisch bei der Vorbereitung Ihres Campingurlaubs und ideal f\u00fcr Ihre Reise.<br \/>\nFinden Sie Ihren idealen Campingplatz in Europa!<\/p>\n<ul>\n<li>7 950 Campingpl\u00e4tze in 29 L\u00e4ndern<\/li>\n<li>Alle Campingpl\u00e4tze werden j\u00e4hrlich inspiziert<\/li>\n<li>Zuverl\u00e4ssige und aktuelle Informationen<\/li>\n<li>Inklusive CampingCard ACSI-Erm\u00e4\u00dfigungskarte f\u00fcr die Nebensaison<br \/>\n\t&nbsp;<\/li>\n<\/ul>\n","protected":false},"excerpt":{"rendered":"<p>Der optimale Campingplatz f\u00fcr Ihren Urlaub. M\u00f6chten Sie schnell und einfach einen Campingplatz finden, der all Ihren W\u00fcnschen entspricht? Das geht mit dem zweib\u00e4ndigen ACSI Campingf\u00fchrer Europa! In diesem ultimativen Campingf\u00fchrer finden Sie alles \u00fcber nicht weniger als 7 950 Campingpl\u00e4tze in 29 verschiedenen L\u00e4ndern. \u00c4u\u00dferst praktisch bei der Vorbereitung Ihres Campingurlaubs und ideal f\u00fcr [&hellip;]<\/p>\n","protected":false},"featured_media":213621,"template":"","meta":{"_acf_changed":false},"product_featured_cat":[],"product_brand":[],"product_cat":[4346],"product_tag":[],"class_list":{"0":"post-213623","1":"product","2":"type-product","3":"status-publish","4":"has-post-thumbnail","6":"product_cat-stellplatzfuehrer","8":"first","9":"instock","10":"taxable","11":"shipping-taxable","12":"purchasable","13":"product-type-simple"},"acf":[],"yoast_head":"<!-- This site is optimized with the Yoast SEO plugin v27.4 - https:\/\/yoast.com\/product\/yoast-seo-wordpress\/ -->\n<title>Campingf\u00fchrer Europa ACSI 2025 - Bantam Camping AG<\/title>\n<meta name=\"robots\" content=\"index, follow, max-snippet:-1, max-image-preview:large, max-video-preview:-1\" \/>\n<link rel=\"canonical\" href=\"https:\/\/shop.bantam.ch\/de\/produkt\/campingfuehrer-europa-acsi-2025\/\" \/>\n<meta property=\"og:locale\" content=\"de_DE\" \/>\n<meta property=\"og:type\" content=\"article\" \/>\n<meta property=\"og:title\" content=\"Campingf\u00fchrer Europa ACSI 2025 - Bantam Camping AG\" \/>\n<meta property=\"og:description\" content=\"Der optimale Campingplatz f\u00fcr Ihren Urlaub. M\u00f6chten Sie schnell und einfach einen Campingplatz finden, der all Ihren W\u00fcnschen entspricht? Das geht mit dem zweib\u00e4ndigen ACSI Campingf\u00fchrer Europa! In diesem ultimativen Campingf\u00fchrer finden Sie alles \u00fcber nicht weniger als 7 950 Campingpl\u00e4tze in 29 verschiedenen L\u00e4ndern. \u00c4u\u00dferst praktisch bei der Vorbereitung Ihres Campingurlaubs und ideal f\u00fcr [&hellip;]\" \/>\n<meta property=\"og:url\" content=\"https:\/\/shop.bantam.ch\/de\/produkt\/campingfuehrer-europa-acsi-2025\/\" \/>\n<meta property=\"og:site_name\" content=\"Bantam Camping AG\" \/>\n<meta property=\"article:modified_time\" content=\"2026-04-20T21:25:57+00:00\" \/>\n<meta name=\"twitter:card\" content=\"summary_large_image\" \/>\n<script type=\"application\/ld+json\" class=\"yoast-schema-graph\">{\"@context\":\"https:\\\/\\\/schema.org\",\"@graph\":[{\"@type\":\"WebPage\",\"@id\":\"https:\\\/\\\/shop.bantam.ch\\\/de\\\/produkt\\\/campingfuehrer-europa-acsi-2025\\\/\",\"url\":\"https:\\\/\\\/shop.bantam.ch\\\/de\\\/produkt\\\/campingfuehrer-europa-acsi-2025\\\/\",\"name\":\"Campingf\u00fchrer Europa ACSI 2025 - Bantam Camping AG\",\"isPartOf\":{\"@id\":\"https:\\\/\\\/shop.bantam.ch\\\/de\\\/#website\"},\"primaryImageOfPage\":{\"@id\":\"https:\\\/\\\/shop.bantam.ch\\\/de\\\/produkt\\\/campingfuehrer-europa-acsi-2025\\\/#primaryimage\"},\"image\":{\"@id\":\"https:\\\/\\\/shop.bantam.ch\\\/de\\\/produkt\\\/campingfuehrer-europa-acsi-2025\\\/#primaryimage\"},\"thumbnailUrl\":\"https:\\\/\\\/shop.bantam.ch\\\/wp-content\\\/uploads\\\/2025\\\/03\\\/Movera-L-9962482100.jpg\",\"datePublished\":\"2025-03-14T14:34:50+00:00\",\"dateModified\":\"2026-04-20T21:25:57+00:00\",\"breadcrumb\":{\"@id\":\"https:\\\/\\\/shop.bantam.ch\\\/de\\\/produkt\\\/campingfuehrer-europa-acsi-2025\\\/#breadcrumb\"},\"inLanguage\":\"de\",\"potentialAction\":[{\"@type\":\"ReadAction\",\"target\":[\"https:\\\/\\\/shop.bantam.ch\\\/de\\\/produkt\\\/campingfuehrer-europa-acsi-2025\\\/\"]}]},{\"@type\":\"ImageObject\",\"inLanguage\":\"de\",\"@id\":\"https:\\\/\\\/shop.bantam.ch\\\/de\\\/produkt\\\/campingfuehrer-europa-acsi-2025\\\/#primaryimage\",\"url\":\"https:\\\/\\\/shop.bantam.ch\\\/wp-content\\\/uploads\\\/2025\\\/03\\\/Movera-L-9962482100.jpg\",\"contentUrl\":\"https:\\\/\\\/shop.bantam.ch\\\/wp-content\\\/uploads\\\/2025\\\/03\\\/Movera-L-9962482100.jpg\",\"width\":640,\"height\":869},{\"@type\":\"BreadcrumbList\",\"@id\":\"https:\\\/\\\/shop.bantam.ch\\\/de\\\/produkt\\\/campingfuehrer-europa-acsi-2025\\\/#breadcrumb\",\"itemListElement\":[{\"@type\":\"ListItem\",\"position\":1,\"name\":\"Accueil\",\"item\":\"https:\\\/\\\/shop.bantam.ch\\\/de\\\/\"},{\"@type\":\"ListItem\",\"position\":2,\"name\":\"Shop\",\"item\":\"https:\\\/\\\/shop.bantam.ch\\\/de\\\/shop\\\/\"},{\"@type\":\"ListItem\",\"position\":3,\"name\":\"Campingf\u00fchrer Europa ACSI 2025\"}]},{\"@type\":\"WebSite\",\"@id\":\"https:\\\/\\\/shop.bantam.ch\\\/de\\\/#website\",\"url\":\"https:\\\/\\\/shop.bantam.ch\\\/de\\\/\",\"name\":\"Bantam Camping AG\",\"description\":\"\",\"publisher\":{\"@id\":\"https:\\\/\\\/shop.bantam.ch\\\/de\\\/#organization\"},\"inLanguage\":\"de\"},{\"@type\":\"Organization\",\"@id\":\"https:\\\/\\\/shop.bantam.ch\\\/de\\\/#organization\",\"name\":\"Bantam Camping AG\",\"url\":\"https:\\\/\\\/shop.bantam.ch\\\/de\\\/\",\"logo\":{\"@type\":\"ImageObject\",\"inLanguage\":\"de\",\"@id\":\"https:\\\/\\\/shop.bantam.ch\\\/de\\\/#\\\/schema\\\/logo\\\/image\\\/\",\"url\":\"https:\\\/\\\/shop.bantam.ch\\\/wp-content\\\/uploads\\\/2022\\\/12\\\/bantam-logo.png\",\"contentUrl\":\"https:\\\/\\\/shop.bantam.ch\\\/wp-content\\\/uploads\\\/2022\\\/12\\\/bantam-logo.png\",\"width\":320,\"height\":71,\"caption\":\"Bantam Camping AG\"},\"image\":{\"@id\":\"https:\\\/\\\/shop.bantam.ch\\\/de\\\/#\\\/schema\\\/logo\\\/image\\\/\"}}]}<\/script>\n<!-- \/ Yoast SEO plugin. -->","yoast_head_json":{"title":"Campingf\u00fchrer Europa ACSI 2025 - Bantam Camping AG","robots":{"index":"index","follow":"follow","max-snippet":"max-snippet:-1","max-image-preview":"max-image-preview:large","max-video-preview":"max-video-preview:-1"},"canonical":"https:\/\/shop.bantam.ch\/de\/produkt\/campingfuehrer-europa-acsi-2025\/","og_locale":"de_DE","og_type":"article","og_title":"Campingf\u00fchrer Europa ACSI 2025 - Bantam Camping AG","og_description":"Der optimale Campingplatz f\u00fcr Ihren Urlaub. M\u00f6chten Sie schnell und einfach einen Campingplatz finden, der all Ihren W\u00fcnschen entspricht? Das geht mit dem zweib\u00e4ndigen ACSI Campingf\u00fchrer Europa! In diesem ultimativen Campingf\u00fchrer finden Sie alles \u00fcber nicht weniger als 7 950 Campingpl\u00e4tze in 29 verschiedenen L\u00e4ndern. \u00c4u\u00dferst praktisch bei der Vorbereitung Ihres Campingurlaubs und ideal f\u00fcr [&hellip;]","og_url":"https:\/\/shop.bantam.ch\/de\/produkt\/campingfuehrer-europa-acsi-2025\/","og_site_name":"Bantam Camping AG","article_modified_time":"2026-04-20T21:25:57+00:00","twitter_card":"summary_large_image","schema":{"@context":"https:\/\/schema.org","@graph":[{"@type":"WebPage","@id":"https:\/\/shop.bantam.ch\/de\/produkt\/campingfuehrer-europa-acsi-2025\/","url":"https:\/\/shop.bantam.ch\/de\/produkt\/campingfuehrer-europa-acsi-2025\/","name":"Campingf\u00fchrer Europa ACSI 2025 - Bantam Camping AG","isPartOf":{"@id":"https:\/\/shop.bantam.ch\/de\/#website"},"primaryImageOfPage":{"@id":"https:\/\/shop.bantam.ch\/de\/produkt\/campingfuehrer-europa-acsi-2025\/#primaryimage"},"image":{"@id":"https:\/\/shop.bantam.ch\/de\/produkt\/campingfuehrer-europa-acsi-2025\/#primaryimage"},"thumbnailUrl":"https:\/\/shop.bantam.ch\/wp-content\/uploads\/2025\/03\/Movera-L-9962482100.jpg","datePublished":"2025-03-14T14:34:50+00:00","dateModified":"2026-04-20T21:25:57+00:00","breadcrumb":{"@id":"https:\/\/shop.bantam.ch\/de\/produkt\/campingfuehrer-europa-acsi-2025\/#breadcrumb"},"inLanguage":"de","potentialAction":[{"@type":"ReadAction","target":["https:\/\/shop.bantam.ch\/de\/produkt\/campingfuehrer-europa-acsi-2025\/"]}]},{"@type":"ImageObject","inLanguage":"de","@id":"https:\/\/shop.bantam.ch\/de\/produkt\/campingfuehrer-europa-acsi-2025\/#primaryimage","url":"https:\/\/shop.bantam.ch\/wp-content\/uploads\/2025\/03\/Movera-L-9962482100.jpg","contentUrl":"https:\/\/shop.bantam.ch\/wp-content\/uploads\/2025\/03\/Movera-L-9962482100.jpg","width":640,"height":869},{"@type":"BreadcrumbList","@id":"https:\/\/shop.bantam.ch\/de\/produkt\/campingfuehrer-europa-acsi-2025\/#breadcrumb","itemListElement":[{"@type":"ListItem","position":1,"name":"Accueil","item":"https:\/\/shop.bantam.ch\/de\/"},{"@type":"ListItem","position":2,"name":"Shop","item":"https:\/\/shop.bantam.ch\/de\/shop\/"},{"@type":"ListItem","position":3,"name":"Campingf\u00fchrer Europa ACSI 2025"}]},{"@type":"WebSite","@id":"https:\/\/shop.bantam.ch\/de\/#website","url":"https:\/\/shop.bantam.ch\/de\/","name":"Bantam Camping AG","description":"","publisher":{"@id":"https:\/\/shop.bantam.ch\/de\/#organization"},"inLanguage":"de"},{"@type":"Organization","@id":"https:\/\/shop.bantam.ch\/de\/#organization","name":"Bantam Camping AG","url":"https:\/\/shop.bantam.ch\/de\/","logo":{"@type":"ImageObject","inLanguage":"de","@id":"https:\/\/shop.bantam.ch\/de\/#\/schema\/logo\/image\/","url":"https:\/\/shop.bantam.ch\/wp-content\/uploads\/2022\/12\/bantam-logo.png","contentUrl":"https:\/\/shop.bantam.ch\/wp-content\/uploads\/2022\/12\/bantam-logo.png","width":320,"height":71,"caption":"Bantam Camping AG"},"image":{"@id":"https:\/\/shop.bantam.ch\/de\/#\/schema\/logo\/image\/"}}]}},"_links":{"self":[{"href":"https:\/\/shop.bantam.ch\/de\/wp-json\/wp\/v2\/product\/213623","targetHints":{"allow":["GET"]}}],"collection":[{"href":"https:\/\/shop.bantam.ch\/de\/wp-json\/wp\/v2\/product"}],"about":[{"href":"https:\/\/shop.bantam.ch\/de\/wp-json\/wp\/v2\/types\/product"}],"wp:featuredmedia":[{"embeddable":true,"href":"https:\/\/shop.bantam.ch\/de\/wp-json\/wp\/v2\/media\/213621"}],"wp:attachment":[{"href":"https:\/\/shop.bantam.ch\/de\/wp-json\/wp\/v2\/media?parent=213623"}],"wp:term":[{"taxonomy":"product_featured_cat","embeddable":true,"href":"https:\/\/shop.bantam.ch\/de\/wp-json\/wp\/v2\/product_featured_cat?post=213623"},{"taxonomy":"product_brand","embeddable":true,"href":"https:\/\/shop.bantam.ch\/de\/wp-json\/wp\/v2\/product_brand?post=213623"},{"taxonomy":"product_cat","embeddable":true,"href":"https:\/\/shop.bantam.ch\/de\/wp-json\/wp\/v2\/product_cat?post=213623"},{"taxonomy":"product_tag","embeddable":true,"href":"https:\/\/shop.bantam.ch\/de\/wp-json\/wp\/v2\/product_tag?post=213623"}],"curies":[{"name":"wp","href":"https:\/\/api.w.org\/{rel}","templated":true}]}}