{"id":213615,"date":"2025-03-14T15:34:38","date_gmt":"2025-03-14T14:34:38","guid":{"rendered":"https:\/\/shop.bantam.ch\/produit\/campingcard-acsi-2025\/"},"modified":"2026-04-21T23:29:40","modified_gmt":"2026-04-21T21:29:40","slug":"campingcard-acsi-2025","status":"publish","type":"product","link":"https:\/\/shop.bantam.ch\/de\/produkt\/campingcard-acsi-2025\/","title":{"rendered":"CampingCard ACSI 2025"},"content":{"rendered":"<p>In der Nebensaison noch g\u00fcnstiger campen<\/p>\n<ul>\n<li>Sparen Sie bis zu 60% pro Nacht<\/li>\n<li>3 000 teilnehmende Campingpl\u00e4tze, j\u00e4hrlich inspiziert<\/li>\n<li>Schnelles Einchecken mit dem QR-Code auf der Erm\u00e4\u00dfigungskarte<\/li>\n<li>Rechnet sich bereits ab vier \u00dcbernachtungen<\/li>\n<li>Zahlreiche Camping-Rabatte in der Nebensaison<\/li>\n<\/ul>\n<p>Wer genie\u00dft es nicht, in der Nebensaison preiswert zu campen? Mit der CampingCard ACSI zahlen Sie nie wieder zu viel f\u00fcr Ihre \u00dcbernachtungen im Fr\u00fchjahr und Herbst. W\u00e4hrend des Akzeptanzzeitraums der Erm\u00e4\u00dfigungskarte k\u00f6nnen Sie auf 3 000 Campingpl\u00e4tzen in Europa zu einem festen Niedrigtarif von 15, 17, 19, 21, 23, 25 oder 27 \u20ac pro Nacht \u00fcbernachten. Ein tolles Angebot f\u00fcr alle Camper, die gerne auch au\u00dferhalb der Hochsaison Urlaub machen. Besonders vorteilhaft ist, dass sich der Kaufpreis innerhalb von vier N\u00e4chten amortisiert*.<\/p>\n<p>In diesem Jahr feiern wir bei ACSI 60 Jahre Inspektionsgeschichte. Die ACSI-Inspektoren gehen zum 60. Mal los, um Campingpl\u00e4tze in ganz Europa zu besuchen und Ihnen auf diese Weise aktuelle Informationen \u00fcber Ausstattung, Lage und Komfort jedes einzelnen Campingplatzes zu geben.<\/p>\n<p>Wie funktioniert die CampingCard ACSI?<\/p>\n<p>CampingCard ACSI umfasst einen Campingf\u00fchrer mit einer Erm\u00e4\u00dfigungskarte. Die Rabattkarte wird aus dem Campingf\u00fchrer genommen und ist mit einem QR-Code versehen. Mit dem QR-Code k\u00f6nnen Sie Ihre Erm\u00e4\u00dfigungskarte online registrieren. Wenn Sie das getan haben, kann der Campingplatz Ihre Rabattkarte einscannen und Sie k\u00f6nnen besonders schnell einchecken. Sie k\u00f6nnen Ihre Daten auch auf die R\u00fcckseite der Erm\u00e4\u00dfigungskarte schreiben. Der Campingplatz kann diese dann manuell \u00fcbernehmen. Bei Vorlage einer g\u00fcltigen Erm\u00e4\u00dfigungskarte berechnen die teilnehmenden Campingpl\u00e4tze den besonders g\u00fcnstigen Preis f\u00fcr zwei Personen. So einfach ist das!<br \/>\nAlle teilnehmenden Campingpl\u00e4tze finden Sie in dem zweiteiligen CampingCard ACSI-Campingf\u00fchrer. \u00dcbersichtlich nach L\u00e4ndern geordnet und mit GPS-Koordinaten f\u00fcr eine perfekte Navigation. Sie sehen sofort, was Sie \u00fcber einen Campingplatz wissen m\u00fcssen: seine Lage, die verf\u00fcgbaren Einrichtungen, den \u00dcbernachtungstarif und die Akzeptanzzeit(en) der Erm\u00e4\u00dfigungskarte. Dies kann n\u00e4mlich von Campingplatz zu Campingplatz unterschiedlich sein.<\/p>\n<p>Regul\u00e4r im Lieferumfang von CampingCard ACSI:<\/p>\n<ul>\n<li>CampingCard ACSI-Campingf\u00fchrer 2025 (zweiteilig)<\/li>\n<li>CampingCard ACSI-Erm\u00e4\u00dfigungskarte 2025<\/li>\n<li>Mini-Atlas mit allen teilnehmenden Campingpl\u00e4tzen<\/li>\n<\/ul>\n<p>*Basierend auf den normalen \u00dcbernachtungstarifen im Mai, Juni und September<\/p>\n","protected":false},"excerpt":{"rendered":"<p>In der Nebensaison noch g\u00fcnstiger campen Sparen Sie bis zu 60% pro Nacht 3 000 teilnehmende Campingpl\u00e4tze, j\u00e4hrlich inspiziert Schnelles Einchecken mit dem QR-Code auf der Erm\u00e4\u00dfigungskarte Rechnet sich bereits ab vier \u00dcbernachtungen Zahlreiche Camping-Rabatte in der Nebensaison Wer genie\u00dft es nicht, in der Nebensaison preiswert zu campen? Mit der CampingCard ACSI zahlen Sie nie [&hellip;]<\/p>\n","protected":false},"featured_media":213611,"template":"","meta":{"_acf_changed":false},"product_featured_cat":[],"product_brand":[],"product_cat":[4346],"product_tag":[],"class_list":{"0":"post-213615","1":"product","2":"type-product","3":"status-publish","4":"has-post-thumbnail","6":"product_cat-stellplatzfuehrer","8":"first","9":"instock","10":"taxable","11":"shipping-taxable","12":"purchasable","13":"product-type-simple"},"acf":[],"yoast_head":"<!-- This site is optimized with the Yoast SEO plugin v27.4 - https:\/\/yoast.com\/product\/yoast-seo-wordpress\/ -->\n<title>CampingCard ACSI 2025 - Bantam Camping AG<\/title>\n<meta name=\"robots\" content=\"index, follow, max-snippet:-1, max-image-preview:large, max-video-preview:-1\" \/>\n<link rel=\"canonical\" href=\"https:\/\/shop.bantam.ch\/de\/produkt\/campingcard-acsi-2025\/\" \/>\n<meta property=\"og:locale\" content=\"de_DE\" \/>\n<meta property=\"og:type\" content=\"article\" \/>\n<meta property=\"og:title\" content=\"CampingCard ACSI 2025 - Bantam Camping AG\" \/>\n<meta property=\"og:description\" content=\"In der Nebensaison noch g\u00fcnstiger campen Sparen Sie bis zu 60% pro Nacht 3 000 teilnehmende Campingpl\u00e4tze, j\u00e4hrlich inspiziert Schnelles Einchecken mit dem QR-Code auf der Erm\u00e4\u00dfigungskarte Rechnet sich bereits ab vier \u00dcbernachtungen Zahlreiche Camping-Rabatte in der Nebensaison Wer genie\u00dft es nicht, in der Nebensaison preiswert zu campen? Mit der CampingCard ACSI zahlen Sie nie [&hellip;]\" \/>\n<meta property=\"og:url\" content=\"https:\/\/shop.bantam.ch\/de\/produkt\/campingcard-acsi-2025\/\" \/>\n<meta property=\"og:site_name\" content=\"Bantam Camping AG\" \/>\n<meta property=\"article:modified_time\" content=\"2026-04-21T21:29:40+00:00\" \/>\n<meta name=\"twitter:card\" content=\"summary_large_image\" \/>\n<meta name=\"twitter:label1\" content=\"Gesch\u00e4tzte Lesezeit\" \/>\n\t<meta name=\"twitter:data1\" content=\"2\u00a0Minuten\" \/>\n<script type=\"application\/ld+json\" class=\"yoast-schema-graph\">{\"@context\":\"https:\\\/\\\/schema.org\",\"@graph\":[{\"@type\":\"WebPage\",\"@id\":\"https:\\\/\\\/shop.bantam.ch\\\/de\\\/produkt\\\/campingcard-acsi-2025\\\/\",\"url\":\"https:\\\/\\\/shop.bantam.ch\\\/de\\\/produkt\\\/campingcard-acsi-2025\\\/\",\"name\":\"CampingCard ACSI 2025 - Bantam Camping AG\",\"isPartOf\":{\"@id\":\"https:\\\/\\\/shop.bantam.ch\\\/de\\\/#website\"},\"primaryImageOfPage\":{\"@id\":\"https:\\\/\\\/shop.bantam.ch\\\/de\\\/produkt\\\/campingcard-acsi-2025\\\/#primaryimage\"},\"image\":{\"@id\":\"https:\\\/\\\/shop.bantam.ch\\\/de\\\/produkt\\\/campingcard-acsi-2025\\\/#primaryimage\"},\"thumbnailUrl\":\"https:\\\/\\\/shop.bantam.ch\\\/wp-content\\\/uploads\\\/2025\\\/03\\\/Movera-L-9962479100.png\",\"datePublished\":\"2025-03-14T14:34:38+00:00\",\"dateModified\":\"2026-04-21T21:29:40+00:00\",\"breadcrumb\":{\"@id\":\"https:\\\/\\\/shop.bantam.ch\\\/de\\\/produkt\\\/campingcard-acsi-2025\\\/#breadcrumb\"},\"inLanguage\":\"de\",\"potentialAction\":[{\"@type\":\"ReadAction\",\"target\":[\"https:\\\/\\\/shop.bantam.ch\\\/de\\\/produkt\\\/campingcard-acsi-2025\\\/\"]}]},{\"@type\":\"ImageObject\",\"inLanguage\":\"de\",\"@id\":\"https:\\\/\\\/shop.bantam.ch\\\/de\\\/produkt\\\/campingcard-acsi-2025\\\/#primaryimage\",\"url\":\"https:\\\/\\\/shop.bantam.ch\\\/wp-content\\\/uploads\\\/2025\\\/03\\\/Movera-L-9962479100.png\",\"contentUrl\":\"https:\\\/\\\/shop.bantam.ch\\\/wp-content\\\/uploads\\\/2025\\\/03\\\/Movera-L-9962479100.png\",\"width\":640,\"height\":821},{\"@type\":\"BreadcrumbList\",\"@id\":\"https:\\\/\\\/shop.bantam.ch\\\/de\\\/produkt\\\/campingcard-acsi-2025\\\/#breadcrumb\",\"itemListElement\":[{\"@type\":\"ListItem\",\"position\":1,\"name\":\"Accueil\",\"item\":\"https:\\\/\\\/shop.bantam.ch\\\/de\\\/\"},{\"@type\":\"ListItem\",\"position\":2,\"name\":\"Shop\",\"item\":\"https:\\\/\\\/shop.bantam.ch\\\/de\\\/shop\\\/\"},{\"@type\":\"ListItem\",\"position\":3,\"name\":\"CampingCard ACSI 2025\"}]},{\"@type\":\"WebSite\",\"@id\":\"https:\\\/\\\/shop.bantam.ch\\\/de\\\/#website\",\"url\":\"https:\\\/\\\/shop.bantam.ch\\\/de\\\/\",\"name\":\"Bantam Camping AG\",\"description\":\"\",\"publisher\":{\"@id\":\"https:\\\/\\\/shop.bantam.ch\\\/de\\\/#organization\"},\"inLanguage\":\"de\"},{\"@type\":\"Organization\",\"@id\":\"https:\\\/\\\/shop.bantam.ch\\\/de\\\/#organization\",\"name\":\"Bantam Camping AG\",\"url\":\"https:\\\/\\\/shop.bantam.ch\\\/de\\\/\",\"logo\":{\"@type\":\"ImageObject\",\"inLanguage\":\"de\",\"@id\":\"https:\\\/\\\/shop.bantam.ch\\\/de\\\/#\\\/schema\\\/logo\\\/image\\\/\",\"url\":\"https:\\\/\\\/shop.bantam.ch\\\/wp-content\\\/uploads\\\/2022\\\/12\\\/bantam-logo.png\",\"contentUrl\":\"https:\\\/\\\/shop.bantam.ch\\\/wp-content\\\/uploads\\\/2022\\\/12\\\/bantam-logo.png\",\"width\":320,\"height\":71,\"caption\":\"Bantam Camping AG\"},\"image\":{\"@id\":\"https:\\\/\\\/shop.bantam.ch\\\/de\\\/#\\\/schema\\\/logo\\\/image\\\/\"}}]}<\/script>\n<!-- \/ Yoast SEO plugin. -->","yoast_head_json":{"title":"CampingCard ACSI 2025 - Bantam Camping AG","robots":{"index":"index","follow":"follow","max-snippet":"max-snippet:-1","max-image-preview":"max-image-preview:large","max-video-preview":"max-video-preview:-1"},"canonical":"https:\/\/shop.bantam.ch\/de\/produkt\/campingcard-acsi-2025\/","og_locale":"de_DE","og_type":"article","og_title":"CampingCard ACSI 2025 - Bantam Camping AG","og_description":"In der Nebensaison noch g\u00fcnstiger campen Sparen Sie bis zu 60% pro Nacht 3 000 teilnehmende Campingpl\u00e4tze, j\u00e4hrlich inspiziert Schnelles Einchecken mit dem QR-Code auf der Erm\u00e4\u00dfigungskarte Rechnet sich bereits ab vier \u00dcbernachtungen Zahlreiche Camping-Rabatte in der Nebensaison Wer genie\u00dft es nicht, in der Nebensaison preiswert zu campen? Mit der CampingCard ACSI zahlen Sie nie [&hellip;]","og_url":"https:\/\/shop.bantam.ch\/de\/produkt\/campingcard-acsi-2025\/","og_site_name":"Bantam Camping AG","article_modified_time":"2026-04-21T21:29:40+00:00","twitter_card":"summary_large_image","twitter_misc":{"Gesch\u00e4tzte Lesezeit":"2\u00a0Minuten"},"schema":{"@context":"https:\/\/schema.org","@graph":[{"@type":"WebPage","@id":"https:\/\/shop.bantam.ch\/de\/produkt\/campingcard-acsi-2025\/","url":"https:\/\/shop.bantam.ch\/de\/produkt\/campingcard-acsi-2025\/","name":"CampingCard ACSI 2025 - Bantam Camping AG","isPartOf":{"@id":"https:\/\/shop.bantam.ch\/de\/#website"},"primaryImageOfPage":{"@id":"https:\/\/shop.bantam.ch\/de\/produkt\/campingcard-acsi-2025\/#primaryimage"},"image":{"@id":"https:\/\/shop.bantam.ch\/de\/produkt\/campingcard-acsi-2025\/#primaryimage"},"thumbnailUrl":"https:\/\/shop.bantam.ch\/wp-content\/uploads\/2025\/03\/Movera-L-9962479100.png","datePublished":"2025-03-14T14:34:38+00:00","dateModified":"2026-04-21T21:29:40+00:00","breadcrumb":{"@id":"https:\/\/shop.bantam.ch\/de\/produkt\/campingcard-acsi-2025\/#breadcrumb"},"inLanguage":"de","potentialAction":[{"@type":"ReadAction","target":["https:\/\/shop.bantam.ch\/de\/produkt\/campingcard-acsi-2025\/"]}]},{"@type":"ImageObject","inLanguage":"de","@id":"https:\/\/shop.bantam.ch\/de\/produkt\/campingcard-acsi-2025\/#primaryimage","url":"https:\/\/shop.bantam.ch\/wp-content\/uploads\/2025\/03\/Movera-L-9962479100.png","contentUrl":"https:\/\/shop.bantam.ch\/wp-content\/uploads\/2025\/03\/Movera-L-9962479100.png","width":640,"height":821},{"@type":"BreadcrumbList","@id":"https:\/\/shop.bantam.ch\/de\/produkt\/campingcard-acsi-2025\/#breadcrumb","itemListElement":[{"@type":"ListItem","position":1,"name":"Accueil","item":"https:\/\/shop.bantam.ch\/de\/"},{"@type":"ListItem","position":2,"name":"Shop","item":"https:\/\/shop.bantam.ch\/de\/shop\/"},{"@type":"ListItem","position":3,"name":"CampingCard ACSI 2025"}]},{"@type":"WebSite","@id":"https:\/\/shop.bantam.ch\/de\/#website","url":"https:\/\/shop.bantam.ch\/de\/","name":"Bantam Camping AG","description":"","publisher":{"@id":"https:\/\/shop.bantam.ch\/de\/#organization"},"inLanguage":"de"},{"@type":"Organization","@id":"https:\/\/shop.bantam.ch\/de\/#organization","name":"Bantam Camping AG","url":"https:\/\/shop.bantam.ch\/de\/","logo":{"@type":"ImageObject","inLanguage":"de","@id":"https:\/\/shop.bantam.ch\/de\/#\/schema\/logo\/image\/","url":"https:\/\/shop.bantam.ch\/wp-content\/uploads\/2022\/12\/bantam-logo.png","contentUrl":"https:\/\/shop.bantam.ch\/wp-content\/uploads\/2022\/12\/bantam-logo.png","width":320,"height":71,"caption":"Bantam Camping AG"},"image":{"@id":"https:\/\/shop.bantam.ch\/de\/#\/schema\/logo\/image\/"}}]}},"_links":{"self":[{"href":"https:\/\/shop.bantam.ch\/de\/wp-json\/wp\/v2\/product\/213615","targetHints":{"allow":["GET"]}}],"collection":[{"href":"https:\/\/shop.bantam.ch\/de\/wp-json\/wp\/v2\/product"}],"about":[{"href":"https:\/\/shop.bantam.ch\/de\/wp-json\/wp\/v2\/types\/product"}],"wp:featuredmedia":[{"embeddable":true,"href":"https:\/\/shop.bantam.ch\/de\/wp-json\/wp\/v2\/media\/213611"}],"wp:attachment":[{"href":"https:\/\/shop.bantam.ch\/de\/wp-json\/wp\/v2\/media?parent=213615"}],"wp:term":[{"taxonomy":"product_featured_cat","embeddable":true,"href":"https:\/\/shop.bantam.ch\/de\/wp-json\/wp\/v2\/product_featured_cat?post=213615"},{"taxonomy":"product_brand","embeddable":true,"href":"https:\/\/shop.bantam.ch\/de\/wp-json\/wp\/v2\/product_brand?post=213615"},{"taxonomy":"product_cat","embeddable":true,"href":"https:\/\/shop.bantam.ch\/de\/wp-json\/wp\/v2\/product_cat?post=213615"},{"taxonomy":"product_tag","embeddable":true,"href":"https:\/\/shop.bantam.ch\/de\/wp-json\/wp\/v2\/product_tag?post=213615"}],"curies":[{"name":"wp","href":"https:\/\/api.w.org\/{rel}","templated":true}]}}