{"id":213609,"date":"2025-03-14T15:34:32","date_gmt":"2025-03-14T14:34:32","guid":{"rendered":"https:\/\/shop.bantam.ch\/produit\/sand-toys-7-in-1-schildkroet\/"},"modified":"2026-05-11T23:22:45","modified_gmt":"2026-05-11T21:22:45","slug":"sand-toys-7-in-1-schildkroet","status":"publish","type":"product","link":"https:\/\/shop.bantam.ch\/de\/produkt\/sand-toys-7-in-1-schildkroet\/","title":{"rendered":"Sand Toys 7 in 1 SCHILDKR\u00d6T"},"content":{"rendered":"<p>Welche Eltern kennen nicht das Problem, dass die Reisekoffer oder das Auto fertig gepackt sind und das normalerweise sperrige Sandspielzeug noch mit in den Urlaub soll? Oder es geht auf den Spielplatz und die Tasche bzw. der Kinderwagen sind schon voll bepackt. Mit diesem kompakten und innovativen 7in1 Set pr\u00e4sentiert Schildkr\u00f6t die L\u00f6sung im praktischen Handtaschenformat. Das in Deutschland entwickelte Set ist in zwei Farbestellungen (Blau &amp; Rot) erh\u00e4ltlich und bietet mit seinem faltbaren 3 Liter Eimer und den sechs zus\u00e4tzlichen Sandspielzeugen zum Graben, Formen, Sieben und Rechen eine einzigartige und innovative Funktionalit\u00e4t.&nbsp;<br \/>\nDurch die kompakte Gr\u00f6\u00dfe (Durchmesser: 22cm \/ H\u00f6he: 8,6cm) ist das Set der ideale Begleiter und passt in fast jede Tasche, in jeden Reisekoffer oder ins noch so volle Auto. Ein \u00e4u\u00dferst robustes Produktdesign steckt in jedem Teil des patentierten Sandspielzeug-Sets. Alle Komponenten sind f\u00fcr die Nutzung \u00fcber mehrere Generationen von Kindern ausgelegt. Die qualitativ hochwertigen und biologisch unbedenklichen Materialien garantieren eine hohe Lebensdauer und geringen Umwelteinfluss.&nbsp;<\/p>\n<p>\u00dcber Schildkr\u00f6t: Die \u00fcber 100 Jahre alte deutsche Marke Schildkr\u00f6t gilt als Erfinder des Tischtennisballs. Heute bietet Schildkr\u00f6t neben Tischtennis auch eine sehr umfangreiche Funsport-, Rollsport- und Fitness-Kollektion an und gilt in gewissen Bereichen als Marktf\u00fchrer. Die Produktentwicklung erfolgt ausnahmslos in Deutschland. Die weltweiten Produktionsst\u00e4tten werden streng \u00fcberwacht und gen\u00fcgen h\u00f6chsten Sozialstandards.<\/p>\n","protected":false},"excerpt":{"rendered":"<p>Welche Eltern kennen nicht das Problem, dass die Reisekoffer oder das Auto fertig gepackt sind und das normalerweise sperrige Sandspielzeug noch mit in den Urlaub soll? Oder es geht auf den Spielplatz und die Tasche bzw. der Kinderwagen sind schon voll bepackt. Mit diesem kompakten und innovativen 7in1 Set pr\u00e4sentiert Schildkr\u00f6t die L\u00f6sung im praktischen [&hellip;]<\/p>\n","protected":false},"featured_media":213599,"template":"","meta":{"_acf_changed":false},"product_featured_cat":[],"product_brand":[],"product_cat":[4458,4048],"product_tag":[],"class_list":{"0":"post-213609","1":"product","2":"type-product","3":"status-publish","4":"has-post-thumbnail","6":"product_cat-spielzeug","7":"product_cat-strandartikel","9":"first","10":"instock","11":"taxable","12":"shipping-taxable","13":"purchasable","14":"product-type-simple"},"acf":[],"yoast_head":"<!-- This site is optimized with the Yoast SEO plugin v27.5 - https:\/\/yoast.com\/product\/yoast-seo-wordpress\/ -->\n<title>Sand Toys 7 in 1 SCHILDKR\u00d6T - Bantam<\/title>\n<meta name=\"robots\" content=\"index, follow, max-snippet:-1, max-image-preview:large, max-video-preview:-1\" \/>\n<link rel=\"canonical\" href=\"https:\/\/shop.bantam.ch\/de\/produkt\/sand-toys-7-in-1-schildkroet\/\" \/>\n<meta property=\"og:locale\" content=\"de_DE\" \/>\n<meta property=\"og:type\" content=\"article\" \/>\n<meta property=\"og:title\" content=\"Sand Toys 7 in 1 SCHILDKR\u00d6T - Bantam\" \/>\n<meta property=\"og:description\" content=\"Welche Eltern kennen nicht das Problem, dass die Reisekoffer oder das Auto fertig gepackt sind und das normalerweise sperrige Sandspielzeug noch mit in den Urlaub soll? Oder es geht auf den Spielplatz und die Tasche bzw. der Kinderwagen sind schon voll bepackt. Mit diesem kompakten und innovativen 7in1 Set pr\u00e4sentiert Schildkr\u00f6t die L\u00f6sung im praktischen [&hellip;]\" \/>\n<meta property=\"og:url\" content=\"https:\/\/shop.bantam.ch\/de\/produkt\/sand-toys-7-in-1-schildkroet\/\" \/>\n<meta property=\"og:site_name\" content=\"Bantam\" \/>\n<meta property=\"article:modified_time\" content=\"2026-05-11T21:22:45+00:00\" \/>\n<meta name=\"twitter:card\" content=\"summary_large_image\" \/>\n<meta name=\"twitter:label1\" content=\"Gesch\u00e4tzte Lesezeit\" \/>\n\t<meta name=\"twitter:data1\" content=\"1\u00a0Minute\" \/>\n<script type=\"application\/ld+json\" class=\"yoast-schema-graph\">{\"@context\":\"https:\\\/\\\/schema.org\",\"@graph\":[{\"@type\":\"WebPage\",\"@id\":\"https:\\\/\\\/shop.bantam.ch\\\/de\\\/produkt\\\/sand-toys-7-in-1-schildkroet\\\/\",\"url\":\"https:\\\/\\\/shop.bantam.ch\\\/de\\\/produkt\\\/sand-toys-7-in-1-schildkroet\\\/\",\"name\":\"Sand Toys 7 in 1 SCHILDKR\u00d6T - Bantam\",\"isPartOf\":{\"@id\":\"https:\\\/\\\/shop.bantam.ch\\\/de\\\/#website\"},\"primaryImageOfPage\":{\"@id\":\"https:\\\/\\\/shop.bantam.ch\\\/de\\\/produkt\\\/sand-toys-7-in-1-schildkroet\\\/#primaryimage\"},\"image\":{\"@id\":\"https:\\\/\\\/shop.bantam.ch\\\/de\\\/produkt\\\/sand-toys-7-in-1-schildkroet\\\/#primaryimage\"},\"thumbnailUrl\":\"https:\\\/\\\/shop.bantam.ch\\\/wp-content\\\/uploads\\\/2025\\\/03\\\/Movera-L-9962478100.jpg\",\"datePublished\":\"2025-03-14T14:34:32+00:00\",\"dateModified\":\"2026-05-11T21:22:45+00:00\",\"breadcrumb\":{\"@id\":\"https:\\\/\\\/shop.bantam.ch\\\/de\\\/produkt\\\/sand-toys-7-in-1-schildkroet\\\/#breadcrumb\"},\"inLanguage\":\"de\",\"potentialAction\":[{\"@type\":\"ReadAction\",\"target\":[\"https:\\\/\\\/shop.bantam.ch\\\/de\\\/produkt\\\/sand-toys-7-in-1-schildkroet\\\/\"]}]},{\"@type\":\"ImageObject\",\"inLanguage\":\"de\",\"@id\":\"https:\\\/\\\/shop.bantam.ch\\\/de\\\/produkt\\\/sand-toys-7-in-1-schildkroet\\\/#primaryimage\",\"url\":\"https:\\\/\\\/shop.bantam.ch\\\/wp-content\\\/uploads\\\/2025\\\/03\\\/Movera-L-9962478100.jpg\",\"contentUrl\":\"https:\\\/\\\/shop.bantam.ch\\\/wp-content\\\/uploads\\\/2025\\\/03\\\/Movera-L-9962478100.jpg\",\"width\":640,\"height\":853},{\"@type\":\"BreadcrumbList\",\"@id\":\"https:\\\/\\\/shop.bantam.ch\\\/de\\\/produkt\\\/sand-toys-7-in-1-schildkroet\\\/#breadcrumb\",\"itemListElement\":[{\"@type\":\"ListItem\",\"position\":1,\"name\":\"Accueil\",\"item\":\"https:\\\/\\\/shop.bantam.ch\\\/de\\\/\"},{\"@type\":\"ListItem\",\"position\":2,\"name\":\"Shop\",\"item\":\"https:\\\/\\\/shop.bantam.ch\\\/de\\\/shop\\\/\"},{\"@type\":\"ListItem\",\"position\":3,\"name\":\"Sand Toys 7 in 1 SCHILDKR\u00d6T\"}]},{\"@type\":\"WebSite\",\"@id\":\"https:\\\/\\\/shop.bantam.ch\\\/de\\\/#website\",\"url\":\"https:\\\/\\\/shop.bantam.ch\\\/de\\\/\",\"name\":\"Bantam\",\"description\":\"\",\"publisher\":{\"@id\":\"https:\\\/\\\/shop.bantam.ch\\\/de\\\/#organization\"},\"inLanguage\":\"de\"},{\"@type\":\"Organization\",\"@id\":\"https:\\\/\\\/shop.bantam.ch\\\/de\\\/#organization\",\"name\":\"Bantam\",\"url\":\"https:\\\/\\\/shop.bantam.ch\\\/de\\\/\",\"logo\":{\"@type\":\"ImageObject\",\"inLanguage\":\"de\",\"@id\":\"https:\\\/\\\/shop.bantam.ch\\\/de\\\/#\\\/schema\\\/logo\\\/image\\\/\",\"url\":\"https:\\\/\\\/shop.bantam.ch\\\/wp-content\\\/uploads\\\/2022\\\/12\\\/bantam-logo.png\",\"contentUrl\":\"https:\\\/\\\/shop.bantam.ch\\\/wp-content\\\/uploads\\\/2022\\\/12\\\/bantam-logo.png\",\"width\":320,\"height\":71,\"caption\":\"Bantam\"},\"image\":{\"@id\":\"https:\\\/\\\/shop.bantam.ch\\\/de\\\/#\\\/schema\\\/logo\\\/image\\\/\"}}]}<\/script>\n<!-- \/ Yoast SEO plugin. -->","yoast_head_json":{"title":"Sand Toys 7 in 1 SCHILDKR\u00d6T - Bantam","robots":{"index":"index","follow":"follow","max-snippet":"max-snippet:-1","max-image-preview":"max-image-preview:large","max-video-preview":"max-video-preview:-1"},"canonical":"https:\/\/shop.bantam.ch\/de\/produkt\/sand-toys-7-in-1-schildkroet\/","og_locale":"de_DE","og_type":"article","og_title":"Sand Toys 7 in 1 SCHILDKR\u00d6T - Bantam","og_description":"Welche Eltern kennen nicht das Problem, dass die Reisekoffer oder das Auto fertig gepackt sind und das normalerweise sperrige Sandspielzeug noch mit in den Urlaub soll? Oder es geht auf den Spielplatz und die Tasche bzw. der Kinderwagen sind schon voll bepackt. Mit diesem kompakten und innovativen 7in1 Set pr\u00e4sentiert Schildkr\u00f6t die L\u00f6sung im praktischen [&hellip;]","og_url":"https:\/\/shop.bantam.ch\/de\/produkt\/sand-toys-7-in-1-schildkroet\/","og_site_name":"Bantam","article_modified_time":"2026-05-11T21:22:45+00:00","twitter_card":"summary_large_image","twitter_misc":{"Gesch\u00e4tzte Lesezeit":"1\u00a0Minute"},"schema":{"@context":"https:\/\/schema.org","@graph":[{"@type":"WebPage","@id":"https:\/\/shop.bantam.ch\/de\/produkt\/sand-toys-7-in-1-schildkroet\/","url":"https:\/\/shop.bantam.ch\/de\/produkt\/sand-toys-7-in-1-schildkroet\/","name":"Sand Toys 7 in 1 SCHILDKR\u00d6T - Bantam","isPartOf":{"@id":"https:\/\/shop.bantam.ch\/de\/#website"},"primaryImageOfPage":{"@id":"https:\/\/shop.bantam.ch\/de\/produkt\/sand-toys-7-in-1-schildkroet\/#primaryimage"},"image":{"@id":"https:\/\/shop.bantam.ch\/de\/produkt\/sand-toys-7-in-1-schildkroet\/#primaryimage"},"thumbnailUrl":"https:\/\/shop.bantam.ch\/wp-content\/uploads\/2025\/03\/Movera-L-9962478100.jpg","datePublished":"2025-03-14T14:34:32+00:00","dateModified":"2026-05-11T21:22:45+00:00","breadcrumb":{"@id":"https:\/\/shop.bantam.ch\/de\/produkt\/sand-toys-7-in-1-schildkroet\/#breadcrumb"},"inLanguage":"de","potentialAction":[{"@type":"ReadAction","target":["https:\/\/shop.bantam.ch\/de\/produkt\/sand-toys-7-in-1-schildkroet\/"]}]},{"@type":"ImageObject","inLanguage":"de","@id":"https:\/\/shop.bantam.ch\/de\/produkt\/sand-toys-7-in-1-schildkroet\/#primaryimage","url":"https:\/\/shop.bantam.ch\/wp-content\/uploads\/2025\/03\/Movera-L-9962478100.jpg","contentUrl":"https:\/\/shop.bantam.ch\/wp-content\/uploads\/2025\/03\/Movera-L-9962478100.jpg","width":640,"height":853},{"@type":"BreadcrumbList","@id":"https:\/\/shop.bantam.ch\/de\/produkt\/sand-toys-7-in-1-schildkroet\/#breadcrumb","itemListElement":[{"@type":"ListItem","position":1,"name":"Accueil","item":"https:\/\/shop.bantam.ch\/de\/"},{"@type":"ListItem","position":2,"name":"Shop","item":"https:\/\/shop.bantam.ch\/de\/shop\/"},{"@type":"ListItem","position":3,"name":"Sand Toys 7 in 1 SCHILDKR\u00d6T"}]},{"@type":"WebSite","@id":"https:\/\/shop.bantam.ch\/de\/#website","url":"https:\/\/shop.bantam.ch\/de\/","name":"Bantam","description":"","publisher":{"@id":"https:\/\/shop.bantam.ch\/de\/#organization"},"inLanguage":"de"},{"@type":"Organization","@id":"https:\/\/shop.bantam.ch\/de\/#organization","name":"Bantam","url":"https:\/\/shop.bantam.ch\/de\/","logo":{"@type":"ImageObject","inLanguage":"de","@id":"https:\/\/shop.bantam.ch\/de\/#\/schema\/logo\/image\/","url":"https:\/\/shop.bantam.ch\/wp-content\/uploads\/2022\/12\/bantam-logo.png","contentUrl":"https:\/\/shop.bantam.ch\/wp-content\/uploads\/2022\/12\/bantam-logo.png","width":320,"height":71,"caption":"Bantam"},"image":{"@id":"https:\/\/shop.bantam.ch\/de\/#\/schema\/logo\/image\/"}}]}},"_links":{"self":[{"href":"https:\/\/shop.bantam.ch\/de\/wp-json\/wp\/v2\/product\/213609","targetHints":{"allow":["GET"]}}],"collection":[{"href":"https:\/\/shop.bantam.ch\/de\/wp-json\/wp\/v2\/product"}],"about":[{"href":"https:\/\/shop.bantam.ch\/de\/wp-json\/wp\/v2\/types\/product"}],"wp:featuredmedia":[{"embeddable":true,"href":"https:\/\/shop.bantam.ch\/de\/wp-json\/wp\/v2\/media\/213599"}],"wp:attachment":[{"href":"https:\/\/shop.bantam.ch\/de\/wp-json\/wp\/v2\/media?parent=213609"}],"wp:term":[{"taxonomy":"product_featured_cat","embeddable":true,"href":"https:\/\/shop.bantam.ch\/de\/wp-json\/wp\/v2\/product_featured_cat?post=213609"},{"taxonomy":"product_brand","embeddable":true,"href":"https:\/\/shop.bantam.ch\/de\/wp-json\/wp\/v2\/product_brand?post=213609"},{"taxonomy":"product_cat","embeddable":true,"href":"https:\/\/shop.bantam.ch\/de\/wp-json\/wp\/v2\/product_cat?post=213609"},{"taxonomy":"product_tag","embeddable":true,"href":"https:\/\/shop.bantam.ch\/de\/wp-json\/wp\/v2\/product_tag?post=213609"}],"curies":[{"name":"wp","href":"https:\/\/api.w.org\/{rel}","templated":true}]}}